{"id":19075,"date":"2025-06-10T17:47:33","date_gmt":"2025-06-10T17:47:33","guid":{"rendered":"https:\/\/vitablanca.ma\/product\/gph-myrtille-baie-200-gelules\/"},"modified":"2026-01-21T17:07:49","modified_gmt":"2026-01-21T17:07:49","slug":"gph-myrtille-baie-200-gelules","status":"publish","type":"product","link":"https:\/\/vitablanca.ma\/en\/product\/gph-myrtille-baie-200-gelules\/","title":{"rendered":"Gph Blueberry Berry 200 Capsules"},"content":{"rendered":"<h1 class=\"w-post-elm post_title us_custom_92655679 entry-title color_link_inherit\">Gph Blueberry Berry 200 Capsules<\/h1>\n<div class=\"w-post-elm post_content\">\n<strong>Organic blueberry berry,<span>\u00a0<\/span>GPH Diffusion,<span>\u00a0<\/span><\/strong><span>is a\u00a0<strong>food supplement,\u00a0<\/strong>sold<strong>\u00a0At<\/strong>\u00a0<strong>Morocco<\/strong>, rich in flavonoids and contains powerful antioxidants. It also has a high presence of carotenoids, its precursors of vitamin A.<\/span><\/p>\n<p>First, it consists of 200 organic blueberry powder capsules from organic farming. In fact, this powder contains a plant-based coating from a 100% organic product.<\/p>\n<h4>For good reason, the organic blueberry berry 200 capsules contains multiple<span>\u00a0<\/span><strong>benefits<\/strong>\u00a0:<\/h4>\n<ul>\n<li>Reduces rapid transits<\/li>\n<li>Facilitates capillary circulation<\/li>\n<li>Preserves eyes and quality of vision<\/li>\n<li>Promotes blood circulation in the capillaries<\/li>\n<li>Reduces transit when accelerated<\/li>\n<li>Maintains the mucous functions of the intestine and stomach in good condition.<\/li>\n<\/ul>\n<h3><strong>DIRECTIONS FOR USE:<\/strong><\/h3>\n<p><span>2 to 3 capsules per day with a large glass of water, during meals, without exceeding the recommended daily doses.<\/span><br \/><span>Use as part of a healthy lifestyle and a varied diet. Keep out of reach of children.<\/span><\/p>\n<h3><span>Precautions for use:<\/span><\/h3>\n<p><span>Do not exceed the recommended daily dose.<\/span><br \/><span>Keep out of reach of young children.<\/span><br \/><span>Should not replace a varied and balanced diet and a healthy lifestyle.<\/span><br \/><span>Store the product away from light, heat and humidity.<\/span><br \/><span>From 12 years old<\/span><\/p>\n<h3><span><strong>Ingredients :<\/strong><\/span><\/h3>\n<p><span>For a daily intake of 3 Blueberry Berry capsules:<\/span><br \/><span>Bilberry Berry Powder * \u2013 Vaccinium myrtillus: 750 mg<\/span><br \/><span>Tunic (Hydroxypropylmethylcellulose): 225 mg<\/span><\/p>\n<ul><\/ul>\n<\/div>","protected":false},"excerpt":{"rendered":"<p>Gph Myrtille baie 200 g\u00e9lules La Myrtille baie bio,\u00a0GPH Diffusion,\u00a0est un\u00a0compl\u00e9ment alimentaire,\u00a0vendu\u00a0au\u00a0Maroc, riche en flavono\u00efdes et renferme de puissants antioxydants. On note \u00e9galement la forte pr\u00e9sence de carot\u00e9no\u00efdes, ses pr\u00e9curseurs de la vitamine A. Tout d\u2019abord, elle se compose de 200 g\u00e9lules bio poudre de myrtilles issue d\u2019une agriculture biologique. De fait, cette poudre contient [&hellip;]<\/p>\n","protected":false},"featured_media":19072,"template":"","meta":{"om_disable_all_campaigns":false},"product_brand":[5979],"product_cat":[18,15,3366],"product_tag":[],"class_list":{"0":"post-19075","1":"product","2":"type-product","3":"status-publish","4":"has-post-thumbnail","6":"product_brand-gph-maroc-prix","7":"product_cat-beaute-sante","8":"product_cat-beaute-sante-complements-alimentaires-soins-et-bien-etre-au-meilleur-prix","9":"product_cat-complements-alimentaires-au-maroc-vitablanca","11":"first","12":"instock","13":"sale","14":"taxable","15":"shipping-taxable","16":"purchasable","17":"product-type-simple"},"yoast_head":"<!-- This site is optimized with the Yoast SEO plugin v27.3 - https:\/\/yoast.com\/product\/yoast-seo-wordpress\/ -->\n<title>Gph Myrtille baie 200 g\u00e9lules - Maroc Prix<\/title>\n<meta name=\"description\" content=\"Gph Myrtille baie 200 g\u00e9lules\" \/>\n<meta name=\"robots\" content=\"index, follow, max-snippet:-1, max-image-preview:large, max-video-preview:-1\" \/>\n<link rel=\"canonical\" href=\"https:\/\/vitablanca.ma\/en\/product\/gph-myrtille-baie-200-gelules\/\" \/>\n<meta property=\"og:locale\" content=\"en_US\" \/>\n<meta property=\"og:type\" content=\"article\" \/>\n<meta property=\"og:title\" content=\"Gph Myrtille baie 200 g\u00e9lules - Maroc Prix\" \/>\n<meta property=\"og:description\" content=\"Gph Myrtille baie 200 g\u00e9lules\" \/>\n<meta property=\"og:url\" content=\"https:\/\/vitablanca.ma\/en\/product\/gph-myrtille-baie-200-gelules\/\" \/>\n<meta property=\"og:site_name\" content=\"Vitablanca.ma &ndash; Sant&eacute;, vitalit&eacute; et bien-&ecirc;tre pour tous les Marocains\" \/>\n<meta property=\"article:publisher\" content=\"https:\/\/www.facebook.com\/profile.php?id=61576678196717\" \/>\n<meta property=\"article:modified_time\" content=\"2026-01-21T17:07:49+00:00\" \/>\n<meta property=\"og:image\" content=\"https:\/\/vitablanca.ma\/wp-content\/uploads\/2025\/06\/GPH-Myrtille-Baie-200-gelules.jpg\" \/>\n\t<meta property=\"og:image:width\" content=\"1080\" \/>\n\t<meta property=\"og:image:height\" content=\"1080\" \/>\n\t<meta property=\"og:image:type\" content=\"image\/jpeg\" \/>\n<meta name=\"twitter:card\" content=\"summary_large_image\" \/>\n<meta name=\"twitter:label1\" content=\"Est. reading time\" \/>\n\t<meta name=\"twitter:data1\" content=\"1 minute\" \/>\n<script type=\"application\/ld+json\" class=\"yoast-schema-graph\">{\"@context\":\"https:\\\/\\\/schema.org\",\"@graph\":[{\"@type\":[\"WebPage\",\"ItemPage\"],\"@id\":\"https:\\\/\\\/vitablanca.ma\\\/produit\\\/gph-myrtille-baie-200-gelules\\\/\",\"url\":\"https:\\\/\\\/vitablanca.ma\\\/produit\\\/gph-myrtille-baie-200-gelules\\\/\",\"name\":\"Gph Myrtille baie 200 g\u00e9lules - Maroc Prix\",\"isPartOf\":{\"@id\":\"https:\\\/\\\/vitablanca.ma\\\/#website\"},\"primaryImageOfPage\":{\"@id\":\"https:\\\/\\\/vitablanca.ma\\\/produit\\\/gph-myrtille-baie-200-gelules\\\/#primaryimage\"},\"image\":{\"@id\":\"https:\\\/\\\/vitablanca.ma\\\/produit\\\/gph-myrtille-baie-200-gelules\\\/#primaryimage\"},\"thumbnailUrl\":\"https:\\\/\\\/vitablanca.ma\\\/wp-content\\\/uploads\\\/2025\\\/06\\\/GPH-Myrtille-Baie-200-gelules.jpg\",\"datePublished\":\"2025-06-10T17:47:33+00:00\",\"dateModified\":\"2026-01-21T17:07:49+00:00\",\"description\":\"Gph Myrtille baie 200 g\u00e9lules\",\"breadcrumb\":{\"@id\":\"https:\\\/\\\/vitablanca.ma\\\/produit\\\/gph-myrtille-baie-200-gelules\\\/#breadcrumb\"},\"inLanguage\":\"en-US\",\"potentialAction\":[{\"@type\":\"ReadAction\",\"target\":[\"https:\\\/\\\/vitablanca.ma\\\/produit\\\/gph-myrtille-baie-200-gelules\\\/\"]}]},{\"@type\":\"ImageObject\",\"inLanguage\":\"en-US\",\"@id\":\"https:\\\/\\\/vitablanca.ma\\\/produit\\\/gph-myrtille-baie-200-gelules\\\/#primaryimage\",\"url\":\"https:\\\/\\\/vitablanca.ma\\\/wp-content\\\/uploads\\\/2025\\\/06\\\/GPH-Myrtille-Baie-200-gelules.jpg\",\"contentUrl\":\"https:\\\/\\\/vitablanca.ma\\\/wp-content\\\/uploads\\\/2025\\\/06\\\/GPH-Myrtille-Baie-200-gelules.jpg\",\"width\":1080,\"height\":1080},{\"@type\":\"BreadcrumbList\",\"@id\":\"https:\\\/\\\/vitablanca.ma\\\/produit\\\/gph-myrtille-baie-200-gelules\\\/#breadcrumb\",\"itemListElement\":[{\"@type\":\"ListItem\",\"position\":1,\"name\":\"Home\",\"item\":\"https:\\\/\\\/vitablanca.ma\\\/\"},{\"@type\":\"ListItem\",\"position\":2,\"name\":\"Tous Les Produits\",\"item\":\"https:\\\/\\\/vitablanca.ma\\\/tous-les-produits\\\/\"},{\"@type\":\"ListItem\",\"position\":3,\"name\":\"Gph Myrtille baie 200 g\u00e9lules\"}]},{\"@type\":\"WebSite\",\"@id\":\"https:\\\/\\\/vitablanca.ma\\\/#website\",\"url\":\"https:\\\/\\\/vitablanca.ma\\\/\",\"name\":\"VitaBlanca.ma | Compl\u00e9ments alimentaires, sant\u00e9 & beaut\u00e9 au Maroc\",\"description\":\"vendre vitamines et compl\u00e9ments premium des USA &amp; Canada, Nouvelle Z\u00e9lande,Maroc (NOW Foods, Solgar, Manuka). Livraison rapide partout au Maroc.\",\"publisher\":{\"@id\":\"https:\\\/\\\/vitablanca.ma\\\/#organization\"},\"alternateName\":\"VitaBlanca.ma\",\"potentialAction\":[{\"@type\":\"SearchAction\",\"target\":{\"@type\":\"EntryPoint\",\"urlTemplate\":\"https:\\\/\\\/vitablanca.ma\\\/?s={search_term_string}\"},\"query-input\":{\"@type\":\"PropertyValueSpecification\",\"valueRequired\":true,\"valueName\":\"search_term_string\"}}],\"inLanguage\":\"en-US\"},{\"@type\":\"Organization\",\"@id\":\"https:\\\/\\\/vitablanca.ma\\\/#organization\",\"name\":\"VitaBlanca\",\"url\":\"https:\\\/\\\/vitablanca.ma\\\/\",\"logo\":{\"@type\":\"ImageObject\",\"inLanguage\":\"en-US\",\"@id\":\"https:\\\/\\\/vitablanca.ma\\\/#\\\/schema\\\/logo\\\/image\\\/\",\"url\":\"https:\\\/\\\/vitablanca.ma\\\/wp-content\\\/uploads\\\/2025\\\/05\\\/cropped-vitablanca.png\",\"contentUrl\":\"https:\\\/\\\/vitablanca.ma\\\/wp-content\\\/uploads\\\/2025\\\/05\\\/cropped-vitablanca.png\",\"width\":360,\"height\":67,\"caption\":\"VitaBlanca\"},\"image\":{\"@id\":\"https:\\\/\\\/vitablanca.ma\\\/#\\\/schema\\\/logo\\\/image\\\/\"},\"sameAs\":[\"https:\\\/\\\/www.facebook.com\\\/profile.php?id=61576678196717\",\"https:\\\/\\\/www.tiktok.com\\\/@vitablanca.ma\",\"https:\\\/\\\/www.instagram.com\\\/vitablanca.ma\\\/\"]}]}<\/script>\n<!-- \/ Yoast SEO plugin. -->","yoast_head_json":{"title":"Gph Blueberry Berry 200 Capsules - Morocco Price","description":"Gph Blueberry Berry 200 Capsules","robots":{"index":"index","follow":"follow","max-snippet":"max-snippet:-1","max-image-preview":"max-image-preview:large","max-video-preview":"max-video-preview:-1"},"canonical":"https:\/\/vitablanca.ma\/en\/product\/gph-myrtille-baie-200-gelules\/","og_locale":"en_US","og_type":"article","og_title":"Gph Myrtille baie 200 g\u00e9lules - Maroc Prix","og_description":"Gph Myrtille baie 200 g\u00e9lules","og_url":"https:\/\/vitablanca.ma\/en\/product\/gph-myrtille-baie-200-gelules\/","og_site_name":"Vitablanca.ma &ndash; Sant&eacute;, vitalit&eacute; et bien-&ecirc;tre pour tous les Marocains","article_publisher":"https:\/\/www.facebook.com\/profile.php?id=61576678196717","article_modified_time":"2026-01-21T17:07:49+00:00","og_image":[{"width":1080,"height":1080,"url":"https:\/\/vitablanca.ma\/wp-content\/uploads\/2025\/06\/GPH-Myrtille-Baie-200-gelules.jpg","type":"image\/jpeg"}],"twitter_card":"summary_large_image","twitter_misc":{"Est. reading time":"1 minute"},"schema":{"@context":"https:\/\/schema.org","@graph":[{"@type":["WebPage","ItemPage"],"@id":"https:\/\/vitablanca.ma\/produit\/gph-myrtille-baie-200-gelules\/","url":"https:\/\/vitablanca.ma\/produit\/gph-myrtille-baie-200-gelules\/","name":"Gph Blueberry Berry 200 Capsules - Morocco Price","isPartOf":{"@id":"https:\/\/vitablanca.ma\/#website"},"primaryImageOfPage":{"@id":"https:\/\/vitablanca.ma\/produit\/gph-myrtille-baie-200-gelules\/#primaryimage"},"image":{"@id":"https:\/\/vitablanca.ma\/produit\/gph-myrtille-baie-200-gelules\/#primaryimage"},"thumbnailUrl":"https:\/\/vitablanca.ma\/wp-content\/uploads\/2025\/06\/GPH-Myrtille-Baie-200-gelules.jpg","datePublished":"2025-06-10T17:47:33+00:00","dateModified":"2026-01-21T17:07:49+00:00","description":"Gph Blueberry Berry 200 Capsules","breadcrumb":{"@id":"https:\/\/vitablanca.ma\/produit\/gph-myrtille-baie-200-gelules\/#breadcrumb"},"inLanguage":"en-US","potentialAction":[{"@type":"ReadAction","target":["https:\/\/vitablanca.ma\/produit\/gph-myrtille-baie-200-gelules\/"]}]},{"@type":"ImageObject","inLanguage":"en-US","@id":"https:\/\/vitablanca.ma\/produit\/gph-myrtille-baie-200-gelules\/#primaryimage","url":"https:\/\/vitablanca.ma\/wp-content\/uploads\/2025\/06\/GPH-Myrtille-Baie-200-gelules.jpg","contentUrl":"https:\/\/vitablanca.ma\/wp-content\/uploads\/2025\/06\/GPH-Myrtille-Baie-200-gelules.jpg","width":1080,"height":1080},{"@type":"BreadcrumbList","@id":"https:\/\/vitablanca.ma\/produit\/gph-myrtille-baie-200-gelules\/#breadcrumb","itemListElement":[{"@type":"ListItem","position":1,"name":"Home","item":"https:\/\/vitablanca.ma\/"},{"@type":"ListItem","position":2,"name":"Tous Les Produits","item":"https:\/\/vitablanca.ma\/tous-les-produits\/"},{"@type":"ListItem","position":3,"name":"Gph Myrtille baie 200 g\u00e9lules"}]},{"@type":"WebSite","@id":"https:\/\/vitablanca.ma\/#website","url":"https:\/\/vitablanca.ma\/","name":"VitaBlanca.ma | Food supplements, health &amp; beauty in Morocco","description":"sell premium vitamins and supplements from USA &amp; Canada, New Zealand, Morocco (NOW Foods, Solgar, Manuka). Fast delivery anywhere in Morocco.","publisher":{"@id":"https:\/\/vitablanca.ma\/#organization"},"alternateName":"VitaBlanca.ma","potentialAction":[{"@type":"SearchAction","target":{"@type":"EntryPoint","urlTemplate":"https:\/\/vitablanca.ma\/?s={search_term_string}"},"query-input":{"@type":"PropertyValueSpecification","valueRequired":true,"valueName":"search_term_string"}}],"inLanguage":"en-US"},{"@type":"Organization","@id":"https:\/\/vitablanca.ma\/#organization","name":"VitaBlanca","url":"https:\/\/vitablanca.ma\/","logo":{"@type":"ImageObject","inLanguage":"en-US","@id":"https:\/\/vitablanca.ma\/#\/schema\/logo\/image\/","url":"https:\/\/vitablanca.ma\/wp-content\/uploads\/2025\/05\/cropped-vitablanca.png","contentUrl":"https:\/\/vitablanca.ma\/wp-content\/uploads\/2025\/05\/cropped-vitablanca.png","width":360,"height":67,"caption":"VitaBlanca"},"image":{"@id":"https:\/\/vitablanca.ma\/#\/schema\/logo\/image\/"},"sameAs":["https:\/\/www.facebook.com\/profile.php?id=61576678196717","https:\/\/www.tiktok.com\/@vitablanca.ma","https:\/\/www.instagram.com\/vitablanca.ma\/"]}]}},"jetpack_sharing_enabled":true,"_links":{"self":[{"href":"https:\/\/vitablanca.ma\/en\/wp-json\/wp\/v2\/product\/19075","targetHints":{"allow":["GET"]}}],"collection":[{"href":"https:\/\/vitablanca.ma\/en\/wp-json\/wp\/v2\/product"}],"about":[{"href":"https:\/\/vitablanca.ma\/en\/wp-json\/wp\/v2\/types\/product"}],"wp:featuredmedia":[{"embeddable":true,"href":"https:\/\/vitablanca.ma\/en\/wp-json\/wp\/v2\/media\/19072"}],"wp:attachment":[{"href":"https:\/\/vitablanca.ma\/en\/wp-json\/wp\/v2\/media?parent=19075"}],"wp:term":[{"taxonomy":"product_brand","embeddable":true,"href":"https:\/\/vitablanca.ma\/en\/wp-json\/wp\/v2\/product_brand?post=19075"},{"taxonomy":"product_cat","embeddable":true,"href":"https:\/\/vitablanca.ma\/en\/wp-json\/wp\/v2\/product_cat?post=19075"},{"taxonomy":"product_tag","embeddable":true,"href":"https:\/\/vitablanca.ma\/en\/wp-json\/wp\/v2\/product_tag?post=19075"}],"curies":[{"name":"wp","href":"https:\/\/api.w.org\/{rel}","templated":true}]}}