{"id":19073,"date":"2025-06-10T17:47:27","date_gmt":"2025-06-10T17:47:27","guid":{"rendered":"https:\/\/vitablanca.ma\/product\/gum-soft-picks-advanced-large-30pcs-651\/"},"modified":"2025-06-10T17:47:27","modified_gmt":"2025-06-10T17:47:27","slug":"gum-soft-picks-advanced-large-30pcs-651","status":"publish","type":"product","link":"https:\/\/vitablanca.ma\/en\/product\/gum-soft-picks-advanced-large-30pcs-651\/","title":{"rendered":"Gum Soft Picks Advanced Large 30pcs 651"},"content":{"rendered":"<h1 class=\"text-2xl md:text-3xl md:leading-[42px] pr-2\" data-mce-fragment=\"1\">Gum Soft Picks Advanced Large 30pcs 651<\/h1>\n<p>GUM SOFT-PICKS ADVANCED est le plus pratique de nos accessoires de nettoyage interdentaire. Doux et facile \u00e0 utiliser, ce b\u00e2tonnet jetable dot\u00e9 de brins souples en caoutchouc assure un nettoyage complet entre vos dents. Gr\u00e2ce \u00e0 son design incurv\u00e9, moderne et ergonomique, il peut facilement atteindre toute la bouche, y compris les zones difficiles d\u2019acc\u00e8s telles que les dents du fond.<\/p>\n<p>Ce b\u00e2tonnet est un point de d\u00e9part id\u00e9al pour le nettoyage interdentaire et un excellent choix si vous avez des espaces larges,\u00a0 \u00eates porteur d\u2019un appareil orthodontique, de bridges ou avez des gencives fragiles.<\/p>\n<h3>Conseils d&rsquo;utilisation :<\/h3>\n<p><span>Utilisez la brosse \u00e0 dents Gum Duo Super Tip 463 au moins deux fois par jour, en effectuant des mouvements doux et circulaires le long de la ligne des gencives et sur toutes les surfaces des dents. Brossez-vous les dents pendant au moins deux minutes \u00e0 chaque utilisation. Renouvelez la brosse \u00e0 dents tous les 3 mois ou d\u00e8s que les poils sont us\u00e9s pour garantir un nettoyage efficace.<\/span><\/p>\n","protected":false},"excerpt":{"rendered":"<p>Gum Soft Picks Advanced Large 30pcs 651 GUM SOFT-PICKS ADVANCED est le plus pratique de nos accessoires de nettoyage interdentaire. Doux et facile \u00e0 utiliser, ce b\u00e2tonnet jetable dot\u00e9 de brins souples en caoutchouc assure un nettoyage complet entre vos dents. Gr\u00e2ce \u00e0 son design incurv\u00e9, moderne et ergonomique, il peut facilement atteindre toute la [&hellip;]<\/p>\n","protected":false},"featured_media":19070,"template":"","meta":{"om_disable_all_campaigns":false},"product_brand":[],"product_cat":[15],"product_tag":[],"class_list":{"0":"post-19073","1":"product","2":"type-product","3":"status-publish","4":"has-post-thumbnail","6":"product_cat-beaute-sante-complements-alimentaires-soins-et-bien-etre-au-meilleur-prix","8":"first","9":"instock","10":"sale","11":"taxable","12":"shipping-taxable","13":"purchasable","14":"product-type-simple"},"yoast_head":"<!-- This site is optimized with the Yoast SEO plugin v27.3 - https:\/\/yoast.com\/product\/yoast-seo-wordpress\/ -->\n<title>Gum Soft Picks Advanced Large 30pcs 651 - Maroc Prix<\/title>\n<meta name=\"description\" content=\"Gum Soft Picks Advanced Large 30pcs 651\" \/>\n<meta name=\"robots\" content=\"index, follow, max-snippet:-1, max-image-preview:large, max-video-preview:-1\" \/>\n<link rel=\"canonical\" href=\"https:\/\/vitablanca.ma\/en\/product\/gum-soft-picks-advanced-large-30pcs-651\/\" \/>\n<meta property=\"og:locale\" content=\"en_US\" \/>\n<meta property=\"og:type\" content=\"article\" \/>\n<meta property=\"og:title\" content=\"Gum Soft Picks Advanced Large 30pcs 651 - Maroc Prix\" \/>\n<meta property=\"og:description\" content=\"Gum Soft Picks Advanced Large 30pcs 651\" \/>\n<meta property=\"og:url\" content=\"https:\/\/vitablanca.ma\/en\/product\/gum-soft-picks-advanced-large-30pcs-651\/\" \/>\n<meta property=\"og:site_name\" content=\"Vitablanca.ma &ndash; Sant&eacute;, vitalit&eacute; et bien-&ecirc;tre pour tous les Marocains\" \/>\n<meta property=\"article:publisher\" content=\"https:\/\/www.facebook.com\/profile.php?id=61576678196717\" \/>\n<meta property=\"og:image\" content=\"https:\/\/vitablanca.ma\/wp-content\/uploads\/2025\/06\/Soft-pick-advanced-Large-651.jpg\" \/>\n\t<meta property=\"og:image:width\" content=\"1000\" \/>\n\t<meta property=\"og:image:height\" content=\"1000\" \/>\n\t<meta property=\"og:image:type\" content=\"image\/jpeg\" \/>\n<meta name=\"twitter:card\" content=\"summary_large_image\" \/>\n<meta name=\"twitter:label1\" content=\"Est. reading time\" \/>\n\t<meta name=\"twitter:data1\" content=\"1 minute\" \/>\n<script type=\"application\/ld+json\" class=\"yoast-schema-graph\">{\"@context\":\"https:\\\/\\\/schema.org\",\"@graph\":[{\"@type\":[\"WebPage\",\"ItemPage\"],\"@id\":\"https:\\\/\\\/vitablanca.ma\\\/produit\\\/gum-soft-picks-advanced-large-30pcs-651\\\/\",\"url\":\"https:\\\/\\\/vitablanca.ma\\\/produit\\\/gum-soft-picks-advanced-large-30pcs-651\\\/\",\"name\":\"Gum Soft Picks Advanced Large 30pcs 651 - Maroc Prix\",\"isPartOf\":{\"@id\":\"https:\\\/\\\/vitablanca.ma\\\/#website\"},\"primaryImageOfPage\":{\"@id\":\"https:\\\/\\\/vitablanca.ma\\\/produit\\\/gum-soft-picks-advanced-large-30pcs-651\\\/#primaryimage\"},\"image\":{\"@id\":\"https:\\\/\\\/vitablanca.ma\\\/produit\\\/gum-soft-picks-advanced-large-30pcs-651\\\/#primaryimage\"},\"thumbnailUrl\":\"https:\\\/\\\/vitablanca.ma\\\/wp-content\\\/uploads\\\/2025\\\/06\\\/Soft-pick-advanced-Large-651.jpg\",\"datePublished\":\"2025-06-10T17:47:27+00:00\",\"description\":\"Gum Soft Picks Advanced Large 30pcs 651\",\"breadcrumb\":{\"@id\":\"https:\\\/\\\/vitablanca.ma\\\/produit\\\/gum-soft-picks-advanced-large-30pcs-651\\\/#breadcrumb\"},\"inLanguage\":\"en-US\",\"potentialAction\":[{\"@type\":\"ReadAction\",\"target\":[\"https:\\\/\\\/vitablanca.ma\\\/produit\\\/gum-soft-picks-advanced-large-30pcs-651\\\/\"]}]},{\"@type\":\"ImageObject\",\"inLanguage\":\"en-US\",\"@id\":\"https:\\\/\\\/vitablanca.ma\\\/produit\\\/gum-soft-picks-advanced-large-30pcs-651\\\/#primaryimage\",\"url\":\"https:\\\/\\\/vitablanca.ma\\\/wp-content\\\/uploads\\\/2025\\\/06\\\/Soft-pick-advanced-Large-651.jpg\",\"contentUrl\":\"https:\\\/\\\/vitablanca.ma\\\/wp-content\\\/uploads\\\/2025\\\/06\\\/Soft-pick-advanced-Large-651.jpg\",\"width\":1000,\"height\":1000},{\"@type\":\"BreadcrumbList\",\"@id\":\"https:\\\/\\\/vitablanca.ma\\\/produit\\\/gum-soft-picks-advanced-large-30pcs-651\\\/#breadcrumb\",\"itemListElement\":[{\"@type\":\"ListItem\",\"position\":1,\"name\":\"Home\",\"item\":\"https:\\\/\\\/vitablanca.ma\\\/\"},{\"@type\":\"ListItem\",\"position\":2,\"name\":\"Tous Les Produits\",\"item\":\"https:\\\/\\\/vitablanca.ma\\\/tous-les-produits\\\/\"},{\"@type\":\"ListItem\",\"position\":3,\"name\":\"Gum Soft Picks Advanced Large 30pcs 651\"}]},{\"@type\":\"WebSite\",\"@id\":\"https:\\\/\\\/vitablanca.ma\\\/#website\",\"url\":\"https:\\\/\\\/vitablanca.ma\\\/\",\"name\":\"VitaBlanca.ma | Compl\u00e9ments alimentaires, sant\u00e9 & beaut\u00e9 au Maroc\",\"description\":\"vendre vitamines et compl\u00e9ments premium des USA &amp; Canada, Nouvelle Z\u00e9lande,Maroc (NOW Foods, Solgar, Manuka). Livraison rapide partout au Maroc.\",\"publisher\":{\"@id\":\"https:\\\/\\\/vitablanca.ma\\\/#organization\"},\"alternateName\":\"VitaBlanca.ma\",\"potentialAction\":[{\"@type\":\"SearchAction\",\"target\":{\"@type\":\"EntryPoint\",\"urlTemplate\":\"https:\\\/\\\/vitablanca.ma\\\/?s={search_term_string}\"},\"query-input\":{\"@type\":\"PropertyValueSpecification\",\"valueRequired\":true,\"valueName\":\"search_term_string\"}}],\"inLanguage\":\"en-US\"},{\"@type\":\"Organization\",\"@id\":\"https:\\\/\\\/vitablanca.ma\\\/#organization\",\"name\":\"VitaBlanca\",\"url\":\"https:\\\/\\\/vitablanca.ma\\\/\",\"logo\":{\"@type\":\"ImageObject\",\"inLanguage\":\"en-US\",\"@id\":\"https:\\\/\\\/vitablanca.ma\\\/#\\\/schema\\\/logo\\\/image\\\/\",\"url\":\"https:\\\/\\\/vitablanca.ma\\\/wp-content\\\/uploads\\\/2025\\\/05\\\/cropped-vitablanca.png\",\"contentUrl\":\"https:\\\/\\\/vitablanca.ma\\\/wp-content\\\/uploads\\\/2025\\\/05\\\/cropped-vitablanca.png\",\"width\":360,\"height\":67,\"caption\":\"VitaBlanca\"},\"image\":{\"@id\":\"https:\\\/\\\/vitablanca.ma\\\/#\\\/schema\\\/logo\\\/image\\\/\"},\"sameAs\":[\"https:\\\/\\\/www.facebook.com\\\/profile.php?id=61576678196717\",\"https:\\\/\\\/www.tiktok.com\\\/@vitablanca.ma\",\"https:\\\/\\\/www.instagram.com\\\/vitablanca.ma\\\/\"]}]}<\/script>\n<!-- \/ Yoast SEO plugin. -->","yoast_head_json":{"title":"Gum Soft Picks Advanced Large 30pcs 651 - Morocco Price","description":"Gum Soft Picks Advanced Large 30pcs 651","robots":{"index":"index","follow":"follow","max-snippet":"max-snippet:-1","max-image-preview":"max-image-preview:large","max-video-preview":"max-video-preview:-1"},"canonical":"https:\/\/vitablanca.ma\/en\/product\/gum-soft-picks-advanced-large-30pcs-651\/","og_locale":"en_US","og_type":"article","og_title":"Gum Soft Picks Advanced Large 30pcs 651 - Maroc Prix","og_description":"Gum Soft Picks Advanced Large 30pcs 651","og_url":"https:\/\/vitablanca.ma\/en\/product\/gum-soft-picks-advanced-large-30pcs-651\/","og_site_name":"Vitablanca.ma &ndash; Sant&eacute;, vitalit&eacute; et bien-&ecirc;tre pour tous les Marocains","article_publisher":"https:\/\/www.facebook.com\/profile.php?id=61576678196717","og_image":[{"width":1000,"height":1000,"url":"https:\/\/vitablanca.ma\/wp-content\/uploads\/2025\/06\/Soft-pick-advanced-Large-651.jpg","type":"image\/jpeg"}],"twitter_card":"summary_large_image","twitter_misc":{"Est. reading time":"1 minute"},"schema":{"@context":"https:\/\/schema.org","@graph":[{"@type":["WebPage","ItemPage"],"@id":"https:\/\/vitablanca.ma\/produit\/gum-soft-picks-advanced-large-30pcs-651\/","url":"https:\/\/vitablanca.ma\/produit\/gum-soft-picks-advanced-large-30pcs-651\/","name":"Gum Soft Picks Advanced Large 30pcs 651 - Morocco Price","isPartOf":{"@id":"https:\/\/vitablanca.ma\/#website"},"primaryImageOfPage":{"@id":"https:\/\/vitablanca.ma\/produit\/gum-soft-picks-advanced-large-30pcs-651\/#primaryimage"},"image":{"@id":"https:\/\/vitablanca.ma\/produit\/gum-soft-picks-advanced-large-30pcs-651\/#primaryimage"},"thumbnailUrl":"https:\/\/vitablanca.ma\/wp-content\/uploads\/2025\/06\/Soft-pick-advanced-Large-651.jpg","datePublished":"2025-06-10T17:47:27+00:00","description":"Gum Soft Picks Advanced Large 30pcs 651","breadcrumb":{"@id":"https:\/\/vitablanca.ma\/produit\/gum-soft-picks-advanced-large-30pcs-651\/#breadcrumb"},"inLanguage":"en-US","potentialAction":[{"@type":"ReadAction","target":["https:\/\/vitablanca.ma\/produit\/gum-soft-picks-advanced-large-30pcs-651\/"]}]},{"@type":"ImageObject","inLanguage":"en-US","@id":"https:\/\/vitablanca.ma\/produit\/gum-soft-picks-advanced-large-30pcs-651\/#primaryimage","url":"https:\/\/vitablanca.ma\/wp-content\/uploads\/2025\/06\/Soft-pick-advanced-Large-651.jpg","contentUrl":"https:\/\/vitablanca.ma\/wp-content\/uploads\/2025\/06\/Soft-pick-advanced-Large-651.jpg","width":1000,"height":1000},{"@type":"BreadcrumbList","@id":"https:\/\/vitablanca.ma\/produit\/gum-soft-picks-advanced-large-30pcs-651\/#breadcrumb","itemListElement":[{"@type":"ListItem","position":1,"name":"Home","item":"https:\/\/vitablanca.ma\/"},{"@type":"ListItem","position":2,"name":"Tous Les Produits","item":"https:\/\/vitablanca.ma\/tous-les-produits\/"},{"@type":"ListItem","position":3,"name":"Gum Soft Picks Advanced Large 30pcs 651"}]},{"@type":"WebSite","@id":"https:\/\/vitablanca.ma\/#website","url":"https:\/\/vitablanca.ma\/","name":"VitaBlanca.ma | Food supplements, health &amp; beauty in Morocco","description":"sell premium vitamins and supplements from USA &amp; Canada, New Zealand, Morocco (NOW Foods, Solgar, Manuka). Fast delivery anywhere in Morocco.","publisher":{"@id":"https:\/\/vitablanca.ma\/#organization"},"alternateName":"VitaBlanca.ma","potentialAction":[{"@type":"SearchAction","target":{"@type":"EntryPoint","urlTemplate":"https:\/\/vitablanca.ma\/?s={search_term_string}"},"query-input":{"@type":"PropertyValueSpecification","valueRequired":true,"valueName":"search_term_string"}}],"inLanguage":"en-US"},{"@type":"Organization","@id":"https:\/\/vitablanca.ma\/#organization","name":"VitaBlanca","url":"https:\/\/vitablanca.ma\/","logo":{"@type":"ImageObject","inLanguage":"en-US","@id":"https:\/\/vitablanca.ma\/#\/schema\/logo\/image\/","url":"https:\/\/vitablanca.ma\/wp-content\/uploads\/2025\/05\/cropped-vitablanca.png","contentUrl":"https:\/\/vitablanca.ma\/wp-content\/uploads\/2025\/05\/cropped-vitablanca.png","width":360,"height":67,"caption":"VitaBlanca"},"image":{"@id":"https:\/\/vitablanca.ma\/#\/schema\/logo\/image\/"},"sameAs":["https:\/\/www.facebook.com\/profile.php?id=61576678196717","https:\/\/www.tiktok.com\/@vitablanca.ma","https:\/\/www.instagram.com\/vitablanca.ma\/"]}]}},"jetpack_sharing_enabled":true,"_links":{"self":[{"href":"https:\/\/vitablanca.ma\/en\/wp-json\/wp\/v2\/product\/19073","targetHints":{"allow":["GET"]}}],"collection":[{"href":"https:\/\/vitablanca.ma\/en\/wp-json\/wp\/v2\/product"}],"about":[{"href":"https:\/\/vitablanca.ma\/en\/wp-json\/wp\/v2\/types\/product"}],"wp:featuredmedia":[{"embeddable":true,"href":"https:\/\/vitablanca.ma\/en\/wp-json\/wp\/v2\/media\/19070"}],"wp:attachment":[{"href":"https:\/\/vitablanca.ma\/en\/wp-json\/wp\/v2\/media?parent=19073"}],"wp:term":[{"taxonomy":"product_brand","embeddable":true,"href":"https:\/\/vitablanca.ma\/en\/wp-json\/wp\/v2\/product_brand?post=19073"},{"taxonomy":"product_cat","embeddable":true,"href":"https:\/\/vitablanca.ma\/en\/wp-json\/wp\/v2\/product_cat?post=19073"},{"taxonomy":"product_tag","embeddable":true,"href":"https:\/\/vitablanca.ma\/en\/wp-json\/wp\/v2\/product_tag?post=19073"}],"curies":[{"name":"wp","href":"https:\/\/api.w.org\/{rel}","templated":true}]}}