{"id":19071,"date":"2025-06-10T17:47:22","date_gmt":"2025-06-10T17:47:22","guid":{"rendered":"https:\/\/vitablanca.ma\/product\/isdin-glicuisdin-8-soft-cream-50g\/"},"modified":"2025-06-10T17:47:22","modified_gmt":"2025-06-10T17:47:22","slug":"isdin-glicuisdin-8-soft-cream-50g","status":"publish","type":"product","link":"https:\/\/vitablanca.ma\/en\/product\/isdin-glicuisdin-8-soft-cream-50g\/","title":{"rendered":"Isdin Glicuisdin 8 Soft Cream 50g"},"content":{"rendered":"<h2>Isdin Glicuisdin 8 Soft Cream<\/h2>\n<p>50g<\/p>\n<p class=\"fs--xlarge text-center text-md-left ff--alt fw-light\"><span>Glycolic Acid Exfoliating Face Cream<\/span><\/p>\n<h3 class=\"fs--xlarge text-center text-md-left ff--alt fw-light\"><span>Description:<\/span><\/h3>\n<div class=\"_l-marginb--medium\">\n<p class=\"fs-md--large\"><span>A regenerating face cream designed to help refine skin texture and smooth the appearance of fine lines.<span>\u00a0<\/span>Its light-textured formula contains 3,2 % free glycolic acid to actively exfoliate and promote skin renewal.<span>\u00a0<\/span>Created with borage oil to improve skin elasticity and hydration.<span>\u00a0<\/span>Enjoy your brightest complexion yet with Glicoisdin Soft Cream.<\/span><\/p>\n<h3 class=\"title--section text-center d-none d-md-block _l-paddingt--large _l-paddingb--small\"><span>BENEFITS<\/span><\/h3>\n<div class=\"_m-pdp-wrapper\">\n<div class=\"_l-marginb-md--medium\">\n<div class=\"text-md-center _l-marginx-md--large\">\n<div class=\"row\">\n<div class=\"offset-md-1 col-md-10\">\n<div class=\"_l-paddingb--medium\">\n<p class=\"h3 _l-paddingb--medium\"><strong>Reveal your best skin yet<\/strong><\/p>\n<div class=\"row\">\n<div class=\"offset-md-2 col-md-8\">\n<p><span>This rejuvenating face cream combines the exfoliating power of glycolic acid with the moisturizing properties of borage oil.<span>\u00a0<\/span>Designed for all skin types, especially dry.<\/span><\/p>\n<h3 class=\"title--section text-center d-none d-md-block _l-paddingt--large _l-paddingb--small\"><span>INGREDIENTS<\/span><\/h3>\n<div class=\"_m-pdp-wrapper text-md-center\">\n<div class=\"_l-paddingb--small\">\n<p class=\"h3 _l-paddingb-md--xlarge\"><strong>A revitalizing formula for dull, dry skin<\/strong><\/p>\n<div class=\"_l-paddingy--medium\">\n<p><span class=\"fw-sbold fs-md--medium _l-paddingb--small d-md-block\"><span>Glycolic acid:<\/span><\/span><span><span>This natural yet powerful alpha hydroxy acid improves skin renewal and removes dead skin cells.<\/span><\/span><\/p>\n<\/div>\n<div class=\"_l-paddingb--medium\">\n<p><span class=\"fw-sbold fs-md--medium _l-paddingb--small d-md-block\"><span>Ceramide and borage oil:<\/span><\/span><span><span>Promotes skin renewal while respecting the skin&#039;s barrier function and improving hydration, tone and elasticity.<\/span><\/span><\/p>\n<\/div>\n<div class=\"_l-paddingb--large\">\n<p><span class=\"fw-sbold fs-md--medium _l-paddingb--small d-md-block\"><span>Vitamin E:<\/span><\/span><span><span>Powerful antioxidant properties help protect skin and neutralize environmental aggressors.<\/span><\/span><\/p>\n<h3 class=\"title--section text-center d-none d-md-block _l-paddingt--large _l-paddingb--small\"><span>HOW TO USE<\/span><\/h3>\n<div class=\"_m-pdp-md-wrapper\">\n<div class=\"text-md-center\">\n<div class=\"_m-pdp-wrapper _l-paddingb--small\">\n<p class=\"h3 _l-paddingb--medium\"><strong>How to apply Glicoidin Soft Cream<\/strong><\/p>\n<div class=\"bordert border-md--none\">\n<div data-scrollspy-block-id=\"attr-section-howtouse\" data-scrollspy-id=\"pdp-attrs\" class=\"js-product-expand-sm js-scrollspy-block _m-pdp-attribute-content _l-paddingy-md--large srcollmt--medium\" id=\"attr-section-howtouse\">\n<div class=\"_m-pdp-md-wrapper\">\n<div class=\"text-md-center\">\n<div class=\"_l-padding--medium _l-padding-md--none\">\n<div class=\"row text-md-center\">\n<div class=\"offset-md-2 col-md-8\">\n<p><b><span>Apply in the evening<\/span><\/b><span><span>\u00a0<\/span>on clean, dry skin with a light massage until completely absorbed.<span>\u00a0<\/span>During the first week of use, apply every other evening;<span>\u00a0<\/span>and every evening the following weeks.<span>\u00a0<\/span>Use requires the<span>\u00a0<\/span><\/span><b><span>simultaneous daily application of sunscreen<\/span><\/b><span><span>\u00a0<\/span>on the face.<span>\u00a0<\/span>Always start<span>\u00a0<\/span><\/span><b><span>with low concentrations of glycolic acid<\/span><\/b><span><span>\u00a0<\/span>and increase as the skin adapts.<\/span><\/p>\n<\/div>\n<\/div>\n<\/div>\n<\/div>\n<\/div>\n<\/div>\n<\/div>\n<\/div>\n<\/div>\n<\/div>\n<\/div>\n<\/div>\n<\/div>\n<\/div>\n<\/div>\n<\/div>\n<\/div>\n<\/div>\n<\/div>\n<\/div>\n<\/div>\n<\/div>","protected":false},"excerpt":{"rendered":"<p>Isdin Glicuisdin 8 Soft Cream 50g Cr\u00e8me visage exfoliante \u00e0 l&rsquo;acide glycolique Description: Une cr\u00e8me pour le visage r\u00e9g\u00e9n\u00e9rante con\u00e7ue pour aider \u00e0 affiner le grain de peau et \u00e0 lisser l&rsquo;apparence des ridules.\u00a0Sa formule \u00e0 texture l\u00e9g\u00e8re contient 3,2 % d&rsquo;acide glycolique libre pour exfolier activement et favoriser le renouvellement de la peau.\u00a0Cr\u00e9\u00e9 avec [&hellip;]<\/p>\n","protected":false},"featured_media":19068,"template":"","meta":{"om_disable_all_campaigns":false},"product_brand":[],"product_cat":[15],"product_tag":[],"class_list":{"0":"post-19071","1":"product","2":"type-product","3":"status-publish","4":"has-post-thumbnail","6":"product_cat-beaute-sante-complements-alimentaires-soins-et-bien-etre-au-meilleur-prix","8":"first","9":"instock","10":"sale","11":"taxable","12":"shipping-taxable","13":"purchasable","14":"product-type-simple"},"yoast_head":"<!-- This site is optimized with the Yoast SEO plugin v27.3 - https:\/\/yoast.com\/product\/yoast-seo-wordpress\/ -->\n<title>Isdin Glicuisdin 8 Soft Cream 50g - Maroc Prix<\/title>\n<meta name=\"description\" content=\"Isdin Glicuisdin 8 Soft Cream 50g\" \/>\n<meta name=\"robots\" content=\"index, follow, max-snippet:-1, max-image-preview:large, max-video-preview:-1\" \/>\n<link rel=\"canonical\" href=\"https:\/\/vitablanca.ma\/en\/product\/isdin-glicuisdin-8-soft-cream-50g\/\" \/>\n<meta property=\"og:locale\" content=\"en_US\" \/>\n<meta property=\"og:type\" content=\"article\" \/>\n<meta property=\"og:title\" content=\"Isdin Glicuisdin 8 Soft Cream 50g - Maroc Prix\" \/>\n<meta property=\"og:description\" content=\"Isdin Glicuisdin 8 Soft Cream 50g\" \/>\n<meta property=\"og:url\" content=\"https:\/\/vitablanca.ma\/en\/product\/isdin-glicuisdin-8-soft-cream-50g\/\" \/>\n<meta property=\"og:site_name\" content=\"Vitablanca.ma &ndash; Sant&eacute;, vitalit&eacute; et bien-&ecirc;tre pour tous les Marocains\" \/>\n<meta property=\"article:publisher\" content=\"https:\/\/www.facebook.com\/profile.php?id=61576678196717\" \/>\n<meta property=\"og:image\" content=\"https:\/\/vitablanca.ma\/wp-content\/uploads\/2025\/06\/Isdin-Glicuisdin-8-Soft-Cream-50g-prix-maroc-parapharmacie-casablanca.jpg\" \/>\n\t<meta property=\"og:image:width\" content=\"1000\" \/>\n\t<meta property=\"og:image:height\" content=\"1000\" \/>\n\t<meta property=\"og:image:type\" content=\"image\/jpeg\" \/>\n<meta name=\"twitter:card\" content=\"summary_large_image\" \/>\n<meta name=\"twitter:label1\" content=\"Est. reading time\" \/>\n\t<meta name=\"twitter:data1\" content=\"1 minute\" \/>\n<script type=\"application\/ld+json\" class=\"yoast-schema-graph\">{\"@context\":\"https:\\\/\\\/schema.org\",\"@graph\":[{\"@type\":[\"WebPage\",\"ItemPage\"],\"@id\":\"https:\\\/\\\/vitablanca.ma\\\/produit\\\/isdin-glicuisdin-8-soft-cream-50g\\\/\",\"url\":\"https:\\\/\\\/vitablanca.ma\\\/produit\\\/isdin-glicuisdin-8-soft-cream-50g\\\/\",\"name\":\"Isdin Glicuisdin 8 Soft Cream 50g - Maroc Prix\",\"isPartOf\":{\"@id\":\"https:\\\/\\\/vitablanca.ma\\\/#website\"},\"primaryImageOfPage\":{\"@id\":\"https:\\\/\\\/vitablanca.ma\\\/produit\\\/isdin-glicuisdin-8-soft-cream-50g\\\/#primaryimage\"},\"image\":{\"@id\":\"https:\\\/\\\/vitablanca.ma\\\/produit\\\/isdin-glicuisdin-8-soft-cream-50g\\\/#primaryimage\"},\"thumbnailUrl\":\"https:\\\/\\\/vitablanca.ma\\\/wp-content\\\/uploads\\\/2025\\\/06\\\/Isdin-Glicuisdin-8-Soft-Cream-50g-prix-maroc-parapharmacie-casablanca.jpg\",\"datePublished\":\"2025-06-10T17:47:22+00:00\",\"description\":\"Isdin Glicuisdin 8 Soft Cream 50g\",\"breadcrumb\":{\"@id\":\"https:\\\/\\\/vitablanca.ma\\\/produit\\\/isdin-glicuisdin-8-soft-cream-50g\\\/#breadcrumb\"},\"inLanguage\":\"en-US\",\"potentialAction\":[{\"@type\":\"ReadAction\",\"target\":[\"https:\\\/\\\/vitablanca.ma\\\/produit\\\/isdin-glicuisdin-8-soft-cream-50g\\\/\"]}]},{\"@type\":\"ImageObject\",\"inLanguage\":\"en-US\",\"@id\":\"https:\\\/\\\/vitablanca.ma\\\/produit\\\/isdin-glicuisdin-8-soft-cream-50g\\\/#primaryimage\",\"url\":\"https:\\\/\\\/vitablanca.ma\\\/wp-content\\\/uploads\\\/2025\\\/06\\\/Isdin-Glicuisdin-8-Soft-Cream-50g-prix-maroc-parapharmacie-casablanca.jpg\",\"contentUrl\":\"https:\\\/\\\/vitablanca.ma\\\/wp-content\\\/uploads\\\/2025\\\/06\\\/Isdin-Glicuisdin-8-Soft-Cream-50g-prix-maroc-parapharmacie-casablanca.jpg\",\"width\":1000,\"height\":1000},{\"@type\":\"BreadcrumbList\",\"@id\":\"https:\\\/\\\/vitablanca.ma\\\/produit\\\/isdin-glicuisdin-8-soft-cream-50g\\\/#breadcrumb\",\"itemListElement\":[{\"@type\":\"ListItem\",\"position\":1,\"name\":\"Home\",\"item\":\"https:\\\/\\\/vitablanca.ma\\\/\"},{\"@type\":\"ListItem\",\"position\":2,\"name\":\"Tous Les Produits\",\"item\":\"https:\\\/\\\/vitablanca.ma\\\/tous-les-produits\\\/\"},{\"@type\":\"ListItem\",\"position\":3,\"name\":\"Isdin Glicuisdin 8 Soft Cream 50g\"}]},{\"@type\":\"WebSite\",\"@id\":\"https:\\\/\\\/vitablanca.ma\\\/#website\",\"url\":\"https:\\\/\\\/vitablanca.ma\\\/\",\"name\":\"VitaBlanca.ma | Compl\u00e9ments alimentaires, sant\u00e9 & beaut\u00e9 au Maroc\",\"description\":\"vendre vitamines et compl\u00e9ments premium des USA &amp; Canada, Nouvelle Z\u00e9lande,Maroc (NOW Foods, Solgar, Manuka). Livraison rapide partout au Maroc.\",\"publisher\":{\"@id\":\"https:\\\/\\\/vitablanca.ma\\\/#organization\"},\"alternateName\":\"VitaBlanca.ma\",\"potentialAction\":[{\"@type\":\"SearchAction\",\"target\":{\"@type\":\"EntryPoint\",\"urlTemplate\":\"https:\\\/\\\/vitablanca.ma\\\/?s={search_term_string}\"},\"query-input\":{\"@type\":\"PropertyValueSpecification\",\"valueRequired\":true,\"valueName\":\"search_term_string\"}}],\"inLanguage\":\"en-US\"},{\"@type\":\"Organization\",\"@id\":\"https:\\\/\\\/vitablanca.ma\\\/#organization\",\"name\":\"VitaBlanca\",\"url\":\"https:\\\/\\\/vitablanca.ma\\\/\",\"logo\":{\"@type\":\"ImageObject\",\"inLanguage\":\"en-US\",\"@id\":\"https:\\\/\\\/vitablanca.ma\\\/#\\\/schema\\\/logo\\\/image\\\/\",\"url\":\"https:\\\/\\\/vitablanca.ma\\\/wp-content\\\/uploads\\\/2025\\\/05\\\/cropped-vitablanca.png\",\"contentUrl\":\"https:\\\/\\\/vitablanca.ma\\\/wp-content\\\/uploads\\\/2025\\\/05\\\/cropped-vitablanca.png\",\"width\":360,\"height\":67,\"caption\":\"VitaBlanca\"},\"image\":{\"@id\":\"https:\\\/\\\/vitablanca.ma\\\/#\\\/schema\\\/logo\\\/image\\\/\"},\"sameAs\":[\"https:\\\/\\\/www.facebook.com\\\/profile.php?id=61576678196717\",\"https:\\\/\\\/www.tiktok.com\\\/@vitablanca.ma\",\"https:\\\/\\\/www.instagram.com\\\/vitablanca.ma\\\/\"]}]}<\/script>\n<!-- \/ Yoast SEO plugin. -->","yoast_head_json":{"title":"Isdin Glicuisdin 8 Soft Cream 50g - Morocco Price","description":"Isdin Glicuisdin 8 Soft Cream 50g","robots":{"index":"index","follow":"follow","max-snippet":"max-snippet:-1","max-image-preview":"max-image-preview:large","max-video-preview":"max-video-preview:-1"},"canonical":"https:\/\/vitablanca.ma\/en\/product\/isdin-glicuisdin-8-soft-cream-50g\/","og_locale":"en_US","og_type":"article","og_title":"Isdin Glicuisdin 8 Soft Cream 50g - Maroc Prix","og_description":"Isdin Glicuisdin 8 Soft Cream 50g","og_url":"https:\/\/vitablanca.ma\/en\/product\/isdin-glicuisdin-8-soft-cream-50g\/","og_site_name":"Vitablanca.ma &ndash; Sant&eacute;, vitalit&eacute; et bien-&ecirc;tre pour tous les Marocains","article_publisher":"https:\/\/www.facebook.com\/profile.php?id=61576678196717","og_image":[{"width":1000,"height":1000,"url":"https:\/\/vitablanca.ma\/wp-content\/uploads\/2025\/06\/Isdin-Glicuisdin-8-Soft-Cream-50g-prix-maroc-parapharmacie-casablanca.jpg","type":"image\/jpeg"}],"twitter_card":"summary_large_image","twitter_misc":{"Est. reading time":"1 minute"},"schema":{"@context":"https:\/\/schema.org","@graph":[{"@type":["WebPage","ItemPage"],"@id":"https:\/\/vitablanca.ma\/produit\/isdin-glicuisdin-8-soft-cream-50g\/","url":"https:\/\/vitablanca.ma\/produit\/isdin-glicuisdin-8-soft-cream-50g\/","name":"Isdin Glicuisdin 8 Soft Cream 50g - Morocco Price","isPartOf":{"@id":"https:\/\/vitablanca.ma\/#website"},"primaryImageOfPage":{"@id":"https:\/\/vitablanca.ma\/produit\/isdin-glicuisdin-8-soft-cream-50g\/#primaryimage"},"image":{"@id":"https:\/\/vitablanca.ma\/produit\/isdin-glicuisdin-8-soft-cream-50g\/#primaryimage"},"thumbnailUrl":"https:\/\/vitablanca.ma\/wp-content\/uploads\/2025\/06\/Isdin-Glicuisdin-8-Soft-Cream-50g-prix-maroc-parapharmacie-casablanca.jpg","datePublished":"2025-06-10T17:47:22+00:00","description":"Isdin Glicuisdin 8 Soft Cream 50g","breadcrumb":{"@id":"https:\/\/vitablanca.ma\/produit\/isdin-glicuisdin-8-soft-cream-50g\/#breadcrumb"},"inLanguage":"en-US","potentialAction":[{"@type":"ReadAction","target":["https:\/\/vitablanca.ma\/produit\/isdin-glicuisdin-8-soft-cream-50g\/"]}]},{"@type":"ImageObject","inLanguage":"en-US","@id":"https:\/\/vitablanca.ma\/produit\/isdin-glicuisdin-8-soft-cream-50g\/#primaryimage","url":"https:\/\/vitablanca.ma\/wp-content\/uploads\/2025\/06\/Isdin-Glicuisdin-8-Soft-Cream-50g-prix-maroc-parapharmacie-casablanca.jpg","contentUrl":"https:\/\/vitablanca.ma\/wp-content\/uploads\/2025\/06\/Isdin-Glicuisdin-8-Soft-Cream-50g-prix-maroc-parapharmacie-casablanca.jpg","width":1000,"height":1000},{"@type":"BreadcrumbList","@id":"https:\/\/vitablanca.ma\/produit\/isdin-glicuisdin-8-soft-cream-50g\/#breadcrumb","itemListElement":[{"@type":"ListItem","position":1,"name":"Home","item":"https:\/\/vitablanca.ma\/"},{"@type":"ListItem","position":2,"name":"Tous Les Produits","item":"https:\/\/vitablanca.ma\/tous-les-produits\/"},{"@type":"ListItem","position":3,"name":"Isdin Glicuisdin 8 Soft Cream 50g"}]},{"@type":"WebSite","@id":"https:\/\/vitablanca.ma\/#website","url":"https:\/\/vitablanca.ma\/","name":"VitaBlanca.ma | Food supplements, health &amp; beauty in Morocco","description":"sell premium vitamins and supplements from USA &amp; Canada, New Zealand, Morocco (NOW Foods, Solgar, Manuka). Fast delivery anywhere in Morocco.","publisher":{"@id":"https:\/\/vitablanca.ma\/#organization"},"alternateName":"VitaBlanca.ma","potentialAction":[{"@type":"SearchAction","target":{"@type":"EntryPoint","urlTemplate":"https:\/\/vitablanca.ma\/?s={search_term_string}"},"query-input":{"@type":"PropertyValueSpecification","valueRequired":true,"valueName":"search_term_string"}}],"inLanguage":"en-US"},{"@type":"Organization","@id":"https:\/\/vitablanca.ma\/#organization","name":"VitaBlanca","url":"https:\/\/vitablanca.ma\/","logo":{"@type":"ImageObject","inLanguage":"en-US","@id":"https:\/\/vitablanca.ma\/#\/schema\/logo\/image\/","url":"https:\/\/vitablanca.ma\/wp-content\/uploads\/2025\/05\/cropped-vitablanca.png","contentUrl":"https:\/\/vitablanca.ma\/wp-content\/uploads\/2025\/05\/cropped-vitablanca.png","width":360,"height":67,"caption":"VitaBlanca"},"image":{"@id":"https:\/\/vitablanca.ma\/#\/schema\/logo\/image\/"},"sameAs":["https:\/\/www.facebook.com\/profile.php?id=61576678196717","https:\/\/www.tiktok.com\/@vitablanca.ma","https:\/\/www.instagram.com\/vitablanca.ma\/"]}]}},"jetpack_sharing_enabled":true,"_links":{"self":[{"href":"https:\/\/vitablanca.ma\/en\/wp-json\/wp\/v2\/product\/19071","targetHints":{"allow":["GET"]}}],"collection":[{"href":"https:\/\/vitablanca.ma\/en\/wp-json\/wp\/v2\/product"}],"about":[{"href":"https:\/\/vitablanca.ma\/en\/wp-json\/wp\/v2\/types\/product"}],"wp:featuredmedia":[{"embeddable":true,"href":"https:\/\/vitablanca.ma\/en\/wp-json\/wp\/v2\/media\/19068"}],"wp:attachment":[{"href":"https:\/\/vitablanca.ma\/en\/wp-json\/wp\/v2\/media?parent=19071"}],"wp:term":[{"taxonomy":"product_brand","embeddable":true,"href":"https:\/\/vitablanca.ma\/en\/wp-json\/wp\/v2\/product_brand?post=19071"},{"taxonomy":"product_cat","embeddable":true,"href":"https:\/\/vitablanca.ma\/en\/wp-json\/wp\/v2\/product_cat?post=19071"},{"taxonomy":"product_tag","embeddable":true,"href":"https:\/\/vitablanca.ma\/en\/wp-json\/wp\/v2\/product_tag?post=19071"}],"curies":[{"name":"wp","href":"https:\/\/api.w.org\/{rel}","templated":true}]}}