{"id":19069,"date":"2025-06-10T17:47:19","date_gmt":"2025-06-10T17:47:19","guid":{"rendered":"https:\/\/vitablanca.ma\/product\/gph-diffusion-sommeil-bio-500-mg-120-comprimes\/"},"modified":"2026-01-21T17:07:49","modified_gmt":"2026-01-21T17:07:49","slug":"gph-diffusion-sommeil-bio-500-mg-120-comprimes","status":"publish","type":"product","link":"https:\/\/vitablanca.ma\/en\/product\/gph-diffusion-sommeil-bio-500-mg-120-comprimes\/","title":{"rendered":"GPH DIFFUSION Organic Sleep 500 Mg 120 Tablets"},"content":{"rendered":"<h1 class=\"w-post-elm post_title us_custom_92655679 entry-title color_link_inherit\">GPH DIFFUSION Organic Sleep 500 Mg 120 Tablets<\/h1>\n<div class=\"w-post-elm post_content\">\n<p>La synergie de l&rsquo;Aub\u00e9pine, du Houblon et de la Passiflore , va permettre de potentialiser l&rsquo;action de chacune et d&rsquo;augmenter ainsi, l&rsquo;action sp\u00e9cifique de ce complexe sommeil.<\/p>\n<p>Les comprim\u00e9s de plantes Bio sous forme de complexe, pr\u00e9sentent de gros avantages : Ils sont concentr\u00e9s \u00e0 500mg de plantes Bio par comprim\u00e9, ils sont 100% Bio, et ne contiennent pas de g\u00e9latine (pas de g\u00e9lule).<\/p>\n<p>De plus, ces comprim\u00e9s sont de qualit\u00e9 et de fabrication fran\u00e7aise aux derni\u00e8res normes (ISO 22000), sont \u00e9conomiques, et faciles d&rsquo;utilisation car leur forme et leur taille, rend la prise ais\u00e9e.<\/p>\n<p>L&rsquo;Aub\u00e9pine aide \u00e0 r\u00e9duire l&rsquo;agitation et r\u00e9duire l&rsquo;irritabilit\u00e9.<\/p>\n<p>Le Houblon contribue \u00e0 un bon sommeil et calme l&rsquo;agitation du syst\u00e8me nerveux central.<\/p>\n<p>La Passiflore participe \u00e0 retrouver un sommeil sain et \u00e0 lutter contre le stress.<\/p>\n<p>La passiflore favorise \u00e9galement une bonne relaxation g\u00e9n\u00e9rale.<\/p>\n<\/div>\n<div class=\"w-post-elm post_content\">\n<h3><strong>DIRECTIONS FOR USE:<\/strong><\/h3>\n<p>2 \u00e0 3 comprim\u00e9s par jour, id\u00e9alement le soir au coucher, avec un grand verre d&rsquo;eau .<\/p>\n<p>Cannot be substituted for a varied diet.<\/p>\n<p>To be taken as part of a healthy lifestyle.<\/p>\n<p>Keep out of reach of children<\/p>\n<p>Do not exceed the recommended daily dose.<\/p>\n<p>Store in a dry place away from light.<\/p>\n<h3><span>COMPOSITION :<\/span><\/h3>\n<p>Liste des ingr\u00e9dients pour 3 comprim\u00e9s de complexe Sommeil Bio de Gph : Poudre de sommit\u00e9 fleurie d&rsquo;Aub\u00e9pine (crataegus laevigata)* 500 mg, poudre d&rsquo;inflorescence de Houblon (humulus lupulus L)* 500 mg, poudre de partie a\u00e9rienne de Passiflore (passiflora incarnata)* 500 mg, Carbonate de Magn\u00e9sium, Talc.<\/p>\n<p>Poudres de plantes non titr\u00e9es.<\/p>\n<p>* Ingr\u00e9dient issu de l&rsquo;agriculture biologique. Contr\u00f4l\u00e9 par Ecocert FR 01.<\/p>\n<p>Agriculture UE \/ non UE<\/p>\n<ul><\/ul>\n<\/div>","protected":false},"excerpt":{"rendered":"<p>GPH DIFFUSION Sommeil Bio 500 Mg 120 Comprim\u00e9s La synergie de l&rsquo;Aub\u00e9pine, du Houblon et de la Passiflore , va permettre de potentialiser l&rsquo;action de chacune et d&rsquo;augmenter ainsi, l&rsquo;action sp\u00e9cifique de ce complexe sommeil. Les comprim\u00e9s de plantes Bio sous forme de complexe, pr\u00e9sentent de gros avantages : Ils sont concentr\u00e9s \u00e0 500mg de [&hellip;]<\/p>\n","protected":false},"featured_media":19067,"template":"","meta":{"om_disable_all_campaigns":false},"product_brand":[5979],"product_cat":[18,15,3366],"product_tag":[],"class_list":{"0":"post-19069","1":"product","2":"type-product","3":"status-publish","4":"has-post-thumbnail","6":"product_brand-gph-maroc-prix","7":"product_cat-beaute-sante","8":"product_cat-beaute-sante-complements-alimentaires-soins-et-bien-etre-au-meilleur-prix","9":"product_cat-complements-alimentaires-au-maroc-vitablanca","11":"first","12":"instock","13":"sale","14":"taxable","15":"shipping-taxable","16":"purchasable","17":"product-type-simple"},"yoast_head":"<!-- This site is optimized with the Yoast SEO plugin v27.3 - https:\/\/yoast.com\/product\/yoast-seo-wordpress\/ -->\n<title>GPH DIFFUSION Sommeil Bio 500 Mg 120 Comprim\u00e9s - Maroc Prix<\/title>\n<meta name=\"description\" content=\"GPH DIFFUSION Sommeil Bio 500 Mg 120 Comprim\u00e9s\" \/>\n<meta name=\"robots\" content=\"index, follow, max-snippet:-1, max-image-preview:large, max-video-preview:-1\" \/>\n<link rel=\"canonical\" href=\"https:\/\/vitablanca.ma\/en\/product\/gph-diffusion-sommeil-bio-500-mg-120-comprimes\/\" \/>\n<meta property=\"og:locale\" content=\"en_US\" \/>\n<meta property=\"og:type\" content=\"article\" \/>\n<meta property=\"og:title\" content=\"GPH DIFFUSION Sommeil Bio 500 Mg 120 Comprim\u00e9s - Maroc Prix\" \/>\n<meta property=\"og:description\" content=\"GPH DIFFUSION Sommeil Bio 500 Mg 120 Comprim\u00e9s\" \/>\n<meta property=\"og:url\" content=\"https:\/\/vitablanca.ma\/en\/product\/gph-diffusion-sommeil-bio-500-mg-120-comprimes\/\" \/>\n<meta property=\"og:site_name\" content=\"Vitablanca.ma &ndash; Sant&eacute;, vitalit&eacute; et bien-&ecirc;tre pour tous les Marocains\" \/>\n<meta property=\"article:publisher\" content=\"https:\/\/www.facebook.com\/profile.php?id=61576678196717\" \/>\n<meta property=\"article:modified_time\" content=\"2026-01-21T17:07:49+00:00\" \/>\n<meta property=\"og:image\" content=\"https:\/\/vitablanca.ma\/wp-content\/uploads\/2025\/06\/gph-diffusion-sommeil-500-mg-120-comprimes.jpg\" \/>\n\t<meta property=\"og:image:width\" content=\"800\" \/>\n\t<meta property=\"og:image:height\" content=\"800\" \/>\n\t<meta property=\"og:image:type\" content=\"image\/jpeg\" \/>\n<meta name=\"twitter:card\" content=\"summary_large_image\" \/>\n<meta name=\"twitter:label1\" content=\"Est. reading time\" \/>\n\t<meta name=\"twitter:data1\" content=\"1 minute\" \/>\n<script type=\"application\/ld+json\" class=\"yoast-schema-graph\">{\"@context\":\"https:\\\/\\\/schema.org\",\"@graph\":[{\"@type\":[\"WebPage\",\"ItemPage\"],\"@id\":\"https:\\\/\\\/vitablanca.ma\\\/produit\\\/gph-diffusion-sommeil-bio-500-mg-120-comprimes\\\/\",\"url\":\"https:\\\/\\\/vitablanca.ma\\\/produit\\\/gph-diffusion-sommeil-bio-500-mg-120-comprimes\\\/\",\"name\":\"GPH DIFFUSION Sommeil Bio 500 Mg 120 Comprim\u00e9s - Maroc Prix\",\"isPartOf\":{\"@id\":\"https:\\\/\\\/vitablanca.ma\\\/#website\"},\"primaryImageOfPage\":{\"@id\":\"https:\\\/\\\/vitablanca.ma\\\/produit\\\/gph-diffusion-sommeil-bio-500-mg-120-comprimes\\\/#primaryimage\"},\"image\":{\"@id\":\"https:\\\/\\\/vitablanca.ma\\\/produit\\\/gph-diffusion-sommeil-bio-500-mg-120-comprimes\\\/#primaryimage\"},\"thumbnailUrl\":\"https:\\\/\\\/vitablanca.ma\\\/wp-content\\\/uploads\\\/2025\\\/06\\\/gph-diffusion-sommeil-500-mg-120-comprimes.jpg\",\"datePublished\":\"2025-06-10T17:47:19+00:00\",\"dateModified\":\"2026-01-21T17:07:49+00:00\",\"description\":\"GPH DIFFUSION Sommeil Bio 500 Mg 120 Comprim\u00e9s\",\"breadcrumb\":{\"@id\":\"https:\\\/\\\/vitablanca.ma\\\/produit\\\/gph-diffusion-sommeil-bio-500-mg-120-comprimes\\\/#breadcrumb\"},\"inLanguage\":\"en-US\",\"potentialAction\":[{\"@type\":\"ReadAction\",\"target\":[\"https:\\\/\\\/vitablanca.ma\\\/produit\\\/gph-diffusion-sommeil-bio-500-mg-120-comprimes\\\/\"]}]},{\"@type\":\"ImageObject\",\"inLanguage\":\"en-US\",\"@id\":\"https:\\\/\\\/vitablanca.ma\\\/produit\\\/gph-diffusion-sommeil-bio-500-mg-120-comprimes\\\/#primaryimage\",\"url\":\"https:\\\/\\\/vitablanca.ma\\\/wp-content\\\/uploads\\\/2025\\\/06\\\/gph-diffusion-sommeil-500-mg-120-comprimes.jpg\",\"contentUrl\":\"https:\\\/\\\/vitablanca.ma\\\/wp-content\\\/uploads\\\/2025\\\/06\\\/gph-diffusion-sommeil-500-mg-120-comprimes.jpg\",\"width\":800,\"height\":800},{\"@type\":\"BreadcrumbList\",\"@id\":\"https:\\\/\\\/vitablanca.ma\\\/produit\\\/gph-diffusion-sommeil-bio-500-mg-120-comprimes\\\/#breadcrumb\",\"itemListElement\":[{\"@type\":\"ListItem\",\"position\":1,\"name\":\"Home\",\"item\":\"https:\\\/\\\/vitablanca.ma\\\/\"},{\"@type\":\"ListItem\",\"position\":2,\"name\":\"Tous Les Produits\",\"item\":\"https:\\\/\\\/vitablanca.ma\\\/tous-les-produits\\\/\"},{\"@type\":\"ListItem\",\"position\":3,\"name\":\"GPH DIFFUSION Sommeil Bio 500 Mg 120 Comprim\u00e9s\"}]},{\"@type\":\"WebSite\",\"@id\":\"https:\\\/\\\/vitablanca.ma\\\/#website\",\"url\":\"https:\\\/\\\/vitablanca.ma\\\/\",\"name\":\"VitaBlanca.ma | Compl\u00e9ments alimentaires, sant\u00e9 & beaut\u00e9 au Maroc\",\"description\":\"vendre vitamines et compl\u00e9ments premium des USA &amp; Canada, Nouvelle Z\u00e9lande,Maroc (NOW Foods, Solgar, Manuka). Livraison rapide partout au Maroc.\",\"publisher\":{\"@id\":\"https:\\\/\\\/vitablanca.ma\\\/#organization\"},\"alternateName\":\"VitaBlanca.ma\",\"potentialAction\":[{\"@type\":\"SearchAction\",\"target\":{\"@type\":\"EntryPoint\",\"urlTemplate\":\"https:\\\/\\\/vitablanca.ma\\\/?s={search_term_string}\"},\"query-input\":{\"@type\":\"PropertyValueSpecification\",\"valueRequired\":true,\"valueName\":\"search_term_string\"}}],\"inLanguage\":\"en-US\"},{\"@type\":\"Organization\",\"@id\":\"https:\\\/\\\/vitablanca.ma\\\/#organization\",\"name\":\"VitaBlanca\",\"url\":\"https:\\\/\\\/vitablanca.ma\\\/\",\"logo\":{\"@type\":\"ImageObject\",\"inLanguage\":\"en-US\",\"@id\":\"https:\\\/\\\/vitablanca.ma\\\/#\\\/schema\\\/logo\\\/image\\\/\",\"url\":\"https:\\\/\\\/vitablanca.ma\\\/wp-content\\\/uploads\\\/2025\\\/05\\\/cropped-vitablanca.png\",\"contentUrl\":\"https:\\\/\\\/vitablanca.ma\\\/wp-content\\\/uploads\\\/2025\\\/05\\\/cropped-vitablanca.png\",\"width\":360,\"height\":67,\"caption\":\"VitaBlanca\"},\"image\":{\"@id\":\"https:\\\/\\\/vitablanca.ma\\\/#\\\/schema\\\/logo\\\/image\\\/\"},\"sameAs\":[\"https:\\\/\\\/www.facebook.com\\\/profile.php?id=61576678196717\",\"https:\\\/\\\/www.tiktok.com\\\/@vitablanca.ma\",\"https:\\\/\\\/www.instagram.com\\\/vitablanca.ma\\\/\"]}]}<\/script>\n<!-- \/ Yoast SEO plugin. -->","yoast_head_json":{"title":"GPH DIFFUSION Sommeil Bio 500 Mg 120 Comprim\u00e9s - Maroc Prix","description":"GPH DIFFUSION Organic Sleep 500 Mg 120 Tablets","robots":{"index":"index","follow":"follow","max-snippet":"max-snippet:-1","max-image-preview":"max-image-preview:large","max-video-preview":"max-video-preview:-1"},"canonical":"https:\/\/vitablanca.ma\/en\/product\/gph-diffusion-sommeil-bio-500-mg-120-comprimes\/","og_locale":"en_US","og_type":"article","og_title":"GPH DIFFUSION Sommeil Bio 500 Mg 120 Comprim\u00e9s - Maroc Prix","og_description":"GPH DIFFUSION Sommeil Bio 500 Mg 120 Comprim\u00e9s","og_url":"https:\/\/vitablanca.ma\/en\/product\/gph-diffusion-sommeil-bio-500-mg-120-comprimes\/","og_site_name":"Vitablanca.ma &ndash; Sant&eacute;, vitalit&eacute; et bien-&ecirc;tre pour tous les Marocains","article_publisher":"https:\/\/www.facebook.com\/profile.php?id=61576678196717","article_modified_time":"2026-01-21T17:07:49+00:00","og_image":[{"width":800,"height":800,"url":"https:\/\/vitablanca.ma\/wp-content\/uploads\/2025\/06\/gph-diffusion-sommeil-500-mg-120-comprimes.jpg","type":"image\/jpeg"}],"twitter_card":"summary_large_image","twitter_misc":{"Est. reading time":"1 minute"},"schema":{"@context":"https:\/\/schema.org","@graph":[{"@type":["WebPage","ItemPage"],"@id":"https:\/\/vitablanca.ma\/produit\/gph-diffusion-sommeil-bio-500-mg-120-comprimes\/","url":"https:\/\/vitablanca.ma\/produit\/gph-diffusion-sommeil-bio-500-mg-120-comprimes\/","name":"GPH DIFFUSION Sommeil Bio 500 Mg 120 Comprim\u00e9s - Maroc Prix","isPartOf":{"@id":"https:\/\/vitablanca.ma\/#website"},"primaryImageOfPage":{"@id":"https:\/\/vitablanca.ma\/produit\/gph-diffusion-sommeil-bio-500-mg-120-comprimes\/#primaryimage"},"image":{"@id":"https:\/\/vitablanca.ma\/produit\/gph-diffusion-sommeil-bio-500-mg-120-comprimes\/#primaryimage"},"thumbnailUrl":"https:\/\/vitablanca.ma\/wp-content\/uploads\/2025\/06\/gph-diffusion-sommeil-500-mg-120-comprimes.jpg","datePublished":"2025-06-10T17:47:19+00:00","dateModified":"2026-01-21T17:07:49+00:00","description":"GPH DIFFUSION Organic Sleep 500 Mg 120 Tablets","breadcrumb":{"@id":"https:\/\/vitablanca.ma\/produit\/gph-diffusion-sommeil-bio-500-mg-120-comprimes\/#breadcrumb"},"inLanguage":"en-US","potentialAction":[{"@type":"ReadAction","target":["https:\/\/vitablanca.ma\/produit\/gph-diffusion-sommeil-bio-500-mg-120-comprimes\/"]}]},{"@type":"ImageObject","inLanguage":"en-US","@id":"https:\/\/vitablanca.ma\/produit\/gph-diffusion-sommeil-bio-500-mg-120-comprimes\/#primaryimage","url":"https:\/\/vitablanca.ma\/wp-content\/uploads\/2025\/06\/gph-diffusion-sommeil-500-mg-120-comprimes.jpg","contentUrl":"https:\/\/vitablanca.ma\/wp-content\/uploads\/2025\/06\/gph-diffusion-sommeil-500-mg-120-comprimes.jpg","width":800,"height":800},{"@type":"BreadcrumbList","@id":"https:\/\/vitablanca.ma\/produit\/gph-diffusion-sommeil-bio-500-mg-120-comprimes\/#breadcrumb","itemListElement":[{"@type":"ListItem","position":1,"name":"Home","item":"https:\/\/vitablanca.ma\/"},{"@type":"ListItem","position":2,"name":"Tous Les Produits","item":"https:\/\/vitablanca.ma\/tous-les-produits\/"},{"@type":"ListItem","position":3,"name":"GPH DIFFUSION Sommeil Bio 500 Mg 120 Comprim\u00e9s"}]},{"@type":"WebSite","@id":"https:\/\/vitablanca.ma\/#website","url":"https:\/\/vitablanca.ma\/","name":"VitaBlanca.ma | Food supplements, health &amp; beauty in Morocco","description":"sell premium vitamins and supplements from USA &amp; Canada, New Zealand, Morocco (NOW Foods, Solgar, Manuka). Fast delivery anywhere in Morocco.","publisher":{"@id":"https:\/\/vitablanca.ma\/#organization"},"alternateName":"VitaBlanca.ma","potentialAction":[{"@type":"SearchAction","target":{"@type":"EntryPoint","urlTemplate":"https:\/\/vitablanca.ma\/?s={search_term_string}"},"query-input":{"@type":"PropertyValueSpecification","valueRequired":true,"valueName":"search_term_string"}}],"inLanguage":"en-US"},{"@type":"Organization","@id":"https:\/\/vitablanca.ma\/#organization","name":"VitaBlanca","url":"https:\/\/vitablanca.ma\/","logo":{"@type":"ImageObject","inLanguage":"en-US","@id":"https:\/\/vitablanca.ma\/#\/schema\/logo\/image\/","url":"https:\/\/vitablanca.ma\/wp-content\/uploads\/2025\/05\/cropped-vitablanca.png","contentUrl":"https:\/\/vitablanca.ma\/wp-content\/uploads\/2025\/05\/cropped-vitablanca.png","width":360,"height":67,"caption":"VitaBlanca"},"image":{"@id":"https:\/\/vitablanca.ma\/#\/schema\/logo\/image\/"},"sameAs":["https:\/\/www.facebook.com\/profile.php?id=61576678196717","https:\/\/www.tiktok.com\/@vitablanca.ma","https:\/\/www.instagram.com\/vitablanca.ma\/"]}]}},"jetpack_sharing_enabled":true,"_links":{"self":[{"href":"https:\/\/vitablanca.ma\/en\/wp-json\/wp\/v2\/product\/19069","targetHints":{"allow":["GET"]}}],"collection":[{"href":"https:\/\/vitablanca.ma\/en\/wp-json\/wp\/v2\/product"}],"about":[{"href":"https:\/\/vitablanca.ma\/en\/wp-json\/wp\/v2\/types\/product"}],"wp:featuredmedia":[{"embeddable":true,"href":"https:\/\/vitablanca.ma\/en\/wp-json\/wp\/v2\/media\/19067"}],"wp:attachment":[{"href":"https:\/\/vitablanca.ma\/en\/wp-json\/wp\/v2\/media?parent=19069"}],"wp:term":[{"taxonomy":"product_brand","embeddable":true,"href":"https:\/\/vitablanca.ma\/en\/wp-json\/wp\/v2\/product_brand?post=19069"},{"taxonomy":"product_cat","embeddable":true,"href":"https:\/\/vitablanca.ma\/en\/wp-json\/wp\/v2\/product_cat?post=19069"},{"taxonomy":"product_tag","embeddable":true,"href":"https:\/\/vitablanca.ma\/en\/wp-json\/wp\/v2\/product_tag?post=19069"}],"curies":[{"name":"wp","href":"https:\/\/api.w.org\/{rel}","templated":true}]}}