{"id":19014,"date":"2025-06-10T17:45:20","date_gmt":"2025-06-10T17:45:20","guid":{"rendered":"https:\/\/vitablanca.ma\/product\/gph-diffusion-levure-de-biere-revivifiable\/"},"modified":"2026-01-21T17:07:50","modified_gmt":"2026-01-21T17:07:50","slug":"gph-diffusion-levure-de-biere-revivifiable","status":"publish","type":"product","link":"https:\/\/vitablanca.ma\/en\/product\/gph-diffusion-levure-de-biere-revivifiable\/","title":{"rendered":"Gph Diffusion Revivable Brewer&#039;s Yeast"},"content":{"rendered":"<h1>Gph Diffusion Revivable Brewer&#039;s Yeast 200 Capsules<\/h1>\n<p><span>Brewer&#039;s yeast is an extraordinarily rich single-celled fungus. Supplementing with it is particularly beneficial for skin problems, brittle nails, and damaged hair. It is also an excellent intestinal flora restorer.<\/span><\/p>\n<p>Cette levure est stabilis\u00e9e en milieu ultra sec et garde toutes ses propri\u00e9t\u00e9s lorsqu elle se r\u00e9g\u00e9n\u00e8re.Levure de Bi\u00e8re revivifiable 320mg \u2013<\/p>\n<p>GPH Diffusion contains 320mg of revivable brewer&#039;s yeast per capsule, making it a highly concentrated food supplement. It is an excellent restorer of intestinal flora.<\/p>\n<h3>\n<strong style=\"font-size: 0.875rem\" data-mce-style=\"font-size: 0.875rem;\">DIRECTIONS FOR USE:<\/strong><br \/>\n<\/h3>\n<ul><\/ul>\n<div class=\"w-post-elm post_content\">\n<p><span>3 to 6 capsules per day with a large glass of water and as part of a balanced diet.<\/span><\/p>\n<h3><span>INGREDIENTS :<\/span><\/h3>\n<p><span>Poudre de levure de bi\u00e8re revivifiable 3200mg, \u2013 Enveloppe (g\u00e9latine poisson + glyc\u00e9rine v\u00e9g\u00e9tale) 75mg.<\/span><\/p>\n<\/div>\n<div class=\"w-post-elm post_content\">\n<ul><\/ul>\n<\/div>","protected":false},"excerpt":{"rendered":"<p>Gph Diffusion Levure de Bi\u00e8re Revivifiable 200 G\u00e9lules La Levure de Bi\u00e8re est un champignon unicellulaire extraordinairement riche. Une suppl\u00e9mentation de l\u2019alimentation est particuli\u00e8rement indiqu\u00e9e pour les probl\u00e8mes de peau, d\u2019ongles cassants et de cheveux abim\u00e9s. C\u2019est aussi un excellent reconstituant de la flore intestinale. Cette levure est stabilis\u00e9e en milieu ultra sec et garde [&hellip;]<\/p>\n","protected":false},"featured_media":19012,"template":"","meta":{"om_disable_all_campaigns":false},"product_brand":[5979],"product_cat":[18,15,3366],"product_tag":[],"class_list":{"0":"post-19014","1":"product","2":"type-product","3":"status-publish","4":"has-post-thumbnail","6":"product_brand-gph-maroc-prix","7":"product_cat-beaute-sante","8":"product_cat-beaute-sante-complements-alimentaires-soins-et-bien-etre-au-meilleur-prix","9":"product_cat-complements-alimentaires-au-maroc-vitablanca","11":"first","12":"instock","13":"sale","14":"taxable","15":"shipping-taxable","16":"purchasable","17":"product-type-variable"},"yoast_head":"<!-- This site is optimized with the Yoast SEO plugin v27.5 - https:\/\/yoast.com\/product\/yoast-seo-wordpress\/ -->\n<title>Gph Diffusion Levure de Bi\u00e8re Revivifiable - Maroc Prix<\/title>\n<meta name=\"description\" content=\"Gph Diffusion Levure de Bi\u00e8re Revivifiable\" \/>\n<meta name=\"robots\" content=\"index, follow, max-snippet:-1, max-image-preview:large, max-video-preview:-1\" \/>\n<link rel=\"canonical\" href=\"https:\/\/vitablanca.ma\/en\/product\/gph-diffusion-levure-de-biere-revivifiable\/\" \/>\n<meta property=\"og:locale\" content=\"en_US\" \/>\n<meta property=\"og:type\" content=\"article\" \/>\n<meta property=\"og:title\" content=\"Gph Diffusion Levure de Bi\u00e8re Revivifiable - Maroc Prix\" \/>\n<meta property=\"og:description\" content=\"Gph Diffusion Levure de Bi\u00e8re Revivifiable\" \/>\n<meta property=\"og:url\" content=\"https:\/\/vitablanca.ma\/en\/product\/gph-diffusion-levure-de-biere-revivifiable\/\" \/>\n<meta property=\"og:site_name\" content=\"Vitablanca.ma &ndash; Sant&eacute;, vitalit&eacute; et bien-&ecirc;tre pour tous les Marocains\" \/>\n<meta property=\"article:publisher\" content=\"https:\/\/www.facebook.com\/profile.php?id=61576678196717\" \/>\n<meta property=\"article:modified_time\" content=\"2026-01-21T17:07:50+00:00\" \/>\n<meta property=\"og:image\" content=\"https:\/\/vitablanca.ma\/wp-content\/uploads\/2025\/06\/gph-diffusion-levure-de-biere-revivifiable-320-mg-boite-200-gelules.jpg\" \/>\n\t<meta property=\"og:image:width\" content=\"800\" \/>\n\t<meta property=\"og:image:height\" content=\"800\" \/>\n\t<meta property=\"og:image:type\" content=\"image\/jpeg\" \/>\n<meta name=\"twitter:card\" content=\"summary_large_image\" \/>\n<meta name=\"twitter:label1\" content=\"Est. reading time\" \/>\n\t<meta name=\"twitter:data1\" content=\"1 minute\" \/>\n<script type=\"application\/ld+json\" class=\"yoast-schema-graph\">{\"@context\":\"https:\\\/\\\/schema.org\",\"@graph\":[{\"@type\":[\"WebPage\",\"ItemPage\"],\"@id\":\"https:\\\/\\\/vitablanca.ma\\\/produit\\\/gph-diffusion-levure-de-biere-revivifiable\\\/\",\"url\":\"https:\\\/\\\/vitablanca.ma\\\/produit\\\/gph-diffusion-levure-de-biere-revivifiable\\\/\",\"name\":\"Gph Diffusion Levure de Bi\u00e8re Revivifiable - Maroc Prix\",\"isPartOf\":{\"@id\":\"https:\\\/\\\/vitablanca.ma\\\/#website\"},\"primaryImageOfPage\":{\"@id\":\"https:\\\/\\\/vitablanca.ma\\\/produit\\\/gph-diffusion-levure-de-biere-revivifiable\\\/#primaryimage\"},\"image\":{\"@id\":\"https:\\\/\\\/vitablanca.ma\\\/produit\\\/gph-diffusion-levure-de-biere-revivifiable\\\/#primaryimage\"},\"thumbnailUrl\":\"https:\\\/\\\/vitablanca.ma\\\/wp-content\\\/uploads\\\/2025\\\/06\\\/gph-diffusion-levure-de-biere-revivifiable-320-mg-boite-200-gelules.jpg\",\"datePublished\":\"2025-06-10T17:45:20+00:00\",\"dateModified\":\"2026-01-21T17:07:50+00:00\",\"description\":\"Gph Diffusion Levure de Bi\u00e8re Revivifiable\",\"breadcrumb\":{\"@id\":\"https:\\\/\\\/vitablanca.ma\\\/produit\\\/gph-diffusion-levure-de-biere-revivifiable\\\/#breadcrumb\"},\"inLanguage\":\"en-US\",\"potentialAction\":[{\"@type\":\"ReadAction\",\"target\":[\"https:\\\/\\\/vitablanca.ma\\\/produit\\\/gph-diffusion-levure-de-biere-revivifiable\\\/\"]}]},{\"@type\":\"ImageObject\",\"inLanguage\":\"en-US\",\"@id\":\"https:\\\/\\\/vitablanca.ma\\\/produit\\\/gph-diffusion-levure-de-biere-revivifiable\\\/#primaryimage\",\"url\":\"https:\\\/\\\/vitablanca.ma\\\/wp-content\\\/uploads\\\/2025\\\/06\\\/gph-diffusion-levure-de-biere-revivifiable-320-mg-boite-200-gelules.jpg\",\"contentUrl\":\"https:\\\/\\\/vitablanca.ma\\\/wp-content\\\/uploads\\\/2025\\\/06\\\/gph-diffusion-levure-de-biere-revivifiable-320-mg-boite-200-gelules.jpg\",\"width\":800,\"height\":800},{\"@type\":\"BreadcrumbList\",\"@id\":\"https:\\\/\\\/vitablanca.ma\\\/produit\\\/gph-diffusion-levure-de-biere-revivifiable\\\/#breadcrumb\",\"itemListElement\":[{\"@type\":\"ListItem\",\"position\":1,\"name\":\"Home\",\"item\":\"https:\\\/\\\/vitablanca.ma\\\/\"},{\"@type\":\"ListItem\",\"position\":2,\"name\":\"Tous Les Produits\",\"item\":\"https:\\\/\\\/vitablanca.ma\\\/tous-les-produits\\\/\"},{\"@type\":\"ListItem\",\"position\":3,\"name\":\"Gph Diffusion Levure de Bi\u00e8re Revivifiable\"}]},{\"@type\":\"WebSite\",\"@id\":\"https:\\\/\\\/vitablanca.ma\\\/#website\",\"url\":\"https:\\\/\\\/vitablanca.ma\\\/\",\"name\":\"VitaBlanca.ma | Compl\u00e9ments alimentaires, sant\u00e9 & beaut\u00e9 au Maroc\",\"description\":\"vendre vitamines et compl\u00e9ments premium des USA &amp; Canada, Nouvelle Z\u00e9lande,Maroc (NOW Foods, Solgar, Manuka). Livraison rapide partout au Maroc.\",\"publisher\":{\"@id\":\"https:\\\/\\\/vitablanca.ma\\\/#organization\"},\"alternateName\":\"VitaBlanca.ma\",\"potentialAction\":[{\"@type\":\"SearchAction\",\"target\":{\"@type\":\"EntryPoint\",\"urlTemplate\":\"https:\\\/\\\/vitablanca.ma\\\/?s={search_term_string}\"},\"query-input\":{\"@type\":\"PropertyValueSpecification\",\"valueRequired\":true,\"valueName\":\"search_term_string\"}}],\"inLanguage\":\"en-US\"},{\"@type\":\"Organization\",\"@id\":\"https:\\\/\\\/vitablanca.ma\\\/#organization\",\"name\":\"VitaBlanca\",\"url\":\"https:\\\/\\\/vitablanca.ma\\\/\",\"logo\":{\"@type\":\"ImageObject\",\"inLanguage\":\"en-US\",\"@id\":\"https:\\\/\\\/vitablanca.ma\\\/#\\\/schema\\\/logo\\\/image\\\/\",\"url\":\"https:\\\/\\\/vitablanca.ma\\\/wp-content\\\/uploads\\\/2025\\\/05\\\/cropped-vitablanca.png\",\"contentUrl\":\"https:\\\/\\\/vitablanca.ma\\\/wp-content\\\/uploads\\\/2025\\\/05\\\/cropped-vitablanca.png\",\"width\":360,\"height\":67,\"caption\":\"VitaBlanca\"},\"image\":{\"@id\":\"https:\\\/\\\/vitablanca.ma\\\/#\\\/schema\\\/logo\\\/image\\\/\"},\"sameAs\":[\"https:\\\/\\\/www.facebook.com\\\/profile.php?id=61576678196717\",\"https:\\\/\\\/www.tiktok.com\\\/@vitablanca.ma\",\"https:\\\/\\\/www.instagram.com\\\/vitablanca.ma\\\/\"]}]}<\/script>\n<!-- \/ Yoast SEO plugin. -->","yoast_head_json":{"title":"Gph Diffusion Revivable Brewer&#039;s Yeast - Morocco Price","description":"Gph Diffusion Revivable Brewer&#039;s Yeast","robots":{"index":"index","follow":"follow","max-snippet":"max-snippet:-1","max-image-preview":"max-image-preview:large","max-video-preview":"max-video-preview:-1"},"canonical":"https:\/\/vitablanca.ma\/en\/product\/gph-diffusion-levure-de-biere-revivifiable\/","og_locale":"en_US","og_type":"article","og_title":"Gph Diffusion Levure de Bi\u00e8re Revivifiable - Maroc Prix","og_description":"Gph Diffusion Levure de Bi\u00e8re Revivifiable","og_url":"https:\/\/vitablanca.ma\/en\/product\/gph-diffusion-levure-de-biere-revivifiable\/","og_site_name":"Vitablanca.ma &ndash; Sant&eacute;, vitalit&eacute; et bien-&ecirc;tre pour tous les Marocains","article_publisher":"https:\/\/www.facebook.com\/profile.php?id=61576678196717","article_modified_time":"2026-01-21T17:07:50+00:00","og_image":[{"width":800,"height":800,"url":"https:\/\/vitablanca.ma\/wp-content\/uploads\/2025\/06\/gph-diffusion-levure-de-biere-revivifiable-320-mg-boite-200-gelules.jpg","type":"image\/jpeg"}],"twitter_card":"summary_large_image","twitter_misc":{"Est. reading time":"1 minute"},"schema":{"@context":"https:\/\/schema.org","@graph":[{"@type":["WebPage","ItemPage"],"@id":"https:\/\/vitablanca.ma\/produit\/gph-diffusion-levure-de-biere-revivifiable\/","url":"https:\/\/vitablanca.ma\/produit\/gph-diffusion-levure-de-biere-revivifiable\/","name":"Gph Diffusion Revivable Brewer&#039;s Yeast - Morocco Price","isPartOf":{"@id":"https:\/\/vitablanca.ma\/#website"},"primaryImageOfPage":{"@id":"https:\/\/vitablanca.ma\/produit\/gph-diffusion-levure-de-biere-revivifiable\/#primaryimage"},"image":{"@id":"https:\/\/vitablanca.ma\/produit\/gph-diffusion-levure-de-biere-revivifiable\/#primaryimage"},"thumbnailUrl":"https:\/\/vitablanca.ma\/wp-content\/uploads\/2025\/06\/gph-diffusion-levure-de-biere-revivifiable-320-mg-boite-200-gelules.jpg","datePublished":"2025-06-10T17:45:20+00:00","dateModified":"2026-01-21T17:07:50+00:00","description":"Gph Diffusion Revivable Brewer&#039;s Yeast","breadcrumb":{"@id":"https:\/\/vitablanca.ma\/produit\/gph-diffusion-levure-de-biere-revivifiable\/#breadcrumb"},"inLanguage":"en-US","potentialAction":[{"@type":"ReadAction","target":["https:\/\/vitablanca.ma\/produit\/gph-diffusion-levure-de-biere-revivifiable\/"]}]},{"@type":"ImageObject","inLanguage":"en-US","@id":"https:\/\/vitablanca.ma\/produit\/gph-diffusion-levure-de-biere-revivifiable\/#primaryimage","url":"https:\/\/vitablanca.ma\/wp-content\/uploads\/2025\/06\/gph-diffusion-levure-de-biere-revivifiable-320-mg-boite-200-gelules.jpg","contentUrl":"https:\/\/vitablanca.ma\/wp-content\/uploads\/2025\/06\/gph-diffusion-levure-de-biere-revivifiable-320-mg-boite-200-gelules.jpg","width":800,"height":800},{"@type":"BreadcrumbList","@id":"https:\/\/vitablanca.ma\/produit\/gph-diffusion-levure-de-biere-revivifiable\/#breadcrumb","itemListElement":[{"@type":"ListItem","position":1,"name":"Home","item":"https:\/\/vitablanca.ma\/"},{"@type":"ListItem","position":2,"name":"Tous Les Produits","item":"https:\/\/vitablanca.ma\/tous-les-produits\/"},{"@type":"ListItem","position":3,"name":"Gph Diffusion Levure de Bi\u00e8re Revivifiable"}]},{"@type":"WebSite","@id":"https:\/\/vitablanca.ma\/#website","url":"https:\/\/vitablanca.ma\/","name":"VitaBlanca.ma | Food supplements, health &amp; beauty in Morocco","description":"sell premium vitamins and supplements from USA &amp; Canada, New Zealand, Morocco (NOW Foods, Solgar, Manuka). Fast delivery anywhere in Morocco.","publisher":{"@id":"https:\/\/vitablanca.ma\/#organization"},"alternateName":"VitaBlanca.ma","potentialAction":[{"@type":"SearchAction","target":{"@type":"EntryPoint","urlTemplate":"https:\/\/vitablanca.ma\/?s={search_term_string}"},"query-input":{"@type":"PropertyValueSpecification","valueRequired":true,"valueName":"search_term_string"}}],"inLanguage":"en-US"},{"@type":"Organization","@id":"https:\/\/vitablanca.ma\/#organization","name":"VitaBlanca","url":"https:\/\/vitablanca.ma\/","logo":{"@type":"ImageObject","inLanguage":"en-US","@id":"https:\/\/vitablanca.ma\/#\/schema\/logo\/image\/","url":"https:\/\/vitablanca.ma\/wp-content\/uploads\/2025\/05\/cropped-vitablanca.png","contentUrl":"https:\/\/vitablanca.ma\/wp-content\/uploads\/2025\/05\/cropped-vitablanca.png","width":360,"height":67,"caption":"VitaBlanca"},"image":{"@id":"https:\/\/vitablanca.ma\/#\/schema\/logo\/image\/"},"sameAs":["https:\/\/www.facebook.com\/profile.php?id=61576678196717","https:\/\/www.tiktok.com\/@vitablanca.ma","https:\/\/www.instagram.com\/vitablanca.ma\/"]}]}},"jetpack_sharing_enabled":true,"_links":{"self":[{"href":"https:\/\/vitablanca.ma\/en\/wp-json\/wp\/v2\/product\/19014","targetHints":{"allow":["GET"]}}],"collection":[{"href":"https:\/\/vitablanca.ma\/en\/wp-json\/wp\/v2\/product"}],"about":[{"href":"https:\/\/vitablanca.ma\/en\/wp-json\/wp\/v2\/types\/product"}],"wp:featuredmedia":[{"embeddable":true,"href":"https:\/\/vitablanca.ma\/en\/wp-json\/wp\/v2\/media\/19012"}],"wp:attachment":[{"href":"https:\/\/vitablanca.ma\/en\/wp-json\/wp\/v2\/media?parent=19014"}],"wp:term":[{"taxonomy":"product_brand","embeddable":true,"href":"https:\/\/vitablanca.ma\/en\/wp-json\/wp\/v2\/product_brand?post=19014"},{"taxonomy":"product_cat","embeddable":true,"href":"https:\/\/vitablanca.ma\/en\/wp-json\/wp\/v2\/product_cat?post=19014"},{"taxonomy":"product_tag","embeddable":true,"href":"https:\/\/vitablanca.ma\/en\/wp-json\/wp\/v2\/product_tag?post=19014"}],"curies":[{"name":"wp","href":"https:\/\/api.w.org\/{rel}","templated":true}]}}