{"id":18925,"date":"2025-06-10T17:41:18","date_gmt":"2025-06-10T17:41:18","guid":{"rendered":"https:\/\/vitablanca.ma\/product\/isdin-shampoing-lambdapil-anti-hair-loss-lambdapil-200ml\/"},"modified":"2025-06-10T17:41:18","modified_gmt":"2025-06-10T17:41:18","slug":"isdin-shampoing-lambdapil-anti-hair-loss-lambdapil-200ml","status":"publish","type":"product","link":"https:\/\/vitablanca.ma\/en\/product\/isdin-shampoing-lambdapil-anti-hair-loss-lambdapil-200ml\/","title":{"rendered":"Isdin Lambdapil Anti-Hair Loss Lambdapil Shampoo 200ml"},"content":{"rendered":"<h2>Isdin Lambdapil Anti-Hair Loss Lambdapil Shampoo<\/h2>\n<p>200ml<\/p>\n<h3>Description:<\/h3>\n<div class=\"indicaciones-main_info\">\n<p><span>Helps reduce hair loss and increase hair density.<span>\u00a0<\/span>With<span>\u00a0<\/span><\/span><em><span>Serenoa repens<\/span><\/em><span><span>\u00a0<\/span>and Trichogen Active Complex.<\/span><\/p>\n<h3>\n<span>Benefits:<\/span><i class=\"fa pull-right fa-minus\"><\/i><br \/>\n<\/h3>\n<div class=\"zoneContainer\">\n<p><span>Its exclusive combination of ingredients stimulates the hair follicle, helping to reduce hair loss and increase hair density.<\/span><\/p>\n<p><span>Nourishes and strengthens hair, increasing thickness, strength and fullness.\u00a0<\/span><\/p>\n<p><span>It is especially recommended for men and women who suffer from excessive hair loss, while its conditioning agents make it perfect for frequent use.\u00a0<\/span><\/p>\n<p><span>An ideal complement to Lambdapil anti-hair loss lotion.<span>\u00a0<\/span>Dermatologically tested.<\/span><\/p>\n<h3>\n<span>How to use<\/span><i class=\"fa pull-right fa-minus\"><\/i><br \/>\n<\/h3>\n<div class=\"zoneContainer\">\n<p><span>Apply to wet hair and gently massage into hair and scalp to lather.<span>\u00a0<\/span>Rinse with water and repeat this operation with a deep massage, leaving the foam to work for a few minutes.<span>\u00a0<\/span>Rinse with water.<\/span><\/p>\n<\/div>\n<\/div>\n<\/div>","protected":false},"excerpt":{"rendered":"<p>Isdin Shampoing Lambdapil Anti-Hair Loss Lambdapil 200ml Description: Aide \u00e0 r\u00e9duire la perte de cheveux et \u00e0 augmenter la densit\u00e9 des cheveux.\u00a0Avec\u00a0Serenoa repens\u00a0et Trichogen Active Complex. Avantages: Sa combinaison exclusive d&rsquo;ingr\u00e9dients stimule le follicule pileux, aidant ainsi \u00e0 r\u00e9duire la chute des cheveux et \u00e0 augmenter la densit\u00e9 des cheveux. Nourrit et renforce les cheveux, [&hellip;]<\/p>\n","protected":false},"featured_media":18922,"template":"","meta":{"om_disable_all_campaigns":false},"product_brand":[],"product_cat":[15],"product_tag":[],"class_list":{"0":"post-18925","1":"product","2":"type-product","3":"status-publish","4":"has-post-thumbnail","6":"product_cat-beaute-sante-complements-alimentaires-soins-et-bien-etre-au-meilleur-prix","8":"first","9":"instock","10":"sale","11":"taxable","12":"shipping-taxable","13":"purchasable","14":"product-type-simple"},"yoast_head":"<!-- This site is optimized with the Yoast SEO plugin v27.4 - https:\/\/yoast.com\/product\/yoast-seo-wordpress\/ -->\n<title>Isdin Shampoing Lambdapil Anti-Hair Loss Lambdapil 200ml - Maroc Prix<\/title>\n<meta name=\"description\" content=\"Isdin Shampoing Lambdapil Anti-Hair Loss Lambdapil 200ml\" \/>\n<meta name=\"robots\" content=\"index, follow, max-snippet:-1, max-image-preview:large, max-video-preview:-1\" \/>\n<link rel=\"canonical\" href=\"https:\/\/vitablanca.ma\/en\/product\/isdin-shampoing-lambdapil-anti-hair-loss-lambdapil-200ml\/\" \/>\n<meta property=\"og:locale\" content=\"en_US\" \/>\n<meta property=\"og:type\" content=\"article\" \/>\n<meta property=\"og:title\" content=\"Isdin Shampoing Lambdapil Anti-Hair Loss Lambdapil 200ml - Maroc Prix\" \/>\n<meta property=\"og:description\" content=\"Isdin Shampoing Lambdapil Anti-Hair Loss Lambdapil 200ml\" \/>\n<meta property=\"og:url\" content=\"https:\/\/vitablanca.ma\/en\/product\/isdin-shampoing-lambdapil-anti-hair-loss-lambdapil-200ml\/\" \/>\n<meta property=\"og:site_name\" content=\"Vitablanca.ma &ndash; Sant&eacute;, vitalit&eacute; et bien-&ecirc;tre pour tous les Marocains\" \/>\n<meta property=\"article:publisher\" content=\"https:\/\/www.facebook.com\/profile.php?id=61576678196717\" \/>\n<meta property=\"og:image\" content=\"https:\/\/vitablanca.ma\/wp-content\/uploads\/2025\/06\/Isdin-Shampoing-Lambdapil-Anti-Hair-Loss-Lambdapil-200ml-prix-maroc-parapharmacie-casablanca.jpg\" \/>\n\t<meta property=\"og:image:width\" content=\"1000\" \/>\n\t<meta property=\"og:image:height\" content=\"1000\" \/>\n\t<meta property=\"og:image:type\" content=\"image\/jpeg\" \/>\n<meta name=\"twitter:card\" content=\"summary_large_image\" \/>\n<meta name=\"twitter:label1\" content=\"Est. reading time\" \/>\n\t<meta name=\"twitter:data1\" content=\"1 minute\" \/>\n<script type=\"application\/ld+json\" class=\"yoast-schema-graph\">{\"@context\":\"https:\\\/\\\/schema.org\",\"@graph\":[{\"@type\":[\"WebPage\",\"ItemPage\"],\"@id\":\"https:\\\/\\\/vitablanca.ma\\\/produit\\\/isdin-shampoing-lambdapil-anti-hair-loss-lambdapil-200ml\\\/\",\"url\":\"https:\\\/\\\/vitablanca.ma\\\/produit\\\/isdin-shampoing-lambdapil-anti-hair-loss-lambdapil-200ml\\\/\",\"name\":\"Isdin Shampoing Lambdapil Anti-Hair Loss Lambdapil 200ml - Maroc Prix\",\"isPartOf\":{\"@id\":\"https:\\\/\\\/vitablanca.ma\\\/#website\"},\"primaryImageOfPage\":{\"@id\":\"https:\\\/\\\/vitablanca.ma\\\/produit\\\/isdin-shampoing-lambdapil-anti-hair-loss-lambdapil-200ml\\\/#primaryimage\"},\"image\":{\"@id\":\"https:\\\/\\\/vitablanca.ma\\\/produit\\\/isdin-shampoing-lambdapil-anti-hair-loss-lambdapil-200ml\\\/#primaryimage\"},\"thumbnailUrl\":\"https:\\\/\\\/vitablanca.ma\\\/wp-content\\\/uploads\\\/2025\\\/06\\\/Isdin-Shampoing-Lambdapil-Anti-Hair-Loss-Lambdapil-200ml-prix-maroc-parapharmacie-casablanca.jpg\",\"datePublished\":\"2025-06-10T17:41:18+00:00\",\"description\":\"Isdin Shampoing Lambdapil Anti-Hair Loss Lambdapil 200ml\",\"breadcrumb\":{\"@id\":\"https:\\\/\\\/vitablanca.ma\\\/produit\\\/isdin-shampoing-lambdapil-anti-hair-loss-lambdapil-200ml\\\/#breadcrumb\"},\"inLanguage\":\"en-US\",\"potentialAction\":[{\"@type\":\"ReadAction\",\"target\":[\"https:\\\/\\\/vitablanca.ma\\\/produit\\\/isdin-shampoing-lambdapil-anti-hair-loss-lambdapil-200ml\\\/\"]}]},{\"@type\":\"ImageObject\",\"inLanguage\":\"en-US\",\"@id\":\"https:\\\/\\\/vitablanca.ma\\\/produit\\\/isdin-shampoing-lambdapil-anti-hair-loss-lambdapil-200ml\\\/#primaryimage\",\"url\":\"https:\\\/\\\/vitablanca.ma\\\/wp-content\\\/uploads\\\/2025\\\/06\\\/Isdin-Shampoing-Lambdapil-Anti-Hair-Loss-Lambdapil-200ml-prix-maroc-parapharmacie-casablanca.jpg\",\"contentUrl\":\"https:\\\/\\\/vitablanca.ma\\\/wp-content\\\/uploads\\\/2025\\\/06\\\/Isdin-Shampoing-Lambdapil-Anti-Hair-Loss-Lambdapil-200ml-prix-maroc-parapharmacie-casablanca.jpg\",\"width\":1000,\"height\":1000},{\"@type\":\"BreadcrumbList\",\"@id\":\"https:\\\/\\\/vitablanca.ma\\\/produit\\\/isdin-shampoing-lambdapil-anti-hair-loss-lambdapil-200ml\\\/#breadcrumb\",\"itemListElement\":[{\"@type\":\"ListItem\",\"position\":1,\"name\":\"Home\",\"item\":\"https:\\\/\\\/vitablanca.ma\\\/\"},{\"@type\":\"ListItem\",\"position\":2,\"name\":\"Tous Les Produits\",\"item\":\"https:\\\/\\\/vitablanca.ma\\\/tous-les-produits\\\/\"},{\"@type\":\"ListItem\",\"position\":3,\"name\":\"Isdin Shampoing Lambdapil Anti-Hair Loss Lambdapil 200ml\"}]},{\"@type\":\"WebSite\",\"@id\":\"https:\\\/\\\/vitablanca.ma\\\/#website\",\"url\":\"https:\\\/\\\/vitablanca.ma\\\/\",\"name\":\"VitaBlanca.ma | Compl\u00e9ments alimentaires, sant\u00e9 & beaut\u00e9 au Maroc\",\"description\":\"vendre vitamines et compl\u00e9ments premium des USA &amp; Canada, Nouvelle Z\u00e9lande,Maroc (NOW Foods, Solgar, Manuka). Livraison rapide partout au Maroc.\",\"publisher\":{\"@id\":\"https:\\\/\\\/vitablanca.ma\\\/#organization\"},\"alternateName\":\"VitaBlanca.ma\",\"potentialAction\":[{\"@type\":\"SearchAction\",\"target\":{\"@type\":\"EntryPoint\",\"urlTemplate\":\"https:\\\/\\\/vitablanca.ma\\\/?s={search_term_string}\"},\"query-input\":{\"@type\":\"PropertyValueSpecification\",\"valueRequired\":true,\"valueName\":\"search_term_string\"}}],\"inLanguage\":\"en-US\"},{\"@type\":\"Organization\",\"@id\":\"https:\\\/\\\/vitablanca.ma\\\/#organization\",\"name\":\"VitaBlanca\",\"url\":\"https:\\\/\\\/vitablanca.ma\\\/\",\"logo\":{\"@type\":\"ImageObject\",\"inLanguage\":\"en-US\",\"@id\":\"https:\\\/\\\/vitablanca.ma\\\/#\\\/schema\\\/logo\\\/image\\\/\",\"url\":\"https:\\\/\\\/vitablanca.ma\\\/wp-content\\\/uploads\\\/2025\\\/05\\\/cropped-vitablanca.png\",\"contentUrl\":\"https:\\\/\\\/vitablanca.ma\\\/wp-content\\\/uploads\\\/2025\\\/05\\\/cropped-vitablanca.png\",\"width\":360,\"height\":67,\"caption\":\"VitaBlanca\"},\"image\":{\"@id\":\"https:\\\/\\\/vitablanca.ma\\\/#\\\/schema\\\/logo\\\/image\\\/\"},\"sameAs\":[\"https:\\\/\\\/www.facebook.com\\\/profile.php?id=61576678196717\",\"https:\\\/\\\/www.tiktok.com\\\/@vitablanca.ma\",\"https:\\\/\\\/www.instagram.com\\\/vitablanca.ma\\\/\"]}]}<\/script>\n<!-- \/ Yoast SEO plugin. -->","yoast_head_json":{"title":"Isdin Lambdapil Anti-Hair Loss Lambdapil Shampoo 200ml - Morocco Price","description":"Isdin Lambdapil Anti-Hair Loss Lambdapil Shampoo 200ml","robots":{"index":"index","follow":"follow","max-snippet":"max-snippet:-1","max-image-preview":"max-image-preview:large","max-video-preview":"max-video-preview:-1"},"canonical":"https:\/\/vitablanca.ma\/en\/product\/isdin-shampoing-lambdapil-anti-hair-loss-lambdapil-200ml\/","og_locale":"en_US","og_type":"article","og_title":"Isdin Shampoing Lambdapil Anti-Hair Loss Lambdapil 200ml - Maroc Prix","og_description":"Isdin Shampoing Lambdapil Anti-Hair Loss Lambdapil 200ml","og_url":"https:\/\/vitablanca.ma\/en\/product\/isdin-shampoing-lambdapil-anti-hair-loss-lambdapil-200ml\/","og_site_name":"Vitablanca.ma &ndash; Sant&eacute;, vitalit&eacute; et bien-&ecirc;tre pour tous les Marocains","article_publisher":"https:\/\/www.facebook.com\/profile.php?id=61576678196717","og_image":[{"width":1000,"height":1000,"url":"https:\/\/vitablanca.ma\/wp-content\/uploads\/2025\/06\/Isdin-Shampoing-Lambdapil-Anti-Hair-Loss-Lambdapil-200ml-prix-maroc-parapharmacie-casablanca.jpg","type":"image\/jpeg"}],"twitter_card":"summary_large_image","twitter_misc":{"Est. reading time":"1 minute"},"schema":{"@context":"https:\/\/schema.org","@graph":[{"@type":["WebPage","ItemPage"],"@id":"https:\/\/vitablanca.ma\/produit\/isdin-shampoing-lambdapil-anti-hair-loss-lambdapil-200ml\/","url":"https:\/\/vitablanca.ma\/produit\/isdin-shampoing-lambdapil-anti-hair-loss-lambdapil-200ml\/","name":"Isdin Lambdapil Anti-Hair Loss Lambdapil Shampoo 200ml - Morocco Price","isPartOf":{"@id":"https:\/\/vitablanca.ma\/#website"},"primaryImageOfPage":{"@id":"https:\/\/vitablanca.ma\/produit\/isdin-shampoing-lambdapil-anti-hair-loss-lambdapil-200ml\/#primaryimage"},"image":{"@id":"https:\/\/vitablanca.ma\/produit\/isdin-shampoing-lambdapil-anti-hair-loss-lambdapil-200ml\/#primaryimage"},"thumbnailUrl":"https:\/\/vitablanca.ma\/wp-content\/uploads\/2025\/06\/Isdin-Shampoing-Lambdapil-Anti-Hair-Loss-Lambdapil-200ml-prix-maroc-parapharmacie-casablanca.jpg","datePublished":"2025-06-10T17:41:18+00:00","description":"Isdin Lambdapil Anti-Hair Loss Lambdapil Shampoo 200ml","breadcrumb":{"@id":"https:\/\/vitablanca.ma\/produit\/isdin-shampoing-lambdapil-anti-hair-loss-lambdapil-200ml\/#breadcrumb"},"inLanguage":"en-US","potentialAction":[{"@type":"ReadAction","target":["https:\/\/vitablanca.ma\/produit\/isdin-shampoing-lambdapil-anti-hair-loss-lambdapil-200ml\/"]}]},{"@type":"ImageObject","inLanguage":"en-US","@id":"https:\/\/vitablanca.ma\/produit\/isdin-shampoing-lambdapil-anti-hair-loss-lambdapil-200ml\/#primaryimage","url":"https:\/\/vitablanca.ma\/wp-content\/uploads\/2025\/06\/Isdin-Shampoing-Lambdapil-Anti-Hair-Loss-Lambdapil-200ml-prix-maroc-parapharmacie-casablanca.jpg","contentUrl":"https:\/\/vitablanca.ma\/wp-content\/uploads\/2025\/06\/Isdin-Shampoing-Lambdapil-Anti-Hair-Loss-Lambdapil-200ml-prix-maroc-parapharmacie-casablanca.jpg","width":1000,"height":1000},{"@type":"BreadcrumbList","@id":"https:\/\/vitablanca.ma\/produit\/isdin-shampoing-lambdapil-anti-hair-loss-lambdapil-200ml\/#breadcrumb","itemListElement":[{"@type":"ListItem","position":1,"name":"Home","item":"https:\/\/vitablanca.ma\/"},{"@type":"ListItem","position":2,"name":"Tous Les Produits","item":"https:\/\/vitablanca.ma\/tous-les-produits\/"},{"@type":"ListItem","position":3,"name":"Isdin Shampoing Lambdapil Anti-Hair Loss Lambdapil 200ml"}]},{"@type":"WebSite","@id":"https:\/\/vitablanca.ma\/#website","url":"https:\/\/vitablanca.ma\/","name":"VitaBlanca.ma | Food supplements, health &amp; beauty in Morocco","description":"sell premium vitamins and supplements from USA &amp; Canada, New Zealand, Morocco (NOW Foods, Solgar, Manuka). Fast delivery anywhere in Morocco.","publisher":{"@id":"https:\/\/vitablanca.ma\/#organization"},"alternateName":"VitaBlanca.ma","potentialAction":[{"@type":"SearchAction","target":{"@type":"EntryPoint","urlTemplate":"https:\/\/vitablanca.ma\/?s={search_term_string}"},"query-input":{"@type":"PropertyValueSpecification","valueRequired":true,"valueName":"search_term_string"}}],"inLanguage":"en-US"},{"@type":"Organization","@id":"https:\/\/vitablanca.ma\/#organization","name":"VitaBlanca","url":"https:\/\/vitablanca.ma\/","logo":{"@type":"ImageObject","inLanguage":"en-US","@id":"https:\/\/vitablanca.ma\/#\/schema\/logo\/image\/","url":"https:\/\/vitablanca.ma\/wp-content\/uploads\/2025\/05\/cropped-vitablanca.png","contentUrl":"https:\/\/vitablanca.ma\/wp-content\/uploads\/2025\/05\/cropped-vitablanca.png","width":360,"height":67,"caption":"VitaBlanca"},"image":{"@id":"https:\/\/vitablanca.ma\/#\/schema\/logo\/image\/"},"sameAs":["https:\/\/www.facebook.com\/profile.php?id=61576678196717","https:\/\/www.tiktok.com\/@vitablanca.ma","https:\/\/www.instagram.com\/vitablanca.ma\/"]}]}},"jetpack_sharing_enabled":true,"_links":{"self":[{"href":"https:\/\/vitablanca.ma\/en\/wp-json\/wp\/v2\/product\/18925","targetHints":{"allow":["GET"]}}],"collection":[{"href":"https:\/\/vitablanca.ma\/en\/wp-json\/wp\/v2\/product"}],"about":[{"href":"https:\/\/vitablanca.ma\/en\/wp-json\/wp\/v2\/types\/product"}],"wp:featuredmedia":[{"embeddable":true,"href":"https:\/\/vitablanca.ma\/en\/wp-json\/wp\/v2\/media\/18922"}],"wp:attachment":[{"href":"https:\/\/vitablanca.ma\/en\/wp-json\/wp\/v2\/media?parent=18925"}],"wp:term":[{"taxonomy":"product_brand","embeddable":true,"href":"https:\/\/vitablanca.ma\/en\/wp-json\/wp\/v2\/product_brand?post=18925"},{"taxonomy":"product_cat","embeddable":true,"href":"https:\/\/vitablanca.ma\/en\/wp-json\/wp\/v2\/product_cat?post=18925"},{"taxonomy":"product_tag","embeddable":true,"href":"https:\/\/vitablanca.ma\/en\/wp-json\/wp\/v2\/product_tag?post=18925"}],"curies":[{"name":"wp","href":"https:\/\/api.w.org\/{rel}","templated":true}]}}