{"id":18917,"date":"2025-06-10T17:41:03","date_gmt":"2025-06-10T17:41:03","guid":{"rendered":"https:\/\/vitablanca.ma\/product\/gph-diffusion-echinacea-210-mg-200-gelules\/"},"modified":"2026-01-21T17:07:53","modified_gmt":"2026-01-21T17:07:53","slug":"gph-diffusion-echinacea-210-mg-200-gelules","status":"publish","type":"product","link":"https:\/\/vitablanca.ma\/en\/product\/gph-diffusion-echinacea-210-mg-200-gelules\/","title":{"rendered":"GPH DIFFUSION Echinacea 210 Mg | 200 Capsules"},"content":{"rendered":"<p>Bien qu\u2019il existe 9 esp\u00e8ces d\u2019echinacea, 3 sont appr\u00e9ci\u00e9es en naturopathie.<\/p>\n<p>L\u2019\u00e9chinac\u00e9e pourpre est facile \u00e0 cultiver. Elle fleurit la premi\u00e8re ann\u00e9e mais ne donne que peu de rhizomes, ce qui oblige bien souvent le cueilleur \u00e0 attendre la deuxi\u00e8me ou troisi\u00e8me ann\u00e9e pour en faire la r\u00e9colte. Sa racine est fibreuse, odorante et savoureuse.<\/p>\n<p>L\u2019\u00e9chinac\u00e9e p\u00e2le produit des racines assez volumineuses d\u00e8s la premi\u00e8re ann\u00e9e mais ne d\u00e9veloppe ses fleurs qu\u2019\u00e0 partir de la seconde ann\u00e9e. Ses tubercules sont pivotants.<\/p>\n<p>Quant \u00e0 l\u2019\u00e9chinac\u00e9e angustifolia, bien que pris\u00e9e autant pour ses effets b\u00e9n\u00e9fiques que pour la beaut\u00e9 de ses fleurs, elle est la plus difficile \u00e0 exploit\u00e9e. Certaines esp\u00e8ces sont employ\u00e9es traditionnellement dans la restauration des prairies ou pour fabriquer du fourrage depuis de nombreuses ann\u00e9es. Dans leur milieu naturel, les racines d\u2019\u00e9chinac\u00e9e \u00e9taient autrefois utilis\u00e9es par les indiens d\u2019Am\u00e9rique qui en appr\u00e9ciait les vertus.\u00a0<\/p>\n<p><span>Directions for use:<\/span><\/p>\n<p>2 g\u00e9lules par jour avec un grand verre d&rsquo;eau au cours des repas et dans le cadre d&rsquo;une alimentation \u00e9quilibr\u00e9e. Tenir hors de port\u00e9e des enfants.<\/p>\n<p>Do not exceed the recommended daily dose.<\/p>\n<p><span>Active ingredients<\/span><\/p>\n<p>Echinac\u00e9e : Diff\u00e9rentes esp\u00e8ces d\u2019\u00e9chinac\u00e9es sont utilis\u00e9es depuis des ann\u00e9es en Am\u00e9rique du Nord pour leur suppos\u00e9e action immunostimulante, dans la pr\u00e9vention et le traitement des rhumes, de la grippe et des infections respiratoires en g\u00e9n\u00e9ral. Propri\u00e9t\u00e9s : Des \u00e9tudes r\u00e9centes sur l\u2019\u00e9chinac\u00e9e confirment que la racine poss\u00e8de des propri\u00e9t\u00e9s immunomodulatrices, agissant sur l\u2019activation des diff\u00e9rentes cellules de l\u2019immunit\u00e9. Cette action est due \u00e0 la synergie des deux principales familles d\u2019actifs de la racine, soit les alkylamides et les polysaccharides. De plus, ses propri\u00e9t\u00e9s anti-bact\u00e9riennes et antivirales font de cette plante la plante majeure dans la pr\u00e9vention des infections ORL \u00e0 r\u00e9p\u00e9tition. Avis des autorit\u00e9s internationales : L\u2019Organisation mondiale de la sant\u00e9 (OMS) reconna\u00eet l\u2019usage traditionnel de la racine d\u2019Echinacea angustifolia ainsi que des feuilles et fleurs d\u2019E. purpurea \u00ab dans le traitement des rhumes et des infections des voies respiratoires sup\u00e9rieures, du fait de leur action immunostimulante \u00bb, mais \u00e9galement \u00ab dans le traitement des infectons urinaires \u00bb et, pour E. purpurea, \u00ab dans l\u2019am\u00e9lioration de la cicatrisation des plaies et le traitement des inflammations cutan\u00e9es \u00bb. La Commission E du minist\u00e8re de la Sant\u00e9 allemand reconna\u00eet l\u2019usage d\u2019Echinacea purpurea comme \u00ab traitement de soutien contre les rhumes, ainsi que contre les infections des voies respiratoires et des voies urinaires basses \u00bb, et localement \u00ab sur les plaies cicatrisant mal ou les ulc\u00e9rations chroniques \u00bb. La Coop\u00e9ration scientifique europ\u00e9enne en phytoth\u00e9rapie (ESCOP) consid\u00e8re que les \u00e9chinac\u00e9es sont \u00ab une th\u00e9rapie compl\u00e9mentaire et pr\u00e9ventive des infections respiratoires r\u00e9cidivantes ainsi que des infections des voies urinaires \u00bb. Pr\u00e9cautions d&#8217;emploi : En pr\u00e9vention, pr\u00e9f\u00e9rez des cures de 5 jours sur 7 ou de 1 semaine par mois. En cas de maladie auto-immune ou progressive demandez conseil \u00e0 votre m\u00e9decin. Contre-indiqu\u00e9e chez les personnes allergiques aux Ast\u00e9rac\u00e9es.<\/p>","protected":false},"excerpt":{"rendered":"<p>Bien qu\u2019il existe 9 esp\u00e8ces d\u2019echinacea, 3 sont appr\u00e9ci\u00e9es en naturopathie. L\u2019\u00e9chinac\u00e9e pourpre est facile \u00e0 cultiver. Elle fleurit la premi\u00e8re ann\u00e9e mais ne donne que peu de rhizomes, ce qui oblige bien souvent le cueilleur \u00e0 attendre la deuxi\u00e8me ou troisi\u00e8me ann\u00e9e pour en faire la r\u00e9colte. Sa racine est fibreuse, odorante et savoureuse. [&hellip;]<\/p>\n","protected":false},"featured_media":18916,"template":"","meta":{"om_disable_all_campaigns":false},"product_brand":[5979],"product_cat":[18,15,3366],"product_tag":[],"class_list":{"0":"post-18917","1":"product","2":"type-product","3":"status-publish","4":"has-post-thumbnail","6":"product_brand-gph-maroc-prix","7":"product_cat-beaute-sante","8":"product_cat-beaute-sante-complements-alimentaires-soins-et-bien-etre-au-meilleur-prix","9":"product_cat-complements-alimentaires-au-maroc-vitablanca","11":"first","12":"instock","13":"sale","14":"taxable","15":"shipping-taxable","16":"purchasable","17":"product-type-simple"},"yoast_head":"<!-- This site is optimized with the Yoast SEO plugin v27.4 - https:\/\/yoast.com\/product\/yoast-seo-wordpress\/ -->\n<title>GPH DIFFUSION Echinacea 210 Mg | 200 G\u00e9lules - Maroc Prix<\/title>\n<meta name=\"description\" content=\"GPH DIFFUSION Echinacea 210 Mg | 200 G\u00e9lules\" \/>\n<meta name=\"robots\" content=\"index, follow, max-snippet:-1, max-image-preview:large, max-video-preview:-1\" \/>\n<link rel=\"canonical\" href=\"https:\/\/vitablanca.ma\/en\/product\/gph-diffusion-echinacea-210-mg-200-gelules\/\" \/>\n<meta property=\"og:locale\" content=\"en_US\" \/>\n<meta property=\"og:type\" content=\"article\" \/>\n<meta property=\"og:title\" content=\"GPH DIFFUSION Echinacea 210 Mg | 200 G\u00e9lules - Maroc Prix\" \/>\n<meta property=\"og:description\" content=\"GPH DIFFUSION Echinacea 210 Mg | 200 G\u00e9lules\" \/>\n<meta property=\"og:url\" content=\"https:\/\/vitablanca.ma\/en\/product\/gph-diffusion-echinacea-210-mg-200-gelules\/\" \/>\n<meta property=\"og:site_name\" content=\"Vitablanca.ma &ndash; Sant&eacute;, vitalit&eacute; et bien-&ecirc;tre pour tous les Marocains\" \/>\n<meta property=\"article:publisher\" content=\"https:\/\/www.facebook.com\/profile.php?id=61576678196717\" \/>\n<meta property=\"article:modified_time\" content=\"2026-01-21T17:07:53+00:00\" \/>\n<meta property=\"og:image\" content=\"https:\/\/vitablanca.ma\/wp-content\/uploads\/2025\/06\/gph-diffusion-echinacea-210-mg-l-200-gelules-Nova-para-Maroc.jpg\" \/>\n\t<meta property=\"og:image:width\" content=\"800\" \/>\n\t<meta property=\"og:image:height\" content=\"800\" \/>\n\t<meta property=\"og:image:type\" content=\"image\/jpeg\" \/>\n<meta name=\"twitter:card\" content=\"summary_large_image\" \/>\n<meta name=\"twitter:label1\" content=\"Est. reading time\" \/>\n\t<meta name=\"twitter:data1\" content=\"3 minutes\" \/>\n<script type=\"application\/ld+json\" class=\"yoast-schema-graph\">{\"@context\":\"https:\\\/\\\/schema.org\",\"@graph\":[{\"@type\":[\"WebPage\",\"ItemPage\"],\"@id\":\"https:\\\/\\\/vitablanca.ma\\\/produit\\\/gph-diffusion-echinacea-210-mg-200-gelules\\\/\",\"url\":\"https:\\\/\\\/vitablanca.ma\\\/produit\\\/gph-diffusion-echinacea-210-mg-200-gelules\\\/\",\"name\":\"GPH DIFFUSION Echinacea 210 Mg | 200 G\u00e9lules - Maroc Prix\",\"isPartOf\":{\"@id\":\"https:\\\/\\\/vitablanca.ma\\\/#website\"},\"primaryImageOfPage\":{\"@id\":\"https:\\\/\\\/vitablanca.ma\\\/produit\\\/gph-diffusion-echinacea-210-mg-200-gelules\\\/#primaryimage\"},\"image\":{\"@id\":\"https:\\\/\\\/vitablanca.ma\\\/produit\\\/gph-diffusion-echinacea-210-mg-200-gelules\\\/#primaryimage\"},\"thumbnailUrl\":\"https:\\\/\\\/vitablanca.ma\\\/wp-content\\\/uploads\\\/2025\\\/06\\\/gph-diffusion-echinacea-210-mg-l-200-gelules-Nova-para-Maroc.jpg\",\"datePublished\":\"2025-06-10T17:41:03+00:00\",\"dateModified\":\"2026-01-21T17:07:53+00:00\",\"description\":\"GPH DIFFUSION Echinacea 210 Mg | 200 G\u00e9lules\",\"breadcrumb\":{\"@id\":\"https:\\\/\\\/vitablanca.ma\\\/produit\\\/gph-diffusion-echinacea-210-mg-200-gelules\\\/#breadcrumb\"},\"inLanguage\":\"en-US\",\"potentialAction\":[{\"@type\":\"ReadAction\",\"target\":[\"https:\\\/\\\/vitablanca.ma\\\/produit\\\/gph-diffusion-echinacea-210-mg-200-gelules\\\/\"]}]},{\"@type\":\"ImageObject\",\"inLanguage\":\"en-US\",\"@id\":\"https:\\\/\\\/vitablanca.ma\\\/produit\\\/gph-diffusion-echinacea-210-mg-200-gelules\\\/#primaryimage\",\"url\":\"https:\\\/\\\/vitablanca.ma\\\/wp-content\\\/uploads\\\/2025\\\/06\\\/gph-diffusion-echinacea-210-mg-l-200-gelules-Nova-para-Maroc.jpg\",\"contentUrl\":\"https:\\\/\\\/vitablanca.ma\\\/wp-content\\\/uploads\\\/2025\\\/06\\\/gph-diffusion-echinacea-210-mg-l-200-gelules-Nova-para-Maroc.jpg\",\"width\":800,\"height\":800},{\"@type\":\"BreadcrumbList\",\"@id\":\"https:\\\/\\\/vitablanca.ma\\\/produit\\\/gph-diffusion-echinacea-210-mg-200-gelules\\\/#breadcrumb\",\"itemListElement\":[{\"@type\":\"ListItem\",\"position\":1,\"name\":\"Home\",\"item\":\"https:\\\/\\\/vitablanca.ma\\\/\"},{\"@type\":\"ListItem\",\"position\":2,\"name\":\"Tous Les Produits\",\"item\":\"https:\\\/\\\/vitablanca.ma\\\/tous-les-produits\\\/\"},{\"@type\":\"ListItem\",\"position\":3,\"name\":\"GPH DIFFUSION Echinacea 210 Mg | 200 G\u00e9lules\"}]},{\"@type\":\"WebSite\",\"@id\":\"https:\\\/\\\/vitablanca.ma\\\/#website\",\"url\":\"https:\\\/\\\/vitablanca.ma\\\/\",\"name\":\"VitaBlanca.ma | Compl\u00e9ments alimentaires, sant\u00e9 & beaut\u00e9 au Maroc\",\"description\":\"vendre vitamines et compl\u00e9ments premium des USA &amp; Canada, Nouvelle Z\u00e9lande,Maroc (NOW Foods, Solgar, Manuka). Livraison rapide partout au Maroc.\",\"publisher\":{\"@id\":\"https:\\\/\\\/vitablanca.ma\\\/#organization\"},\"alternateName\":\"VitaBlanca.ma\",\"potentialAction\":[{\"@type\":\"SearchAction\",\"target\":{\"@type\":\"EntryPoint\",\"urlTemplate\":\"https:\\\/\\\/vitablanca.ma\\\/?s={search_term_string}\"},\"query-input\":{\"@type\":\"PropertyValueSpecification\",\"valueRequired\":true,\"valueName\":\"search_term_string\"}}],\"inLanguage\":\"en-US\"},{\"@type\":\"Organization\",\"@id\":\"https:\\\/\\\/vitablanca.ma\\\/#organization\",\"name\":\"VitaBlanca\",\"url\":\"https:\\\/\\\/vitablanca.ma\\\/\",\"logo\":{\"@type\":\"ImageObject\",\"inLanguage\":\"en-US\",\"@id\":\"https:\\\/\\\/vitablanca.ma\\\/#\\\/schema\\\/logo\\\/image\\\/\",\"url\":\"https:\\\/\\\/vitablanca.ma\\\/wp-content\\\/uploads\\\/2025\\\/05\\\/cropped-vitablanca.png\",\"contentUrl\":\"https:\\\/\\\/vitablanca.ma\\\/wp-content\\\/uploads\\\/2025\\\/05\\\/cropped-vitablanca.png\",\"width\":360,\"height\":67,\"caption\":\"VitaBlanca\"},\"image\":{\"@id\":\"https:\\\/\\\/vitablanca.ma\\\/#\\\/schema\\\/logo\\\/image\\\/\"},\"sameAs\":[\"https:\\\/\\\/www.facebook.com\\\/profile.php?id=61576678196717\",\"https:\\\/\\\/www.tiktok.com\\\/@vitablanca.ma\",\"https:\\\/\\\/www.instagram.com\\\/vitablanca.ma\\\/\"]}]}<\/script>\n<!-- \/ Yoast SEO plugin. -->","yoast_head_json":{"title":"GPH DIFFUSION Echinacea 210 Mg | 200 G\u00e9lules - Maroc Prix","description":"GPH DIFFUSION Echinacea 210 Mg | 200 Capsules","robots":{"index":"index","follow":"follow","max-snippet":"max-snippet:-1","max-image-preview":"max-image-preview:large","max-video-preview":"max-video-preview:-1"},"canonical":"https:\/\/vitablanca.ma\/en\/product\/gph-diffusion-echinacea-210-mg-200-gelules\/","og_locale":"en_US","og_type":"article","og_title":"GPH DIFFUSION Echinacea 210 Mg | 200 G\u00e9lules - Maroc Prix","og_description":"GPH DIFFUSION Echinacea 210 Mg | 200 G\u00e9lules","og_url":"https:\/\/vitablanca.ma\/en\/product\/gph-diffusion-echinacea-210-mg-200-gelules\/","og_site_name":"Vitablanca.ma &ndash; Sant&eacute;, vitalit&eacute; et bien-&ecirc;tre pour tous les Marocains","article_publisher":"https:\/\/www.facebook.com\/profile.php?id=61576678196717","article_modified_time":"2026-01-21T17:07:53+00:00","og_image":[{"width":800,"height":800,"url":"https:\/\/vitablanca.ma\/wp-content\/uploads\/2025\/06\/gph-diffusion-echinacea-210-mg-l-200-gelules-Nova-para-Maroc.jpg","type":"image\/jpeg"}],"twitter_card":"summary_large_image","twitter_misc":{"Est. reading time":"3 minutes"},"schema":{"@context":"https:\/\/schema.org","@graph":[{"@type":["WebPage","ItemPage"],"@id":"https:\/\/vitablanca.ma\/produit\/gph-diffusion-echinacea-210-mg-200-gelules\/","url":"https:\/\/vitablanca.ma\/produit\/gph-diffusion-echinacea-210-mg-200-gelules\/","name":"GPH DIFFUSION Echinacea 210 Mg | 200 G\u00e9lules - Maroc Prix","isPartOf":{"@id":"https:\/\/vitablanca.ma\/#website"},"primaryImageOfPage":{"@id":"https:\/\/vitablanca.ma\/produit\/gph-diffusion-echinacea-210-mg-200-gelules\/#primaryimage"},"image":{"@id":"https:\/\/vitablanca.ma\/produit\/gph-diffusion-echinacea-210-mg-200-gelules\/#primaryimage"},"thumbnailUrl":"https:\/\/vitablanca.ma\/wp-content\/uploads\/2025\/06\/gph-diffusion-echinacea-210-mg-l-200-gelules-Nova-para-Maroc.jpg","datePublished":"2025-06-10T17:41:03+00:00","dateModified":"2026-01-21T17:07:53+00:00","description":"GPH DIFFUSION Echinacea 210 Mg | 200 Capsules","breadcrumb":{"@id":"https:\/\/vitablanca.ma\/produit\/gph-diffusion-echinacea-210-mg-200-gelules\/#breadcrumb"},"inLanguage":"en-US","potentialAction":[{"@type":"ReadAction","target":["https:\/\/vitablanca.ma\/produit\/gph-diffusion-echinacea-210-mg-200-gelules\/"]}]},{"@type":"ImageObject","inLanguage":"en-US","@id":"https:\/\/vitablanca.ma\/produit\/gph-diffusion-echinacea-210-mg-200-gelules\/#primaryimage","url":"https:\/\/vitablanca.ma\/wp-content\/uploads\/2025\/06\/gph-diffusion-echinacea-210-mg-l-200-gelules-Nova-para-Maroc.jpg","contentUrl":"https:\/\/vitablanca.ma\/wp-content\/uploads\/2025\/06\/gph-diffusion-echinacea-210-mg-l-200-gelules-Nova-para-Maroc.jpg","width":800,"height":800},{"@type":"BreadcrumbList","@id":"https:\/\/vitablanca.ma\/produit\/gph-diffusion-echinacea-210-mg-200-gelules\/#breadcrumb","itemListElement":[{"@type":"ListItem","position":1,"name":"Home","item":"https:\/\/vitablanca.ma\/"},{"@type":"ListItem","position":2,"name":"Tous Les Produits","item":"https:\/\/vitablanca.ma\/tous-les-produits\/"},{"@type":"ListItem","position":3,"name":"GPH DIFFUSION Echinacea 210 Mg | 200 G\u00e9lules"}]},{"@type":"WebSite","@id":"https:\/\/vitablanca.ma\/#website","url":"https:\/\/vitablanca.ma\/","name":"VitaBlanca.ma | Food supplements, health &amp; beauty in Morocco","description":"sell premium vitamins and supplements from USA &amp; Canada, New Zealand, Morocco (NOW Foods, Solgar, Manuka). Fast delivery anywhere in Morocco.","publisher":{"@id":"https:\/\/vitablanca.ma\/#organization"},"alternateName":"VitaBlanca.ma","potentialAction":[{"@type":"SearchAction","target":{"@type":"EntryPoint","urlTemplate":"https:\/\/vitablanca.ma\/?s={search_term_string}"},"query-input":{"@type":"PropertyValueSpecification","valueRequired":true,"valueName":"search_term_string"}}],"inLanguage":"en-US"},{"@type":"Organization","@id":"https:\/\/vitablanca.ma\/#organization","name":"VitaBlanca","url":"https:\/\/vitablanca.ma\/","logo":{"@type":"ImageObject","inLanguage":"en-US","@id":"https:\/\/vitablanca.ma\/#\/schema\/logo\/image\/","url":"https:\/\/vitablanca.ma\/wp-content\/uploads\/2025\/05\/cropped-vitablanca.png","contentUrl":"https:\/\/vitablanca.ma\/wp-content\/uploads\/2025\/05\/cropped-vitablanca.png","width":360,"height":67,"caption":"VitaBlanca"},"image":{"@id":"https:\/\/vitablanca.ma\/#\/schema\/logo\/image\/"},"sameAs":["https:\/\/www.facebook.com\/profile.php?id=61576678196717","https:\/\/www.tiktok.com\/@vitablanca.ma","https:\/\/www.instagram.com\/vitablanca.ma\/"]}]}},"jetpack_sharing_enabled":true,"_links":{"self":[{"href":"https:\/\/vitablanca.ma\/en\/wp-json\/wp\/v2\/product\/18917","targetHints":{"allow":["GET"]}}],"collection":[{"href":"https:\/\/vitablanca.ma\/en\/wp-json\/wp\/v2\/product"}],"about":[{"href":"https:\/\/vitablanca.ma\/en\/wp-json\/wp\/v2\/types\/product"}],"wp:featuredmedia":[{"embeddable":true,"href":"https:\/\/vitablanca.ma\/en\/wp-json\/wp\/v2\/media\/18916"}],"wp:attachment":[{"href":"https:\/\/vitablanca.ma\/en\/wp-json\/wp\/v2\/media?parent=18917"}],"wp:term":[{"taxonomy":"product_brand","embeddable":true,"href":"https:\/\/vitablanca.ma\/en\/wp-json\/wp\/v2\/product_brand?post=18917"},{"taxonomy":"product_cat","embeddable":true,"href":"https:\/\/vitablanca.ma\/en\/wp-json\/wp\/v2\/product_cat?post=18917"},{"taxonomy":"product_tag","embeddable":true,"href":"https:\/\/vitablanca.ma\/en\/wp-json\/wp\/v2\/product_tag?post=18917"}],"curies":[{"name":"wp","href":"https:\/\/api.w.org\/{rel}","templated":true}]}}