{"id":18912,"date":"2025-06-10T17:40:50","date_gmt":"2025-06-10T17:40:50","guid":{"rendered":"https:\/\/vitablanca.ma\/product\/gph-diffusion-eleutherocoque-bio-210-mg-200-gelules\/"},"modified":"2026-01-21T17:07:53","modified_gmt":"2026-01-21T17:07:53","slug":"gph-diffusion-eleutherocoque-bio-210-mg-200-gelules","status":"publish","type":"product","link":"https:\/\/vitablanca.ma\/en\/product\/gph-diffusion-eleutherocoque-bio-210-mg-200-gelules\/","title":{"rendered":"GPH DIFFUSION Organic Eleutherococcus 210 mg | 200 Capsules"},"content":{"rendered":"<p>Siberian Ginseng, Eleutherococcus:<\/p>\n<p><strong>Tonic, strengthening and physically and intellectually stimulating<\/strong><\/p>\n<p>Eleutherococcus, or Siberian Ginseng, is renowned for its vitalizing properties, both physically and intellectually. It grows in Siberia under extreme conditions, and the plant, especially the root, is enriched with specific antioxidants to withstand harsh environmental conditions.<\/p>\n<p>This Siberian Ginseng, \u2013 Eleutherococcus senticosus \u2013 adapts to the body&#039;s needs, providing it with everything it may need to develop greater overall vitality. This plant, adapted to growing in difficult climatic conditions in Siberia, develops specific molecules that give it resistance and strength. Eleutherococcus increases the level of endurance at work, supports intellectual abilities, memorization, and attention.<\/p>\n<p>For students, athletes, in cases of work overload, search for performance, in periods of weariness, lack of desire, lack of sexual vitality, eleutherococcus provides a natural response.<\/p>\n<p>Eleutherococcus or Siberian ginseng is often used to help naturally improve the physical performance of high-level sportsmen and women, to optimize their concentration.<\/p>\n<p><strong><span>DIRECTIONS FOR USE:<\/span><\/strong><\/p>\n<p>2 to 3 capsules per day with a large glass of water during meals, as part of a balanced diet. Keep out of reach of children. Do not exceed the recommended daily dose.<\/p>\n<p><strong><span>IN<\/span><span>INGREDIENTS<\/span><\/strong><\/p>\n<p>For a daily intake of 3 vegetable capsules of Organic Eleutherococcus:<\/p>\n<p>Eleutherococcus root powder*: 630 mg<\/p>\n<p>Envelope (cellulose): 225mg<\/p>\n<p>Total net weight: 57 g<\/p>\n<p>\u00a0*Product from organic farming.<\/p>","protected":false},"excerpt":{"rendered":"<p>Ginseng Sib\u00e9rien, l&rsquo;\u00e9leuth\u00e9rocoque : Tonique, fortifiant et stimulant physique et intellectuel L\u2019\u00c9leuth\u00e9rocoque ou\u00a0 Ginseng Sib\u00e9rien est r\u00e9put\u00e9 pour ses propri\u00e9t\u00e9s vitalisantes, autant sur le plan physique que pour les capacit\u00e9s intellectuelles.\u00a0 Il pousse en Sib\u00e9rie dans des conditions extr\u00eames et la plante, la racine notamment, s&rsquo;enrichit en\u00a0 antioxydants sp\u00e9cifiques pour r\u00e9sister aux rigueurs environnementales. Ce [&hellip;]<\/p>\n","protected":false},"featured_media":18909,"template":"","meta":{"om_disable_all_campaigns":false},"product_brand":[5979],"product_cat":[18,15,3366],"product_tag":[],"class_list":{"0":"post-18912","1":"product","2":"type-product","3":"status-publish","4":"has-post-thumbnail","6":"product_brand-gph-maroc-prix","7":"product_cat-beaute-sante","8":"product_cat-beaute-sante-complements-alimentaires-soins-et-bien-etre-au-meilleur-prix","9":"product_cat-complements-alimentaires-au-maroc-vitablanca","11":"first","12":"instock","13":"sale","14":"taxable","15":"shipping-taxable","16":"purchasable","17":"product-type-simple"},"yoast_head":"<!-- This site is optimized with the Yoast SEO plugin v27.4 - https:\/\/yoast.com\/product\/yoast-seo-wordpress\/ -->\n<title>GPH DIFFUSION Eleuth\u00e9rocoque BIO 210 Mg | 200 G\u00e9lules - Maroc Prix<\/title>\n<meta name=\"description\" content=\"GPH DIFFUSION Eleuth\u00e9rocoque BIO 210 Mg | 200 G\u00e9lules\" \/>\n<meta name=\"robots\" content=\"index, follow, max-snippet:-1, max-image-preview:large, max-video-preview:-1\" \/>\n<link rel=\"canonical\" href=\"https:\/\/vitablanca.ma\/en\/product\/gph-diffusion-eleutherocoque-bio-210-mg-200-gelules\/\" \/>\n<meta property=\"og:locale\" content=\"en_US\" \/>\n<meta property=\"og:type\" content=\"article\" \/>\n<meta property=\"og:title\" content=\"GPH DIFFUSION Eleuth\u00e9rocoque BIO 210 Mg | 200 G\u00e9lules - Maroc Prix\" \/>\n<meta property=\"og:description\" content=\"GPH DIFFUSION Eleuth\u00e9rocoque BIO 210 Mg | 200 G\u00e9lules\" \/>\n<meta property=\"og:url\" content=\"https:\/\/vitablanca.ma\/en\/product\/gph-diffusion-eleutherocoque-bio-210-mg-200-gelules\/\" \/>\n<meta property=\"og:site_name\" content=\"Vitablanca.ma &ndash; Sant&eacute;, vitalit&eacute; et bien-&ecirc;tre pour tous les Marocains\" \/>\n<meta property=\"article:publisher\" content=\"https:\/\/www.facebook.com\/profile.php?id=61576678196717\" \/>\n<meta property=\"article:modified_time\" content=\"2026-01-21T17:07:53+00:00\" \/>\n<meta property=\"og:image\" content=\"https:\/\/vitablanca.ma\/wp-content\/uploads\/2025\/06\/gph-diffusion-eleutherocoque-bio-210-mg-boite-200-gelules-Nova-para-Maroc.png\" \/>\n\t<meta property=\"og:image:width\" content=\"800\" \/>\n\t<meta property=\"og:image:height\" content=\"800\" \/>\n\t<meta property=\"og:image:type\" content=\"image\/png\" \/>\n<meta name=\"twitter:card\" content=\"summary_large_image\" \/>\n<meta name=\"twitter:label1\" content=\"Est. reading time\" \/>\n\t<meta name=\"twitter:data1\" content=\"1 minute\" \/>\n<script type=\"application\/ld+json\" class=\"yoast-schema-graph\">{\"@context\":\"https:\\\/\\\/schema.org\",\"@graph\":[{\"@type\":[\"WebPage\",\"ItemPage\"],\"@id\":\"https:\\\/\\\/vitablanca.ma\\\/produit\\\/gph-diffusion-eleutherocoque-bio-210-mg-200-gelules\\\/\",\"url\":\"https:\\\/\\\/vitablanca.ma\\\/produit\\\/gph-diffusion-eleutherocoque-bio-210-mg-200-gelules\\\/\",\"name\":\"GPH DIFFUSION Eleuth\u00e9rocoque BIO 210 Mg | 200 G\u00e9lules - Maroc Prix\",\"isPartOf\":{\"@id\":\"https:\\\/\\\/vitablanca.ma\\\/#website\"},\"primaryImageOfPage\":{\"@id\":\"https:\\\/\\\/vitablanca.ma\\\/produit\\\/gph-diffusion-eleutherocoque-bio-210-mg-200-gelules\\\/#primaryimage\"},\"image\":{\"@id\":\"https:\\\/\\\/vitablanca.ma\\\/produit\\\/gph-diffusion-eleutherocoque-bio-210-mg-200-gelules\\\/#primaryimage\"},\"thumbnailUrl\":\"https:\\\/\\\/vitablanca.ma\\\/wp-content\\\/uploads\\\/2025\\\/06\\\/gph-diffusion-eleutherocoque-bio-210-mg-boite-200-gelules-Nova-para-Maroc.png\",\"datePublished\":\"2025-06-10T17:40:50+00:00\",\"dateModified\":\"2026-01-21T17:07:53+00:00\",\"description\":\"GPH DIFFUSION Eleuth\u00e9rocoque BIO 210 Mg | 200 G\u00e9lules\",\"breadcrumb\":{\"@id\":\"https:\\\/\\\/vitablanca.ma\\\/produit\\\/gph-diffusion-eleutherocoque-bio-210-mg-200-gelules\\\/#breadcrumb\"},\"inLanguage\":\"en-US\",\"potentialAction\":[{\"@type\":\"ReadAction\",\"target\":[\"https:\\\/\\\/vitablanca.ma\\\/produit\\\/gph-diffusion-eleutherocoque-bio-210-mg-200-gelules\\\/\"]}]},{\"@type\":\"ImageObject\",\"inLanguage\":\"en-US\",\"@id\":\"https:\\\/\\\/vitablanca.ma\\\/produit\\\/gph-diffusion-eleutherocoque-bio-210-mg-200-gelules\\\/#primaryimage\",\"url\":\"https:\\\/\\\/vitablanca.ma\\\/wp-content\\\/uploads\\\/2025\\\/06\\\/gph-diffusion-eleutherocoque-bio-210-mg-boite-200-gelules-Nova-para-Maroc.png\",\"contentUrl\":\"https:\\\/\\\/vitablanca.ma\\\/wp-content\\\/uploads\\\/2025\\\/06\\\/gph-diffusion-eleutherocoque-bio-210-mg-boite-200-gelules-Nova-para-Maroc.png\",\"width\":800,\"height\":800},{\"@type\":\"BreadcrumbList\",\"@id\":\"https:\\\/\\\/vitablanca.ma\\\/produit\\\/gph-diffusion-eleutherocoque-bio-210-mg-200-gelules\\\/#breadcrumb\",\"itemListElement\":[{\"@type\":\"ListItem\",\"position\":1,\"name\":\"Home\",\"item\":\"https:\\\/\\\/vitablanca.ma\\\/\"},{\"@type\":\"ListItem\",\"position\":2,\"name\":\"Tous Les Produits\",\"item\":\"https:\\\/\\\/vitablanca.ma\\\/tous-les-produits\\\/\"},{\"@type\":\"ListItem\",\"position\":3,\"name\":\"GPH DIFFUSION Eleuth\u00e9rocoque BIO 210 Mg | 200 G\u00e9lules\"}]},{\"@type\":\"WebSite\",\"@id\":\"https:\\\/\\\/vitablanca.ma\\\/#website\",\"url\":\"https:\\\/\\\/vitablanca.ma\\\/\",\"name\":\"VitaBlanca.ma | Compl\u00e9ments alimentaires, sant\u00e9 & beaut\u00e9 au Maroc\",\"description\":\"vendre vitamines et compl\u00e9ments premium des USA &amp; Canada, Nouvelle Z\u00e9lande,Maroc (NOW Foods, Solgar, Manuka). Livraison rapide partout au Maroc.\",\"publisher\":{\"@id\":\"https:\\\/\\\/vitablanca.ma\\\/#organization\"},\"alternateName\":\"VitaBlanca.ma\",\"potentialAction\":[{\"@type\":\"SearchAction\",\"target\":{\"@type\":\"EntryPoint\",\"urlTemplate\":\"https:\\\/\\\/vitablanca.ma\\\/?s={search_term_string}\"},\"query-input\":{\"@type\":\"PropertyValueSpecification\",\"valueRequired\":true,\"valueName\":\"search_term_string\"}}],\"inLanguage\":\"en-US\"},{\"@type\":\"Organization\",\"@id\":\"https:\\\/\\\/vitablanca.ma\\\/#organization\",\"name\":\"VitaBlanca\",\"url\":\"https:\\\/\\\/vitablanca.ma\\\/\",\"logo\":{\"@type\":\"ImageObject\",\"inLanguage\":\"en-US\",\"@id\":\"https:\\\/\\\/vitablanca.ma\\\/#\\\/schema\\\/logo\\\/image\\\/\",\"url\":\"https:\\\/\\\/vitablanca.ma\\\/wp-content\\\/uploads\\\/2025\\\/05\\\/cropped-vitablanca.png\",\"contentUrl\":\"https:\\\/\\\/vitablanca.ma\\\/wp-content\\\/uploads\\\/2025\\\/05\\\/cropped-vitablanca.png\",\"width\":360,\"height\":67,\"caption\":\"VitaBlanca\"},\"image\":{\"@id\":\"https:\\\/\\\/vitablanca.ma\\\/#\\\/schema\\\/logo\\\/image\\\/\"},\"sameAs\":[\"https:\\\/\\\/www.facebook.com\\\/profile.php?id=61576678196717\",\"https:\\\/\\\/www.tiktok.com\\\/@vitablanca.ma\",\"https:\\\/\\\/www.instagram.com\\\/vitablanca.ma\\\/\"]}]}<\/script>\n<!-- \/ Yoast SEO plugin. -->","yoast_head_json":{"title":"GPH DIFFUSION Organic Eleutherococcus 210 mg | 200 Capsules - Morocco Price","description":"GPH DIFFUSION Organic Eleutherococcus 210 mg | 200 Capsules","robots":{"index":"index","follow":"follow","max-snippet":"max-snippet:-1","max-image-preview":"max-image-preview:large","max-video-preview":"max-video-preview:-1"},"canonical":"https:\/\/vitablanca.ma\/en\/product\/gph-diffusion-eleutherocoque-bio-210-mg-200-gelules\/","og_locale":"en_US","og_type":"article","og_title":"GPH DIFFUSION Eleuth\u00e9rocoque BIO 210 Mg | 200 G\u00e9lules - Maroc Prix","og_description":"GPH DIFFUSION Eleuth\u00e9rocoque BIO 210 Mg | 200 G\u00e9lules","og_url":"https:\/\/vitablanca.ma\/en\/product\/gph-diffusion-eleutherocoque-bio-210-mg-200-gelules\/","og_site_name":"Vitablanca.ma &ndash; Sant&eacute;, vitalit&eacute; et bien-&ecirc;tre pour tous les Marocains","article_publisher":"https:\/\/www.facebook.com\/profile.php?id=61576678196717","article_modified_time":"2026-01-21T17:07:53+00:00","og_image":[{"width":800,"height":800,"url":"https:\/\/vitablanca.ma\/wp-content\/uploads\/2025\/06\/gph-diffusion-eleutherocoque-bio-210-mg-boite-200-gelules-Nova-para-Maroc.png","type":"image\/png"}],"twitter_card":"summary_large_image","twitter_misc":{"Est. reading time":"1 minute"},"schema":{"@context":"https:\/\/schema.org","@graph":[{"@type":["WebPage","ItemPage"],"@id":"https:\/\/vitablanca.ma\/produit\/gph-diffusion-eleutherocoque-bio-210-mg-200-gelules\/","url":"https:\/\/vitablanca.ma\/produit\/gph-diffusion-eleutherocoque-bio-210-mg-200-gelules\/","name":"GPH DIFFUSION Organic Eleutherococcus 210 mg | 200 Capsules - Morocco Price","isPartOf":{"@id":"https:\/\/vitablanca.ma\/#website"},"primaryImageOfPage":{"@id":"https:\/\/vitablanca.ma\/produit\/gph-diffusion-eleutherocoque-bio-210-mg-200-gelules\/#primaryimage"},"image":{"@id":"https:\/\/vitablanca.ma\/produit\/gph-diffusion-eleutherocoque-bio-210-mg-200-gelules\/#primaryimage"},"thumbnailUrl":"https:\/\/vitablanca.ma\/wp-content\/uploads\/2025\/06\/gph-diffusion-eleutherocoque-bio-210-mg-boite-200-gelules-Nova-para-Maroc.png","datePublished":"2025-06-10T17:40:50+00:00","dateModified":"2026-01-21T17:07:53+00:00","description":"GPH DIFFUSION Organic Eleutherococcus 210 mg | 200 Capsules","breadcrumb":{"@id":"https:\/\/vitablanca.ma\/produit\/gph-diffusion-eleutherocoque-bio-210-mg-200-gelules\/#breadcrumb"},"inLanguage":"en-US","potentialAction":[{"@type":"ReadAction","target":["https:\/\/vitablanca.ma\/produit\/gph-diffusion-eleutherocoque-bio-210-mg-200-gelules\/"]}]},{"@type":"ImageObject","inLanguage":"en-US","@id":"https:\/\/vitablanca.ma\/produit\/gph-diffusion-eleutherocoque-bio-210-mg-200-gelules\/#primaryimage","url":"https:\/\/vitablanca.ma\/wp-content\/uploads\/2025\/06\/gph-diffusion-eleutherocoque-bio-210-mg-boite-200-gelules-Nova-para-Maroc.png","contentUrl":"https:\/\/vitablanca.ma\/wp-content\/uploads\/2025\/06\/gph-diffusion-eleutherocoque-bio-210-mg-boite-200-gelules-Nova-para-Maroc.png","width":800,"height":800},{"@type":"BreadcrumbList","@id":"https:\/\/vitablanca.ma\/produit\/gph-diffusion-eleutherocoque-bio-210-mg-200-gelules\/#breadcrumb","itemListElement":[{"@type":"ListItem","position":1,"name":"Home","item":"https:\/\/vitablanca.ma\/"},{"@type":"ListItem","position":2,"name":"Tous Les Produits","item":"https:\/\/vitablanca.ma\/tous-les-produits\/"},{"@type":"ListItem","position":3,"name":"GPH DIFFUSION Eleuth\u00e9rocoque BIO 210 Mg | 200 G\u00e9lules"}]},{"@type":"WebSite","@id":"https:\/\/vitablanca.ma\/#website","url":"https:\/\/vitablanca.ma\/","name":"VitaBlanca.ma | Food supplements, health &amp; beauty in Morocco","description":"sell premium vitamins and supplements from USA &amp; Canada, New Zealand, Morocco (NOW Foods, Solgar, Manuka). Fast delivery anywhere in Morocco.","publisher":{"@id":"https:\/\/vitablanca.ma\/#organization"},"alternateName":"VitaBlanca.ma","potentialAction":[{"@type":"SearchAction","target":{"@type":"EntryPoint","urlTemplate":"https:\/\/vitablanca.ma\/?s={search_term_string}"},"query-input":{"@type":"PropertyValueSpecification","valueRequired":true,"valueName":"search_term_string"}}],"inLanguage":"en-US"},{"@type":"Organization","@id":"https:\/\/vitablanca.ma\/#organization","name":"VitaBlanca","url":"https:\/\/vitablanca.ma\/","logo":{"@type":"ImageObject","inLanguage":"en-US","@id":"https:\/\/vitablanca.ma\/#\/schema\/logo\/image\/","url":"https:\/\/vitablanca.ma\/wp-content\/uploads\/2025\/05\/cropped-vitablanca.png","contentUrl":"https:\/\/vitablanca.ma\/wp-content\/uploads\/2025\/05\/cropped-vitablanca.png","width":360,"height":67,"caption":"VitaBlanca"},"image":{"@id":"https:\/\/vitablanca.ma\/#\/schema\/logo\/image\/"},"sameAs":["https:\/\/www.facebook.com\/profile.php?id=61576678196717","https:\/\/www.tiktok.com\/@vitablanca.ma","https:\/\/www.instagram.com\/vitablanca.ma\/"]}]}},"jetpack_sharing_enabled":true,"_links":{"self":[{"href":"https:\/\/vitablanca.ma\/en\/wp-json\/wp\/v2\/product\/18912","targetHints":{"allow":["GET"]}}],"collection":[{"href":"https:\/\/vitablanca.ma\/en\/wp-json\/wp\/v2\/product"}],"about":[{"href":"https:\/\/vitablanca.ma\/en\/wp-json\/wp\/v2\/types\/product"}],"wp:featuredmedia":[{"embeddable":true,"href":"https:\/\/vitablanca.ma\/en\/wp-json\/wp\/v2\/media\/18909"}],"wp:attachment":[{"href":"https:\/\/vitablanca.ma\/en\/wp-json\/wp\/v2\/media?parent=18912"}],"wp:term":[{"taxonomy":"product_brand","embeddable":true,"href":"https:\/\/vitablanca.ma\/en\/wp-json\/wp\/v2\/product_brand?post=18912"},{"taxonomy":"product_cat","embeddable":true,"href":"https:\/\/vitablanca.ma\/en\/wp-json\/wp\/v2\/product_cat?post=18912"},{"taxonomy":"product_tag","embeddable":true,"href":"https:\/\/vitablanca.ma\/en\/wp-json\/wp\/v2\/product_tag?post=18912"}],"curies":[{"name":"wp","href":"https:\/\/api.w.org\/{rel}","templated":true}]}}