{"id":18911,"date":"2025-06-10T17:40:48","date_gmt":"2025-06-10T17:40:48","guid":{"rendered":"https:\/\/vitablanca.ma\/product\/fotoprotector-isdin-gel-creme-spf50-250ml\/"},"modified":"2025-06-10T17:40:48","modified_gmt":"2025-06-10T17:40:48","slug":"fotoprotector-isdin-gel-creme-spf50-250ml","status":"publish","type":"product","link":"https:\/\/vitablanca.ma\/en\/product\/fotoprotector-isdin-gel-creme-spf50-250ml\/","title":{"rendered":"Fotoprotector ISDIN Gel Cream SPF50+ 250ml"},"content":{"rendered":"<h2>Fotoprotector ISDIN Gel Cr\u00e8me SPF50+\u00a0<\/h2>\n<p class=\"frase_vendedora\"><strong>Le photoprotecteur tout-terrain pour toute la famille<\/strong><\/p>\n<div class=\"indicaciones-main_info\">\n<p>Photoprotecteur pour le corps en gel qui hydrate comme une cr\u00e8me et procure la sensation de fra\u00eecheur comme un gel.\u00a0<\/p>\n<h3>B\u00e9n\u00e9fices<\/h3>\n<div class=\"zone zone2 field_accion\">\n<div class=\"zoneContainer\">\n<p>Hydrate comme une cr\u00e8me et est absorb\u00e9 rapidement comme un gel.<\/p>\n<p>Assure une sensation agr\u00e9able de fra\u00eecheur avec une finition soyeuse et sans aspect brillant.<\/p>\n<h3>Mode D&#8217;emploi<\/h3>\n<div class=\"zone zone3 field_posologia\">\n<div class=\"zoneContainer\">\n<p>Appliquer g\u00e9n\u00e9reusement sur une peau s\u00e8che une demi-heure avant l\u2019exposition au soleil et renouveler l\u2019application toutes les 2 heures. Plus la quantit\u00e9 de produit appliqu\u00e9e est faible, plus l\u2019indice de protection sera faible. Renouveler l\u2019application en cas de transpiration, de baignade ou de s\u00e9chage avec une serviette.<\/p>\n<h3>Composition<\/h3>\n<div class=\"zone zone4 field_composicion\">\n<div class=\"zoneContainer\">\n<p>Aqua (eau), alcool d\u00e9nat, octocryl\u00e8ne, benzoate d\u2019alkyle C12-15, m\u00e9thoxydibenzoylm\u00e9thane de butyle, adipate de dibutyle, bis-\u00e9thylhexyloxyph\u00e9nol, m\u00e9thoxyph\u00e9nyl triazine, cyclo-pentasiloxane, trom\u00e9thamine, cyclohexasiloxane, copolym\u00e8re d\u2019acryloyldim\u00e9thyltaurate d\u2019ammonium et de VP, m\u00e9thyl\u00e8ne bis-benzotriazolyle t\u00e9tram\u00e9thylbutylph\u00e9nol [Nano], acide ph\u00e9nylbenzimidazole sulfonique, polyacrylamide, PEG-40 huile de ricin hydrog\u00e9n\u00e9e, ph\u00e9noxy\u00e9thanol, isoparaffine C13-14, carbomer, panth\u00e9nol, ac\u00e9tate de tocoph\u00e9ryle, parfum (fragrance), glucoside de d\u00e9cyle, gomme de xanthane, polym\u00e8re crois\u00e9 d\u2019acrylates\/C10-30 acrylate d\u2019alkyle, EDTA disodique, palmitate de r\u00e9tinyle, laureth-7, BHT, linalol, propyl\u00e8ne glycol, CI 77491 (oxydes de fer), CI 77499 (oxydes de fer), tocoph\u00e9rol, CI 77492 (oxydes de fer)<\/p>\n<\/div>\n<\/div>\n<\/div>\n<\/div>\n<\/div>\n<\/div>\n<\/div>\n","protected":false},"excerpt":{"rendered":"<p>Fotoprotector ISDIN Gel Cr\u00e8me SPF50+\u00a0 Le photoprotecteur tout-terrain pour toute la famille Photoprotecteur pour le corps en gel qui hydrate comme une cr\u00e8me et procure la sensation de fra\u00eecheur comme un gel.\u00a0 B\u00e9n\u00e9fices Hydrate comme une cr\u00e8me et est absorb\u00e9 rapidement comme un gel. Assure une sensation agr\u00e9able de fra\u00eecheur avec une finition soyeuse et [&hellip;]<\/p>\n","protected":false},"featured_media":18907,"template":"","meta":{"om_disable_all_campaigns":false},"product_brand":[],"product_cat":[15],"product_tag":[],"class_list":{"0":"post-18911","1":"product","2":"type-product","3":"status-publish","4":"has-post-thumbnail","6":"product_cat-beaute-sante-complements-alimentaires-soins-et-bien-etre-au-meilleur-prix","8":"first","9":"instock","10":"sale","11":"taxable","12":"shipping-taxable","13":"purchasable","14":"product-type-simple"},"yoast_head":"<!-- This site is optimized with the Yoast SEO plugin v27.4 - https:\/\/yoast.com\/product\/yoast-seo-wordpress\/ -->\n<title>Fotoprotector ISDIN Gel Cr\u00e8me SPF50+ 250ml - Maroc Prix<\/title>\n<meta name=\"description\" content=\"Fotoprotector ISDIN Gel Cr\u00e8me SPF50+ 250ml\" \/>\n<meta name=\"robots\" content=\"index, follow, max-snippet:-1, max-image-preview:large, max-video-preview:-1\" \/>\n<link rel=\"canonical\" href=\"https:\/\/vitablanca.ma\/en\/product\/fotoprotector-isdin-gel-creme-spf50-250ml\/\" \/>\n<meta property=\"og:locale\" content=\"en_US\" \/>\n<meta property=\"og:type\" content=\"article\" \/>\n<meta property=\"og:title\" content=\"Fotoprotector ISDIN Gel Cr\u00e8me SPF50+ 250ml - Maroc Prix\" \/>\n<meta property=\"og:description\" content=\"Fotoprotector ISDIN Gel Cr\u00e8me SPF50+ 250ml\" \/>\n<meta property=\"og:url\" content=\"https:\/\/vitablanca.ma\/en\/product\/fotoprotector-isdin-gel-creme-spf50-250ml\/\" \/>\n<meta property=\"og:site_name\" content=\"Vitablanca.ma &ndash; Sant&eacute;, vitalit&eacute; et bien-&ecirc;tre pour tous les Marocains\" \/>\n<meta property=\"article:publisher\" content=\"https:\/\/www.facebook.com\/profile.php?id=61576678196717\" \/>\n<meta property=\"og:image\" content=\"https:\/\/vitablanca.ma\/wp-content\/uploads\/2025\/06\/Fotoprotector-ISDIN-Gel-Creme-SPF50_-250ml-nova-para-casablanca.jpg\" \/>\n\t<meta property=\"og:image:width\" content=\"1000\" \/>\n\t<meta property=\"og:image:height\" content=\"1000\" \/>\n\t<meta property=\"og:image:type\" content=\"image\/jpeg\" \/>\n<meta name=\"twitter:card\" content=\"summary_large_image\" \/>\n<meta name=\"twitter:label1\" content=\"Est. reading time\" \/>\n\t<meta name=\"twitter:data1\" content=\"1 minute\" \/>\n<script type=\"application\/ld+json\" class=\"yoast-schema-graph\">{\"@context\":\"https:\\\/\\\/schema.org\",\"@graph\":[{\"@type\":[\"WebPage\",\"ItemPage\"],\"@id\":\"https:\\\/\\\/vitablanca.ma\\\/produit\\\/fotoprotector-isdin-gel-creme-spf50-250ml\\\/\",\"url\":\"https:\\\/\\\/vitablanca.ma\\\/produit\\\/fotoprotector-isdin-gel-creme-spf50-250ml\\\/\",\"name\":\"Fotoprotector ISDIN Gel Cr\u00e8me SPF50+ 250ml - Maroc Prix\",\"isPartOf\":{\"@id\":\"https:\\\/\\\/vitablanca.ma\\\/#website\"},\"primaryImageOfPage\":{\"@id\":\"https:\\\/\\\/vitablanca.ma\\\/produit\\\/fotoprotector-isdin-gel-creme-spf50-250ml\\\/#primaryimage\"},\"image\":{\"@id\":\"https:\\\/\\\/vitablanca.ma\\\/produit\\\/fotoprotector-isdin-gel-creme-spf50-250ml\\\/#primaryimage\"},\"thumbnailUrl\":\"https:\\\/\\\/vitablanca.ma\\\/wp-content\\\/uploads\\\/2025\\\/06\\\/Fotoprotector-ISDIN-Gel-Creme-SPF50_-250ml-nova-para-casablanca.jpg\",\"datePublished\":\"2025-06-10T17:40:48+00:00\",\"description\":\"Fotoprotector ISDIN Gel Cr\u00e8me SPF50+ 250ml\",\"breadcrumb\":{\"@id\":\"https:\\\/\\\/vitablanca.ma\\\/produit\\\/fotoprotector-isdin-gel-creme-spf50-250ml\\\/#breadcrumb\"},\"inLanguage\":\"en-US\",\"potentialAction\":[{\"@type\":\"ReadAction\",\"target\":[\"https:\\\/\\\/vitablanca.ma\\\/produit\\\/fotoprotector-isdin-gel-creme-spf50-250ml\\\/\"]}]},{\"@type\":\"ImageObject\",\"inLanguage\":\"en-US\",\"@id\":\"https:\\\/\\\/vitablanca.ma\\\/produit\\\/fotoprotector-isdin-gel-creme-spf50-250ml\\\/#primaryimage\",\"url\":\"https:\\\/\\\/vitablanca.ma\\\/wp-content\\\/uploads\\\/2025\\\/06\\\/Fotoprotector-ISDIN-Gel-Creme-SPF50_-250ml-nova-para-casablanca.jpg\",\"contentUrl\":\"https:\\\/\\\/vitablanca.ma\\\/wp-content\\\/uploads\\\/2025\\\/06\\\/Fotoprotector-ISDIN-Gel-Creme-SPF50_-250ml-nova-para-casablanca.jpg\",\"width\":1000,\"height\":1000},{\"@type\":\"BreadcrumbList\",\"@id\":\"https:\\\/\\\/vitablanca.ma\\\/produit\\\/fotoprotector-isdin-gel-creme-spf50-250ml\\\/#breadcrumb\",\"itemListElement\":[{\"@type\":\"ListItem\",\"position\":1,\"name\":\"Home\",\"item\":\"https:\\\/\\\/vitablanca.ma\\\/\"},{\"@type\":\"ListItem\",\"position\":2,\"name\":\"Tous Les Produits\",\"item\":\"https:\\\/\\\/vitablanca.ma\\\/tous-les-produits\\\/\"},{\"@type\":\"ListItem\",\"position\":3,\"name\":\"Fotoprotector ISDIN Gel Cr\u00e8me SPF50+ 250ml\"}]},{\"@type\":\"WebSite\",\"@id\":\"https:\\\/\\\/vitablanca.ma\\\/#website\",\"url\":\"https:\\\/\\\/vitablanca.ma\\\/\",\"name\":\"VitaBlanca.ma | Compl\u00e9ments alimentaires, sant\u00e9 & beaut\u00e9 au Maroc\",\"description\":\"vendre vitamines et compl\u00e9ments premium des USA &amp; Canada, Nouvelle Z\u00e9lande,Maroc (NOW Foods, Solgar, Manuka). Livraison rapide partout au Maroc.\",\"publisher\":{\"@id\":\"https:\\\/\\\/vitablanca.ma\\\/#organization\"},\"alternateName\":\"VitaBlanca.ma\",\"potentialAction\":[{\"@type\":\"SearchAction\",\"target\":{\"@type\":\"EntryPoint\",\"urlTemplate\":\"https:\\\/\\\/vitablanca.ma\\\/?s={search_term_string}\"},\"query-input\":{\"@type\":\"PropertyValueSpecification\",\"valueRequired\":true,\"valueName\":\"search_term_string\"}}],\"inLanguage\":\"en-US\"},{\"@type\":\"Organization\",\"@id\":\"https:\\\/\\\/vitablanca.ma\\\/#organization\",\"name\":\"VitaBlanca\",\"url\":\"https:\\\/\\\/vitablanca.ma\\\/\",\"logo\":{\"@type\":\"ImageObject\",\"inLanguage\":\"en-US\",\"@id\":\"https:\\\/\\\/vitablanca.ma\\\/#\\\/schema\\\/logo\\\/image\\\/\",\"url\":\"https:\\\/\\\/vitablanca.ma\\\/wp-content\\\/uploads\\\/2025\\\/05\\\/cropped-vitablanca.png\",\"contentUrl\":\"https:\\\/\\\/vitablanca.ma\\\/wp-content\\\/uploads\\\/2025\\\/05\\\/cropped-vitablanca.png\",\"width\":360,\"height\":67,\"caption\":\"VitaBlanca\"},\"image\":{\"@id\":\"https:\\\/\\\/vitablanca.ma\\\/#\\\/schema\\\/logo\\\/image\\\/\"},\"sameAs\":[\"https:\\\/\\\/www.facebook.com\\\/profile.php?id=61576678196717\",\"https:\\\/\\\/www.tiktok.com\\\/@vitablanca.ma\",\"https:\\\/\\\/www.instagram.com\\\/vitablanca.ma\\\/\"]}]}<\/script>\n<!-- \/ Yoast SEO plugin. -->","yoast_head_json":{"title":"Fotoprotector ISDIN Gel Cream SPF50+ 250ml - Morocco Price","description":"Fotoprotector ISDIN Gel Cream SPF50+ 250ml","robots":{"index":"index","follow":"follow","max-snippet":"max-snippet:-1","max-image-preview":"max-image-preview:large","max-video-preview":"max-video-preview:-1"},"canonical":"https:\/\/vitablanca.ma\/en\/product\/fotoprotector-isdin-gel-creme-spf50-250ml\/","og_locale":"en_US","og_type":"article","og_title":"Fotoprotector ISDIN Gel Cr\u00e8me SPF50+ 250ml - Maroc Prix","og_description":"Fotoprotector ISDIN Gel Cr\u00e8me SPF50+ 250ml","og_url":"https:\/\/vitablanca.ma\/en\/product\/fotoprotector-isdin-gel-creme-spf50-250ml\/","og_site_name":"Vitablanca.ma &ndash; Sant&eacute;, vitalit&eacute; et bien-&ecirc;tre pour tous les Marocains","article_publisher":"https:\/\/www.facebook.com\/profile.php?id=61576678196717","og_image":[{"width":1000,"height":1000,"url":"https:\/\/vitablanca.ma\/wp-content\/uploads\/2025\/06\/Fotoprotector-ISDIN-Gel-Creme-SPF50_-250ml-nova-para-casablanca.jpg","type":"image\/jpeg"}],"twitter_card":"summary_large_image","twitter_misc":{"Est. reading time":"1 minute"},"schema":{"@context":"https:\/\/schema.org","@graph":[{"@type":["WebPage","ItemPage"],"@id":"https:\/\/vitablanca.ma\/produit\/fotoprotector-isdin-gel-creme-spf50-250ml\/","url":"https:\/\/vitablanca.ma\/produit\/fotoprotector-isdin-gel-creme-spf50-250ml\/","name":"Fotoprotector ISDIN Gel Cream SPF50+ 250ml - Morocco Price","isPartOf":{"@id":"https:\/\/vitablanca.ma\/#website"},"primaryImageOfPage":{"@id":"https:\/\/vitablanca.ma\/produit\/fotoprotector-isdin-gel-creme-spf50-250ml\/#primaryimage"},"image":{"@id":"https:\/\/vitablanca.ma\/produit\/fotoprotector-isdin-gel-creme-spf50-250ml\/#primaryimage"},"thumbnailUrl":"https:\/\/vitablanca.ma\/wp-content\/uploads\/2025\/06\/Fotoprotector-ISDIN-Gel-Creme-SPF50_-250ml-nova-para-casablanca.jpg","datePublished":"2025-06-10T17:40:48+00:00","description":"Fotoprotector ISDIN Gel Cream SPF50+ 250ml","breadcrumb":{"@id":"https:\/\/vitablanca.ma\/produit\/fotoprotector-isdin-gel-creme-spf50-250ml\/#breadcrumb"},"inLanguage":"en-US","potentialAction":[{"@type":"ReadAction","target":["https:\/\/vitablanca.ma\/produit\/fotoprotector-isdin-gel-creme-spf50-250ml\/"]}]},{"@type":"ImageObject","inLanguage":"en-US","@id":"https:\/\/vitablanca.ma\/produit\/fotoprotector-isdin-gel-creme-spf50-250ml\/#primaryimage","url":"https:\/\/vitablanca.ma\/wp-content\/uploads\/2025\/06\/Fotoprotector-ISDIN-Gel-Creme-SPF50_-250ml-nova-para-casablanca.jpg","contentUrl":"https:\/\/vitablanca.ma\/wp-content\/uploads\/2025\/06\/Fotoprotector-ISDIN-Gel-Creme-SPF50_-250ml-nova-para-casablanca.jpg","width":1000,"height":1000},{"@type":"BreadcrumbList","@id":"https:\/\/vitablanca.ma\/produit\/fotoprotector-isdin-gel-creme-spf50-250ml\/#breadcrumb","itemListElement":[{"@type":"ListItem","position":1,"name":"Home","item":"https:\/\/vitablanca.ma\/"},{"@type":"ListItem","position":2,"name":"Tous Les Produits","item":"https:\/\/vitablanca.ma\/tous-les-produits\/"},{"@type":"ListItem","position":3,"name":"Fotoprotector ISDIN Gel Cr\u00e8me SPF50+ 250ml"}]},{"@type":"WebSite","@id":"https:\/\/vitablanca.ma\/#website","url":"https:\/\/vitablanca.ma\/","name":"VitaBlanca.ma | Food supplements, health &amp; beauty in Morocco","description":"sell premium vitamins and supplements from USA &amp; Canada, New Zealand, Morocco (NOW Foods, Solgar, Manuka). Fast delivery anywhere in Morocco.","publisher":{"@id":"https:\/\/vitablanca.ma\/#organization"},"alternateName":"VitaBlanca.ma","potentialAction":[{"@type":"SearchAction","target":{"@type":"EntryPoint","urlTemplate":"https:\/\/vitablanca.ma\/?s={search_term_string}"},"query-input":{"@type":"PropertyValueSpecification","valueRequired":true,"valueName":"search_term_string"}}],"inLanguage":"en-US"},{"@type":"Organization","@id":"https:\/\/vitablanca.ma\/#organization","name":"VitaBlanca","url":"https:\/\/vitablanca.ma\/","logo":{"@type":"ImageObject","inLanguage":"en-US","@id":"https:\/\/vitablanca.ma\/#\/schema\/logo\/image\/","url":"https:\/\/vitablanca.ma\/wp-content\/uploads\/2025\/05\/cropped-vitablanca.png","contentUrl":"https:\/\/vitablanca.ma\/wp-content\/uploads\/2025\/05\/cropped-vitablanca.png","width":360,"height":67,"caption":"VitaBlanca"},"image":{"@id":"https:\/\/vitablanca.ma\/#\/schema\/logo\/image\/"},"sameAs":["https:\/\/www.facebook.com\/profile.php?id=61576678196717","https:\/\/www.tiktok.com\/@vitablanca.ma","https:\/\/www.instagram.com\/vitablanca.ma\/"]}]}},"jetpack_sharing_enabled":true,"_links":{"self":[{"href":"https:\/\/vitablanca.ma\/en\/wp-json\/wp\/v2\/product\/18911","targetHints":{"allow":["GET"]}}],"collection":[{"href":"https:\/\/vitablanca.ma\/en\/wp-json\/wp\/v2\/product"}],"about":[{"href":"https:\/\/vitablanca.ma\/en\/wp-json\/wp\/v2\/types\/product"}],"wp:featuredmedia":[{"embeddable":true,"href":"https:\/\/vitablanca.ma\/en\/wp-json\/wp\/v2\/media\/18907"}],"wp:attachment":[{"href":"https:\/\/vitablanca.ma\/en\/wp-json\/wp\/v2\/media?parent=18911"}],"wp:term":[{"taxonomy":"product_brand","embeddable":true,"href":"https:\/\/vitablanca.ma\/en\/wp-json\/wp\/v2\/product_brand?post=18911"},{"taxonomy":"product_cat","embeddable":true,"href":"https:\/\/vitablanca.ma\/en\/wp-json\/wp\/v2\/product_cat?post=18911"},{"taxonomy":"product_tag","embeddable":true,"href":"https:\/\/vitablanca.ma\/en\/wp-json\/wp\/v2\/product_tag?post=18911"}],"curies":[{"name":"wp","href":"https:\/\/api.w.org\/{rel}","templated":true}]}}