{"id":18906,"date":"2025-06-10T17:40:34","date_gmt":"2025-06-10T17:40:34","guid":{"rendered":"https:\/\/vitablanca.ma\/product\/gph-diffusion-aubier-de-tileul-400-mg-120-comprimes\/"},"modified":"2026-01-21T17:07:53","modified_gmt":"2026-01-21T17:07:53","slug":"gph-diffusion-aubier-de-tileul-400-mg-120-comprimes","status":"publish","type":"product","link":"https:\/\/vitablanca.ma\/en\/product\/gph-diffusion-aubier-de-tileul-400-mg-120-comprimes\/","title":{"rendered":"GPH DIFFUSION Tileul Sapwood 400 mg | 120 Tablets"},"content":{"rendered":"<p>The sapwood of the linden tree actually constitutes the second bark of the plant, having a softer and lighter appearance than the visible bark, which is rather thick and dark.<\/p>\n<p>When sapwood grows in favorable conditions, it is rich in sap and active nutrients, giving it multiple therapeutic virtues. This is particularly the case with the sapwood of wild lime trees from Roussillon, in the Pyrenees.<\/p>\n<p>This plant primarily helps soothe spasmodic pain and is recommended for detoxification treatments. Beneficial sapwood must come from a lime tree at least twenty-five years old, and only the trunks and large branches should be used. The sap rises in June, hence the harvest is carried out between June and August.<\/p>\n<p><strong>THE BENEFITS OF LIME SAPWOOD<\/strong><\/p>\n<p><em>An antipyretic<\/em><\/p>\n<p>In case of high fever, you can use linden bark. In this situation, it is a good substitute for paracetamol or ibuprofen.<\/p>\n<p>Please note that the plant does not cure infections that cause fever, but it does soothe the body and regulate internal body temperature. It has been shown to be effective in reducing fever in children.<\/p>\n<p><em>Linden sapwood and emunctories<\/em><\/p>\n<p>The body&#039;s excretory organs, or purifying organs, are particularly favored by linden sapwood. These are mainly the kidneys, lungs, and liver. The sapwood helps them eliminate toxins and waste from the body.<\/p>\n<p><em>Linden and sleep disorders<\/em><\/p>\n<p>To combat insomnia, use linden flowers. Their calming effect will help you fall into a restful sleep and prevent you from waking up unexpectedly. Linden buds also have this property.<\/p>\n<p><em>Linden and skin problems<\/em><\/p>\n<p>Linden sapwood is also used for skin irritations. It stops itching and cures certain forms of eczema and pruritus. This plant is useful for combating dermatological problems by limiting itching and the appearance of pimples on the skin&#039;s surface.<\/p>\n<p><span>Directions for use:<\/span><\/p>\n<p>2 to 3 tablets per day with a large glass of water during meals and as part of a balanced diet. Keep out of reach of children. Do not exceed the recommended daily dose.<\/p>\n<p><span>Ingredients per tablet:<\/span><\/p>\n<p>Linden sapwood powder*400mg<\/p>\n<p>magnesium carbonate.<\/p>","protected":false},"excerpt":{"rendered":"<p>L\u2019aubier de tilleul constitue en r\u00e9alit\u00e9 la seconde \u00e9corce de la plante, ayant une apparence plus souple et plus claire que l\u2019\u00e9corce visible, plut\u00f4t \u00e9paisse et fonc\u00e9e. Lorsque l\u2019aubier pousse dans des conditions favorables, celui-ci est riche en s\u00e8ve et en nutriments actifs, lui valant ses multiples vertus th\u00e9rapeutiques. C\u2019est notamment le cas de l\u2019aubier [&hellip;]<\/p>\n","protected":false},"featured_media":18904,"template":"","meta":{"om_disable_all_campaigns":false},"product_brand":[5979],"product_cat":[18,15,3366],"product_tag":[],"class_list":{"0":"post-18906","1":"product","2":"type-product","3":"status-publish","4":"has-post-thumbnail","6":"product_brand-gph-maroc-prix","7":"product_cat-beaute-sante","8":"product_cat-beaute-sante-complements-alimentaires-soins-et-bien-etre-au-meilleur-prix","9":"product_cat-complements-alimentaires-au-maroc-vitablanca","11":"first","12":"instock","13":"sale","14":"taxable","15":"shipping-taxable","16":"purchasable","17":"product-type-simple"},"yoast_head":"<!-- This site is optimized with the Yoast SEO plugin v27.4 - https:\/\/yoast.com\/product\/yoast-seo-wordpress\/ -->\n<title>GPH DIFFUSION Aubier De Tileul 400 Mg | 120 Comprim\u00e9s - Maroc Prix<\/title>\n<meta name=\"description\" content=\"GPH DIFFUSION Aubier De Tileul 400 Mg | 120 Comprim\u00e9s\" \/>\n<meta name=\"robots\" content=\"index, follow, max-snippet:-1, max-image-preview:large, max-video-preview:-1\" \/>\n<link rel=\"canonical\" href=\"https:\/\/vitablanca.ma\/en\/product\/gph-diffusion-aubier-de-tileul-400-mg-120-comprimes\/\" \/>\n<meta property=\"og:locale\" content=\"en_US\" \/>\n<meta property=\"og:type\" content=\"article\" \/>\n<meta property=\"og:title\" content=\"GPH DIFFUSION Aubier De Tileul 400 Mg | 120 Comprim\u00e9s - Maroc Prix\" \/>\n<meta property=\"og:description\" content=\"GPH DIFFUSION Aubier De Tileul 400 Mg | 120 Comprim\u00e9s\" \/>\n<meta property=\"og:url\" content=\"https:\/\/vitablanca.ma\/en\/product\/gph-diffusion-aubier-de-tileul-400-mg-120-comprimes\/\" \/>\n<meta property=\"og:site_name\" content=\"Vitablanca.ma &ndash; Sant&eacute;, vitalit&eacute; et bien-&ecirc;tre pour tous les Marocains\" \/>\n<meta property=\"article:publisher\" content=\"https:\/\/www.facebook.com\/profile.php?id=61576678196717\" \/>\n<meta property=\"article:modified_time\" content=\"2026-01-21T17:07:53+00:00\" \/>\n<meta property=\"og:image\" content=\"https:\/\/vitablanca.ma\/wp-content\/uploads\/2025\/06\/gph-diffusion-aubier-de-tileul-400-mg-l-120-gelules-Nova-para-Maroc.jpg\" \/>\n\t<meta property=\"og:image:width\" content=\"800\" \/>\n\t<meta property=\"og:image:height\" content=\"800\" \/>\n\t<meta property=\"og:image:type\" content=\"image\/jpeg\" \/>\n<meta name=\"twitter:card\" content=\"summary_large_image\" \/>\n<meta name=\"twitter:label1\" content=\"Est. reading time\" \/>\n\t<meta name=\"twitter:data1\" content=\"2 minutes\" \/>\n<script type=\"application\/ld+json\" class=\"yoast-schema-graph\">{\"@context\":\"https:\\\/\\\/schema.org\",\"@graph\":[{\"@type\":[\"WebPage\",\"ItemPage\"],\"@id\":\"https:\\\/\\\/vitablanca.ma\\\/produit\\\/gph-diffusion-aubier-de-tileul-400-mg-120-comprimes\\\/\",\"url\":\"https:\\\/\\\/vitablanca.ma\\\/produit\\\/gph-diffusion-aubier-de-tileul-400-mg-120-comprimes\\\/\",\"name\":\"GPH DIFFUSION Aubier De Tileul 400 Mg | 120 Comprim\u00e9s - Maroc Prix\",\"isPartOf\":{\"@id\":\"https:\\\/\\\/vitablanca.ma\\\/#website\"},\"primaryImageOfPage\":{\"@id\":\"https:\\\/\\\/vitablanca.ma\\\/produit\\\/gph-diffusion-aubier-de-tileul-400-mg-120-comprimes\\\/#primaryimage\"},\"image\":{\"@id\":\"https:\\\/\\\/vitablanca.ma\\\/produit\\\/gph-diffusion-aubier-de-tileul-400-mg-120-comprimes\\\/#primaryimage\"},\"thumbnailUrl\":\"https:\\\/\\\/vitablanca.ma\\\/wp-content\\\/uploads\\\/2025\\\/06\\\/gph-diffusion-aubier-de-tileul-400-mg-l-120-gelules-Nova-para-Maroc.jpg\",\"datePublished\":\"2025-06-10T17:40:34+00:00\",\"dateModified\":\"2026-01-21T17:07:53+00:00\",\"description\":\"GPH DIFFUSION Aubier De Tileul 400 Mg | 120 Comprim\u00e9s\",\"breadcrumb\":{\"@id\":\"https:\\\/\\\/vitablanca.ma\\\/produit\\\/gph-diffusion-aubier-de-tileul-400-mg-120-comprimes\\\/#breadcrumb\"},\"inLanguage\":\"en-US\",\"potentialAction\":[{\"@type\":\"ReadAction\",\"target\":[\"https:\\\/\\\/vitablanca.ma\\\/produit\\\/gph-diffusion-aubier-de-tileul-400-mg-120-comprimes\\\/\"]}]},{\"@type\":\"ImageObject\",\"inLanguage\":\"en-US\",\"@id\":\"https:\\\/\\\/vitablanca.ma\\\/produit\\\/gph-diffusion-aubier-de-tileul-400-mg-120-comprimes\\\/#primaryimage\",\"url\":\"https:\\\/\\\/vitablanca.ma\\\/wp-content\\\/uploads\\\/2025\\\/06\\\/gph-diffusion-aubier-de-tileul-400-mg-l-120-gelules-Nova-para-Maroc.jpg\",\"contentUrl\":\"https:\\\/\\\/vitablanca.ma\\\/wp-content\\\/uploads\\\/2025\\\/06\\\/gph-diffusion-aubier-de-tileul-400-mg-l-120-gelules-Nova-para-Maroc.jpg\",\"width\":800,\"height\":800},{\"@type\":\"BreadcrumbList\",\"@id\":\"https:\\\/\\\/vitablanca.ma\\\/produit\\\/gph-diffusion-aubier-de-tileul-400-mg-120-comprimes\\\/#breadcrumb\",\"itemListElement\":[{\"@type\":\"ListItem\",\"position\":1,\"name\":\"Home\",\"item\":\"https:\\\/\\\/vitablanca.ma\\\/\"},{\"@type\":\"ListItem\",\"position\":2,\"name\":\"Tous Les Produits\",\"item\":\"https:\\\/\\\/vitablanca.ma\\\/tous-les-produits\\\/\"},{\"@type\":\"ListItem\",\"position\":3,\"name\":\"GPH DIFFUSION Aubier De Tileul 400 Mg | 120 Comprim\u00e9s\"}]},{\"@type\":\"WebSite\",\"@id\":\"https:\\\/\\\/vitablanca.ma\\\/#website\",\"url\":\"https:\\\/\\\/vitablanca.ma\\\/\",\"name\":\"VitaBlanca.ma | Compl\u00e9ments alimentaires, sant\u00e9 & beaut\u00e9 au Maroc\",\"description\":\"vendre vitamines et compl\u00e9ments premium des USA &amp; Canada, Nouvelle Z\u00e9lande,Maroc (NOW Foods, Solgar, Manuka). Livraison rapide partout au Maroc.\",\"publisher\":{\"@id\":\"https:\\\/\\\/vitablanca.ma\\\/#organization\"},\"alternateName\":\"VitaBlanca.ma\",\"potentialAction\":[{\"@type\":\"SearchAction\",\"target\":{\"@type\":\"EntryPoint\",\"urlTemplate\":\"https:\\\/\\\/vitablanca.ma\\\/?s={search_term_string}\"},\"query-input\":{\"@type\":\"PropertyValueSpecification\",\"valueRequired\":true,\"valueName\":\"search_term_string\"}}],\"inLanguage\":\"en-US\"},{\"@type\":\"Organization\",\"@id\":\"https:\\\/\\\/vitablanca.ma\\\/#organization\",\"name\":\"VitaBlanca\",\"url\":\"https:\\\/\\\/vitablanca.ma\\\/\",\"logo\":{\"@type\":\"ImageObject\",\"inLanguage\":\"en-US\",\"@id\":\"https:\\\/\\\/vitablanca.ma\\\/#\\\/schema\\\/logo\\\/image\\\/\",\"url\":\"https:\\\/\\\/vitablanca.ma\\\/wp-content\\\/uploads\\\/2025\\\/05\\\/cropped-vitablanca.png\",\"contentUrl\":\"https:\\\/\\\/vitablanca.ma\\\/wp-content\\\/uploads\\\/2025\\\/05\\\/cropped-vitablanca.png\",\"width\":360,\"height\":67,\"caption\":\"VitaBlanca\"},\"image\":{\"@id\":\"https:\\\/\\\/vitablanca.ma\\\/#\\\/schema\\\/logo\\\/image\\\/\"},\"sameAs\":[\"https:\\\/\\\/www.facebook.com\\\/profile.php?id=61576678196717\",\"https:\\\/\\\/www.tiktok.com\\\/@vitablanca.ma\",\"https:\\\/\\\/www.instagram.com\\\/vitablanca.ma\\\/\"]}]}<\/script>\n<!-- \/ Yoast SEO plugin. -->","yoast_head_json":{"title":"GPH DIFFUSION Aubier De Tileul 400 Mg | 120 Tablets - Morocco Price","description":"GPH DIFFUSION Tileul Sapwood 400 mg | 120 Tablets","robots":{"index":"index","follow":"follow","max-snippet":"max-snippet:-1","max-image-preview":"max-image-preview:large","max-video-preview":"max-video-preview:-1"},"canonical":"https:\/\/vitablanca.ma\/en\/product\/gph-diffusion-aubier-de-tileul-400-mg-120-comprimes\/","og_locale":"en_US","og_type":"article","og_title":"GPH DIFFUSION Aubier De Tileul 400 Mg | 120 Comprim\u00e9s - Maroc Prix","og_description":"GPH DIFFUSION Aubier De Tileul 400 Mg | 120 Comprim\u00e9s","og_url":"https:\/\/vitablanca.ma\/en\/product\/gph-diffusion-aubier-de-tileul-400-mg-120-comprimes\/","og_site_name":"Vitablanca.ma &ndash; Sant&eacute;, vitalit&eacute; et bien-&ecirc;tre pour tous les Marocains","article_publisher":"https:\/\/www.facebook.com\/profile.php?id=61576678196717","article_modified_time":"2026-01-21T17:07:53+00:00","og_image":[{"width":800,"height":800,"url":"https:\/\/vitablanca.ma\/wp-content\/uploads\/2025\/06\/gph-diffusion-aubier-de-tileul-400-mg-l-120-gelules-Nova-para-Maroc.jpg","type":"image\/jpeg"}],"twitter_card":"summary_large_image","twitter_misc":{"Est. reading time":"2 minutes"},"schema":{"@context":"https:\/\/schema.org","@graph":[{"@type":["WebPage","ItemPage"],"@id":"https:\/\/vitablanca.ma\/produit\/gph-diffusion-aubier-de-tileul-400-mg-120-comprimes\/","url":"https:\/\/vitablanca.ma\/produit\/gph-diffusion-aubier-de-tileul-400-mg-120-comprimes\/","name":"GPH DIFFUSION Aubier De Tileul 400 Mg | 120 Tablets - Morocco Price","isPartOf":{"@id":"https:\/\/vitablanca.ma\/#website"},"primaryImageOfPage":{"@id":"https:\/\/vitablanca.ma\/produit\/gph-diffusion-aubier-de-tileul-400-mg-120-comprimes\/#primaryimage"},"image":{"@id":"https:\/\/vitablanca.ma\/produit\/gph-diffusion-aubier-de-tileul-400-mg-120-comprimes\/#primaryimage"},"thumbnailUrl":"https:\/\/vitablanca.ma\/wp-content\/uploads\/2025\/06\/gph-diffusion-aubier-de-tileul-400-mg-l-120-gelules-Nova-para-Maroc.jpg","datePublished":"2025-06-10T17:40:34+00:00","dateModified":"2026-01-21T17:07:53+00:00","description":"GPH DIFFUSION Tileul Sapwood 400 mg | 120 Tablets","breadcrumb":{"@id":"https:\/\/vitablanca.ma\/produit\/gph-diffusion-aubier-de-tileul-400-mg-120-comprimes\/#breadcrumb"},"inLanguage":"en-US","potentialAction":[{"@type":"ReadAction","target":["https:\/\/vitablanca.ma\/produit\/gph-diffusion-aubier-de-tileul-400-mg-120-comprimes\/"]}]},{"@type":"ImageObject","inLanguage":"en-US","@id":"https:\/\/vitablanca.ma\/produit\/gph-diffusion-aubier-de-tileul-400-mg-120-comprimes\/#primaryimage","url":"https:\/\/vitablanca.ma\/wp-content\/uploads\/2025\/06\/gph-diffusion-aubier-de-tileul-400-mg-l-120-gelules-Nova-para-Maroc.jpg","contentUrl":"https:\/\/vitablanca.ma\/wp-content\/uploads\/2025\/06\/gph-diffusion-aubier-de-tileul-400-mg-l-120-gelules-Nova-para-Maroc.jpg","width":800,"height":800},{"@type":"BreadcrumbList","@id":"https:\/\/vitablanca.ma\/produit\/gph-diffusion-aubier-de-tileul-400-mg-120-comprimes\/#breadcrumb","itemListElement":[{"@type":"ListItem","position":1,"name":"Home","item":"https:\/\/vitablanca.ma\/"},{"@type":"ListItem","position":2,"name":"Tous Les Produits","item":"https:\/\/vitablanca.ma\/tous-les-produits\/"},{"@type":"ListItem","position":3,"name":"GPH DIFFUSION Aubier De Tileul 400 Mg | 120 Comprim\u00e9s"}]},{"@type":"WebSite","@id":"https:\/\/vitablanca.ma\/#website","url":"https:\/\/vitablanca.ma\/","name":"VitaBlanca.ma | Food supplements, health &amp; beauty in Morocco","description":"sell premium vitamins and supplements from USA &amp; Canada, New Zealand, Morocco (NOW Foods, Solgar, Manuka). Fast delivery anywhere in Morocco.","publisher":{"@id":"https:\/\/vitablanca.ma\/#organization"},"alternateName":"VitaBlanca.ma","potentialAction":[{"@type":"SearchAction","target":{"@type":"EntryPoint","urlTemplate":"https:\/\/vitablanca.ma\/?s={search_term_string}"},"query-input":{"@type":"PropertyValueSpecification","valueRequired":true,"valueName":"search_term_string"}}],"inLanguage":"en-US"},{"@type":"Organization","@id":"https:\/\/vitablanca.ma\/#organization","name":"VitaBlanca","url":"https:\/\/vitablanca.ma\/","logo":{"@type":"ImageObject","inLanguage":"en-US","@id":"https:\/\/vitablanca.ma\/#\/schema\/logo\/image\/","url":"https:\/\/vitablanca.ma\/wp-content\/uploads\/2025\/05\/cropped-vitablanca.png","contentUrl":"https:\/\/vitablanca.ma\/wp-content\/uploads\/2025\/05\/cropped-vitablanca.png","width":360,"height":67,"caption":"VitaBlanca"},"image":{"@id":"https:\/\/vitablanca.ma\/#\/schema\/logo\/image\/"},"sameAs":["https:\/\/www.facebook.com\/profile.php?id=61576678196717","https:\/\/www.tiktok.com\/@vitablanca.ma","https:\/\/www.instagram.com\/vitablanca.ma\/"]}]}},"jetpack_sharing_enabled":true,"_links":{"self":[{"href":"https:\/\/vitablanca.ma\/en\/wp-json\/wp\/v2\/product\/18906","targetHints":{"allow":["GET"]}}],"collection":[{"href":"https:\/\/vitablanca.ma\/en\/wp-json\/wp\/v2\/product"}],"about":[{"href":"https:\/\/vitablanca.ma\/en\/wp-json\/wp\/v2\/types\/product"}],"wp:featuredmedia":[{"embeddable":true,"href":"https:\/\/vitablanca.ma\/en\/wp-json\/wp\/v2\/media\/18904"}],"wp:attachment":[{"href":"https:\/\/vitablanca.ma\/en\/wp-json\/wp\/v2\/media?parent=18906"}],"wp:term":[{"taxonomy":"product_brand","embeddable":true,"href":"https:\/\/vitablanca.ma\/en\/wp-json\/wp\/v2\/product_brand?post=18906"},{"taxonomy":"product_cat","embeddable":true,"href":"https:\/\/vitablanca.ma\/en\/wp-json\/wp\/v2\/product_cat?post=18906"},{"taxonomy":"product_tag","embeddable":true,"href":"https:\/\/vitablanca.ma\/en\/wp-json\/wp\/v2\/product_tag?post=18906"}],"curies":[{"name":"wp","href":"https:\/\/api.w.org\/{rel}","templated":true}]}}