{"id":18872,"date":"2025-06-10T17:39:19","date_gmt":"2025-06-10T17:39:19","guid":{"rendered":"https:\/\/vitablanca.ma\/product\/fotoprotector-isdin-fusion-gel-sport-spf50-100ml\/"},"modified":"2025-06-10T17:39:19","modified_gmt":"2025-06-10T17:39:19","slug":"fotoprotector-isdin-fusion-gel-sport-spf50-100ml","status":"publish","type":"product","link":"https:\/\/vitablanca.ma\/en\/product\/fotoprotector-isdin-fusion-gel-sport-spf50-100ml\/","title":{"rendered":"Fotoprotector ISDIN Fusion Sport Gel SPF50+ 100ml"},"content":{"rendered":"<h2 class=\"frase_vendedora\" data-mce-fragment=\"1\">Fotoprotector ISDIN Fusion Gel Sport SPF50+\u00a0<\/h2>\n<p class=\"frase_vendedora\" data-mce-fragment=\"1\">Ultra-light body photoprotection for athletes<\/p>\n<div class=\"indicaciones-main_info\" data-mce-fragment=\"1\">\n<p data-mce-fragment=\"1\">An invisible finish sunscreen that provides an immediate cooling effect while protecting the skin without leaving a greasy residue.<\/p>\n<h3 data-mce-fragment=\"1\">Benefits<\/h3>\n<ul>\n<li>Ultra-light, invisible and refreshing.\u00a0<\/li>\n<li>Tr\u00e8s r\u00e9sistant \u00e0 l\u2019eau et \u00e0 la sueur.<\/li>\n<li>Ideal for hairy areas, such as arms and legs.<\/li>\n<li>GINGER CELL PROTECT<\/li>\n<li>Enhanced formula with Ginger Cell Protect, a natural 100% ginger extract that, thanks to its high antioxidant content, provides cellular protection against oxidative damage.<\/li>\n<li>Dermatologically tested. Oil free.\u00a0<\/li>\n<li>Sea Friendly formula, the majority of its ingredients being biodegradable and\/or inorganic.<\/li>\n<\/ul>\n<h3>Mode D\u2019emploi<\/h3>\n<div class=\"zone zone3 field_posologia\">\n<div class=\"zoneContainer\">\n<p>Apply generously to the skin half an hour before sun exposure. The smaller the amount of product applied, the lower the protection factor. Reapply as often as necessary, even on wet skin, at least every 2 hours.<\/p>\n<h3>Composition<\/h3>\n<div class=\"zone zone4 field_composicion\">\n<div class=\"zoneContainer\">\n<p>Alcohol Denat., Dibutyl Adipate, Diisopropyl Sebacate, Octocrylene, Butyl Methoxydibenzoylmethane, Ethylhexyl Salicylate, Phenethyl Benzoate, Aqua (Water), Diethylhexyl Butamido Triazone, Ethylhexyl Triazone, Butyloctyl Salicylate, Acrylates\/Octylacrylamide Copolymer, Diethylamino Hydroxybenzoyl Hexyl Benzoate, Hydroxypropylcellulose, Panthenol, Pentaerythrityl Tetra-Di-T-Butyl Hydroxyhydrocinnamate, Tocopheryl Acetate, Parfum (Fragrance), Zingiber Ocinale (Ginger) Root Extract, Benzyl Benzoate, Silica.<\/p>\n<\/div>\n<\/div>\n<\/div>\n<\/div>\n<\/div>","protected":false},"excerpt":{"rendered":"<p>Fotoprotector ISDIN Fusion Gel Sport SPF50+\u00a0 Photoprotection pour le corps, ultra-l\u00e9g\u00e8re pour les sportifs Une protection solaire au fini invisible qui offre un effet rafra\u00eechissant imm\u00e9diat tout en prot\u00e9geant la peau sans laisser de r\u00e9sidu gras. B\u00e9n\u00e9fices Ultra-l\u00e9g\u00e8re, invisible et rafra\u00eechissant.\u00a0 Tr\u00e8s r\u00e9sistant \u00e0 l\u2019eau et \u00e0 la sueur. Id\u00e9al pour les zones poilues, comme [&hellip;]<\/p>\n","protected":false},"featured_media":18869,"template":"","meta":{"om_disable_all_campaigns":false},"product_brand":[],"product_cat":[15],"product_tag":[],"class_list":{"0":"post-18872","1":"product","2":"type-product","3":"status-publish","4":"has-post-thumbnail","6":"product_cat-beaute-sante-complements-alimentaires-soins-et-bien-etre-au-meilleur-prix","8":"first","9":"instock","10":"sale","11":"taxable","12":"shipping-taxable","13":"purchasable","14":"product-type-simple"},"yoast_head":"<!-- This site is optimized with the Yoast SEO plugin v27.5 - https:\/\/yoast.com\/product\/yoast-seo-wordpress\/ -->\n<title>Fotoprotector ISDIN Fusion Gel Sport SPF50+ 100ml - Maroc Prix<\/title>\n<meta name=\"description\" content=\"Fotoprotector ISDIN Fusion Gel Sport SPF50+ 100ml\" \/>\n<meta name=\"robots\" content=\"index, follow, max-snippet:-1, max-image-preview:large, max-video-preview:-1\" \/>\n<link rel=\"canonical\" href=\"https:\/\/vitablanca.ma\/en\/product\/fotoprotector-isdin-fusion-gel-sport-spf50-100ml\/\" \/>\n<meta property=\"og:locale\" content=\"en_US\" \/>\n<meta property=\"og:type\" content=\"article\" \/>\n<meta property=\"og:title\" content=\"Fotoprotector ISDIN Fusion Gel Sport SPF50+ 100ml - Maroc Prix\" \/>\n<meta property=\"og:description\" content=\"Fotoprotector ISDIN Fusion Gel Sport SPF50+ 100ml\" \/>\n<meta property=\"og:url\" content=\"https:\/\/vitablanca.ma\/en\/product\/fotoprotector-isdin-fusion-gel-sport-spf50-100ml\/\" \/>\n<meta property=\"og:site_name\" content=\"Vitablanca.ma &ndash; Sant&eacute;, vitalit&eacute; et bien-&ecirc;tre pour tous les Marocains\" \/>\n<meta property=\"article:publisher\" content=\"https:\/\/www.facebook.com\/profile.php?id=61576678196717\" \/>\n<meta property=\"og:image\" content=\"https:\/\/vitablanca.ma\/wp-content\/uploads\/2025\/06\/Fotoprotector-ISDIN-Fusion-Gel-Sport-SPF50_-100ml-nova-parapharmacie-maroc.jpg\" \/>\n\t<meta property=\"og:image:width\" content=\"1000\" \/>\n\t<meta property=\"og:image:height\" content=\"1000\" \/>\n\t<meta property=\"og:image:type\" content=\"image\/jpeg\" \/>\n<meta name=\"twitter:card\" content=\"summary_large_image\" \/>\n<meta name=\"twitter:label1\" content=\"Est. reading time\" \/>\n\t<meta name=\"twitter:data1\" content=\"1 minute\" \/>\n<script type=\"application\/ld+json\" class=\"yoast-schema-graph\">{\"@context\":\"https:\\\/\\\/schema.org\",\"@graph\":[{\"@type\":[\"WebPage\",\"ItemPage\"],\"@id\":\"https:\\\/\\\/vitablanca.ma\\\/produit\\\/fotoprotector-isdin-fusion-gel-sport-spf50-100ml\\\/\",\"url\":\"https:\\\/\\\/vitablanca.ma\\\/produit\\\/fotoprotector-isdin-fusion-gel-sport-spf50-100ml\\\/\",\"name\":\"Fotoprotector ISDIN Fusion Gel Sport SPF50+ 100ml - Maroc Prix\",\"isPartOf\":{\"@id\":\"https:\\\/\\\/vitablanca.ma\\\/#website\"},\"primaryImageOfPage\":{\"@id\":\"https:\\\/\\\/vitablanca.ma\\\/produit\\\/fotoprotector-isdin-fusion-gel-sport-spf50-100ml\\\/#primaryimage\"},\"image\":{\"@id\":\"https:\\\/\\\/vitablanca.ma\\\/produit\\\/fotoprotector-isdin-fusion-gel-sport-spf50-100ml\\\/#primaryimage\"},\"thumbnailUrl\":\"https:\\\/\\\/vitablanca.ma\\\/wp-content\\\/uploads\\\/2025\\\/06\\\/Fotoprotector-ISDIN-Fusion-Gel-Sport-SPF50_-100ml-nova-parapharmacie-maroc.jpg\",\"datePublished\":\"2025-06-10T17:39:19+00:00\",\"description\":\"Fotoprotector ISDIN Fusion Gel Sport SPF50+ 100ml\",\"breadcrumb\":{\"@id\":\"https:\\\/\\\/vitablanca.ma\\\/produit\\\/fotoprotector-isdin-fusion-gel-sport-spf50-100ml\\\/#breadcrumb\"},\"inLanguage\":\"en-US\",\"potentialAction\":[{\"@type\":\"ReadAction\",\"target\":[\"https:\\\/\\\/vitablanca.ma\\\/produit\\\/fotoprotector-isdin-fusion-gel-sport-spf50-100ml\\\/\"]}]},{\"@type\":\"ImageObject\",\"inLanguage\":\"en-US\",\"@id\":\"https:\\\/\\\/vitablanca.ma\\\/produit\\\/fotoprotector-isdin-fusion-gel-sport-spf50-100ml\\\/#primaryimage\",\"url\":\"https:\\\/\\\/vitablanca.ma\\\/wp-content\\\/uploads\\\/2025\\\/06\\\/Fotoprotector-ISDIN-Fusion-Gel-Sport-SPF50_-100ml-nova-parapharmacie-maroc.jpg\",\"contentUrl\":\"https:\\\/\\\/vitablanca.ma\\\/wp-content\\\/uploads\\\/2025\\\/06\\\/Fotoprotector-ISDIN-Fusion-Gel-Sport-SPF50_-100ml-nova-parapharmacie-maroc.jpg\",\"width\":1000,\"height\":1000},{\"@type\":\"BreadcrumbList\",\"@id\":\"https:\\\/\\\/vitablanca.ma\\\/produit\\\/fotoprotector-isdin-fusion-gel-sport-spf50-100ml\\\/#breadcrumb\",\"itemListElement\":[{\"@type\":\"ListItem\",\"position\":1,\"name\":\"Home\",\"item\":\"https:\\\/\\\/vitablanca.ma\\\/\"},{\"@type\":\"ListItem\",\"position\":2,\"name\":\"Tous Les Produits\",\"item\":\"https:\\\/\\\/vitablanca.ma\\\/tous-les-produits\\\/\"},{\"@type\":\"ListItem\",\"position\":3,\"name\":\"Fotoprotector ISDIN Fusion Gel Sport SPF50+ 100ml\"}]},{\"@type\":\"WebSite\",\"@id\":\"https:\\\/\\\/vitablanca.ma\\\/#website\",\"url\":\"https:\\\/\\\/vitablanca.ma\\\/\",\"name\":\"VitaBlanca.ma | Compl\u00e9ments alimentaires, sant\u00e9 & beaut\u00e9 au Maroc\",\"description\":\"vendre vitamines et compl\u00e9ments premium des USA &amp; Canada, Nouvelle Z\u00e9lande,Maroc (NOW Foods, Solgar, Manuka). Livraison rapide partout au Maroc.\",\"publisher\":{\"@id\":\"https:\\\/\\\/vitablanca.ma\\\/#organization\"},\"alternateName\":\"VitaBlanca.ma\",\"potentialAction\":[{\"@type\":\"SearchAction\",\"target\":{\"@type\":\"EntryPoint\",\"urlTemplate\":\"https:\\\/\\\/vitablanca.ma\\\/?s={search_term_string}\"},\"query-input\":{\"@type\":\"PropertyValueSpecification\",\"valueRequired\":true,\"valueName\":\"search_term_string\"}}],\"inLanguage\":\"en-US\"},{\"@type\":\"Organization\",\"@id\":\"https:\\\/\\\/vitablanca.ma\\\/#organization\",\"name\":\"VitaBlanca\",\"url\":\"https:\\\/\\\/vitablanca.ma\\\/\",\"logo\":{\"@type\":\"ImageObject\",\"inLanguage\":\"en-US\",\"@id\":\"https:\\\/\\\/vitablanca.ma\\\/#\\\/schema\\\/logo\\\/image\\\/\",\"url\":\"https:\\\/\\\/vitablanca.ma\\\/wp-content\\\/uploads\\\/2025\\\/05\\\/cropped-vitablanca.png\",\"contentUrl\":\"https:\\\/\\\/vitablanca.ma\\\/wp-content\\\/uploads\\\/2025\\\/05\\\/cropped-vitablanca.png\",\"width\":360,\"height\":67,\"caption\":\"VitaBlanca\"},\"image\":{\"@id\":\"https:\\\/\\\/vitablanca.ma\\\/#\\\/schema\\\/logo\\\/image\\\/\"},\"sameAs\":[\"https:\\\/\\\/www.facebook.com\\\/profile.php?id=61576678196717\",\"https:\\\/\\\/www.tiktok.com\\\/@vitablanca.ma\",\"https:\\\/\\\/www.instagram.com\\\/vitablanca.ma\\\/\"]}]}<\/script>\n<!-- \/ Yoast SEO plugin. -->","yoast_head_json":{"title":"Fotoprotector ISDIN Fusion Sport Gel SPF50+ 100ml - Morocco Price","description":"Fotoprotector ISDIN Fusion Sport Gel SPF50+ 100ml","robots":{"index":"index","follow":"follow","max-snippet":"max-snippet:-1","max-image-preview":"max-image-preview:large","max-video-preview":"max-video-preview:-1"},"canonical":"https:\/\/vitablanca.ma\/en\/product\/fotoprotector-isdin-fusion-gel-sport-spf50-100ml\/","og_locale":"en_US","og_type":"article","og_title":"Fotoprotector ISDIN Fusion Gel Sport SPF50+ 100ml - Maroc Prix","og_description":"Fotoprotector ISDIN Fusion Gel Sport SPF50+ 100ml","og_url":"https:\/\/vitablanca.ma\/en\/product\/fotoprotector-isdin-fusion-gel-sport-spf50-100ml\/","og_site_name":"Vitablanca.ma &ndash; Sant&eacute;, vitalit&eacute; et bien-&ecirc;tre pour tous les Marocains","article_publisher":"https:\/\/www.facebook.com\/profile.php?id=61576678196717","og_image":[{"width":1000,"height":1000,"url":"https:\/\/vitablanca.ma\/wp-content\/uploads\/2025\/06\/Fotoprotector-ISDIN-Fusion-Gel-Sport-SPF50_-100ml-nova-parapharmacie-maroc.jpg","type":"image\/jpeg"}],"twitter_card":"summary_large_image","twitter_misc":{"Est. reading time":"1 minute"},"schema":{"@context":"https:\/\/schema.org","@graph":[{"@type":["WebPage","ItemPage"],"@id":"https:\/\/vitablanca.ma\/produit\/fotoprotector-isdin-fusion-gel-sport-spf50-100ml\/","url":"https:\/\/vitablanca.ma\/produit\/fotoprotector-isdin-fusion-gel-sport-spf50-100ml\/","name":"Fotoprotector ISDIN Fusion Sport Gel SPF50+ 100ml - Morocco Price","isPartOf":{"@id":"https:\/\/vitablanca.ma\/#website"},"primaryImageOfPage":{"@id":"https:\/\/vitablanca.ma\/produit\/fotoprotector-isdin-fusion-gel-sport-spf50-100ml\/#primaryimage"},"image":{"@id":"https:\/\/vitablanca.ma\/produit\/fotoprotector-isdin-fusion-gel-sport-spf50-100ml\/#primaryimage"},"thumbnailUrl":"https:\/\/vitablanca.ma\/wp-content\/uploads\/2025\/06\/Fotoprotector-ISDIN-Fusion-Gel-Sport-SPF50_-100ml-nova-parapharmacie-maroc.jpg","datePublished":"2025-06-10T17:39:19+00:00","description":"Fotoprotector ISDIN Fusion Sport Gel SPF50+ 100ml","breadcrumb":{"@id":"https:\/\/vitablanca.ma\/produit\/fotoprotector-isdin-fusion-gel-sport-spf50-100ml\/#breadcrumb"},"inLanguage":"en-US","potentialAction":[{"@type":"ReadAction","target":["https:\/\/vitablanca.ma\/produit\/fotoprotector-isdin-fusion-gel-sport-spf50-100ml\/"]}]},{"@type":"ImageObject","inLanguage":"en-US","@id":"https:\/\/vitablanca.ma\/produit\/fotoprotector-isdin-fusion-gel-sport-spf50-100ml\/#primaryimage","url":"https:\/\/vitablanca.ma\/wp-content\/uploads\/2025\/06\/Fotoprotector-ISDIN-Fusion-Gel-Sport-SPF50_-100ml-nova-parapharmacie-maroc.jpg","contentUrl":"https:\/\/vitablanca.ma\/wp-content\/uploads\/2025\/06\/Fotoprotector-ISDIN-Fusion-Gel-Sport-SPF50_-100ml-nova-parapharmacie-maroc.jpg","width":1000,"height":1000},{"@type":"BreadcrumbList","@id":"https:\/\/vitablanca.ma\/produit\/fotoprotector-isdin-fusion-gel-sport-spf50-100ml\/#breadcrumb","itemListElement":[{"@type":"ListItem","position":1,"name":"Home","item":"https:\/\/vitablanca.ma\/"},{"@type":"ListItem","position":2,"name":"Tous Les Produits","item":"https:\/\/vitablanca.ma\/tous-les-produits\/"},{"@type":"ListItem","position":3,"name":"Fotoprotector ISDIN Fusion Gel Sport SPF50+ 100ml"}]},{"@type":"WebSite","@id":"https:\/\/vitablanca.ma\/#website","url":"https:\/\/vitablanca.ma\/","name":"VitaBlanca.ma | Food supplements, health &amp; beauty in Morocco","description":"sell premium vitamins and supplements from USA &amp; Canada, New Zealand, Morocco (NOW Foods, Solgar, Manuka). Fast delivery anywhere in Morocco.","publisher":{"@id":"https:\/\/vitablanca.ma\/#organization"},"alternateName":"VitaBlanca.ma","potentialAction":[{"@type":"SearchAction","target":{"@type":"EntryPoint","urlTemplate":"https:\/\/vitablanca.ma\/?s={search_term_string}"},"query-input":{"@type":"PropertyValueSpecification","valueRequired":true,"valueName":"search_term_string"}}],"inLanguage":"en-US"},{"@type":"Organization","@id":"https:\/\/vitablanca.ma\/#organization","name":"VitaBlanca","url":"https:\/\/vitablanca.ma\/","logo":{"@type":"ImageObject","inLanguage":"en-US","@id":"https:\/\/vitablanca.ma\/#\/schema\/logo\/image\/","url":"https:\/\/vitablanca.ma\/wp-content\/uploads\/2025\/05\/cropped-vitablanca.png","contentUrl":"https:\/\/vitablanca.ma\/wp-content\/uploads\/2025\/05\/cropped-vitablanca.png","width":360,"height":67,"caption":"VitaBlanca"},"image":{"@id":"https:\/\/vitablanca.ma\/#\/schema\/logo\/image\/"},"sameAs":["https:\/\/www.facebook.com\/profile.php?id=61576678196717","https:\/\/www.tiktok.com\/@vitablanca.ma","https:\/\/www.instagram.com\/vitablanca.ma\/"]}]}},"jetpack_sharing_enabled":true,"_links":{"self":[{"href":"https:\/\/vitablanca.ma\/en\/wp-json\/wp\/v2\/product\/18872","targetHints":{"allow":["GET"]}}],"collection":[{"href":"https:\/\/vitablanca.ma\/en\/wp-json\/wp\/v2\/product"}],"about":[{"href":"https:\/\/vitablanca.ma\/en\/wp-json\/wp\/v2\/types\/product"}],"wp:featuredmedia":[{"embeddable":true,"href":"https:\/\/vitablanca.ma\/en\/wp-json\/wp\/v2\/media\/18869"}],"wp:attachment":[{"href":"https:\/\/vitablanca.ma\/en\/wp-json\/wp\/v2\/media?parent=18872"}],"wp:term":[{"taxonomy":"product_brand","embeddable":true,"href":"https:\/\/vitablanca.ma\/en\/wp-json\/wp\/v2\/product_brand?post=18872"},{"taxonomy":"product_cat","embeddable":true,"href":"https:\/\/vitablanca.ma\/en\/wp-json\/wp\/v2\/product_cat?post=18872"},{"taxonomy":"product_tag","embeddable":true,"href":"https:\/\/vitablanca.ma\/en\/wp-json\/wp\/v2\/product_tag?post=18872"}],"curies":[{"name":"wp","href":"https:\/\/api.w.org\/{rel}","templated":true}]}}