{"id":18733,"date":"2025-06-10T17:32:45","date_gmt":"2025-06-10T17:32:45","guid":{"rendered":"https:\/\/vitablanca.ma\/product\/hyfac-patch-anti-imperfections-15-patch\/"},"modified":"2025-06-10T17:32:45","modified_gmt":"2025-06-10T17:32:45","slug":"hyfac-patch-anti-imperfections-15-patch","status":"publish","type":"product","link":"https:\/\/vitablanca.ma\/en\/product\/hyfac-patch-anti-imperfections-15-patch\/","title":{"rendered":"hyfac Anti Blemish Patch 15 Patch"},"content":{"rendered":"<h2 data-mce-fragment=\"1\">hyfac Anti Blemish Patch\u00a0<span data-mce-fragment=\"1\">soothes irritations thanks to its essential oils\u00a0<\/span><br \/>\n<\/h2>\n<p data-mce-fragment=\"1\">The HYFAC anti-blemish patch dries and reduces the inflamed pimple. It soothes irritation thanks to its essential oils (rosemary, lemon, mint, etc.) and is completely invisible. Its active ingredients are diffused gradually for an action of 8 to 12 hours. The advantage is that there is no manipulation to be done on the pimples, thus avoiding the risk of scarring.<\/p>\n<h3 data-mce-fragment=\"1\"><strong data-mce-fragment=\"1\">FEATURES<\/strong><\/h3>\n<ul data-mce-fragment=\"1\">\n<li data-mce-fragment=\"1\">Calms inflammation<\/li>\n<li data-mce-fragment=\"1\">Reduces redness<\/li>\n<li data-mce-fragment=\"1\">Discreet<\/li>\n<li data-mce-fragment=\"1\">avoids piercing the button<\/li>\n<\/ul>\n<h3 data-mce-fragment=\"1\"><strong data-mce-fragment=\"1\">DIRECTIONS FOR USE<\/strong><\/h3>\n<p data-mce-fragment=\"1\">Clean and dry the skin before application, Apply a special blemish patch locally to the area to be treated and leave in contact for 8 to 10 hours, Renew if necessary,<\/p>","protected":false},"excerpt":{"rendered":"<p>hyfac Patch Anti Imperfections\u00a0apaise les irritations gr\u00e2ce \u00e0 ses huiles essentielles\u00a0 Le patch anti-imperfections HYFAC ass\u00e9che et diminue le bouton inflammatoire, Il apaise les irritations gr\u00e2ce \u00e0 ses huiles essentielles (romarin, citron, menthe&#8230;), et est totalement invisible, Ses actifs sont diffus\u00e9s progressivement pour une action de 8 \u00e0 12h, L&rsquo;avantage est qu&rsquo;il n&rsquo;y a aucune [&hellip;]<\/p>\n","protected":false},"featured_media":18731,"template":"","meta":{"om_disable_all_campaigns":false},"product_brand":[],"product_cat":[15],"product_tag":[],"class_list":{"0":"post-18733","1":"product","2":"type-product","3":"status-publish","4":"has-post-thumbnail","6":"product_cat-beaute-sante-complements-alimentaires-soins-et-bien-etre-au-meilleur-prix","8":"first","9":"instock","10":"sale","11":"taxable","12":"shipping-taxable","13":"purchasable","14":"product-type-simple"},"yoast_head":"<!-- This site is optimized with the Yoast SEO plugin v27.4 - https:\/\/yoast.com\/product\/yoast-seo-wordpress\/ -->\n<title>hyfac Patch Anti Imperfections 15 Patch - Maroc Prix<\/title>\n<meta name=\"description\" content=\"hyfac Patch Anti Imperfections 15 Patch\" \/>\n<meta name=\"robots\" content=\"index, follow, max-snippet:-1, max-image-preview:large, max-video-preview:-1\" \/>\n<link rel=\"canonical\" href=\"https:\/\/vitablanca.ma\/en\/product\/hyfac-patch-anti-imperfections-15-patch\/\" \/>\n<meta property=\"og:locale\" content=\"en_US\" \/>\n<meta property=\"og:type\" content=\"article\" \/>\n<meta property=\"og:title\" content=\"hyfac Patch Anti Imperfections 15 Patch - Maroc Prix\" \/>\n<meta property=\"og:description\" content=\"hyfac Patch Anti Imperfections 15 Patch\" \/>\n<meta property=\"og:url\" content=\"https:\/\/vitablanca.ma\/en\/product\/hyfac-patch-anti-imperfections-15-patch\/\" \/>\n<meta property=\"og:site_name\" content=\"Vitablanca.ma &ndash; Sant&eacute;, vitalit&eacute; et bien-&ecirc;tre pour tous les Marocains\" \/>\n<meta property=\"article:publisher\" content=\"https:\/\/www.facebook.com\/profile.php?id=61576678196717\" \/>\n<meta property=\"og:image\" content=\"https:\/\/vitablanca.ma\/wp-content\/uploads\/2025\/06\/hyfac-Patch-Anti-Imperfections-15-Patch-nova-parapharmacie-maroc.jpg\" \/>\n\t<meta property=\"og:image:width\" content=\"1000\" \/>\n\t<meta property=\"og:image:height\" content=\"1000\" \/>\n\t<meta property=\"og:image:type\" content=\"image\/jpeg\" \/>\n<meta name=\"twitter:card\" content=\"summary_large_image\" \/>\n<meta name=\"twitter:label1\" content=\"Est. reading time\" \/>\n\t<meta name=\"twitter:data1\" content=\"1 minute\" \/>\n<script type=\"application\/ld+json\" class=\"yoast-schema-graph\">{\"@context\":\"https:\\\/\\\/schema.org\",\"@graph\":[{\"@type\":[\"WebPage\",\"ItemPage\"],\"@id\":\"https:\\\/\\\/vitablanca.ma\\\/produit\\\/hyfac-patch-anti-imperfections-15-patch\\\/\",\"url\":\"https:\\\/\\\/vitablanca.ma\\\/produit\\\/hyfac-patch-anti-imperfections-15-patch\\\/\",\"name\":\"hyfac Patch Anti Imperfections 15 Patch - Maroc Prix\",\"isPartOf\":{\"@id\":\"https:\\\/\\\/vitablanca.ma\\\/#website\"},\"primaryImageOfPage\":{\"@id\":\"https:\\\/\\\/vitablanca.ma\\\/produit\\\/hyfac-patch-anti-imperfections-15-patch\\\/#primaryimage\"},\"image\":{\"@id\":\"https:\\\/\\\/vitablanca.ma\\\/produit\\\/hyfac-patch-anti-imperfections-15-patch\\\/#primaryimage\"},\"thumbnailUrl\":\"https:\\\/\\\/vitablanca.ma\\\/wp-content\\\/uploads\\\/2025\\\/06\\\/hyfac-Patch-Anti-Imperfections-15-Patch-nova-parapharmacie-maroc.jpg\",\"datePublished\":\"2025-06-10T17:32:45+00:00\",\"description\":\"hyfac Patch Anti Imperfections 15 Patch\",\"breadcrumb\":{\"@id\":\"https:\\\/\\\/vitablanca.ma\\\/produit\\\/hyfac-patch-anti-imperfections-15-patch\\\/#breadcrumb\"},\"inLanguage\":\"en-US\",\"potentialAction\":[{\"@type\":\"ReadAction\",\"target\":[\"https:\\\/\\\/vitablanca.ma\\\/produit\\\/hyfac-patch-anti-imperfections-15-patch\\\/\"]}]},{\"@type\":\"ImageObject\",\"inLanguage\":\"en-US\",\"@id\":\"https:\\\/\\\/vitablanca.ma\\\/produit\\\/hyfac-patch-anti-imperfections-15-patch\\\/#primaryimage\",\"url\":\"https:\\\/\\\/vitablanca.ma\\\/wp-content\\\/uploads\\\/2025\\\/06\\\/hyfac-Patch-Anti-Imperfections-15-Patch-nova-parapharmacie-maroc.jpg\",\"contentUrl\":\"https:\\\/\\\/vitablanca.ma\\\/wp-content\\\/uploads\\\/2025\\\/06\\\/hyfac-Patch-Anti-Imperfections-15-Patch-nova-parapharmacie-maroc.jpg\",\"width\":1000,\"height\":1000},{\"@type\":\"BreadcrumbList\",\"@id\":\"https:\\\/\\\/vitablanca.ma\\\/produit\\\/hyfac-patch-anti-imperfections-15-patch\\\/#breadcrumb\",\"itemListElement\":[{\"@type\":\"ListItem\",\"position\":1,\"name\":\"Home\",\"item\":\"https:\\\/\\\/vitablanca.ma\\\/\"},{\"@type\":\"ListItem\",\"position\":2,\"name\":\"Tous Les Produits\",\"item\":\"https:\\\/\\\/vitablanca.ma\\\/tous-les-produits\\\/\"},{\"@type\":\"ListItem\",\"position\":3,\"name\":\"hyfac Patch Anti Imperfections 15 Patch\"}]},{\"@type\":\"WebSite\",\"@id\":\"https:\\\/\\\/vitablanca.ma\\\/#website\",\"url\":\"https:\\\/\\\/vitablanca.ma\\\/\",\"name\":\"VitaBlanca.ma | Compl\u00e9ments alimentaires, sant\u00e9 & beaut\u00e9 au Maroc\",\"description\":\"vendre vitamines et compl\u00e9ments premium des USA &amp; Canada, Nouvelle Z\u00e9lande,Maroc (NOW Foods, Solgar, Manuka). Livraison rapide partout au Maroc.\",\"publisher\":{\"@id\":\"https:\\\/\\\/vitablanca.ma\\\/#organization\"},\"alternateName\":\"VitaBlanca.ma\",\"potentialAction\":[{\"@type\":\"SearchAction\",\"target\":{\"@type\":\"EntryPoint\",\"urlTemplate\":\"https:\\\/\\\/vitablanca.ma\\\/?s={search_term_string}\"},\"query-input\":{\"@type\":\"PropertyValueSpecification\",\"valueRequired\":true,\"valueName\":\"search_term_string\"}}],\"inLanguage\":\"en-US\"},{\"@type\":\"Organization\",\"@id\":\"https:\\\/\\\/vitablanca.ma\\\/#organization\",\"name\":\"VitaBlanca\",\"url\":\"https:\\\/\\\/vitablanca.ma\\\/\",\"logo\":{\"@type\":\"ImageObject\",\"inLanguage\":\"en-US\",\"@id\":\"https:\\\/\\\/vitablanca.ma\\\/#\\\/schema\\\/logo\\\/image\\\/\",\"url\":\"https:\\\/\\\/vitablanca.ma\\\/wp-content\\\/uploads\\\/2025\\\/05\\\/cropped-vitablanca.png\",\"contentUrl\":\"https:\\\/\\\/vitablanca.ma\\\/wp-content\\\/uploads\\\/2025\\\/05\\\/cropped-vitablanca.png\",\"width\":360,\"height\":67,\"caption\":\"VitaBlanca\"},\"image\":{\"@id\":\"https:\\\/\\\/vitablanca.ma\\\/#\\\/schema\\\/logo\\\/image\\\/\"},\"sameAs\":[\"https:\\\/\\\/www.facebook.com\\\/profile.php?id=61576678196717\",\"https:\\\/\\\/www.tiktok.com\\\/@vitablanca.ma\",\"https:\\\/\\\/www.instagram.com\\\/vitablanca.ma\\\/\"]}]}<\/script>\n<!-- \/ Yoast SEO plugin. -->","yoast_head_json":{"title":"Hyfac Anti-Imperfections Patch 15 Patches - Morocco Price","description":"hyfac Anti Blemish Patch 15 Patch","robots":{"index":"index","follow":"follow","max-snippet":"max-snippet:-1","max-image-preview":"max-image-preview:large","max-video-preview":"max-video-preview:-1"},"canonical":"https:\/\/vitablanca.ma\/en\/product\/hyfac-patch-anti-imperfections-15-patch\/","og_locale":"en_US","og_type":"article","og_title":"hyfac Patch Anti Imperfections 15 Patch - Maroc Prix","og_description":"hyfac Patch Anti Imperfections 15 Patch","og_url":"https:\/\/vitablanca.ma\/en\/product\/hyfac-patch-anti-imperfections-15-patch\/","og_site_name":"Vitablanca.ma &ndash; Sant&eacute;, vitalit&eacute; et bien-&ecirc;tre pour tous les Marocains","article_publisher":"https:\/\/www.facebook.com\/profile.php?id=61576678196717","og_image":[{"width":1000,"height":1000,"url":"https:\/\/vitablanca.ma\/wp-content\/uploads\/2025\/06\/hyfac-Patch-Anti-Imperfections-15-Patch-nova-parapharmacie-maroc.jpg","type":"image\/jpeg"}],"twitter_card":"summary_large_image","twitter_misc":{"Est. reading time":"1 minute"},"schema":{"@context":"https:\/\/schema.org","@graph":[{"@type":["WebPage","ItemPage"],"@id":"https:\/\/vitablanca.ma\/produit\/hyfac-patch-anti-imperfections-15-patch\/","url":"https:\/\/vitablanca.ma\/produit\/hyfac-patch-anti-imperfections-15-patch\/","name":"Hyfac Anti-Imperfections Patch 15 Patches - Morocco Price","isPartOf":{"@id":"https:\/\/vitablanca.ma\/#website"},"primaryImageOfPage":{"@id":"https:\/\/vitablanca.ma\/produit\/hyfac-patch-anti-imperfections-15-patch\/#primaryimage"},"image":{"@id":"https:\/\/vitablanca.ma\/produit\/hyfac-patch-anti-imperfections-15-patch\/#primaryimage"},"thumbnailUrl":"https:\/\/vitablanca.ma\/wp-content\/uploads\/2025\/06\/hyfac-Patch-Anti-Imperfections-15-Patch-nova-parapharmacie-maroc.jpg","datePublished":"2025-06-10T17:32:45+00:00","description":"hyfac Anti Blemish Patch 15 Patch","breadcrumb":{"@id":"https:\/\/vitablanca.ma\/produit\/hyfac-patch-anti-imperfections-15-patch\/#breadcrumb"},"inLanguage":"en-US","potentialAction":[{"@type":"ReadAction","target":["https:\/\/vitablanca.ma\/produit\/hyfac-patch-anti-imperfections-15-patch\/"]}]},{"@type":"ImageObject","inLanguage":"en-US","@id":"https:\/\/vitablanca.ma\/produit\/hyfac-patch-anti-imperfections-15-patch\/#primaryimage","url":"https:\/\/vitablanca.ma\/wp-content\/uploads\/2025\/06\/hyfac-Patch-Anti-Imperfections-15-Patch-nova-parapharmacie-maroc.jpg","contentUrl":"https:\/\/vitablanca.ma\/wp-content\/uploads\/2025\/06\/hyfac-Patch-Anti-Imperfections-15-Patch-nova-parapharmacie-maroc.jpg","width":1000,"height":1000},{"@type":"BreadcrumbList","@id":"https:\/\/vitablanca.ma\/produit\/hyfac-patch-anti-imperfections-15-patch\/#breadcrumb","itemListElement":[{"@type":"ListItem","position":1,"name":"Home","item":"https:\/\/vitablanca.ma\/"},{"@type":"ListItem","position":2,"name":"Tous Les Produits","item":"https:\/\/vitablanca.ma\/tous-les-produits\/"},{"@type":"ListItem","position":3,"name":"hyfac Patch Anti Imperfections 15 Patch"}]},{"@type":"WebSite","@id":"https:\/\/vitablanca.ma\/#website","url":"https:\/\/vitablanca.ma\/","name":"VitaBlanca.ma | Food supplements, health &amp; beauty in Morocco","description":"sell premium vitamins and supplements from USA &amp; Canada, New Zealand, Morocco (NOW Foods, Solgar, Manuka). Fast delivery anywhere in Morocco.","publisher":{"@id":"https:\/\/vitablanca.ma\/#organization"},"alternateName":"VitaBlanca.ma","potentialAction":[{"@type":"SearchAction","target":{"@type":"EntryPoint","urlTemplate":"https:\/\/vitablanca.ma\/?s={search_term_string}"},"query-input":{"@type":"PropertyValueSpecification","valueRequired":true,"valueName":"search_term_string"}}],"inLanguage":"en-US"},{"@type":"Organization","@id":"https:\/\/vitablanca.ma\/#organization","name":"VitaBlanca","url":"https:\/\/vitablanca.ma\/","logo":{"@type":"ImageObject","inLanguage":"en-US","@id":"https:\/\/vitablanca.ma\/#\/schema\/logo\/image\/","url":"https:\/\/vitablanca.ma\/wp-content\/uploads\/2025\/05\/cropped-vitablanca.png","contentUrl":"https:\/\/vitablanca.ma\/wp-content\/uploads\/2025\/05\/cropped-vitablanca.png","width":360,"height":67,"caption":"VitaBlanca"},"image":{"@id":"https:\/\/vitablanca.ma\/#\/schema\/logo\/image\/"},"sameAs":["https:\/\/www.facebook.com\/profile.php?id=61576678196717","https:\/\/www.tiktok.com\/@vitablanca.ma","https:\/\/www.instagram.com\/vitablanca.ma\/"]}]}},"jetpack_sharing_enabled":true,"_links":{"self":[{"href":"https:\/\/vitablanca.ma\/en\/wp-json\/wp\/v2\/product\/18733","targetHints":{"allow":["GET"]}}],"collection":[{"href":"https:\/\/vitablanca.ma\/en\/wp-json\/wp\/v2\/product"}],"about":[{"href":"https:\/\/vitablanca.ma\/en\/wp-json\/wp\/v2\/types\/product"}],"wp:featuredmedia":[{"embeddable":true,"href":"https:\/\/vitablanca.ma\/en\/wp-json\/wp\/v2\/media\/18731"}],"wp:attachment":[{"href":"https:\/\/vitablanca.ma\/en\/wp-json\/wp\/v2\/media?parent=18733"}],"wp:term":[{"taxonomy":"product_brand","embeddable":true,"href":"https:\/\/vitablanca.ma\/en\/wp-json\/wp\/v2\/product_brand?post=18733"},{"taxonomy":"product_cat","embeddable":true,"href":"https:\/\/vitablanca.ma\/en\/wp-json\/wp\/v2\/product_cat?post=18733"},{"taxonomy":"product_tag","embeddable":true,"href":"https:\/\/vitablanca.ma\/en\/wp-json\/wp\/v2\/product_tag?post=18733"}],"curies":[{"name":"wp","href":"https:\/\/api.w.org\/{rel}","templated":true}]}}