{"id":18680,"date":"2025-06-10T17:30:36","date_gmt":"2025-06-10T17:30:36","guid":{"rendered":"https:\/\/vitablanca.ma\/product\/gph-diffusion-extrait-levure-de-riz-rouge-600-mg-180-gelules\/"},"modified":"2026-01-21T17:07:59","modified_gmt":"2026-01-21T17:07:59","slug":"gph-diffusion-extrait-levure-de-riz-rouge-600-mg-180-gelules","status":"publish","type":"product","link":"https:\/\/vitablanca.ma\/en\/product\/gph-diffusion-extrait-levure-de-riz-rouge-600-mg-180-gelules\/","title":{"rendered":"GPH DIFFUSION Red Yeast Rice Extract 600 mg 180 Capsules"},"content":{"rendered":"<h1 class=\"h1\">GPH DIFFUSION Red Yeast Rice Extract 600 mg | 60 Capsules<\/h1>\n<p>Red yeast rice comes to us straight from Asia, a continent where this organism thrives peacefully on rice plants. It was, of course, originally used in Asian countries, and even before becoming a dietary supplement, red yeast rice was considered a condiment. It is therefore very frequently used to flavor certain dishes in Asia. It is widely available in countries where rice is grown, of course.<\/p>\n<p><strong>What is red yeast rice?<\/strong><\/p>\n<p>Yeast inevitably means fungus. It is a microscopic fungal organism, also known as Monoascus purpureus. Its distinctive color has earned it the nickname red yeast rice. It appears spontaneously during the fermentation of rice grains, and it is at this precise moment that this yeast is harvested. It has a very specific taste, which explains its use as a condiment in Asian cuisine.<\/p>\n<p><strong>The various health benefits of red yeast rice<\/strong><\/p>\n<p>Red yeast rice is an interesting food to consume, particularly because it contains monacolin. This is the main active ingredient in this substance, and it is present in an amount of 1.6% in this dietary supplement. And of course, the various qualities of red yeast rice have been recognized for a long time. This explains why it is widely used in Chinese pharmacopoeias and dietary supplements.<\/p>\n<h3>\n<strong style=\"font-size: 0.875rem\" data-mce-style=\"font-size: 0.875rem;\">DIRECTIONS FOR USE:<\/strong><br \/>\n<\/h3>\n<ul><\/ul>\n<div class=\"w-post-elm post_content\">\n<p>1 tablet per day with a large glass of water during meals.<\/p>\n<p>Should not be consumed by pregnant and breastfeeding women, children under 18 years of age and adults over 70 years of age, as well as people sensitive to statins.<\/p>\n<p>If you have any health problems, consult your doctor before consuming this product.<\/p>\n<p>Should not be consumed if you are taking medication to lower your cholesterol.<\/p>\n<p>Should not be consumed if you are already taking other products containing red yeast rice.<\/p>\n<p>The daily dose of monacolin should not exceed 3 mg per day.<\/p>\n<p>Keep out of reach of children. Store in a dry, cool place away from light.<\/p>\n<h3><span>INGREDIENTS :<\/span><\/h3>\n<p><em>INGREDIENTS PER 1 TABLET:<\/em><\/p>\n<p>Red yeast rice extract powder* (2.99 mg of monacolins),<\/p>\n<p>Bulking agent: Maltodextrin*,<\/p>\n<p>Magnesium carbonate, Anti-caking agent: Talc.<\/p>\n<p>Total net weight: 83.16 g<\/p>\n<\/div>\n<div class=\"w-post-elm post_content\">\n<ul><\/ul>\n<\/div>","protected":false},"excerpt":{"rendered":"<p>GPH DIFFUSION Extrait Levure De Riz Rouge 600 Mg | 60 G\u00e9lules La levure de riz rouge nous arrive tout droit d\u2019Asie, continent o\u00f9 cet organisme se d\u00e9veloppe en toute tranquillit\u00e9 sur les plants de riz. Celle-ci a bien entendu \u00e9t\u00e9 \u00e0 la base utilis\u00e9e au sein des pays asiatiques, et avant m\u00eame d\u2019\u00eatre un [&hellip;]<\/p>\n","protected":false},"featured_media":18678,"template":"","meta":{"om_disable_all_campaigns":false},"product_brand":[5979],"product_cat":[18,15,3366],"product_tag":[],"class_list":{"0":"post-18680","1":"product","2":"type-product","3":"status-publish","4":"has-post-thumbnail","6":"product_brand-gph-maroc-prix","7":"product_cat-beaute-sante","8":"product_cat-beaute-sante-complements-alimentaires-soins-et-bien-etre-au-meilleur-prix","9":"product_cat-complements-alimentaires-au-maroc-vitablanca","11":"first","12":"instock","13":"taxable","14":"shipping-taxable","15":"purchasable","16":"product-type-simple"},"yoast_head":"<!-- This site is optimized with the Yoast SEO plugin v27.4 - https:\/\/yoast.com\/product\/yoast-seo-wordpress\/ -->\n<title>GPH DIFFUSION Extrait Levure De Riz Rouge 600 Mg 180 G\u00e9lules - Maroc Prix<\/title>\n<meta name=\"description\" content=\"GPH DIFFUSION Extrait Levure De Riz Rouge 600 Mg 180 G\u00e9lules\" \/>\n<meta name=\"robots\" content=\"index, follow, max-snippet:-1, max-image-preview:large, max-video-preview:-1\" \/>\n<link rel=\"canonical\" href=\"https:\/\/vitablanca.ma\/en\/product\/gph-diffusion-extrait-levure-de-riz-rouge-600-mg-180-gelules\/\" \/>\n<meta property=\"og:locale\" content=\"en_US\" \/>\n<meta property=\"og:type\" content=\"article\" \/>\n<meta property=\"og:title\" content=\"GPH DIFFUSION Extrait Levure De Riz Rouge 600 Mg 180 G\u00e9lules - Maroc Prix\" \/>\n<meta property=\"og:description\" content=\"GPH DIFFUSION Extrait Levure De Riz Rouge 600 Mg 180 G\u00e9lules\" \/>\n<meta property=\"og:url\" content=\"https:\/\/vitablanca.ma\/en\/product\/gph-diffusion-extrait-levure-de-riz-rouge-600-mg-180-gelules\/\" \/>\n<meta property=\"og:site_name\" content=\"Vitablanca.ma &ndash; Sant&eacute;, vitalit&eacute; et bien-&ecirc;tre pour tous les Marocains\" \/>\n<meta property=\"article:publisher\" content=\"https:\/\/www.facebook.com\/profile.php?id=61576678196717\" \/>\n<meta property=\"article:modified_time\" content=\"2026-01-21T17:07:59+00:00\" \/>\n<meta property=\"og:image\" content=\"https:\/\/vitablanca.ma\/wp-content\/uploads\/2025\/06\/GPH-Extrait-De-Levure-De-Riz-Rouge-0-novapara-maroc.jpg\" \/>\n\t<meta property=\"og:image:width\" content=\"1000\" \/>\n\t<meta property=\"og:image:height\" content=\"1000\" \/>\n\t<meta property=\"og:image:type\" content=\"image\/jpeg\" \/>\n<meta name=\"twitter:card\" content=\"summary_large_image\" \/>\n<meta name=\"twitter:label1\" content=\"Est. reading time\" \/>\n\t<meta name=\"twitter:data1\" content=\"2 minutes\" \/>\n<script type=\"application\/ld+json\" class=\"yoast-schema-graph\">{\"@context\":\"https:\\\/\\\/schema.org\",\"@graph\":[{\"@type\":[\"WebPage\",\"ItemPage\"],\"@id\":\"https:\\\/\\\/vitablanca.ma\\\/produit\\\/gph-diffusion-extrait-levure-de-riz-rouge-600-mg-180-gelules\\\/\",\"url\":\"https:\\\/\\\/vitablanca.ma\\\/produit\\\/gph-diffusion-extrait-levure-de-riz-rouge-600-mg-180-gelules\\\/\",\"name\":\"GPH DIFFUSION Extrait Levure De Riz Rouge 600 Mg 180 G\u00e9lules - Maroc Prix\",\"isPartOf\":{\"@id\":\"https:\\\/\\\/vitablanca.ma\\\/#website\"},\"primaryImageOfPage\":{\"@id\":\"https:\\\/\\\/vitablanca.ma\\\/produit\\\/gph-diffusion-extrait-levure-de-riz-rouge-600-mg-180-gelules\\\/#primaryimage\"},\"image\":{\"@id\":\"https:\\\/\\\/vitablanca.ma\\\/produit\\\/gph-diffusion-extrait-levure-de-riz-rouge-600-mg-180-gelules\\\/#primaryimage\"},\"thumbnailUrl\":\"https:\\\/\\\/vitablanca.ma\\\/wp-content\\\/uploads\\\/2025\\\/06\\\/GPH-Extrait-De-Levure-De-Riz-Rouge-0-novapara-maroc.jpg\",\"datePublished\":\"2025-06-10T17:30:36+00:00\",\"dateModified\":\"2026-01-21T17:07:59+00:00\",\"description\":\"GPH DIFFUSION Extrait Levure De Riz Rouge 600 Mg 180 G\u00e9lules\",\"breadcrumb\":{\"@id\":\"https:\\\/\\\/vitablanca.ma\\\/produit\\\/gph-diffusion-extrait-levure-de-riz-rouge-600-mg-180-gelules\\\/#breadcrumb\"},\"inLanguage\":\"en-US\",\"potentialAction\":[{\"@type\":\"ReadAction\",\"target\":[\"https:\\\/\\\/vitablanca.ma\\\/produit\\\/gph-diffusion-extrait-levure-de-riz-rouge-600-mg-180-gelules\\\/\"]}]},{\"@type\":\"ImageObject\",\"inLanguage\":\"en-US\",\"@id\":\"https:\\\/\\\/vitablanca.ma\\\/produit\\\/gph-diffusion-extrait-levure-de-riz-rouge-600-mg-180-gelules\\\/#primaryimage\",\"url\":\"https:\\\/\\\/vitablanca.ma\\\/wp-content\\\/uploads\\\/2025\\\/06\\\/GPH-Extrait-De-Levure-De-Riz-Rouge-0-novapara-maroc.jpg\",\"contentUrl\":\"https:\\\/\\\/vitablanca.ma\\\/wp-content\\\/uploads\\\/2025\\\/06\\\/GPH-Extrait-De-Levure-De-Riz-Rouge-0-novapara-maroc.jpg\",\"width\":1000,\"height\":1000},{\"@type\":\"BreadcrumbList\",\"@id\":\"https:\\\/\\\/vitablanca.ma\\\/produit\\\/gph-diffusion-extrait-levure-de-riz-rouge-600-mg-180-gelules\\\/#breadcrumb\",\"itemListElement\":[{\"@type\":\"ListItem\",\"position\":1,\"name\":\"Home\",\"item\":\"https:\\\/\\\/vitablanca.ma\\\/\"},{\"@type\":\"ListItem\",\"position\":2,\"name\":\"Tous Les Produits\",\"item\":\"https:\\\/\\\/vitablanca.ma\\\/tous-les-produits\\\/\"},{\"@type\":\"ListItem\",\"position\":3,\"name\":\"GPH DIFFUSION Extrait Levure De Riz Rouge 600 Mg 180 G\u00e9lules\"}]},{\"@type\":\"WebSite\",\"@id\":\"https:\\\/\\\/vitablanca.ma\\\/#website\",\"url\":\"https:\\\/\\\/vitablanca.ma\\\/\",\"name\":\"VitaBlanca.ma | Compl\u00e9ments alimentaires, sant\u00e9 & beaut\u00e9 au Maroc\",\"description\":\"vendre vitamines et compl\u00e9ments premium des USA &amp; Canada, Nouvelle Z\u00e9lande,Maroc (NOW Foods, Solgar, Manuka). Livraison rapide partout au Maroc.\",\"publisher\":{\"@id\":\"https:\\\/\\\/vitablanca.ma\\\/#organization\"},\"alternateName\":\"VitaBlanca.ma\",\"potentialAction\":[{\"@type\":\"SearchAction\",\"target\":{\"@type\":\"EntryPoint\",\"urlTemplate\":\"https:\\\/\\\/vitablanca.ma\\\/?s={search_term_string}\"},\"query-input\":{\"@type\":\"PropertyValueSpecification\",\"valueRequired\":true,\"valueName\":\"search_term_string\"}}],\"inLanguage\":\"en-US\"},{\"@type\":\"Organization\",\"@id\":\"https:\\\/\\\/vitablanca.ma\\\/#organization\",\"name\":\"VitaBlanca\",\"url\":\"https:\\\/\\\/vitablanca.ma\\\/\",\"logo\":{\"@type\":\"ImageObject\",\"inLanguage\":\"en-US\",\"@id\":\"https:\\\/\\\/vitablanca.ma\\\/#\\\/schema\\\/logo\\\/image\\\/\",\"url\":\"https:\\\/\\\/vitablanca.ma\\\/wp-content\\\/uploads\\\/2025\\\/05\\\/cropped-vitablanca.png\",\"contentUrl\":\"https:\\\/\\\/vitablanca.ma\\\/wp-content\\\/uploads\\\/2025\\\/05\\\/cropped-vitablanca.png\",\"width\":360,\"height\":67,\"caption\":\"VitaBlanca\"},\"image\":{\"@id\":\"https:\\\/\\\/vitablanca.ma\\\/#\\\/schema\\\/logo\\\/image\\\/\"},\"sameAs\":[\"https:\\\/\\\/www.facebook.com\\\/profile.php?id=61576678196717\",\"https:\\\/\\\/www.tiktok.com\\\/@vitablanca.ma\",\"https:\\\/\\\/www.instagram.com\\\/vitablanca.ma\\\/\"]}]}<\/script>\n<!-- \/ Yoast SEO plugin. -->","yoast_head_json":{"title":"GPH DIFFUSION Red Yeast Rice Extract 600 mg 180 Capsules - Morocco Price","description":"GPH DIFFUSION Red Yeast Rice Extract 600 mg 180 Capsules","robots":{"index":"index","follow":"follow","max-snippet":"max-snippet:-1","max-image-preview":"max-image-preview:large","max-video-preview":"max-video-preview:-1"},"canonical":"https:\/\/vitablanca.ma\/en\/product\/gph-diffusion-extrait-levure-de-riz-rouge-600-mg-180-gelules\/","og_locale":"en_US","og_type":"article","og_title":"GPH DIFFUSION Extrait Levure De Riz Rouge 600 Mg 180 G\u00e9lules - Maroc Prix","og_description":"GPH DIFFUSION Extrait Levure De Riz Rouge 600 Mg 180 G\u00e9lules","og_url":"https:\/\/vitablanca.ma\/en\/product\/gph-diffusion-extrait-levure-de-riz-rouge-600-mg-180-gelules\/","og_site_name":"Vitablanca.ma &ndash; Sant&eacute;, vitalit&eacute; et bien-&ecirc;tre pour tous les Marocains","article_publisher":"https:\/\/www.facebook.com\/profile.php?id=61576678196717","article_modified_time":"2026-01-21T17:07:59+00:00","og_image":[{"width":1000,"height":1000,"url":"https:\/\/vitablanca.ma\/wp-content\/uploads\/2025\/06\/GPH-Extrait-De-Levure-De-Riz-Rouge-0-novapara-maroc.jpg","type":"image\/jpeg"}],"twitter_card":"summary_large_image","twitter_misc":{"Est. reading time":"2 minutes"},"schema":{"@context":"https:\/\/schema.org","@graph":[{"@type":["WebPage","ItemPage"],"@id":"https:\/\/vitablanca.ma\/produit\/gph-diffusion-extrait-levure-de-riz-rouge-600-mg-180-gelules\/","url":"https:\/\/vitablanca.ma\/produit\/gph-diffusion-extrait-levure-de-riz-rouge-600-mg-180-gelules\/","name":"GPH DIFFUSION Red Yeast Rice Extract 600 mg 180 Capsules - Morocco Price","isPartOf":{"@id":"https:\/\/vitablanca.ma\/#website"},"primaryImageOfPage":{"@id":"https:\/\/vitablanca.ma\/produit\/gph-diffusion-extrait-levure-de-riz-rouge-600-mg-180-gelules\/#primaryimage"},"image":{"@id":"https:\/\/vitablanca.ma\/produit\/gph-diffusion-extrait-levure-de-riz-rouge-600-mg-180-gelules\/#primaryimage"},"thumbnailUrl":"https:\/\/vitablanca.ma\/wp-content\/uploads\/2025\/06\/GPH-Extrait-De-Levure-De-Riz-Rouge-0-novapara-maroc.jpg","datePublished":"2025-06-10T17:30:36+00:00","dateModified":"2026-01-21T17:07:59+00:00","description":"GPH DIFFUSION Red Yeast Rice Extract 600 mg 180 Capsules","breadcrumb":{"@id":"https:\/\/vitablanca.ma\/produit\/gph-diffusion-extrait-levure-de-riz-rouge-600-mg-180-gelules\/#breadcrumb"},"inLanguage":"en-US","potentialAction":[{"@type":"ReadAction","target":["https:\/\/vitablanca.ma\/produit\/gph-diffusion-extrait-levure-de-riz-rouge-600-mg-180-gelules\/"]}]},{"@type":"ImageObject","inLanguage":"en-US","@id":"https:\/\/vitablanca.ma\/produit\/gph-diffusion-extrait-levure-de-riz-rouge-600-mg-180-gelules\/#primaryimage","url":"https:\/\/vitablanca.ma\/wp-content\/uploads\/2025\/06\/GPH-Extrait-De-Levure-De-Riz-Rouge-0-novapara-maroc.jpg","contentUrl":"https:\/\/vitablanca.ma\/wp-content\/uploads\/2025\/06\/GPH-Extrait-De-Levure-De-Riz-Rouge-0-novapara-maroc.jpg","width":1000,"height":1000},{"@type":"BreadcrumbList","@id":"https:\/\/vitablanca.ma\/produit\/gph-diffusion-extrait-levure-de-riz-rouge-600-mg-180-gelules\/#breadcrumb","itemListElement":[{"@type":"ListItem","position":1,"name":"Home","item":"https:\/\/vitablanca.ma\/"},{"@type":"ListItem","position":2,"name":"Tous Les Produits","item":"https:\/\/vitablanca.ma\/tous-les-produits\/"},{"@type":"ListItem","position":3,"name":"GPH DIFFUSION Extrait Levure De Riz Rouge 600 Mg 180 G\u00e9lules"}]},{"@type":"WebSite","@id":"https:\/\/vitablanca.ma\/#website","url":"https:\/\/vitablanca.ma\/","name":"VitaBlanca.ma | Food supplements, health &amp; beauty in Morocco","description":"sell premium vitamins and supplements from USA &amp; Canada, New Zealand, Morocco (NOW Foods, Solgar, Manuka). Fast delivery anywhere in Morocco.","publisher":{"@id":"https:\/\/vitablanca.ma\/#organization"},"alternateName":"VitaBlanca.ma","potentialAction":[{"@type":"SearchAction","target":{"@type":"EntryPoint","urlTemplate":"https:\/\/vitablanca.ma\/?s={search_term_string}"},"query-input":{"@type":"PropertyValueSpecification","valueRequired":true,"valueName":"search_term_string"}}],"inLanguage":"en-US"},{"@type":"Organization","@id":"https:\/\/vitablanca.ma\/#organization","name":"VitaBlanca","url":"https:\/\/vitablanca.ma\/","logo":{"@type":"ImageObject","inLanguage":"en-US","@id":"https:\/\/vitablanca.ma\/#\/schema\/logo\/image\/","url":"https:\/\/vitablanca.ma\/wp-content\/uploads\/2025\/05\/cropped-vitablanca.png","contentUrl":"https:\/\/vitablanca.ma\/wp-content\/uploads\/2025\/05\/cropped-vitablanca.png","width":360,"height":67,"caption":"VitaBlanca"},"image":{"@id":"https:\/\/vitablanca.ma\/#\/schema\/logo\/image\/"},"sameAs":["https:\/\/www.facebook.com\/profile.php?id=61576678196717","https:\/\/www.tiktok.com\/@vitablanca.ma","https:\/\/www.instagram.com\/vitablanca.ma\/"]}]}},"jetpack_sharing_enabled":true,"_links":{"self":[{"href":"https:\/\/vitablanca.ma\/en\/wp-json\/wp\/v2\/product\/18680","targetHints":{"allow":["GET"]}}],"collection":[{"href":"https:\/\/vitablanca.ma\/en\/wp-json\/wp\/v2\/product"}],"about":[{"href":"https:\/\/vitablanca.ma\/en\/wp-json\/wp\/v2\/types\/product"}],"wp:featuredmedia":[{"embeddable":true,"href":"https:\/\/vitablanca.ma\/en\/wp-json\/wp\/v2\/media\/18678"}],"wp:attachment":[{"href":"https:\/\/vitablanca.ma\/en\/wp-json\/wp\/v2\/media?parent=18680"}],"wp:term":[{"taxonomy":"product_brand","embeddable":true,"href":"https:\/\/vitablanca.ma\/en\/wp-json\/wp\/v2\/product_brand?post=18680"},{"taxonomy":"product_cat","embeddable":true,"href":"https:\/\/vitablanca.ma\/en\/wp-json\/wp\/v2\/product_cat?post=18680"},{"taxonomy":"product_tag","embeddable":true,"href":"https:\/\/vitablanca.ma\/en\/wp-json\/wp\/v2\/product_tag?post=18680"}],"curies":[{"name":"wp","href":"https:\/\/api.w.org\/{rel}","templated":true}]}}