{"id":18676,"date":"2025-06-10T17:30:27","date_gmt":"2025-06-10T17:30:27","guid":{"rendered":"https:\/\/vitablanca.ma\/product\/heliocare-360-gel-creme-fluid-spf100-50ml\/"},"modified":"2025-06-10T17:30:27","modified_gmt":"2025-06-10T17:30:27","slug":"heliocare-360-gel-creme-fluid-spf100-50ml","status":"publish","type":"product","link":"https:\/\/vitablanca.ma\/en\/product\/heliocare-360-gel-creme-fluid-spf100-50ml\/","title":{"rendered":"HELIOCARE 360\u00b0 Fluid Gel Cream SPF100+ 50ml"},"content":{"rendered":"<h2 class=\"titularFichaProducto\" data-mce-fragment=\"1\">HELIOCARE 360\u00b0 Fluid Gel Cream SPF100+\u00a0<\/h2>\n<h3 class=\"titularFichaProducto\" data-mce-fragment=\"1\">PRESENTATION<\/h3>\n<ul>\n<li>\n<strong data-mce-fragment=\"1\">HELIOCARE 360\u00ba GELCREAM SPF100+,<\/strong><span data-mce-fragment=\"1\">\u00a0<\/span>Cream gel, 50 ml tube.<\/li>\n<li>\n<strong data-mce-fragment=\"1\">Product nature:<\/strong><span data-mce-fragment=\"1\">\u00a0<\/span>Cosmetic.<\/li>\n<li>\n<strong data-mce-fragment=\"1\">Cosmetic product category:<\/strong><span data-mce-fragment=\"1\">\u00a0<\/span>sunscreen.<\/li>\n<li>\n<strong data-mce-fragment=\"1\">Directions:<\/strong><span data-mce-fragment=\"1\">\u00a0<\/span>High sun protection SPF 100+ for all skin types and for pathologies (Melasma, Photodermatoses, etc.) requiring a high protection index.<\/li>\n<li>\n<strong data-mce-fragment=\"1\">Use:<\/strong><span data-mce-fragment=\"1\">\u00a0<\/span>Shake before use. Apply generously and evenly before exposure.<\/li>\n<li>\n<strong data-mce-fragment=\"1\">Special precautions for use:<\/strong><span data-mce-fragment=\"1\">\u00a0<\/span>External use. Avoid contact with eyes and mucous membranes.<\/li>\n<li>\n<strong data-mce-fragment=\"1\">Shelf life:<\/strong><span data-mce-fragment=\"1\">\u00a0<\/span>48 months, store below 40\u00b0C.<\/li>\n<li>\n<strong data-mce-fragment=\"1\">Validity period after opening the product:<\/strong><span data-mce-fragment=\"1\">\u00a0<\/span>9 months after opening.<\/li>\n<\/ul>\n<h3 data-mce-fragment=\"1\">PROPERTIES<\/h3>\n<ul>\n<li>THE WIDEST PHOTOPROTECTION ON THE MARKET<\/li>\n<li>INTENSE ANTIOXIDANT ACTION<\/li>\n<li>REPAIRS DAMAGE AT THE DNA LEVEL<\/li>\n<\/ul>\n<h3 data-mce-fragment=\"1\">COMPOSITION<\/h3>\n<ul data-mce-fragment=\"1\">\n<li data-mce-fragment=\"1\">Fernblock\u00ae Technology<\/li>\n<li data-mce-fragment=\"1\">Green tea<\/li>\n<li data-mce-fragment=\"1\">Vitamin C + E<\/li>\n<\/ul>","protected":false},"excerpt":{"rendered":"<p>HELIOCARE 360\u00b0 Gel Cr\u00e8me Fluid SPF100+\u00a0 PR\u00c9SENTATION HELIOCARE 360\u00ba GELCREAM SPF100+,\u00a0Gel cr\u00e8me, tube de 50 ml. Nature du produit:\u00a0Cosm\u00e9tique. Cat\u00e9gorie du produit cosm\u00e9tique:\u00a0\u00e9cran solaire. Indications:\u00a0Haute protection solaire spf 100+ pour tout les types de peaux et pour des pathologies(M\u00e9lasma, Photodermatoses\u2026) n\u00e9cessitant un haut indice de protection. Utilisation:\u00a0Agiter avant l\u2019emploi.. Appliquez g\u00e9n\u00e9reusement et uniform\u00e9ment avant toute [&hellip;]<\/p>\n","protected":false},"featured_media":18673,"template":"","meta":{"om_disable_all_campaigns":false},"product_brand":[],"product_cat":[15],"product_tag":[],"class_list":{"0":"post-18676","1":"product","2":"type-product","3":"status-publish","4":"has-post-thumbnail","6":"product_cat-beaute-sante-complements-alimentaires-soins-et-bien-etre-au-meilleur-prix","8":"first","9":"instock","10":"sale","11":"taxable","12":"shipping-taxable","13":"purchasable","14":"product-type-simple"},"yoast_head":"<!-- This site is optimized with the Yoast SEO plugin v27.4 - https:\/\/yoast.com\/product\/yoast-seo-wordpress\/ -->\n<title>HELIOCARE 360\u00b0 Gel Cr\u00e8me Fluid SPF100+ 50ml - Maroc Prix<\/title>\n<meta name=\"description\" content=\"HELIOCARE 360\u00b0 Gel Cr\u00e8me Fluid SPF100+ 50ml\" \/>\n<meta name=\"robots\" content=\"index, follow, max-snippet:-1, max-image-preview:large, max-video-preview:-1\" \/>\n<link rel=\"canonical\" href=\"https:\/\/vitablanca.ma\/en\/product\/heliocare-360-gel-creme-fluid-spf100-50ml\/\" \/>\n<meta property=\"og:locale\" content=\"en_US\" \/>\n<meta property=\"og:type\" content=\"article\" \/>\n<meta property=\"og:title\" content=\"HELIOCARE 360\u00b0 Gel Cr\u00e8me Fluid SPF100+ 50ml - Maroc Prix\" \/>\n<meta property=\"og:description\" content=\"HELIOCARE 360\u00b0 Gel Cr\u00e8me Fluid SPF100+ 50ml\" \/>\n<meta property=\"og:url\" content=\"https:\/\/vitablanca.ma\/en\/product\/heliocare-360-gel-creme-fluid-spf100-50ml\/\" \/>\n<meta property=\"og:site_name\" content=\"Vitablanca.ma &ndash; Sant&eacute;, vitalit&eacute; et bien-&ecirc;tre pour tous les Marocains\" \/>\n<meta property=\"article:publisher\" content=\"https:\/\/www.facebook.com\/profile.php?id=61576678196717\" \/>\n<meta property=\"og:image\" content=\"https:\/\/vitablanca.ma\/wp-content\/uploads\/2025\/06\/HELIOCARE-360_-Gel-Creme-Fluid-SPF100_-50ml-nova-para-casablanca.jpg\" \/>\n\t<meta property=\"og:image:width\" content=\"1000\" \/>\n\t<meta property=\"og:image:height\" content=\"1000\" \/>\n\t<meta property=\"og:image:type\" content=\"image\/jpeg\" \/>\n<meta name=\"twitter:card\" content=\"summary_large_image\" \/>\n<meta name=\"twitter:label1\" content=\"Est. reading time\" \/>\n\t<meta name=\"twitter:data1\" content=\"1 minute\" \/>\n<script type=\"application\/ld+json\" class=\"yoast-schema-graph\">{\"@context\":\"https:\\\/\\\/schema.org\",\"@graph\":[{\"@type\":[\"WebPage\",\"ItemPage\"],\"@id\":\"https:\\\/\\\/vitablanca.ma\\\/produit\\\/heliocare-360-gel-creme-fluid-spf100-50ml\\\/\",\"url\":\"https:\\\/\\\/vitablanca.ma\\\/produit\\\/heliocare-360-gel-creme-fluid-spf100-50ml\\\/\",\"name\":\"HELIOCARE 360\u00b0 Gel Cr\u00e8me Fluid SPF100+ 50ml - Maroc Prix\",\"isPartOf\":{\"@id\":\"https:\\\/\\\/vitablanca.ma\\\/#website\"},\"primaryImageOfPage\":{\"@id\":\"https:\\\/\\\/vitablanca.ma\\\/produit\\\/heliocare-360-gel-creme-fluid-spf100-50ml\\\/#primaryimage\"},\"image\":{\"@id\":\"https:\\\/\\\/vitablanca.ma\\\/produit\\\/heliocare-360-gel-creme-fluid-spf100-50ml\\\/#primaryimage\"},\"thumbnailUrl\":\"https:\\\/\\\/vitablanca.ma\\\/wp-content\\\/uploads\\\/2025\\\/06\\\/HELIOCARE-360_-Gel-Creme-Fluid-SPF100_-50ml-nova-para-casablanca.jpg\",\"datePublished\":\"2025-06-10T17:30:27+00:00\",\"description\":\"HELIOCARE 360\u00b0 Gel Cr\u00e8me Fluid SPF100+ 50ml\",\"breadcrumb\":{\"@id\":\"https:\\\/\\\/vitablanca.ma\\\/produit\\\/heliocare-360-gel-creme-fluid-spf100-50ml\\\/#breadcrumb\"},\"inLanguage\":\"en-US\",\"potentialAction\":[{\"@type\":\"ReadAction\",\"target\":[\"https:\\\/\\\/vitablanca.ma\\\/produit\\\/heliocare-360-gel-creme-fluid-spf100-50ml\\\/\"]}]},{\"@type\":\"ImageObject\",\"inLanguage\":\"en-US\",\"@id\":\"https:\\\/\\\/vitablanca.ma\\\/produit\\\/heliocare-360-gel-creme-fluid-spf100-50ml\\\/#primaryimage\",\"url\":\"https:\\\/\\\/vitablanca.ma\\\/wp-content\\\/uploads\\\/2025\\\/06\\\/HELIOCARE-360_-Gel-Creme-Fluid-SPF100_-50ml-nova-para-casablanca.jpg\",\"contentUrl\":\"https:\\\/\\\/vitablanca.ma\\\/wp-content\\\/uploads\\\/2025\\\/06\\\/HELIOCARE-360_-Gel-Creme-Fluid-SPF100_-50ml-nova-para-casablanca.jpg\",\"width\":1000,\"height\":1000},{\"@type\":\"BreadcrumbList\",\"@id\":\"https:\\\/\\\/vitablanca.ma\\\/produit\\\/heliocare-360-gel-creme-fluid-spf100-50ml\\\/#breadcrumb\",\"itemListElement\":[{\"@type\":\"ListItem\",\"position\":1,\"name\":\"Home\",\"item\":\"https:\\\/\\\/vitablanca.ma\\\/\"},{\"@type\":\"ListItem\",\"position\":2,\"name\":\"Tous Les Produits\",\"item\":\"https:\\\/\\\/vitablanca.ma\\\/tous-les-produits\\\/\"},{\"@type\":\"ListItem\",\"position\":3,\"name\":\"HELIOCARE 360\u00b0 Gel Cr\u00e8me Fluid SPF100+ 50ml\"}]},{\"@type\":\"WebSite\",\"@id\":\"https:\\\/\\\/vitablanca.ma\\\/#website\",\"url\":\"https:\\\/\\\/vitablanca.ma\\\/\",\"name\":\"VitaBlanca.ma | Compl\u00e9ments alimentaires, sant\u00e9 & beaut\u00e9 au Maroc\",\"description\":\"vendre vitamines et compl\u00e9ments premium des USA &amp; Canada, Nouvelle Z\u00e9lande,Maroc (NOW Foods, Solgar, Manuka). Livraison rapide partout au Maroc.\",\"publisher\":{\"@id\":\"https:\\\/\\\/vitablanca.ma\\\/#organization\"},\"alternateName\":\"VitaBlanca.ma\",\"potentialAction\":[{\"@type\":\"SearchAction\",\"target\":{\"@type\":\"EntryPoint\",\"urlTemplate\":\"https:\\\/\\\/vitablanca.ma\\\/?s={search_term_string}\"},\"query-input\":{\"@type\":\"PropertyValueSpecification\",\"valueRequired\":true,\"valueName\":\"search_term_string\"}}],\"inLanguage\":\"en-US\"},{\"@type\":\"Organization\",\"@id\":\"https:\\\/\\\/vitablanca.ma\\\/#organization\",\"name\":\"VitaBlanca\",\"url\":\"https:\\\/\\\/vitablanca.ma\\\/\",\"logo\":{\"@type\":\"ImageObject\",\"inLanguage\":\"en-US\",\"@id\":\"https:\\\/\\\/vitablanca.ma\\\/#\\\/schema\\\/logo\\\/image\\\/\",\"url\":\"https:\\\/\\\/vitablanca.ma\\\/wp-content\\\/uploads\\\/2025\\\/05\\\/cropped-vitablanca.png\",\"contentUrl\":\"https:\\\/\\\/vitablanca.ma\\\/wp-content\\\/uploads\\\/2025\\\/05\\\/cropped-vitablanca.png\",\"width\":360,\"height\":67,\"caption\":\"VitaBlanca\"},\"image\":{\"@id\":\"https:\\\/\\\/vitablanca.ma\\\/#\\\/schema\\\/logo\\\/image\\\/\"},\"sameAs\":[\"https:\\\/\\\/www.facebook.com\\\/profile.php?id=61576678196717\",\"https:\\\/\\\/www.tiktok.com\\\/@vitablanca.ma\",\"https:\\\/\\\/www.instagram.com\\\/vitablanca.ma\\\/\"]}]}<\/script>\n<!-- \/ Yoast SEO plugin. -->","yoast_head_json":{"title":"HELIOCARE 360\u00b0 Fluid Cream Gel SPF100+ 50ml - Morocco Price","description":"HELIOCARE 360\u00b0 Fluid Gel Cream SPF100+ 50ml","robots":{"index":"index","follow":"follow","max-snippet":"max-snippet:-1","max-image-preview":"max-image-preview:large","max-video-preview":"max-video-preview:-1"},"canonical":"https:\/\/vitablanca.ma\/en\/product\/heliocare-360-gel-creme-fluid-spf100-50ml\/","og_locale":"en_US","og_type":"article","og_title":"HELIOCARE 360\u00b0 Gel Cr\u00e8me Fluid SPF100+ 50ml - Maroc Prix","og_description":"HELIOCARE 360\u00b0 Gel Cr\u00e8me Fluid SPF100+ 50ml","og_url":"https:\/\/vitablanca.ma\/en\/product\/heliocare-360-gel-creme-fluid-spf100-50ml\/","og_site_name":"Vitablanca.ma &ndash; Sant&eacute;, vitalit&eacute; et bien-&ecirc;tre pour tous les Marocains","article_publisher":"https:\/\/www.facebook.com\/profile.php?id=61576678196717","og_image":[{"width":1000,"height":1000,"url":"https:\/\/vitablanca.ma\/wp-content\/uploads\/2025\/06\/HELIOCARE-360_-Gel-Creme-Fluid-SPF100_-50ml-nova-para-casablanca.jpg","type":"image\/jpeg"}],"twitter_card":"summary_large_image","twitter_misc":{"Est. reading time":"1 minute"},"schema":{"@context":"https:\/\/schema.org","@graph":[{"@type":["WebPage","ItemPage"],"@id":"https:\/\/vitablanca.ma\/produit\/heliocare-360-gel-creme-fluid-spf100-50ml\/","url":"https:\/\/vitablanca.ma\/produit\/heliocare-360-gel-creme-fluid-spf100-50ml\/","name":"HELIOCARE 360\u00b0 Fluid Cream Gel SPF100+ 50ml - Morocco Price","isPartOf":{"@id":"https:\/\/vitablanca.ma\/#website"},"primaryImageOfPage":{"@id":"https:\/\/vitablanca.ma\/produit\/heliocare-360-gel-creme-fluid-spf100-50ml\/#primaryimage"},"image":{"@id":"https:\/\/vitablanca.ma\/produit\/heliocare-360-gel-creme-fluid-spf100-50ml\/#primaryimage"},"thumbnailUrl":"https:\/\/vitablanca.ma\/wp-content\/uploads\/2025\/06\/HELIOCARE-360_-Gel-Creme-Fluid-SPF100_-50ml-nova-para-casablanca.jpg","datePublished":"2025-06-10T17:30:27+00:00","description":"HELIOCARE 360\u00b0 Fluid Gel Cream SPF100+ 50ml","breadcrumb":{"@id":"https:\/\/vitablanca.ma\/produit\/heliocare-360-gel-creme-fluid-spf100-50ml\/#breadcrumb"},"inLanguage":"en-US","potentialAction":[{"@type":"ReadAction","target":["https:\/\/vitablanca.ma\/produit\/heliocare-360-gel-creme-fluid-spf100-50ml\/"]}]},{"@type":"ImageObject","inLanguage":"en-US","@id":"https:\/\/vitablanca.ma\/produit\/heliocare-360-gel-creme-fluid-spf100-50ml\/#primaryimage","url":"https:\/\/vitablanca.ma\/wp-content\/uploads\/2025\/06\/HELIOCARE-360_-Gel-Creme-Fluid-SPF100_-50ml-nova-para-casablanca.jpg","contentUrl":"https:\/\/vitablanca.ma\/wp-content\/uploads\/2025\/06\/HELIOCARE-360_-Gel-Creme-Fluid-SPF100_-50ml-nova-para-casablanca.jpg","width":1000,"height":1000},{"@type":"BreadcrumbList","@id":"https:\/\/vitablanca.ma\/produit\/heliocare-360-gel-creme-fluid-spf100-50ml\/#breadcrumb","itemListElement":[{"@type":"ListItem","position":1,"name":"Home","item":"https:\/\/vitablanca.ma\/"},{"@type":"ListItem","position":2,"name":"Tous Les Produits","item":"https:\/\/vitablanca.ma\/tous-les-produits\/"},{"@type":"ListItem","position":3,"name":"HELIOCARE 360\u00b0 Gel Cr\u00e8me Fluid SPF100+ 50ml"}]},{"@type":"WebSite","@id":"https:\/\/vitablanca.ma\/#website","url":"https:\/\/vitablanca.ma\/","name":"VitaBlanca.ma | Food supplements, health &amp; beauty in Morocco","description":"sell premium vitamins and supplements from USA &amp; Canada, New Zealand, Morocco (NOW Foods, Solgar, Manuka). Fast delivery anywhere in Morocco.","publisher":{"@id":"https:\/\/vitablanca.ma\/#organization"},"alternateName":"VitaBlanca.ma","potentialAction":[{"@type":"SearchAction","target":{"@type":"EntryPoint","urlTemplate":"https:\/\/vitablanca.ma\/?s={search_term_string}"},"query-input":{"@type":"PropertyValueSpecification","valueRequired":true,"valueName":"search_term_string"}}],"inLanguage":"en-US"},{"@type":"Organization","@id":"https:\/\/vitablanca.ma\/#organization","name":"VitaBlanca","url":"https:\/\/vitablanca.ma\/","logo":{"@type":"ImageObject","inLanguage":"en-US","@id":"https:\/\/vitablanca.ma\/#\/schema\/logo\/image\/","url":"https:\/\/vitablanca.ma\/wp-content\/uploads\/2025\/05\/cropped-vitablanca.png","contentUrl":"https:\/\/vitablanca.ma\/wp-content\/uploads\/2025\/05\/cropped-vitablanca.png","width":360,"height":67,"caption":"VitaBlanca"},"image":{"@id":"https:\/\/vitablanca.ma\/#\/schema\/logo\/image\/"},"sameAs":["https:\/\/www.facebook.com\/profile.php?id=61576678196717","https:\/\/www.tiktok.com\/@vitablanca.ma","https:\/\/www.instagram.com\/vitablanca.ma\/"]}]}},"jetpack_sharing_enabled":true,"_links":{"self":[{"href":"https:\/\/vitablanca.ma\/en\/wp-json\/wp\/v2\/product\/18676","targetHints":{"allow":["GET"]}}],"collection":[{"href":"https:\/\/vitablanca.ma\/en\/wp-json\/wp\/v2\/product"}],"about":[{"href":"https:\/\/vitablanca.ma\/en\/wp-json\/wp\/v2\/types\/product"}],"wp:featuredmedia":[{"embeddable":true,"href":"https:\/\/vitablanca.ma\/en\/wp-json\/wp\/v2\/media\/18673"}],"wp:attachment":[{"href":"https:\/\/vitablanca.ma\/en\/wp-json\/wp\/v2\/media?parent=18676"}],"wp:term":[{"taxonomy":"product_brand","embeddable":true,"href":"https:\/\/vitablanca.ma\/en\/wp-json\/wp\/v2\/product_brand?post=18676"},{"taxonomy":"product_cat","embeddable":true,"href":"https:\/\/vitablanca.ma\/en\/wp-json\/wp\/v2\/product_cat?post=18676"},{"taxonomy":"product_tag","embeddable":true,"href":"https:\/\/vitablanca.ma\/en\/wp-json\/wp\/v2\/product_tag?post=18676"}],"curies":[{"name":"wp","href":"https:\/\/api.w.org\/{rel}","templated":true}]}}