{"id":18610,"date":"2025-06-10T17:27:57","date_gmt":"2025-06-10T17:27:57","guid":{"rendered":"https:\/\/vitablanca.ma\/product\/gph-diffuion-collagene-marin-vitamine-c-350-mg-180-gelules\/"},"modified":"2026-01-21T17:08:02","modified_gmt":"2026-01-21T17:08:02","slug":"gph-diffuion-collagene-marin-vitamine-c-350-mg-180-gelules","status":"publish","type":"product","link":"https:\/\/vitablanca.ma\/en\/product\/gph-diffuion-collagene-marin-vitamine-c-350-mg-180-gelules\/","title":{"rendered":"GPH DIFFUION Marine Collagen + Vitamin C 350 Mg 180 Capsules"},"content":{"rendered":"<h2>GPH DIFFUION Marine Collagen + Vitamin C 350 Mg | 180 Capsules<\/h2>\n<p>A low molecular weight fish collagen hydrolyzate, which allows it to be perfectly assimilated by the body. Strengthening of skin and joint tissues, among other benefits. Highly recommended for seniors, athletes, in case of restrictive diets, growth spurts. To fight against premature aging of the skin, fade wrinkles. Collagen is naturally produced by the body, it is the fibrous structural protein that makes up the white fibers of the skin, hair, cartilage, muscles, tendons and bones. In the body, collagen fibers ensure the cohesion, elasticity and regeneration of organic tissues. Natural collagen synthesis is essential for mobility, joint flexibility, and youthful skin. When collagen production decreases, all of the body&#039;s cartilage tissue is affected. Marine collagen helps strengthen and complement the action of the collagen naturally produced by the body to maintain or restore overall balance in the body for longer. It has a very positive effect on joints and skin. Marine collagen strengthens and reinforces joints, while providing them with greater flexibility. Furthermore, it is particularly beneficial for the care of mature skin, for skin exposed to external aggressions (pollution, cold, etc.), which weaken it. Marine collagen restores vitality and tone to the skin by providing it with more suppleness and elasticity thanks to the natural fibers of marine collagen. This contributes to a significant reduction in wrinkles, smoothing of features, for younger and firmer skin. Hair benefits from a collagen treatment, it is stronger, thicker, at all ages.<\/p>\n<p><span><strong>DIRECTIONS FOR USE<\/strong><\/span><\/p>\n<p>2 to 4 capsules per day with a large glass of water during meals.<\/p>\n<p>It is recommended to respect the recommended doses, to ensure a varied and balanced diet and a healthy lifestyle.<\/p>\n<p>Keep out of reach of children.<\/p>\n<p>Vitamin C contributes to normal collagen formation for the normal function of bones, cartilage and skin.<\/p>\n<p>Store in a cool, dry place away from light.<\/p>\n<p><span><strong>INGREDIENTS<\/strong><\/span><\/p>\n<p><em>\u00a0INGREDIENTS FOR 4 CAPSULES:<\/em><\/p>\n<p>Marine Collagen Hydrolyzate Powder (Fish): 1360 mg<\/p>\n<p>Sodium ascorbate: 45 mg or 40 mg of Vitamin C =50% VNR*<\/p>\n<p>Anti-caking agent: magnesium salts of fatty acids<\/p>\n<p>Shell (gelatin): 360 mg<\/p>\n<p>Allergen: fish. *Nutrient Reference Values\u00a0<\/p>\n<p>NET WEIGHT: 82.98 G<\/p>","protected":false},"excerpt":{"rendered":"<p>GPH DIFFUION Collag\u00e8ne Marin + Vitamine C 350 Mg | 180 G\u00e9lules Un hydrolysat de collag\u00e8ne de poisson de faible poids mol\u00e9culaire, ce qui lui permet d&rsquo;\u00eatre parfaitement assimil\u00e9 par l&rsquo;organisme. Renforcement des tissus de la peau et des articulations, entres autres bienfaits. Tr\u00e8s conseill\u00e9 aux seniors, sportifs, en cas de r\u00e9gimes alimentaires restrictifs, pouss\u00e9es [&hellip;]<\/p>\n","protected":false},"featured_media":18609,"template":"","meta":{"om_disable_all_campaigns":false},"product_brand":[5979],"product_cat":[18,15,3366],"product_tag":[],"class_list":{"0":"post-18610","1":"product","2":"type-product","3":"status-publish","4":"has-post-thumbnail","6":"product_brand-gph-maroc-prix","7":"product_cat-beaute-sante","8":"product_cat-beaute-sante-complements-alimentaires-soins-et-bien-etre-au-meilleur-prix","9":"product_cat-complements-alimentaires-au-maroc-vitablanca","11":"first","12":"instock","13":"sale","14":"taxable","15":"shipping-taxable","16":"purchasable","17":"product-type-simple"},"yoast_head":"<!-- This site is optimized with the Yoast SEO plugin v27.4 - https:\/\/yoast.com\/product\/yoast-seo-wordpress\/ -->\n<title>GPH DIFFUION Collag\u00e8ne Marin + Vitamine C 350 Mg 180 G\u00e9lules - Maroc Prix<\/title>\n<meta name=\"description\" content=\"GPH DIFFUION Collag\u00e8ne Marin + Vitamine C 350 Mg 180 G\u00e9lules\" \/>\n<meta name=\"robots\" content=\"index, follow, max-snippet:-1, max-image-preview:large, max-video-preview:-1\" \/>\n<link rel=\"canonical\" href=\"https:\/\/vitablanca.ma\/en\/product\/gph-diffuion-collagene-marin-vitamine-c-350-mg-180-gelules\/\" \/>\n<meta property=\"og:locale\" content=\"en_US\" \/>\n<meta property=\"og:type\" content=\"article\" \/>\n<meta property=\"og:title\" content=\"GPH DIFFUION Collag\u00e8ne Marin + Vitamine C 350 Mg 180 G\u00e9lules - Maroc Prix\" \/>\n<meta property=\"og:description\" content=\"GPH DIFFUION Collag\u00e8ne Marin + Vitamine C 350 Mg 180 G\u00e9lules\" \/>\n<meta property=\"og:url\" content=\"https:\/\/vitablanca.ma\/en\/product\/gph-diffuion-collagene-marin-vitamine-c-350-mg-180-gelules\/\" \/>\n<meta property=\"og:site_name\" content=\"Vitablanca.ma &ndash; Sant&eacute;, vitalit&eacute; et bien-&ecirc;tre pour tous les Marocains\" \/>\n<meta property=\"article:publisher\" content=\"https:\/\/www.facebook.com\/profile.php?id=61576678196717\" \/>\n<meta property=\"article:modified_time\" content=\"2026-01-21T17:08:02+00:00\" \/>\n<meta property=\"og:image\" content=\"https:\/\/vitablanca.ma\/wp-content\/uploads\/2025\/06\/gph-diffusion-gph-collagene-marine-vitamine-c-350-mg-180-gelules-home-Nova-para-prix-Maroc.jpg\" \/>\n\t<meta property=\"og:image:width\" content=\"700\" \/>\n\t<meta property=\"og:image:height\" content=\"700\" \/>\n\t<meta property=\"og:image:type\" content=\"image\/jpeg\" \/>\n<meta name=\"twitter:card\" content=\"summary_large_image\" \/>\n<meta name=\"twitter:label1\" content=\"Est. reading time\" \/>\n\t<meta name=\"twitter:data1\" content=\"2 minutes\" \/>\n<script type=\"application\/ld+json\" class=\"yoast-schema-graph\">{\"@context\":\"https:\\\/\\\/schema.org\",\"@graph\":[{\"@type\":[\"WebPage\",\"ItemPage\"],\"@id\":\"https:\\\/\\\/vitablanca.ma\\\/produit\\\/gph-diffuion-collagene-marin-vitamine-c-350-mg-180-gelules\\\/\",\"url\":\"https:\\\/\\\/vitablanca.ma\\\/produit\\\/gph-diffuion-collagene-marin-vitamine-c-350-mg-180-gelules\\\/\",\"name\":\"GPH DIFFUION Collag\u00e8ne Marin + Vitamine C 350 Mg 180 G\u00e9lules - Maroc Prix\",\"isPartOf\":{\"@id\":\"https:\\\/\\\/vitablanca.ma\\\/#website\"},\"primaryImageOfPage\":{\"@id\":\"https:\\\/\\\/vitablanca.ma\\\/produit\\\/gph-diffuion-collagene-marin-vitamine-c-350-mg-180-gelules\\\/#primaryimage\"},\"image\":{\"@id\":\"https:\\\/\\\/vitablanca.ma\\\/produit\\\/gph-diffuion-collagene-marin-vitamine-c-350-mg-180-gelules\\\/#primaryimage\"},\"thumbnailUrl\":\"https:\\\/\\\/vitablanca.ma\\\/wp-content\\\/uploads\\\/2025\\\/06\\\/gph-diffusion-gph-collagene-marine-vitamine-c-350-mg-180-gelules-home-Nova-para-prix-Maroc.jpg\",\"datePublished\":\"2025-06-10T17:27:57+00:00\",\"dateModified\":\"2026-01-21T17:08:02+00:00\",\"description\":\"GPH DIFFUION Collag\u00e8ne Marin + Vitamine C 350 Mg 180 G\u00e9lules\",\"breadcrumb\":{\"@id\":\"https:\\\/\\\/vitablanca.ma\\\/produit\\\/gph-diffuion-collagene-marin-vitamine-c-350-mg-180-gelules\\\/#breadcrumb\"},\"inLanguage\":\"en-US\",\"potentialAction\":[{\"@type\":\"ReadAction\",\"target\":[\"https:\\\/\\\/vitablanca.ma\\\/produit\\\/gph-diffuion-collagene-marin-vitamine-c-350-mg-180-gelules\\\/\"]}]},{\"@type\":\"ImageObject\",\"inLanguage\":\"en-US\",\"@id\":\"https:\\\/\\\/vitablanca.ma\\\/produit\\\/gph-diffuion-collagene-marin-vitamine-c-350-mg-180-gelules\\\/#primaryimage\",\"url\":\"https:\\\/\\\/vitablanca.ma\\\/wp-content\\\/uploads\\\/2025\\\/06\\\/gph-diffusion-gph-collagene-marine-vitamine-c-350-mg-180-gelules-home-Nova-para-prix-Maroc.jpg\",\"contentUrl\":\"https:\\\/\\\/vitablanca.ma\\\/wp-content\\\/uploads\\\/2025\\\/06\\\/gph-diffusion-gph-collagene-marine-vitamine-c-350-mg-180-gelules-home-Nova-para-prix-Maroc.jpg\",\"width\":700,\"height\":700},{\"@type\":\"BreadcrumbList\",\"@id\":\"https:\\\/\\\/vitablanca.ma\\\/produit\\\/gph-diffuion-collagene-marin-vitamine-c-350-mg-180-gelules\\\/#breadcrumb\",\"itemListElement\":[{\"@type\":\"ListItem\",\"position\":1,\"name\":\"Home\",\"item\":\"https:\\\/\\\/vitablanca.ma\\\/\"},{\"@type\":\"ListItem\",\"position\":2,\"name\":\"Tous Les Produits\",\"item\":\"https:\\\/\\\/vitablanca.ma\\\/tous-les-produits\\\/\"},{\"@type\":\"ListItem\",\"position\":3,\"name\":\"GPH DIFFUION Collag\u00e8ne Marin + Vitamine C 350 Mg 180 G\u00e9lules\"}]},{\"@type\":\"WebSite\",\"@id\":\"https:\\\/\\\/vitablanca.ma\\\/#website\",\"url\":\"https:\\\/\\\/vitablanca.ma\\\/\",\"name\":\"VitaBlanca.ma | Compl\u00e9ments alimentaires, sant\u00e9 & beaut\u00e9 au Maroc\",\"description\":\"vendre vitamines et compl\u00e9ments premium des USA &amp; Canada, Nouvelle Z\u00e9lande,Maroc (NOW Foods, Solgar, Manuka). Livraison rapide partout au Maroc.\",\"publisher\":{\"@id\":\"https:\\\/\\\/vitablanca.ma\\\/#organization\"},\"alternateName\":\"VitaBlanca.ma\",\"potentialAction\":[{\"@type\":\"SearchAction\",\"target\":{\"@type\":\"EntryPoint\",\"urlTemplate\":\"https:\\\/\\\/vitablanca.ma\\\/?s={search_term_string}\"},\"query-input\":{\"@type\":\"PropertyValueSpecification\",\"valueRequired\":true,\"valueName\":\"search_term_string\"}}],\"inLanguage\":\"en-US\"},{\"@type\":\"Organization\",\"@id\":\"https:\\\/\\\/vitablanca.ma\\\/#organization\",\"name\":\"VitaBlanca\",\"url\":\"https:\\\/\\\/vitablanca.ma\\\/\",\"logo\":{\"@type\":\"ImageObject\",\"inLanguage\":\"en-US\",\"@id\":\"https:\\\/\\\/vitablanca.ma\\\/#\\\/schema\\\/logo\\\/image\\\/\",\"url\":\"https:\\\/\\\/vitablanca.ma\\\/wp-content\\\/uploads\\\/2025\\\/05\\\/cropped-vitablanca.png\",\"contentUrl\":\"https:\\\/\\\/vitablanca.ma\\\/wp-content\\\/uploads\\\/2025\\\/05\\\/cropped-vitablanca.png\",\"width\":360,\"height\":67,\"caption\":\"VitaBlanca\"},\"image\":{\"@id\":\"https:\\\/\\\/vitablanca.ma\\\/#\\\/schema\\\/logo\\\/image\\\/\"},\"sameAs\":[\"https:\\\/\\\/www.facebook.com\\\/profile.php?id=61576678196717\",\"https:\\\/\\\/www.tiktok.com\\\/@vitablanca.ma\",\"https:\\\/\\\/www.instagram.com\\\/vitablanca.ma\\\/\"]}]}<\/script>\n<!-- \/ Yoast SEO plugin. -->","yoast_head_json":{"title":"GPH DIFFUION Marine Collagen + Vitamin C 350 Mg 180 Capsules - Morocco Price","description":"GPH DIFFUION Marine Collagen + Vitamin C 350 Mg 180 Capsules","robots":{"index":"index","follow":"follow","max-snippet":"max-snippet:-1","max-image-preview":"max-image-preview:large","max-video-preview":"max-video-preview:-1"},"canonical":"https:\/\/vitablanca.ma\/en\/product\/gph-diffuion-collagene-marin-vitamine-c-350-mg-180-gelules\/","og_locale":"en_US","og_type":"article","og_title":"GPH DIFFUION Collag\u00e8ne Marin + Vitamine C 350 Mg 180 G\u00e9lules - Maroc Prix","og_description":"GPH DIFFUION Collag\u00e8ne Marin + Vitamine C 350 Mg 180 G\u00e9lules","og_url":"https:\/\/vitablanca.ma\/en\/product\/gph-diffuion-collagene-marin-vitamine-c-350-mg-180-gelules\/","og_site_name":"Vitablanca.ma &ndash; Sant&eacute;, vitalit&eacute; et bien-&ecirc;tre pour tous les Marocains","article_publisher":"https:\/\/www.facebook.com\/profile.php?id=61576678196717","article_modified_time":"2026-01-21T17:08:02+00:00","og_image":[{"width":700,"height":700,"url":"https:\/\/vitablanca.ma\/wp-content\/uploads\/2025\/06\/gph-diffusion-gph-collagene-marine-vitamine-c-350-mg-180-gelules-home-Nova-para-prix-Maroc.jpg","type":"image\/jpeg"}],"twitter_card":"summary_large_image","twitter_misc":{"Est. reading time":"2 minutes"},"schema":{"@context":"https:\/\/schema.org","@graph":[{"@type":["WebPage","ItemPage"],"@id":"https:\/\/vitablanca.ma\/produit\/gph-diffuion-collagene-marin-vitamine-c-350-mg-180-gelules\/","url":"https:\/\/vitablanca.ma\/produit\/gph-diffuion-collagene-marin-vitamine-c-350-mg-180-gelules\/","name":"GPH DIFFUION Marine Collagen + Vitamin C 350 Mg 180 Capsules - Morocco Price","isPartOf":{"@id":"https:\/\/vitablanca.ma\/#website"},"primaryImageOfPage":{"@id":"https:\/\/vitablanca.ma\/produit\/gph-diffuion-collagene-marin-vitamine-c-350-mg-180-gelules\/#primaryimage"},"image":{"@id":"https:\/\/vitablanca.ma\/produit\/gph-diffuion-collagene-marin-vitamine-c-350-mg-180-gelules\/#primaryimage"},"thumbnailUrl":"https:\/\/vitablanca.ma\/wp-content\/uploads\/2025\/06\/gph-diffusion-gph-collagene-marine-vitamine-c-350-mg-180-gelules-home-Nova-para-prix-Maroc.jpg","datePublished":"2025-06-10T17:27:57+00:00","dateModified":"2026-01-21T17:08:02+00:00","description":"GPH DIFFUION Marine Collagen + Vitamin C 350 Mg 180 Capsules","breadcrumb":{"@id":"https:\/\/vitablanca.ma\/produit\/gph-diffuion-collagene-marin-vitamine-c-350-mg-180-gelules\/#breadcrumb"},"inLanguage":"en-US","potentialAction":[{"@type":"ReadAction","target":["https:\/\/vitablanca.ma\/produit\/gph-diffuion-collagene-marin-vitamine-c-350-mg-180-gelules\/"]}]},{"@type":"ImageObject","inLanguage":"en-US","@id":"https:\/\/vitablanca.ma\/produit\/gph-diffuion-collagene-marin-vitamine-c-350-mg-180-gelules\/#primaryimage","url":"https:\/\/vitablanca.ma\/wp-content\/uploads\/2025\/06\/gph-diffusion-gph-collagene-marine-vitamine-c-350-mg-180-gelules-home-Nova-para-prix-Maroc.jpg","contentUrl":"https:\/\/vitablanca.ma\/wp-content\/uploads\/2025\/06\/gph-diffusion-gph-collagene-marine-vitamine-c-350-mg-180-gelules-home-Nova-para-prix-Maroc.jpg","width":700,"height":700},{"@type":"BreadcrumbList","@id":"https:\/\/vitablanca.ma\/produit\/gph-diffuion-collagene-marin-vitamine-c-350-mg-180-gelules\/#breadcrumb","itemListElement":[{"@type":"ListItem","position":1,"name":"Home","item":"https:\/\/vitablanca.ma\/"},{"@type":"ListItem","position":2,"name":"Tous Les Produits","item":"https:\/\/vitablanca.ma\/tous-les-produits\/"},{"@type":"ListItem","position":3,"name":"GPH DIFFUION Collag\u00e8ne Marin + Vitamine C 350 Mg 180 G\u00e9lules"}]},{"@type":"WebSite","@id":"https:\/\/vitablanca.ma\/#website","url":"https:\/\/vitablanca.ma\/","name":"VitaBlanca.ma | Food supplements, health &amp; beauty in Morocco","description":"sell premium vitamins and supplements from USA &amp; Canada, New Zealand, Morocco (NOW Foods, Solgar, Manuka). Fast delivery anywhere in Morocco.","publisher":{"@id":"https:\/\/vitablanca.ma\/#organization"},"alternateName":"VitaBlanca.ma","potentialAction":[{"@type":"SearchAction","target":{"@type":"EntryPoint","urlTemplate":"https:\/\/vitablanca.ma\/?s={search_term_string}"},"query-input":{"@type":"PropertyValueSpecification","valueRequired":true,"valueName":"search_term_string"}}],"inLanguage":"en-US"},{"@type":"Organization","@id":"https:\/\/vitablanca.ma\/#organization","name":"VitaBlanca","url":"https:\/\/vitablanca.ma\/","logo":{"@type":"ImageObject","inLanguage":"en-US","@id":"https:\/\/vitablanca.ma\/#\/schema\/logo\/image\/","url":"https:\/\/vitablanca.ma\/wp-content\/uploads\/2025\/05\/cropped-vitablanca.png","contentUrl":"https:\/\/vitablanca.ma\/wp-content\/uploads\/2025\/05\/cropped-vitablanca.png","width":360,"height":67,"caption":"VitaBlanca"},"image":{"@id":"https:\/\/vitablanca.ma\/#\/schema\/logo\/image\/"},"sameAs":["https:\/\/www.facebook.com\/profile.php?id=61576678196717","https:\/\/www.tiktok.com\/@vitablanca.ma","https:\/\/www.instagram.com\/vitablanca.ma\/"]}]}},"jetpack_sharing_enabled":true,"_links":{"self":[{"href":"https:\/\/vitablanca.ma\/en\/wp-json\/wp\/v2\/product\/18610","targetHints":{"allow":["GET"]}}],"collection":[{"href":"https:\/\/vitablanca.ma\/en\/wp-json\/wp\/v2\/product"}],"about":[{"href":"https:\/\/vitablanca.ma\/en\/wp-json\/wp\/v2\/types\/product"}],"wp:featuredmedia":[{"embeddable":true,"href":"https:\/\/vitablanca.ma\/en\/wp-json\/wp\/v2\/media\/18609"}],"wp:attachment":[{"href":"https:\/\/vitablanca.ma\/en\/wp-json\/wp\/v2\/media?parent=18610"}],"wp:term":[{"taxonomy":"product_brand","embeddable":true,"href":"https:\/\/vitablanca.ma\/en\/wp-json\/wp\/v2\/product_brand?post=18610"},{"taxonomy":"product_cat","embeddable":true,"href":"https:\/\/vitablanca.ma\/en\/wp-json\/wp\/v2\/product_cat?post=18610"},{"taxonomy":"product_tag","embeddable":true,"href":"https:\/\/vitablanca.ma\/en\/wp-json\/wp\/v2\/product_tag?post=18610"}],"curies":[{"name":"wp","href":"https:\/\/api.w.org\/{rel}","templated":true}]}}