{"id":18608,"date":"2025-06-10T17:27:53","date_gmt":"2025-06-10T17:27:53","guid":{"rendered":"https:\/\/vitablanca.ma\/product\/gph-diffusion-draineur-bio-400mg-120-comprimes\/"},"modified":"2026-01-21T17:08:02","modified_gmt":"2026-01-21T17:08:02","slug":"gph-diffusion-draineur-bio-400mg-120-comprimes","status":"publish","type":"product","link":"https:\/\/vitablanca.ma\/en\/product\/gph-diffusion-draineur-bio-400mg-120-comprimes\/","title":{"rendered":"GPH Diffusion Drainer Bio 400mg 120 Tablets"},"content":{"rendered":"<h2><span data-mce-fragment=\"1\">GPH Diffusion Organic Drainer 400mg<\/span><\/h2>\n<p>THE<strong><span>\u00a0<\/span>natural tablets organic artichoke<span>\u00a0<\/span><\/strong>of the brand<strong><span>\u00a0<\/span>GPH Diffusion<\/strong><span>\u00a0<\/span>combine in synergy<span>\u00a0<\/span><strong>the benefits and virtues<\/strong><span>\u00a0<\/span>of three plants:<span>\u00a0<\/span><strong>artichoke, black radish root<span>\u00a0<\/span><\/strong>and the<span>\u00a0<\/span><strong>linden.<\/strong><\/p>\n<p>This cocktail of<span>\u00a0<\/span><strong>plants<span>\u00a0<\/span><\/strong>who all have the same<span>\u00a0<\/span><strong>draining and detoxifying properties<\/strong><span>\u00a0<\/span>are recognized for<span>\u00a0<\/span><strong>stimulate renal elimination functions<span>\u00a0<\/span><\/strong>and the<strong><span>\u00a0<\/span>liver purification.<\/strong><\/p>\n<p>First of all<em><strong>, artichoke leaves<span>\u00a0<\/span><\/strong><\/em>contain<span>\u00a0<\/span><strong>cynarin<\/strong>, a substance with purifying functions to stimulate the liver and gallbladder. They also contribute to the<span>\u00a0<\/span><strong>digestion of fats<\/strong><span>\u00a0<\/span>food by facilitating their<span>\u00a0<\/span><strong>evacuation to the intestine.<\/strong><\/p>\n<p>As for the<span>\u00a0<\/span><strong>f<\/strong><strong>linden sapwood leaves<\/strong><em><strong>L,<span>\u00a0<\/span><\/strong><\/em>They promote the elimination of waste from the body thanks to their<span>\u00a0<\/span><strong>draining and purifying properties.<\/strong><\/p>\n<p>Concerning<strong><span>\u00a0<\/span>black radish root<span>\u00a0<\/span><\/strong>a drainer that helps the body to<span>\u00a0<\/span><strong>eliminate toxins,<\/strong><span>\u00a0<\/span>and it is rich in sulfur compounds.<\/p>\n<p><strong>What are the benefits and virtues of organic artichoke tablets?\u00a0<\/strong><\/p>\n<ul>\n<li>Contribute to drainage of the body<\/li>\n<li>Facilitate weight loss.<\/li>\n<li>A good elimination of toxins to purify the body<\/li>\n<li>Strengthen digestive activity<\/li>\n<\/ul>\n<p><strong>Natural organic artichoke tablets are dosed at 400mg<\/strong><\/p>\n<h3><strong>Features :<\/strong><\/h3>\n<ul>\n<li>Artichoke leaf powder: 400mg<\/li>\n<li>Lime sapwood powder: 400mg<\/li>\n<li>Black radish root powder: 400mg<\/li>\n<li>Magnesium carbon<\/li>\n<li>Net weight: 72g<\/li>\n<\/ul>","protected":false},"excerpt":{"rendered":"<p>GPH Diffusion Draineur Bio 400mg Les\u00a0comprim\u00e9s naturels Artichaut bio\u00a0de la marque\u00a0GPH Diffusion\u00a0associent en synergie\u00a0les bienfaits et les vertus\u00a0de trois plantes :\u00a0l\u2019artichaut, radis noire racine\u00a0et le\u00a0tilleul. Ce cocktail de\u00a0plantes\u00a0qui ont toutes les m\u00eames\u00a0propri\u00e9t\u00e9s drainantes et d\u00e9toxifiantes\u00a0sont reconnues pour\u00a0stimuler les fonctions d\u2019\u00e9limination r\u00e9nale\u00a0et la\u00a0purification h\u00e9patique. Tout d\u2019abord, les feuilles d\u2019artichaut\u00a0contiennent de la\u00a0cynarine, une substance dot\u00e9e aux fonctions [&hellip;]<\/p>\n","protected":false},"featured_media":18607,"template":"","meta":{"om_disable_all_campaigns":false},"product_brand":[5979],"product_cat":[18,15,3366],"product_tag":[],"class_list":{"0":"post-18608","1":"product","2":"type-product","3":"status-publish","4":"has-post-thumbnail","6":"product_brand-gph-maroc-prix","7":"product_cat-beaute-sante","8":"product_cat-beaute-sante-complements-alimentaires-soins-et-bien-etre-au-meilleur-prix","9":"product_cat-complements-alimentaires-au-maroc-vitablanca","11":"first","12":"instock","13":"sale","14":"taxable","15":"shipping-taxable","16":"purchasable","17":"product-type-simple"},"yoast_head":"<!-- This site is optimized with the Yoast SEO plugin v27.4 - https:\/\/yoast.com\/product\/yoast-seo-wordpress\/ -->\n<title>GPH Diffusion Draineur Bio 400mg 120 Comprim\u00e9s - Maroc Prix<\/title>\n<meta name=\"description\" content=\"GPH Diffusion Draineur Bio 400mg 120 Comprim\u00e9s\" \/>\n<meta name=\"robots\" content=\"index, follow, max-snippet:-1, max-image-preview:large, max-video-preview:-1\" \/>\n<link rel=\"canonical\" href=\"https:\/\/vitablanca.ma\/en\/product\/gph-diffusion-draineur-bio-400mg-120-comprimes\/\" \/>\n<meta property=\"og:locale\" content=\"en_US\" \/>\n<meta property=\"og:type\" content=\"article\" \/>\n<meta property=\"og:title\" content=\"GPH Diffusion Draineur Bio 400mg 120 Comprim\u00e9s - Maroc Prix\" \/>\n<meta property=\"og:description\" content=\"GPH Diffusion Draineur Bio 400mg 120 Comprim\u00e9s\" \/>\n<meta property=\"og:url\" content=\"https:\/\/vitablanca.ma\/en\/product\/gph-diffusion-draineur-bio-400mg-120-comprimes\/\" \/>\n<meta property=\"og:site_name\" content=\"Vitablanca.ma &ndash; Sant&eacute;, vitalit&eacute; et bien-&ecirc;tre pour tous les Marocains\" \/>\n<meta property=\"article:publisher\" content=\"https:\/\/www.facebook.com\/profile.php?id=61576678196717\" \/>\n<meta property=\"article:modified_time\" content=\"2026-01-21T17:08:02+00:00\" \/>\n<meta property=\"og:image\" content=\"https:\/\/vitablanca.ma\/wp-content\/uploads\/2025\/06\/GPH-Diffusion-Draineur-Bio-400mg-120-Comprimes-nova-parapharmacie-casablanca.jpg\" \/>\n\t<meta property=\"og:image:width\" content=\"1000\" \/>\n\t<meta property=\"og:image:height\" content=\"1000\" \/>\n\t<meta property=\"og:image:type\" content=\"image\/jpeg\" \/>\n<meta name=\"twitter:card\" content=\"summary_large_image\" \/>\n<meta name=\"twitter:label1\" content=\"Est. reading time\" \/>\n\t<meta name=\"twitter:data1\" content=\"1 minute\" \/>\n<script type=\"application\/ld+json\" class=\"yoast-schema-graph\">{\"@context\":\"https:\\\/\\\/schema.org\",\"@graph\":[{\"@type\":[\"WebPage\",\"ItemPage\"],\"@id\":\"https:\\\/\\\/vitablanca.ma\\\/produit\\\/gph-diffusion-draineur-bio-400mg-120-comprimes\\\/\",\"url\":\"https:\\\/\\\/vitablanca.ma\\\/produit\\\/gph-diffusion-draineur-bio-400mg-120-comprimes\\\/\",\"name\":\"GPH Diffusion Draineur Bio 400mg 120 Comprim\u00e9s - Maroc Prix\",\"isPartOf\":{\"@id\":\"https:\\\/\\\/vitablanca.ma\\\/#website\"},\"primaryImageOfPage\":{\"@id\":\"https:\\\/\\\/vitablanca.ma\\\/produit\\\/gph-diffusion-draineur-bio-400mg-120-comprimes\\\/#primaryimage\"},\"image\":{\"@id\":\"https:\\\/\\\/vitablanca.ma\\\/produit\\\/gph-diffusion-draineur-bio-400mg-120-comprimes\\\/#primaryimage\"},\"thumbnailUrl\":\"https:\\\/\\\/vitablanca.ma\\\/wp-content\\\/uploads\\\/2025\\\/06\\\/GPH-Diffusion-Draineur-Bio-400mg-120-Comprimes-nova-parapharmacie-casablanca.jpg\",\"datePublished\":\"2025-06-10T17:27:53+00:00\",\"dateModified\":\"2026-01-21T17:08:02+00:00\",\"description\":\"GPH Diffusion Draineur Bio 400mg 120 Comprim\u00e9s\",\"breadcrumb\":{\"@id\":\"https:\\\/\\\/vitablanca.ma\\\/produit\\\/gph-diffusion-draineur-bio-400mg-120-comprimes\\\/#breadcrumb\"},\"inLanguage\":\"en-US\",\"potentialAction\":[{\"@type\":\"ReadAction\",\"target\":[\"https:\\\/\\\/vitablanca.ma\\\/produit\\\/gph-diffusion-draineur-bio-400mg-120-comprimes\\\/\"]}]},{\"@type\":\"ImageObject\",\"inLanguage\":\"en-US\",\"@id\":\"https:\\\/\\\/vitablanca.ma\\\/produit\\\/gph-diffusion-draineur-bio-400mg-120-comprimes\\\/#primaryimage\",\"url\":\"https:\\\/\\\/vitablanca.ma\\\/wp-content\\\/uploads\\\/2025\\\/06\\\/GPH-Diffusion-Draineur-Bio-400mg-120-Comprimes-nova-parapharmacie-casablanca.jpg\",\"contentUrl\":\"https:\\\/\\\/vitablanca.ma\\\/wp-content\\\/uploads\\\/2025\\\/06\\\/GPH-Diffusion-Draineur-Bio-400mg-120-Comprimes-nova-parapharmacie-casablanca.jpg\",\"width\":1000,\"height\":1000},{\"@type\":\"BreadcrumbList\",\"@id\":\"https:\\\/\\\/vitablanca.ma\\\/produit\\\/gph-diffusion-draineur-bio-400mg-120-comprimes\\\/#breadcrumb\",\"itemListElement\":[{\"@type\":\"ListItem\",\"position\":1,\"name\":\"Home\",\"item\":\"https:\\\/\\\/vitablanca.ma\\\/\"},{\"@type\":\"ListItem\",\"position\":2,\"name\":\"Tous Les Produits\",\"item\":\"https:\\\/\\\/vitablanca.ma\\\/tous-les-produits\\\/\"},{\"@type\":\"ListItem\",\"position\":3,\"name\":\"GPH Diffusion Draineur Bio 400mg 120 Comprim\u00e9s\"}]},{\"@type\":\"WebSite\",\"@id\":\"https:\\\/\\\/vitablanca.ma\\\/#website\",\"url\":\"https:\\\/\\\/vitablanca.ma\\\/\",\"name\":\"VitaBlanca.ma | Compl\u00e9ments alimentaires, sant\u00e9 & beaut\u00e9 au Maroc\",\"description\":\"vendre vitamines et compl\u00e9ments premium des USA &amp; Canada, Nouvelle Z\u00e9lande,Maroc (NOW Foods, Solgar, Manuka). Livraison rapide partout au Maroc.\",\"publisher\":{\"@id\":\"https:\\\/\\\/vitablanca.ma\\\/#organization\"},\"alternateName\":\"VitaBlanca.ma\",\"potentialAction\":[{\"@type\":\"SearchAction\",\"target\":{\"@type\":\"EntryPoint\",\"urlTemplate\":\"https:\\\/\\\/vitablanca.ma\\\/?s={search_term_string}\"},\"query-input\":{\"@type\":\"PropertyValueSpecification\",\"valueRequired\":true,\"valueName\":\"search_term_string\"}}],\"inLanguage\":\"en-US\"},{\"@type\":\"Organization\",\"@id\":\"https:\\\/\\\/vitablanca.ma\\\/#organization\",\"name\":\"VitaBlanca\",\"url\":\"https:\\\/\\\/vitablanca.ma\\\/\",\"logo\":{\"@type\":\"ImageObject\",\"inLanguage\":\"en-US\",\"@id\":\"https:\\\/\\\/vitablanca.ma\\\/#\\\/schema\\\/logo\\\/image\\\/\",\"url\":\"https:\\\/\\\/vitablanca.ma\\\/wp-content\\\/uploads\\\/2025\\\/05\\\/cropped-vitablanca.png\",\"contentUrl\":\"https:\\\/\\\/vitablanca.ma\\\/wp-content\\\/uploads\\\/2025\\\/05\\\/cropped-vitablanca.png\",\"width\":360,\"height\":67,\"caption\":\"VitaBlanca\"},\"image\":{\"@id\":\"https:\\\/\\\/vitablanca.ma\\\/#\\\/schema\\\/logo\\\/image\\\/\"},\"sameAs\":[\"https:\\\/\\\/www.facebook.com\\\/profile.php?id=61576678196717\",\"https:\\\/\\\/www.tiktok.com\\\/@vitablanca.ma\",\"https:\\\/\\\/www.instagram.com\\\/vitablanca.ma\\\/\"]}]}<\/script>\n<!-- \/ Yoast SEO plugin. -->","yoast_head_json":{"title":"GPH Diffusion Draineur Bio 400mg 120 Tablets - Morocco Price","description":"GPH Diffusion Drainer Bio 400mg 120 Tablets","robots":{"index":"index","follow":"follow","max-snippet":"max-snippet:-1","max-image-preview":"max-image-preview:large","max-video-preview":"max-video-preview:-1"},"canonical":"https:\/\/vitablanca.ma\/en\/product\/gph-diffusion-draineur-bio-400mg-120-comprimes\/","og_locale":"en_US","og_type":"article","og_title":"GPH Diffusion Draineur Bio 400mg 120 Comprim\u00e9s - Maroc Prix","og_description":"GPH Diffusion Draineur Bio 400mg 120 Comprim\u00e9s","og_url":"https:\/\/vitablanca.ma\/en\/product\/gph-diffusion-draineur-bio-400mg-120-comprimes\/","og_site_name":"Vitablanca.ma &ndash; Sant&eacute;, vitalit&eacute; et bien-&ecirc;tre pour tous les Marocains","article_publisher":"https:\/\/www.facebook.com\/profile.php?id=61576678196717","article_modified_time":"2026-01-21T17:08:02+00:00","og_image":[{"width":1000,"height":1000,"url":"https:\/\/vitablanca.ma\/wp-content\/uploads\/2025\/06\/GPH-Diffusion-Draineur-Bio-400mg-120-Comprimes-nova-parapharmacie-casablanca.jpg","type":"image\/jpeg"}],"twitter_card":"summary_large_image","twitter_misc":{"Est. reading time":"1 minute"},"schema":{"@context":"https:\/\/schema.org","@graph":[{"@type":["WebPage","ItemPage"],"@id":"https:\/\/vitablanca.ma\/produit\/gph-diffusion-draineur-bio-400mg-120-comprimes\/","url":"https:\/\/vitablanca.ma\/produit\/gph-diffusion-draineur-bio-400mg-120-comprimes\/","name":"GPH Diffusion Draineur Bio 400mg 120 Tablets - Morocco Price","isPartOf":{"@id":"https:\/\/vitablanca.ma\/#website"},"primaryImageOfPage":{"@id":"https:\/\/vitablanca.ma\/produit\/gph-diffusion-draineur-bio-400mg-120-comprimes\/#primaryimage"},"image":{"@id":"https:\/\/vitablanca.ma\/produit\/gph-diffusion-draineur-bio-400mg-120-comprimes\/#primaryimage"},"thumbnailUrl":"https:\/\/vitablanca.ma\/wp-content\/uploads\/2025\/06\/GPH-Diffusion-Draineur-Bio-400mg-120-Comprimes-nova-parapharmacie-casablanca.jpg","datePublished":"2025-06-10T17:27:53+00:00","dateModified":"2026-01-21T17:08:02+00:00","description":"GPH Diffusion Drainer Bio 400mg 120 Tablets","breadcrumb":{"@id":"https:\/\/vitablanca.ma\/produit\/gph-diffusion-draineur-bio-400mg-120-comprimes\/#breadcrumb"},"inLanguage":"en-US","potentialAction":[{"@type":"ReadAction","target":["https:\/\/vitablanca.ma\/produit\/gph-diffusion-draineur-bio-400mg-120-comprimes\/"]}]},{"@type":"ImageObject","inLanguage":"en-US","@id":"https:\/\/vitablanca.ma\/produit\/gph-diffusion-draineur-bio-400mg-120-comprimes\/#primaryimage","url":"https:\/\/vitablanca.ma\/wp-content\/uploads\/2025\/06\/GPH-Diffusion-Draineur-Bio-400mg-120-Comprimes-nova-parapharmacie-casablanca.jpg","contentUrl":"https:\/\/vitablanca.ma\/wp-content\/uploads\/2025\/06\/GPH-Diffusion-Draineur-Bio-400mg-120-Comprimes-nova-parapharmacie-casablanca.jpg","width":1000,"height":1000},{"@type":"BreadcrumbList","@id":"https:\/\/vitablanca.ma\/produit\/gph-diffusion-draineur-bio-400mg-120-comprimes\/#breadcrumb","itemListElement":[{"@type":"ListItem","position":1,"name":"Home","item":"https:\/\/vitablanca.ma\/"},{"@type":"ListItem","position":2,"name":"Tous Les Produits","item":"https:\/\/vitablanca.ma\/tous-les-produits\/"},{"@type":"ListItem","position":3,"name":"GPH Diffusion Draineur Bio 400mg 120 Comprim\u00e9s"}]},{"@type":"WebSite","@id":"https:\/\/vitablanca.ma\/#website","url":"https:\/\/vitablanca.ma\/","name":"VitaBlanca.ma | Food supplements, health &amp; beauty in Morocco","description":"sell premium vitamins and supplements from USA &amp; Canada, New Zealand, Morocco (NOW Foods, Solgar, Manuka). Fast delivery anywhere in Morocco.","publisher":{"@id":"https:\/\/vitablanca.ma\/#organization"},"alternateName":"VitaBlanca.ma","potentialAction":[{"@type":"SearchAction","target":{"@type":"EntryPoint","urlTemplate":"https:\/\/vitablanca.ma\/?s={search_term_string}"},"query-input":{"@type":"PropertyValueSpecification","valueRequired":true,"valueName":"search_term_string"}}],"inLanguage":"en-US"},{"@type":"Organization","@id":"https:\/\/vitablanca.ma\/#organization","name":"VitaBlanca","url":"https:\/\/vitablanca.ma\/","logo":{"@type":"ImageObject","inLanguage":"en-US","@id":"https:\/\/vitablanca.ma\/#\/schema\/logo\/image\/","url":"https:\/\/vitablanca.ma\/wp-content\/uploads\/2025\/05\/cropped-vitablanca.png","contentUrl":"https:\/\/vitablanca.ma\/wp-content\/uploads\/2025\/05\/cropped-vitablanca.png","width":360,"height":67,"caption":"VitaBlanca"},"image":{"@id":"https:\/\/vitablanca.ma\/#\/schema\/logo\/image\/"},"sameAs":["https:\/\/www.facebook.com\/profile.php?id=61576678196717","https:\/\/www.tiktok.com\/@vitablanca.ma","https:\/\/www.instagram.com\/vitablanca.ma\/"]}]}},"jetpack_sharing_enabled":true,"_links":{"self":[{"href":"https:\/\/vitablanca.ma\/en\/wp-json\/wp\/v2\/product\/18608","targetHints":{"allow":["GET"]}}],"collection":[{"href":"https:\/\/vitablanca.ma\/en\/wp-json\/wp\/v2\/product"}],"about":[{"href":"https:\/\/vitablanca.ma\/en\/wp-json\/wp\/v2\/types\/product"}],"wp:featuredmedia":[{"embeddable":true,"href":"https:\/\/vitablanca.ma\/en\/wp-json\/wp\/v2\/media\/18607"}],"wp:attachment":[{"href":"https:\/\/vitablanca.ma\/en\/wp-json\/wp\/v2\/media?parent=18608"}],"wp:term":[{"taxonomy":"product_brand","embeddable":true,"href":"https:\/\/vitablanca.ma\/en\/wp-json\/wp\/v2\/product_brand?post=18608"},{"taxonomy":"product_cat","embeddable":true,"href":"https:\/\/vitablanca.ma\/en\/wp-json\/wp\/v2\/product_cat?post=18608"},{"taxonomy":"product_tag","embeddable":true,"href":"https:\/\/vitablanca.ma\/en\/wp-json\/wp\/v2\/product_tag?post=18608"}],"curies":[{"name":"wp","href":"https:\/\/api.w.org\/{rel}","templated":true}]}}