{"id":186,"date":"2025-04-16T22:55:51","date_gmt":"2025-04-16T22:55:51","guid":{"rendered":"https:\/\/vitablanca.ma\/?post_type=product&#038;p=186"},"modified":"2025-08-30T21:29:09","modified_gmt":"2025-08-30T21:29:09","slug":"now-foods-gels-de-curcumine-de-curcuma-extrait-de-racine-de-curcuma-120-gelules","status":"publish","type":"product","link":"https:\/\/vitablanca.ma\/en\/product\/now-foods-gels-de-curcumine-de-curcuma-extrait-de-racine-de-curcuma-120-gelules\/","title":{"rendered":"Now Foods Turmeric Curcumin Gels (Turmeric Root Extract) 120 Capsules"},"content":{"rendered":"<p>La curcumine est le principal composant bioactif pr\u00e9sent dans les racines du curcuma (Curcuma longa), une plante appartenant \u00e0 la famille du gingembre. Le curcuma est utilis\u00e9 comme colorant et aromatisant dans les cuisines sud-asiatiques depuis des si\u00e8cles, et il est \u00e9galement recommand\u00e9 par les herboristes ayurv\u00e9diques traditionnels depuis des milliers d\u2019ann\u00e9es. La curcumine a \u00e9t\u00e9 largement \u00e9tudi\u00e9e par les scientifiques modernes pour ses diverses activit\u00e9s biologiques.<\/p>\n<p>Supports healthy joints<\/p>\n<p>Soutient le maintien d\u2019un syst\u00e8me cardiovasculaire sain<\/p>\n<p>Natural antioxidant support<\/p>\n<p>De l\u2019extrait de racine de curcuma<\/p>\n<p>Standardized extract<\/p>\n<p>95% Curcuminoids<\/p>\n<p>Softgels for better solubility<\/p>\n<p>Non-GMO, Kosher<\/p>\n<p>GMP quality assured<\/p>","protected":false},"excerpt":{"rendered":"<ul>\n<li>NOW Turmeric Curcumin Gels contain 95 % curcuminoids and contribute to heart and joint health.<\/li>\n<li>Supports healthy joints<\/li>\n<li>Supports the maintenance of a healthy cardiovascular system<\/li>\n<\/ul>","protected":false},"featured_media":187,"template":"","meta":{"om_disable_all_campaigns":false},"product_brand":[83],"product_cat":[18,3366,172,104,19],"product_tag":[195,197,88,129,196,126,91,388,726,92],"class_list":{"0":"post-186","1":"product","2":"type-product","3":"status-publish","4":"has-post-thumbnail","6":"product_brand-now-foods-maroc-prix","7":"product_cat-beaute-sante","8":"product_cat-complements-alimentaires-au-maroc-vitablanca","9":"product_cat-curcumine","10":"product_cat-supplements-a-base-de-plantes","11":"product_cat-vitamines-supplements-dietetiques","12":"product_tag-curcumine","13":"product_tag-extrait-de-racine-de-curcuma","14":"product_tag-now-foods","15":"product_tag-now-foods-casa","16":"product_tag-now-foods-gels-de-curcumine","17":"product_tag-now-foods-iherb","18":"product_tag-now-foods-maroc","19":"product_tag-now-foods-maroc-avis","20":"product_tag-now-foods-maroc-prix","21":"product_tag-now-foods-prix","23":"first","24":"instock","25":"sale","26":"taxable","27":"shipping-taxable","28":"purchasable","29":"product-type-simple"},"yoast_head":"<!-- This site is optimized with the Yoast SEO plugin v27.5 - https:\/\/yoast.com\/product\/yoast-seo-wordpress\/ -->\n<title>Now Foods Gels de curcumine de curcuma 120 g\u00e9lules- Maroc Prix<\/title>\n<meta name=\"description\" content=\"Achetez Now Foods Gels de Curcumine de Curcuma au Maroc. 120 g\u00e9lules pour un puissant soutien antioxydant et anti-inflammatoire.\" \/>\n<meta name=\"robots\" content=\"index, follow, max-snippet:-1, max-image-preview:large, max-video-preview:-1\" \/>\n<link rel=\"canonical\" href=\"https:\/\/vitablanca.ma\/en\/product\/now-foods-gels-de-curcumine-de-curcuma-extrait-de-racine-de-curcuma-120-gelules\/\" \/>\n<meta property=\"og:locale\" content=\"en_US\" \/>\n<meta property=\"og:type\" content=\"article\" \/>\n<meta property=\"og:title\" content=\"Now Foods Gels de curcumine de curcuma 120 g\u00e9lules- Maroc Prix\" \/>\n<meta property=\"og:description\" content=\"Achetez Now Foods Gels de Curcumine de Curcuma au Maroc. 120 g\u00e9lules pour un puissant soutien antioxydant et anti-inflammatoire.\" \/>\n<meta property=\"og:url\" content=\"https:\/\/vitablanca.ma\/en\/product\/now-foods-gels-de-curcumine-de-curcuma-extrait-de-racine-de-curcuma-120-gelules\/\" \/>\n<meta property=\"og:site_name\" content=\"Vitablanca.ma &ndash; Sant&eacute;, vitalit&eacute; et bien-&ecirc;tre pour tous les Marocains\" \/>\n<meta property=\"article:publisher\" content=\"https:\/\/www.facebook.com\/profile.php?id=61576678196717\" \/>\n<meta property=\"article:modified_time\" content=\"2025-08-30T21:29:09+00:00\" \/>\n<meta property=\"og:image\" content=\"https:\/\/vitablanca.ma\/wp-content\/uploads\/2025\/04\/now-foods-gels-de-curcumine-de-curcuma-extrait-de-racine-de-curcuma-.jpg\" \/>\n\t<meta property=\"og:image:width\" content=\"680\" \/>\n\t<meta property=\"og:image:height\" content=\"680\" \/>\n\t<meta property=\"og:image:type\" content=\"image\/jpeg\" \/>\n<meta name=\"twitter:card\" content=\"summary_large_image\" \/>\n<meta name=\"twitter:label1\" content=\"Est. reading time\" \/>\n\t<meta name=\"twitter:data1\" content=\"1 minute\" \/>\n<script type=\"application\/ld+json\" class=\"yoast-schema-graph\">{\"@context\":\"https:\\\/\\\/schema.org\",\"@graph\":[{\"@type\":[\"WebPage\",\"ItemPage\"],\"@id\":\"https:\\\/\\\/vitablanca.ma\\\/produit\\\/now-foods-gels-de-curcumine-de-curcuma-extrait-de-racine-de-curcuma-120-gelules\\\/\",\"url\":\"https:\\\/\\\/vitablanca.ma\\\/produit\\\/now-foods-gels-de-curcumine-de-curcuma-extrait-de-racine-de-curcuma-120-gelules\\\/\",\"name\":\"Now Foods Gels de curcumine de curcuma 120 g\u00e9lules- Maroc Prix\",\"isPartOf\":{\"@id\":\"https:\\\/\\\/vitablanca.ma\\\/#website\"},\"primaryImageOfPage\":{\"@id\":\"https:\\\/\\\/vitablanca.ma\\\/produit\\\/now-foods-gels-de-curcumine-de-curcuma-extrait-de-racine-de-curcuma-120-gelules\\\/#primaryimage\"},\"image\":{\"@id\":\"https:\\\/\\\/vitablanca.ma\\\/produit\\\/now-foods-gels-de-curcumine-de-curcuma-extrait-de-racine-de-curcuma-120-gelules\\\/#primaryimage\"},\"thumbnailUrl\":\"https:\\\/\\\/vitablanca.ma\\\/wp-content\\\/uploads\\\/2025\\\/04\\\/now-foods-gels-de-curcumine-de-curcuma-extrait-de-racine-de-curcuma-.jpg\",\"datePublished\":\"2025-04-16T22:55:51+00:00\",\"dateModified\":\"2025-08-30T21:29:09+00:00\",\"description\":\"Achetez Now Foods Gels de Curcumine de Curcuma au Maroc. 120 g\u00e9lules pour un puissant soutien antioxydant et anti-inflammatoire.\",\"breadcrumb\":{\"@id\":\"https:\\\/\\\/vitablanca.ma\\\/produit\\\/now-foods-gels-de-curcumine-de-curcuma-extrait-de-racine-de-curcuma-120-gelules\\\/#breadcrumb\"},\"inLanguage\":\"en-US\",\"potentialAction\":[{\"@type\":\"ReadAction\",\"target\":[\"https:\\\/\\\/vitablanca.ma\\\/produit\\\/now-foods-gels-de-curcumine-de-curcuma-extrait-de-racine-de-curcuma-120-gelules\\\/\"]}]},{\"@type\":\"ImageObject\",\"inLanguage\":\"en-US\",\"@id\":\"https:\\\/\\\/vitablanca.ma\\\/produit\\\/now-foods-gels-de-curcumine-de-curcuma-extrait-de-racine-de-curcuma-120-gelules\\\/#primaryimage\",\"url\":\"https:\\\/\\\/vitablanca.ma\\\/wp-content\\\/uploads\\\/2025\\\/04\\\/now-foods-gels-de-curcumine-de-curcuma-extrait-de-racine-de-curcuma-.jpg\",\"contentUrl\":\"https:\\\/\\\/vitablanca.ma\\\/wp-content\\\/uploads\\\/2025\\\/04\\\/now-foods-gels-de-curcumine-de-curcuma-extrait-de-racine-de-curcuma-.jpg\",\"width\":680,\"height\":680},{\"@type\":\"BreadcrumbList\",\"@id\":\"https:\\\/\\\/vitablanca.ma\\\/produit\\\/now-foods-gels-de-curcumine-de-curcuma-extrait-de-racine-de-curcuma-120-gelules\\\/#breadcrumb\",\"itemListElement\":[{\"@type\":\"ListItem\",\"position\":1,\"name\":\"Home\",\"item\":\"https:\\\/\\\/vitablanca.ma\\\/\"},{\"@type\":\"ListItem\",\"position\":2,\"name\":\"Tous Les Produits\",\"item\":\"https:\\\/\\\/vitablanca.ma\\\/tous-les-produits\\\/\"},{\"@type\":\"ListItem\",\"position\":3,\"name\":\"Now Foods Gels de curcumine de curcuma (extrait de racine de curcuma) 120 g\u00e9lules\"}]},{\"@type\":\"WebSite\",\"@id\":\"https:\\\/\\\/vitablanca.ma\\\/#website\",\"url\":\"https:\\\/\\\/vitablanca.ma\\\/\",\"name\":\"VitaBlanca.ma | Compl\u00e9ments alimentaires, sant\u00e9 & beaut\u00e9 au Maroc\",\"description\":\"vendre vitamines et compl\u00e9ments premium des USA &amp; Canada, Nouvelle Z\u00e9lande,Maroc (NOW Foods, Solgar, Manuka). Livraison rapide partout au Maroc.\",\"publisher\":{\"@id\":\"https:\\\/\\\/vitablanca.ma\\\/#organization\"},\"alternateName\":\"VitaBlanca.ma\",\"potentialAction\":[{\"@type\":\"SearchAction\",\"target\":{\"@type\":\"EntryPoint\",\"urlTemplate\":\"https:\\\/\\\/vitablanca.ma\\\/?s={search_term_string}\"},\"query-input\":{\"@type\":\"PropertyValueSpecification\",\"valueRequired\":true,\"valueName\":\"search_term_string\"}}],\"inLanguage\":\"en-US\"},{\"@type\":\"Organization\",\"@id\":\"https:\\\/\\\/vitablanca.ma\\\/#organization\",\"name\":\"VitaBlanca\",\"url\":\"https:\\\/\\\/vitablanca.ma\\\/\",\"logo\":{\"@type\":\"ImageObject\",\"inLanguage\":\"en-US\",\"@id\":\"https:\\\/\\\/vitablanca.ma\\\/#\\\/schema\\\/logo\\\/image\\\/\",\"url\":\"https:\\\/\\\/vitablanca.ma\\\/wp-content\\\/uploads\\\/2025\\\/05\\\/cropped-vitablanca.png\",\"contentUrl\":\"https:\\\/\\\/vitablanca.ma\\\/wp-content\\\/uploads\\\/2025\\\/05\\\/cropped-vitablanca.png\",\"width\":360,\"height\":67,\"caption\":\"VitaBlanca\"},\"image\":{\"@id\":\"https:\\\/\\\/vitablanca.ma\\\/#\\\/schema\\\/logo\\\/image\\\/\"},\"sameAs\":[\"https:\\\/\\\/www.facebook.com\\\/profile.php?id=61576678196717\",\"https:\\\/\\\/www.tiktok.com\\\/@vitablanca.ma\",\"https:\\\/\\\/www.instagram.com\\\/vitablanca.ma\\\/\"]}]}<\/script>\n<!-- \/ Yoast SEO plugin. -->","yoast_head_json":{"title":"Now Foods Turmeric Curcumin Gels 120 Capsules - Morocco Price","description":"Buy Now Foods Turmeric Curcumin Gels in Morocco. 120 capsules for powerful antioxidant and anti-inflammatory support.","robots":{"index":"index","follow":"follow","max-snippet":"max-snippet:-1","max-image-preview":"max-image-preview:large","max-video-preview":"max-video-preview:-1"},"canonical":"https:\/\/vitablanca.ma\/en\/product\/now-foods-gels-de-curcumine-de-curcuma-extrait-de-racine-de-curcuma-120-gelules\/","og_locale":"en_US","og_type":"article","og_title":"Now Foods Gels de curcumine de curcuma 120 g\u00e9lules- Maroc Prix","og_description":"Achetez Now Foods Gels de Curcumine de Curcuma au Maroc. 120 g\u00e9lules pour un puissant soutien antioxydant et anti-inflammatoire.","og_url":"https:\/\/vitablanca.ma\/en\/product\/now-foods-gels-de-curcumine-de-curcuma-extrait-de-racine-de-curcuma-120-gelules\/","og_site_name":"Vitablanca.ma &ndash; Sant&eacute;, vitalit&eacute; et bien-&ecirc;tre pour tous les Marocains","article_publisher":"https:\/\/www.facebook.com\/profile.php?id=61576678196717","article_modified_time":"2025-08-30T21:29:09+00:00","og_image":[{"width":680,"height":680,"url":"https:\/\/vitablanca.ma\/wp-content\/uploads\/2025\/04\/now-foods-gels-de-curcumine-de-curcuma-extrait-de-racine-de-curcuma-.jpg","type":"image\/jpeg"}],"twitter_card":"summary_large_image","twitter_misc":{"Est. reading time":"1 minute"},"schema":{"@context":"https:\/\/schema.org","@graph":[{"@type":["WebPage","ItemPage"],"@id":"https:\/\/vitablanca.ma\/produit\/now-foods-gels-de-curcumine-de-curcuma-extrait-de-racine-de-curcuma-120-gelules\/","url":"https:\/\/vitablanca.ma\/produit\/now-foods-gels-de-curcumine-de-curcuma-extrait-de-racine-de-curcuma-120-gelules\/","name":"Now Foods Turmeric Curcumin Gels 120 Capsules - Morocco Price","isPartOf":{"@id":"https:\/\/vitablanca.ma\/#website"},"primaryImageOfPage":{"@id":"https:\/\/vitablanca.ma\/produit\/now-foods-gels-de-curcumine-de-curcuma-extrait-de-racine-de-curcuma-120-gelules\/#primaryimage"},"image":{"@id":"https:\/\/vitablanca.ma\/produit\/now-foods-gels-de-curcumine-de-curcuma-extrait-de-racine-de-curcuma-120-gelules\/#primaryimage"},"thumbnailUrl":"https:\/\/vitablanca.ma\/wp-content\/uploads\/2025\/04\/now-foods-gels-de-curcumine-de-curcuma-extrait-de-racine-de-curcuma-.jpg","datePublished":"2025-04-16T22:55:51+00:00","dateModified":"2025-08-30T21:29:09+00:00","description":"Buy Now Foods Turmeric Curcumin Gels in Morocco. 120 capsules for powerful antioxidant and anti-inflammatory support.","breadcrumb":{"@id":"https:\/\/vitablanca.ma\/produit\/now-foods-gels-de-curcumine-de-curcuma-extrait-de-racine-de-curcuma-120-gelules\/#breadcrumb"},"inLanguage":"en-US","potentialAction":[{"@type":"ReadAction","target":["https:\/\/vitablanca.ma\/produit\/now-foods-gels-de-curcumine-de-curcuma-extrait-de-racine-de-curcuma-120-gelules\/"]}]},{"@type":"ImageObject","inLanguage":"en-US","@id":"https:\/\/vitablanca.ma\/produit\/now-foods-gels-de-curcumine-de-curcuma-extrait-de-racine-de-curcuma-120-gelules\/#primaryimage","url":"https:\/\/vitablanca.ma\/wp-content\/uploads\/2025\/04\/now-foods-gels-de-curcumine-de-curcuma-extrait-de-racine-de-curcuma-.jpg","contentUrl":"https:\/\/vitablanca.ma\/wp-content\/uploads\/2025\/04\/now-foods-gels-de-curcumine-de-curcuma-extrait-de-racine-de-curcuma-.jpg","width":680,"height":680},{"@type":"BreadcrumbList","@id":"https:\/\/vitablanca.ma\/produit\/now-foods-gels-de-curcumine-de-curcuma-extrait-de-racine-de-curcuma-120-gelules\/#breadcrumb","itemListElement":[{"@type":"ListItem","position":1,"name":"Home","item":"https:\/\/vitablanca.ma\/"},{"@type":"ListItem","position":2,"name":"Tous Les Produits","item":"https:\/\/vitablanca.ma\/tous-les-produits\/"},{"@type":"ListItem","position":3,"name":"Now Foods Gels de curcumine de curcuma (extrait de racine de curcuma) 120 g\u00e9lules"}]},{"@type":"WebSite","@id":"https:\/\/vitablanca.ma\/#website","url":"https:\/\/vitablanca.ma\/","name":"VitaBlanca.ma | Food supplements, health &amp; beauty in Morocco","description":"sell premium vitamins and supplements from USA &amp; Canada, New Zealand, Morocco (NOW Foods, Solgar, Manuka). Fast delivery anywhere in Morocco.","publisher":{"@id":"https:\/\/vitablanca.ma\/#organization"},"alternateName":"VitaBlanca.ma","potentialAction":[{"@type":"SearchAction","target":{"@type":"EntryPoint","urlTemplate":"https:\/\/vitablanca.ma\/?s={search_term_string}"},"query-input":{"@type":"PropertyValueSpecification","valueRequired":true,"valueName":"search_term_string"}}],"inLanguage":"en-US"},{"@type":"Organization","@id":"https:\/\/vitablanca.ma\/#organization","name":"VitaBlanca","url":"https:\/\/vitablanca.ma\/","logo":{"@type":"ImageObject","inLanguage":"en-US","@id":"https:\/\/vitablanca.ma\/#\/schema\/logo\/image\/","url":"https:\/\/vitablanca.ma\/wp-content\/uploads\/2025\/05\/cropped-vitablanca.png","contentUrl":"https:\/\/vitablanca.ma\/wp-content\/uploads\/2025\/05\/cropped-vitablanca.png","width":360,"height":67,"caption":"VitaBlanca"},"image":{"@id":"https:\/\/vitablanca.ma\/#\/schema\/logo\/image\/"},"sameAs":["https:\/\/www.facebook.com\/profile.php?id=61576678196717","https:\/\/www.tiktok.com\/@vitablanca.ma","https:\/\/www.instagram.com\/vitablanca.ma\/"]}]}},"jetpack_sharing_enabled":true,"_links":{"self":[{"href":"https:\/\/vitablanca.ma\/en\/wp-json\/wp\/v2\/product\/186","targetHints":{"allow":["GET"]}}],"collection":[{"href":"https:\/\/vitablanca.ma\/en\/wp-json\/wp\/v2\/product"}],"about":[{"href":"https:\/\/vitablanca.ma\/en\/wp-json\/wp\/v2\/types\/product"}],"wp:featuredmedia":[{"embeddable":true,"href":"https:\/\/vitablanca.ma\/en\/wp-json\/wp\/v2\/media\/187"}],"wp:attachment":[{"href":"https:\/\/vitablanca.ma\/en\/wp-json\/wp\/v2\/media?parent=186"}],"wp:term":[{"taxonomy":"product_brand","embeddable":true,"href":"https:\/\/vitablanca.ma\/en\/wp-json\/wp\/v2\/product_brand?post=186"},{"taxonomy":"product_cat","embeddable":true,"href":"https:\/\/vitablanca.ma\/en\/wp-json\/wp\/v2\/product_cat?post=186"},{"taxonomy":"product_tag","embeddable":true,"href":"https:\/\/vitablanca.ma\/en\/wp-json\/wp\/v2\/product_tag?post=186"}],"curies":[{"name":"wp","href":"https:\/\/api.w.org\/{rel}","templated":true}]}}