{"id":18508,"date":"2025-06-10T17:25:03","date_gmt":"2025-06-10T17:25:03","guid":{"rendered":"https:\/\/vitablanca.ma\/product\/gph-diffusion-moringa-400-mg\/"},"modified":"2026-01-21T17:08:07","modified_gmt":"2026-01-21T17:08:07","slug":"gph-diffusion-moringa-400-mg","status":"publish","type":"product","link":"https:\/\/vitablanca.ma\/en\/product\/gph-diffusion-moringa-400-mg\/","title":{"rendered":"GPH Diffusion Moringa 400 mg"},"content":{"rendered":"<h2>GPH Diffusion Moringa 400 mg<\/h2>\n<p>100 Capsules \/ 200 Capsules<\/p>\n<p>Moringa (Moringa oleifera) is an equatorial tree known locally as the miracle tree. The leaves of this tree are extremely rich in nutrients and vitamins. They are widely used in local pharmacopoeia.<br \/>Moringa is an important source of all B vitamins, A and C. Rich in potassium, calcium and plant proteins, this plant also contains minerals and trace elements essential to the body.<\/p>\n<h3>COMPOSITION:<\/h3>\n<p>Ingredients for 1 Moringa capsule: Unstandardized Moringa powder* (moringa oleifera) 400 mg, cellulose 90 mg.<br \/>Part used: Leaf.<\/p>\n<p>* Ingredient from organic farming \u2013 Ecocert FR 01 certified.<br \/>Undiluted Moringa powder.<\/p>\n<p>Net weight: 98 g<\/p>\n<p>Box of 200 vegetable capsules \u2013 Made in France.<\/p>\n<h2>BENEFITS<\/h2>\n<p>\u2013 Increase respiratory capacity<\/p>\n<p>\u2013 Protect the heart.<\/p>\n<p>\u2013 Check blood pressure.<\/p>\n<p>\u2013 Facilitate weight loss.<\/p>\n<p>\u2013 Prevent and combat anemia.<\/p>\n<p>\u2013 Increase immune defenses.<\/p>\n<p>\u2013 Protect and moisturize the skin.<\/p>\n<p>\u2013 Improve the gastrointestinal system.<\/p>\n<p>\u2013 Reduce the symptoms of menopause.<\/p>\n<h2><span>DIRECTIONS FOR USE<\/span><\/h2>\n<p><span>2 to 3 capsules per day with a large glass of water during meals, and as part of a balanced diet.<\/span><\/p>\n<p><span>Keep out of reach of children.<\/span><\/p>\n<p><span>Do not exceed the recommended daily dose.<\/span><\/p>\n<p>Do not use during pregnancy or breastfeeding.<br \/>Cannot be substituted for a varied diet.<br \/>To be taken as part of a healthy lifestyle.<br \/>Keep out of reach of children<br \/>Do not exceed the recommended daily dose.<br \/>Store in a dry place away from light.<\/p>","protected":false},"excerpt":{"rendered":"<p>GPH Diffusion Moringa 400 mg 100 G\u00e9lules \/ 200 G\u00e9lules Le moringa (moringa oleifera) est un arbre \u00e9quatorial appel\u00e9 par les habitants locaux, l\u2019arbre miracle. Les feuilles de cet arbre sont extr\u00eamement riches en nutriments et vitamines. Elles sont tr\u00e8s utilis\u00e9es en pharmacop\u00e9e locale.Le moringa est une source importante de l\u2019ensemble des vitamines du groupe [&hellip;]<\/p>\n","protected":false},"featured_media":18500,"template":"","meta":{"om_disable_all_campaigns":false},"product_brand":[5979],"product_cat":[18,15,3366],"product_tag":[],"class_list":{"0":"post-18508","1":"product","2":"type-product","3":"status-publish","4":"has-post-thumbnail","6":"product_brand-gph-maroc-prix","7":"product_cat-beaute-sante","8":"product_cat-beaute-sante-complements-alimentaires-soins-et-bien-etre-au-meilleur-prix","9":"product_cat-complements-alimentaires-au-maroc-vitablanca","11":"first","12":"instock","13":"sale","14":"taxable","15":"shipping-taxable","16":"purchasable","17":"product-type-variable"},"yoast_head":"<!-- This site is optimized with the Yoast SEO plugin v27.4 - https:\/\/yoast.com\/product\/yoast-seo-wordpress\/ -->\n<title>GPH Diffusion Moringa 400 mg - Maroc Prix<\/title>\n<meta name=\"description\" content=\"GPH Diffusion Moringa 400 mg\" \/>\n<meta name=\"robots\" content=\"index, follow, max-snippet:-1, max-image-preview:large, max-video-preview:-1\" \/>\n<link rel=\"canonical\" href=\"https:\/\/vitablanca.ma\/en\/product\/gph-diffusion-moringa-400-mg\/\" \/>\n<meta property=\"og:locale\" content=\"en_US\" \/>\n<meta property=\"og:type\" content=\"article\" \/>\n<meta property=\"og:title\" content=\"GPH Diffusion Moringa 400 mg - Maroc Prix\" \/>\n<meta property=\"og:description\" content=\"GPH Diffusion Moringa 400 mg\" \/>\n<meta property=\"og:url\" content=\"https:\/\/vitablanca.ma\/en\/product\/gph-diffusion-moringa-400-mg\/\" \/>\n<meta property=\"og:site_name\" content=\"Vitablanca.ma &ndash; Sant&eacute;, vitalit&eacute; et bien-&ecirc;tre pour tous les Marocains\" \/>\n<meta property=\"article:publisher\" content=\"https:\/\/www.facebook.com\/profile.php?id=61576678196717\" \/>\n<meta property=\"article:modified_time\" content=\"2026-01-21T17:08:07+00:00\" \/>\n<meta property=\"og:image\" content=\"https:\/\/vitablanca.ma\/wp-content\/uploads\/2025\/06\/GPH-Diffusion-Moringa-400-mg-100-Gelules-prix-maroc-parapharmacie-casablanca.jpg\" \/>\n\t<meta property=\"og:image:width\" content=\"1000\" \/>\n\t<meta property=\"og:image:height\" content=\"1000\" \/>\n\t<meta property=\"og:image:type\" content=\"image\/jpeg\" \/>\n<meta name=\"twitter:card\" content=\"summary_large_image\" \/>\n<meta name=\"twitter:label1\" content=\"Est. reading time\" \/>\n\t<meta name=\"twitter:data1\" content=\"2 minutes\" \/>\n<script type=\"application\/ld+json\" class=\"yoast-schema-graph\">{\"@context\":\"https:\\\/\\\/schema.org\",\"@graph\":[{\"@type\":[\"WebPage\",\"ItemPage\"],\"@id\":\"https:\\\/\\\/vitablanca.ma\\\/produit\\\/gph-diffusion-moringa-400-mg\\\/\",\"url\":\"https:\\\/\\\/vitablanca.ma\\\/produit\\\/gph-diffusion-moringa-400-mg\\\/\",\"name\":\"GPH Diffusion Moringa 400 mg - Maroc Prix\",\"isPartOf\":{\"@id\":\"https:\\\/\\\/vitablanca.ma\\\/#website\"},\"primaryImageOfPage\":{\"@id\":\"https:\\\/\\\/vitablanca.ma\\\/produit\\\/gph-diffusion-moringa-400-mg\\\/#primaryimage\"},\"image\":{\"@id\":\"https:\\\/\\\/vitablanca.ma\\\/produit\\\/gph-diffusion-moringa-400-mg\\\/#primaryimage\"},\"thumbnailUrl\":\"https:\\\/\\\/vitablanca.ma\\\/wp-content\\\/uploads\\\/2025\\\/06\\\/GPH-Diffusion-Moringa-400-mg-100-Gelules-prix-maroc-parapharmacie-casablanca.jpg\",\"datePublished\":\"2025-06-10T17:25:03+00:00\",\"dateModified\":\"2026-01-21T17:08:07+00:00\",\"description\":\"GPH Diffusion Moringa 400 mg\",\"breadcrumb\":{\"@id\":\"https:\\\/\\\/vitablanca.ma\\\/produit\\\/gph-diffusion-moringa-400-mg\\\/#breadcrumb\"},\"inLanguage\":\"en-US\",\"potentialAction\":[{\"@type\":\"ReadAction\",\"target\":[\"https:\\\/\\\/vitablanca.ma\\\/produit\\\/gph-diffusion-moringa-400-mg\\\/\"]}]},{\"@type\":\"ImageObject\",\"inLanguage\":\"en-US\",\"@id\":\"https:\\\/\\\/vitablanca.ma\\\/produit\\\/gph-diffusion-moringa-400-mg\\\/#primaryimage\",\"url\":\"https:\\\/\\\/vitablanca.ma\\\/wp-content\\\/uploads\\\/2025\\\/06\\\/GPH-Diffusion-Moringa-400-mg-100-Gelules-prix-maroc-parapharmacie-casablanca.jpg\",\"contentUrl\":\"https:\\\/\\\/vitablanca.ma\\\/wp-content\\\/uploads\\\/2025\\\/06\\\/GPH-Diffusion-Moringa-400-mg-100-Gelules-prix-maroc-parapharmacie-casablanca.jpg\",\"width\":1000,\"height\":1000},{\"@type\":\"BreadcrumbList\",\"@id\":\"https:\\\/\\\/vitablanca.ma\\\/produit\\\/gph-diffusion-moringa-400-mg\\\/#breadcrumb\",\"itemListElement\":[{\"@type\":\"ListItem\",\"position\":1,\"name\":\"Home\",\"item\":\"https:\\\/\\\/vitablanca.ma\\\/\"},{\"@type\":\"ListItem\",\"position\":2,\"name\":\"Tous Les Produits\",\"item\":\"https:\\\/\\\/vitablanca.ma\\\/tous-les-produits\\\/\"},{\"@type\":\"ListItem\",\"position\":3,\"name\":\"GPH Diffusion Moringa 400 mg\"}]},{\"@type\":\"WebSite\",\"@id\":\"https:\\\/\\\/vitablanca.ma\\\/#website\",\"url\":\"https:\\\/\\\/vitablanca.ma\\\/\",\"name\":\"VitaBlanca.ma | Compl\u00e9ments alimentaires, sant\u00e9 & beaut\u00e9 au Maroc\",\"description\":\"vendre vitamines et compl\u00e9ments premium des USA &amp; Canada, Nouvelle Z\u00e9lande,Maroc (NOW Foods, Solgar, Manuka). Livraison rapide partout au Maroc.\",\"publisher\":{\"@id\":\"https:\\\/\\\/vitablanca.ma\\\/#organization\"},\"alternateName\":\"VitaBlanca.ma\",\"potentialAction\":[{\"@type\":\"SearchAction\",\"target\":{\"@type\":\"EntryPoint\",\"urlTemplate\":\"https:\\\/\\\/vitablanca.ma\\\/?s={search_term_string}\"},\"query-input\":{\"@type\":\"PropertyValueSpecification\",\"valueRequired\":true,\"valueName\":\"search_term_string\"}}],\"inLanguage\":\"en-US\"},{\"@type\":\"Organization\",\"@id\":\"https:\\\/\\\/vitablanca.ma\\\/#organization\",\"name\":\"VitaBlanca\",\"url\":\"https:\\\/\\\/vitablanca.ma\\\/\",\"logo\":{\"@type\":\"ImageObject\",\"inLanguage\":\"en-US\",\"@id\":\"https:\\\/\\\/vitablanca.ma\\\/#\\\/schema\\\/logo\\\/image\\\/\",\"url\":\"https:\\\/\\\/vitablanca.ma\\\/wp-content\\\/uploads\\\/2025\\\/05\\\/cropped-vitablanca.png\",\"contentUrl\":\"https:\\\/\\\/vitablanca.ma\\\/wp-content\\\/uploads\\\/2025\\\/05\\\/cropped-vitablanca.png\",\"width\":360,\"height\":67,\"caption\":\"VitaBlanca\"},\"image\":{\"@id\":\"https:\\\/\\\/vitablanca.ma\\\/#\\\/schema\\\/logo\\\/image\\\/\"},\"sameAs\":[\"https:\\\/\\\/www.facebook.com\\\/profile.php?id=61576678196717\",\"https:\\\/\\\/www.tiktok.com\\\/@vitablanca.ma\",\"https:\\\/\\\/www.instagram.com\\\/vitablanca.ma\\\/\"]}]}<\/script>\n<!-- \/ Yoast SEO plugin. -->","yoast_head_json":{"title":"GPH Diffusion Moringa 400 mg - Morocco Price","description":"GPH Diffusion Moringa 400 mg","robots":{"index":"index","follow":"follow","max-snippet":"max-snippet:-1","max-image-preview":"max-image-preview:large","max-video-preview":"max-video-preview:-1"},"canonical":"https:\/\/vitablanca.ma\/en\/product\/gph-diffusion-moringa-400-mg\/","og_locale":"en_US","og_type":"article","og_title":"GPH Diffusion Moringa 400 mg - Maroc Prix","og_description":"GPH Diffusion Moringa 400 mg","og_url":"https:\/\/vitablanca.ma\/en\/product\/gph-diffusion-moringa-400-mg\/","og_site_name":"Vitablanca.ma &ndash; Sant&eacute;, vitalit&eacute; et bien-&ecirc;tre pour tous les Marocains","article_publisher":"https:\/\/www.facebook.com\/profile.php?id=61576678196717","article_modified_time":"2026-01-21T17:08:07+00:00","og_image":[{"width":1000,"height":1000,"url":"https:\/\/vitablanca.ma\/wp-content\/uploads\/2025\/06\/GPH-Diffusion-Moringa-400-mg-100-Gelules-prix-maroc-parapharmacie-casablanca.jpg","type":"image\/jpeg"}],"twitter_card":"summary_large_image","twitter_misc":{"Est. reading time":"2 minutes"},"schema":{"@context":"https:\/\/schema.org","@graph":[{"@type":["WebPage","ItemPage"],"@id":"https:\/\/vitablanca.ma\/produit\/gph-diffusion-moringa-400-mg\/","url":"https:\/\/vitablanca.ma\/produit\/gph-diffusion-moringa-400-mg\/","name":"GPH Diffusion Moringa 400 mg - Morocco Price","isPartOf":{"@id":"https:\/\/vitablanca.ma\/#website"},"primaryImageOfPage":{"@id":"https:\/\/vitablanca.ma\/produit\/gph-diffusion-moringa-400-mg\/#primaryimage"},"image":{"@id":"https:\/\/vitablanca.ma\/produit\/gph-diffusion-moringa-400-mg\/#primaryimage"},"thumbnailUrl":"https:\/\/vitablanca.ma\/wp-content\/uploads\/2025\/06\/GPH-Diffusion-Moringa-400-mg-100-Gelules-prix-maroc-parapharmacie-casablanca.jpg","datePublished":"2025-06-10T17:25:03+00:00","dateModified":"2026-01-21T17:08:07+00:00","description":"GPH Diffusion Moringa 400 mg","breadcrumb":{"@id":"https:\/\/vitablanca.ma\/produit\/gph-diffusion-moringa-400-mg\/#breadcrumb"},"inLanguage":"en-US","potentialAction":[{"@type":"ReadAction","target":["https:\/\/vitablanca.ma\/produit\/gph-diffusion-moringa-400-mg\/"]}]},{"@type":"ImageObject","inLanguage":"en-US","@id":"https:\/\/vitablanca.ma\/produit\/gph-diffusion-moringa-400-mg\/#primaryimage","url":"https:\/\/vitablanca.ma\/wp-content\/uploads\/2025\/06\/GPH-Diffusion-Moringa-400-mg-100-Gelules-prix-maroc-parapharmacie-casablanca.jpg","contentUrl":"https:\/\/vitablanca.ma\/wp-content\/uploads\/2025\/06\/GPH-Diffusion-Moringa-400-mg-100-Gelules-prix-maroc-parapharmacie-casablanca.jpg","width":1000,"height":1000},{"@type":"BreadcrumbList","@id":"https:\/\/vitablanca.ma\/produit\/gph-diffusion-moringa-400-mg\/#breadcrumb","itemListElement":[{"@type":"ListItem","position":1,"name":"Home","item":"https:\/\/vitablanca.ma\/"},{"@type":"ListItem","position":2,"name":"Tous Les Produits","item":"https:\/\/vitablanca.ma\/tous-les-produits\/"},{"@type":"ListItem","position":3,"name":"GPH Diffusion Moringa 400 mg"}]},{"@type":"WebSite","@id":"https:\/\/vitablanca.ma\/#website","url":"https:\/\/vitablanca.ma\/","name":"VitaBlanca.ma | Food supplements, health &amp; beauty in Morocco","description":"sell premium vitamins and supplements from USA &amp; Canada, New Zealand, Morocco (NOW Foods, Solgar, Manuka). Fast delivery anywhere in Morocco.","publisher":{"@id":"https:\/\/vitablanca.ma\/#organization"},"alternateName":"VitaBlanca.ma","potentialAction":[{"@type":"SearchAction","target":{"@type":"EntryPoint","urlTemplate":"https:\/\/vitablanca.ma\/?s={search_term_string}"},"query-input":{"@type":"PropertyValueSpecification","valueRequired":true,"valueName":"search_term_string"}}],"inLanguage":"en-US"},{"@type":"Organization","@id":"https:\/\/vitablanca.ma\/#organization","name":"VitaBlanca","url":"https:\/\/vitablanca.ma\/","logo":{"@type":"ImageObject","inLanguage":"en-US","@id":"https:\/\/vitablanca.ma\/#\/schema\/logo\/image\/","url":"https:\/\/vitablanca.ma\/wp-content\/uploads\/2025\/05\/cropped-vitablanca.png","contentUrl":"https:\/\/vitablanca.ma\/wp-content\/uploads\/2025\/05\/cropped-vitablanca.png","width":360,"height":67,"caption":"VitaBlanca"},"image":{"@id":"https:\/\/vitablanca.ma\/#\/schema\/logo\/image\/"},"sameAs":["https:\/\/www.facebook.com\/profile.php?id=61576678196717","https:\/\/www.tiktok.com\/@vitablanca.ma","https:\/\/www.instagram.com\/vitablanca.ma\/"]}]}},"jetpack_sharing_enabled":true,"_links":{"self":[{"href":"https:\/\/vitablanca.ma\/en\/wp-json\/wp\/v2\/product\/18508","targetHints":{"allow":["GET"]}}],"collection":[{"href":"https:\/\/vitablanca.ma\/en\/wp-json\/wp\/v2\/product"}],"about":[{"href":"https:\/\/vitablanca.ma\/en\/wp-json\/wp\/v2\/types\/product"}],"wp:featuredmedia":[{"embeddable":true,"href":"https:\/\/vitablanca.ma\/en\/wp-json\/wp\/v2\/media\/18500"}],"wp:attachment":[{"href":"https:\/\/vitablanca.ma\/en\/wp-json\/wp\/v2\/media?parent=18508"}],"wp:term":[{"taxonomy":"product_brand","embeddable":true,"href":"https:\/\/vitablanca.ma\/en\/wp-json\/wp\/v2\/product_brand?post=18508"},{"taxonomy":"product_cat","embeddable":true,"href":"https:\/\/vitablanca.ma\/en\/wp-json\/wp\/v2\/product_cat?post=18508"},{"taxonomy":"product_tag","embeddable":true,"href":"https:\/\/vitablanca.ma\/en\/wp-json\/wp\/v2\/product_tag?post=18508"}],"curies":[{"name":"wp","href":"https:\/\/api.w.org\/{rel}","templated":true}]}}