{"id":18482,"date":"2025-06-10T17:24:38","date_gmt":"2025-06-10T17:24:38","guid":{"rendered":"https:\/\/vitablanca.ma\/product\/gph-diffusion-garcinia-250-mg\/"},"modified":"2026-01-21T17:08:07","modified_gmt":"2026-01-21T17:08:07","slug":"gph-diffusion-garcinia-250-mg","status":"publish","type":"product","link":"https:\/\/vitablanca.ma\/en\/product\/gph-diffusion-garcinia-250-mg\/","title":{"rendered":"GPH DIFFUSION Garcinia 250 Mg"},"content":{"rendered":"<h1>GPH DIFFUSION Garcinia 250 Mg 100 Capsules<\/h1>\n<div class=\"w-post-elm post_content\">\n<p>Garcinia gummi-gutta has many common names. It is most commonly called garcinia cambogia, but it is also called Malabar tamarind, Brindall&#039;s berry, or gambooge. In Sri Lanka, it is called &quot;goraka.&quot; There are over 150 different species of garcinia.<\/p>\n<p>Malabar tamarind is grown primarily in the humid forests of tropical Asia, in India and Indonesia, but also in West Africa and Polynesia. The plant has been used for over 4,000 years by Indians and is present in Ayurvedic and Chinese medicine.<\/p>\n<p>The small tree that produces Brindall&#039;s berries is sometimes called a &quot;guttier.&quot; This shrubby plant has glossy, simple, opposite, evergreen leaves that are dark green in color. Garcinia has drooping branches and orange to reddish flowers.<\/p>\n<h3><strong>Discovery and uses of garcinia<\/strong><\/h3>\n<p>The Brindall berry is a yellowish fruit that resembles a pumpkin because of its grooves, but is only about 5 cm in diameter. It is lobular and squashed. Its very thick skin is used primarily in herbal medicine for its hydroxycitric acid content.<\/p>\n<p>Garcinia seeds are used to produce vegetable oil in some parts of the producing countries. The fruit peel is used as a seasoning in Indian and Thai cuisine, easily replacing tamarind as a condiment.<\/p>\n<p>The benefits and virtues of garcinia were discovered in the West only recently. Its popularity began in the late 1960s, following extensive research on the plant. Garcinia-based dietary supplements then appeared in France in various forms.<\/p>\n<h3><strong>Our garcinia cambogia capsules<\/strong><\/h3>\n<p>Our garcinia capsules contain a 250 mg dose. The plant is available commercially in capsules, softgels, as well as juice, chewing gum, and snack bars.<\/p>\n<p>When taking cambogia, it&#039;s important to maintain a healthy, balanced diet. Combine the plant&#039;s benefits with those of goji berries, royal jelly, or spirulina to maximize its effects and benefit from the many advantages of these plants.<\/p>\n<p>We use fruit peel extract in all our garcinia products. The shape and dosage of our capsules are designed to make this supplement easy to take.<\/p>\n<h3>A quality plant, carefully selected:<\/h3>\n<p>Desmodium est un produit obtenu \u00e0 partir des feuilles de desmodium et justement dos\u00e9 pour une grande efficacit\u00e9. Le format g\u00e9lule est id\u00e9al, simple et pratique \u00e0 utiliser, il permet d\u2019avoir tous les b\u00e9n\u00e9fices de la plante tout en \u00e9vitant son mauvais go\u00fbt. Rigoureusement s\u00e9lectionn\u00e9e pour une qualit\u00e9 optimale, les cultures de desmodium ne contiennent ni pesticides, ni OGM, ni herbicides.\u00a0<\/p>\n<h3><strong>DIRECTIONS FOR USE:<\/strong><\/h3>\n<p>2 to 3 capsules per day as part of a balanced diet.<\/p>\n<p>Keep out of reach of children. Do not exceed the recommended daily dose.<\/p>\n<ul><\/ul>\n<\/div>","protected":false},"excerpt":{"rendered":"<p>GPH DIFFUSION Garcinia 250 Mg 100 G\u00e9lules Le garcinia gummi-gutta a de nombreux noms vernaculaires. On l\u2019appelle le plus souvent garcinia cambogia, mais il est aussi nomm\u00e9 tamarinier de Malabar, baie de Brindall ou gambooge. Au Sri Lanka, il a pour nom \u00ab goraka \u00bb. Il existe plus de 150 esp\u00e8ces diff\u00e9rentes de garcinia. Le [&hellip;]<\/p>\n","protected":false},"featured_media":18480,"template":"","meta":{"om_disable_all_campaigns":false},"product_brand":[5979],"product_cat":[18,15,3366],"product_tag":[],"class_list":{"0":"post-18482","1":"product","2":"type-product","3":"status-publish","4":"has-post-thumbnail","6":"product_brand-gph-maroc-prix","7":"product_cat-beaute-sante","8":"product_cat-beaute-sante-complements-alimentaires-soins-et-bien-etre-au-meilleur-prix","9":"product_cat-complements-alimentaires-au-maroc-vitablanca","11":"first","12":"instock","13":"sale","14":"taxable","15":"shipping-taxable","16":"purchasable","17":"product-type-variable"},"yoast_head":"<!-- This site is optimized with the Yoast SEO plugin v27.5 - https:\/\/yoast.com\/product\/yoast-seo-wordpress\/ -->\n<title>GPH DIFFUSION Garcinia 250 Mg - Maroc Prix<\/title>\n<meta name=\"description\" content=\"GPH DIFFUSION Garcinia 250 Mg\" \/>\n<meta name=\"robots\" content=\"index, follow, max-snippet:-1, max-image-preview:large, max-video-preview:-1\" \/>\n<link rel=\"canonical\" href=\"https:\/\/vitablanca.ma\/en\/product\/gph-diffusion-garcinia-250-mg\/\" \/>\n<meta property=\"og:locale\" content=\"en_US\" \/>\n<meta property=\"og:type\" content=\"article\" \/>\n<meta property=\"og:title\" content=\"GPH DIFFUSION Garcinia 250 Mg - Maroc Prix\" \/>\n<meta property=\"og:description\" content=\"GPH DIFFUSION Garcinia 250 Mg\" \/>\n<meta property=\"og:url\" content=\"https:\/\/vitablanca.ma\/en\/product\/gph-diffusion-garcinia-250-mg\/\" \/>\n<meta property=\"og:site_name\" content=\"Vitablanca.ma &ndash; Sant&eacute;, vitalit&eacute; et bien-&ecirc;tre pour tous les Marocains\" \/>\n<meta property=\"article:publisher\" content=\"https:\/\/www.facebook.com\/profile.php?id=61576678196717\" \/>\n<meta property=\"article:modified_time\" content=\"2026-01-21T17:08:07+00:00\" \/>\n<meta property=\"og:image\" content=\"https:\/\/vitablanca.ma\/wp-content\/uploads\/2025\/06\/gph-diffusion-garcinia-250-mg-l-100-gelules.jpg\" \/>\n\t<meta property=\"og:image:width\" content=\"800\" \/>\n\t<meta property=\"og:image:height\" content=\"800\" \/>\n\t<meta property=\"og:image:type\" content=\"image\/jpeg\" \/>\n<meta name=\"twitter:card\" content=\"summary_large_image\" \/>\n<meta name=\"twitter:label1\" content=\"Est. reading time\" \/>\n\t<meta name=\"twitter:data1\" content=\"3 minutes\" \/>\n<script type=\"application\/ld+json\" class=\"yoast-schema-graph\">{\"@context\":\"https:\\\/\\\/schema.org\",\"@graph\":[{\"@type\":[\"WebPage\",\"ItemPage\"],\"@id\":\"https:\\\/\\\/vitablanca.ma\\\/produit\\\/gph-diffusion-garcinia-250-mg\\\/\",\"url\":\"https:\\\/\\\/vitablanca.ma\\\/produit\\\/gph-diffusion-garcinia-250-mg\\\/\",\"name\":\"GPH DIFFUSION Garcinia 250 Mg - Maroc Prix\",\"isPartOf\":{\"@id\":\"https:\\\/\\\/vitablanca.ma\\\/#website\"},\"primaryImageOfPage\":{\"@id\":\"https:\\\/\\\/vitablanca.ma\\\/produit\\\/gph-diffusion-garcinia-250-mg\\\/#primaryimage\"},\"image\":{\"@id\":\"https:\\\/\\\/vitablanca.ma\\\/produit\\\/gph-diffusion-garcinia-250-mg\\\/#primaryimage\"},\"thumbnailUrl\":\"https:\\\/\\\/vitablanca.ma\\\/wp-content\\\/uploads\\\/2025\\\/06\\\/gph-diffusion-garcinia-250-mg-l-100-gelules.jpg\",\"datePublished\":\"2025-06-10T17:24:38+00:00\",\"dateModified\":\"2026-01-21T17:08:07+00:00\",\"description\":\"GPH DIFFUSION Garcinia 250 Mg\",\"breadcrumb\":{\"@id\":\"https:\\\/\\\/vitablanca.ma\\\/produit\\\/gph-diffusion-garcinia-250-mg\\\/#breadcrumb\"},\"inLanguage\":\"en-US\",\"potentialAction\":[{\"@type\":\"ReadAction\",\"target\":[\"https:\\\/\\\/vitablanca.ma\\\/produit\\\/gph-diffusion-garcinia-250-mg\\\/\"]}]},{\"@type\":\"ImageObject\",\"inLanguage\":\"en-US\",\"@id\":\"https:\\\/\\\/vitablanca.ma\\\/produit\\\/gph-diffusion-garcinia-250-mg\\\/#primaryimage\",\"url\":\"https:\\\/\\\/vitablanca.ma\\\/wp-content\\\/uploads\\\/2025\\\/06\\\/gph-diffusion-garcinia-250-mg-l-100-gelules.jpg\",\"contentUrl\":\"https:\\\/\\\/vitablanca.ma\\\/wp-content\\\/uploads\\\/2025\\\/06\\\/gph-diffusion-garcinia-250-mg-l-100-gelules.jpg\",\"width\":800,\"height\":800},{\"@type\":\"BreadcrumbList\",\"@id\":\"https:\\\/\\\/vitablanca.ma\\\/produit\\\/gph-diffusion-garcinia-250-mg\\\/#breadcrumb\",\"itemListElement\":[{\"@type\":\"ListItem\",\"position\":1,\"name\":\"Home\",\"item\":\"https:\\\/\\\/vitablanca.ma\\\/\"},{\"@type\":\"ListItem\",\"position\":2,\"name\":\"Tous Les Produits\",\"item\":\"https:\\\/\\\/vitablanca.ma\\\/tous-les-produits\\\/\"},{\"@type\":\"ListItem\",\"position\":3,\"name\":\"GPH DIFFUSION Garcinia 250 Mg\"}]},{\"@type\":\"WebSite\",\"@id\":\"https:\\\/\\\/vitablanca.ma\\\/#website\",\"url\":\"https:\\\/\\\/vitablanca.ma\\\/\",\"name\":\"VitaBlanca.ma | Compl\u00e9ments alimentaires, sant\u00e9 & beaut\u00e9 au Maroc\",\"description\":\"vendre vitamines et compl\u00e9ments premium des USA &amp; Canada, Nouvelle Z\u00e9lande,Maroc (NOW Foods, Solgar, Manuka). Livraison rapide partout au Maroc.\",\"publisher\":{\"@id\":\"https:\\\/\\\/vitablanca.ma\\\/#organization\"},\"alternateName\":\"VitaBlanca.ma\",\"potentialAction\":[{\"@type\":\"SearchAction\",\"target\":{\"@type\":\"EntryPoint\",\"urlTemplate\":\"https:\\\/\\\/vitablanca.ma\\\/?s={search_term_string}\"},\"query-input\":{\"@type\":\"PropertyValueSpecification\",\"valueRequired\":true,\"valueName\":\"search_term_string\"}}],\"inLanguage\":\"en-US\"},{\"@type\":\"Organization\",\"@id\":\"https:\\\/\\\/vitablanca.ma\\\/#organization\",\"name\":\"VitaBlanca\",\"url\":\"https:\\\/\\\/vitablanca.ma\\\/\",\"logo\":{\"@type\":\"ImageObject\",\"inLanguage\":\"en-US\",\"@id\":\"https:\\\/\\\/vitablanca.ma\\\/#\\\/schema\\\/logo\\\/image\\\/\",\"url\":\"https:\\\/\\\/vitablanca.ma\\\/wp-content\\\/uploads\\\/2025\\\/05\\\/cropped-vitablanca.png\",\"contentUrl\":\"https:\\\/\\\/vitablanca.ma\\\/wp-content\\\/uploads\\\/2025\\\/05\\\/cropped-vitablanca.png\",\"width\":360,\"height\":67,\"caption\":\"VitaBlanca\"},\"image\":{\"@id\":\"https:\\\/\\\/vitablanca.ma\\\/#\\\/schema\\\/logo\\\/image\\\/\"},\"sameAs\":[\"https:\\\/\\\/www.facebook.com\\\/profile.php?id=61576678196717\",\"https:\\\/\\\/www.tiktok.com\\\/@vitablanca.ma\",\"https:\\\/\\\/www.instagram.com\\\/vitablanca.ma\\\/\"]}]}<\/script>\n<!-- \/ Yoast SEO plugin. -->","yoast_head_json":{"title":"GPH DIFFUSION Garcinia 250 Mg - Morocco Price","description":"GPH DIFFUSION Garcinia 250 Mg","robots":{"index":"index","follow":"follow","max-snippet":"max-snippet:-1","max-image-preview":"max-image-preview:large","max-video-preview":"max-video-preview:-1"},"canonical":"https:\/\/vitablanca.ma\/en\/product\/gph-diffusion-garcinia-250-mg\/","og_locale":"en_US","og_type":"article","og_title":"GPH DIFFUSION Garcinia 250 Mg - Maroc Prix","og_description":"GPH DIFFUSION Garcinia 250 Mg","og_url":"https:\/\/vitablanca.ma\/en\/product\/gph-diffusion-garcinia-250-mg\/","og_site_name":"Vitablanca.ma &ndash; Sant&eacute;, vitalit&eacute; et bien-&ecirc;tre pour tous les Marocains","article_publisher":"https:\/\/www.facebook.com\/profile.php?id=61576678196717","article_modified_time":"2026-01-21T17:08:07+00:00","og_image":[{"width":800,"height":800,"url":"https:\/\/vitablanca.ma\/wp-content\/uploads\/2025\/06\/gph-diffusion-garcinia-250-mg-l-100-gelules.jpg","type":"image\/jpeg"}],"twitter_card":"summary_large_image","twitter_misc":{"Est. reading time":"3 minutes"},"schema":{"@context":"https:\/\/schema.org","@graph":[{"@type":["WebPage","ItemPage"],"@id":"https:\/\/vitablanca.ma\/produit\/gph-diffusion-garcinia-250-mg\/","url":"https:\/\/vitablanca.ma\/produit\/gph-diffusion-garcinia-250-mg\/","name":"GPH DIFFUSION Garcinia 250 Mg - Morocco Price","isPartOf":{"@id":"https:\/\/vitablanca.ma\/#website"},"primaryImageOfPage":{"@id":"https:\/\/vitablanca.ma\/produit\/gph-diffusion-garcinia-250-mg\/#primaryimage"},"image":{"@id":"https:\/\/vitablanca.ma\/produit\/gph-diffusion-garcinia-250-mg\/#primaryimage"},"thumbnailUrl":"https:\/\/vitablanca.ma\/wp-content\/uploads\/2025\/06\/gph-diffusion-garcinia-250-mg-l-100-gelules.jpg","datePublished":"2025-06-10T17:24:38+00:00","dateModified":"2026-01-21T17:08:07+00:00","description":"GPH DIFFUSION Garcinia 250 Mg","breadcrumb":{"@id":"https:\/\/vitablanca.ma\/produit\/gph-diffusion-garcinia-250-mg\/#breadcrumb"},"inLanguage":"en-US","potentialAction":[{"@type":"ReadAction","target":["https:\/\/vitablanca.ma\/produit\/gph-diffusion-garcinia-250-mg\/"]}]},{"@type":"ImageObject","inLanguage":"en-US","@id":"https:\/\/vitablanca.ma\/produit\/gph-diffusion-garcinia-250-mg\/#primaryimage","url":"https:\/\/vitablanca.ma\/wp-content\/uploads\/2025\/06\/gph-diffusion-garcinia-250-mg-l-100-gelules.jpg","contentUrl":"https:\/\/vitablanca.ma\/wp-content\/uploads\/2025\/06\/gph-diffusion-garcinia-250-mg-l-100-gelules.jpg","width":800,"height":800},{"@type":"BreadcrumbList","@id":"https:\/\/vitablanca.ma\/produit\/gph-diffusion-garcinia-250-mg\/#breadcrumb","itemListElement":[{"@type":"ListItem","position":1,"name":"Home","item":"https:\/\/vitablanca.ma\/"},{"@type":"ListItem","position":2,"name":"Tous Les Produits","item":"https:\/\/vitablanca.ma\/tous-les-produits\/"},{"@type":"ListItem","position":3,"name":"GPH DIFFUSION Garcinia 250 Mg"}]},{"@type":"WebSite","@id":"https:\/\/vitablanca.ma\/#website","url":"https:\/\/vitablanca.ma\/","name":"VitaBlanca.ma | Food supplements, health &amp; beauty in Morocco","description":"sell premium vitamins and supplements from USA &amp; Canada, New Zealand, Morocco (NOW Foods, Solgar, Manuka). Fast delivery anywhere in Morocco.","publisher":{"@id":"https:\/\/vitablanca.ma\/#organization"},"alternateName":"VitaBlanca.ma","potentialAction":[{"@type":"SearchAction","target":{"@type":"EntryPoint","urlTemplate":"https:\/\/vitablanca.ma\/?s={search_term_string}"},"query-input":{"@type":"PropertyValueSpecification","valueRequired":true,"valueName":"search_term_string"}}],"inLanguage":"en-US"},{"@type":"Organization","@id":"https:\/\/vitablanca.ma\/#organization","name":"VitaBlanca","url":"https:\/\/vitablanca.ma\/","logo":{"@type":"ImageObject","inLanguage":"en-US","@id":"https:\/\/vitablanca.ma\/#\/schema\/logo\/image\/","url":"https:\/\/vitablanca.ma\/wp-content\/uploads\/2025\/05\/cropped-vitablanca.png","contentUrl":"https:\/\/vitablanca.ma\/wp-content\/uploads\/2025\/05\/cropped-vitablanca.png","width":360,"height":67,"caption":"VitaBlanca"},"image":{"@id":"https:\/\/vitablanca.ma\/#\/schema\/logo\/image\/"},"sameAs":["https:\/\/www.facebook.com\/profile.php?id=61576678196717","https:\/\/www.tiktok.com\/@vitablanca.ma","https:\/\/www.instagram.com\/vitablanca.ma\/"]}]}},"jetpack_sharing_enabled":true,"_links":{"self":[{"href":"https:\/\/vitablanca.ma\/en\/wp-json\/wp\/v2\/product\/18482","targetHints":{"allow":["GET"]}}],"collection":[{"href":"https:\/\/vitablanca.ma\/en\/wp-json\/wp\/v2\/product"}],"about":[{"href":"https:\/\/vitablanca.ma\/en\/wp-json\/wp\/v2\/types\/product"}],"wp:featuredmedia":[{"embeddable":true,"href":"https:\/\/vitablanca.ma\/en\/wp-json\/wp\/v2\/media\/18480"}],"wp:attachment":[{"href":"https:\/\/vitablanca.ma\/en\/wp-json\/wp\/v2\/media?parent=18482"}],"wp:term":[{"taxonomy":"product_brand","embeddable":true,"href":"https:\/\/vitablanca.ma\/en\/wp-json\/wp\/v2\/product_brand?post=18482"},{"taxonomy":"product_cat","embeddable":true,"href":"https:\/\/vitablanca.ma\/en\/wp-json\/wp\/v2\/product_cat?post=18482"},{"taxonomy":"product_tag","embeddable":true,"href":"https:\/\/vitablanca.ma\/en\/wp-json\/wp\/v2\/product_tag?post=18482"}],"curies":[{"name":"wp","href":"https:\/\/api.w.org\/{rel}","templated":true}]}}