{"id":18432,"date":"2025-06-10T17:23:37","date_gmt":"2025-06-10T17:23:37","guid":{"rendered":"https:\/\/vitablanca.ma\/product\/gifrer-serum-physiologique-12-unidoses-5ml\/"},"modified":"2025-06-10T17:23:37","modified_gmt":"2025-06-10T17:23:37","slug":"gifrer-serum-physiologique-12-unidoses-5ml","status":"publish","type":"product","link":"https:\/\/vitablanca.ma\/en\/product\/gifrer-serum-physiologique-12-unidoses-5ml\/","title":{"rendered":"Gifrer Physiological Serum 12 Single Doses 5ml"},"content":{"rendered":"<h2 data-mce-fragment=\"1\"><span data-mce-fragment=\"1\">Gifrer Physiological Serum 12 Single Doses recommended for washing the nasal cavities<\/span><\/h2>\n<p data-mce-fragment=\"1\"><span data-mce-fragment=\"1\">Gifrer physiological serum is recommended for washing nasal cavities, eye wash, rinsing small wounds and burns as well as rinsing in minor surgery for infants, children and adults. Its innovative 10 ml format has been designed to bring you more practicality but also to respect the environment thanks to 100% packaging made from recycled cardboard and by reducing 25% of plastic per use.<\/span><\/p>\n<section id=\"ficheproduit\" data-mce-fragment=\"1\">\n<div class=\"middle\" data-mce-fragment=\"1\">\n<div id=\"content\" data-mce-fragment=\"1\">\n<div id=\"presentation_right_produit\" data-mce-fragment=\"1\">\n<div class=\"vc_row wpb_row vc_row-fluid\" data-mce-fragment=\"1\">\n<div class=\"wpb_column vc_column_container vc_col-sm-12\" data-mce-fragment=\"1\">\n<div class=\"vc_column-inner\" data-mce-fragment=\"1\">\n<div class=\"wpb_wrapper\" data-mce-fragment=\"1\">\n<div class=\"wpb_text_column wpb_content_element vc_custom_1527522027002\" data-mce-fragment=\"1\">\n<div class=\"wpb_wrapper\" data-mce-fragment=\"1\">\n<ul data-mce-fragment=\"1\">\n<li data-mce-fragment=\"1\">\n<strong data-mce-fragment=\"1\">Nasal wash<\/strong>\u00a0: physiological serum makes it easier to clean the noses of toddlers, which are often blocked by mucus. It promotes the elimination of excessive secretions. Thanks to its humidifying action, it quickly relieves nasal dryness in adults.<\/li>\n<li data-mce-fragment=\"1\">\n<strong data-mce-fragment=\"1\">Eye hygiene<\/strong>\u00a0: physiological serum can be used for the hygiene of the external part of the eyes (eyelids) in infants, as well as in children and adults.<\/li>\n<li data-mce-fragment=\"1\">\n<strong data-mce-fragment=\"1\">Rinsing of small wounds, burns and minor surgery:<\/strong>\u00a0Physiological serum can be used to remove foreign bodies, to clean scabs, exudates, pus and pathogens from small wounds.<\/li>\n<\/ul>\n<p data-mce-fragment=\"1\">12 sterile 10 ml single-dose containers without preservative.<\/p>\n<p data-mce-fragment=\"1\">The product Physiological serum nasal and ophthalmic wash is a medical device. This medical device is a regulated health product which, under this regulation, bears the CE mark. Read the instructions on the packaging carefully.<\/p>\n<h3 data-mce-fragment=\"1\"><span data-mce-fragment=\"1\">Directions for Use<br data-mce-fragment=\"1\"><\/span><\/h3>\n<ul data-mce-fragment=\"1\">\n<li data-mce-fragment=\"1\">Nasal wash: Use one single dose for washing 1 to 6 times a day as needed.<\/li>\n<li data-mce-fragment=\"1\">Eye hygiene: clean with a sterile compress, 1 to 2 times a day.<\/li>\n<li data-mce-fragment=\"1\">Rinsing small wounds, burns and minor surgery: Use a single-dose unit for rinsing until contaminants are completely removed or longer if necessary.<\/li>\n<\/ul>\n<h3 data-mce-fragment=\"1\"><span data-mce-fragment=\"1\">Composition<\/span><\/h3>\n<p data-mce-fragment=\"1\"><span data-mce-fragment=\"1\">Sodium Chloride 0.9 g. Purified water qsp 100 ml.<\/span><\/p>\n<\/div>\n<\/div>\n<\/div>\n<\/div>\n<\/div>\n<\/div>\n<\/div>\n<\/div>\n<\/div>\n<\/section>","protected":false},"excerpt":{"rendered":"<p>Gifrer S\u00e9rum Physiologique 12 Unidoses pr\u00e9conis\u00e9 pour le lavage des fosses nasales Le s\u00e9rum physiologique Gifrer est pr\u00e9conis\u00e9 pour le lavage des fosses nasales, le lavage oculaire, le rin\u00e7age des petites plaies et br\u00fblures ainsi que le rin\u00e7age en petite chirurgie des nourrissons, enfants et adultes. Son format innovant de 10 ml\u00a0a \u00e9t\u00e9 pens\u00e9 pour [&hellip;]<\/p>\n","protected":false},"featured_media":18431,"template":"","meta":{"om_disable_all_campaigns":false},"product_brand":[],"product_cat":[15],"product_tag":[],"class_list":{"0":"post-18432","1":"product","2":"type-product","3":"status-publish","4":"has-post-thumbnail","6":"product_cat-beaute-sante-complements-alimentaires-soins-et-bien-etre-au-meilleur-prix","8":"first","9":"instock","10":"sale","11":"taxable","12":"shipping-taxable","13":"purchasable","14":"product-type-simple"},"yoast_head":"<!-- This site is optimized with the Yoast SEO plugin v27.3 - https:\/\/yoast.com\/product\/yoast-seo-wordpress\/ -->\n<title>Gifrer S\u00e9rum Physiologique 12 Unidoses 5ml - Maroc Prix<\/title>\n<meta name=\"description\" content=\"Gifrer S\u00e9rum Physiologique 12 Unidoses 5ml\" \/>\n<meta name=\"robots\" content=\"index, follow, max-snippet:-1, max-image-preview:large, max-video-preview:-1\" \/>\n<link rel=\"canonical\" href=\"https:\/\/vitablanca.ma\/en\/product\/gifrer-serum-physiologique-12-unidoses-5ml\/\" \/>\n<meta property=\"og:locale\" content=\"en_US\" \/>\n<meta property=\"og:type\" content=\"article\" \/>\n<meta property=\"og:title\" content=\"Gifrer S\u00e9rum Physiologique 12 Unidoses 5ml - Maroc Prix\" \/>\n<meta property=\"og:description\" content=\"Gifrer S\u00e9rum Physiologique 12 Unidoses 5ml\" \/>\n<meta property=\"og:url\" content=\"https:\/\/vitablanca.ma\/en\/product\/gifrer-serum-physiologique-12-unidoses-5ml\/\" \/>\n<meta property=\"og:site_name\" content=\"Vitablanca.ma &ndash; Sant&eacute;, vitalit&eacute; et bien-&ecirc;tre pour tous les Marocains\" \/>\n<meta property=\"article:publisher\" content=\"https:\/\/www.facebook.com\/profile.php?id=61576678196717\" \/>\n<meta property=\"og:image\" content=\"https:\/\/vitablanca.ma\/wp-content\/uploads\/2025\/06\/Gifrer-Serum-Physiologique-12-Unidoses-10ml-nova-parapharmacie-maroc.jpg\" \/>\n\t<meta property=\"og:image:width\" content=\"1000\" \/>\n\t<meta property=\"og:image:height\" content=\"1000\" \/>\n\t<meta property=\"og:image:type\" content=\"image\/jpeg\" \/>\n<meta name=\"twitter:card\" content=\"summary_large_image\" \/>\n<meta name=\"twitter:label1\" content=\"Est. reading time\" \/>\n\t<meta name=\"twitter:data1\" content=\"2 minutes\" \/>\n<script type=\"application\/ld+json\" class=\"yoast-schema-graph\">{\"@context\":\"https:\\\/\\\/schema.org\",\"@graph\":[{\"@type\":[\"WebPage\",\"ItemPage\"],\"@id\":\"https:\\\/\\\/vitablanca.ma\\\/produit\\\/gifrer-serum-physiologique-12-unidoses-5ml\\\/\",\"url\":\"https:\\\/\\\/vitablanca.ma\\\/produit\\\/gifrer-serum-physiologique-12-unidoses-5ml\\\/\",\"name\":\"Gifrer S\u00e9rum Physiologique 12 Unidoses 5ml - Maroc Prix\",\"isPartOf\":{\"@id\":\"https:\\\/\\\/vitablanca.ma\\\/#website\"},\"primaryImageOfPage\":{\"@id\":\"https:\\\/\\\/vitablanca.ma\\\/produit\\\/gifrer-serum-physiologique-12-unidoses-5ml\\\/#primaryimage\"},\"image\":{\"@id\":\"https:\\\/\\\/vitablanca.ma\\\/produit\\\/gifrer-serum-physiologique-12-unidoses-5ml\\\/#primaryimage\"},\"thumbnailUrl\":\"https:\\\/\\\/vitablanca.ma\\\/wp-content\\\/uploads\\\/2025\\\/06\\\/Gifrer-Serum-Physiologique-12-Unidoses-10ml-nova-parapharmacie-maroc.jpg\",\"datePublished\":\"2025-06-10T17:23:37+00:00\",\"description\":\"Gifrer S\u00e9rum Physiologique 12 Unidoses 5ml\",\"breadcrumb\":{\"@id\":\"https:\\\/\\\/vitablanca.ma\\\/produit\\\/gifrer-serum-physiologique-12-unidoses-5ml\\\/#breadcrumb\"},\"inLanguage\":\"en-US\",\"potentialAction\":[{\"@type\":\"ReadAction\",\"target\":[\"https:\\\/\\\/vitablanca.ma\\\/produit\\\/gifrer-serum-physiologique-12-unidoses-5ml\\\/\"]}]},{\"@type\":\"ImageObject\",\"inLanguage\":\"en-US\",\"@id\":\"https:\\\/\\\/vitablanca.ma\\\/produit\\\/gifrer-serum-physiologique-12-unidoses-5ml\\\/#primaryimage\",\"url\":\"https:\\\/\\\/vitablanca.ma\\\/wp-content\\\/uploads\\\/2025\\\/06\\\/Gifrer-Serum-Physiologique-12-Unidoses-10ml-nova-parapharmacie-maroc.jpg\",\"contentUrl\":\"https:\\\/\\\/vitablanca.ma\\\/wp-content\\\/uploads\\\/2025\\\/06\\\/Gifrer-Serum-Physiologique-12-Unidoses-10ml-nova-parapharmacie-maroc.jpg\",\"width\":1000,\"height\":1000},{\"@type\":\"BreadcrumbList\",\"@id\":\"https:\\\/\\\/vitablanca.ma\\\/produit\\\/gifrer-serum-physiologique-12-unidoses-5ml\\\/#breadcrumb\",\"itemListElement\":[{\"@type\":\"ListItem\",\"position\":1,\"name\":\"Home\",\"item\":\"https:\\\/\\\/vitablanca.ma\\\/\"},{\"@type\":\"ListItem\",\"position\":2,\"name\":\"Tous Les Produits\",\"item\":\"https:\\\/\\\/vitablanca.ma\\\/tous-les-produits\\\/\"},{\"@type\":\"ListItem\",\"position\":3,\"name\":\"Gifrer S\u00e9rum Physiologique 12 Unidoses 5ml\"}]},{\"@type\":\"WebSite\",\"@id\":\"https:\\\/\\\/vitablanca.ma\\\/#website\",\"url\":\"https:\\\/\\\/vitablanca.ma\\\/\",\"name\":\"VitaBlanca.ma | Compl\u00e9ments alimentaires, sant\u00e9 & beaut\u00e9 au Maroc\",\"description\":\"vendre vitamines et compl\u00e9ments premium des USA &amp; Canada, Nouvelle Z\u00e9lande,Maroc (NOW Foods, Solgar, Manuka). Livraison rapide partout au Maroc.\",\"publisher\":{\"@id\":\"https:\\\/\\\/vitablanca.ma\\\/#organization\"},\"alternateName\":\"VitaBlanca.ma\",\"potentialAction\":[{\"@type\":\"SearchAction\",\"target\":{\"@type\":\"EntryPoint\",\"urlTemplate\":\"https:\\\/\\\/vitablanca.ma\\\/?s={search_term_string}\"},\"query-input\":{\"@type\":\"PropertyValueSpecification\",\"valueRequired\":true,\"valueName\":\"search_term_string\"}}],\"inLanguage\":\"en-US\"},{\"@type\":\"Organization\",\"@id\":\"https:\\\/\\\/vitablanca.ma\\\/#organization\",\"name\":\"VitaBlanca\",\"url\":\"https:\\\/\\\/vitablanca.ma\\\/\",\"logo\":{\"@type\":\"ImageObject\",\"inLanguage\":\"en-US\",\"@id\":\"https:\\\/\\\/vitablanca.ma\\\/#\\\/schema\\\/logo\\\/image\\\/\",\"url\":\"https:\\\/\\\/vitablanca.ma\\\/wp-content\\\/uploads\\\/2025\\\/05\\\/cropped-vitablanca.png\",\"contentUrl\":\"https:\\\/\\\/vitablanca.ma\\\/wp-content\\\/uploads\\\/2025\\\/05\\\/cropped-vitablanca.png\",\"width\":360,\"height\":67,\"caption\":\"VitaBlanca\"},\"image\":{\"@id\":\"https:\\\/\\\/vitablanca.ma\\\/#\\\/schema\\\/logo\\\/image\\\/\"},\"sameAs\":[\"https:\\\/\\\/www.facebook.com\\\/profile.php?id=61576678196717\",\"https:\\\/\\\/www.tiktok.com\\\/@vitablanca.ma\",\"https:\\\/\\\/www.instagram.com\\\/vitablanca.ma\\\/\"]}]}<\/script>\n<!-- \/ Yoast SEO plugin. -->","yoast_head_json":{"title":"Gifrer Physiological Serum 12 Single Doses 5ml - Morocco Price","description":"Gifrer Physiological Serum 12 Single Doses 5ml","robots":{"index":"index","follow":"follow","max-snippet":"max-snippet:-1","max-image-preview":"max-image-preview:large","max-video-preview":"max-video-preview:-1"},"canonical":"https:\/\/vitablanca.ma\/en\/product\/gifrer-serum-physiologique-12-unidoses-5ml\/","og_locale":"en_US","og_type":"article","og_title":"Gifrer S\u00e9rum Physiologique 12 Unidoses 5ml - Maroc Prix","og_description":"Gifrer S\u00e9rum Physiologique 12 Unidoses 5ml","og_url":"https:\/\/vitablanca.ma\/en\/product\/gifrer-serum-physiologique-12-unidoses-5ml\/","og_site_name":"Vitablanca.ma &ndash; Sant&eacute;, vitalit&eacute; et bien-&ecirc;tre pour tous les Marocains","article_publisher":"https:\/\/www.facebook.com\/profile.php?id=61576678196717","og_image":[{"width":1000,"height":1000,"url":"https:\/\/vitablanca.ma\/wp-content\/uploads\/2025\/06\/Gifrer-Serum-Physiologique-12-Unidoses-10ml-nova-parapharmacie-maroc.jpg","type":"image\/jpeg"}],"twitter_card":"summary_large_image","twitter_misc":{"Est. reading time":"2 minutes"},"schema":{"@context":"https:\/\/schema.org","@graph":[{"@type":["WebPage","ItemPage"],"@id":"https:\/\/vitablanca.ma\/produit\/gifrer-serum-physiologique-12-unidoses-5ml\/","url":"https:\/\/vitablanca.ma\/produit\/gifrer-serum-physiologique-12-unidoses-5ml\/","name":"Gifrer Physiological Serum 12 Single Doses 5ml - Morocco Price","isPartOf":{"@id":"https:\/\/vitablanca.ma\/#website"},"primaryImageOfPage":{"@id":"https:\/\/vitablanca.ma\/produit\/gifrer-serum-physiologique-12-unidoses-5ml\/#primaryimage"},"image":{"@id":"https:\/\/vitablanca.ma\/produit\/gifrer-serum-physiologique-12-unidoses-5ml\/#primaryimage"},"thumbnailUrl":"https:\/\/vitablanca.ma\/wp-content\/uploads\/2025\/06\/Gifrer-Serum-Physiologique-12-Unidoses-10ml-nova-parapharmacie-maroc.jpg","datePublished":"2025-06-10T17:23:37+00:00","description":"Gifrer Physiological Serum 12 Single Doses 5ml","breadcrumb":{"@id":"https:\/\/vitablanca.ma\/produit\/gifrer-serum-physiologique-12-unidoses-5ml\/#breadcrumb"},"inLanguage":"en-US","potentialAction":[{"@type":"ReadAction","target":["https:\/\/vitablanca.ma\/produit\/gifrer-serum-physiologique-12-unidoses-5ml\/"]}]},{"@type":"ImageObject","inLanguage":"en-US","@id":"https:\/\/vitablanca.ma\/produit\/gifrer-serum-physiologique-12-unidoses-5ml\/#primaryimage","url":"https:\/\/vitablanca.ma\/wp-content\/uploads\/2025\/06\/Gifrer-Serum-Physiologique-12-Unidoses-10ml-nova-parapharmacie-maroc.jpg","contentUrl":"https:\/\/vitablanca.ma\/wp-content\/uploads\/2025\/06\/Gifrer-Serum-Physiologique-12-Unidoses-10ml-nova-parapharmacie-maroc.jpg","width":1000,"height":1000},{"@type":"BreadcrumbList","@id":"https:\/\/vitablanca.ma\/produit\/gifrer-serum-physiologique-12-unidoses-5ml\/#breadcrumb","itemListElement":[{"@type":"ListItem","position":1,"name":"Home","item":"https:\/\/vitablanca.ma\/"},{"@type":"ListItem","position":2,"name":"Tous Les Produits","item":"https:\/\/vitablanca.ma\/tous-les-produits\/"},{"@type":"ListItem","position":3,"name":"Gifrer S\u00e9rum Physiologique 12 Unidoses 5ml"}]},{"@type":"WebSite","@id":"https:\/\/vitablanca.ma\/#website","url":"https:\/\/vitablanca.ma\/","name":"VitaBlanca.ma | Food supplements, health &amp; beauty in Morocco","description":"sell premium vitamins and supplements from USA &amp; Canada, New Zealand, Morocco (NOW Foods, Solgar, Manuka). Fast delivery anywhere in Morocco.","publisher":{"@id":"https:\/\/vitablanca.ma\/#organization"},"alternateName":"VitaBlanca.ma","potentialAction":[{"@type":"SearchAction","target":{"@type":"EntryPoint","urlTemplate":"https:\/\/vitablanca.ma\/?s={search_term_string}"},"query-input":{"@type":"PropertyValueSpecification","valueRequired":true,"valueName":"search_term_string"}}],"inLanguage":"en-US"},{"@type":"Organization","@id":"https:\/\/vitablanca.ma\/#organization","name":"VitaBlanca","url":"https:\/\/vitablanca.ma\/","logo":{"@type":"ImageObject","inLanguage":"en-US","@id":"https:\/\/vitablanca.ma\/#\/schema\/logo\/image\/","url":"https:\/\/vitablanca.ma\/wp-content\/uploads\/2025\/05\/cropped-vitablanca.png","contentUrl":"https:\/\/vitablanca.ma\/wp-content\/uploads\/2025\/05\/cropped-vitablanca.png","width":360,"height":67,"caption":"VitaBlanca"},"image":{"@id":"https:\/\/vitablanca.ma\/#\/schema\/logo\/image\/"},"sameAs":["https:\/\/www.facebook.com\/profile.php?id=61576678196717","https:\/\/www.tiktok.com\/@vitablanca.ma","https:\/\/www.instagram.com\/vitablanca.ma\/"]}]}},"jetpack_sharing_enabled":true,"_links":{"self":[{"href":"https:\/\/vitablanca.ma\/en\/wp-json\/wp\/v2\/product\/18432","targetHints":{"allow":["GET"]}}],"collection":[{"href":"https:\/\/vitablanca.ma\/en\/wp-json\/wp\/v2\/product"}],"about":[{"href":"https:\/\/vitablanca.ma\/en\/wp-json\/wp\/v2\/types\/product"}],"wp:featuredmedia":[{"embeddable":true,"href":"https:\/\/vitablanca.ma\/en\/wp-json\/wp\/v2\/media\/18431"}],"wp:attachment":[{"href":"https:\/\/vitablanca.ma\/en\/wp-json\/wp\/v2\/media?parent=18432"}],"wp:term":[{"taxonomy":"product_brand","embeddable":true,"href":"https:\/\/vitablanca.ma\/en\/wp-json\/wp\/v2\/product_brand?post=18432"},{"taxonomy":"product_cat","embeddable":true,"href":"https:\/\/vitablanca.ma\/en\/wp-json\/wp\/v2\/product_cat?post=18432"},{"taxonomy":"product_tag","embeddable":true,"href":"https:\/\/vitablanca.ma\/en\/wp-json\/wp\/v2\/product_tag?post=18432"}],"curies":[{"name":"wp","href":"https:\/\/api.w.org\/{rel}","templated":true}]}}