{"id":18426,"date":"2025-06-10T17:23:28","date_gmt":"2025-06-10T17:23:28","guid":{"rendered":"https:\/\/vitablanca.ma\/product\/gifrer-serum-physiologique-40-unidoses-5ml\/"},"modified":"2025-06-10T17:23:28","modified_gmt":"2025-06-10T17:23:28","slug":"gifrer-serum-physiologique-40-unidoses-5ml","status":"publish","type":"product","link":"https:\/\/vitablanca.ma\/en\/product\/gifrer-serum-physiologique-40-unidoses-5ml\/","title":{"rendered":"Gifrer Physiological Serum 40 Single Doses 5ml"},"content":{"rendered":"<h2>Gifrer S\u00e9rum Physiologique 40 Unidoses\u00a0<span data-mce-fragment=\"1\">facilite le nettoyage du nez des tout-petits souvent obstru\u00e9 par du mucus.<\/span><br \/>\n<\/h2>\n<p>Physiologica est un s\u00e9rum physiologique pour\u00a0le nez, il est pr\u00e9conis\u00e9 pour le lavage des fosses nasales\u00a0quotidien des b\u00e9b\u00e9s, enfants et adultes.<\/p>\n<p>Physiologica\u00ae s\u00e9rum physiologique facilite le nettoyage du nez des tout-petits souvent obstru\u00e9 par du mucus. Il favorise l\u2019\u00e9limination des s\u00e9cr\u00e9tions excessives. Gr\u00e2ce \u00e0 son action humidi\ufb01ante, il soulage rapidement la s\u00e9cheresse nasale chez l\u2019adulte.<\/p>\n<p>Unidoses st\u00e9riles de 5 ml sans agent conservateur.<\/p>\n<p>Existe en format de 20 unidoses de 5ml, 30 unidoses de 5ml, 40 unidoses de 5ml et 60 unidoses de 5ml.<\/p>\n<p>Le produit S\u00e9rum physiologique lavage nasal\u00a0est un dispositif m\u00e9dical. Ce dispositif m\u00e9dical est un produit de sant\u00e9 r\u00e9glement\u00e9 qui porte, au titre de cette r\u00e9glementation, le marquage CE. Lire attentivement les instructions figurant sur l\u2019\u00e9tui.<\/p>\n<h3 data-mce-fragment=\"1\"><span data-mce-fragment=\"1\">Directions for Use<br data-mce-fragment=\"1\"><\/span><\/h3>\n<p><span>S\u00e9rum physiologique \u00e0 utiliser en lavage dans chaque narine 1 \u00e0 6 fois par jour, en fonction des besoins pour l\u2019hygi\u00e8ne nasale.<\/span><\/p>\n<h3><span data-mce-fragment=\"1\">Composition<\/span><\/h3>\n<section id=\"ficheproduit\">\n<div class=\"middle\">\n<div id=\"content\">\n<div class=\"wpb_text_column wpb_content_element\">\n<div class=\"wpb_wrapper\">\n<p>Chlorure de Sodium \u00e0 0,9 g. Eau purif\u00e9e q.s.p. 100 ml.<\/p>\n<p>\u00a0<\/p>\n<\/div>\n<\/div>\n<\/div>\n<\/div>\n<\/section>","protected":false},"excerpt":{"rendered":"<p>Gifrer S\u00e9rum Physiologique 40 Unidoses\u00a0facilite le nettoyage du nez des tout-petits souvent obstru\u00e9 par du mucus. Physiologica est un s\u00e9rum physiologique pour\u00a0le nez, il est pr\u00e9conis\u00e9 pour le lavage des fosses nasales\u00a0quotidien des b\u00e9b\u00e9s, enfants et adultes. Physiologica\u00ae s\u00e9rum physiologique facilite le nettoyage du nez des tout-petits souvent obstru\u00e9 par du mucus. Il favorise l\u2019\u00e9limination [&hellip;]<\/p>\n","protected":false},"featured_media":18425,"template":"","meta":{"om_disable_all_campaigns":false},"product_brand":[],"product_cat":[15],"product_tag":[],"class_list":{"0":"post-18426","1":"product","2":"type-product","3":"status-publish","4":"has-post-thumbnail","6":"product_cat-beaute-sante-complements-alimentaires-soins-et-bien-etre-au-meilleur-prix","8":"first","9":"instock","10":"sale","11":"taxable","12":"shipping-taxable","13":"purchasable","14":"product-type-variable"},"yoast_head":"<!-- This site is optimized with the Yoast SEO plugin v27.3 - https:\/\/yoast.com\/product\/yoast-seo-wordpress\/ -->\n<title>Gifrer S\u00e9rum Physiologique 40 Unidoses 5ml - Maroc Prix<\/title>\n<meta name=\"description\" content=\"Gifrer S\u00e9rum Physiologique 40 Unidoses 5ml\" \/>\n<meta name=\"robots\" content=\"index, follow, max-snippet:-1, max-image-preview:large, max-video-preview:-1\" \/>\n<link rel=\"canonical\" href=\"https:\/\/vitablanca.ma\/en\/product\/gifrer-serum-physiologique-40-unidoses-5ml\/\" \/>\n<meta property=\"og:locale\" content=\"en_US\" \/>\n<meta property=\"og:type\" content=\"article\" \/>\n<meta property=\"og:title\" content=\"Gifrer S\u00e9rum Physiologique 40 Unidoses 5ml - Maroc Prix\" \/>\n<meta property=\"og:description\" content=\"Gifrer S\u00e9rum Physiologique 40 Unidoses 5ml\" \/>\n<meta property=\"og:url\" content=\"https:\/\/vitablanca.ma\/en\/product\/gifrer-serum-physiologique-40-unidoses-5ml\/\" \/>\n<meta property=\"og:site_name\" content=\"Vitablanca.ma &ndash; Sant&eacute;, vitalit&eacute; et bien-&ecirc;tre pour tous les Marocains\" \/>\n<meta property=\"article:publisher\" content=\"https:\/\/www.facebook.com\/profile.php?id=61576678196717\" \/>\n<meta property=\"og:image\" content=\"https:\/\/vitablanca.ma\/wp-content\/uploads\/2025\/06\/Gifrer-Serum-Physiologique-40-Unidoses-5ml-nova-parapharmacie-maroc.jpg\" \/>\n\t<meta property=\"og:image:width\" content=\"1000\" \/>\n\t<meta property=\"og:image:height\" content=\"1000\" \/>\n\t<meta property=\"og:image:type\" content=\"image\/jpeg\" \/>\n<meta name=\"twitter:card\" content=\"summary_large_image\" \/>\n<meta name=\"twitter:label1\" content=\"Est. reading time\" \/>\n\t<meta name=\"twitter:data1\" content=\"1 minute\" \/>\n<script type=\"application\/ld+json\" class=\"yoast-schema-graph\">{\"@context\":\"https:\\\/\\\/schema.org\",\"@graph\":[{\"@type\":[\"WebPage\",\"ItemPage\"],\"@id\":\"https:\\\/\\\/vitablanca.ma\\\/produit\\\/gifrer-serum-physiologique-40-unidoses-5ml\\\/\",\"url\":\"https:\\\/\\\/vitablanca.ma\\\/produit\\\/gifrer-serum-physiologique-40-unidoses-5ml\\\/\",\"name\":\"Gifrer S\u00e9rum Physiologique 40 Unidoses 5ml - Maroc Prix\",\"isPartOf\":{\"@id\":\"https:\\\/\\\/vitablanca.ma\\\/#website\"},\"primaryImageOfPage\":{\"@id\":\"https:\\\/\\\/vitablanca.ma\\\/produit\\\/gifrer-serum-physiologique-40-unidoses-5ml\\\/#primaryimage\"},\"image\":{\"@id\":\"https:\\\/\\\/vitablanca.ma\\\/produit\\\/gifrer-serum-physiologique-40-unidoses-5ml\\\/#primaryimage\"},\"thumbnailUrl\":\"https:\\\/\\\/vitablanca.ma\\\/wp-content\\\/uploads\\\/2025\\\/06\\\/Gifrer-Serum-Physiologique-40-Unidoses-5ml-nova-parapharmacie-maroc.jpg\",\"datePublished\":\"2025-06-10T17:23:28+00:00\",\"description\":\"Gifrer S\u00e9rum Physiologique 40 Unidoses 5ml\",\"breadcrumb\":{\"@id\":\"https:\\\/\\\/vitablanca.ma\\\/produit\\\/gifrer-serum-physiologique-40-unidoses-5ml\\\/#breadcrumb\"},\"inLanguage\":\"en-US\",\"potentialAction\":[{\"@type\":\"ReadAction\",\"target\":[\"https:\\\/\\\/vitablanca.ma\\\/produit\\\/gifrer-serum-physiologique-40-unidoses-5ml\\\/\"]}]},{\"@type\":\"ImageObject\",\"inLanguage\":\"en-US\",\"@id\":\"https:\\\/\\\/vitablanca.ma\\\/produit\\\/gifrer-serum-physiologique-40-unidoses-5ml\\\/#primaryimage\",\"url\":\"https:\\\/\\\/vitablanca.ma\\\/wp-content\\\/uploads\\\/2025\\\/06\\\/Gifrer-Serum-Physiologique-40-Unidoses-5ml-nova-parapharmacie-maroc.jpg\",\"contentUrl\":\"https:\\\/\\\/vitablanca.ma\\\/wp-content\\\/uploads\\\/2025\\\/06\\\/Gifrer-Serum-Physiologique-40-Unidoses-5ml-nova-parapharmacie-maroc.jpg\",\"width\":1000,\"height\":1000},{\"@type\":\"BreadcrumbList\",\"@id\":\"https:\\\/\\\/vitablanca.ma\\\/produit\\\/gifrer-serum-physiologique-40-unidoses-5ml\\\/#breadcrumb\",\"itemListElement\":[{\"@type\":\"ListItem\",\"position\":1,\"name\":\"Home\",\"item\":\"https:\\\/\\\/vitablanca.ma\\\/\"},{\"@type\":\"ListItem\",\"position\":2,\"name\":\"Tous Les Produits\",\"item\":\"https:\\\/\\\/vitablanca.ma\\\/tous-les-produits\\\/\"},{\"@type\":\"ListItem\",\"position\":3,\"name\":\"Gifrer S\u00e9rum Physiologique 40 Unidoses 5ml\"}]},{\"@type\":\"WebSite\",\"@id\":\"https:\\\/\\\/vitablanca.ma\\\/#website\",\"url\":\"https:\\\/\\\/vitablanca.ma\\\/\",\"name\":\"VitaBlanca.ma | Compl\u00e9ments alimentaires, sant\u00e9 & beaut\u00e9 au Maroc\",\"description\":\"vendre vitamines et compl\u00e9ments premium des USA &amp; Canada, Nouvelle Z\u00e9lande,Maroc (NOW Foods, Solgar, Manuka). Livraison rapide partout au Maroc.\",\"publisher\":{\"@id\":\"https:\\\/\\\/vitablanca.ma\\\/#organization\"},\"alternateName\":\"VitaBlanca.ma\",\"potentialAction\":[{\"@type\":\"SearchAction\",\"target\":{\"@type\":\"EntryPoint\",\"urlTemplate\":\"https:\\\/\\\/vitablanca.ma\\\/?s={search_term_string}\"},\"query-input\":{\"@type\":\"PropertyValueSpecification\",\"valueRequired\":true,\"valueName\":\"search_term_string\"}}],\"inLanguage\":\"en-US\"},{\"@type\":\"Organization\",\"@id\":\"https:\\\/\\\/vitablanca.ma\\\/#organization\",\"name\":\"VitaBlanca\",\"url\":\"https:\\\/\\\/vitablanca.ma\\\/\",\"logo\":{\"@type\":\"ImageObject\",\"inLanguage\":\"en-US\",\"@id\":\"https:\\\/\\\/vitablanca.ma\\\/#\\\/schema\\\/logo\\\/image\\\/\",\"url\":\"https:\\\/\\\/vitablanca.ma\\\/wp-content\\\/uploads\\\/2025\\\/05\\\/cropped-vitablanca.png\",\"contentUrl\":\"https:\\\/\\\/vitablanca.ma\\\/wp-content\\\/uploads\\\/2025\\\/05\\\/cropped-vitablanca.png\",\"width\":360,\"height\":67,\"caption\":\"VitaBlanca\"},\"image\":{\"@id\":\"https:\\\/\\\/vitablanca.ma\\\/#\\\/schema\\\/logo\\\/image\\\/\"},\"sameAs\":[\"https:\\\/\\\/www.facebook.com\\\/profile.php?id=61576678196717\",\"https:\\\/\\\/www.tiktok.com\\\/@vitablanca.ma\",\"https:\\\/\\\/www.instagram.com\\\/vitablanca.ma\\\/\"]}]}<\/script>\n<!-- \/ Yoast SEO plugin. -->","yoast_head_json":{"title":"Gifrer S\u00e9rum Physiologique 40 Unidoses 5ml - Maroc Prix","description":"Gifrer Physiological Serum 40 Single Doses 5ml","robots":{"index":"index","follow":"follow","max-snippet":"max-snippet:-1","max-image-preview":"max-image-preview:large","max-video-preview":"max-video-preview:-1"},"canonical":"https:\/\/vitablanca.ma\/en\/product\/gifrer-serum-physiologique-40-unidoses-5ml\/","og_locale":"en_US","og_type":"article","og_title":"Gifrer S\u00e9rum Physiologique 40 Unidoses 5ml - Maroc Prix","og_description":"Gifrer S\u00e9rum Physiologique 40 Unidoses 5ml","og_url":"https:\/\/vitablanca.ma\/en\/product\/gifrer-serum-physiologique-40-unidoses-5ml\/","og_site_name":"Vitablanca.ma &ndash; Sant&eacute;, vitalit&eacute; et bien-&ecirc;tre pour tous les Marocains","article_publisher":"https:\/\/www.facebook.com\/profile.php?id=61576678196717","og_image":[{"width":1000,"height":1000,"url":"https:\/\/vitablanca.ma\/wp-content\/uploads\/2025\/06\/Gifrer-Serum-Physiologique-40-Unidoses-5ml-nova-parapharmacie-maroc.jpg","type":"image\/jpeg"}],"twitter_card":"summary_large_image","twitter_misc":{"Est. reading time":"1 minute"},"schema":{"@context":"https:\/\/schema.org","@graph":[{"@type":["WebPage","ItemPage"],"@id":"https:\/\/vitablanca.ma\/produit\/gifrer-serum-physiologique-40-unidoses-5ml\/","url":"https:\/\/vitablanca.ma\/produit\/gifrer-serum-physiologique-40-unidoses-5ml\/","name":"Gifrer S\u00e9rum Physiologique 40 Unidoses 5ml - Maroc Prix","isPartOf":{"@id":"https:\/\/vitablanca.ma\/#website"},"primaryImageOfPage":{"@id":"https:\/\/vitablanca.ma\/produit\/gifrer-serum-physiologique-40-unidoses-5ml\/#primaryimage"},"image":{"@id":"https:\/\/vitablanca.ma\/produit\/gifrer-serum-physiologique-40-unidoses-5ml\/#primaryimage"},"thumbnailUrl":"https:\/\/vitablanca.ma\/wp-content\/uploads\/2025\/06\/Gifrer-Serum-Physiologique-40-Unidoses-5ml-nova-parapharmacie-maroc.jpg","datePublished":"2025-06-10T17:23:28+00:00","description":"Gifrer Physiological Serum 40 Single Doses 5ml","breadcrumb":{"@id":"https:\/\/vitablanca.ma\/produit\/gifrer-serum-physiologique-40-unidoses-5ml\/#breadcrumb"},"inLanguage":"en-US","potentialAction":[{"@type":"ReadAction","target":["https:\/\/vitablanca.ma\/produit\/gifrer-serum-physiologique-40-unidoses-5ml\/"]}]},{"@type":"ImageObject","inLanguage":"en-US","@id":"https:\/\/vitablanca.ma\/produit\/gifrer-serum-physiologique-40-unidoses-5ml\/#primaryimage","url":"https:\/\/vitablanca.ma\/wp-content\/uploads\/2025\/06\/Gifrer-Serum-Physiologique-40-Unidoses-5ml-nova-parapharmacie-maroc.jpg","contentUrl":"https:\/\/vitablanca.ma\/wp-content\/uploads\/2025\/06\/Gifrer-Serum-Physiologique-40-Unidoses-5ml-nova-parapharmacie-maroc.jpg","width":1000,"height":1000},{"@type":"BreadcrumbList","@id":"https:\/\/vitablanca.ma\/produit\/gifrer-serum-physiologique-40-unidoses-5ml\/#breadcrumb","itemListElement":[{"@type":"ListItem","position":1,"name":"Home","item":"https:\/\/vitablanca.ma\/"},{"@type":"ListItem","position":2,"name":"Tous Les Produits","item":"https:\/\/vitablanca.ma\/tous-les-produits\/"},{"@type":"ListItem","position":3,"name":"Gifrer S\u00e9rum Physiologique 40 Unidoses 5ml"}]},{"@type":"WebSite","@id":"https:\/\/vitablanca.ma\/#website","url":"https:\/\/vitablanca.ma\/","name":"VitaBlanca.ma | Food supplements, health &amp; beauty in Morocco","description":"sell premium vitamins and supplements from USA &amp; Canada, New Zealand, Morocco (NOW Foods, Solgar, Manuka). Fast delivery anywhere in Morocco.","publisher":{"@id":"https:\/\/vitablanca.ma\/#organization"},"alternateName":"VitaBlanca.ma","potentialAction":[{"@type":"SearchAction","target":{"@type":"EntryPoint","urlTemplate":"https:\/\/vitablanca.ma\/?s={search_term_string}"},"query-input":{"@type":"PropertyValueSpecification","valueRequired":true,"valueName":"search_term_string"}}],"inLanguage":"en-US"},{"@type":"Organization","@id":"https:\/\/vitablanca.ma\/#organization","name":"VitaBlanca","url":"https:\/\/vitablanca.ma\/","logo":{"@type":"ImageObject","inLanguage":"en-US","@id":"https:\/\/vitablanca.ma\/#\/schema\/logo\/image\/","url":"https:\/\/vitablanca.ma\/wp-content\/uploads\/2025\/05\/cropped-vitablanca.png","contentUrl":"https:\/\/vitablanca.ma\/wp-content\/uploads\/2025\/05\/cropped-vitablanca.png","width":360,"height":67,"caption":"VitaBlanca"},"image":{"@id":"https:\/\/vitablanca.ma\/#\/schema\/logo\/image\/"},"sameAs":["https:\/\/www.facebook.com\/profile.php?id=61576678196717","https:\/\/www.tiktok.com\/@vitablanca.ma","https:\/\/www.instagram.com\/vitablanca.ma\/"]}]}},"jetpack_sharing_enabled":true,"_links":{"self":[{"href":"https:\/\/vitablanca.ma\/en\/wp-json\/wp\/v2\/product\/18426","targetHints":{"allow":["GET"]}}],"collection":[{"href":"https:\/\/vitablanca.ma\/en\/wp-json\/wp\/v2\/product"}],"about":[{"href":"https:\/\/vitablanca.ma\/en\/wp-json\/wp\/v2\/types\/product"}],"wp:featuredmedia":[{"embeddable":true,"href":"https:\/\/vitablanca.ma\/en\/wp-json\/wp\/v2\/media\/18425"}],"wp:attachment":[{"href":"https:\/\/vitablanca.ma\/en\/wp-json\/wp\/v2\/media?parent=18426"}],"wp:term":[{"taxonomy":"product_brand","embeddable":true,"href":"https:\/\/vitablanca.ma\/en\/wp-json\/wp\/v2\/product_brand?post=18426"},{"taxonomy":"product_cat","embeddable":true,"href":"https:\/\/vitablanca.ma\/en\/wp-json\/wp\/v2\/product_cat?post=18426"},{"taxonomy":"product_tag","embeddable":true,"href":"https:\/\/vitablanca.ma\/en\/wp-json\/wp\/v2\/product_tag?post=18426"}],"curies":[{"name":"wp","href":"https:\/\/api.w.org\/{rel}","templated":true}]}}