{"id":18410,"date":"2025-06-10T17:22:24","date_gmt":"2025-06-10T17:22:24","guid":{"rendered":"https:\/\/vitablanca.ma\/product\/filorga-ncef-night-mask-50ml\/"},"modified":"2025-06-10T17:22:24","modified_gmt":"2025-06-10T17:22:24","slug":"filorga-ncef-night-mask-50ml","status":"publish","type":"product","link":"https:\/\/vitablanca.ma\/en\/product\/filorga-ncef-night-mask-50ml\/","title":{"rendered":"Filorga NCEF-NIGHT MASK 50ml"},"content":{"rendered":"<h2 data-mce-fragment=\"1\" class=\"Polaris-Header-Title_2qj8j\">Filorga NCEF-NIGHT MASK Masque Nuit Multi-correcteur Supr\u00eame<\/h2>\n<p><strong>NCEF-NIGHT MASK, un masque de nuit multi-correcteur concentr\u00e9 en NCEF pour une peau d\u2019apparence plus jeune,<span>\u00a0<\/span><\/strong>doublement prim\u00e9 aux Social Beauty Awards 2020 organis\u00e9s\u00a0<\/p>\n<div class=\"more\">\n<div class=\"\">\n<p>Ce masque visage de nuit concentr\u00e9 en NCEF est sp\u00e9cialement con\u00e7u pour les nuits courtes et peaux fatigu\u00e9es, stress\u00e9es.\u00a0<\/p>\n<p><strong>R\u00e9novation intensive de la qualit\u00e9 de peau<span>\u00a0<\/span><\/strong><strong>[r\u00e9g\u00e9n\u00e9ration activ<\/strong><strong>\u00e9<\/strong><strong>e]<br \/><\/strong>Une formule au NCEF, complexe polyrevitalisant unique mis au point par les Laboratoires FILORGA dans lequel 50 ingr\u00e9dients sont int\u00e9gr\u00e9s pour la premi\u00e8re fois dans des concentrations comparables \u00e0 celles utilis\u00e9es en m\u00e9so-injection*.<\/p>\n<p><strong>R<\/strong><strong>\u00e9<\/strong><strong>cup<\/strong><strong>\u00e9<\/strong><strong>ration cutan<\/strong><strong>\u00e9<\/strong><strong>e nocturne [rides + fermet<\/strong><strong>\u00e9<\/strong><strong><span>\u00a0<\/span>+\u00a0<\/strong><strong>\u00e9clat]<br \/><\/strong>Le Melatonin\u2019CX\u00ae, puissant d\u00e9fatiguant cutan\u00e9, agit pendant la nuit pour des traits repos\u00e9s tandis que des peptides repulpent la peau.<br \/>En parall\u00e8le, un d\u00e9toxifiant naturel pour r\u00e9v\u00e9ler un teint rayonnant au r\u00e9veil.<\/p>\n<\/div>\n<\/div>\n","protected":false},"excerpt":{"rendered":"<p>Filorga NCEF-NIGHT MASK Masque Nuit Multi-correcteur Supr\u00eame NCEF-NIGHT MASK, un masque de nuit multi-correcteur concentr\u00e9 en NCEF pour une peau d\u2019apparence plus jeune,\u00a0doublement prim\u00e9 aux Social Beauty Awards 2020 organis\u00e9s\u00a0 Ce masque visage de nuit concentr\u00e9 en NCEF est sp\u00e9cialement con\u00e7u pour les nuits courtes et peaux fatigu\u00e9es, stress\u00e9es.\u00a0 R\u00e9novation intensive de la qualit\u00e9 de [&hellip;]<\/p>\n","protected":false},"featured_media":18409,"template":"","meta":{"om_disable_all_campaigns":false},"product_brand":[],"product_cat":[15],"product_tag":[],"class_list":{"0":"post-18410","1":"product","2":"type-product","3":"status-publish","4":"has-post-thumbnail","6":"product_cat-beaute-sante-complements-alimentaires-soins-et-bien-etre-au-meilleur-prix","8":"first","9":"instock","10":"sale","11":"taxable","12":"shipping-taxable","13":"purchasable","14":"product-type-simple"},"yoast_head":"<!-- This site is optimized with the Yoast SEO plugin v27.4 - https:\/\/yoast.com\/product\/yoast-seo-wordpress\/ -->\n<title>Filorga NCEF-NIGHT MASK 50ml - Maroc Prix<\/title>\n<meta name=\"description\" content=\"Filorga NCEF-NIGHT MASK 50ml\" \/>\n<meta name=\"robots\" content=\"index, follow, max-snippet:-1, max-image-preview:large, max-video-preview:-1\" \/>\n<link rel=\"canonical\" href=\"https:\/\/vitablanca.ma\/en\/product\/filorga-ncef-night-mask-50ml\/\" \/>\n<meta property=\"og:locale\" content=\"en_US\" \/>\n<meta property=\"og:type\" content=\"article\" \/>\n<meta property=\"og:title\" content=\"Filorga NCEF-NIGHT MASK 50ml - Maroc Prix\" \/>\n<meta property=\"og:description\" content=\"Filorga NCEF-NIGHT MASK 50ml\" \/>\n<meta property=\"og:url\" content=\"https:\/\/vitablanca.ma\/en\/product\/filorga-ncef-night-mask-50ml\/\" \/>\n<meta property=\"og:site_name\" content=\"Vitablanca.ma &ndash; Sant&eacute;, vitalit&eacute; et bien-&ecirc;tre pour tous les Marocains\" \/>\n<meta property=\"article:publisher\" content=\"https:\/\/www.facebook.com\/profile.php?id=61576678196717\" \/>\n<meta property=\"og:image\" content=\"https:\/\/vitablanca.ma\/wp-content\/uploads\/2025\/06\/Filorga-NCEF-NIGHT-MASK-50ml-nova-parapharmacie-casablanca.jpg\" \/>\n\t<meta property=\"og:image:width\" content=\"1000\" \/>\n\t<meta property=\"og:image:height\" content=\"1000\" \/>\n\t<meta property=\"og:image:type\" content=\"image\/jpeg\" \/>\n<meta name=\"twitter:card\" content=\"summary_large_image\" \/>\n<meta name=\"twitter:label1\" content=\"Est. reading time\" \/>\n\t<meta name=\"twitter:data1\" content=\"1 minute\" \/>\n<script type=\"application\/ld+json\" class=\"yoast-schema-graph\">{\"@context\":\"https:\\\/\\\/schema.org\",\"@graph\":[{\"@type\":[\"WebPage\",\"ItemPage\"],\"@id\":\"https:\\\/\\\/vitablanca.ma\\\/produit\\\/filorga-ncef-night-mask-50ml\\\/\",\"url\":\"https:\\\/\\\/vitablanca.ma\\\/produit\\\/filorga-ncef-night-mask-50ml\\\/\",\"name\":\"Filorga NCEF-NIGHT MASK 50ml - Maroc Prix\",\"isPartOf\":{\"@id\":\"https:\\\/\\\/vitablanca.ma\\\/#website\"},\"primaryImageOfPage\":{\"@id\":\"https:\\\/\\\/vitablanca.ma\\\/produit\\\/filorga-ncef-night-mask-50ml\\\/#primaryimage\"},\"image\":{\"@id\":\"https:\\\/\\\/vitablanca.ma\\\/produit\\\/filorga-ncef-night-mask-50ml\\\/#primaryimage\"},\"thumbnailUrl\":\"https:\\\/\\\/vitablanca.ma\\\/wp-content\\\/uploads\\\/2025\\\/06\\\/Filorga-NCEF-NIGHT-MASK-50ml-nova-parapharmacie-casablanca.jpg\",\"datePublished\":\"2025-06-10T17:22:24+00:00\",\"description\":\"Filorga NCEF-NIGHT MASK 50ml\",\"breadcrumb\":{\"@id\":\"https:\\\/\\\/vitablanca.ma\\\/produit\\\/filorga-ncef-night-mask-50ml\\\/#breadcrumb\"},\"inLanguage\":\"en-US\",\"potentialAction\":[{\"@type\":\"ReadAction\",\"target\":[\"https:\\\/\\\/vitablanca.ma\\\/produit\\\/filorga-ncef-night-mask-50ml\\\/\"]}]},{\"@type\":\"ImageObject\",\"inLanguage\":\"en-US\",\"@id\":\"https:\\\/\\\/vitablanca.ma\\\/produit\\\/filorga-ncef-night-mask-50ml\\\/#primaryimage\",\"url\":\"https:\\\/\\\/vitablanca.ma\\\/wp-content\\\/uploads\\\/2025\\\/06\\\/Filorga-NCEF-NIGHT-MASK-50ml-nova-parapharmacie-casablanca.jpg\",\"contentUrl\":\"https:\\\/\\\/vitablanca.ma\\\/wp-content\\\/uploads\\\/2025\\\/06\\\/Filorga-NCEF-NIGHT-MASK-50ml-nova-parapharmacie-casablanca.jpg\",\"width\":1000,\"height\":1000},{\"@type\":\"BreadcrumbList\",\"@id\":\"https:\\\/\\\/vitablanca.ma\\\/produit\\\/filorga-ncef-night-mask-50ml\\\/#breadcrumb\",\"itemListElement\":[{\"@type\":\"ListItem\",\"position\":1,\"name\":\"Home\",\"item\":\"https:\\\/\\\/vitablanca.ma\\\/\"},{\"@type\":\"ListItem\",\"position\":2,\"name\":\"Tous Les Produits\",\"item\":\"https:\\\/\\\/vitablanca.ma\\\/tous-les-produits\\\/\"},{\"@type\":\"ListItem\",\"position\":3,\"name\":\"Filorga NCEF-NIGHT MASK 50ml\"}]},{\"@type\":\"WebSite\",\"@id\":\"https:\\\/\\\/vitablanca.ma\\\/#website\",\"url\":\"https:\\\/\\\/vitablanca.ma\\\/\",\"name\":\"VitaBlanca.ma | Compl\u00e9ments alimentaires, sant\u00e9 & beaut\u00e9 au Maroc\",\"description\":\"vendre vitamines et compl\u00e9ments premium des USA &amp; Canada, Nouvelle Z\u00e9lande,Maroc (NOW Foods, Solgar, Manuka). Livraison rapide partout au Maroc.\",\"publisher\":{\"@id\":\"https:\\\/\\\/vitablanca.ma\\\/#organization\"},\"alternateName\":\"VitaBlanca.ma\",\"potentialAction\":[{\"@type\":\"SearchAction\",\"target\":{\"@type\":\"EntryPoint\",\"urlTemplate\":\"https:\\\/\\\/vitablanca.ma\\\/?s={search_term_string}\"},\"query-input\":{\"@type\":\"PropertyValueSpecification\",\"valueRequired\":true,\"valueName\":\"search_term_string\"}}],\"inLanguage\":\"en-US\"},{\"@type\":\"Organization\",\"@id\":\"https:\\\/\\\/vitablanca.ma\\\/#organization\",\"name\":\"VitaBlanca\",\"url\":\"https:\\\/\\\/vitablanca.ma\\\/\",\"logo\":{\"@type\":\"ImageObject\",\"inLanguage\":\"en-US\",\"@id\":\"https:\\\/\\\/vitablanca.ma\\\/#\\\/schema\\\/logo\\\/image\\\/\",\"url\":\"https:\\\/\\\/vitablanca.ma\\\/wp-content\\\/uploads\\\/2025\\\/05\\\/cropped-vitablanca.png\",\"contentUrl\":\"https:\\\/\\\/vitablanca.ma\\\/wp-content\\\/uploads\\\/2025\\\/05\\\/cropped-vitablanca.png\",\"width\":360,\"height\":67,\"caption\":\"VitaBlanca\"},\"image\":{\"@id\":\"https:\\\/\\\/vitablanca.ma\\\/#\\\/schema\\\/logo\\\/image\\\/\"},\"sameAs\":[\"https:\\\/\\\/www.facebook.com\\\/profile.php?id=61576678196717\",\"https:\\\/\\\/www.tiktok.com\\\/@vitablanca.ma\",\"https:\\\/\\\/www.instagram.com\\\/vitablanca.ma\\\/\"]}]}<\/script>\n<!-- \/ Yoast SEO plugin. -->","yoast_head_json":{"title":"Filorga NCEF-NIGHT MASK 50ml - Morocco Price","description":"Filorga NCEF-NIGHT MASK 50ml","robots":{"index":"index","follow":"follow","max-snippet":"max-snippet:-1","max-image-preview":"max-image-preview:large","max-video-preview":"max-video-preview:-1"},"canonical":"https:\/\/vitablanca.ma\/en\/product\/filorga-ncef-night-mask-50ml\/","og_locale":"en_US","og_type":"article","og_title":"Filorga NCEF-NIGHT MASK 50ml - Maroc Prix","og_description":"Filorga NCEF-NIGHT MASK 50ml","og_url":"https:\/\/vitablanca.ma\/en\/product\/filorga-ncef-night-mask-50ml\/","og_site_name":"Vitablanca.ma &ndash; Sant&eacute;, vitalit&eacute; et bien-&ecirc;tre pour tous les Marocains","article_publisher":"https:\/\/www.facebook.com\/profile.php?id=61576678196717","og_image":[{"width":1000,"height":1000,"url":"https:\/\/vitablanca.ma\/wp-content\/uploads\/2025\/06\/Filorga-NCEF-NIGHT-MASK-50ml-nova-parapharmacie-casablanca.jpg","type":"image\/jpeg"}],"twitter_card":"summary_large_image","twitter_misc":{"Est. reading time":"1 minute"},"schema":{"@context":"https:\/\/schema.org","@graph":[{"@type":["WebPage","ItemPage"],"@id":"https:\/\/vitablanca.ma\/produit\/filorga-ncef-night-mask-50ml\/","url":"https:\/\/vitablanca.ma\/produit\/filorga-ncef-night-mask-50ml\/","name":"Filorga NCEF-NIGHT MASK 50ml - Morocco Price","isPartOf":{"@id":"https:\/\/vitablanca.ma\/#website"},"primaryImageOfPage":{"@id":"https:\/\/vitablanca.ma\/produit\/filorga-ncef-night-mask-50ml\/#primaryimage"},"image":{"@id":"https:\/\/vitablanca.ma\/produit\/filorga-ncef-night-mask-50ml\/#primaryimage"},"thumbnailUrl":"https:\/\/vitablanca.ma\/wp-content\/uploads\/2025\/06\/Filorga-NCEF-NIGHT-MASK-50ml-nova-parapharmacie-casablanca.jpg","datePublished":"2025-06-10T17:22:24+00:00","description":"Filorga NCEF-NIGHT MASK 50ml","breadcrumb":{"@id":"https:\/\/vitablanca.ma\/produit\/filorga-ncef-night-mask-50ml\/#breadcrumb"},"inLanguage":"en-US","potentialAction":[{"@type":"ReadAction","target":["https:\/\/vitablanca.ma\/produit\/filorga-ncef-night-mask-50ml\/"]}]},{"@type":"ImageObject","inLanguage":"en-US","@id":"https:\/\/vitablanca.ma\/produit\/filorga-ncef-night-mask-50ml\/#primaryimage","url":"https:\/\/vitablanca.ma\/wp-content\/uploads\/2025\/06\/Filorga-NCEF-NIGHT-MASK-50ml-nova-parapharmacie-casablanca.jpg","contentUrl":"https:\/\/vitablanca.ma\/wp-content\/uploads\/2025\/06\/Filorga-NCEF-NIGHT-MASK-50ml-nova-parapharmacie-casablanca.jpg","width":1000,"height":1000},{"@type":"BreadcrumbList","@id":"https:\/\/vitablanca.ma\/produit\/filorga-ncef-night-mask-50ml\/#breadcrumb","itemListElement":[{"@type":"ListItem","position":1,"name":"Home","item":"https:\/\/vitablanca.ma\/"},{"@type":"ListItem","position":2,"name":"Tous Les Produits","item":"https:\/\/vitablanca.ma\/tous-les-produits\/"},{"@type":"ListItem","position":3,"name":"Filorga NCEF-NIGHT MASK 50ml"}]},{"@type":"WebSite","@id":"https:\/\/vitablanca.ma\/#website","url":"https:\/\/vitablanca.ma\/","name":"VitaBlanca.ma | Food supplements, health &amp; beauty in Morocco","description":"sell premium vitamins and supplements from USA &amp; Canada, New Zealand, Morocco (NOW Foods, Solgar, Manuka). Fast delivery anywhere in Morocco.","publisher":{"@id":"https:\/\/vitablanca.ma\/#organization"},"alternateName":"VitaBlanca.ma","potentialAction":[{"@type":"SearchAction","target":{"@type":"EntryPoint","urlTemplate":"https:\/\/vitablanca.ma\/?s={search_term_string}"},"query-input":{"@type":"PropertyValueSpecification","valueRequired":true,"valueName":"search_term_string"}}],"inLanguage":"en-US"},{"@type":"Organization","@id":"https:\/\/vitablanca.ma\/#organization","name":"VitaBlanca","url":"https:\/\/vitablanca.ma\/","logo":{"@type":"ImageObject","inLanguage":"en-US","@id":"https:\/\/vitablanca.ma\/#\/schema\/logo\/image\/","url":"https:\/\/vitablanca.ma\/wp-content\/uploads\/2025\/05\/cropped-vitablanca.png","contentUrl":"https:\/\/vitablanca.ma\/wp-content\/uploads\/2025\/05\/cropped-vitablanca.png","width":360,"height":67,"caption":"VitaBlanca"},"image":{"@id":"https:\/\/vitablanca.ma\/#\/schema\/logo\/image\/"},"sameAs":["https:\/\/www.facebook.com\/profile.php?id=61576678196717","https:\/\/www.tiktok.com\/@vitablanca.ma","https:\/\/www.instagram.com\/vitablanca.ma\/"]}]}},"jetpack_sharing_enabled":true,"_links":{"self":[{"href":"https:\/\/vitablanca.ma\/en\/wp-json\/wp\/v2\/product\/18410","targetHints":{"allow":["GET"]}}],"collection":[{"href":"https:\/\/vitablanca.ma\/en\/wp-json\/wp\/v2\/product"}],"about":[{"href":"https:\/\/vitablanca.ma\/en\/wp-json\/wp\/v2\/types\/product"}],"wp:featuredmedia":[{"embeddable":true,"href":"https:\/\/vitablanca.ma\/en\/wp-json\/wp\/v2\/media\/18409"}],"wp:attachment":[{"href":"https:\/\/vitablanca.ma\/en\/wp-json\/wp\/v2\/media?parent=18410"}],"wp:term":[{"taxonomy":"product_brand","embeddable":true,"href":"https:\/\/vitablanca.ma\/en\/wp-json\/wp\/v2\/product_brand?post=18410"},{"taxonomy":"product_cat","embeddable":true,"href":"https:\/\/vitablanca.ma\/en\/wp-json\/wp\/v2\/product_cat?post=18410"},{"taxonomy":"product_tag","embeddable":true,"href":"https:\/\/vitablanca.ma\/en\/wp-json\/wp\/v2\/product_tag?post=18410"}],"curies":[{"name":"wp","href":"https:\/\/api.w.org\/{rel}","templated":true}]}}