{"id":18408,"date":"2025-06-10T17:22:20","date_gmt":"2025-06-10T17:22:20","guid":{"rendered":"https:\/\/vitablanca.ma\/product\/filorga-ncef-reverse-eyes-15ml\/"},"modified":"2025-06-10T17:22:20","modified_gmt":"2025-06-10T17:22:20","slug":"filorga-ncef-reverse-eyes-15ml","status":"publish","type":"product","link":"https:\/\/vitablanca.ma\/en\/product\/filorga-ncef-reverse-eyes-15ml\/","title":{"rendered":"Filorga NCEF-REVERSE EYES 15ml"},"content":{"rendered":"<h2>Filorga NCEF-REVERSE EYES Soin Regard Multi-Correction Supr\u00eame<\/h2>\n<p><strong>NCEF-REVERSE EYES, un soin contour des yeux inspir\u00e9 des m\u00e9so-injections \u00e0 l\u2019efficacit\u00e9 multi-correctrice [Rides \u2013 Fermet\u00e9 \u2013 \u00c9clat \u2013 Cernes \u2013 Poches].<\/strong><\/p>\n<div class=\"more\">\n<div class=\"\">\n<p>Un soin yeux multi-correcteur concentr\u00e9 en NCEF pour une action pro-jeunesse et une action d\u00e9fatiguante intensive.<\/p>\n<p><strong>R\u00e9novation compl\u00e8te de la zone regard [R\u00e9g\u00e9n\u00e9ration activ\u00e9e]<br \/><\/strong>Une formule au NCEF, complexe polyrevitalisant unique mis au point par les Laboratoires FILORGA dont les ingr\u00e9dients sont int\u00e9gr\u00e9s pour la premi\u00e8re fois dans un contour des yeux \u00e0 des concentrations comparables \u00e0 celles utilis\u00e9es en m\u00e9so-injection*.<\/p>\n<p><strong>Correction suractiv\u00e9e [Rides \u2013 Fermet\u00e9 \u2013 \u00c9clat \u2013 Cernes \u2013 Poches]<br \/><\/strong>Une formule enrichie d\u2019un cocktail de 5 actifs [acide-hyaluronique + collag\u00e8ne + vitamine C + escin + complexe v\u00e9g\u00e9tal] d\u00e9livr\u00e9 au c\u0153ur de la peau gr\u00e2ce \u00e0 la GENIUS-VECTOR TECHNOLOGY** corrige intens\u00e9ment tous les signes de vieillissement du contour de l\u2019\u0153il.<\/p>\n<\/div>\n<\/div>\n","protected":false},"excerpt":{"rendered":"<p>Filorga NCEF-REVERSE EYES Soin Regard Multi-Correction Supr\u00eame NCEF-REVERSE EYES, un soin contour des yeux inspir\u00e9 des m\u00e9so-injections \u00e0 l\u2019efficacit\u00e9 multi-correctrice [Rides \u2013 Fermet\u00e9 \u2013 \u00c9clat \u2013 Cernes \u2013 Poches]. Un soin yeux multi-correcteur concentr\u00e9 en NCEF pour une action pro-jeunesse et une action d\u00e9fatiguante intensive. R\u00e9novation compl\u00e8te de la zone regard [R\u00e9g\u00e9n\u00e9ration activ\u00e9e]Une formule au [&hellip;]<\/p>\n","protected":false},"featured_media":18407,"template":"","meta":{"om_disable_all_campaigns":false},"product_brand":[],"product_cat":[15],"product_tag":[],"class_list":{"0":"post-18408","1":"product","2":"type-product","3":"status-publish","4":"has-post-thumbnail","6":"product_cat-beaute-sante-complements-alimentaires-soins-et-bien-etre-au-meilleur-prix","8":"first","9":"instock","10":"sale","11":"taxable","12":"shipping-taxable","13":"purchasable","14":"product-type-simple"},"yoast_head":"<!-- This site is optimized with the Yoast SEO plugin v27.4 - https:\/\/yoast.com\/product\/yoast-seo-wordpress\/ -->\n<title>Filorga NCEF-REVERSE EYES 15ml - Maroc Prix<\/title>\n<meta name=\"description\" content=\"Filorga NCEF-REVERSE EYES 15ml\" \/>\n<meta name=\"robots\" content=\"index, follow, max-snippet:-1, max-image-preview:large, max-video-preview:-1\" \/>\n<link rel=\"canonical\" href=\"https:\/\/vitablanca.ma\/en\/product\/filorga-ncef-reverse-eyes-15ml\/\" \/>\n<meta property=\"og:locale\" content=\"en_US\" \/>\n<meta property=\"og:type\" content=\"article\" \/>\n<meta property=\"og:title\" content=\"Filorga NCEF-REVERSE EYES 15ml - Maroc Prix\" \/>\n<meta property=\"og:description\" content=\"Filorga NCEF-REVERSE EYES 15ml\" \/>\n<meta property=\"og:url\" content=\"https:\/\/vitablanca.ma\/en\/product\/filorga-ncef-reverse-eyes-15ml\/\" \/>\n<meta property=\"og:site_name\" content=\"Vitablanca.ma &ndash; Sant&eacute;, vitalit&eacute; et bien-&ecirc;tre pour tous les Marocains\" \/>\n<meta property=\"article:publisher\" content=\"https:\/\/www.facebook.com\/profile.php?id=61576678196717\" \/>\n<meta property=\"og:image\" content=\"https:\/\/vitablanca.ma\/wp-content\/uploads\/2025\/06\/Filorga-NCEF-REVERSE-EYES-15ml-nova-para-casablanca.jpg\" \/>\n\t<meta property=\"og:image:width\" content=\"1000\" \/>\n\t<meta property=\"og:image:height\" content=\"1000\" \/>\n\t<meta property=\"og:image:type\" content=\"image\/jpeg\" \/>\n<meta name=\"twitter:card\" content=\"summary_large_image\" \/>\n<meta name=\"twitter:label1\" content=\"Est. reading time\" \/>\n\t<meta name=\"twitter:data1\" content=\"1 minute\" \/>\n<script type=\"application\/ld+json\" class=\"yoast-schema-graph\">{\"@context\":\"https:\\\/\\\/schema.org\",\"@graph\":[{\"@type\":[\"WebPage\",\"ItemPage\"],\"@id\":\"https:\\\/\\\/vitablanca.ma\\\/produit\\\/filorga-ncef-reverse-eyes-15ml\\\/\",\"url\":\"https:\\\/\\\/vitablanca.ma\\\/produit\\\/filorga-ncef-reverse-eyes-15ml\\\/\",\"name\":\"Filorga NCEF-REVERSE EYES 15ml - Maroc Prix\",\"isPartOf\":{\"@id\":\"https:\\\/\\\/vitablanca.ma\\\/#website\"},\"primaryImageOfPage\":{\"@id\":\"https:\\\/\\\/vitablanca.ma\\\/produit\\\/filorga-ncef-reverse-eyes-15ml\\\/#primaryimage\"},\"image\":{\"@id\":\"https:\\\/\\\/vitablanca.ma\\\/produit\\\/filorga-ncef-reverse-eyes-15ml\\\/#primaryimage\"},\"thumbnailUrl\":\"https:\\\/\\\/vitablanca.ma\\\/wp-content\\\/uploads\\\/2025\\\/06\\\/Filorga-NCEF-REVERSE-EYES-15ml-nova-para-casablanca.jpg\",\"datePublished\":\"2025-06-10T17:22:20+00:00\",\"description\":\"Filorga NCEF-REVERSE EYES 15ml\",\"breadcrumb\":{\"@id\":\"https:\\\/\\\/vitablanca.ma\\\/produit\\\/filorga-ncef-reverse-eyes-15ml\\\/#breadcrumb\"},\"inLanguage\":\"en-US\",\"potentialAction\":[{\"@type\":\"ReadAction\",\"target\":[\"https:\\\/\\\/vitablanca.ma\\\/produit\\\/filorga-ncef-reverse-eyes-15ml\\\/\"]}]},{\"@type\":\"ImageObject\",\"inLanguage\":\"en-US\",\"@id\":\"https:\\\/\\\/vitablanca.ma\\\/produit\\\/filorga-ncef-reverse-eyes-15ml\\\/#primaryimage\",\"url\":\"https:\\\/\\\/vitablanca.ma\\\/wp-content\\\/uploads\\\/2025\\\/06\\\/Filorga-NCEF-REVERSE-EYES-15ml-nova-para-casablanca.jpg\",\"contentUrl\":\"https:\\\/\\\/vitablanca.ma\\\/wp-content\\\/uploads\\\/2025\\\/06\\\/Filorga-NCEF-REVERSE-EYES-15ml-nova-para-casablanca.jpg\",\"width\":1000,\"height\":1000},{\"@type\":\"BreadcrumbList\",\"@id\":\"https:\\\/\\\/vitablanca.ma\\\/produit\\\/filorga-ncef-reverse-eyes-15ml\\\/#breadcrumb\",\"itemListElement\":[{\"@type\":\"ListItem\",\"position\":1,\"name\":\"Home\",\"item\":\"https:\\\/\\\/vitablanca.ma\\\/\"},{\"@type\":\"ListItem\",\"position\":2,\"name\":\"Tous Les Produits\",\"item\":\"https:\\\/\\\/vitablanca.ma\\\/tous-les-produits\\\/\"},{\"@type\":\"ListItem\",\"position\":3,\"name\":\"Filorga NCEF-REVERSE EYES 15ml\"}]},{\"@type\":\"WebSite\",\"@id\":\"https:\\\/\\\/vitablanca.ma\\\/#website\",\"url\":\"https:\\\/\\\/vitablanca.ma\\\/\",\"name\":\"VitaBlanca.ma | Compl\u00e9ments alimentaires, sant\u00e9 & beaut\u00e9 au Maroc\",\"description\":\"vendre vitamines et compl\u00e9ments premium des USA &amp; Canada, Nouvelle Z\u00e9lande,Maroc (NOW Foods, Solgar, Manuka). Livraison rapide partout au Maroc.\",\"publisher\":{\"@id\":\"https:\\\/\\\/vitablanca.ma\\\/#organization\"},\"alternateName\":\"VitaBlanca.ma\",\"potentialAction\":[{\"@type\":\"SearchAction\",\"target\":{\"@type\":\"EntryPoint\",\"urlTemplate\":\"https:\\\/\\\/vitablanca.ma\\\/?s={search_term_string}\"},\"query-input\":{\"@type\":\"PropertyValueSpecification\",\"valueRequired\":true,\"valueName\":\"search_term_string\"}}],\"inLanguage\":\"en-US\"},{\"@type\":\"Organization\",\"@id\":\"https:\\\/\\\/vitablanca.ma\\\/#organization\",\"name\":\"VitaBlanca\",\"url\":\"https:\\\/\\\/vitablanca.ma\\\/\",\"logo\":{\"@type\":\"ImageObject\",\"inLanguage\":\"en-US\",\"@id\":\"https:\\\/\\\/vitablanca.ma\\\/#\\\/schema\\\/logo\\\/image\\\/\",\"url\":\"https:\\\/\\\/vitablanca.ma\\\/wp-content\\\/uploads\\\/2025\\\/05\\\/cropped-vitablanca.png\",\"contentUrl\":\"https:\\\/\\\/vitablanca.ma\\\/wp-content\\\/uploads\\\/2025\\\/05\\\/cropped-vitablanca.png\",\"width\":360,\"height\":67,\"caption\":\"VitaBlanca\"},\"image\":{\"@id\":\"https:\\\/\\\/vitablanca.ma\\\/#\\\/schema\\\/logo\\\/image\\\/\"},\"sameAs\":[\"https:\\\/\\\/www.facebook.com\\\/profile.php?id=61576678196717\",\"https:\\\/\\\/www.tiktok.com\\\/@vitablanca.ma\",\"https:\\\/\\\/www.instagram.com\\\/vitablanca.ma\\\/\"]}]}<\/script>\n<!-- \/ Yoast SEO plugin. -->","yoast_head_json":{"title":"Filorga NCEF-REVERSE EYES 15ml - Morocco Price","description":"Filorga NCEF-REVERSE EYES 15ml","robots":{"index":"index","follow":"follow","max-snippet":"max-snippet:-1","max-image-preview":"max-image-preview:large","max-video-preview":"max-video-preview:-1"},"canonical":"https:\/\/vitablanca.ma\/en\/product\/filorga-ncef-reverse-eyes-15ml\/","og_locale":"en_US","og_type":"article","og_title":"Filorga NCEF-REVERSE EYES 15ml - Maroc Prix","og_description":"Filorga NCEF-REVERSE EYES 15ml","og_url":"https:\/\/vitablanca.ma\/en\/product\/filorga-ncef-reverse-eyes-15ml\/","og_site_name":"Vitablanca.ma &ndash; Sant&eacute;, vitalit&eacute; et bien-&ecirc;tre pour tous les Marocains","article_publisher":"https:\/\/www.facebook.com\/profile.php?id=61576678196717","og_image":[{"width":1000,"height":1000,"url":"https:\/\/vitablanca.ma\/wp-content\/uploads\/2025\/06\/Filorga-NCEF-REVERSE-EYES-15ml-nova-para-casablanca.jpg","type":"image\/jpeg"}],"twitter_card":"summary_large_image","twitter_misc":{"Est. reading time":"1 minute"},"schema":{"@context":"https:\/\/schema.org","@graph":[{"@type":["WebPage","ItemPage"],"@id":"https:\/\/vitablanca.ma\/produit\/filorga-ncef-reverse-eyes-15ml\/","url":"https:\/\/vitablanca.ma\/produit\/filorga-ncef-reverse-eyes-15ml\/","name":"Filorga NCEF-REVERSE EYES 15ml - Morocco Price","isPartOf":{"@id":"https:\/\/vitablanca.ma\/#website"},"primaryImageOfPage":{"@id":"https:\/\/vitablanca.ma\/produit\/filorga-ncef-reverse-eyes-15ml\/#primaryimage"},"image":{"@id":"https:\/\/vitablanca.ma\/produit\/filorga-ncef-reverse-eyes-15ml\/#primaryimage"},"thumbnailUrl":"https:\/\/vitablanca.ma\/wp-content\/uploads\/2025\/06\/Filorga-NCEF-REVERSE-EYES-15ml-nova-para-casablanca.jpg","datePublished":"2025-06-10T17:22:20+00:00","description":"Filorga NCEF-REVERSE EYES 15ml","breadcrumb":{"@id":"https:\/\/vitablanca.ma\/produit\/filorga-ncef-reverse-eyes-15ml\/#breadcrumb"},"inLanguage":"en-US","potentialAction":[{"@type":"ReadAction","target":["https:\/\/vitablanca.ma\/produit\/filorga-ncef-reverse-eyes-15ml\/"]}]},{"@type":"ImageObject","inLanguage":"en-US","@id":"https:\/\/vitablanca.ma\/produit\/filorga-ncef-reverse-eyes-15ml\/#primaryimage","url":"https:\/\/vitablanca.ma\/wp-content\/uploads\/2025\/06\/Filorga-NCEF-REVERSE-EYES-15ml-nova-para-casablanca.jpg","contentUrl":"https:\/\/vitablanca.ma\/wp-content\/uploads\/2025\/06\/Filorga-NCEF-REVERSE-EYES-15ml-nova-para-casablanca.jpg","width":1000,"height":1000},{"@type":"BreadcrumbList","@id":"https:\/\/vitablanca.ma\/produit\/filorga-ncef-reverse-eyes-15ml\/#breadcrumb","itemListElement":[{"@type":"ListItem","position":1,"name":"Home","item":"https:\/\/vitablanca.ma\/"},{"@type":"ListItem","position":2,"name":"Tous Les Produits","item":"https:\/\/vitablanca.ma\/tous-les-produits\/"},{"@type":"ListItem","position":3,"name":"Filorga NCEF-REVERSE EYES 15ml"}]},{"@type":"WebSite","@id":"https:\/\/vitablanca.ma\/#website","url":"https:\/\/vitablanca.ma\/","name":"VitaBlanca.ma | Food supplements, health &amp; beauty in Morocco","description":"sell premium vitamins and supplements from USA &amp; Canada, New Zealand, Morocco (NOW Foods, Solgar, Manuka). Fast delivery anywhere in Morocco.","publisher":{"@id":"https:\/\/vitablanca.ma\/#organization"},"alternateName":"VitaBlanca.ma","potentialAction":[{"@type":"SearchAction","target":{"@type":"EntryPoint","urlTemplate":"https:\/\/vitablanca.ma\/?s={search_term_string}"},"query-input":{"@type":"PropertyValueSpecification","valueRequired":true,"valueName":"search_term_string"}}],"inLanguage":"en-US"},{"@type":"Organization","@id":"https:\/\/vitablanca.ma\/#organization","name":"VitaBlanca","url":"https:\/\/vitablanca.ma\/","logo":{"@type":"ImageObject","inLanguage":"en-US","@id":"https:\/\/vitablanca.ma\/#\/schema\/logo\/image\/","url":"https:\/\/vitablanca.ma\/wp-content\/uploads\/2025\/05\/cropped-vitablanca.png","contentUrl":"https:\/\/vitablanca.ma\/wp-content\/uploads\/2025\/05\/cropped-vitablanca.png","width":360,"height":67,"caption":"VitaBlanca"},"image":{"@id":"https:\/\/vitablanca.ma\/#\/schema\/logo\/image\/"},"sameAs":["https:\/\/www.facebook.com\/profile.php?id=61576678196717","https:\/\/www.tiktok.com\/@vitablanca.ma","https:\/\/www.instagram.com\/vitablanca.ma\/"]}]}},"jetpack_sharing_enabled":true,"_links":{"self":[{"href":"https:\/\/vitablanca.ma\/en\/wp-json\/wp\/v2\/product\/18408","targetHints":{"allow":["GET"]}}],"collection":[{"href":"https:\/\/vitablanca.ma\/en\/wp-json\/wp\/v2\/product"}],"about":[{"href":"https:\/\/vitablanca.ma\/en\/wp-json\/wp\/v2\/types\/product"}],"wp:featuredmedia":[{"embeddable":true,"href":"https:\/\/vitablanca.ma\/en\/wp-json\/wp\/v2\/media\/18407"}],"wp:attachment":[{"href":"https:\/\/vitablanca.ma\/en\/wp-json\/wp\/v2\/media?parent=18408"}],"wp:term":[{"taxonomy":"product_brand","embeddable":true,"href":"https:\/\/vitablanca.ma\/en\/wp-json\/wp\/v2\/product_brand?post=18408"},{"taxonomy":"product_cat","embeddable":true,"href":"https:\/\/vitablanca.ma\/en\/wp-json\/wp\/v2\/product_cat?post=18408"},{"taxonomy":"product_tag","embeddable":true,"href":"https:\/\/vitablanca.ma\/en\/wp-json\/wp\/v2\/product_tag?post=18408"}],"curies":[{"name":"wp","href":"https:\/\/api.w.org\/{rel}","templated":true}]}}