{"id":18400,"date":"2025-06-10T17:22:06","date_gmt":"2025-06-10T17:22:06","guid":{"rendered":"https:\/\/vitablanca.ma\/product\/filorga-skin-unify-radiance-50ml\/"},"modified":"2025-06-10T17:22:06","modified_gmt":"2025-06-10T17:22:06","slug":"filorga-skin-unify-radiance-50ml","status":"publish","type":"product","link":"https:\/\/vitablanca.ma\/en\/product\/filorga-skin-unify-radiance-50ml\/","title":{"rendered":"Filorga Skin Unify Radiance 50ml"},"content":{"rendered":"<h2>Filorga Skin Unify Radiance\u00a0<span data-mce-fragment=\"1\">treatment inspired by 3 aesthetic medicine techniques\u00a0<\/span><br \/>\n<\/h2>\n<p style=\"font-weight: 400\">Filorga SKIN-UNIFY Radiance Perfecting Light Treatment 15 ml is a treatment inspired by 3 aesthetic medicine techniques recognized for recreating the light zones of the face and revealing the skin&#039;s radiance.<\/p>\n<ul style=\"font-weight: 400\">\n<li>Illuminating action: A duo of plumping hyaluronic acid and smoothing active ingredient to highlight key areas of the face and optimize light reflection. The formula is infused with iridescent pearls for an instant radical glow.<\/li>\n<li>Complexion-perfecting action: Even-toning active ingredients (vitamin C + glabridin + algae extract) combined with a resurfacing active ingredient help reveal a perfect complexion.<\/li>\n<\/ul>\n<p style=\"font-weight: 400\">Dermatologically tested.<\/p>\n<h3 style=\"font-weight: 400\"><b><strong>Directions for use<\/strong><\/b><\/h3>\n<p style=\"font-weight: 400\">Apply to the face on targeted areas to even out skin tone.<\/p>\n<p style=\"font-weight: 400\"><b><strong>Indication<\/strong><\/b>\u00a0: Perfecting light treatment<\/p>\n<h3 style=\"font-weight: 400\"><b><strong>Composition<\/strong><\/b><\/h3>\n<p style=\"font-weight: 400\">Aqua (Water, Eau), Glycereth-26, Propylene Glycol, Dicaprylate\/Dicaprate, Squalane, Dicaprylyl Carbonate, CI 77891 (Titanium Dioxide), Mica, Pentylene Glycol, Polymethyl Methacrylate, Sucrose Palmitate, Hydroxyethyl Acrylate\/Sodium Acryloyldimethyl Taurate Copolymer, Phenoxyethanol, Bisabolol, Glycerin, Butylene Glycol, Silica, Glyceryl Linoleate, Lauryl Glucoside, Polyglyceryl-2 Dipolyhydroxystearate, Parfum (Fragrance), Prunus Amygdalus Dulcis (Sweet Almond) Oil, Tocopheryl Acetate, O-Cymen-5-Ol, Polysorbate 60, Sorbitan Isostearate, Sodium Chloride, Citric Acid, Benzyl Alcohol, Glycyrrhiza Glabra (Licorice) Root Extract, Magnesium Ascorbyl Phosphate, Sodium Hyaluronate, Tin Oxide, Potassium Sorbate, Achillea Millefolium Extract, Lysine HCL, Arginine HCL, Alanine, Histidine HCL, Valine, Leucine, Threonine, Isoleucine, Tryptophan, Phenylalanine, Tyrosine, Glycine, Polysorbate 80, Serine, Cystine, Cyanocobalamin, Glutathione, Asparagine, Aspartic Acid, Ornithine HCL, Glutamic Acid, Nicotinamide Adenine Dinucleotide, Proline, Methionine, Taurine, Hydroxyproline, Glucosamine HCL, Coenzyme A, Sodium Glucuronate, Thiamine Diphosphate, Retinyl Acetate, Inositol, Niacin, Niacinamide, Pyridoxine HCL, Biotin, Calcium Pantothenate, Riboflavin, Sodium Tocopheryl Phosphate, Thiamine HCL, Folic Acid.<\/p>\n<div class=\"what-is_it mt-2\"><\/div>\n<div class=\"did-you_know mt-2\">\n<div>\n<div class=\"overflow-auto text-th-primary\">\n<div id=\"application-advice-content\" class=\"px-6 pb-6\"><\/div>\n<\/div>\n<\/div>\n<\/div>","protected":false},"excerpt":{"rendered":"<p>Filorga Skin Unify Radiance\u00a0soin inspir\u00e9 de 3 techniques de m\u00e9decine esth\u00e9tique\u00a0 Filorga SKIN-UNIFY Radiance Soin Lumi\u00e8re Perfecteur 15 ml est un soin inspir\u00e9 de 3 techniques de m\u00e9decine esth\u00e9tique reconnues pour recr\u00e9er les zones de lumi\u00e8re du visage et r\u00e9v\u00e9ler l&rsquo;\u00e9clat de la peau. Action illuminatrice : Un duo acide hyaluronique repulpant + actif lissant [&hellip;]<\/p>\n","protected":false},"featured_media":18399,"template":"","meta":{"om_disable_all_campaigns":false},"product_brand":[],"product_cat":[15],"product_tag":[],"class_list":{"0":"post-18400","1":"product","2":"type-product","3":"status-publish","4":"has-post-thumbnail","6":"product_cat-beaute-sante-complements-alimentaires-soins-et-bien-etre-au-meilleur-prix","8":"first","9":"instock","10":"sale","11":"taxable","12":"shipping-taxable","13":"purchasable","14":"product-type-simple"},"yoast_head":"<!-- This site is optimized with the Yoast SEO plugin v27.4 - https:\/\/yoast.com\/product\/yoast-seo-wordpress\/ -->\n<title>Filorga Skin Unify Radiance 50ml - Maroc Prix<\/title>\n<meta name=\"description\" content=\"Filorga Skin Unify Radiance 50ml\" \/>\n<meta name=\"robots\" content=\"index, follow, max-snippet:-1, max-image-preview:large, max-video-preview:-1\" \/>\n<link rel=\"canonical\" href=\"https:\/\/vitablanca.ma\/en\/product\/filorga-skin-unify-radiance-50ml\/\" \/>\n<meta property=\"og:locale\" content=\"en_US\" \/>\n<meta property=\"og:type\" content=\"article\" \/>\n<meta property=\"og:title\" content=\"Filorga Skin Unify Radiance 50ml - Maroc Prix\" \/>\n<meta property=\"og:description\" content=\"Filorga Skin Unify Radiance 50ml\" \/>\n<meta property=\"og:url\" content=\"https:\/\/vitablanca.ma\/en\/product\/filorga-skin-unify-radiance-50ml\/\" \/>\n<meta property=\"og:site_name\" content=\"Vitablanca.ma &ndash; Sant&eacute;, vitalit&eacute; et bien-&ecirc;tre pour tous les Marocains\" \/>\n<meta property=\"article:publisher\" content=\"https:\/\/www.facebook.com\/profile.php?id=61576678196717\" \/>\n<meta property=\"og:image\" content=\"https:\/\/vitablanca.ma\/wp-content\/uploads\/2025\/06\/Filorga-Skin-Unify-Radiance-50ml-novaparapharmacie-maroc.jpg\" \/>\n\t<meta property=\"og:image:width\" content=\"1000\" \/>\n\t<meta property=\"og:image:height\" content=\"1000\" \/>\n\t<meta property=\"og:image:type\" content=\"image\/jpeg\" \/>\n<meta name=\"twitter:card\" content=\"summary_large_image\" \/>\n<meta name=\"twitter:label1\" content=\"Est. reading time\" \/>\n\t<meta name=\"twitter:data1\" content=\"2 minutes\" \/>\n<script type=\"application\/ld+json\" class=\"yoast-schema-graph\">{\"@context\":\"https:\\\/\\\/schema.org\",\"@graph\":[{\"@type\":[\"WebPage\",\"ItemPage\"],\"@id\":\"https:\\\/\\\/vitablanca.ma\\\/produit\\\/filorga-skin-unify-radiance-50ml\\\/\",\"url\":\"https:\\\/\\\/vitablanca.ma\\\/produit\\\/filorga-skin-unify-radiance-50ml\\\/\",\"name\":\"Filorga Skin Unify Radiance 50ml - Maroc Prix\",\"isPartOf\":{\"@id\":\"https:\\\/\\\/vitablanca.ma\\\/#website\"},\"primaryImageOfPage\":{\"@id\":\"https:\\\/\\\/vitablanca.ma\\\/produit\\\/filorga-skin-unify-radiance-50ml\\\/#primaryimage\"},\"image\":{\"@id\":\"https:\\\/\\\/vitablanca.ma\\\/produit\\\/filorga-skin-unify-radiance-50ml\\\/#primaryimage\"},\"thumbnailUrl\":\"https:\\\/\\\/vitablanca.ma\\\/wp-content\\\/uploads\\\/2025\\\/06\\\/Filorga-Skin-Unify-Radiance-50ml-novaparapharmacie-maroc.jpg\",\"datePublished\":\"2025-06-10T17:22:06+00:00\",\"description\":\"Filorga Skin Unify Radiance 50ml\",\"breadcrumb\":{\"@id\":\"https:\\\/\\\/vitablanca.ma\\\/produit\\\/filorga-skin-unify-radiance-50ml\\\/#breadcrumb\"},\"inLanguage\":\"en-US\",\"potentialAction\":[{\"@type\":\"ReadAction\",\"target\":[\"https:\\\/\\\/vitablanca.ma\\\/produit\\\/filorga-skin-unify-radiance-50ml\\\/\"]}]},{\"@type\":\"ImageObject\",\"inLanguage\":\"en-US\",\"@id\":\"https:\\\/\\\/vitablanca.ma\\\/produit\\\/filorga-skin-unify-radiance-50ml\\\/#primaryimage\",\"url\":\"https:\\\/\\\/vitablanca.ma\\\/wp-content\\\/uploads\\\/2025\\\/06\\\/Filorga-Skin-Unify-Radiance-50ml-novaparapharmacie-maroc.jpg\",\"contentUrl\":\"https:\\\/\\\/vitablanca.ma\\\/wp-content\\\/uploads\\\/2025\\\/06\\\/Filorga-Skin-Unify-Radiance-50ml-novaparapharmacie-maroc.jpg\",\"width\":1000,\"height\":1000},{\"@type\":\"BreadcrumbList\",\"@id\":\"https:\\\/\\\/vitablanca.ma\\\/produit\\\/filorga-skin-unify-radiance-50ml\\\/#breadcrumb\",\"itemListElement\":[{\"@type\":\"ListItem\",\"position\":1,\"name\":\"Home\",\"item\":\"https:\\\/\\\/vitablanca.ma\\\/\"},{\"@type\":\"ListItem\",\"position\":2,\"name\":\"Tous Les Produits\",\"item\":\"https:\\\/\\\/vitablanca.ma\\\/tous-les-produits\\\/\"},{\"@type\":\"ListItem\",\"position\":3,\"name\":\"Filorga Skin Unify Radiance 50ml\"}]},{\"@type\":\"WebSite\",\"@id\":\"https:\\\/\\\/vitablanca.ma\\\/#website\",\"url\":\"https:\\\/\\\/vitablanca.ma\\\/\",\"name\":\"VitaBlanca.ma | Compl\u00e9ments alimentaires, sant\u00e9 & beaut\u00e9 au Maroc\",\"description\":\"vendre vitamines et compl\u00e9ments premium des USA &amp; Canada, Nouvelle Z\u00e9lande,Maroc (NOW Foods, Solgar, Manuka). Livraison rapide partout au Maroc.\",\"publisher\":{\"@id\":\"https:\\\/\\\/vitablanca.ma\\\/#organization\"},\"alternateName\":\"VitaBlanca.ma\",\"potentialAction\":[{\"@type\":\"SearchAction\",\"target\":{\"@type\":\"EntryPoint\",\"urlTemplate\":\"https:\\\/\\\/vitablanca.ma\\\/?s={search_term_string}\"},\"query-input\":{\"@type\":\"PropertyValueSpecification\",\"valueRequired\":true,\"valueName\":\"search_term_string\"}}],\"inLanguage\":\"en-US\"},{\"@type\":\"Organization\",\"@id\":\"https:\\\/\\\/vitablanca.ma\\\/#organization\",\"name\":\"VitaBlanca\",\"url\":\"https:\\\/\\\/vitablanca.ma\\\/\",\"logo\":{\"@type\":\"ImageObject\",\"inLanguage\":\"en-US\",\"@id\":\"https:\\\/\\\/vitablanca.ma\\\/#\\\/schema\\\/logo\\\/image\\\/\",\"url\":\"https:\\\/\\\/vitablanca.ma\\\/wp-content\\\/uploads\\\/2025\\\/05\\\/cropped-vitablanca.png\",\"contentUrl\":\"https:\\\/\\\/vitablanca.ma\\\/wp-content\\\/uploads\\\/2025\\\/05\\\/cropped-vitablanca.png\",\"width\":360,\"height\":67,\"caption\":\"VitaBlanca\"},\"image\":{\"@id\":\"https:\\\/\\\/vitablanca.ma\\\/#\\\/schema\\\/logo\\\/image\\\/\"},\"sameAs\":[\"https:\\\/\\\/www.facebook.com\\\/profile.php?id=61576678196717\",\"https:\\\/\\\/www.tiktok.com\\\/@vitablanca.ma\",\"https:\\\/\\\/www.instagram.com\\\/vitablanca.ma\\\/\"]}]}<\/script>\n<!-- \/ Yoast SEO plugin. -->","yoast_head_json":{"title":"Filorga Skin Unify Radiance 50ml - Morocco Price","description":"Filorga Skin Unify Radiance 50ml","robots":{"index":"index","follow":"follow","max-snippet":"max-snippet:-1","max-image-preview":"max-image-preview:large","max-video-preview":"max-video-preview:-1"},"canonical":"https:\/\/vitablanca.ma\/en\/product\/filorga-skin-unify-radiance-50ml\/","og_locale":"en_US","og_type":"article","og_title":"Filorga Skin Unify Radiance 50ml - Maroc Prix","og_description":"Filorga Skin Unify Radiance 50ml","og_url":"https:\/\/vitablanca.ma\/en\/product\/filorga-skin-unify-radiance-50ml\/","og_site_name":"Vitablanca.ma &ndash; Sant&eacute;, vitalit&eacute; et bien-&ecirc;tre pour tous les Marocains","article_publisher":"https:\/\/www.facebook.com\/profile.php?id=61576678196717","og_image":[{"width":1000,"height":1000,"url":"https:\/\/vitablanca.ma\/wp-content\/uploads\/2025\/06\/Filorga-Skin-Unify-Radiance-50ml-novaparapharmacie-maroc.jpg","type":"image\/jpeg"}],"twitter_card":"summary_large_image","twitter_misc":{"Est. reading time":"2 minutes"},"schema":{"@context":"https:\/\/schema.org","@graph":[{"@type":["WebPage","ItemPage"],"@id":"https:\/\/vitablanca.ma\/produit\/filorga-skin-unify-radiance-50ml\/","url":"https:\/\/vitablanca.ma\/produit\/filorga-skin-unify-radiance-50ml\/","name":"Filorga Skin Unify Radiance 50ml - Morocco Price","isPartOf":{"@id":"https:\/\/vitablanca.ma\/#website"},"primaryImageOfPage":{"@id":"https:\/\/vitablanca.ma\/produit\/filorga-skin-unify-radiance-50ml\/#primaryimage"},"image":{"@id":"https:\/\/vitablanca.ma\/produit\/filorga-skin-unify-radiance-50ml\/#primaryimage"},"thumbnailUrl":"https:\/\/vitablanca.ma\/wp-content\/uploads\/2025\/06\/Filorga-Skin-Unify-Radiance-50ml-novaparapharmacie-maroc.jpg","datePublished":"2025-06-10T17:22:06+00:00","description":"Filorga Skin Unify Radiance 50ml","breadcrumb":{"@id":"https:\/\/vitablanca.ma\/produit\/filorga-skin-unify-radiance-50ml\/#breadcrumb"},"inLanguage":"en-US","potentialAction":[{"@type":"ReadAction","target":["https:\/\/vitablanca.ma\/produit\/filorga-skin-unify-radiance-50ml\/"]}]},{"@type":"ImageObject","inLanguage":"en-US","@id":"https:\/\/vitablanca.ma\/produit\/filorga-skin-unify-radiance-50ml\/#primaryimage","url":"https:\/\/vitablanca.ma\/wp-content\/uploads\/2025\/06\/Filorga-Skin-Unify-Radiance-50ml-novaparapharmacie-maroc.jpg","contentUrl":"https:\/\/vitablanca.ma\/wp-content\/uploads\/2025\/06\/Filorga-Skin-Unify-Radiance-50ml-novaparapharmacie-maroc.jpg","width":1000,"height":1000},{"@type":"BreadcrumbList","@id":"https:\/\/vitablanca.ma\/produit\/filorga-skin-unify-radiance-50ml\/#breadcrumb","itemListElement":[{"@type":"ListItem","position":1,"name":"Home","item":"https:\/\/vitablanca.ma\/"},{"@type":"ListItem","position":2,"name":"Tous Les Produits","item":"https:\/\/vitablanca.ma\/tous-les-produits\/"},{"@type":"ListItem","position":3,"name":"Filorga Skin Unify Radiance 50ml"}]},{"@type":"WebSite","@id":"https:\/\/vitablanca.ma\/#website","url":"https:\/\/vitablanca.ma\/","name":"VitaBlanca.ma | Food supplements, health &amp; beauty in Morocco","description":"sell premium vitamins and supplements from USA &amp; Canada, New Zealand, Morocco (NOW Foods, Solgar, Manuka). Fast delivery anywhere in Morocco.","publisher":{"@id":"https:\/\/vitablanca.ma\/#organization"},"alternateName":"VitaBlanca.ma","potentialAction":[{"@type":"SearchAction","target":{"@type":"EntryPoint","urlTemplate":"https:\/\/vitablanca.ma\/?s={search_term_string}"},"query-input":{"@type":"PropertyValueSpecification","valueRequired":true,"valueName":"search_term_string"}}],"inLanguage":"en-US"},{"@type":"Organization","@id":"https:\/\/vitablanca.ma\/#organization","name":"VitaBlanca","url":"https:\/\/vitablanca.ma\/","logo":{"@type":"ImageObject","inLanguage":"en-US","@id":"https:\/\/vitablanca.ma\/#\/schema\/logo\/image\/","url":"https:\/\/vitablanca.ma\/wp-content\/uploads\/2025\/05\/cropped-vitablanca.png","contentUrl":"https:\/\/vitablanca.ma\/wp-content\/uploads\/2025\/05\/cropped-vitablanca.png","width":360,"height":67,"caption":"VitaBlanca"},"image":{"@id":"https:\/\/vitablanca.ma\/#\/schema\/logo\/image\/"},"sameAs":["https:\/\/www.facebook.com\/profile.php?id=61576678196717","https:\/\/www.tiktok.com\/@vitablanca.ma","https:\/\/www.instagram.com\/vitablanca.ma\/"]}]}},"jetpack_sharing_enabled":true,"_links":{"self":[{"href":"https:\/\/vitablanca.ma\/en\/wp-json\/wp\/v2\/product\/18400","targetHints":{"allow":["GET"]}}],"collection":[{"href":"https:\/\/vitablanca.ma\/en\/wp-json\/wp\/v2\/product"}],"about":[{"href":"https:\/\/vitablanca.ma\/en\/wp-json\/wp\/v2\/types\/product"}],"wp:featuredmedia":[{"embeddable":true,"href":"https:\/\/vitablanca.ma\/en\/wp-json\/wp\/v2\/media\/18399"}],"wp:attachment":[{"href":"https:\/\/vitablanca.ma\/en\/wp-json\/wp\/v2\/media?parent=18400"}],"wp:term":[{"taxonomy":"product_brand","embeddable":true,"href":"https:\/\/vitablanca.ma\/en\/wp-json\/wp\/v2\/product_brand?post=18400"},{"taxonomy":"product_cat","embeddable":true,"href":"https:\/\/vitablanca.ma\/en\/wp-json\/wp\/v2\/product_cat?post=18400"},{"taxonomy":"product_tag","embeddable":true,"href":"https:\/\/vitablanca.ma\/en\/wp-json\/wp\/v2\/product_tag?post=18400"}],"curies":[{"name":"wp","href":"https:\/\/api.w.org\/{rel}","templated":true}]}}