{"id":18396,"date":"2025-06-10T17:21:58","date_gmt":"2025-06-10T17:21:58","guid":{"rendered":"https:\/\/vitablanca.ma\/product\/filorga-time-filler-intensive-serum-30ml-2\/"},"modified":"2025-06-10T17:21:58","modified_gmt":"2025-06-10T17:21:58","slug":"filorga-time-filler-intensive-serum-30ml-2","status":"publish","type":"product","link":"https:\/\/vitablanca.ma\/en\/product\/filorga-time-filler-intensive-serum-30ml-2\/","title":{"rendered":"Filorga TIME-FILLER Intensive Serum 30ml"},"content":{"rendered":"<h2>Filorga TIME-FILLER Intensive Serum<span>\u00a0to visibly correct all types of wrinkles <\/span><br \/>\n<\/h2>\n<p class=\"MsoNormal\"><span>for anti-wrinkle face based on hyaluronic acid to visibly correct all types of wrinkles and effectively fight against the signs of the passing of time.<\/span><\/p>\n<div class=\"more\">\n<div class=\"\">\n<p class=\"descr\">In order to facilitate their daily use by all women, FILORGA products are subject to high standards in terms of tolerance but also pleasure during application.<button name=\"recipe\" type=\"button\"><\/button><\/p>\n<h3>Instructions for use<\/h3>\n<p>Apply<span>\u00a0<\/span><strong>TIME-FILLER INTENSIVE<\/strong><span>\u00a0<\/span>as daily care, before cream, morning and evening on the entire face and neck.<\/p>\n<p>1\/ Unscrew the opening<\/p>\n<p>2\/ Pinch the tip to expel the air from the pipette and remove the pipette while maintaining pressure on the tip<\/p>\n<p>3\/ Once the air has been evacuated, put the pipette back into the bottle<\/p>\n<p>4\/ Only release the tip once the pipette is immersed in the product so that it fills<\/p>\n<p>5\/ Place a few drops of product on your fingertips, heat and apply to the face and neck<\/p>\n<h3>Ingredients<\/h3>\n<section data-color=\"black\" class=\"section-product-commitment cta-section\">\n<div class=\"container\">\n<div class=\"content\">\n<p class=\"recipe\">AQUA (WATER), GLYCERETH-26, BUTYLENE GLYCOL, GLYCERIN, SQUALANE, PENTYLENE GLYCOL, IMPERATA CYLINDRICA ROOT EXTRACT, PHENOXYETHANOL, AVENA SATIVA (OAT) KERNEL EXTRACT, ACRYLATES\/C10-30 ALKYL ACRYLATE CROSSPOLYMER, SUCROSE PALMITATE, PPG-26-BUTETH-26, CAPRYLIC\/CAPRIC TRIGLYCERIDE, PARFUM (FRAGRANCE), PEG-40 HYDROGENATED CASTOR OIL, CARBOMER, HYDROGENATED VEGETABLE OIL, SODIUM HYDROXIDE, ANIGOZANTHOS FLAVIDUS EXTRACT, CAPRYLYL GLYCOL, SODIUM LACTATE, POLYSORBATE 20, SODIUM CITRATE, CRITHMUM MARITIMUM EXTRACT, GLUCOSE, ETHYLHEXYLGLYCERIN, SODIUM HYALURONATE, CITRIC ACID, POTASSIUM CHLORIDE, POTASSIUM SORBATE, CALCIUM CHLORIDE, MAGNESIUM SULFATE, GLUTAMINE, ACETYL HEXAPEPTIDE-8, SODIUM PHOSPHATE, ASCORBIC ACID, SODIUM ACETATE, TOCOPHEROL, LYSINE HCL, ARGININE HCL, PALMITOYL TRIPEPTIDE-1, ALANINE, HISTIDINE HCL, VALINE, LEUCINE, THREONINE, ISOLEUCINE, PALMITOYL TETRAPEPTIDE-7, TRYPTOPHAN, PHENYLALANINE, TYROSINE, GLYCINE, POLYSORBATE 80, SERINE, CYSTINE, CYANOCOBALAMIN, GLUTATHIONE, ASPARAGINE, ASPARTIC ACID, ORNITHINE HCL, GLUTAMIC ACID, NICOTINAMIDE ADENINE DINUCLEOTIDE, BIOTIN, PROLINE, METHIONINE, TAURINE, HYDROXYPROLINE, GLUCOSAMINE HCL, COENZYME A, SODIUM GLUCURONATE, THIAMINE DIPHOSPHATE, RETINYL ACETATE, INOSITOL, NIACIN, NIACINAMIDE, PYRIDOXINE HCL, CALCIUM PANTOTHENATE, RIBOFLAVIN, SODIUM TOCOPHERYL PHOSPHATE, THIAMINE HCL, FOLIC ACID<\/p>\n<\/div>\n<\/div>\n<\/section>\n<\/div>\n<\/div>","protected":false},"excerpt":{"rendered":"<p>Filorga TIME-FILLER Intensive Serum\u00a0pour corriger visiblement tous les types de rides pour visage anti-rides \u00e0 base d\u2019acide hyaluronique pour corriger visiblement tous les types de rides et lutter efficacement contre les signes du temps qui passe. Afin de faciliter leur utilisation au quotidien par toutes les femmes, les produits FILORGA font l\u2019objet d\u2019une grande exigence [&hellip;]<\/p>\n","protected":false},"featured_media":18394,"template":"","meta":{"om_disable_all_campaigns":false},"product_brand":[],"product_cat":[15],"product_tag":[],"class_list":{"0":"post-18396","1":"product","2":"type-product","3":"status-publish","4":"has-post-thumbnail","6":"product_cat-beaute-sante-complements-alimentaires-soins-et-bien-etre-au-meilleur-prix","8":"first","9":"instock","10":"sale","11":"taxable","12":"shipping-taxable","13":"purchasable","14":"product-type-simple"},"yoast_head":"<!-- This site is optimized with the Yoast SEO plugin v27.4 - https:\/\/yoast.com\/product\/yoast-seo-wordpress\/ -->\n<title>Filorga TIME-FILLER Intensive Serum 30ml - Maroc Prix<\/title>\n<meta name=\"description\" content=\"Filorga TIME-FILLER Intensive Serum 30ml\" \/>\n<meta name=\"robots\" content=\"index, follow, max-snippet:-1, max-image-preview:large, max-video-preview:-1\" \/>\n<link rel=\"canonical\" href=\"https:\/\/vitablanca.ma\/en\/product\/filorga-time-filler-intensive-serum-30ml-2\/\" \/>\n<meta property=\"og:locale\" content=\"en_US\" \/>\n<meta property=\"og:type\" content=\"article\" \/>\n<meta property=\"og:title\" content=\"Filorga TIME-FILLER Intensive Serum 30ml - Maroc Prix\" \/>\n<meta property=\"og:description\" content=\"Filorga TIME-FILLER Intensive Serum 30ml\" \/>\n<meta property=\"og:url\" content=\"https:\/\/vitablanca.ma\/en\/product\/filorga-time-filler-intensive-serum-30ml-2\/\" \/>\n<meta property=\"og:site_name\" content=\"Vitablanca.ma &ndash; Sant&eacute;, vitalit&eacute; et bien-&ecirc;tre pour tous les Marocains\" \/>\n<meta property=\"article:publisher\" content=\"https:\/\/www.facebook.com\/profile.php?id=61576678196717\" \/>\n<meta property=\"og:image\" content=\"https:\/\/vitablanca.ma\/wp-content\/uploads\/2025\/06\/Filorga-TIME-FILLER-Intensive-Serum-30ml-novapara-maroc.jpg\" \/>\n\t<meta property=\"og:image:width\" content=\"1000\" \/>\n\t<meta property=\"og:image:height\" content=\"1000\" \/>\n\t<meta property=\"og:image:type\" content=\"image\/jpeg\" \/>\n<meta name=\"twitter:card\" content=\"summary_large_image\" \/>\n<meta name=\"twitter:label1\" content=\"Est. reading time\" \/>\n\t<meta name=\"twitter:data1\" content=\"2 minutes\" \/>\n<script type=\"application\/ld+json\" class=\"yoast-schema-graph\">{\"@context\":\"https:\\\/\\\/schema.org\",\"@graph\":[{\"@type\":[\"WebPage\",\"ItemPage\"],\"@id\":\"https:\\\/\\\/vitablanca.ma\\\/produit\\\/filorga-time-filler-intensive-serum-30ml-2\\\/\",\"url\":\"https:\\\/\\\/vitablanca.ma\\\/produit\\\/filorga-time-filler-intensive-serum-30ml-2\\\/\",\"name\":\"Filorga TIME-FILLER Intensive Serum 30ml - Maroc Prix\",\"isPartOf\":{\"@id\":\"https:\\\/\\\/vitablanca.ma\\\/#website\"},\"primaryImageOfPage\":{\"@id\":\"https:\\\/\\\/vitablanca.ma\\\/produit\\\/filorga-time-filler-intensive-serum-30ml-2\\\/#primaryimage\"},\"image\":{\"@id\":\"https:\\\/\\\/vitablanca.ma\\\/produit\\\/filorga-time-filler-intensive-serum-30ml-2\\\/#primaryimage\"},\"thumbnailUrl\":\"https:\\\/\\\/vitablanca.ma\\\/wp-content\\\/uploads\\\/2025\\\/06\\\/Filorga-TIME-FILLER-Intensive-Serum-30ml-novapara-maroc.jpg\",\"datePublished\":\"2025-06-10T17:21:58+00:00\",\"description\":\"Filorga TIME-FILLER Intensive Serum 30ml\",\"breadcrumb\":{\"@id\":\"https:\\\/\\\/vitablanca.ma\\\/produit\\\/filorga-time-filler-intensive-serum-30ml-2\\\/#breadcrumb\"},\"inLanguage\":\"en-US\",\"potentialAction\":[{\"@type\":\"ReadAction\",\"target\":[\"https:\\\/\\\/vitablanca.ma\\\/produit\\\/filorga-time-filler-intensive-serum-30ml-2\\\/\"]}]},{\"@type\":\"ImageObject\",\"inLanguage\":\"en-US\",\"@id\":\"https:\\\/\\\/vitablanca.ma\\\/produit\\\/filorga-time-filler-intensive-serum-30ml-2\\\/#primaryimage\",\"url\":\"https:\\\/\\\/vitablanca.ma\\\/wp-content\\\/uploads\\\/2025\\\/06\\\/Filorga-TIME-FILLER-Intensive-Serum-30ml-novapara-maroc.jpg\",\"contentUrl\":\"https:\\\/\\\/vitablanca.ma\\\/wp-content\\\/uploads\\\/2025\\\/06\\\/Filorga-TIME-FILLER-Intensive-Serum-30ml-novapara-maroc.jpg\",\"width\":1000,\"height\":1000},{\"@type\":\"BreadcrumbList\",\"@id\":\"https:\\\/\\\/vitablanca.ma\\\/produit\\\/filorga-time-filler-intensive-serum-30ml-2\\\/#breadcrumb\",\"itemListElement\":[{\"@type\":\"ListItem\",\"position\":1,\"name\":\"Home\",\"item\":\"https:\\\/\\\/vitablanca.ma\\\/\"},{\"@type\":\"ListItem\",\"position\":2,\"name\":\"Tous Les Produits\",\"item\":\"https:\\\/\\\/vitablanca.ma\\\/tous-les-produits\\\/\"},{\"@type\":\"ListItem\",\"position\":3,\"name\":\"Filorga TIME-FILLER Intensive Serum 30ml\"}]},{\"@type\":\"WebSite\",\"@id\":\"https:\\\/\\\/vitablanca.ma\\\/#website\",\"url\":\"https:\\\/\\\/vitablanca.ma\\\/\",\"name\":\"VitaBlanca.ma | Compl\u00e9ments alimentaires, sant\u00e9 & beaut\u00e9 au Maroc\",\"description\":\"vendre vitamines et compl\u00e9ments premium des USA &amp; Canada, Nouvelle Z\u00e9lande,Maroc (NOW Foods, Solgar, Manuka). Livraison rapide partout au Maroc.\",\"publisher\":{\"@id\":\"https:\\\/\\\/vitablanca.ma\\\/#organization\"},\"alternateName\":\"VitaBlanca.ma\",\"potentialAction\":[{\"@type\":\"SearchAction\",\"target\":{\"@type\":\"EntryPoint\",\"urlTemplate\":\"https:\\\/\\\/vitablanca.ma\\\/?s={search_term_string}\"},\"query-input\":{\"@type\":\"PropertyValueSpecification\",\"valueRequired\":true,\"valueName\":\"search_term_string\"}}],\"inLanguage\":\"en-US\"},{\"@type\":\"Organization\",\"@id\":\"https:\\\/\\\/vitablanca.ma\\\/#organization\",\"name\":\"VitaBlanca\",\"url\":\"https:\\\/\\\/vitablanca.ma\\\/\",\"logo\":{\"@type\":\"ImageObject\",\"inLanguage\":\"en-US\",\"@id\":\"https:\\\/\\\/vitablanca.ma\\\/#\\\/schema\\\/logo\\\/image\\\/\",\"url\":\"https:\\\/\\\/vitablanca.ma\\\/wp-content\\\/uploads\\\/2025\\\/05\\\/cropped-vitablanca.png\",\"contentUrl\":\"https:\\\/\\\/vitablanca.ma\\\/wp-content\\\/uploads\\\/2025\\\/05\\\/cropped-vitablanca.png\",\"width\":360,\"height\":67,\"caption\":\"VitaBlanca\"},\"image\":{\"@id\":\"https:\\\/\\\/vitablanca.ma\\\/#\\\/schema\\\/logo\\\/image\\\/\"},\"sameAs\":[\"https:\\\/\\\/www.facebook.com\\\/profile.php?id=61576678196717\",\"https:\\\/\\\/www.tiktok.com\\\/@vitablanca.ma\",\"https:\\\/\\\/www.instagram.com\\\/vitablanca.ma\\\/\"]}]}<\/script>\n<!-- \/ Yoast SEO plugin. -->","yoast_head_json":{"title":"Filorga TIME-FILLER Intensive Serum 30ml - Morocco Price","description":"Filorga TIME-FILLER Intensive Serum 30ml","robots":{"index":"index","follow":"follow","max-snippet":"max-snippet:-1","max-image-preview":"max-image-preview:large","max-video-preview":"max-video-preview:-1"},"canonical":"https:\/\/vitablanca.ma\/en\/product\/filorga-time-filler-intensive-serum-30ml-2\/","og_locale":"en_US","og_type":"article","og_title":"Filorga TIME-FILLER Intensive Serum 30ml - Maroc Prix","og_description":"Filorga TIME-FILLER Intensive Serum 30ml","og_url":"https:\/\/vitablanca.ma\/en\/product\/filorga-time-filler-intensive-serum-30ml-2\/","og_site_name":"Vitablanca.ma &ndash; Sant&eacute;, vitalit&eacute; et bien-&ecirc;tre pour tous les Marocains","article_publisher":"https:\/\/www.facebook.com\/profile.php?id=61576678196717","og_image":[{"width":1000,"height":1000,"url":"https:\/\/vitablanca.ma\/wp-content\/uploads\/2025\/06\/Filorga-TIME-FILLER-Intensive-Serum-30ml-novapara-maroc.jpg","type":"image\/jpeg"}],"twitter_card":"summary_large_image","twitter_misc":{"Est. reading time":"2 minutes"},"schema":{"@context":"https:\/\/schema.org","@graph":[{"@type":["WebPage","ItemPage"],"@id":"https:\/\/vitablanca.ma\/produit\/filorga-time-filler-intensive-serum-30ml-2\/","url":"https:\/\/vitablanca.ma\/produit\/filorga-time-filler-intensive-serum-30ml-2\/","name":"Filorga TIME-FILLER Intensive Serum 30ml - Morocco Price","isPartOf":{"@id":"https:\/\/vitablanca.ma\/#website"},"primaryImageOfPage":{"@id":"https:\/\/vitablanca.ma\/produit\/filorga-time-filler-intensive-serum-30ml-2\/#primaryimage"},"image":{"@id":"https:\/\/vitablanca.ma\/produit\/filorga-time-filler-intensive-serum-30ml-2\/#primaryimage"},"thumbnailUrl":"https:\/\/vitablanca.ma\/wp-content\/uploads\/2025\/06\/Filorga-TIME-FILLER-Intensive-Serum-30ml-novapara-maroc.jpg","datePublished":"2025-06-10T17:21:58+00:00","description":"Filorga TIME-FILLER Intensive Serum 30ml","breadcrumb":{"@id":"https:\/\/vitablanca.ma\/produit\/filorga-time-filler-intensive-serum-30ml-2\/#breadcrumb"},"inLanguage":"en-US","potentialAction":[{"@type":"ReadAction","target":["https:\/\/vitablanca.ma\/produit\/filorga-time-filler-intensive-serum-30ml-2\/"]}]},{"@type":"ImageObject","inLanguage":"en-US","@id":"https:\/\/vitablanca.ma\/produit\/filorga-time-filler-intensive-serum-30ml-2\/#primaryimage","url":"https:\/\/vitablanca.ma\/wp-content\/uploads\/2025\/06\/Filorga-TIME-FILLER-Intensive-Serum-30ml-novapara-maroc.jpg","contentUrl":"https:\/\/vitablanca.ma\/wp-content\/uploads\/2025\/06\/Filorga-TIME-FILLER-Intensive-Serum-30ml-novapara-maroc.jpg","width":1000,"height":1000},{"@type":"BreadcrumbList","@id":"https:\/\/vitablanca.ma\/produit\/filorga-time-filler-intensive-serum-30ml-2\/#breadcrumb","itemListElement":[{"@type":"ListItem","position":1,"name":"Home","item":"https:\/\/vitablanca.ma\/"},{"@type":"ListItem","position":2,"name":"Tous Les Produits","item":"https:\/\/vitablanca.ma\/tous-les-produits\/"},{"@type":"ListItem","position":3,"name":"Filorga TIME-FILLER Intensive Serum 30ml"}]},{"@type":"WebSite","@id":"https:\/\/vitablanca.ma\/#website","url":"https:\/\/vitablanca.ma\/","name":"VitaBlanca.ma | Food supplements, health &amp; beauty in Morocco","description":"sell premium vitamins and supplements from USA &amp; Canada, New Zealand, Morocco (NOW Foods, Solgar, Manuka). Fast delivery anywhere in Morocco.","publisher":{"@id":"https:\/\/vitablanca.ma\/#organization"},"alternateName":"VitaBlanca.ma","potentialAction":[{"@type":"SearchAction","target":{"@type":"EntryPoint","urlTemplate":"https:\/\/vitablanca.ma\/?s={search_term_string}"},"query-input":{"@type":"PropertyValueSpecification","valueRequired":true,"valueName":"search_term_string"}}],"inLanguage":"en-US"},{"@type":"Organization","@id":"https:\/\/vitablanca.ma\/#organization","name":"VitaBlanca","url":"https:\/\/vitablanca.ma\/","logo":{"@type":"ImageObject","inLanguage":"en-US","@id":"https:\/\/vitablanca.ma\/#\/schema\/logo\/image\/","url":"https:\/\/vitablanca.ma\/wp-content\/uploads\/2025\/05\/cropped-vitablanca.png","contentUrl":"https:\/\/vitablanca.ma\/wp-content\/uploads\/2025\/05\/cropped-vitablanca.png","width":360,"height":67,"caption":"VitaBlanca"},"image":{"@id":"https:\/\/vitablanca.ma\/#\/schema\/logo\/image\/"},"sameAs":["https:\/\/www.facebook.com\/profile.php?id=61576678196717","https:\/\/www.tiktok.com\/@vitablanca.ma","https:\/\/www.instagram.com\/vitablanca.ma\/"]}]}},"jetpack_sharing_enabled":true,"_links":{"self":[{"href":"https:\/\/vitablanca.ma\/en\/wp-json\/wp\/v2\/product\/18396","targetHints":{"allow":["GET"]}}],"collection":[{"href":"https:\/\/vitablanca.ma\/en\/wp-json\/wp\/v2\/product"}],"about":[{"href":"https:\/\/vitablanca.ma\/en\/wp-json\/wp\/v2\/types\/product"}],"wp:featuredmedia":[{"embeddable":true,"href":"https:\/\/vitablanca.ma\/en\/wp-json\/wp\/v2\/media\/18394"}],"wp:attachment":[{"href":"https:\/\/vitablanca.ma\/en\/wp-json\/wp\/v2\/media?parent=18396"}],"wp:term":[{"taxonomy":"product_brand","embeddable":true,"href":"https:\/\/vitablanca.ma\/en\/wp-json\/wp\/v2\/product_brand?post=18396"},{"taxonomy":"product_cat","embeddable":true,"href":"https:\/\/vitablanca.ma\/en\/wp-json\/wp\/v2\/product_cat?post=18396"},{"taxonomy":"product_tag","embeddable":true,"href":"https:\/\/vitablanca.ma\/en\/wp-json\/wp\/v2\/product_tag?post=18396"}],"curies":[{"name":"wp","href":"https:\/\/api.w.org\/{rel}","templated":true}]}}