{"id":18384,"date":"2025-06-10T17:21:40","date_gmt":"2025-06-10T17:21:40","guid":{"rendered":"https:\/\/vitablanca.ma\/product\/filorga-skin-prep-mousse-nettoyante-enzymatique-150ml\/"},"modified":"2025-06-10T17:21:40","modified_gmt":"2025-06-10T17:21:40","slug":"filorga-skin-prep-mousse-nettoyante-enzymatique-150ml","status":"publish","type":"product","link":"https:\/\/vitablanca.ma\/en\/product\/filorga-skin-prep-mousse-nettoyante-enzymatique-150ml\/","title":{"rendered":"FILORGA SKIN-PREP ENZYMATIC CLEANSING FOAM 150ML"},"content":{"rendered":"<div class=\"tvproduct-page-wrapper\">\n<div class=\"tabs tvproduct-description-tab clearfix\">\n<div class=\"tab-content clearfix\" id=\"tab-content\">\n<div class=\"tab-pane fade in  active\" id=\"description\" role=\"tabpanel\">\n<div class=\"product-description cms-description\">\n<h2><strong>FILORGA SKIN-PREP ENZYMATIC CLEANSING FOAM 150ML<\/strong><\/h2>\n<p><strong>Le nettoyant visage effet peau neuve \u00e9limine maquillage et particules de pollution, favorise le renouvellement cellulaire, resserre les pores et unifie le grain de peau.<\/strong><\/p>\n<p><strong>Formula<\/strong><\/p>\n<p>Sa formule resurfa\u00e7ante s&rsquo;inspire des techniques de nettoyage utilis\u00e9es en cabinet esth\u00e9tique, booste le processus naturel d&rsquo;\u00e9limination des cellules mortes gr\u00e2ce une enzyme de papa\u00efne stabilis\u00e9e. Pour une peau liss\u00e9e et un teint lumineux.<\/p>\n<p><strong>Skin type<\/strong><\/p>\n<p>Con\u00e7ue pour toutes les peaux et notamment pour les peaux et les yeux sensibles.<\/p>\n<p><strong>Results\u00a0<\/strong><\/p>\n<p>D\u00e8s la premi\u00e8re utilisation, 100% des femmes disent leur peau parfaitement nettoy\u00e9e et 94% d&rsquo;entre elles trouvent leur teint plus frais (1). Apr\u00e8s 7 jours d&rsquo;utilisation, 94% des femmes trouvent leur peau clarifi\u00e9e, et 91% leur grain de peau liss\u00e9 (2).<\/p>\n<p><strong>The product\u2019s +:<\/strong><\/p>\n<p>Formul\u00e9 avec 98% d&rsquo;ingr\u00e9dients d&rsquo;origine naturelle. Sans sulfates. Test\u00e9 sur peaux sensibles.<\/p>\n<p>Cette mousse d\u00e9maquillante s\u2019utilise en deuxi\u00e8me \u00e9tape de la routine de nettoyage SKIN-PREP, apr\u00e8s l&rsquo;huile d\u00e9maquillante perfectrice ou la solution micellaire et avant la cr\u00e8me exfoliante. Appliquer le produit sur peau humide, masser pendant 30 secondes puis rincer.<\/p>\n<\/div>\n<\/div>\n<\/div>\n<\/div>\n<\/div>","protected":false},"excerpt":{"rendered":"<p>FILORGA SKIN-PREP MOUSSE NETTOYANTE ENZYMATIQUE 150ML Le nettoyant visage effet peau neuve \u00e9limine maquillage et particules de pollution, favorise le renouvellement cellulaire, resserre les pores et unifie le grain de peau. Formule Sa formule resurfa\u00e7ante s&rsquo;inspire des techniques de nettoyage utilis\u00e9es en cabinet esth\u00e9tique, booste le processus naturel d&rsquo;\u00e9limination des cellules mortes gr\u00e2ce une enzyme [&hellip;]<\/p>\n","protected":false},"featured_media":18381,"template":"","meta":{"om_disable_all_campaigns":false},"product_brand":[],"product_cat":[15],"product_tag":[],"class_list":{"0":"post-18384","1":"product","2":"type-product","3":"status-publish","4":"has-post-thumbnail","6":"product_cat-beaute-sante-complements-alimentaires-soins-et-bien-etre-au-meilleur-prix","8":"first","9":"instock","10":"sale","11":"taxable","12":"shipping-taxable","13":"purchasable","14":"product-type-simple"},"yoast_head":"<!-- This site is optimized with the Yoast SEO plugin v27.4 - https:\/\/yoast.com\/product\/yoast-seo-wordpress\/ -->\n<title>FILORGA SKIN-PREP MOUSSE NETTOYANTE ENZYMATIQUE 150ML - Maroc Prix<\/title>\n<meta name=\"description\" content=\"FILORGA SKIN-PREP MOUSSE NETTOYANTE ENZYMATIQUE 150ML\" \/>\n<meta name=\"robots\" content=\"index, follow, max-snippet:-1, max-image-preview:large, max-video-preview:-1\" \/>\n<link rel=\"canonical\" href=\"https:\/\/vitablanca.ma\/en\/product\/filorga-skin-prep-mousse-nettoyante-enzymatique-150ml\/\" \/>\n<meta property=\"og:locale\" content=\"en_US\" \/>\n<meta property=\"og:type\" content=\"article\" \/>\n<meta property=\"og:title\" content=\"FILORGA SKIN-PREP MOUSSE NETTOYANTE ENZYMATIQUE 150ML - Maroc Prix\" \/>\n<meta property=\"og:description\" content=\"FILORGA SKIN-PREP MOUSSE NETTOYANTE ENZYMATIQUE 150ML\" \/>\n<meta property=\"og:url\" content=\"https:\/\/vitablanca.ma\/en\/product\/filorga-skin-prep-mousse-nettoyante-enzymatique-150ml\/\" \/>\n<meta property=\"og:site_name\" content=\"Vitablanca.ma &ndash; Sant&eacute;, vitalit&eacute; et bien-&ecirc;tre pour tous les Marocains\" \/>\n<meta property=\"article:publisher\" content=\"https:\/\/www.facebook.com\/profile.php?id=61576678196717\" \/>\n<meta property=\"og:image\" content=\"https:\/\/vitablanca.ma\/wp-content\/uploads\/2025\/06\/filorga-skin-prep-mousse-nettoyante-enzymatique-150ml-Nova-para-prix-Maroc.jpg\" \/>\n\t<meta property=\"og:image:width\" content=\"800\" \/>\n\t<meta property=\"og:image:height\" content=\"800\" \/>\n\t<meta property=\"og:image:type\" content=\"image\/jpeg\" \/>\n<meta name=\"twitter:card\" content=\"summary_large_image\" \/>\n<meta name=\"twitter:label1\" content=\"Est. reading time\" \/>\n\t<meta name=\"twitter:data1\" content=\"1 minute\" \/>\n<script type=\"application\/ld+json\" class=\"yoast-schema-graph\">{\"@context\":\"https:\\\/\\\/schema.org\",\"@graph\":[{\"@type\":[\"WebPage\",\"ItemPage\"],\"@id\":\"https:\\\/\\\/vitablanca.ma\\\/produit\\\/filorga-skin-prep-mousse-nettoyante-enzymatique-150ml\\\/\",\"url\":\"https:\\\/\\\/vitablanca.ma\\\/produit\\\/filorga-skin-prep-mousse-nettoyante-enzymatique-150ml\\\/\",\"name\":\"FILORGA SKIN-PREP MOUSSE NETTOYANTE ENZYMATIQUE 150ML - Maroc Prix\",\"isPartOf\":{\"@id\":\"https:\\\/\\\/vitablanca.ma\\\/#website\"},\"primaryImageOfPage\":{\"@id\":\"https:\\\/\\\/vitablanca.ma\\\/produit\\\/filorga-skin-prep-mousse-nettoyante-enzymatique-150ml\\\/#primaryimage\"},\"image\":{\"@id\":\"https:\\\/\\\/vitablanca.ma\\\/produit\\\/filorga-skin-prep-mousse-nettoyante-enzymatique-150ml\\\/#primaryimage\"},\"thumbnailUrl\":\"https:\\\/\\\/vitablanca.ma\\\/wp-content\\\/uploads\\\/2025\\\/06\\\/filorga-skin-prep-mousse-nettoyante-enzymatique-150ml-Nova-para-prix-Maroc.jpg\",\"datePublished\":\"2025-06-10T17:21:40+00:00\",\"description\":\"FILORGA SKIN-PREP MOUSSE NETTOYANTE ENZYMATIQUE 150ML\",\"breadcrumb\":{\"@id\":\"https:\\\/\\\/vitablanca.ma\\\/produit\\\/filorga-skin-prep-mousse-nettoyante-enzymatique-150ml\\\/#breadcrumb\"},\"inLanguage\":\"en-US\",\"potentialAction\":[{\"@type\":\"ReadAction\",\"target\":[\"https:\\\/\\\/vitablanca.ma\\\/produit\\\/filorga-skin-prep-mousse-nettoyante-enzymatique-150ml\\\/\"]}]},{\"@type\":\"ImageObject\",\"inLanguage\":\"en-US\",\"@id\":\"https:\\\/\\\/vitablanca.ma\\\/produit\\\/filorga-skin-prep-mousse-nettoyante-enzymatique-150ml\\\/#primaryimage\",\"url\":\"https:\\\/\\\/vitablanca.ma\\\/wp-content\\\/uploads\\\/2025\\\/06\\\/filorga-skin-prep-mousse-nettoyante-enzymatique-150ml-Nova-para-prix-Maroc.jpg\",\"contentUrl\":\"https:\\\/\\\/vitablanca.ma\\\/wp-content\\\/uploads\\\/2025\\\/06\\\/filorga-skin-prep-mousse-nettoyante-enzymatique-150ml-Nova-para-prix-Maroc.jpg\",\"width\":800,\"height\":800},{\"@type\":\"BreadcrumbList\",\"@id\":\"https:\\\/\\\/vitablanca.ma\\\/produit\\\/filorga-skin-prep-mousse-nettoyante-enzymatique-150ml\\\/#breadcrumb\",\"itemListElement\":[{\"@type\":\"ListItem\",\"position\":1,\"name\":\"Home\",\"item\":\"https:\\\/\\\/vitablanca.ma\\\/\"},{\"@type\":\"ListItem\",\"position\":2,\"name\":\"Tous Les Produits\",\"item\":\"https:\\\/\\\/vitablanca.ma\\\/tous-les-produits\\\/\"},{\"@type\":\"ListItem\",\"position\":3,\"name\":\"FILORGA SKIN-PREP MOUSSE NETTOYANTE ENZYMATIQUE 150ML\"}]},{\"@type\":\"WebSite\",\"@id\":\"https:\\\/\\\/vitablanca.ma\\\/#website\",\"url\":\"https:\\\/\\\/vitablanca.ma\\\/\",\"name\":\"VitaBlanca.ma | Compl\u00e9ments alimentaires, sant\u00e9 & beaut\u00e9 au Maroc\",\"description\":\"vendre vitamines et compl\u00e9ments premium des USA &amp; Canada, Nouvelle Z\u00e9lande,Maroc (NOW Foods, Solgar, Manuka). Livraison rapide partout au Maroc.\",\"publisher\":{\"@id\":\"https:\\\/\\\/vitablanca.ma\\\/#organization\"},\"alternateName\":\"VitaBlanca.ma\",\"potentialAction\":[{\"@type\":\"SearchAction\",\"target\":{\"@type\":\"EntryPoint\",\"urlTemplate\":\"https:\\\/\\\/vitablanca.ma\\\/?s={search_term_string}\"},\"query-input\":{\"@type\":\"PropertyValueSpecification\",\"valueRequired\":true,\"valueName\":\"search_term_string\"}}],\"inLanguage\":\"en-US\"},{\"@type\":\"Organization\",\"@id\":\"https:\\\/\\\/vitablanca.ma\\\/#organization\",\"name\":\"VitaBlanca\",\"url\":\"https:\\\/\\\/vitablanca.ma\\\/\",\"logo\":{\"@type\":\"ImageObject\",\"inLanguage\":\"en-US\",\"@id\":\"https:\\\/\\\/vitablanca.ma\\\/#\\\/schema\\\/logo\\\/image\\\/\",\"url\":\"https:\\\/\\\/vitablanca.ma\\\/wp-content\\\/uploads\\\/2025\\\/05\\\/cropped-vitablanca.png\",\"contentUrl\":\"https:\\\/\\\/vitablanca.ma\\\/wp-content\\\/uploads\\\/2025\\\/05\\\/cropped-vitablanca.png\",\"width\":360,\"height\":67,\"caption\":\"VitaBlanca\"},\"image\":{\"@id\":\"https:\\\/\\\/vitablanca.ma\\\/#\\\/schema\\\/logo\\\/image\\\/\"},\"sameAs\":[\"https:\\\/\\\/www.facebook.com\\\/profile.php?id=61576678196717\",\"https:\\\/\\\/www.tiktok.com\\\/@vitablanca.ma\",\"https:\\\/\\\/www.instagram.com\\\/vitablanca.ma\\\/\"]}]}<\/script>\n<!-- \/ Yoast SEO plugin. -->","yoast_head_json":{"title":"FILORGA SKIN-PREP MOUSSE NETTOYANTE ENZYMATIQUE 150ML - Maroc Prix","description":"FILORGA SKIN-PREP ENZYMATIC CLEANSING FOAM 150ML","robots":{"index":"index","follow":"follow","max-snippet":"max-snippet:-1","max-image-preview":"max-image-preview:large","max-video-preview":"max-video-preview:-1"},"canonical":"https:\/\/vitablanca.ma\/en\/product\/filorga-skin-prep-mousse-nettoyante-enzymatique-150ml\/","og_locale":"en_US","og_type":"article","og_title":"FILORGA SKIN-PREP MOUSSE NETTOYANTE ENZYMATIQUE 150ML - Maroc Prix","og_description":"FILORGA SKIN-PREP MOUSSE NETTOYANTE ENZYMATIQUE 150ML","og_url":"https:\/\/vitablanca.ma\/en\/product\/filorga-skin-prep-mousse-nettoyante-enzymatique-150ml\/","og_site_name":"Vitablanca.ma &ndash; Sant&eacute;, vitalit&eacute; et bien-&ecirc;tre pour tous les Marocains","article_publisher":"https:\/\/www.facebook.com\/profile.php?id=61576678196717","og_image":[{"width":800,"height":800,"url":"https:\/\/vitablanca.ma\/wp-content\/uploads\/2025\/06\/filorga-skin-prep-mousse-nettoyante-enzymatique-150ml-Nova-para-prix-Maroc.jpg","type":"image\/jpeg"}],"twitter_card":"summary_large_image","twitter_misc":{"Est. reading time":"1 minute"},"schema":{"@context":"https:\/\/schema.org","@graph":[{"@type":["WebPage","ItemPage"],"@id":"https:\/\/vitablanca.ma\/produit\/filorga-skin-prep-mousse-nettoyante-enzymatique-150ml\/","url":"https:\/\/vitablanca.ma\/produit\/filorga-skin-prep-mousse-nettoyante-enzymatique-150ml\/","name":"FILORGA SKIN-PREP MOUSSE NETTOYANTE ENZYMATIQUE 150ML - Maroc Prix","isPartOf":{"@id":"https:\/\/vitablanca.ma\/#website"},"primaryImageOfPage":{"@id":"https:\/\/vitablanca.ma\/produit\/filorga-skin-prep-mousse-nettoyante-enzymatique-150ml\/#primaryimage"},"image":{"@id":"https:\/\/vitablanca.ma\/produit\/filorga-skin-prep-mousse-nettoyante-enzymatique-150ml\/#primaryimage"},"thumbnailUrl":"https:\/\/vitablanca.ma\/wp-content\/uploads\/2025\/06\/filorga-skin-prep-mousse-nettoyante-enzymatique-150ml-Nova-para-prix-Maroc.jpg","datePublished":"2025-06-10T17:21:40+00:00","description":"FILORGA SKIN-PREP ENZYMATIC CLEANSING FOAM 150ML","breadcrumb":{"@id":"https:\/\/vitablanca.ma\/produit\/filorga-skin-prep-mousse-nettoyante-enzymatique-150ml\/#breadcrumb"},"inLanguage":"en-US","potentialAction":[{"@type":"ReadAction","target":["https:\/\/vitablanca.ma\/produit\/filorga-skin-prep-mousse-nettoyante-enzymatique-150ml\/"]}]},{"@type":"ImageObject","inLanguage":"en-US","@id":"https:\/\/vitablanca.ma\/produit\/filorga-skin-prep-mousse-nettoyante-enzymatique-150ml\/#primaryimage","url":"https:\/\/vitablanca.ma\/wp-content\/uploads\/2025\/06\/filorga-skin-prep-mousse-nettoyante-enzymatique-150ml-Nova-para-prix-Maroc.jpg","contentUrl":"https:\/\/vitablanca.ma\/wp-content\/uploads\/2025\/06\/filorga-skin-prep-mousse-nettoyante-enzymatique-150ml-Nova-para-prix-Maroc.jpg","width":800,"height":800},{"@type":"BreadcrumbList","@id":"https:\/\/vitablanca.ma\/produit\/filorga-skin-prep-mousse-nettoyante-enzymatique-150ml\/#breadcrumb","itemListElement":[{"@type":"ListItem","position":1,"name":"Home","item":"https:\/\/vitablanca.ma\/"},{"@type":"ListItem","position":2,"name":"Tous Les Produits","item":"https:\/\/vitablanca.ma\/tous-les-produits\/"},{"@type":"ListItem","position":3,"name":"FILORGA SKIN-PREP MOUSSE NETTOYANTE ENZYMATIQUE 150ML"}]},{"@type":"WebSite","@id":"https:\/\/vitablanca.ma\/#website","url":"https:\/\/vitablanca.ma\/","name":"VitaBlanca.ma | Food supplements, health &amp; beauty in Morocco","description":"sell premium vitamins and supplements from USA &amp; Canada, New Zealand, Morocco (NOW Foods, Solgar, Manuka). Fast delivery anywhere in Morocco.","publisher":{"@id":"https:\/\/vitablanca.ma\/#organization"},"alternateName":"VitaBlanca.ma","potentialAction":[{"@type":"SearchAction","target":{"@type":"EntryPoint","urlTemplate":"https:\/\/vitablanca.ma\/?s={search_term_string}"},"query-input":{"@type":"PropertyValueSpecification","valueRequired":true,"valueName":"search_term_string"}}],"inLanguage":"en-US"},{"@type":"Organization","@id":"https:\/\/vitablanca.ma\/#organization","name":"VitaBlanca","url":"https:\/\/vitablanca.ma\/","logo":{"@type":"ImageObject","inLanguage":"en-US","@id":"https:\/\/vitablanca.ma\/#\/schema\/logo\/image\/","url":"https:\/\/vitablanca.ma\/wp-content\/uploads\/2025\/05\/cropped-vitablanca.png","contentUrl":"https:\/\/vitablanca.ma\/wp-content\/uploads\/2025\/05\/cropped-vitablanca.png","width":360,"height":67,"caption":"VitaBlanca"},"image":{"@id":"https:\/\/vitablanca.ma\/#\/schema\/logo\/image\/"},"sameAs":["https:\/\/www.facebook.com\/profile.php?id=61576678196717","https:\/\/www.tiktok.com\/@vitablanca.ma","https:\/\/www.instagram.com\/vitablanca.ma\/"]}]}},"jetpack_sharing_enabled":true,"_links":{"self":[{"href":"https:\/\/vitablanca.ma\/en\/wp-json\/wp\/v2\/product\/18384","targetHints":{"allow":["GET"]}}],"collection":[{"href":"https:\/\/vitablanca.ma\/en\/wp-json\/wp\/v2\/product"}],"about":[{"href":"https:\/\/vitablanca.ma\/en\/wp-json\/wp\/v2\/types\/product"}],"wp:featuredmedia":[{"embeddable":true,"href":"https:\/\/vitablanca.ma\/en\/wp-json\/wp\/v2\/media\/18381"}],"wp:attachment":[{"href":"https:\/\/vitablanca.ma\/en\/wp-json\/wp\/v2\/media?parent=18384"}],"wp:term":[{"taxonomy":"product_brand","embeddable":true,"href":"https:\/\/vitablanca.ma\/en\/wp-json\/wp\/v2\/product_brand?post=18384"},{"taxonomy":"product_cat","embeddable":true,"href":"https:\/\/vitablanca.ma\/en\/wp-json\/wp\/v2\/product_cat?post=18384"},{"taxonomy":"product_tag","embeddable":true,"href":"https:\/\/vitablanca.ma\/en\/wp-json\/wp\/v2\/product_tag?post=18384"}],"curies":[{"name":"wp","href":"https:\/\/api.w.org\/{rel}","templated":true}]}}