{"id":18378,"date":"2025-06-10T17:21:32","date_gmt":"2025-06-10T17:21:32","guid":{"rendered":"https:\/\/vitablanca.ma\/product\/filorga-ncef-revitalize-creme-50ml\/"},"modified":"2025-06-10T17:21:32","modified_gmt":"2025-06-10T17:21:32","slug":"filorga-ncef-revitalize-creme-50ml","status":"publish","type":"product","link":"https:\/\/vitablanca.ma\/en\/product\/filorga-ncef-revitalize-creme-50ml\/","title":{"rendered":"FILORGA NCEF-REVITALIZE Cream 50ml"},"content":{"rendered":"<h2>FILORGA NCEF-REVITALIZE Cream 50ml<\/h2>\n<p>NCEF-REVITALIZE CREME is a revitalizing anti-aging cream that reduces the signs of aging in just 7 days.<\/p>\n<p>It uses Filorga&#039;s exclusive NCEF complex, inspired by anti-aging injections, combining 10 essential ingredients such as vitamins and amino acids to stimulate the production of collagen and elastin, while strengthening antioxidant protection and the skin barrier.<\/p>\n<p>At the same time, 5 tripeptides help improve skin tone and elasticity.<\/p>\n<p>Suitable for all skin types, even the most sensitive.<\/p>\n<p>Its creamy texture penetrates quickly without leaving a sticky film, making application pleasant.<\/p>\n<p>This Filorga anti-aging cream can be used morning and evening on a cleansed face, neck, and d\u00e9collet\u00e9. Its revitalizing action is enhanced by the prior application of NCEF-REVITALIZE SERUM.\u00a0<\/p>\n<p><strong>Composition:<\/strong><\/p>\n<p>AQUA (WATER, EAU) SODIUM STEAROYL GLUTAMATE, BEHENYL ALCOHOL, STEARYL STEARATE, SODIUM POLYACRYLATE, PARFUM (FRAGRANCE), ARACHIDYL GLUCOSIDE, SODIUM BENZOATE, CITRIC ACID, POLYACRYLATE CROSSPOLYMER-6, TOCOPHERYL ACETATE, PEG-20 CASTOR OIL, HYDROLYZED HYALURONIC ACID, POLYGLYCERYL-10 DIOLEATE, NIACINAMIDE, CERA CARNAUBA\/COPERNICIA CERIFERA (CARNAUBA) WAX\/CIRE DE CARNAUBA, RHUS VERNICIFLUA PEEL WAX, MAGNESIUM STEARATE, ALCOHOL DENAT., TAURINE, CAPRYLIC\/CAPRIC TRIGLYCERIDE, CARNOSINE, SODIUM PCA, POTASSIUM SORBATE, PENTYLENE GLYCOL, ARGININE, SODIUM PHYTATE, ADENOSINE, POLYGLYCERYL-10 DIPALMITATE, PEG-60 HYDROGENATED CASTOR OIL, ZEA CORN (CORN) OIL, SODIUM LACTATE, HABERLEA RHODOPENSIS LEAF EXTRACT, CALCIUM PANTOTHENATE, INOSITOL, TOCOPHEROL, RETINOL, DIPEPTIDE DIAMINOBUTYROYL BENZYLAMIDE DIACETATE, XANTHAN GUM, BENZOIC ACID, ROSA MOSCHATA SEED OIL, GLYCINE, ACETYL TETRAPEPTIDE-11, MAGNESIUM SULFATE, NICOTINAMIDE ADENINE DINUCLEOTIDE, ACETYL TETRAPEPTIDE-9, ERGOTHIONEINE, BIOTIN, PALMITOYL TRIPEPTIDE-1, PALMITOYL TETRAPEPTIDE-7, CI 17200 (RED 33)<\/p>","protected":false},"excerpt":{"rendered":"<p>FILORGA NCEF-REVITALIZE Cr\u00e8me 50ml NCEF-REVITALIZE CREME est une cr\u00e8me anti-\u00e2ge revitalisante qui r\u00e9duit les signes de vieillissement en seulement 7 jours. Elle utilise le complexe NCEF, exclusif \u00e0 Filorga, inspir\u00e9 des injections anti-\u00e2ge, combinant 10 ingr\u00e9dients essentiels comme des vitamines et des acides amin\u00e9s pour stimuler la production de collag\u00e8ne et d&rsquo;\u00e9lastine, tout en renfor\u00e7ant [&hellip;]<\/p>\n","protected":false},"featured_media":18377,"template":"","meta":{"om_disable_all_campaigns":false},"product_brand":[],"product_cat":[15],"product_tag":[],"class_list":{"0":"post-18378","1":"product","2":"type-product","3":"status-publish","4":"has-post-thumbnail","6":"product_cat-beaute-sante-complements-alimentaires-soins-et-bien-etre-au-meilleur-prix","8":"first","9":"instock","10":"sale","11":"taxable","12":"shipping-taxable","13":"purchasable","14":"product-type-simple"},"yoast_head":"<!-- This site is optimized with the Yoast SEO plugin v27.4 - https:\/\/yoast.com\/product\/yoast-seo-wordpress\/ -->\n<title>FILORGA NCEF-REVITALIZE Cr\u00e8me 50ml - Maroc Prix<\/title>\n<meta name=\"description\" content=\"FILORGA NCEF-REVITALIZE Cr\u00e8me 50ml\" \/>\n<meta name=\"robots\" content=\"index, follow, max-snippet:-1, max-image-preview:large, max-video-preview:-1\" \/>\n<link rel=\"canonical\" href=\"https:\/\/vitablanca.ma\/en\/product\/filorga-ncef-revitalize-creme-50ml\/\" \/>\n<meta property=\"og:locale\" content=\"en_US\" \/>\n<meta property=\"og:type\" content=\"article\" \/>\n<meta property=\"og:title\" content=\"FILORGA NCEF-REVITALIZE Cr\u00e8me 50ml - Maroc Prix\" \/>\n<meta property=\"og:description\" content=\"FILORGA NCEF-REVITALIZE Cr\u00e8me 50ml\" \/>\n<meta property=\"og:url\" content=\"https:\/\/vitablanca.ma\/en\/product\/filorga-ncef-revitalize-creme-50ml\/\" \/>\n<meta property=\"og:site_name\" content=\"Vitablanca.ma &ndash; Sant&eacute;, vitalit&eacute; et bien-&ecirc;tre pour tous les Marocains\" \/>\n<meta property=\"article:publisher\" content=\"https:\/\/www.facebook.com\/profile.php?id=61576678196717\" \/>\n<meta property=\"og:image\" content=\"https:\/\/vitablanca.ma\/wp-content\/uploads\/2025\/06\/filorga-ncef-revitalize-creme-polyrevitalisante-raffermissante-50ml-Nova-para-prix-Maroc.jpg\" \/>\n\t<meta property=\"og:image:width\" content=\"800\" \/>\n\t<meta property=\"og:image:height\" content=\"800\" \/>\n\t<meta property=\"og:image:type\" content=\"image\/jpeg\" \/>\n<meta name=\"twitter:card\" content=\"summary_large_image\" \/>\n<meta name=\"twitter:label1\" content=\"Est. reading time\" \/>\n\t<meta name=\"twitter:data1\" content=\"1 minute\" \/>\n<script type=\"application\/ld+json\" class=\"yoast-schema-graph\">{\"@context\":\"https:\\\/\\\/schema.org\",\"@graph\":[{\"@type\":[\"WebPage\",\"ItemPage\"],\"@id\":\"https:\\\/\\\/vitablanca.ma\\\/produit\\\/filorga-ncef-revitalize-creme-50ml\\\/\",\"url\":\"https:\\\/\\\/vitablanca.ma\\\/produit\\\/filorga-ncef-revitalize-creme-50ml\\\/\",\"name\":\"FILORGA NCEF-REVITALIZE Cr\u00e8me 50ml - Maroc Prix\",\"isPartOf\":{\"@id\":\"https:\\\/\\\/vitablanca.ma\\\/#website\"},\"primaryImageOfPage\":{\"@id\":\"https:\\\/\\\/vitablanca.ma\\\/produit\\\/filorga-ncef-revitalize-creme-50ml\\\/#primaryimage\"},\"image\":{\"@id\":\"https:\\\/\\\/vitablanca.ma\\\/produit\\\/filorga-ncef-revitalize-creme-50ml\\\/#primaryimage\"},\"thumbnailUrl\":\"https:\\\/\\\/vitablanca.ma\\\/wp-content\\\/uploads\\\/2025\\\/06\\\/filorga-ncef-revitalize-creme-polyrevitalisante-raffermissante-50ml-Nova-para-prix-Maroc.jpg\",\"datePublished\":\"2025-06-10T17:21:32+00:00\",\"description\":\"FILORGA NCEF-REVITALIZE Cr\u00e8me 50ml\",\"breadcrumb\":{\"@id\":\"https:\\\/\\\/vitablanca.ma\\\/produit\\\/filorga-ncef-revitalize-creme-50ml\\\/#breadcrumb\"},\"inLanguage\":\"en-US\",\"potentialAction\":[{\"@type\":\"ReadAction\",\"target\":[\"https:\\\/\\\/vitablanca.ma\\\/produit\\\/filorga-ncef-revitalize-creme-50ml\\\/\"]}]},{\"@type\":\"ImageObject\",\"inLanguage\":\"en-US\",\"@id\":\"https:\\\/\\\/vitablanca.ma\\\/produit\\\/filorga-ncef-revitalize-creme-50ml\\\/#primaryimage\",\"url\":\"https:\\\/\\\/vitablanca.ma\\\/wp-content\\\/uploads\\\/2025\\\/06\\\/filorga-ncef-revitalize-creme-polyrevitalisante-raffermissante-50ml-Nova-para-prix-Maroc.jpg\",\"contentUrl\":\"https:\\\/\\\/vitablanca.ma\\\/wp-content\\\/uploads\\\/2025\\\/06\\\/filorga-ncef-revitalize-creme-polyrevitalisante-raffermissante-50ml-Nova-para-prix-Maroc.jpg\",\"width\":800,\"height\":800},{\"@type\":\"BreadcrumbList\",\"@id\":\"https:\\\/\\\/vitablanca.ma\\\/produit\\\/filorga-ncef-revitalize-creme-50ml\\\/#breadcrumb\",\"itemListElement\":[{\"@type\":\"ListItem\",\"position\":1,\"name\":\"Home\",\"item\":\"https:\\\/\\\/vitablanca.ma\\\/\"},{\"@type\":\"ListItem\",\"position\":2,\"name\":\"Tous Les Produits\",\"item\":\"https:\\\/\\\/vitablanca.ma\\\/tous-les-produits\\\/\"},{\"@type\":\"ListItem\",\"position\":3,\"name\":\"FILORGA NCEF-REVITALIZE Cr\u00e8me 50ml\"}]},{\"@type\":\"WebSite\",\"@id\":\"https:\\\/\\\/vitablanca.ma\\\/#website\",\"url\":\"https:\\\/\\\/vitablanca.ma\\\/\",\"name\":\"VitaBlanca.ma | Compl\u00e9ments alimentaires, sant\u00e9 & beaut\u00e9 au Maroc\",\"description\":\"vendre vitamines et compl\u00e9ments premium des USA &amp; Canada, Nouvelle Z\u00e9lande,Maroc (NOW Foods, Solgar, Manuka). Livraison rapide partout au Maroc.\",\"publisher\":{\"@id\":\"https:\\\/\\\/vitablanca.ma\\\/#organization\"},\"alternateName\":\"VitaBlanca.ma\",\"potentialAction\":[{\"@type\":\"SearchAction\",\"target\":{\"@type\":\"EntryPoint\",\"urlTemplate\":\"https:\\\/\\\/vitablanca.ma\\\/?s={search_term_string}\"},\"query-input\":{\"@type\":\"PropertyValueSpecification\",\"valueRequired\":true,\"valueName\":\"search_term_string\"}}],\"inLanguage\":\"en-US\"},{\"@type\":\"Organization\",\"@id\":\"https:\\\/\\\/vitablanca.ma\\\/#organization\",\"name\":\"VitaBlanca\",\"url\":\"https:\\\/\\\/vitablanca.ma\\\/\",\"logo\":{\"@type\":\"ImageObject\",\"inLanguage\":\"en-US\",\"@id\":\"https:\\\/\\\/vitablanca.ma\\\/#\\\/schema\\\/logo\\\/image\\\/\",\"url\":\"https:\\\/\\\/vitablanca.ma\\\/wp-content\\\/uploads\\\/2025\\\/05\\\/cropped-vitablanca.png\",\"contentUrl\":\"https:\\\/\\\/vitablanca.ma\\\/wp-content\\\/uploads\\\/2025\\\/05\\\/cropped-vitablanca.png\",\"width\":360,\"height\":67,\"caption\":\"VitaBlanca\"},\"image\":{\"@id\":\"https:\\\/\\\/vitablanca.ma\\\/#\\\/schema\\\/logo\\\/image\\\/\"},\"sameAs\":[\"https:\\\/\\\/www.facebook.com\\\/profile.php?id=61576678196717\",\"https:\\\/\\\/www.tiktok.com\\\/@vitablanca.ma\",\"https:\\\/\\\/www.instagram.com\\\/vitablanca.ma\\\/\"]}]}<\/script>\n<!-- \/ Yoast SEO plugin. -->","yoast_head_json":{"title":"FILORGA NCEF-REVITALIZE Cream 50ml - Morocco Price","description":"FILORGA NCEF-REVITALIZE Cream 50ml","robots":{"index":"index","follow":"follow","max-snippet":"max-snippet:-1","max-image-preview":"max-image-preview:large","max-video-preview":"max-video-preview:-1"},"canonical":"https:\/\/vitablanca.ma\/en\/product\/filorga-ncef-revitalize-creme-50ml\/","og_locale":"en_US","og_type":"article","og_title":"FILORGA NCEF-REVITALIZE Cr\u00e8me 50ml - Maroc Prix","og_description":"FILORGA NCEF-REVITALIZE Cr\u00e8me 50ml","og_url":"https:\/\/vitablanca.ma\/en\/product\/filorga-ncef-revitalize-creme-50ml\/","og_site_name":"Vitablanca.ma &ndash; Sant&eacute;, vitalit&eacute; et bien-&ecirc;tre pour tous les Marocains","article_publisher":"https:\/\/www.facebook.com\/profile.php?id=61576678196717","og_image":[{"width":800,"height":800,"url":"https:\/\/vitablanca.ma\/wp-content\/uploads\/2025\/06\/filorga-ncef-revitalize-creme-polyrevitalisante-raffermissante-50ml-Nova-para-prix-Maroc.jpg","type":"image\/jpeg"}],"twitter_card":"summary_large_image","twitter_misc":{"Est. reading time":"1 minute"},"schema":{"@context":"https:\/\/schema.org","@graph":[{"@type":["WebPage","ItemPage"],"@id":"https:\/\/vitablanca.ma\/produit\/filorga-ncef-revitalize-creme-50ml\/","url":"https:\/\/vitablanca.ma\/produit\/filorga-ncef-revitalize-creme-50ml\/","name":"FILORGA NCEF-REVITALIZE Cream 50ml - Morocco Price","isPartOf":{"@id":"https:\/\/vitablanca.ma\/#website"},"primaryImageOfPage":{"@id":"https:\/\/vitablanca.ma\/produit\/filorga-ncef-revitalize-creme-50ml\/#primaryimage"},"image":{"@id":"https:\/\/vitablanca.ma\/produit\/filorga-ncef-revitalize-creme-50ml\/#primaryimage"},"thumbnailUrl":"https:\/\/vitablanca.ma\/wp-content\/uploads\/2025\/06\/filorga-ncef-revitalize-creme-polyrevitalisante-raffermissante-50ml-Nova-para-prix-Maroc.jpg","datePublished":"2025-06-10T17:21:32+00:00","description":"FILORGA NCEF-REVITALIZE Cream 50ml","breadcrumb":{"@id":"https:\/\/vitablanca.ma\/produit\/filorga-ncef-revitalize-creme-50ml\/#breadcrumb"},"inLanguage":"en-US","potentialAction":[{"@type":"ReadAction","target":["https:\/\/vitablanca.ma\/produit\/filorga-ncef-revitalize-creme-50ml\/"]}]},{"@type":"ImageObject","inLanguage":"en-US","@id":"https:\/\/vitablanca.ma\/produit\/filorga-ncef-revitalize-creme-50ml\/#primaryimage","url":"https:\/\/vitablanca.ma\/wp-content\/uploads\/2025\/06\/filorga-ncef-revitalize-creme-polyrevitalisante-raffermissante-50ml-Nova-para-prix-Maroc.jpg","contentUrl":"https:\/\/vitablanca.ma\/wp-content\/uploads\/2025\/06\/filorga-ncef-revitalize-creme-polyrevitalisante-raffermissante-50ml-Nova-para-prix-Maroc.jpg","width":800,"height":800},{"@type":"BreadcrumbList","@id":"https:\/\/vitablanca.ma\/produit\/filorga-ncef-revitalize-creme-50ml\/#breadcrumb","itemListElement":[{"@type":"ListItem","position":1,"name":"Home","item":"https:\/\/vitablanca.ma\/"},{"@type":"ListItem","position":2,"name":"Tous Les Produits","item":"https:\/\/vitablanca.ma\/tous-les-produits\/"},{"@type":"ListItem","position":3,"name":"FILORGA NCEF-REVITALIZE Cr\u00e8me 50ml"}]},{"@type":"WebSite","@id":"https:\/\/vitablanca.ma\/#website","url":"https:\/\/vitablanca.ma\/","name":"VitaBlanca.ma | Food supplements, health &amp; beauty in Morocco","description":"sell premium vitamins and supplements from USA &amp; Canada, New Zealand, Morocco (NOW Foods, Solgar, Manuka). Fast delivery anywhere in Morocco.","publisher":{"@id":"https:\/\/vitablanca.ma\/#organization"},"alternateName":"VitaBlanca.ma","potentialAction":[{"@type":"SearchAction","target":{"@type":"EntryPoint","urlTemplate":"https:\/\/vitablanca.ma\/?s={search_term_string}"},"query-input":{"@type":"PropertyValueSpecification","valueRequired":true,"valueName":"search_term_string"}}],"inLanguage":"en-US"},{"@type":"Organization","@id":"https:\/\/vitablanca.ma\/#organization","name":"VitaBlanca","url":"https:\/\/vitablanca.ma\/","logo":{"@type":"ImageObject","inLanguage":"en-US","@id":"https:\/\/vitablanca.ma\/#\/schema\/logo\/image\/","url":"https:\/\/vitablanca.ma\/wp-content\/uploads\/2025\/05\/cropped-vitablanca.png","contentUrl":"https:\/\/vitablanca.ma\/wp-content\/uploads\/2025\/05\/cropped-vitablanca.png","width":360,"height":67,"caption":"VitaBlanca"},"image":{"@id":"https:\/\/vitablanca.ma\/#\/schema\/logo\/image\/"},"sameAs":["https:\/\/www.facebook.com\/profile.php?id=61576678196717","https:\/\/www.tiktok.com\/@vitablanca.ma","https:\/\/www.instagram.com\/vitablanca.ma\/"]}]}},"jetpack_sharing_enabled":true,"_links":{"self":[{"href":"https:\/\/vitablanca.ma\/en\/wp-json\/wp\/v2\/product\/18378","targetHints":{"allow":["GET"]}}],"collection":[{"href":"https:\/\/vitablanca.ma\/en\/wp-json\/wp\/v2\/product"}],"about":[{"href":"https:\/\/vitablanca.ma\/en\/wp-json\/wp\/v2\/types\/product"}],"wp:featuredmedia":[{"embeddable":true,"href":"https:\/\/vitablanca.ma\/en\/wp-json\/wp\/v2\/media\/18377"}],"wp:attachment":[{"href":"https:\/\/vitablanca.ma\/en\/wp-json\/wp\/v2\/media?parent=18378"}],"wp:term":[{"taxonomy":"product_brand","embeddable":true,"href":"https:\/\/vitablanca.ma\/en\/wp-json\/wp\/v2\/product_brand?post=18378"},{"taxonomy":"product_cat","embeddable":true,"href":"https:\/\/vitablanca.ma\/en\/wp-json\/wp\/v2\/product_cat?post=18378"},{"taxonomy":"product_tag","embeddable":true,"href":"https:\/\/vitablanca.ma\/en\/wp-json\/wp\/v2\/product_tag?post=18378"}],"curies":[{"name":"wp","href":"https:\/\/api.w.org\/{rel}","templated":true}]}}