{"id":18371,"date":"2025-06-10T17:21:22","date_gmt":"2025-06-10T17:21:22","guid":{"rendered":"https:\/\/vitablanca.ma\/product\/filorga-global-repair-advanced-elixir-intensif-jeunesse-30-ml\/"},"modified":"2025-06-10T17:21:22","modified_gmt":"2025-06-10T17:21:22","slug":"filorga-global-repair-advanced-elixir-intensif-jeunesse-30-ml","status":"publish","type":"product","link":"https:\/\/vitablanca.ma\/en\/product\/filorga-global-repair-advanced-elixir-intensif-jeunesse-30-ml\/","title":{"rendered":"FILORGA GLOBAL REPAIR ADVANCED INTENSIVE YOUTH ELIXIR 30 ML"},"content":{"rendered":"<h2>FILORGA GLOBAL REPAIR ADVANCED INTENSIVE YOUTH ELIXIR\u00a0<\/h2>\n<p>Restore youthfulness and radiance to your skin with FILORGA GLOBAL REPAIR ADVANCED ELIXIR. Designed for mature and devitalized skin, this intensive serum targets 10 signs of skin aging thanks to a unique combination of anti-aging active ingredients and precious oils.<\/p>\n<p>Thanks to its fine and light oil texture, it nourishes intensely, penetrates quickly without a greasy effect and leaves a luminous and comfortable finish.<\/p>\n<p><span><strong>Why choose GLOBAL REPAIR ADVANCED ELIXIR?<\/strong><\/span><\/p>\n<p><span><strong>Corrects 10 signs of aging<\/strong>\u00a0for visibly younger skin<\/span><\/p>\n<p><span><strong>Formula enriched with precious oils<\/strong>\u00a0for intense nutrition<\/span><\/p>\n<p><span><strong>Light texture<\/strong>\u00a0which is instantly absorbed<\/span><\/p>\n<p><span><strong>Immediate radiance and comfort<\/strong>\u00a0for mature skin<\/span><\/p>\n<p><span><strong>Inspired by advanced aesthetic care<\/strong><\/span><\/p>\n<p>With this youth serum, your skin is revitalized, firmer and more radiant day after day.<\/p>\n<p><span><strong>Directions for use<\/strong><\/span><\/p>\n<ol>\n<li><span><strong>Apply morning and evening<\/strong>\u00a0on clean, dry skin.<\/span><\/li>\n<li><span><strong>Take a few drops<\/strong>\u00a0and warm between the hands.<\/span><\/li>\n<li><span><strong>Massage gently<\/strong>\u00a0on the face and neck, avoiding the eye area.<\/span><\/li>\n<li><span><strong>Continue with your usual skincare cream<\/strong>.<\/span><\/li>\n<li><span><strong>Use daily<\/strong>\u00a0for visible and lasting results.<\/span><\/li>\n<\/ol>","protected":false},"excerpt":{"rendered":"<p>FILORGA GLOBAL REPAIR ADVANCED ELIXIR INTENSIF JEUNESSE\u00a0 Redonnez jeunesse et \u00e9clat \u00e0 votre peau avec FILORGA GLOBAL REPAIR ADVANCED ELIXIR. Con\u00e7u pour les peaux matures et d\u00e9vitalis\u00e9es, ce s\u00e9rum intensif agit sur 10 signes du vieillissement cutan\u00e9 gr\u00e2ce \u00e0 une combinaison unique d\u2019actifs anti-\u00e2ge et d\u2019huiles pr\u00e9cieuses. Gr\u00e2ce \u00e0 sa\u00a0texture huile fine et l\u00e9g\u00e8re, il\u00a0nourrit [&hellip;]<\/p>\n","protected":false},"featured_media":18370,"template":"","meta":{"om_disable_all_campaigns":false},"product_brand":[],"product_cat":[15],"product_tag":[],"class_list":{"0":"post-18371","1":"product","2":"type-product","3":"status-publish","4":"has-post-thumbnail","6":"product_cat-beaute-sante-complements-alimentaires-soins-et-bien-etre-au-meilleur-prix","8":"first","9":"instock","10":"sale","11":"taxable","12":"shipping-taxable","13":"purchasable","14":"product-type-simple"},"yoast_head":"<!-- This site is optimized with the Yoast SEO plugin v27.4 - https:\/\/yoast.com\/product\/yoast-seo-wordpress\/ -->\n<title>FILORGA GLOBAL REPAIR ADVANCED ELIXIR INTENSIF JEUNESSE 30 ML - Maroc Prix<\/title>\n<meta name=\"description\" content=\"FILORGA GLOBAL REPAIR ADVANCED ELIXIR INTENSIF JEUNESSE 30 ML\" \/>\n<meta name=\"robots\" content=\"index, follow, max-snippet:-1, max-image-preview:large, max-video-preview:-1\" \/>\n<link rel=\"canonical\" href=\"https:\/\/vitablanca.ma\/en\/product\/filorga-global-repair-advanced-elixir-intensif-jeunesse-30-ml\/\" \/>\n<meta property=\"og:locale\" content=\"en_US\" \/>\n<meta property=\"og:type\" content=\"article\" \/>\n<meta property=\"og:title\" content=\"FILORGA GLOBAL REPAIR ADVANCED ELIXIR INTENSIF JEUNESSE 30 ML - Maroc Prix\" \/>\n<meta property=\"og:description\" content=\"FILORGA GLOBAL REPAIR ADVANCED ELIXIR INTENSIF JEUNESSE 30 ML\" \/>\n<meta property=\"og:url\" content=\"https:\/\/vitablanca.ma\/en\/product\/filorga-global-repair-advanced-elixir-intensif-jeunesse-30-ml\/\" \/>\n<meta property=\"og:site_name\" content=\"Vitablanca.ma &ndash; Sant&eacute;, vitalit&eacute; et bien-&ecirc;tre pour tous les Marocains\" \/>\n<meta property=\"article:publisher\" content=\"https:\/\/www.facebook.com\/profile.php?id=61576678196717\" \/>\n<meta property=\"og:image\" content=\"https:\/\/vitablanca.ma\/wp-content\/uploads\/2025\/06\/filorga-filorga-global-repair-advanced-elixir-intensif-jeunesse-30-ml-premieres-rides-Nova-para-prix-Maroc.jpg\" \/>\n\t<meta property=\"og:image:width\" content=\"700\" \/>\n\t<meta property=\"og:image:height\" content=\"700\" \/>\n\t<meta property=\"og:image:type\" content=\"image\/jpeg\" \/>\n<meta name=\"twitter:card\" content=\"summary_large_image\" \/>\n<meta name=\"twitter:label1\" content=\"Est. reading time\" \/>\n\t<meta name=\"twitter:data1\" content=\"1 minute\" \/>\n<script type=\"application\/ld+json\" class=\"yoast-schema-graph\">{\"@context\":\"https:\\\/\\\/schema.org\",\"@graph\":[{\"@type\":[\"WebPage\",\"ItemPage\"],\"@id\":\"https:\\\/\\\/vitablanca.ma\\\/produit\\\/filorga-global-repair-advanced-elixir-intensif-jeunesse-30-ml\\\/\",\"url\":\"https:\\\/\\\/vitablanca.ma\\\/produit\\\/filorga-global-repair-advanced-elixir-intensif-jeunesse-30-ml\\\/\",\"name\":\"FILORGA GLOBAL REPAIR ADVANCED ELIXIR INTENSIF JEUNESSE 30 ML - Maroc Prix\",\"isPartOf\":{\"@id\":\"https:\\\/\\\/vitablanca.ma\\\/#website\"},\"primaryImageOfPage\":{\"@id\":\"https:\\\/\\\/vitablanca.ma\\\/produit\\\/filorga-global-repair-advanced-elixir-intensif-jeunesse-30-ml\\\/#primaryimage\"},\"image\":{\"@id\":\"https:\\\/\\\/vitablanca.ma\\\/produit\\\/filorga-global-repair-advanced-elixir-intensif-jeunesse-30-ml\\\/#primaryimage\"},\"thumbnailUrl\":\"https:\\\/\\\/vitablanca.ma\\\/wp-content\\\/uploads\\\/2025\\\/06\\\/filorga-filorga-global-repair-advanced-elixir-intensif-jeunesse-30-ml-premieres-rides-Nova-para-prix-Maroc.jpg\",\"datePublished\":\"2025-06-10T17:21:22+00:00\",\"description\":\"FILORGA GLOBAL REPAIR ADVANCED ELIXIR INTENSIF JEUNESSE 30 ML\",\"breadcrumb\":{\"@id\":\"https:\\\/\\\/vitablanca.ma\\\/produit\\\/filorga-global-repair-advanced-elixir-intensif-jeunesse-30-ml\\\/#breadcrumb\"},\"inLanguage\":\"en-US\",\"potentialAction\":[{\"@type\":\"ReadAction\",\"target\":[\"https:\\\/\\\/vitablanca.ma\\\/produit\\\/filorga-global-repair-advanced-elixir-intensif-jeunesse-30-ml\\\/\"]}]},{\"@type\":\"ImageObject\",\"inLanguage\":\"en-US\",\"@id\":\"https:\\\/\\\/vitablanca.ma\\\/produit\\\/filorga-global-repair-advanced-elixir-intensif-jeunesse-30-ml\\\/#primaryimage\",\"url\":\"https:\\\/\\\/vitablanca.ma\\\/wp-content\\\/uploads\\\/2025\\\/06\\\/filorga-filorga-global-repair-advanced-elixir-intensif-jeunesse-30-ml-premieres-rides-Nova-para-prix-Maroc.jpg\",\"contentUrl\":\"https:\\\/\\\/vitablanca.ma\\\/wp-content\\\/uploads\\\/2025\\\/06\\\/filorga-filorga-global-repair-advanced-elixir-intensif-jeunesse-30-ml-premieres-rides-Nova-para-prix-Maroc.jpg\",\"width\":700,\"height\":700},{\"@type\":\"BreadcrumbList\",\"@id\":\"https:\\\/\\\/vitablanca.ma\\\/produit\\\/filorga-global-repair-advanced-elixir-intensif-jeunesse-30-ml\\\/#breadcrumb\",\"itemListElement\":[{\"@type\":\"ListItem\",\"position\":1,\"name\":\"Home\",\"item\":\"https:\\\/\\\/vitablanca.ma\\\/\"},{\"@type\":\"ListItem\",\"position\":2,\"name\":\"Tous Les Produits\",\"item\":\"https:\\\/\\\/vitablanca.ma\\\/tous-les-produits\\\/\"},{\"@type\":\"ListItem\",\"position\":3,\"name\":\"FILORGA GLOBAL REPAIR ADVANCED ELIXIR INTENSIF JEUNESSE 30 ML\"}]},{\"@type\":\"WebSite\",\"@id\":\"https:\\\/\\\/vitablanca.ma\\\/#website\",\"url\":\"https:\\\/\\\/vitablanca.ma\\\/\",\"name\":\"VitaBlanca.ma | Compl\u00e9ments alimentaires, sant\u00e9 & beaut\u00e9 au Maroc\",\"description\":\"vendre vitamines et compl\u00e9ments premium des USA &amp; Canada, Nouvelle Z\u00e9lande,Maroc (NOW Foods, Solgar, Manuka). Livraison rapide partout au Maroc.\",\"publisher\":{\"@id\":\"https:\\\/\\\/vitablanca.ma\\\/#organization\"},\"alternateName\":\"VitaBlanca.ma\",\"potentialAction\":[{\"@type\":\"SearchAction\",\"target\":{\"@type\":\"EntryPoint\",\"urlTemplate\":\"https:\\\/\\\/vitablanca.ma\\\/?s={search_term_string}\"},\"query-input\":{\"@type\":\"PropertyValueSpecification\",\"valueRequired\":true,\"valueName\":\"search_term_string\"}}],\"inLanguage\":\"en-US\"},{\"@type\":\"Organization\",\"@id\":\"https:\\\/\\\/vitablanca.ma\\\/#organization\",\"name\":\"VitaBlanca\",\"url\":\"https:\\\/\\\/vitablanca.ma\\\/\",\"logo\":{\"@type\":\"ImageObject\",\"inLanguage\":\"en-US\",\"@id\":\"https:\\\/\\\/vitablanca.ma\\\/#\\\/schema\\\/logo\\\/image\\\/\",\"url\":\"https:\\\/\\\/vitablanca.ma\\\/wp-content\\\/uploads\\\/2025\\\/05\\\/cropped-vitablanca.png\",\"contentUrl\":\"https:\\\/\\\/vitablanca.ma\\\/wp-content\\\/uploads\\\/2025\\\/05\\\/cropped-vitablanca.png\",\"width\":360,\"height\":67,\"caption\":\"VitaBlanca\"},\"image\":{\"@id\":\"https:\\\/\\\/vitablanca.ma\\\/#\\\/schema\\\/logo\\\/image\\\/\"},\"sameAs\":[\"https:\\\/\\\/www.facebook.com\\\/profile.php?id=61576678196717\",\"https:\\\/\\\/www.tiktok.com\\\/@vitablanca.ma\",\"https:\\\/\\\/www.instagram.com\\\/vitablanca.ma\\\/\"]}]}<\/script>\n<!-- \/ Yoast SEO plugin. -->","yoast_head_json":{"title":"FILORGA GLOBAL REPAIR ADVANCED INTENSIVE YOUTH ELIXIR 30 ML - Morocco Price","description":"FILORGA GLOBAL REPAIR ADVANCED INTENSIVE YOUTH ELIXIR 30 ML","robots":{"index":"index","follow":"follow","max-snippet":"max-snippet:-1","max-image-preview":"max-image-preview:large","max-video-preview":"max-video-preview:-1"},"canonical":"https:\/\/vitablanca.ma\/en\/product\/filorga-global-repair-advanced-elixir-intensif-jeunesse-30-ml\/","og_locale":"en_US","og_type":"article","og_title":"FILORGA GLOBAL REPAIR ADVANCED ELIXIR INTENSIF JEUNESSE 30 ML - Maroc Prix","og_description":"FILORGA GLOBAL REPAIR ADVANCED ELIXIR INTENSIF JEUNESSE 30 ML","og_url":"https:\/\/vitablanca.ma\/en\/product\/filorga-global-repair-advanced-elixir-intensif-jeunesse-30-ml\/","og_site_name":"Vitablanca.ma &ndash; Sant&eacute;, vitalit&eacute; et bien-&ecirc;tre pour tous les Marocains","article_publisher":"https:\/\/www.facebook.com\/profile.php?id=61576678196717","og_image":[{"width":700,"height":700,"url":"https:\/\/vitablanca.ma\/wp-content\/uploads\/2025\/06\/filorga-filorga-global-repair-advanced-elixir-intensif-jeunesse-30-ml-premieres-rides-Nova-para-prix-Maroc.jpg","type":"image\/jpeg"}],"twitter_card":"summary_large_image","twitter_misc":{"Est. reading time":"1 minute"},"schema":{"@context":"https:\/\/schema.org","@graph":[{"@type":["WebPage","ItemPage"],"@id":"https:\/\/vitablanca.ma\/produit\/filorga-global-repair-advanced-elixir-intensif-jeunesse-30-ml\/","url":"https:\/\/vitablanca.ma\/produit\/filorga-global-repair-advanced-elixir-intensif-jeunesse-30-ml\/","name":"FILORGA GLOBAL REPAIR ADVANCED INTENSIVE YOUTH ELIXIR 30 ML - Morocco Price","isPartOf":{"@id":"https:\/\/vitablanca.ma\/#website"},"primaryImageOfPage":{"@id":"https:\/\/vitablanca.ma\/produit\/filorga-global-repair-advanced-elixir-intensif-jeunesse-30-ml\/#primaryimage"},"image":{"@id":"https:\/\/vitablanca.ma\/produit\/filorga-global-repair-advanced-elixir-intensif-jeunesse-30-ml\/#primaryimage"},"thumbnailUrl":"https:\/\/vitablanca.ma\/wp-content\/uploads\/2025\/06\/filorga-filorga-global-repair-advanced-elixir-intensif-jeunesse-30-ml-premieres-rides-Nova-para-prix-Maroc.jpg","datePublished":"2025-06-10T17:21:22+00:00","description":"FILORGA GLOBAL REPAIR ADVANCED INTENSIVE YOUTH ELIXIR 30 ML","breadcrumb":{"@id":"https:\/\/vitablanca.ma\/produit\/filorga-global-repair-advanced-elixir-intensif-jeunesse-30-ml\/#breadcrumb"},"inLanguage":"en-US","potentialAction":[{"@type":"ReadAction","target":["https:\/\/vitablanca.ma\/produit\/filorga-global-repair-advanced-elixir-intensif-jeunesse-30-ml\/"]}]},{"@type":"ImageObject","inLanguage":"en-US","@id":"https:\/\/vitablanca.ma\/produit\/filorga-global-repair-advanced-elixir-intensif-jeunesse-30-ml\/#primaryimage","url":"https:\/\/vitablanca.ma\/wp-content\/uploads\/2025\/06\/filorga-filorga-global-repair-advanced-elixir-intensif-jeunesse-30-ml-premieres-rides-Nova-para-prix-Maroc.jpg","contentUrl":"https:\/\/vitablanca.ma\/wp-content\/uploads\/2025\/06\/filorga-filorga-global-repair-advanced-elixir-intensif-jeunesse-30-ml-premieres-rides-Nova-para-prix-Maroc.jpg","width":700,"height":700},{"@type":"BreadcrumbList","@id":"https:\/\/vitablanca.ma\/produit\/filorga-global-repair-advanced-elixir-intensif-jeunesse-30-ml\/#breadcrumb","itemListElement":[{"@type":"ListItem","position":1,"name":"Home","item":"https:\/\/vitablanca.ma\/"},{"@type":"ListItem","position":2,"name":"Tous Les Produits","item":"https:\/\/vitablanca.ma\/tous-les-produits\/"},{"@type":"ListItem","position":3,"name":"FILORGA GLOBAL REPAIR ADVANCED ELIXIR INTENSIF JEUNESSE 30 ML"}]},{"@type":"WebSite","@id":"https:\/\/vitablanca.ma\/#website","url":"https:\/\/vitablanca.ma\/","name":"VitaBlanca.ma | Food supplements, health &amp; beauty in Morocco","description":"sell premium vitamins and supplements from USA &amp; Canada, New Zealand, Morocco (NOW Foods, Solgar, Manuka). Fast delivery anywhere in Morocco.","publisher":{"@id":"https:\/\/vitablanca.ma\/#organization"},"alternateName":"VitaBlanca.ma","potentialAction":[{"@type":"SearchAction","target":{"@type":"EntryPoint","urlTemplate":"https:\/\/vitablanca.ma\/?s={search_term_string}"},"query-input":{"@type":"PropertyValueSpecification","valueRequired":true,"valueName":"search_term_string"}}],"inLanguage":"en-US"},{"@type":"Organization","@id":"https:\/\/vitablanca.ma\/#organization","name":"VitaBlanca","url":"https:\/\/vitablanca.ma\/","logo":{"@type":"ImageObject","inLanguage":"en-US","@id":"https:\/\/vitablanca.ma\/#\/schema\/logo\/image\/","url":"https:\/\/vitablanca.ma\/wp-content\/uploads\/2025\/05\/cropped-vitablanca.png","contentUrl":"https:\/\/vitablanca.ma\/wp-content\/uploads\/2025\/05\/cropped-vitablanca.png","width":360,"height":67,"caption":"VitaBlanca"},"image":{"@id":"https:\/\/vitablanca.ma\/#\/schema\/logo\/image\/"},"sameAs":["https:\/\/www.facebook.com\/profile.php?id=61576678196717","https:\/\/www.tiktok.com\/@vitablanca.ma","https:\/\/www.instagram.com\/vitablanca.ma\/"]}]}},"jetpack_sharing_enabled":true,"_links":{"self":[{"href":"https:\/\/vitablanca.ma\/en\/wp-json\/wp\/v2\/product\/18371","targetHints":{"allow":["GET"]}}],"collection":[{"href":"https:\/\/vitablanca.ma\/en\/wp-json\/wp\/v2\/product"}],"about":[{"href":"https:\/\/vitablanca.ma\/en\/wp-json\/wp\/v2\/types\/product"}],"wp:featuredmedia":[{"embeddable":true,"href":"https:\/\/vitablanca.ma\/en\/wp-json\/wp\/v2\/media\/18370"}],"wp:attachment":[{"href":"https:\/\/vitablanca.ma\/en\/wp-json\/wp\/v2\/media?parent=18371"}],"wp:term":[{"taxonomy":"product_brand","embeddable":true,"href":"https:\/\/vitablanca.ma\/en\/wp-json\/wp\/v2\/product_brand?post=18371"},{"taxonomy":"product_cat","embeddable":true,"href":"https:\/\/vitablanca.ma\/en\/wp-json\/wp\/v2\/product_cat?post=18371"},{"taxonomy":"product_tag","embeddable":true,"href":"https:\/\/vitablanca.ma\/en\/wp-json\/wp\/v2\/product_tag?post=18371"}],"curies":[{"name":"wp","href":"https:\/\/api.w.org\/{rel}","templated":true}]}}