{"id":18292,"date":"2025-06-10T17:19:52","date_gmt":"2025-06-10T17:19:52","guid":{"rendered":"https:\/\/vitablanca.ma\/product\/forte-pharma-forte-nuit-melatonine-1-9-g-comprimes\/"},"modified":"2025-06-10T17:19:54","modified_gmt":"2025-06-10T17:19:54","slug":"forte-pharma-forte-nuit-melatonine-1-9-g-comprimes","status":"publish","type":"product","link":"https:\/\/vitablanca.ma\/en\/product\/forte-pharma-forte-nuit-melatonine-1-9-g-comprimes\/","title":{"rendered":"FORTE PHARMA FORTE NIGHT MELATONIN 1.9 G TABLETS"},"content":{"rendered":"<h2><span>FORTE PHARMA FORTE NIGHT MELATONIN 1.9 G\u00a0 <\/span><\/h2>\n<h2><span>15 TABLETS<\/span><\/h2>\n<h2><span>30 TABLETS<\/span><\/h2>\n<p><span>Melatonin, a hormone naturally produced by the body, plays a crucial role in regulating the sleep cycle. By facilitating sleep onset, it helps reduce the time it takes to fall asleep. Combined with valerian, which supports the maintenance of natural sleep, it contributes to a peaceful night&#039;s sleep.<\/span><\/p>\n<p><span>California poppy is known for its relaxing properties and positive effect on sleep quality. GABA (Gamma Amino Butyric Acid), a natural neurotransmitter, helps calm the mind and prepare the body for rest. Passionflower, traditionally used for its calming properties, completes this formula for optimal relaxation.<\/span><\/p>\n<p><span>To enhance the effectiveness of this supplement, vitamins B3 and B6 are included, which play an essential role in the normal functioning of the nervous system. These vitamins support the regulation of nerve functions, thus contributing to more restful sleep.<\/span><\/p>\n<p><span>This product is formulated without gluten, lactose, and added sugars, making it suitable for people with food sensitivities. It is recommended to take one tablet with a large glass of water (200 ml) approximately half an hour before bedtime. It is crucial not to exceed the recommended daily dose to avoid adverse effects.<\/span><\/p>\n<p><span>It is recommended not to use Fort\u00e9 Nuit Melatonin for an extended period of time without medical advice. This product is not recommended for pregnant or breastfeeding women, or for children under 12 years of age without prior consultation with a healthcare professional. If you are taking medication such as antidepressants or sleeping pills, it is imperative to consult a doctor before use.<\/span><\/p>\n<p><span><strong>Composition<\/strong><\/span><\/p>\n<p><span>Stabilizers (Microcrystalline Cellulose, Hydroxypropylcellulose, Hydroxypropylmethylcellulose, Magnesium Salts of Fatty Acids, Stearic Acid), Passionflower Dry Extract (Passiflora incarnata L.), Valerian Dry Extract (Valeriana officinalis L.), GABA (Gamma-Aminobutyric Acid), California Poppy Dry Extract (Eschscholzia californica Cham.), Anti-caking Agents (Silicon Dioxide, Potato Starch), Vitamin B3 (Niacin), Melatonin, Vitamin B6 (Pyridoxine Hydrochloride), Vanilla Flavoring.<\/span><\/p>\n<p><span>Active content per 1 tablet % RNV*<\/span><\/p>\n<p><span>Passionflower dry extract 100 mg<\/span><\/p>\n<p><span>Valerian extract 100 mg<\/span><\/p>\n<p><span>GABA 100 mg<\/span><\/p>\n<p><span>California Poppy Extract 50 mg<\/span><\/p>\n<p><span>Vitamin B3 16 mg 100%<\/span><\/p>\n<p><span>Melatonin 1.9 mg<\/span><\/p>\n<p><span>Vitamin B6 1.4 mg 100%<\/span><\/p>\n<p><span><strong>Directions for use<\/strong><\/span><\/p>\n<p><span>Take one tablet with a large glass of water (200 ml) approximately 30 minutes before bedtime. Avoid driving or operating machinery for 4 to 5 hours after taking melatonin.<\/span><\/p>","protected":false},"excerpt":{"rendered":"<p>FORTE PHARMA FORTE NUIT MELATONINE 1.9 G\u00a0 15 COMPRIMES 30 COMPRIMES La m\u00e9latonine, une hormone naturellement produite par le corps, joue un r\u00f4le crucial dans la r\u00e9gulation du cycle du sommeil. En facilitant l&rsquo;endormissement, elle aide \u00e0 r\u00e9duire le temps n\u00e9cessaire pour trouver le sommeil. Associ\u00e9e \u00e0 la val\u00e9riane, qui soutient le maintien du sommeil [&hellip;]<\/p>\n","protected":false},"featured_media":18289,"template":"","meta":{"om_disable_all_campaigns":false},"product_brand":[],"product_cat":[15],"product_tag":[],"class_list":{"0":"post-18292","1":"product","2":"type-product","3":"status-publish","4":"has-post-thumbnail","6":"product_cat-beaute-sante-complements-alimentaires-soins-et-bien-etre-au-meilleur-prix","8":"first","9":"instock","10":"taxable","11":"shipping-taxable","12":"purchasable","13":"product-type-variable"},"yoast_head":"<!-- This site is optimized with the Yoast SEO plugin v27.4 - https:\/\/yoast.com\/product\/yoast-seo-wordpress\/ -->\n<title>FORTE PHARMA FORTE NUIT MELATONINE 1.9 G COMPRIMES - Maroc Prix<\/title>\n<meta name=\"description\" content=\"FORTE PHARMA FORTE NUIT MELATONINE 1.9 G COMPRIMES\" \/>\n<meta name=\"robots\" content=\"index, follow, max-snippet:-1, max-image-preview:large, max-video-preview:-1\" \/>\n<link rel=\"canonical\" href=\"https:\/\/vitablanca.ma\/en\/product\/forte-pharma-forte-nuit-melatonine-1-9-g-comprimes\/\" \/>\n<meta property=\"og:locale\" content=\"en_US\" \/>\n<meta property=\"og:type\" content=\"article\" \/>\n<meta property=\"og:title\" content=\"FORTE PHARMA FORTE NUIT MELATONINE 1.9 G COMPRIMES - Maroc Prix\" \/>\n<meta property=\"og:description\" content=\"FORTE PHARMA FORTE NUIT MELATONINE 1.9 G COMPRIMES\" \/>\n<meta property=\"og:url\" content=\"https:\/\/vitablanca.ma\/en\/product\/forte-pharma-forte-nuit-melatonine-1-9-g-comprimes\/\" \/>\n<meta property=\"og:site_name\" content=\"Vitablanca.ma &ndash; Sant&eacute;, vitalit&eacute; et bien-&ecirc;tre pour tous les Marocains\" \/>\n<meta property=\"article:publisher\" content=\"https:\/\/www.facebook.com\/profile.php?id=61576678196717\" \/>\n<meta property=\"article:modified_time\" content=\"2025-06-10T17:19:54+00:00\" \/>\n<meta property=\"og:image\" content=\"https:\/\/vitablanca.ma\/wp-content\/uploads\/2025\/06\/forte-pharma-forte-pharma-forte-nuit-melatonine-19-g-15-comprimes-sommeil-et-detente-Nova-para-prix-Maroc.jpg\" \/>\n\t<meta property=\"og:image:width\" content=\"700\" \/>\n\t<meta property=\"og:image:height\" content=\"700\" \/>\n\t<meta property=\"og:image:type\" content=\"image\/jpeg\" \/>\n<meta name=\"twitter:card\" content=\"summary_large_image\" \/>\n<meta name=\"twitter:label1\" content=\"Est. reading time\" \/>\n\t<meta name=\"twitter:data1\" content=\"2 minutes\" \/>\n<script type=\"application\/ld+json\" class=\"yoast-schema-graph\">{\"@context\":\"https:\\\/\\\/schema.org\",\"@graph\":[{\"@type\":[\"WebPage\",\"ItemPage\"],\"@id\":\"https:\\\/\\\/vitablanca.ma\\\/produit\\\/forte-pharma-forte-nuit-melatonine-1-9-g-comprimes\\\/\",\"url\":\"https:\\\/\\\/vitablanca.ma\\\/produit\\\/forte-pharma-forte-nuit-melatonine-1-9-g-comprimes\\\/\",\"name\":\"FORTE PHARMA FORTE NUIT MELATONINE 1.9 G COMPRIMES - Maroc Prix\",\"isPartOf\":{\"@id\":\"https:\\\/\\\/vitablanca.ma\\\/#website\"},\"primaryImageOfPage\":{\"@id\":\"https:\\\/\\\/vitablanca.ma\\\/produit\\\/forte-pharma-forte-nuit-melatonine-1-9-g-comprimes\\\/#primaryimage\"},\"image\":{\"@id\":\"https:\\\/\\\/vitablanca.ma\\\/produit\\\/forte-pharma-forte-nuit-melatonine-1-9-g-comprimes\\\/#primaryimage\"},\"thumbnailUrl\":\"https:\\\/\\\/vitablanca.ma\\\/wp-content\\\/uploads\\\/2025\\\/06\\\/forte-pharma-forte-pharma-forte-nuit-melatonine-19-g-15-comprimes-sommeil-et-detente-Nova-para-prix-Maroc.jpg\",\"datePublished\":\"2025-06-10T17:19:52+00:00\",\"dateModified\":\"2025-06-10T17:19:54+00:00\",\"description\":\"FORTE PHARMA FORTE NUIT MELATONINE 1.9 G COMPRIMES\",\"breadcrumb\":{\"@id\":\"https:\\\/\\\/vitablanca.ma\\\/produit\\\/forte-pharma-forte-nuit-melatonine-1-9-g-comprimes\\\/#breadcrumb\"},\"inLanguage\":\"en-US\",\"potentialAction\":[{\"@type\":\"ReadAction\",\"target\":[\"https:\\\/\\\/vitablanca.ma\\\/produit\\\/forte-pharma-forte-nuit-melatonine-1-9-g-comprimes\\\/\"]}]},{\"@type\":\"ImageObject\",\"inLanguage\":\"en-US\",\"@id\":\"https:\\\/\\\/vitablanca.ma\\\/produit\\\/forte-pharma-forte-nuit-melatonine-1-9-g-comprimes\\\/#primaryimage\",\"url\":\"https:\\\/\\\/vitablanca.ma\\\/wp-content\\\/uploads\\\/2025\\\/06\\\/forte-pharma-forte-pharma-forte-nuit-melatonine-19-g-15-comprimes-sommeil-et-detente-Nova-para-prix-Maroc.jpg\",\"contentUrl\":\"https:\\\/\\\/vitablanca.ma\\\/wp-content\\\/uploads\\\/2025\\\/06\\\/forte-pharma-forte-pharma-forte-nuit-melatonine-19-g-15-comprimes-sommeil-et-detente-Nova-para-prix-Maroc.jpg\",\"width\":700,\"height\":700},{\"@type\":\"BreadcrumbList\",\"@id\":\"https:\\\/\\\/vitablanca.ma\\\/produit\\\/forte-pharma-forte-nuit-melatonine-1-9-g-comprimes\\\/#breadcrumb\",\"itemListElement\":[{\"@type\":\"ListItem\",\"position\":1,\"name\":\"Home\",\"item\":\"https:\\\/\\\/vitablanca.ma\\\/\"},{\"@type\":\"ListItem\",\"position\":2,\"name\":\"Tous Les Produits\",\"item\":\"https:\\\/\\\/vitablanca.ma\\\/tous-les-produits\\\/\"},{\"@type\":\"ListItem\",\"position\":3,\"name\":\"FORTE PHARMA FORTE NUIT MELATONINE 1.9 G COMPRIMES\"}]},{\"@type\":\"WebSite\",\"@id\":\"https:\\\/\\\/vitablanca.ma\\\/#website\",\"url\":\"https:\\\/\\\/vitablanca.ma\\\/\",\"name\":\"VitaBlanca.ma | Compl\u00e9ments alimentaires, sant\u00e9 & beaut\u00e9 au Maroc\",\"description\":\"vendre vitamines et compl\u00e9ments premium des USA &amp; Canada, Nouvelle Z\u00e9lande,Maroc (NOW Foods, Solgar, Manuka). Livraison rapide partout au Maroc.\",\"publisher\":{\"@id\":\"https:\\\/\\\/vitablanca.ma\\\/#organization\"},\"alternateName\":\"VitaBlanca.ma\",\"potentialAction\":[{\"@type\":\"SearchAction\",\"target\":{\"@type\":\"EntryPoint\",\"urlTemplate\":\"https:\\\/\\\/vitablanca.ma\\\/?s={search_term_string}\"},\"query-input\":{\"@type\":\"PropertyValueSpecification\",\"valueRequired\":true,\"valueName\":\"search_term_string\"}}],\"inLanguage\":\"en-US\"},{\"@type\":\"Organization\",\"@id\":\"https:\\\/\\\/vitablanca.ma\\\/#organization\",\"name\":\"VitaBlanca\",\"url\":\"https:\\\/\\\/vitablanca.ma\\\/\",\"logo\":{\"@type\":\"ImageObject\",\"inLanguage\":\"en-US\",\"@id\":\"https:\\\/\\\/vitablanca.ma\\\/#\\\/schema\\\/logo\\\/image\\\/\",\"url\":\"https:\\\/\\\/vitablanca.ma\\\/wp-content\\\/uploads\\\/2025\\\/05\\\/cropped-vitablanca.png\",\"contentUrl\":\"https:\\\/\\\/vitablanca.ma\\\/wp-content\\\/uploads\\\/2025\\\/05\\\/cropped-vitablanca.png\",\"width\":360,\"height\":67,\"caption\":\"VitaBlanca\"},\"image\":{\"@id\":\"https:\\\/\\\/vitablanca.ma\\\/#\\\/schema\\\/logo\\\/image\\\/\"},\"sameAs\":[\"https:\\\/\\\/www.facebook.com\\\/profile.php?id=61576678196717\",\"https:\\\/\\\/www.tiktok.com\\\/@vitablanca.ma\",\"https:\\\/\\\/www.instagram.com\\\/vitablanca.ma\\\/\"]}]}<\/script>\n<!-- \/ Yoast SEO plugin. -->","yoast_head_json":{"title":"FORTE PHARMA FORTE NIGHT MELATONIN 1.9 G TABLETS - Morocco Price","description":"FORTE PHARMA FORTE NIGHT MELATONIN 1.9 G TABLETS","robots":{"index":"index","follow":"follow","max-snippet":"max-snippet:-1","max-image-preview":"max-image-preview:large","max-video-preview":"max-video-preview:-1"},"canonical":"https:\/\/vitablanca.ma\/en\/product\/forte-pharma-forte-nuit-melatonine-1-9-g-comprimes\/","og_locale":"en_US","og_type":"article","og_title":"FORTE PHARMA FORTE NUIT MELATONINE 1.9 G COMPRIMES - Maroc Prix","og_description":"FORTE PHARMA FORTE NUIT MELATONINE 1.9 G COMPRIMES","og_url":"https:\/\/vitablanca.ma\/en\/product\/forte-pharma-forte-nuit-melatonine-1-9-g-comprimes\/","og_site_name":"Vitablanca.ma &ndash; Sant&eacute;, vitalit&eacute; et bien-&ecirc;tre pour tous les Marocains","article_publisher":"https:\/\/www.facebook.com\/profile.php?id=61576678196717","article_modified_time":"2025-06-10T17:19:54+00:00","og_image":[{"width":700,"height":700,"url":"https:\/\/vitablanca.ma\/wp-content\/uploads\/2025\/06\/forte-pharma-forte-pharma-forte-nuit-melatonine-19-g-15-comprimes-sommeil-et-detente-Nova-para-prix-Maroc.jpg","type":"image\/jpeg"}],"twitter_card":"summary_large_image","twitter_misc":{"Est. reading time":"2 minutes"},"schema":{"@context":"https:\/\/schema.org","@graph":[{"@type":["WebPage","ItemPage"],"@id":"https:\/\/vitablanca.ma\/produit\/forte-pharma-forte-nuit-melatonine-1-9-g-comprimes\/","url":"https:\/\/vitablanca.ma\/produit\/forte-pharma-forte-nuit-melatonine-1-9-g-comprimes\/","name":"FORTE PHARMA FORTE NIGHT MELATONIN 1.9 G TABLETS - Morocco Price","isPartOf":{"@id":"https:\/\/vitablanca.ma\/#website"},"primaryImageOfPage":{"@id":"https:\/\/vitablanca.ma\/produit\/forte-pharma-forte-nuit-melatonine-1-9-g-comprimes\/#primaryimage"},"image":{"@id":"https:\/\/vitablanca.ma\/produit\/forte-pharma-forte-nuit-melatonine-1-9-g-comprimes\/#primaryimage"},"thumbnailUrl":"https:\/\/vitablanca.ma\/wp-content\/uploads\/2025\/06\/forte-pharma-forte-pharma-forte-nuit-melatonine-19-g-15-comprimes-sommeil-et-detente-Nova-para-prix-Maroc.jpg","datePublished":"2025-06-10T17:19:52+00:00","dateModified":"2025-06-10T17:19:54+00:00","description":"FORTE PHARMA FORTE NIGHT MELATONIN 1.9 G TABLETS","breadcrumb":{"@id":"https:\/\/vitablanca.ma\/produit\/forte-pharma-forte-nuit-melatonine-1-9-g-comprimes\/#breadcrumb"},"inLanguage":"en-US","potentialAction":[{"@type":"ReadAction","target":["https:\/\/vitablanca.ma\/produit\/forte-pharma-forte-nuit-melatonine-1-9-g-comprimes\/"]}]},{"@type":"ImageObject","inLanguage":"en-US","@id":"https:\/\/vitablanca.ma\/produit\/forte-pharma-forte-nuit-melatonine-1-9-g-comprimes\/#primaryimage","url":"https:\/\/vitablanca.ma\/wp-content\/uploads\/2025\/06\/forte-pharma-forte-pharma-forte-nuit-melatonine-19-g-15-comprimes-sommeil-et-detente-Nova-para-prix-Maroc.jpg","contentUrl":"https:\/\/vitablanca.ma\/wp-content\/uploads\/2025\/06\/forte-pharma-forte-pharma-forte-nuit-melatonine-19-g-15-comprimes-sommeil-et-detente-Nova-para-prix-Maroc.jpg","width":700,"height":700},{"@type":"BreadcrumbList","@id":"https:\/\/vitablanca.ma\/produit\/forte-pharma-forte-nuit-melatonine-1-9-g-comprimes\/#breadcrumb","itemListElement":[{"@type":"ListItem","position":1,"name":"Home","item":"https:\/\/vitablanca.ma\/"},{"@type":"ListItem","position":2,"name":"Tous Les Produits","item":"https:\/\/vitablanca.ma\/tous-les-produits\/"},{"@type":"ListItem","position":3,"name":"FORTE PHARMA FORTE NUIT MELATONINE 1.9 G COMPRIMES"}]},{"@type":"WebSite","@id":"https:\/\/vitablanca.ma\/#website","url":"https:\/\/vitablanca.ma\/","name":"VitaBlanca.ma | Food supplements, health &amp; beauty in Morocco","description":"sell premium vitamins and supplements from USA &amp; Canada, New Zealand, Morocco (NOW Foods, Solgar, Manuka). Fast delivery anywhere in Morocco.","publisher":{"@id":"https:\/\/vitablanca.ma\/#organization"},"alternateName":"VitaBlanca.ma","potentialAction":[{"@type":"SearchAction","target":{"@type":"EntryPoint","urlTemplate":"https:\/\/vitablanca.ma\/?s={search_term_string}"},"query-input":{"@type":"PropertyValueSpecification","valueRequired":true,"valueName":"search_term_string"}}],"inLanguage":"en-US"},{"@type":"Organization","@id":"https:\/\/vitablanca.ma\/#organization","name":"VitaBlanca","url":"https:\/\/vitablanca.ma\/","logo":{"@type":"ImageObject","inLanguage":"en-US","@id":"https:\/\/vitablanca.ma\/#\/schema\/logo\/image\/","url":"https:\/\/vitablanca.ma\/wp-content\/uploads\/2025\/05\/cropped-vitablanca.png","contentUrl":"https:\/\/vitablanca.ma\/wp-content\/uploads\/2025\/05\/cropped-vitablanca.png","width":360,"height":67,"caption":"VitaBlanca"},"image":{"@id":"https:\/\/vitablanca.ma\/#\/schema\/logo\/image\/"},"sameAs":["https:\/\/www.facebook.com\/profile.php?id=61576678196717","https:\/\/www.tiktok.com\/@vitablanca.ma","https:\/\/www.instagram.com\/vitablanca.ma\/"]}]}},"jetpack_sharing_enabled":true,"_links":{"self":[{"href":"https:\/\/vitablanca.ma\/en\/wp-json\/wp\/v2\/product\/18292","targetHints":{"allow":["GET"]}}],"collection":[{"href":"https:\/\/vitablanca.ma\/en\/wp-json\/wp\/v2\/product"}],"about":[{"href":"https:\/\/vitablanca.ma\/en\/wp-json\/wp\/v2\/types\/product"}],"wp:featuredmedia":[{"embeddable":true,"href":"https:\/\/vitablanca.ma\/en\/wp-json\/wp\/v2\/media\/18289"}],"wp:attachment":[{"href":"https:\/\/vitablanca.ma\/en\/wp-json\/wp\/v2\/media?parent=18292"}],"wp:term":[{"taxonomy":"product_brand","embeddable":true,"href":"https:\/\/vitablanca.ma\/en\/wp-json\/wp\/v2\/product_brand?post=18292"},{"taxonomy":"product_cat","embeddable":true,"href":"https:\/\/vitablanca.ma\/en\/wp-json\/wp\/v2\/product_cat?post=18292"},{"taxonomy":"product_tag","embeddable":true,"href":"https:\/\/vitablanca.ma\/en\/wp-json\/wp\/v2\/product_tag?post=18292"}],"curies":[{"name":"wp","href":"https:\/\/api.w.org\/{rel}","templated":true}]}}