{"id":18284,"date":"2025-06-10T17:19:43","date_gmt":"2025-06-10T17:19:43","guid":{"rendered":"https:\/\/vitablanca.ma\/product\/filorga-hydra-filler-pro-jeunesse-50ml\/"},"modified":"2025-06-10T17:19:43","modified_gmt":"2025-06-10T17:19:43","slug":"filorga-hydra-filler-pro-jeunesse-50ml","status":"publish","type":"product","link":"https:\/\/vitablanca.ma\/en\/product\/filorga-hydra-filler-pro-jeunesse-50ml\/","title":{"rendered":"Filorga HYDRA-FILLER Pro-Youth 50ml"},"content":{"rendered":"<h2>Filorga HYDRA-FILLER Soin Hydratant Pro-Jeunesse<\/h2>\n<p><strong>HYDRA-FILLER, toute la puissance de l\u2019acide hyaluronique pur dans un soin visage ultra hydratant pour ressourcer intens\u00e9ment la peau.<\/strong><\/p>\n<div class=\"more\">\n<div class=\"\">\n<p><span data-sheets-value='{\"1\":2,\"2\":\"D\u00e9couvrer ce soin ultra-hydratant concentr\u00e9 en acide hyaluronic pur :rn rn\/ Hydratation lissante et repulpante : un puissant trio d\u2019acide hyaluronique pour une hydratation multicouches \u00e0 effet repulpant. Combin\u00e9 \u00e0 un extrait bio-actif pour restaurer le r\u00f4le barri\u00e8re de la peau et limiter la d\u00e9shydratation tout au long de la journ\u00e9e.rnrn\/ Action pro-jeunesse : une formule enrichie en booster lissant pour limiter les rides et cassures cutan\u00e9es.rnrnR\u00e9sultat : La peau est intens\u00e9ment hydrat\u00e9e et repulp\u00e9e. Les rides de d\u00e9shydratation sont visiblement r\u00e9duites.rnrnTexture gel-baume, adapt\u00e9e aux peaux normales \u00e0 s\u00e8ches.rnrn50ml. Existe en 30ml.\"}' data-sheets-userformat='{\"2\":15043,\"3\":{\"1\":0},\"4\":[null,2,15724527],\"9\":1,\"10\":1,\"12\":0,\"14\":[null,2,16711680],\"15\":\"Raleway\",\"16\":9}'>D\u00e9couvrez un soin ultra-hydratant concentr\u00e9 en acide hyaluronique pur.<\/span><\/p>\n<p><strong>Hydratation lissante et repulpante<br \/><\/strong>Un puissant trio d\u2019acide hyaluronique pour une hydratation multicouches \u00e0 effet repulpant. Combin\u00e9 \u00e0 un extrait bio-actif pour restaurer le r\u00f4le barri\u00e8re de la peau et limiter la d\u00e9shydratation tout au long de la journ\u00e9e.<\/p>\n<p><strong>Action pro-jeunesse<br \/><\/strong>Une formule enrichie en booster lissant pour limiter les rides et cassures cutan\u00e9es.<\/p>\n<\/div>\n<\/div>\n","protected":false},"excerpt":{"rendered":"<p>Filorga HYDRA-FILLER Soin Hydratant Pro-Jeunesse HYDRA-FILLER, toute la puissance de l\u2019acide hyaluronique pur dans un soin visage ultra hydratant pour ressourcer intens\u00e9ment la peau. D\u00e9couvrez un soin ultra-hydratant concentr\u00e9 en acide hyaluronique pur. Hydratation lissante et repulpanteUn puissant trio d\u2019acide hyaluronique pour une hydratation multicouches \u00e0 effet repulpant. Combin\u00e9 \u00e0 un extrait bio-actif pour restaurer [&hellip;]<\/p>\n","protected":false},"featured_media":18281,"template":"","meta":{"om_disable_all_campaigns":false},"product_brand":[],"product_cat":[15],"product_tag":[],"class_list":{"0":"post-18284","1":"product","2":"type-product","3":"status-publish","4":"has-post-thumbnail","6":"product_cat-beaute-sante-complements-alimentaires-soins-et-bien-etre-au-meilleur-prix","8":"first","9":"instock","10":"sale","11":"taxable","12":"shipping-taxable","13":"purchasable","14":"product-type-simple"},"yoast_head":"<!-- This site is optimized with the Yoast SEO plugin v27.3 - https:\/\/yoast.com\/product\/yoast-seo-wordpress\/ -->\n<title>Filorga HYDRA-FILLER Pro-Jeunesse 50ml - Maroc Prix<\/title>\n<meta name=\"description\" content=\"Filorga HYDRA-FILLER Pro-Jeunesse 50ml\" \/>\n<meta name=\"robots\" content=\"index, follow, max-snippet:-1, max-image-preview:large, max-video-preview:-1\" \/>\n<link rel=\"canonical\" href=\"https:\/\/vitablanca.ma\/en\/product\/filorga-hydra-filler-pro-jeunesse-50ml\/\" \/>\n<meta property=\"og:locale\" content=\"en_US\" \/>\n<meta property=\"og:type\" content=\"article\" \/>\n<meta property=\"og:title\" content=\"Filorga HYDRA-FILLER Pro-Jeunesse 50ml - Maroc Prix\" \/>\n<meta property=\"og:description\" content=\"Filorga HYDRA-FILLER Pro-Jeunesse 50ml\" \/>\n<meta property=\"og:url\" content=\"https:\/\/vitablanca.ma\/en\/product\/filorga-hydra-filler-pro-jeunesse-50ml\/\" \/>\n<meta property=\"og:site_name\" content=\"Vitablanca.ma &ndash; Sant&eacute;, vitalit&eacute; et bien-&ecirc;tre pour tous les Marocains\" \/>\n<meta property=\"article:publisher\" content=\"https:\/\/www.facebook.com\/profile.php?id=61576678196717\" \/>\n<meta property=\"og:image\" content=\"https:\/\/vitablanca.ma\/wp-content\/uploads\/2025\/06\/Filorga-HYDRA-FILLER-50ml-nova-para-maroc.jpg\" \/>\n\t<meta property=\"og:image:width\" content=\"1000\" \/>\n\t<meta property=\"og:image:height\" content=\"1000\" \/>\n\t<meta property=\"og:image:type\" content=\"image\/jpeg\" \/>\n<meta name=\"twitter:card\" content=\"summary_large_image\" \/>\n<script type=\"application\/ld+json\" class=\"yoast-schema-graph\">{\"@context\":\"https:\\\/\\\/schema.org\",\"@graph\":[{\"@type\":[\"WebPage\",\"ItemPage\"],\"@id\":\"https:\\\/\\\/vitablanca.ma\\\/produit\\\/filorga-hydra-filler-pro-jeunesse-50ml\\\/\",\"url\":\"https:\\\/\\\/vitablanca.ma\\\/produit\\\/filorga-hydra-filler-pro-jeunesse-50ml\\\/\",\"name\":\"Filorga HYDRA-FILLER Pro-Jeunesse 50ml - Maroc Prix\",\"isPartOf\":{\"@id\":\"https:\\\/\\\/vitablanca.ma\\\/#website\"},\"primaryImageOfPage\":{\"@id\":\"https:\\\/\\\/vitablanca.ma\\\/produit\\\/filorga-hydra-filler-pro-jeunesse-50ml\\\/#primaryimage\"},\"image\":{\"@id\":\"https:\\\/\\\/vitablanca.ma\\\/produit\\\/filorga-hydra-filler-pro-jeunesse-50ml\\\/#primaryimage\"},\"thumbnailUrl\":\"https:\\\/\\\/vitablanca.ma\\\/wp-content\\\/uploads\\\/2025\\\/06\\\/Filorga-HYDRA-FILLER-50ml-nova-para-maroc.jpg\",\"datePublished\":\"2025-06-10T17:19:43+00:00\",\"description\":\"Filorga HYDRA-FILLER Pro-Jeunesse 50ml\",\"breadcrumb\":{\"@id\":\"https:\\\/\\\/vitablanca.ma\\\/produit\\\/filorga-hydra-filler-pro-jeunesse-50ml\\\/#breadcrumb\"},\"inLanguage\":\"en-US\",\"potentialAction\":[{\"@type\":\"ReadAction\",\"target\":[\"https:\\\/\\\/vitablanca.ma\\\/produit\\\/filorga-hydra-filler-pro-jeunesse-50ml\\\/\"]}]},{\"@type\":\"ImageObject\",\"inLanguage\":\"en-US\",\"@id\":\"https:\\\/\\\/vitablanca.ma\\\/produit\\\/filorga-hydra-filler-pro-jeunesse-50ml\\\/#primaryimage\",\"url\":\"https:\\\/\\\/vitablanca.ma\\\/wp-content\\\/uploads\\\/2025\\\/06\\\/Filorga-HYDRA-FILLER-50ml-nova-para-maroc.jpg\",\"contentUrl\":\"https:\\\/\\\/vitablanca.ma\\\/wp-content\\\/uploads\\\/2025\\\/06\\\/Filorga-HYDRA-FILLER-50ml-nova-para-maroc.jpg\",\"width\":1000,\"height\":1000},{\"@type\":\"BreadcrumbList\",\"@id\":\"https:\\\/\\\/vitablanca.ma\\\/produit\\\/filorga-hydra-filler-pro-jeunesse-50ml\\\/#breadcrumb\",\"itemListElement\":[{\"@type\":\"ListItem\",\"position\":1,\"name\":\"Home\",\"item\":\"https:\\\/\\\/vitablanca.ma\\\/\"},{\"@type\":\"ListItem\",\"position\":2,\"name\":\"Tous Les Produits\",\"item\":\"https:\\\/\\\/vitablanca.ma\\\/tous-les-produits\\\/\"},{\"@type\":\"ListItem\",\"position\":3,\"name\":\"Filorga HYDRA-FILLER Pro-Jeunesse 50ml\"}]},{\"@type\":\"WebSite\",\"@id\":\"https:\\\/\\\/vitablanca.ma\\\/#website\",\"url\":\"https:\\\/\\\/vitablanca.ma\\\/\",\"name\":\"VitaBlanca.ma | Compl\u00e9ments alimentaires, sant\u00e9 & beaut\u00e9 au Maroc\",\"description\":\"vendre vitamines et compl\u00e9ments premium des USA &amp; Canada, Nouvelle Z\u00e9lande,Maroc (NOW Foods, Solgar, Manuka). Livraison rapide partout au Maroc.\",\"publisher\":{\"@id\":\"https:\\\/\\\/vitablanca.ma\\\/#organization\"},\"alternateName\":\"VitaBlanca.ma\",\"potentialAction\":[{\"@type\":\"SearchAction\",\"target\":{\"@type\":\"EntryPoint\",\"urlTemplate\":\"https:\\\/\\\/vitablanca.ma\\\/?s={search_term_string}\"},\"query-input\":{\"@type\":\"PropertyValueSpecification\",\"valueRequired\":true,\"valueName\":\"search_term_string\"}}],\"inLanguage\":\"en-US\"},{\"@type\":\"Organization\",\"@id\":\"https:\\\/\\\/vitablanca.ma\\\/#organization\",\"name\":\"VitaBlanca\",\"url\":\"https:\\\/\\\/vitablanca.ma\\\/\",\"logo\":{\"@type\":\"ImageObject\",\"inLanguage\":\"en-US\",\"@id\":\"https:\\\/\\\/vitablanca.ma\\\/#\\\/schema\\\/logo\\\/image\\\/\",\"url\":\"https:\\\/\\\/vitablanca.ma\\\/wp-content\\\/uploads\\\/2025\\\/05\\\/cropped-vitablanca.png\",\"contentUrl\":\"https:\\\/\\\/vitablanca.ma\\\/wp-content\\\/uploads\\\/2025\\\/05\\\/cropped-vitablanca.png\",\"width\":360,\"height\":67,\"caption\":\"VitaBlanca\"},\"image\":{\"@id\":\"https:\\\/\\\/vitablanca.ma\\\/#\\\/schema\\\/logo\\\/image\\\/\"},\"sameAs\":[\"https:\\\/\\\/www.facebook.com\\\/profile.php?id=61576678196717\",\"https:\\\/\\\/www.tiktok.com\\\/@vitablanca.ma\",\"https:\\\/\\\/www.instagram.com\\\/vitablanca.ma\\\/\"]}]}<\/script>\n<!-- \/ Yoast SEO plugin. -->","yoast_head_json":{"title":"Filorga HYDRA-FILLER Pro-Jeunesse 50ml - Morocco Price","description":"Filorga HYDRA-FILLER Pro-Youth 50ml","robots":{"index":"index","follow":"follow","max-snippet":"max-snippet:-1","max-image-preview":"max-image-preview:large","max-video-preview":"max-video-preview:-1"},"canonical":"https:\/\/vitablanca.ma\/en\/product\/filorga-hydra-filler-pro-jeunesse-50ml\/","og_locale":"en_US","og_type":"article","og_title":"Filorga HYDRA-FILLER Pro-Jeunesse 50ml - Maroc Prix","og_description":"Filorga HYDRA-FILLER Pro-Jeunesse 50ml","og_url":"https:\/\/vitablanca.ma\/en\/product\/filorga-hydra-filler-pro-jeunesse-50ml\/","og_site_name":"Vitablanca.ma &ndash; Sant&eacute;, vitalit&eacute; et bien-&ecirc;tre pour tous les Marocains","article_publisher":"https:\/\/www.facebook.com\/profile.php?id=61576678196717","og_image":[{"width":1000,"height":1000,"url":"https:\/\/vitablanca.ma\/wp-content\/uploads\/2025\/06\/Filorga-HYDRA-FILLER-50ml-nova-para-maroc.jpg","type":"image\/jpeg"}],"twitter_card":"summary_large_image","schema":{"@context":"https:\/\/schema.org","@graph":[{"@type":["WebPage","ItemPage"],"@id":"https:\/\/vitablanca.ma\/produit\/filorga-hydra-filler-pro-jeunesse-50ml\/","url":"https:\/\/vitablanca.ma\/produit\/filorga-hydra-filler-pro-jeunesse-50ml\/","name":"Filorga HYDRA-FILLER Pro-Jeunesse 50ml - Morocco Price","isPartOf":{"@id":"https:\/\/vitablanca.ma\/#website"},"primaryImageOfPage":{"@id":"https:\/\/vitablanca.ma\/produit\/filorga-hydra-filler-pro-jeunesse-50ml\/#primaryimage"},"image":{"@id":"https:\/\/vitablanca.ma\/produit\/filorga-hydra-filler-pro-jeunesse-50ml\/#primaryimage"},"thumbnailUrl":"https:\/\/vitablanca.ma\/wp-content\/uploads\/2025\/06\/Filorga-HYDRA-FILLER-50ml-nova-para-maroc.jpg","datePublished":"2025-06-10T17:19:43+00:00","description":"Filorga HYDRA-FILLER Pro-Youth 50ml","breadcrumb":{"@id":"https:\/\/vitablanca.ma\/produit\/filorga-hydra-filler-pro-jeunesse-50ml\/#breadcrumb"},"inLanguage":"en-US","potentialAction":[{"@type":"ReadAction","target":["https:\/\/vitablanca.ma\/produit\/filorga-hydra-filler-pro-jeunesse-50ml\/"]}]},{"@type":"ImageObject","inLanguage":"en-US","@id":"https:\/\/vitablanca.ma\/produit\/filorga-hydra-filler-pro-jeunesse-50ml\/#primaryimage","url":"https:\/\/vitablanca.ma\/wp-content\/uploads\/2025\/06\/Filorga-HYDRA-FILLER-50ml-nova-para-maroc.jpg","contentUrl":"https:\/\/vitablanca.ma\/wp-content\/uploads\/2025\/06\/Filorga-HYDRA-FILLER-50ml-nova-para-maroc.jpg","width":1000,"height":1000},{"@type":"BreadcrumbList","@id":"https:\/\/vitablanca.ma\/produit\/filorga-hydra-filler-pro-jeunesse-50ml\/#breadcrumb","itemListElement":[{"@type":"ListItem","position":1,"name":"Home","item":"https:\/\/vitablanca.ma\/"},{"@type":"ListItem","position":2,"name":"Tous Les Produits","item":"https:\/\/vitablanca.ma\/tous-les-produits\/"},{"@type":"ListItem","position":3,"name":"Filorga HYDRA-FILLER Pro-Jeunesse 50ml"}]},{"@type":"WebSite","@id":"https:\/\/vitablanca.ma\/#website","url":"https:\/\/vitablanca.ma\/","name":"VitaBlanca.ma | Food supplements, health &amp; beauty in Morocco","description":"sell premium vitamins and supplements from USA &amp; Canada, New Zealand, Morocco (NOW Foods, Solgar, Manuka). Fast delivery anywhere in Morocco.","publisher":{"@id":"https:\/\/vitablanca.ma\/#organization"},"alternateName":"VitaBlanca.ma","potentialAction":[{"@type":"SearchAction","target":{"@type":"EntryPoint","urlTemplate":"https:\/\/vitablanca.ma\/?s={search_term_string}"},"query-input":{"@type":"PropertyValueSpecification","valueRequired":true,"valueName":"search_term_string"}}],"inLanguage":"en-US"},{"@type":"Organization","@id":"https:\/\/vitablanca.ma\/#organization","name":"VitaBlanca","url":"https:\/\/vitablanca.ma\/","logo":{"@type":"ImageObject","inLanguage":"en-US","@id":"https:\/\/vitablanca.ma\/#\/schema\/logo\/image\/","url":"https:\/\/vitablanca.ma\/wp-content\/uploads\/2025\/05\/cropped-vitablanca.png","contentUrl":"https:\/\/vitablanca.ma\/wp-content\/uploads\/2025\/05\/cropped-vitablanca.png","width":360,"height":67,"caption":"VitaBlanca"},"image":{"@id":"https:\/\/vitablanca.ma\/#\/schema\/logo\/image\/"},"sameAs":["https:\/\/www.facebook.com\/profile.php?id=61576678196717","https:\/\/www.tiktok.com\/@vitablanca.ma","https:\/\/www.instagram.com\/vitablanca.ma\/"]}]}},"jetpack_sharing_enabled":true,"_links":{"self":[{"href":"https:\/\/vitablanca.ma\/en\/wp-json\/wp\/v2\/product\/18284","targetHints":{"allow":["GET"]}}],"collection":[{"href":"https:\/\/vitablanca.ma\/en\/wp-json\/wp\/v2\/product"}],"about":[{"href":"https:\/\/vitablanca.ma\/en\/wp-json\/wp\/v2\/types\/product"}],"wp:featuredmedia":[{"embeddable":true,"href":"https:\/\/vitablanca.ma\/en\/wp-json\/wp\/v2\/media\/18281"}],"wp:attachment":[{"href":"https:\/\/vitablanca.ma\/en\/wp-json\/wp\/v2\/media?parent=18284"}],"wp:term":[{"taxonomy":"product_brand","embeddable":true,"href":"https:\/\/vitablanca.ma\/en\/wp-json\/wp\/v2\/product_brand?post=18284"},{"taxonomy":"product_cat","embeddable":true,"href":"https:\/\/vitablanca.ma\/en\/wp-json\/wp\/v2\/product_cat?post=18284"},{"taxonomy":"product_tag","embeddable":true,"href":"https:\/\/vitablanca.ma\/en\/wp-json\/wp\/v2\/product_tag?post=18284"}],"curies":[{"name":"wp","href":"https:\/\/api.w.org\/{rel}","templated":true}]}}