{"id":18276,"date":"2025-06-10T17:19:35","date_gmt":"2025-06-10T17:19:35","guid":{"rendered":"https:\/\/vitablanca.ma\/product\/forte-pharma-acerola-vitamine-c-12-comprimes\/"},"modified":"2025-06-10T17:19:35","modified_gmt":"2025-06-10T17:19:35","slug":"forte-pharma-acerola-vitamine-c-12-comprimes","status":"publish","type":"product","link":"https:\/\/vitablanca.ma\/en\/product\/forte-pharma-acerola-vitamine-c-12-comprimes\/","title":{"rendered":"Fort\u00e9 Pharma Acerola Vitamin C 12 Tablets"},"content":{"rendered":"<h2><span data-mce-fragment=\"1\">Fort\u00e9 Pharma Acerola Vitamin C\u00a0<\/span><\/h2>\n<div class=\"jb-product-collateral\">\n<div class=\"tab-content\">\n<div id=\"tab1\" class=\"tabs\">\n<div class=\"container\">\n<div class=\"tab-content-inner\">\n<p>There<strong><span>\u00a0<\/span>Vitamin C<\/strong><span>\u00a0<\/span>is naturally present in many fruits and vegetables. But which fruit is richest in<span>\u00a0<\/span><strong>Vitamin C<\/strong><span>\u00a0<\/span>?<\/p>\n<p>The acerola fruit is one of the richest fruits in<span>\u00a0<\/span><strong>Vitamin C<\/strong><span>\u00a0<\/span>: it contains some<strong><span>\u00a0<\/span>20 to 30 times more than oranges!<\/strong><\/p>\n<h3 class=\"tab-sub-heading\"><strong>What is vitamin C used for?<\/strong><\/h3>\n<p>There<span>\u00a0<\/span><strong>Vitamin C<\/strong><span>\u00a0<\/span>is essential to our body. Above all, it helps us stay in shape through two actions:<br \/>\u2013 it helps you replenish your energy by contributing to the absorption and storage of iron in your body. Say goodbye to those energy dips!<br \/>- there<span>\u00a0<\/span><strong>Vitamin C<span>\u00a0<\/span><\/strong>contributes to the normal functioning of the immune system<\/p>\n<h3><strong>A natural solution for a boost<\/strong><\/h3>\n<p>With<span>\u00a0<\/span><strong>Acerola<\/strong>, we provide a natural solution to your loss of form. Because this South American cherry is an exceptional and natural source of<span>\u00a0<\/span><strong>Vitamin C,<\/strong><span>\u00a0<\/span>It is called a \u201csuperfruit\u201d.<span>\u00a0<\/span><strong>Acerola<span>\u00a0<\/span><\/strong>It is also a pleasure to bite into, with its delicious red fruit flavor.<\/p>\n<p>In addition,<span>\u00a0<\/span><strong>Acerola<\/strong><span>\u00a0<\/span>can be taken anywhere thanks to its portable tube or blister formats that are easy to slip into your bag and find again!<\/p>\n<\/div>\n<div class=\"tab-content-inner-2\"><\/div>\n<\/div>\n<\/div>\n<\/div>\n<\/div>\n<div class=\"jb-product-collateral\">\n<div class=\"tab-content\">\n<div id=\"tab2\" class=\"tabs\">\n<div class=\"container\">\n<h3 class=\"tab-content-title\">BENEFITS:<\/h3>\n<div class=\"tab-content-inner\">\n<p><strong>High-dose vitamin C<\/strong><\/p>\n<p>To keep you fit and energized for the rest of the day, our Acerola has been formulated with 120mg of<span>\u00a0<\/span><strong>Vitamin C<\/strong><span>\u00a0<\/span>100% of natural origin for each tablet, or 150% of the NRVs*.<\/p>\n<p>Chew a tablet of<strong>Acerola<\/strong><span>\u00a0<\/span>every day allows you to cover your daily needs and helps you:<br \/>\u2013 to fight against the<strong><span>\u00a0<\/span>fatigue<\/strong><br \/>\u2013 to maintain your<span>\u00a0<\/span><strong>natural defenses<\/strong><span>\u00a0<\/span>thanks to the<span>\u00a0<\/span><strong>Vitamin C<\/strong><span>\u00a0<\/span>which contributes to reducing fatigue and the normal functioning of the immune system.<\/p>\n<h3><span>HOW TO USE IT?<\/span><\/h3>\n<p><span>A dietary supplement should not replace a varied and balanced diet and a healthy lifestyle. Do not exceed the recommended daily dose. Keep out of reach of young children. Not recommended for pregnant or breastfeeding women or children under 12 years of age without medical advice. Gelatin-free. Gluten-free. No ingredients of animal origin. Excessive consumption may have laxative effects. This dietary supplement is not a medicine.<\/span><\/p>\n<\/div>\n<\/div>\n<\/div>\n<\/div>\n<\/div>","protected":false},"excerpt":{"rendered":"<p>Fort\u00e9 Pharma Ac\u00e9rola Vitamine C\u00a0 La\u00a0Vitamine C\u00a0est naturellement pr\u00e9sente dans de nombreux fruits et l\u00e9gumes. Mais quel est le fruit le plus riche en\u00a0Vitamine C\u00a0? Le fruit de l&rsquo;ac\u00e9rola est un des fruits les plus riches en\u00a0Vitamine C\u00a0: il en contient\u00a020 \u00e0 30 fois plus que l&rsquo;orange ! A quoi sert la vitamine C ? [&hellip;]<\/p>\n","protected":false},"featured_media":18274,"template":"","meta":{"om_disable_all_campaigns":false},"product_brand":[],"product_cat":[15],"product_tag":[],"class_list":{"0":"post-18276","1":"product","2":"type-product","3":"status-publish","4":"has-post-thumbnail","6":"product_cat-beaute-sante-complements-alimentaires-soins-et-bien-etre-au-meilleur-prix","8":"first","9":"instock","10":"sale","11":"taxable","12":"shipping-taxable","13":"purchasable","14":"product-type-simple"},"yoast_head":"<!-- This site is optimized with the Yoast SEO plugin v27.3 - https:\/\/yoast.com\/product\/yoast-seo-wordpress\/ -->\n<title>Fort\u00e9 Pharma Ac\u00e9rola Vitamine C 12 Comprim\u00e9s - Maroc Prix<\/title>\n<meta name=\"description\" content=\"Fort\u00e9 Pharma Ac\u00e9rola Vitamine C 12 Comprim\u00e9s\" \/>\n<meta name=\"robots\" content=\"index, follow, max-snippet:-1, max-image-preview:large, max-video-preview:-1\" \/>\n<link rel=\"canonical\" href=\"https:\/\/vitablanca.ma\/en\/product\/forte-pharma-acerola-vitamine-c-12-comprimes\/\" \/>\n<meta property=\"og:locale\" content=\"en_US\" \/>\n<meta property=\"og:type\" content=\"article\" \/>\n<meta property=\"og:title\" content=\"Fort\u00e9 Pharma Ac\u00e9rola Vitamine C 12 Comprim\u00e9s - Maroc Prix\" \/>\n<meta property=\"og:description\" content=\"Fort\u00e9 Pharma Ac\u00e9rola Vitamine C 12 Comprim\u00e9s\" \/>\n<meta property=\"og:url\" content=\"https:\/\/vitablanca.ma\/en\/product\/forte-pharma-acerola-vitamine-c-12-comprimes\/\" \/>\n<meta property=\"og:site_name\" content=\"Vitablanca.ma &ndash; Sant&eacute;, vitalit&eacute; et bien-&ecirc;tre pour tous les Marocains\" \/>\n<meta property=\"article:publisher\" content=\"https:\/\/www.facebook.com\/profile.php?id=61576678196717\" \/>\n<meta property=\"og:image\" content=\"https:\/\/vitablanca.ma\/wp-content\/uploads\/2025\/06\/Forte-Pharma-Acerola-Vitamine-C-12-Comprimes-nova-parapharmacie-casablanca.jpg\" \/>\n\t<meta property=\"og:image:width\" content=\"1000\" \/>\n\t<meta property=\"og:image:height\" content=\"1000\" \/>\n\t<meta property=\"og:image:type\" content=\"image\/jpeg\" \/>\n<meta name=\"twitter:card\" content=\"summary_large_image\" \/>\n<meta name=\"twitter:label1\" content=\"Est. reading time\" \/>\n\t<meta name=\"twitter:data1\" content=\"2 minutes\" \/>\n<script type=\"application\/ld+json\" class=\"yoast-schema-graph\">{\"@context\":\"https:\\\/\\\/schema.org\",\"@graph\":[{\"@type\":[\"WebPage\",\"ItemPage\"],\"@id\":\"https:\\\/\\\/vitablanca.ma\\\/produit\\\/forte-pharma-acerola-vitamine-c-12-comprimes\\\/\",\"url\":\"https:\\\/\\\/vitablanca.ma\\\/produit\\\/forte-pharma-acerola-vitamine-c-12-comprimes\\\/\",\"name\":\"Fort\u00e9 Pharma Ac\u00e9rola Vitamine C 12 Comprim\u00e9s - Maroc Prix\",\"isPartOf\":{\"@id\":\"https:\\\/\\\/vitablanca.ma\\\/#website\"},\"primaryImageOfPage\":{\"@id\":\"https:\\\/\\\/vitablanca.ma\\\/produit\\\/forte-pharma-acerola-vitamine-c-12-comprimes\\\/#primaryimage\"},\"image\":{\"@id\":\"https:\\\/\\\/vitablanca.ma\\\/produit\\\/forte-pharma-acerola-vitamine-c-12-comprimes\\\/#primaryimage\"},\"thumbnailUrl\":\"https:\\\/\\\/vitablanca.ma\\\/wp-content\\\/uploads\\\/2025\\\/06\\\/Forte-Pharma-Acerola-Vitamine-C-12-Comprimes-nova-parapharmacie-casablanca.jpg\",\"datePublished\":\"2025-06-10T17:19:35+00:00\",\"description\":\"Fort\u00e9 Pharma Ac\u00e9rola Vitamine C 12 Comprim\u00e9s\",\"breadcrumb\":{\"@id\":\"https:\\\/\\\/vitablanca.ma\\\/produit\\\/forte-pharma-acerola-vitamine-c-12-comprimes\\\/#breadcrumb\"},\"inLanguage\":\"en-US\",\"potentialAction\":[{\"@type\":\"ReadAction\",\"target\":[\"https:\\\/\\\/vitablanca.ma\\\/produit\\\/forte-pharma-acerola-vitamine-c-12-comprimes\\\/\"]}]},{\"@type\":\"ImageObject\",\"inLanguage\":\"en-US\",\"@id\":\"https:\\\/\\\/vitablanca.ma\\\/produit\\\/forte-pharma-acerola-vitamine-c-12-comprimes\\\/#primaryimage\",\"url\":\"https:\\\/\\\/vitablanca.ma\\\/wp-content\\\/uploads\\\/2025\\\/06\\\/Forte-Pharma-Acerola-Vitamine-C-12-Comprimes-nova-parapharmacie-casablanca.jpg\",\"contentUrl\":\"https:\\\/\\\/vitablanca.ma\\\/wp-content\\\/uploads\\\/2025\\\/06\\\/Forte-Pharma-Acerola-Vitamine-C-12-Comprimes-nova-parapharmacie-casablanca.jpg\",\"width\":1000,\"height\":1000},{\"@type\":\"BreadcrumbList\",\"@id\":\"https:\\\/\\\/vitablanca.ma\\\/produit\\\/forte-pharma-acerola-vitamine-c-12-comprimes\\\/#breadcrumb\",\"itemListElement\":[{\"@type\":\"ListItem\",\"position\":1,\"name\":\"Home\",\"item\":\"https:\\\/\\\/vitablanca.ma\\\/\"},{\"@type\":\"ListItem\",\"position\":2,\"name\":\"Tous Les Produits\",\"item\":\"https:\\\/\\\/vitablanca.ma\\\/tous-les-produits\\\/\"},{\"@type\":\"ListItem\",\"position\":3,\"name\":\"Fort\u00e9 Pharma Ac\u00e9rola Vitamine C 12 Comprim\u00e9s\"}]},{\"@type\":\"WebSite\",\"@id\":\"https:\\\/\\\/vitablanca.ma\\\/#website\",\"url\":\"https:\\\/\\\/vitablanca.ma\\\/\",\"name\":\"VitaBlanca.ma | Compl\u00e9ments alimentaires, sant\u00e9 & beaut\u00e9 au Maroc\",\"description\":\"vendre vitamines et compl\u00e9ments premium des USA &amp; Canada, Nouvelle Z\u00e9lande,Maroc (NOW Foods, Solgar, Manuka). Livraison rapide partout au Maroc.\",\"publisher\":{\"@id\":\"https:\\\/\\\/vitablanca.ma\\\/#organization\"},\"alternateName\":\"VitaBlanca.ma\",\"potentialAction\":[{\"@type\":\"SearchAction\",\"target\":{\"@type\":\"EntryPoint\",\"urlTemplate\":\"https:\\\/\\\/vitablanca.ma\\\/?s={search_term_string}\"},\"query-input\":{\"@type\":\"PropertyValueSpecification\",\"valueRequired\":true,\"valueName\":\"search_term_string\"}}],\"inLanguage\":\"en-US\"},{\"@type\":\"Organization\",\"@id\":\"https:\\\/\\\/vitablanca.ma\\\/#organization\",\"name\":\"VitaBlanca\",\"url\":\"https:\\\/\\\/vitablanca.ma\\\/\",\"logo\":{\"@type\":\"ImageObject\",\"inLanguage\":\"en-US\",\"@id\":\"https:\\\/\\\/vitablanca.ma\\\/#\\\/schema\\\/logo\\\/image\\\/\",\"url\":\"https:\\\/\\\/vitablanca.ma\\\/wp-content\\\/uploads\\\/2025\\\/05\\\/cropped-vitablanca.png\",\"contentUrl\":\"https:\\\/\\\/vitablanca.ma\\\/wp-content\\\/uploads\\\/2025\\\/05\\\/cropped-vitablanca.png\",\"width\":360,\"height\":67,\"caption\":\"VitaBlanca\"},\"image\":{\"@id\":\"https:\\\/\\\/vitablanca.ma\\\/#\\\/schema\\\/logo\\\/image\\\/\"},\"sameAs\":[\"https:\\\/\\\/www.facebook.com\\\/profile.php?id=61576678196717\",\"https:\\\/\\\/www.tiktok.com\\\/@vitablanca.ma\",\"https:\\\/\\\/www.instagram.com\\\/vitablanca.ma\\\/\"]}]}<\/script>\n<!-- \/ Yoast SEO plugin. -->","yoast_head_json":{"title":"Fort\u00e9 Pharma Acerola Vitamin C 12 Tablets - Morocco Price","description":"Fort\u00e9 Pharma Acerola Vitamin C 12 Tablets","robots":{"index":"index","follow":"follow","max-snippet":"max-snippet:-1","max-image-preview":"max-image-preview:large","max-video-preview":"max-video-preview:-1"},"canonical":"https:\/\/vitablanca.ma\/en\/product\/forte-pharma-acerola-vitamine-c-12-comprimes\/","og_locale":"en_US","og_type":"article","og_title":"Fort\u00e9 Pharma Ac\u00e9rola Vitamine C 12 Comprim\u00e9s - Maroc Prix","og_description":"Fort\u00e9 Pharma Ac\u00e9rola Vitamine C 12 Comprim\u00e9s","og_url":"https:\/\/vitablanca.ma\/en\/product\/forte-pharma-acerola-vitamine-c-12-comprimes\/","og_site_name":"Vitablanca.ma &ndash; Sant&eacute;, vitalit&eacute; et bien-&ecirc;tre pour tous les Marocains","article_publisher":"https:\/\/www.facebook.com\/profile.php?id=61576678196717","og_image":[{"width":1000,"height":1000,"url":"https:\/\/vitablanca.ma\/wp-content\/uploads\/2025\/06\/Forte-Pharma-Acerola-Vitamine-C-12-Comprimes-nova-parapharmacie-casablanca.jpg","type":"image\/jpeg"}],"twitter_card":"summary_large_image","twitter_misc":{"Est. reading time":"2 minutes"},"schema":{"@context":"https:\/\/schema.org","@graph":[{"@type":["WebPage","ItemPage"],"@id":"https:\/\/vitablanca.ma\/produit\/forte-pharma-acerola-vitamine-c-12-comprimes\/","url":"https:\/\/vitablanca.ma\/produit\/forte-pharma-acerola-vitamine-c-12-comprimes\/","name":"Fort\u00e9 Pharma Acerola Vitamin C 12 Tablets - Morocco Price","isPartOf":{"@id":"https:\/\/vitablanca.ma\/#website"},"primaryImageOfPage":{"@id":"https:\/\/vitablanca.ma\/produit\/forte-pharma-acerola-vitamine-c-12-comprimes\/#primaryimage"},"image":{"@id":"https:\/\/vitablanca.ma\/produit\/forte-pharma-acerola-vitamine-c-12-comprimes\/#primaryimage"},"thumbnailUrl":"https:\/\/vitablanca.ma\/wp-content\/uploads\/2025\/06\/Forte-Pharma-Acerola-Vitamine-C-12-Comprimes-nova-parapharmacie-casablanca.jpg","datePublished":"2025-06-10T17:19:35+00:00","description":"Fort\u00e9 Pharma Acerola Vitamin C 12 Tablets","breadcrumb":{"@id":"https:\/\/vitablanca.ma\/produit\/forte-pharma-acerola-vitamine-c-12-comprimes\/#breadcrumb"},"inLanguage":"en-US","potentialAction":[{"@type":"ReadAction","target":["https:\/\/vitablanca.ma\/produit\/forte-pharma-acerola-vitamine-c-12-comprimes\/"]}]},{"@type":"ImageObject","inLanguage":"en-US","@id":"https:\/\/vitablanca.ma\/produit\/forte-pharma-acerola-vitamine-c-12-comprimes\/#primaryimage","url":"https:\/\/vitablanca.ma\/wp-content\/uploads\/2025\/06\/Forte-Pharma-Acerola-Vitamine-C-12-Comprimes-nova-parapharmacie-casablanca.jpg","contentUrl":"https:\/\/vitablanca.ma\/wp-content\/uploads\/2025\/06\/Forte-Pharma-Acerola-Vitamine-C-12-Comprimes-nova-parapharmacie-casablanca.jpg","width":1000,"height":1000},{"@type":"BreadcrumbList","@id":"https:\/\/vitablanca.ma\/produit\/forte-pharma-acerola-vitamine-c-12-comprimes\/#breadcrumb","itemListElement":[{"@type":"ListItem","position":1,"name":"Home","item":"https:\/\/vitablanca.ma\/"},{"@type":"ListItem","position":2,"name":"Tous Les Produits","item":"https:\/\/vitablanca.ma\/tous-les-produits\/"},{"@type":"ListItem","position":3,"name":"Fort\u00e9 Pharma Ac\u00e9rola Vitamine C 12 Comprim\u00e9s"}]},{"@type":"WebSite","@id":"https:\/\/vitablanca.ma\/#website","url":"https:\/\/vitablanca.ma\/","name":"VitaBlanca.ma | Food supplements, health &amp; beauty in Morocco","description":"sell premium vitamins and supplements from USA &amp; Canada, New Zealand, Morocco (NOW Foods, Solgar, Manuka). Fast delivery anywhere in Morocco.","publisher":{"@id":"https:\/\/vitablanca.ma\/#organization"},"alternateName":"VitaBlanca.ma","potentialAction":[{"@type":"SearchAction","target":{"@type":"EntryPoint","urlTemplate":"https:\/\/vitablanca.ma\/?s={search_term_string}"},"query-input":{"@type":"PropertyValueSpecification","valueRequired":true,"valueName":"search_term_string"}}],"inLanguage":"en-US"},{"@type":"Organization","@id":"https:\/\/vitablanca.ma\/#organization","name":"VitaBlanca","url":"https:\/\/vitablanca.ma\/","logo":{"@type":"ImageObject","inLanguage":"en-US","@id":"https:\/\/vitablanca.ma\/#\/schema\/logo\/image\/","url":"https:\/\/vitablanca.ma\/wp-content\/uploads\/2025\/05\/cropped-vitablanca.png","contentUrl":"https:\/\/vitablanca.ma\/wp-content\/uploads\/2025\/05\/cropped-vitablanca.png","width":360,"height":67,"caption":"VitaBlanca"},"image":{"@id":"https:\/\/vitablanca.ma\/#\/schema\/logo\/image\/"},"sameAs":["https:\/\/www.facebook.com\/profile.php?id=61576678196717","https:\/\/www.tiktok.com\/@vitablanca.ma","https:\/\/www.instagram.com\/vitablanca.ma\/"]}]}},"jetpack_sharing_enabled":true,"_links":{"self":[{"href":"https:\/\/vitablanca.ma\/en\/wp-json\/wp\/v2\/product\/18276","targetHints":{"allow":["GET"]}}],"collection":[{"href":"https:\/\/vitablanca.ma\/en\/wp-json\/wp\/v2\/product"}],"about":[{"href":"https:\/\/vitablanca.ma\/en\/wp-json\/wp\/v2\/types\/product"}],"wp:featuredmedia":[{"embeddable":true,"href":"https:\/\/vitablanca.ma\/en\/wp-json\/wp\/v2\/media\/18274"}],"wp:attachment":[{"href":"https:\/\/vitablanca.ma\/en\/wp-json\/wp\/v2\/media?parent=18276"}],"wp:term":[{"taxonomy":"product_brand","embeddable":true,"href":"https:\/\/vitablanca.ma\/en\/wp-json\/wp\/v2\/product_brand?post=18276"},{"taxonomy":"product_cat","embeddable":true,"href":"https:\/\/vitablanca.ma\/en\/wp-json\/wp\/v2\/product_cat?post=18276"},{"taxonomy":"product_tag","embeddable":true,"href":"https:\/\/vitablanca.ma\/en\/wp-json\/wp\/v2\/product_tag?post=18276"}],"curies":[{"name":"wp","href":"https:\/\/api.w.org\/{rel}","templated":true}]}}