{"id":18275,"date":"2025-06-10T17:19:34","date_gmt":"2025-06-10T17:19:34","guid":{"rendered":"https:\/\/vitablanca.ma\/product\/fenioux-curcuma-proactif-foie-et-tube-digestif-230mg-90-gelules\/"},"modified":"2025-06-10T17:19:34","modified_gmt":"2025-06-10T17:19:34","slug":"fenioux-curcuma-proactif-foie-et-tube-digestif-230mg-90-gelules","status":"publish","type":"product","link":"https:\/\/vitablanca.ma\/en\/product\/fenioux-curcuma-proactif-foie-et-tube-digestif-230mg-90-gelules\/","title":{"rendered":"Fenioux Turmeric Proactive Liver and Digestive Tract 230mg 90 Capsules"},"content":{"rendered":"<h2>Fenioux Turmeric Proactive Liver and Digestive Tract<\/h2>\n<div class=\"tabContener2 appOngletContainer\" id=\"block1\">\n<p><span><strong>Turmeric<\/strong><\/span><span>\u00a0<\/span>is a<span><strong>\u00a0major traditional Indian plant<\/strong><\/span>.<\/p>\n<p>For example, it has been used in cooking for a very long time as a spice (the main ingredient in curry).<\/p>\n<p>Its properties are universally recognized.<\/p>\n<p><strong><span>Proactive Curcuma\u00ae combines<\/span><\/strong><span>\u00a0<\/span>THE<span>\u00a0<\/span><span><strong>turmeric<\/strong><\/span><span>\u00a0<\/span>and the<span>\u00a0<\/span><span><strong>black pepper<\/strong><\/span>.<\/p>\n<p>Within this association, the<span>\u00a0<\/span><span><strong>turmeric helps<\/strong><\/span><span>\u00a0<\/span>has<span>\u00a0<\/span><span><strong>maintain<\/strong><\/span><span>\u00a0<\/span>THE<span>\u00a0<\/span><span><strong>proper functioning<\/strong><\/span><span>\u00a0<\/span>of<span><strong>\u00a0liver<\/strong><\/span><span>\u00a0<\/span>And<span>\u00a0<\/span><span><strong>helps digestion<\/strong><\/span>.<\/p>\n<p>Indeed, the<span>\u00a0<\/span><span><strong>turmeric contributes<\/strong><\/span><span>\u00a0<\/span>At<span>\u00a0<\/span><span><strong>normal operation<\/strong><\/span><span>\u00a0<\/span>of<span>\u00a0<\/span><span><strong>intestinal tract<\/strong><\/span>.<\/p>\n<p>He<span>\u00a0<\/span><span><strong>help<\/strong><\/span><span>\u00a0<\/span>also to<span>\u00a0<\/span><strong><span>maintain<\/span><\/strong><span>\u00a0<\/span>there<span>\u00a0<\/span><span><strong>health<\/strong><\/span><span>\u00a0<\/span>of the<span>\u00a0<\/span><span><strong>joints<\/strong><\/span><span>\u00a0<\/span>and<span>\u00a0<\/span><span><strong>bone<\/strong><\/span>.<\/p>\n<p><span><b>90 capsules \u2013 230 mg<br \/>Box for 1 month<\/b><br \/>Net weight: 27.4 g<\/span><\/p>\n<h3><span>Directions for use:<\/span><\/h3>\n<p>1 capsule morning, noon and evening with a large glass of water, during meals.<\/p>\n<p>Do not exceed the recommended daily dose.<br \/>Keep out of reach of young children.<br \/>A food supplement should not replace a varied and balanced diet and a healthy lifestyle.<br \/>Store the product away from light, heat and humidity.<br \/>Not recommended for children, adolescents under 18, pregnant or breastfeeding women.<br \/>Not recommended for bile duct obstruction, cholangitis, liver disease, gallstones and any other biliary diseases.<br \/>If you are taking medication (including anticoagulants) at the same time, ask your doctor for advice.<\/p>\n<\/div>","protected":false},"excerpt":{"rendered":"<p>Fenioux Curcuma Proactif Foie et Tube Digestif Le curcuma\u00a0est une\u00a0plante traditionnelle indienne majeure. Par exemple, il est utilis\u00e9 depuis tr\u00e8s longtemps dans la cuisine comme \u00e9pice (ingr\u00e9dient principal du curry). Ses propri\u00e9t\u00e9s sont universellement reconnues. Curcuma Proactif\u00ae associe\u00a0le\u00a0curcuma\u00a0et le\u00a0poivre noir. Au sein de cette association, le\u00a0curcuma aide\u00a0\u00e0\u00a0maintenir\u00a0le\u00a0bon fonctionnement\u00a0du\u00a0foie\u00a0et\u00a0aide la digestion. En effet, le\u00a0curcuma contribue\u00a0au\u00a0fonctionnement normal\u00a0du\u00a0tractus [&hellip;]<\/p>\n","protected":false},"featured_media":18273,"template":"","meta":{"om_disable_all_campaigns":false},"product_brand":[],"product_cat":[15],"product_tag":[],"class_list":{"0":"post-18275","1":"product","2":"type-product","3":"status-publish","4":"has-post-thumbnail","6":"product_cat-beaute-sante-complements-alimentaires-soins-et-bien-etre-au-meilleur-prix","8":"first","9":"instock","10":"sale","11":"taxable","12":"shipping-taxable","13":"purchasable","14":"product-type-simple"},"yoast_head":"<!-- This site is optimized with the Yoast SEO plugin v27.3 - https:\/\/yoast.com\/product\/yoast-seo-wordpress\/ -->\n<title>Fenioux Curcuma Proactif Foie et Tube Digestif 230mg 90 G\u00e9lules - Maroc Prix<\/title>\n<meta name=\"description\" content=\"Fenioux Curcuma Proactif Foie et Tube Digestif 230mg 90 G\u00e9lules\" \/>\n<meta name=\"robots\" content=\"index, follow, max-snippet:-1, max-image-preview:large, max-video-preview:-1\" \/>\n<link rel=\"canonical\" href=\"https:\/\/vitablanca.ma\/en\/product\/fenioux-curcuma-proactif-foie-et-tube-digestif-230mg-90-gelules\/\" \/>\n<meta property=\"og:locale\" content=\"en_US\" \/>\n<meta property=\"og:type\" content=\"article\" \/>\n<meta property=\"og:title\" content=\"Fenioux Curcuma Proactif Foie et Tube Digestif 230mg 90 G\u00e9lules - Maroc Prix\" \/>\n<meta property=\"og:description\" content=\"Fenioux Curcuma Proactif Foie et Tube Digestif 230mg 90 G\u00e9lules\" \/>\n<meta property=\"og:url\" content=\"https:\/\/vitablanca.ma\/en\/product\/fenioux-curcuma-proactif-foie-et-tube-digestif-230mg-90-gelules\/\" \/>\n<meta property=\"og:site_name\" content=\"Vitablanca.ma &ndash; Sant&eacute;, vitalit&eacute; et bien-&ecirc;tre pour tous les Marocains\" \/>\n<meta property=\"article:publisher\" content=\"https:\/\/www.facebook.com\/profile.php?id=61576678196717\" \/>\n<meta property=\"og:image\" content=\"https:\/\/vitablanca.ma\/wp-content\/uploads\/2025\/06\/Fenioux-Curcuma-Proactif-Foie-et-Tube-Digestif-230mg-90-Gelules-nova-parapharmacie-casablanca.jpg\" \/>\n\t<meta property=\"og:image:width\" content=\"1000\" \/>\n\t<meta property=\"og:image:height\" content=\"1000\" \/>\n\t<meta property=\"og:image:type\" content=\"image\/jpeg\" \/>\n<meta name=\"twitter:card\" content=\"summary_large_image\" \/>\n<meta name=\"twitter:label1\" content=\"Est. reading time\" \/>\n\t<meta name=\"twitter:data1\" content=\"1 minute\" \/>\n<script type=\"application\/ld+json\" class=\"yoast-schema-graph\">{\"@context\":\"https:\\\/\\\/schema.org\",\"@graph\":[{\"@type\":[\"WebPage\",\"ItemPage\"],\"@id\":\"https:\\\/\\\/vitablanca.ma\\\/produit\\\/fenioux-curcuma-proactif-foie-et-tube-digestif-230mg-90-gelules\\\/\",\"url\":\"https:\\\/\\\/vitablanca.ma\\\/produit\\\/fenioux-curcuma-proactif-foie-et-tube-digestif-230mg-90-gelules\\\/\",\"name\":\"Fenioux Curcuma Proactif Foie et Tube Digestif 230mg 90 G\u00e9lules - Maroc Prix\",\"isPartOf\":{\"@id\":\"https:\\\/\\\/vitablanca.ma\\\/#website\"},\"primaryImageOfPage\":{\"@id\":\"https:\\\/\\\/vitablanca.ma\\\/produit\\\/fenioux-curcuma-proactif-foie-et-tube-digestif-230mg-90-gelules\\\/#primaryimage\"},\"image\":{\"@id\":\"https:\\\/\\\/vitablanca.ma\\\/produit\\\/fenioux-curcuma-proactif-foie-et-tube-digestif-230mg-90-gelules\\\/#primaryimage\"},\"thumbnailUrl\":\"https:\\\/\\\/vitablanca.ma\\\/wp-content\\\/uploads\\\/2025\\\/06\\\/Fenioux-Curcuma-Proactif-Foie-et-Tube-Digestif-230mg-90-Gelules-nova-parapharmacie-casablanca.jpg\",\"datePublished\":\"2025-06-10T17:19:34+00:00\",\"description\":\"Fenioux Curcuma Proactif Foie et Tube Digestif 230mg 90 G\u00e9lules\",\"breadcrumb\":{\"@id\":\"https:\\\/\\\/vitablanca.ma\\\/produit\\\/fenioux-curcuma-proactif-foie-et-tube-digestif-230mg-90-gelules\\\/#breadcrumb\"},\"inLanguage\":\"en-US\",\"potentialAction\":[{\"@type\":\"ReadAction\",\"target\":[\"https:\\\/\\\/vitablanca.ma\\\/produit\\\/fenioux-curcuma-proactif-foie-et-tube-digestif-230mg-90-gelules\\\/\"]}]},{\"@type\":\"ImageObject\",\"inLanguage\":\"en-US\",\"@id\":\"https:\\\/\\\/vitablanca.ma\\\/produit\\\/fenioux-curcuma-proactif-foie-et-tube-digestif-230mg-90-gelules\\\/#primaryimage\",\"url\":\"https:\\\/\\\/vitablanca.ma\\\/wp-content\\\/uploads\\\/2025\\\/06\\\/Fenioux-Curcuma-Proactif-Foie-et-Tube-Digestif-230mg-90-Gelules-nova-parapharmacie-casablanca.jpg\",\"contentUrl\":\"https:\\\/\\\/vitablanca.ma\\\/wp-content\\\/uploads\\\/2025\\\/06\\\/Fenioux-Curcuma-Proactif-Foie-et-Tube-Digestif-230mg-90-Gelules-nova-parapharmacie-casablanca.jpg\",\"width\":1000,\"height\":1000},{\"@type\":\"BreadcrumbList\",\"@id\":\"https:\\\/\\\/vitablanca.ma\\\/produit\\\/fenioux-curcuma-proactif-foie-et-tube-digestif-230mg-90-gelules\\\/#breadcrumb\",\"itemListElement\":[{\"@type\":\"ListItem\",\"position\":1,\"name\":\"Home\",\"item\":\"https:\\\/\\\/vitablanca.ma\\\/\"},{\"@type\":\"ListItem\",\"position\":2,\"name\":\"Tous Les Produits\",\"item\":\"https:\\\/\\\/vitablanca.ma\\\/tous-les-produits\\\/\"},{\"@type\":\"ListItem\",\"position\":3,\"name\":\"Fenioux Curcuma Proactif Foie et Tube Digestif 230mg 90 G\u00e9lules\"}]},{\"@type\":\"WebSite\",\"@id\":\"https:\\\/\\\/vitablanca.ma\\\/#website\",\"url\":\"https:\\\/\\\/vitablanca.ma\\\/\",\"name\":\"VitaBlanca.ma | Compl\u00e9ments alimentaires, sant\u00e9 & beaut\u00e9 au Maroc\",\"description\":\"vendre vitamines et compl\u00e9ments premium des USA &amp; Canada, Nouvelle Z\u00e9lande,Maroc (NOW Foods, Solgar, Manuka). Livraison rapide partout au Maroc.\",\"publisher\":{\"@id\":\"https:\\\/\\\/vitablanca.ma\\\/#organization\"},\"alternateName\":\"VitaBlanca.ma\",\"potentialAction\":[{\"@type\":\"SearchAction\",\"target\":{\"@type\":\"EntryPoint\",\"urlTemplate\":\"https:\\\/\\\/vitablanca.ma\\\/?s={search_term_string}\"},\"query-input\":{\"@type\":\"PropertyValueSpecification\",\"valueRequired\":true,\"valueName\":\"search_term_string\"}}],\"inLanguage\":\"en-US\"},{\"@type\":\"Organization\",\"@id\":\"https:\\\/\\\/vitablanca.ma\\\/#organization\",\"name\":\"VitaBlanca\",\"url\":\"https:\\\/\\\/vitablanca.ma\\\/\",\"logo\":{\"@type\":\"ImageObject\",\"inLanguage\":\"en-US\",\"@id\":\"https:\\\/\\\/vitablanca.ma\\\/#\\\/schema\\\/logo\\\/image\\\/\",\"url\":\"https:\\\/\\\/vitablanca.ma\\\/wp-content\\\/uploads\\\/2025\\\/05\\\/cropped-vitablanca.png\",\"contentUrl\":\"https:\\\/\\\/vitablanca.ma\\\/wp-content\\\/uploads\\\/2025\\\/05\\\/cropped-vitablanca.png\",\"width\":360,\"height\":67,\"caption\":\"VitaBlanca\"},\"image\":{\"@id\":\"https:\\\/\\\/vitablanca.ma\\\/#\\\/schema\\\/logo\\\/image\\\/\"},\"sameAs\":[\"https:\\\/\\\/www.facebook.com\\\/profile.php?id=61576678196717\",\"https:\\\/\\\/www.tiktok.com\\\/@vitablanca.ma\",\"https:\\\/\\\/www.instagram.com\\\/vitablanca.ma\\\/\"]}]}<\/script>\n<!-- \/ Yoast SEO plugin. -->","yoast_head_json":{"title":"Fenioux Turmeric Proactive Liver and Digestive Tract 230mg 90 Capsules - Morocco Price","description":"Fenioux Turmeric Proactive Liver and Digestive Tract 230mg 90 Capsules","robots":{"index":"index","follow":"follow","max-snippet":"max-snippet:-1","max-image-preview":"max-image-preview:large","max-video-preview":"max-video-preview:-1"},"canonical":"https:\/\/vitablanca.ma\/en\/product\/fenioux-curcuma-proactif-foie-et-tube-digestif-230mg-90-gelules\/","og_locale":"en_US","og_type":"article","og_title":"Fenioux Curcuma Proactif Foie et Tube Digestif 230mg 90 G\u00e9lules - Maroc Prix","og_description":"Fenioux Curcuma Proactif Foie et Tube Digestif 230mg 90 G\u00e9lules","og_url":"https:\/\/vitablanca.ma\/en\/product\/fenioux-curcuma-proactif-foie-et-tube-digestif-230mg-90-gelules\/","og_site_name":"Vitablanca.ma &ndash; Sant&eacute;, vitalit&eacute; et bien-&ecirc;tre pour tous les Marocains","article_publisher":"https:\/\/www.facebook.com\/profile.php?id=61576678196717","og_image":[{"width":1000,"height":1000,"url":"https:\/\/vitablanca.ma\/wp-content\/uploads\/2025\/06\/Fenioux-Curcuma-Proactif-Foie-et-Tube-Digestif-230mg-90-Gelules-nova-parapharmacie-casablanca.jpg","type":"image\/jpeg"}],"twitter_card":"summary_large_image","twitter_misc":{"Est. reading time":"1 minute"},"schema":{"@context":"https:\/\/schema.org","@graph":[{"@type":["WebPage","ItemPage"],"@id":"https:\/\/vitablanca.ma\/produit\/fenioux-curcuma-proactif-foie-et-tube-digestif-230mg-90-gelules\/","url":"https:\/\/vitablanca.ma\/produit\/fenioux-curcuma-proactif-foie-et-tube-digestif-230mg-90-gelules\/","name":"Fenioux Turmeric Proactive Liver and Digestive Tract 230mg 90 Capsules - Morocco Price","isPartOf":{"@id":"https:\/\/vitablanca.ma\/#website"},"primaryImageOfPage":{"@id":"https:\/\/vitablanca.ma\/produit\/fenioux-curcuma-proactif-foie-et-tube-digestif-230mg-90-gelules\/#primaryimage"},"image":{"@id":"https:\/\/vitablanca.ma\/produit\/fenioux-curcuma-proactif-foie-et-tube-digestif-230mg-90-gelules\/#primaryimage"},"thumbnailUrl":"https:\/\/vitablanca.ma\/wp-content\/uploads\/2025\/06\/Fenioux-Curcuma-Proactif-Foie-et-Tube-Digestif-230mg-90-Gelules-nova-parapharmacie-casablanca.jpg","datePublished":"2025-06-10T17:19:34+00:00","description":"Fenioux Turmeric Proactive Liver and Digestive Tract 230mg 90 Capsules","breadcrumb":{"@id":"https:\/\/vitablanca.ma\/produit\/fenioux-curcuma-proactif-foie-et-tube-digestif-230mg-90-gelules\/#breadcrumb"},"inLanguage":"en-US","potentialAction":[{"@type":"ReadAction","target":["https:\/\/vitablanca.ma\/produit\/fenioux-curcuma-proactif-foie-et-tube-digestif-230mg-90-gelules\/"]}]},{"@type":"ImageObject","inLanguage":"en-US","@id":"https:\/\/vitablanca.ma\/produit\/fenioux-curcuma-proactif-foie-et-tube-digestif-230mg-90-gelules\/#primaryimage","url":"https:\/\/vitablanca.ma\/wp-content\/uploads\/2025\/06\/Fenioux-Curcuma-Proactif-Foie-et-Tube-Digestif-230mg-90-Gelules-nova-parapharmacie-casablanca.jpg","contentUrl":"https:\/\/vitablanca.ma\/wp-content\/uploads\/2025\/06\/Fenioux-Curcuma-Proactif-Foie-et-Tube-Digestif-230mg-90-Gelules-nova-parapharmacie-casablanca.jpg","width":1000,"height":1000},{"@type":"BreadcrumbList","@id":"https:\/\/vitablanca.ma\/produit\/fenioux-curcuma-proactif-foie-et-tube-digestif-230mg-90-gelules\/#breadcrumb","itemListElement":[{"@type":"ListItem","position":1,"name":"Home","item":"https:\/\/vitablanca.ma\/"},{"@type":"ListItem","position":2,"name":"Tous Les Produits","item":"https:\/\/vitablanca.ma\/tous-les-produits\/"},{"@type":"ListItem","position":3,"name":"Fenioux Curcuma Proactif Foie et Tube Digestif 230mg 90 G\u00e9lules"}]},{"@type":"WebSite","@id":"https:\/\/vitablanca.ma\/#website","url":"https:\/\/vitablanca.ma\/","name":"VitaBlanca.ma | Food supplements, health &amp; beauty in Morocco","description":"sell premium vitamins and supplements from USA &amp; Canada, New Zealand, Morocco (NOW Foods, Solgar, Manuka). Fast delivery anywhere in Morocco.","publisher":{"@id":"https:\/\/vitablanca.ma\/#organization"},"alternateName":"VitaBlanca.ma","potentialAction":[{"@type":"SearchAction","target":{"@type":"EntryPoint","urlTemplate":"https:\/\/vitablanca.ma\/?s={search_term_string}"},"query-input":{"@type":"PropertyValueSpecification","valueRequired":true,"valueName":"search_term_string"}}],"inLanguage":"en-US"},{"@type":"Organization","@id":"https:\/\/vitablanca.ma\/#organization","name":"VitaBlanca","url":"https:\/\/vitablanca.ma\/","logo":{"@type":"ImageObject","inLanguage":"en-US","@id":"https:\/\/vitablanca.ma\/#\/schema\/logo\/image\/","url":"https:\/\/vitablanca.ma\/wp-content\/uploads\/2025\/05\/cropped-vitablanca.png","contentUrl":"https:\/\/vitablanca.ma\/wp-content\/uploads\/2025\/05\/cropped-vitablanca.png","width":360,"height":67,"caption":"VitaBlanca"},"image":{"@id":"https:\/\/vitablanca.ma\/#\/schema\/logo\/image\/"},"sameAs":["https:\/\/www.facebook.com\/profile.php?id=61576678196717","https:\/\/www.tiktok.com\/@vitablanca.ma","https:\/\/www.instagram.com\/vitablanca.ma\/"]}]}},"jetpack_sharing_enabled":true,"_links":{"self":[{"href":"https:\/\/vitablanca.ma\/en\/wp-json\/wp\/v2\/product\/18275","targetHints":{"allow":["GET"]}}],"collection":[{"href":"https:\/\/vitablanca.ma\/en\/wp-json\/wp\/v2\/product"}],"about":[{"href":"https:\/\/vitablanca.ma\/en\/wp-json\/wp\/v2\/types\/product"}],"wp:featuredmedia":[{"embeddable":true,"href":"https:\/\/vitablanca.ma\/en\/wp-json\/wp\/v2\/media\/18273"}],"wp:attachment":[{"href":"https:\/\/vitablanca.ma\/en\/wp-json\/wp\/v2\/media?parent=18275"}],"wp:term":[{"taxonomy":"product_brand","embeddable":true,"href":"https:\/\/vitablanca.ma\/en\/wp-json\/wp\/v2\/product_brand?post=18275"},{"taxonomy":"product_cat","embeddable":true,"href":"https:\/\/vitablanca.ma\/en\/wp-json\/wp\/v2\/product_cat?post=18275"},{"taxonomy":"product_tag","embeddable":true,"href":"https:\/\/vitablanca.ma\/en\/wp-json\/wp\/v2\/product_tag?post=18275"}],"curies":[{"name":"wp","href":"https:\/\/api.w.org\/{rel}","templated":true}]}}