{"id":18268,"date":"2025-06-10T17:19:27","date_gmt":"2025-06-10T17:19:27","guid":{"rendered":"https:\/\/vitablanca.ma\/product\/fenioux-carbonate-de-magnesium-300mg-200-gelules\/"},"modified":"2025-12-27T14:13:42","modified_gmt":"2025-12-27T14:13:42","slug":"fenioux-carbonate-de-magnesium-300mg-200-gelules","status":"publish","type":"product","link":"https:\/\/vitablanca.ma\/en\/product\/fenioux-carbonate-de-magnesium-300mg-200-gelules\/","title":{"rendered":"FENIOUX MAGNESIUM CARBONATE 300MG 200 CAPSULES"},"content":{"rendered":"<h2>FENIOUX MAGNESIUM CARBONATE 300MG 200 CAPSULES<\/h2>\n<p>Magnesium is highly recommended to improve endurance and performance in athletes with asthma.<\/p>\n<p>It also helps treat muscle spasms and constipation, and reduces fatigue, stress, anxiety and insomnia.<\/p>\n<p>However, it also improves some forms of deafness.<\/p>\n<p>Fenioux Laboratories offer you the benefits of magnesium in capsule form.<\/p>\n<p>This dietary supplement contributes to the normal functioning of your nervous system.<\/p>\n<p><span><strong>DIRECTIONS FOR USE:<\/strong><\/span><\/p>\n<p>\u2013 Do not exceed the recommended daily dose.<\/p>\n<p>\u2013 Keep out of reach of young children.<\/p>\n<p>\u2013 A food supplement should not replace a varied and balanced diet and a healthy lifestyle.<\/p>\n<p>\u2013 Store the product away from light, heat and humidity<\/p>\n<p>\u2013 For pregnant or breastfeeding women, consult a health professional.<\/p>\n<p>\u2013 Reserved for adults.<\/p>\n<p>4 capsules per day divided into 2 doses with a large glass of water, 10 minutes before meals.<\/p>\n<p><span><strong>INGREDIENTS :<\/strong><\/span><\/p>\n<p>\u2013 Magnesium carbonate<\/p>\n<p>\u2013 Capsule (gelatin)<\/p>","protected":false},"excerpt":{"rendered":"<p>FENIOUX CARBONATE DE MAGNESIUM 300MG 200 GELULES Le magn\u00e9sium est fortement recommand\u00e9 pour am\u00e9liorer l&rsquo;endurance et les performances des sportifs asthmatiques. Il aide \u00e9galement \u00e0 traiter les spasmes musculaires et la constipation, et r\u00e9duit la fatigue, le stress, l&rsquo;anxi\u00e9t\u00e9 et l&rsquo;insomnie. Cependant, il am\u00e9liore \u00e9galement certaines formes de surdit\u00e9. Les Laboratoires Fenioux vous proposent les [&hellip;]<\/p>\n","protected":false},"featured_media":18267,"template":"","meta":{"om_disable_all_campaigns":false},"product_brand":[],"product_cat":[15],"product_tag":[],"class_list":{"0":"post-18268","1":"product","2":"type-product","3":"status-publish","4":"has-post-thumbnail","6":"product_cat-beaute-sante-complements-alimentaires-soins-et-bien-etre-au-meilleur-prix","8":"first","9":"instock","10":"taxable","11":"shipping-taxable","12":"purchasable","13":"product-type-simple"},"yoast_head":"<!-- This site is optimized with the Yoast SEO plugin v27.3 - https:\/\/yoast.com\/product\/yoast-seo-wordpress\/ -->\n<title>FENIOUX CARBONATE DE MAGNESIUM 300MG 200 GELULES - Maroc Prix<\/title>\n<meta name=\"description\" content=\"FENIOUX CARBONATE DE MAGNESIUM 300MG 200 GELULES\" \/>\n<meta name=\"robots\" content=\"index, follow, max-snippet:-1, max-image-preview:large, max-video-preview:-1\" \/>\n<link rel=\"canonical\" href=\"https:\/\/vitablanca.ma\/en\/product\/fenioux-carbonate-de-magnesium-300mg-200-gelules\/\" \/>\n<meta property=\"og:locale\" content=\"en_US\" \/>\n<meta property=\"og:type\" content=\"article\" \/>\n<meta property=\"og:title\" content=\"FENIOUX CARBONATE DE MAGNESIUM 300MG 200 GELULES - Maroc Prix\" \/>\n<meta property=\"og:description\" content=\"FENIOUX CARBONATE DE MAGNESIUM 300MG 200 GELULES\" \/>\n<meta property=\"og:url\" content=\"https:\/\/vitablanca.ma\/en\/product\/fenioux-carbonate-de-magnesium-300mg-200-gelules\/\" \/>\n<meta property=\"og:site_name\" content=\"Vitablanca.ma &ndash; Sant&eacute;, vitalit&eacute; et bien-&ecirc;tre pour tous les Marocains\" \/>\n<meta property=\"article:publisher\" content=\"https:\/\/www.facebook.com\/profile.php?id=61576678196717\" \/>\n<meta property=\"article:modified_time\" content=\"2025-12-27T14:13:42+00:00\" \/>\n<meta property=\"og:image\" content=\"https:\/\/vitablanca.ma\/wp-content\/uploads\/2025\/06\/carbonate-de-magnesium-magnesium-D728-Nova-para-Maroc.png\" \/>\n\t<meta property=\"og:image:width\" content=\"400\" \/>\n\t<meta property=\"og:image:height\" content=\"400\" \/>\n\t<meta property=\"og:image:type\" content=\"image\/png\" \/>\n<meta name=\"twitter:card\" content=\"summary_large_image\" \/>\n<meta name=\"twitter:label1\" content=\"Est. reading time\" \/>\n\t<meta name=\"twitter:data1\" content=\"1 minute\" \/>\n<script type=\"application\/ld+json\" class=\"yoast-schema-graph\">{\"@context\":\"https:\\\/\\\/schema.org\",\"@graph\":[{\"@type\":[\"WebPage\",\"ItemPage\"],\"@id\":\"https:\\\/\\\/vitablanca.ma\\\/produit\\\/fenioux-carbonate-de-magnesium-300mg-200-gelules\\\/\",\"url\":\"https:\\\/\\\/vitablanca.ma\\\/produit\\\/fenioux-carbonate-de-magnesium-300mg-200-gelules\\\/\",\"name\":\"FENIOUX CARBONATE DE MAGNESIUM 300MG 200 GELULES - Maroc Prix\",\"isPartOf\":{\"@id\":\"https:\\\/\\\/vitablanca.ma\\\/#website\"},\"primaryImageOfPage\":{\"@id\":\"https:\\\/\\\/vitablanca.ma\\\/produit\\\/fenioux-carbonate-de-magnesium-300mg-200-gelules\\\/#primaryimage\"},\"image\":{\"@id\":\"https:\\\/\\\/vitablanca.ma\\\/produit\\\/fenioux-carbonate-de-magnesium-300mg-200-gelules\\\/#primaryimage\"},\"thumbnailUrl\":\"https:\\\/\\\/vitablanca.ma\\\/wp-content\\\/uploads\\\/2025\\\/06\\\/carbonate-de-magnesium-magnesium-D728-Nova-para-Maroc.png\",\"datePublished\":\"2025-06-10T17:19:27+00:00\",\"dateModified\":\"2025-12-27T14:13:42+00:00\",\"description\":\"FENIOUX CARBONATE DE MAGNESIUM 300MG 200 GELULES\",\"breadcrumb\":{\"@id\":\"https:\\\/\\\/vitablanca.ma\\\/produit\\\/fenioux-carbonate-de-magnesium-300mg-200-gelules\\\/#breadcrumb\"},\"inLanguage\":\"en-US\",\"potentialAction\":[{\"@type\":\"ReadAction\",\"target\":[\"https:\\\/\\\/vitablanca.ma\\\/produit\\\/fenioux-carbonate-de-magnesium-300mg-200-gelules\\\/\"]}]},{\"@type\":\"ImageObject\",\"inLanguage\":\"en-US\",\"@id\":\"https:\\\/\\\/vitablanca.ma\\\/produit\\\/fenioux-carbonate-de-magnesium-300mg-200-gelules\\\/#primaryimage\",\"url\":\"https:\\\/\\\/vitablanca.ma\\\/wp-content\\\/uploads\\\/2025\\\/06\\\/carbonate-de-magnesium-magnesium-D728-Nova-para-Maroc.png\",\"contentUrl\":\"https:\\\/\\\/vitablanca.ma\\\/wp-content\\\/uploads\\\/2025\\\/06\\\/carbonate-de-magnesium-magnesium-D728-Nova-para-Maroc.png\",\"width\":400,\"height\":400},{\"@type\":\"BreadcrumbList\",\"@id\":\"https:\\\/\\\/vitablanca.ma\\\/produit\\\/fenioux-carbonate-de-magnesium-300mg-200-gelules\\\/#breadcrumb\",\"itemListElement\":[{\"@type\":\"ListItem\",\"position\":1,\"name\":\"Home\",\"item\":\"https:\\\/\\\/vitablanca.ma\\\/\"},{\"@type\":\"ListItem\",\"position\":2,\"name\":\"Tous Les Produits\",\"item\":\"https:\\\/\\\/vitablanca.ma\\\/tous-les-produits\\\/\"},{\"@type\":\"ListItem\",\"position\":3,\"name\":\"FENIOUX CARBONATE DE MAGNESIUM 300MG 200 GELULES\"}]},{\"@type\":\"WebSite\",\"@id\":\"https:\\\/\\\/vitablanca.ma\\\/#website\",\"url\":\"https:\\\/\\\/vitablanca.ma\\\/\",\"name\":\"VitaBlanca.ma | Compl\u00e9ments alimentaires, sant\u00e9 & beaut\u00e9 au Maroc\",\"description\":\"vendre vitamines et compl\u00e9ments premium des USA &amp; Canada, Nouvelle Z\u00e9lande,Maroc (NOW Foods, Solgar, Manuka). Livraison rapide partout au Maroc.\",\"publisher\":{\"@id\":\"https:\\\/\\\/vitablanca.ma\\\/#organization\"},\"alternateName\":\"VitaBlanca.ma\",\"potentialAction\":[{\"@type\":\"SearchAction\",\"target\":{\"@type\":\"EntryPoint\",\"urlTemplate\":\"https:\\\/\\\/vitablanca.ma\\\/?s={search_term_string}\"},\"query-input\":{\"@type\":\"PropertyValueSpecification\",\"valueRequired\":true,\"valueName\":\"search_term_string\"}}],\"inLanguage\":\"en-US\"},{\"@type\":\"Organization\",\"@id\":\"https:\\\/\\\/vitablanca.ma\\\/#organization\",\"name\":\"VitaBlanca\",\"url\":\"https:\\\/\\\/vitablanca.ma\\\/\",\"logo\":{\"@type\":\"ImageObject\",\"inLanguage\":\"en-US\",\"@id\":\"https:\\\/\\\/vitablanca.ma\\\/#\\\/schema\\\/logo\\\/image\\\/\",\"url\":\"https:\\\/\\\/vitablanca.ma\\\/wp-content\\\/uploads\\\/2025\\\/05\\\/cropped-vitablanca.png\",\"contentUrl\":\"https:\\\/\\\/vitablanca.ma\\\/wp-content\\\/uploads\\\/2025\\\/05\\\/cropped-vitablanca.png\",\"width\":360,\"height\":67,\"caption\":\"VitaBlanca\"},\"image\":{\"@id\":\"https:\\\/\\\/vitablanca.ma\\\/#\\\/schema\\\/logo\\\/image\\\/\"},\"sameAs\":[\"https:\\\/\\\/www.facebook.com\\\/profile.php?id=61576678196717\",\"https:\\\/\\\/www.tiktok.com\\\/@vitablanca.ma\",\"https:\\\/\\\/www.instagram.com\\\/vitablanca.ma\\\/\"]}]}<\/script>\n<!-- \/ Yoast SEO plugin. -->","yoast_head_json":{"title":"FENIOUX MAGNESIUM CARBONATE 300MG 200 CAPSULES - Morocco Price","description":"FENIOUX MAGNESIUM CARBONATE 300MG 200 CAPSULES","robots":{"index":"index","follow":"follow","max-snippet":"max-snippet:-1","max-image-preview":"max-image-preview:large","max-video-preview":"max-video-preview:-1"},"canonical":"https:\/\/vitablanca.ma\/en\/product\/fenioux-carbonate-de-magnesium-300mg-200-gelules\/","og_locale":"en_US","og_type":"article","og_title":"FENIOUX CARBONATE DE MAGNESIUM 300MG 200 GELULES - Maroc Prix","og_description":"FENIOUX CARBONATE DE MAGNESIUM 300MG 200 GELULES","og_url":"https:\/\/vitablanca.ma\/en\/product\/fenioux-carbonate-de-magnesium-300mg-200-gelules\/","og_site_name":"Vitablanca.ma &ndash; Sant&eacute;, vitalit&eacute; et bien-&ecirc;tre pour tous les Marocains","article_publisher":"https:\/\/www.facebook.com\/profile.php?id=61576678196717","article_modified_time":"2025-12-27T14:13:42+00:00","og_image":[{"width":400,"height":400,"url":"https:\/\/vitablanca.ma\/wp-content\/uploads\/2025\/06\/carbonate-de-magnesium-magnesium-D728-Nova-para-Maroc.png","type":"image\/png"}],"twitter_card":"summary_large_image","twitter_misc":{"Est. reading time":"1 minute"},"schema":{"@context":"https:\/\/schema.org","@graph":[{"@type":["WebPage","ItemPage"],"@id":"https:\/\/vitablanca.ma\/produit\/fenioux-carbonate-de-magnesium-300mg-200-gelules\/","url":"https:\/\/vitablanca.ma\/produit\/fenioux-carbonate-de-magnesium-300mg-200-gelules\/","name":"FENIOUX MAGNESIUM CARBONATE 300MG 200 CAPSULES - Morocco Price","isPartOf":{"@id":"https:\/\/vitablanca.ma\/#website"},"primaryImageOfPage":{"@id":"https:\/\/vitablanca.ma\/produit\/fenioux-carbonate-de-magnesium-300mg-200-gelules\/#primaryimage"},"image":{"@id":"https:\/\/vitablanca.ma\/produit\/fenioux-carbonate-de-magnesium-300mg-200-gelules\/#primaryimage"},"thumbnailUrl":"https:\/\/vitablanca.ma\/wp-content\/uploads\/2025\/06\/carbonate-de-magnesium-magnesium-D728-Nova-para-Maroc.png","datePublished":"2025-06-10T17:19:27+00:00","dateModified":"2025-12-27T14:13:42+00:00","description":"FENIOUX MAGNESIUM CARBONATE 300MG 200 CAPSULES","breadcrumb":{"@id":"https:\/\/vitablanca.ma\/produit\/fenioux-carbonate-de-magnesium-300mg-200-gelules\/#breadcrumb"},"inLanguage":"en-US","potentialAction":[{"@type":"ReadAction","target":["https:\/\/vitablanca.ma\/produit\/fenioux-carbonate-de-magnesium-300mg-200-gelules\/"]}]},{"@type":"ImageObject","inLanguage":"en-US","@id":"https:\/\/vitablanca.ma\/produit\/fenioux-carbonate-de-magnesium-300mg-200-gelules\/#primaryimage","url":"https:\/\/vitablanca.ma\/wp-content\/uploads\/2025\/06\/carbonate-de-magnesium-magnesium-D728-Nova-para-Maroc.png","contentUrl":"https:\/\/vitablanca.ma\/wp-content\/uploads\/2025\/06\/carbonate-de-magnesium-magnesium-D728-Nova-para-Maroc.png","width":400,"height":400},{"@type":"BreadcrumbList","@id":"https:\/\/vitablanca.ma\/produit\/fenioux-carbonate-de-magnesium-300mg-200-gelules\/#breadcrumb","itemListElement":[{"@type":"ListItem","position":1,"name":"Home","item":"https:\/\/vitablanca.ma\/"},{"@type":"ListItem","position":2,"name":"Tous Les Produits","item":"https:\/\/vitablanca.ma\/tous-les-produits\/"},{"@type":"ListItem","position":3,"name":"FENIOUX CARBONATE DE MAGNESIUM 300MG 200 GELULES"}]},{"@type":"WebSite","@id":"https:\/\/vitablanca.ma\/#website","url":"https:\/\/vitablanca.ma\/","name":"VitaBlanca.ma | Food supplements, health &amp; beauty in Morocco","description":"sell premium vitamins and supplements from USA &amp; Canada, New Zealand, Morocco (NOW Foods, Solgar, Manuka). Fast delivery anywhere in Morocco.","publisher":{"@id":"https:\/\/vitablanca.ma\/#organization"},"alternateName":"VitaBlanca.ma","potentialAction":[{"@type":"SearchAction","target":{"@type":"EntryPoint","urlTemplate":"https:\/\/vitablanca.ma\/?s={search_term_string}"},"query-input":{"@type":"PropertyValueSpecification","valueRequired":true,"valueName":"search_term_string"}}],"inLanguage":"en-US"},{"@type":"Organization","@id":"https:\/\/vitablanca.ma\/#organization","name":"VitaBlanca","url":"https:\/\/vitablanca.ma\/","logo":{"@type":"ImageObject","inLanguage":"en-US","@id":"https:\/\/vitablanca.ma\/#\/schema\/logo\/image\/","url":"https:\/\/vitablanca.ma\/wp-content\/uploads\/2025\/05\/cropped-vitablanca.png","contentUrl":"https:\/\/vitablanca.ma\/wp-content\/uploads\/2025\/05\/cropped-vitablanca.png","width":360,"height":67,"caption":"VitaBlanca"},"image":{"@id":"https:\/\/vitablanca.ma\/#\/schema\/logo\/image\/"},"sameAs":["https:\/\/www.facebook.com\/profile.php?id=61576678196717","https:\/\/www.tiktok.com\/@vitablanca.ma","https:\/\/www.instagram.com\/vitablanca.ma\/"]}]}},"jetpack_sharing_enabled":true,"_links":{"self":[{"href":"https:\/\/vitablanca.ma\/en\/wp-json\/wp\/v2\/product\/18268","targetHints":{"allow":["GET"]}}],"collection":[{"href":"https:\/\/vitablanca.ma\/en\/wp-json\/wp\/v2\/product"}],"about":[{"href":"https:\/\/vitablanca.ma\/en\/wp-json\/wp\/v2\/types\/product"}],"wp:featuredmedia":[{"embeddable":true,"href":"https:\/\/vitablanca.ma\/en\/wp-json\/wp\/v2\/media\/18267"}],"wp:attachment":[{"href":"https:\/\/vitablanca.ma\/en\/wp-json\/wp\/v2\/media?parent=18268"}],"wp:term":[{"taxonomy":"product_brand","embeddable":true,"href":"https:\/\/vitablanca.ma\/en\/wp-json\/wp\/v2\/product_brand?post=18268"},{"taxonomy":"product_cat","embeddable":true,"href":"https:\/\/vitablanca.ma\/en\/wp-json\/wp\/v2\/product_cat?post=18268"},{"taxonomy":"product_tag","embeddable":true,"href":"https:\/\/vitablanca.ma\/en\/wp-json\/wp\/v2\/product_tag?post=18268"}],"curies":[{"name":"wp","href":"https:\/\/api.w.org\/{rel}","templated":true}]}}