{"id":18257,"date":"2025-06-10T17:19:15","date_gmt":"2025-06-10T17:19:15","guid":{"rendered":"https:\/\/vitablanca.ma\/product\/forte-pharma-cheveux-expert\/"},"modified":"2025-06-10T17:19:16","modified_gmt":"2025-06-10T17:19:16","slug":"forte-pharma-cheveux-expert","status":"publish","type":"product","link":"https:\/\/vitablanca.ma\/en\/product\/forte-pharma-cheveux-expert\/","title":{"rendered":"Forte Pharma Hair Expert"},"content":{"rendered":"<h2><span data-mce-fragment=\"1\">Forte Pharma Cheveux Expert also works on the nails to help them be more beautiful and stronger.<\/span><\/h2>\n<p>There&#039;s nothing more pleasant than feeling your hair well-groomed, supple, shiny, and full of vitality! Hair weakening can be due to stress, fatigue, an unbalanced diet, excessive washing, and coloring. During this period, a helping hand with a nutritional supplement program can be a good solution to strengthen your hair.<\/p>\n<h3><strong>A complex of ingredients for triple beauty action<\/strong><\/h3>\n<p>OUR<strong><span>\u00a0<\/span>Hair Beauty Expert Hair &amp; Nails<\/strong>, with 10 years of success, is an effective triple action solution for:<\/p>\n<p><strong>1.\u00a0<\/strong>Strengthen your hair with zinc which contributes to normal protein synthesis.<br \/><strong>2.<\/strong>\u00a0Restore volume and vitality to your hair thanks to vitamin B6 which contributes to the normal synthesis of cysteine.<br \/><strong>3.<\/strong>\u00a0Strengthen the shine and luster of your hair thanks to vitamin B8 or Biotin which contributes to the maintenance of normal hair.<\/p>\n<p>OUR<span>\u00a0<\/span><strong>Hair Beauty Expert Hair &amp; Nails<\/strong><span>\u00a0<\/span>also acts on the nails to help them be more beautiful and more resistant.<\/p>\n<h3>Benefits<\/h3>\n<h3><strong>A unique combination of ingredients:<\/strong><\/h3>\n<p>- of the<span>\u00a0<\/span><strong>Wheat protein<\/strong><span>\u00a0<\/span>which participate in the synthesis of keratin<br \/>- of<span>\u00a0<\/span><strong>Zinc<span>\u00a0<\/span><\/strong>and the<span>\u00a0<\/span><strong>Selenium<\/strong><span>\u00a0<\/span>which contribute to the production of hair proteins and the maintenance of normal hair and nails<br \/>\u2013 of the<span>\u00a0<\/span><strong>Vitamin B6<\/strong><span>\u00a0<\/span>which contributes to the normal synthesis of cysteine. This intake constitutes a source of sulfur amino acids essential for the construction of hair<br \/>- of<span>\u00a0<\/span><strong>Iron<span>\u00a0<\/span><\/strong>and of the<span>\u00a0<\/span><strong>Vitamin B3<\/strong><span>\u00a0<\/span>which revitalize the hair fiber by promoting the optimal supply of nutrients to the hair bulb<br \/>- of the<span>\u00a0<\/span><strong>Minerals<\/strong>, of the<span>\u00a0<\/span><strong>Antioxidants<span>\u00a0<\/span><\/strong>including ActiSOD\u2122, a specific watermelon extract, as well as vitamins<\/p>\n<p>Finally,<span>\u00a0<\/span><strong>Burdock<span>\u00a0<\/span><\/strong>and the essential<strong>\u00a0Brewer&#039;s yeast<\/strong><span>\u00a0<\/span>providing B vitamins (B1, B2 and B9), vitamin E, zinc and selenium to help strengthen and shine hair, complete the formula for fast, significant and visible results*.<\/p>","protected":false},"excerpt":{"rendered":"<p>Forte Pharma Cheveux Expert\u00a0agit \u00e9galement au niveau des ongles pour les aider \u00e0 \u00eatre plus beaux et plus r\u00e9sistants. Rien de plus agr\u00e9able que de sentir ses cheveux bien coiff\u00e9s, souples, brillants, plein de vitalit\u00e9 ! La fragilisation du cheveu peut \u00eatre due au stress, \u00e0 la fatigue, au d\u00e9s\u00e9quilibre alimentaire, \u00e0 des exc\u00e8s de [&hellip;]<\/p>\n","protected":false},"featured_media":18255,"template":"","meta":{"om_disable_all_campaigns":false},"product_brand":[],"product_cat":[15],"product_tag":[],"class_list":{"0":"post-18257","1":"product","2":"type-product","3":"status-publish","4":"has-post-thumbnail","6":"product_cat-beaute-sante-complements-alimentaires-soins-et-bien-etre-au-meilleur-prix","8":"first","9":"instock","10":"sale","11":"taxable","12":"shipping-taxable","13":"purchasable","14":"product-type-variable"},"yoast_head":"<!-- This site is optimized with the Yoast SEO plugin v27.3 - https:\/\/yoast.com\/product\/yoast-seo-wordpress\/ -->\n<title>Forte Pharma Cheveux Expert - Maroc Prix<\/title>\n<meta name=\"description\" content=\"Forte Pharma Cheveux Expert\" \/>\n<meta name=\"robots\" content=\"index, follow, max-snippet:-1, max-image-preview:large, max-video-preview:-1\" \/>\n<link rel=\"canonical\" href=\"https:\/\/vitablanca.ma\/en\/product\/forte-pharma-cheveux-expert\/\" \/>\n<meta property=\"og:locale\" content=\"en_US\" \/>\n<meta property=\"og:type\" content=\"article\" \/>\n<meta property=\"og:title\" content=\"Forte Pharma Cheveux Expert - Maroc Prix\" \/>\n<meta property=\"og:description\" content=\"Forte Pharma Cheveux Expert\" \/>\n<meta property=\"og:url\" content=\"https:\/\/vitablanca.ma\/en\/product\/forte-pharma-cheveux-expert\/\" \/>\n<meta property=\"og:site_name\" content=\"Vitablanca.ma &ndash; Sant&eacute;, vitalit&eacute; et bien-&ecirc;tre pour tous les Marocains\" \/>\n<meta property=\"article:publisher\" content=\"https:\/\/www.facebook.com\/profile.php?id=61576678196717\" \/>\n<meta property=\"article:modified_time\" content=\"2025-06-10T17:19:16+00:00\" \/>\n<meta property=\"og:image\" content=\"https:\/\/vitablanca.ma\/wp-content\/uploads\/2025\/06\/Forte-Pharma-Cheveux-Expert-28cps-prix-maroc-parapharmacie-casablanca.jpg\" \/>\n\t<meta property=\"og:image:width\" content=\"1000\" \/>\n\t<meta property=\"og:image:height\" content=\"1000\" \/>\n\t<meta property=\"og:image:type\" content=\"image\/jpeg\" \/>\n<meta name=\"twitter:card\" content=\"summary_large_image\" \/>\n<meta name=\"twitter:label1\" content=\"Est. reading time\" \/>\n\t<meta name=\"twitter:data1\" content=\"2 minutes\" \/>\n<script type=\"application\/ld+json\" class=\"yoast-schema-graph\">{\"@context\":\"https:\\\/\\\/schema.org\",\"@graph\":[{\"@type\":[\"WebPage\",\"ItemPage\"],\"@id\":\"https:\\\/\\\/vitablanca.ma\\\/produit\\\/forte-pharma-cheveux-expert\\\/\",\"url\":\"https:\\\/\\\/vitablanca.ma\\\/produit\\\/forte-pharma-cheveux-expert\\\/\",\"name\":\"Forte Pharma Cheveux Expert - Maroc Prix\",\"isPartOf\":{\"@id\":\"https:\\\/\\\/vitablanca.ma\\\/#website\"},\"primaryImageOfPage\":{\"@id\":\"https:\\\/\\\/vitablanca.ma\\\/produit\\\/forte-pharma-cheveux-expert\\\/#primaryimage\"},\"image\":{\"@id\":\"https:\\\/\\\/vitablanca.ma\\\/produit\\\/forte-pharma-cheveux-expert\\\/#primaryimage\"},\"thumbnailUrl\":\"https:\\\/\\\/vitablanca.ma\\\/wp-content\\\/uploads\\\/2025\\\/06\\\/Forte-Pharma-Cheveux-Expert-28cps-prix-maroc-parapharmacie-casablanca.jpg\",\"datePublished\":\"2025-06-10T17:19:15+00:00\",\"dateModified\":\"2025-06-10T17:19:16+00:00\",\"description\":\"Forte Pharma Cheveux Expert\",\"breadcrumb\":{\"@id\":\"https:\\\/\\\/vitablanca.ma\\\/produit\\\/forte-pharma-cheveux-expert\\\/#breadcrumb\"},\"inLanguage\":\"en-US\",\"potentialAction\":[{\"@type\":\"ReadAction\",\"target\":[\"https:\\\/\\\/vitablanca.ma\\\/produit\\\/forte-pharma-cheveux-expert\\\/\"]}]},{\"@type\":\"ImageObject\",\"inLanguage\":\"en-US\",\"@id\":\"https:\\\/\\\/vitablanca.ma\\\/produit\\\/forte-pharma-cheveux-expert\\\/#primaryimage\",\"url\":\"https:\\\/\\\/vitablanca.ma\\\/wp-content\\\/uploads\\\/2025\\\/06\\\/Forte-Pharma-Cheveux-Expert-28cps-prix-maroc-parapharmacie-casablanca.jpg\",\"contentUrl\":\"https:\\\/\\\/vitablanca.ma\\\/wp-content\\\/uploads\\\/2025\\\/06\\\/Forte-Pharma-Cheveux-Expert-28cps-prix-maroc-parapharmacie-casablanca.jpg\",\"width\":1000,\"height\":1000},{\"@type\":\"BreadcrumbList\",\"@id\":\"https:\\\/\\\/vitablanca.ma\\\/produit\\\/forte-pharma-cheveux-expert\\\/#breadcrumb\",\"itemListElement\":[{\"@type\":\"ListItem\",\"position\":1,\"name\":\"Home\",\"item\":\"https:\\\/\\\/vitablanca.ma\\\/\"},{\"@type\":\"ListItem\",\"position\":2,\"name\":\"Tous Les Produits\",\"item\":\"https:\\\/\\\/vitablanca.ma\\\/tous-les-produits\\\/\"},{\"@type\":\"ListItem\",\"position\":3,\"name\":\"Forte Pharma Cheveux Expert\"}]},{\"@type\":\"WebSite\",\"@id\":\"https:\\\/\\\/vitablanca.ma\\\/#website\",\"url\":\"https:\\\/\\\/vitablanca.ma\\\/\",\"name\":\"VitaBlanca.ma | Compl\u00e9ments alimentaires, sant\u00e9 & beaut\u00e9 au Maroc\",\"description\":\"vendre vitamines et compl\u00e9ments premium des USA &amp; Canada, Nouvelle Z\u00e9lande,Maroc (NOW Foods, Solgar, Manuka). Livraison rapide partout au Maroc.\",\"publisher\":{\"@id\":\"https:\\\/\\\/vitablanca.ma\\\/#organization\"},\"alternateName\":\"VitaBlanca.ma\",\"potentialAction\":[{\"@type\":\"SearchAction\",\"target\":{\"@type\":\"EntryPoint\",\"urlTemplate\":\"https:\\\/\\\/vitablanca.ma\\\/?s={search_term_string}\"},\"query-input\":{\"@type\":\"PropertyValueSpecification\",\"valueRequired\":true,\"valueName\":\"search_term_string\"}}],\"inLanguage\":\"en-US\"},{\"@type\":\"Organization\",\"@id\":\"https:\\\/\\\/vitablanca.ma\\\/#organization\",\"name\":\"VitaBlanca\",\"url\":\"https:\\\/\\\/vitablanca.ma\\\/\",\"logo\":{\"@type\":\"ImageObject\",\"inLanguage\":\"en-US\",\"@id\":\"https:\\\/\\\/vitablanca.ma\\\/#\\\/schema\\\/logo\\\/image\\\/\",\"url\":\"https:\\\/\\\/vitablanca.ma\\\/wp-content\\\/uploads\\\/2025\\\/05\\\/cropped-vitablanca.png\",\"contentUrl\":\"https:\\\/\\\/vitablanca.ma\\\/wp-content\\\/uploads\\\/2025\\\/05\\\/cropped-vitablanca.png\",\"width\":360,\"height\":67,\"caption\":\"VitaBlanca\"},\"image\":{\"@id\":\"https:\\\/\\\/vitablanca.ma\\\/#\\\/schema\\\/logo\\\/image\\\/\"},\"sameAs\":[\"https:\\\/\\\/www.facebook.com\\\/profile.php?id=61576678196717\",\"https:\\\/\\\/www.tiktok.com\\\/@vitablanca.ma\",\"https:\\\/\\\/www.instagram.com\\\/vitablanca.ma\\\/\"]}]}<\/script>\n<!-- \/ Yoast SEO plugin. -->","yoast_head_json":{"title":"Forte Pharma Hair Expert - Morocco Price","description":"Forte Pharma Hair Expert","robots":{"index":"index","follow":"follow","max-snippet":"max-snippet:-1","max-image-preview":"max-image-preview:large","max-video-preview":"max-video-preview:-1"},"canonical":"https:\/\/vitablanca.ma\/en\/product\/forte-pharma-cheveux-expert\/","og_locale":"en_US","og_type":"article","og_title":"Forte Pharma Cheveux Expert - Maroc Prix","og_description":"Forte Pharma Cheveux Expert","og_url":"https:\/\/vitablanca.ma\/en\/product\/forte-pharma-cheveux-expert\/","og_site_name":"Vitablanca.ma &ndash; Sant&eacute;, vitalit&eacute; et bien-&ecirc;tre pour tous les Marocains","article_publisher":"https:\/\/www.facebook.com\/profile.php?id=61576678196717","article_modified_time":"2025-06-10T17:19:16+00:00","og_image":[{"width":1000,"height":1000,"url":"https:\/\/vitablanca.ma\/wp-content\/uploads\/2025\/06\/Forte-Pharma-Cheveux-Expert-28cps-prix-maroc-parapharmacie-casablanca.jpg","type":"image\/jpeg"}],"twitter_card":"summary_large_image","twitter_misc":{"Est. reading time":"2 minutes"},"schema":{"@context":"https:\/\/schema.org","@graph":[{"@type":["WebPage","ItemPage"],"@id":"https:\/\/vitablanca.ma\/produit\/forte-pharma-cheveux-expert\/","url":"https:\/\/vitablanca.ma\/produit\/forte-pharma-cheveux-expert\/","name":"Forte Pharma Hair Expert - Morocco Price","isPartOf":{"@id":"https:\/\/vitablanca.ma\/#website"},"primaryImageOfPage":{"@id":"https:\/\/vitablanca.ma\/produit\/forte-pharma-cheveux-expert\/#primaryimage"},"image":{"@id":"https:\/\/vitablanca.ma\/produit\/forte-pharma-cheveux-expert\/#primaryimage"},"thumbnailUrl":"https:\/\/vitablanca.ma\/wp-content\/uploads\/2025\/06\/Forte-Pharma-Cheveux-Expert-28cps-prix-maroc-parapharmacie-casablanca.jpg","datePublished":"2025-06-10T17:19:15+00:00","dateModified":"2025-06-10T17:19:16+00:00","description":"Forte Pharma Hair Expert","breadcrumb":{"@id":"https:\/\/vitablanca.ma\/produit\/forte-pharma-cheveux-expert\/#breadcrumb"},"inLanguage":"en-US","potentialAction":[{"@type":"ReadAction","target":["https:\/\/vitablanca.ma\/produit\/forte-pharma-cheveux-expert\/"]}]},{"@type":"ImageObject","inLanguage":"en-US","@id":"https:\/\/vitablanca.ma\/produit\/forte-pharma-cheveux-expert\/#primaryimage","url":"https:\/\/vitablanca.ma\/wp-content\/uploads\/2025\/06\/Forte-Pharma-Cheveux-Expert-28cps-prix-maroc-parapharmacie-casablanca.jpg","contentUrl":"https:\/\/vitablanca.ma\/wp-content\/uploads\/2025\/06\/Forte-Pharma-Cheveux-Expert-28cps-prix-maroc-parapharmacie-casablanca.jpg","width":1000,"height":1000},{"@type":"BreadcrumbList","@id":"https:\/\/vitablanca.ma\/produit\/forte-pharma-cheveux-expert\/#breadcrumb","itemListElement":[{"@type":"ListItem","position":1,"name":"Home","item":"https:\/\/vitablanca.ma\/"},{"@type":"ListItem","position":2,"name":"Tous Les Produits","item":"https:\/\/vitablanca.ma\/tous-les-produits\/"},{"@type":"ListItem","position":3,"name":"Forte Pharma Cheveux Expert"}]},{"@type":"WebSite","@id":"https:\/\/vitablanca.ma\/#website","url":"https:\/\/vitablanca.ma\/","name":"VitaBlanca.ma | Food supplements, health &amp; beauty in Morocco","description":"sell premium vitamins and supplements from USA &amp; Canada, New Zealand, Morocco (NOW Foods, Solgar, Manuka). Fast delivery anywhere in Morocco.","publisher":{"@id":"https:\/\/vitablanca.ma\/#organization"},"alternateName":"VitaBlanca.ma","potentialAction":[{"@type":"SearchAction","target":{"@type":"EntryPoint","urlTemplate":"https:\/\/vitablanca.ma\/?s={search_term_string}"},"query-input":{"@type":"PropertyValueSpecification","valueRequired":true,"valueName":"search_term_string"}}],"inLanguage":"en-US"},{"@type":"Organization","@id":"https:\/\/vitablanca.ma\/#organization","name":"VitaBlanca","url":"https:\/\/vitablanca.ma\/","logo":{"@type":"ImageObject","inLanguage":"en-US","@id":"https:\/\/vitablanca.ma\/#\/schema\/logo\/image\/","url":"https:\/\/vitablanca.ma\/wp-content\/uploads\/2025\/05\/cropped-vitablanca.png","contentUrl":"https:\/\/vitablanca.ma\/wp-content\/uploads\/2025\/05\/cropped-vitablanca.png","width":360,"height":67,"caption":"VitaBlanca"},"image":{"@id":"https:\/\/vitablanca.ma\/#\/schema\/logo\/image\/"},"sameAs":["https:\/\/www.facebook.com\/profile.php?id=61576678196717","https:\/\/www.tiktok.com\/@vitablanca.ma","https:\/\/www.instagram.com\/vitablanca.ma\/"]}]}},"jetpack_sharing_enabled":true,"_links":{"self":[{"href":"https:\/\/vitablanca.ma\/en\/wp-json\/wp\/v2\/product\/18257","targetHints":{"allow":["GET"]}}],"collection":[{"href":"https:\/\/vitablanca.ma\/en\/wp-json\/wp\/v2\/product"}],"about":[{"href":"https:\/\/vitablanca.ma\/en\/wp-json\/wp\/v2\/types\/product"}],"wp:featuredmedia":[{"embeddable":true,"href":"https:\/\/vitablanca.ma\/en\/wp-json\/wp\/v2\/media\/18255"}],"wp:attachment":[{"href":"https:\/\/vitablanca.ma\/en\/wp-json\/wp\/v2\/media?parent=18257"}],"wp:term":[{"taxonomy":"product_brand","embeddable":true,"href":"https:\/\/vitablanca.ma\/en\/wp-json\/wp\/v2\/product_brand?post=18257"},{"taxonomy":"product_cat","embeddable":true,"href":"https:\/\/vitablanca.ma\/en\/wp-json\/wp\/v2\/product_cat?post=18257"},{"taxonomy":"product_tag","embeddable":true,"href":"https:\/\/vitablanca.ma\/en\/wp-json\/wp\/v2\/product_tag?post=18257"}],"curies":[{"name":"wp","href":"https:\/\/api.w.org\/{rel}","templated":true}]}}