{"id":18152,"date":"2025-06-10T17:16:58","date_gmt":"2025-06-10T17:16:58","guid":{"rendered":"https:\/\/vitablanca.ma\/product\/esthederm-esthe-white-mousse-nettoyante-eclaircissante-jeunesse-anti-taches-150ml\/"},"modified":"2025-09-16T17:56:52","modified_gmt":"2025-09-16T17:56:52","slug":"esthederm-esthe-white-mousse-nettoyante-eclaircissante-jeunesse-anti-taches-150ml","status":"publish","type":"product","link":"https:\/\/vitablanca.ma\/en\/product\/esthederm-esthe-white-mousse-nettoyante-eclaircissante-jeunesse-anti-taches-150ml\/","title":{"rendered":"Esthederm Esthe-White Youthful Brightening Cleansing Foam Anti-Dark Spots 150ml"},"content":{"rendered":"<h2>Esthederm Esthe-White Youthful Brightening Anti-Dark Spot Cleansing Foam Regulates melanin formation.<\/h2>\n<h3>Action<\/h3>\n<p><span>Regulates melanin formation.<\/span><br \/><span>Maintains the skin&#039;s youthful capital.<\/span><br \/><span>Cleanses in perfect harmony with the skin.<\/span><\/p>\n<h3><span>Use<\/span><\/h3>\n<p><span>Apply daily morning and evening to the entire face and neck, previously moistened.<br \/>Massage using small circular movements.<br \/>Leave on for a few moments then rinse thoroughly.<\/span><\/p>\n<p style=\"text-align: center\"><span>D\u00e9couvrez Esthederm Esthe-White Mousse Nettoyante \u00c9claircissante, un produit soigneusement s\u00e9lectionn\u00e9 pour r\u00e9pondre \u00e0 vos besoins sp\u00e9cifiques, et vivez une exp\u00e9rience d\u2019achat exceptionnelle sur notre site,\u00a0<strong>Vita Blanca Parapharmacie Maroc<\/strong><\/span><\/p>","protected":false},"excerpt":{"rendered":"<p>Esthederm Esthe-White Mousse Nettoyante \u00c9claircissante Jeunesse Anti-Taches\u00a0R\u00e9gule la formation de m\u00e9lanine. Action R\u00e9gule la formation de m\u00e9lanine.Entretient le capital jeunesse de la peau.Nettoie en parfaite osmose avec la peau. Utilisation Appliquer quotidiennement matin et soir sur l\u2019ensemble du visage et du cou pr\u00e9alablement humidifi\u00e9s.Masser \u00e0 l\u2019aide de petits mouvements circulaires.Laisser poser quelques instants puis rincer [&hellip;]<\/p>\n","protected":false},"featured_media":18151,"template":"","meta":{"om_disable_all_campaigns":false},"product_brand":[],"product_cat":[15],"product_tag":[],"class_list":{"0":"post-18152","1":"product","2":"type-product","3":"status-publish","4":"has-post-thumbnail","6":"product_cat-beaute-sante-complements-alimentaires-soins-et-bien-etre-au-meilleur-prix","8":"first","9":"instock","10":"sale","11":"taxable","12":"shipping-taxable","13":"purchasable","14":"product-type-simple"},"yoast_head":"<!-- This site is optimized with the Yoast SEO plugin v27.5 - https:\/\/yoast.com\/product\/yoast-seo-wordpress\/ -->\n<title>Esthederm Esthe-White Mousse Nettoyante \u00c9claircissante Jeunesse Anti-Taches 150ml - Maroc Prix<\/title>\n<meta name=\"description\" content=\"Esthederm Esthe-White Mousse Nettoyante \u00c9claircissante Jeunesse Anti-Taches 150ml\" \/>\n<meta name=\"robots\" content=\"index, follow, max-snippet:-1, max-image-preview:large, max-video-preview:-1\" \/>\n<link rel=\"canonical\" href=\"https:\/\/vitablanca.ma\/en\/product\/esthederm-esthe-white-mousse-nettoyante-eclaircissante-jeunesse-anti-taches-150ml\/\" \/>\n<meta property=\"og:locale\" content=\"en_US\" \/>\n<meta property=\"og:type\" content=\"article\" \/>\n<meta property=\"og:title\" content=\"Esthederm Esthe-White Mousse Nettoyante \u00c9claircissante Jeunesse Anti-Taches 150ml - Maroc Prix\" \/>\n<meta property=\"og:description\" content=\"Esthederm Esthe-White Mousse Nettoyante \u00c9claircissante Jeunesse Anti-Taches 150ml\" \/>\n<meta property=\"og:url\" content=\"https:\/\/vitablanca.ma\/en\/product\/esthederm-esthe-white-mousse-nettoyante-eclaircissante-jeunesse-anti-taches-150ml\/\" \/>\n<meta property=\"og:site_name\" content=\"Vitablanca.ma &ndash; Sant&eacute;, vitalit&eacute; et bien-&ecirc;tre pour tous les Marocains\" \/>\n<meta property=\"article:publisher\" content=\"https:\/\/www.facebook.com\/profile.php?id=61576678196717\" \/>\n<meta property=\"article:modified_time\" content=\"2025-09-16T17:56:52+00:00\" \/>\n<meta property=\"og:image\" content=\"https:\/\/vitablanca.ma\/wp-content\/uploads\/2025\/06\/Esthederm-Esthe-White-Mousse-Nettoyante-Eclaircissante-Jeunesse-Anti-Taches-150ml-nova-prapharmacie-maroc.jpg\" \/>\n\t<meta property=\"og:image:width\" content=\"1000\" \/>\n\t<meta property=\"og:image:height\" content=\"1000\" \/>\n\t<meta property=\"og:image:type\" content=\"image\/jpeg\" \/>\n<meta name=\"twitter:card\" content=\"summary_large_image\" \/>\n<meta name=\"twitter:label1\" content=\"Est. reading time\" \/>\n\t<meta name=\"twitter:data1\" content=\"1 minute\" \/>\n<script type=\"application\/ld+json\" class=\"yoast-schema-graph\">{\"@context\":\"https:\\\/\\\/schema.org\",\"@graph\":[{\"@type\":[\"WebPage\",\"ItemPage\"],\"@id\":\"https:\\\/\\\/vitablanca.ma\\\/produit\\\/esthederm-esthe-white-mousse-nettoyante-eclaircissante-jeunesse-anti-taches-150ml\\\/\",\"url\":\"https:\\\/\\\/vitablanca.ma\\\/produit\\\/esthederm-esthe-white-mousse-nettoyante-eclaircissante-jeunesse-anti-taches-150ml\\\/\",\"name\":\"Esthederm Esthe-White Mousse Nettoyante \u00c9claircissante Jeunesse Anti-Taches 150ml - Maroc Prix\",\"isPartOf\":{\"@id\":\"https:\\\/\\\/vitablanca.ma\\\/#website\"},\"primaryImageOfPage\":{\"@id\":\"https:\\\/\\\/vitablanca.ma\\\/produit\\\/esthederm-esthe-white-mousse-nettoyante-eclaircissante-jeunesse-anti-taches-150ml\\\/#primaryimage\"},\"image\":{\"@id\":\"https:\\\/\\\/vitablanca.ma\\\/produit\\\/esthederm-esthe-white-mousse-nettoyante-eclaircissante-jeunesse-anti-taches-150ml\\\/#primaryimage\"},\"thumbnailUrl\":\"https:\\\/\\\/vitablanca.ma\\\/wp-content\\\/uploads\\\/2025\\\/06\\\/Esthederm-Esthe-White-Mousse-Nettoyante-Eclaircissante-Jeunesse-Anti-Taches-150ml-nova-prapharmacie-maroc.jpg\",\"datePublished\":\"2025-06-10T17:16:58+00:00\",\"dateModified\":\"2025-09-16T17:56:52+00:00\",\"description\":\"Esthederm Esthe-White Mousse Nettoyante \u00c9claircissante Jeunesse Anti-Taches 150ml\",\"breadcrumb\":{\"@id\":\"https:\\\/\\\/vitablanca.ma\\\/produit\\\/esthederm-esthe-white-mousse-nettoyante-eclaircissante-jeunesse-anti-taches-150ml\\\/#breadcrumb\"},\"inLanguage\":\"en-US\",\"potentialAction\":[{\"@type\":\"ReadAction\",\"target\":[\"https:\\\/\\\/vitablanca.ma\\\/produit\\\/esthederm-esthe-white-mousse-nettoyante-eclaircissante-jeunesse-anti-taches-150ml\\\/\"]}]},{\"@type\":\"ImageObject\",\"inLanguage\":\"en-US\",\"@id\":\"https:\\\/\\\/vitablanca.ma\\\/produit\\\/esthederm-esthe-white-mousse-nettoyante-eclaircissante-jeunesse-anti-taches-150ml\\\/#primaryimage\",\"url\":\"https:\\\/\\\/vitablanca.ma\\\/wp-content\\\/uploads\\\/2025\\\/06\\\/Esthederm-Esthe-White-Mousse-Nettoyante-Eclaircissante-Jeunesse-Anti-Taches-150ml-nova-prapharmacie-maroc.jpg\",\"contentUrl\":\"https:\\\/\\\/vitablanca.ma\\\/wp-content\\\/uploads\\\/2025\\\/06\\\/Esthederm-Esthe-White-Mousse-Nettoyante-Eclaircissante-Jeunesse-Anti-Taches-150ml-nova-prapharmacie-maroc.jpg\",\"width\":1000,\"height\":1000},{\"@type\":\"BreadcrumbList\",\"@id\":\"https:\\\/\\\/vitablanca.ma\\\/produit\\\/esthederm-esthe-white-mousse-nettoyante-eclaircissante-jeunesse-anti-taches-150ml\\\/#breadcrumb\",\"itemListElement\":[{\"@type\":\"ListItem\",\"position\":1,\"name\":\"Home\",\"item\":\"https:\\\/\\\/vitablanca.ma\\\/\"},{\"@type\":\"ListItem\",\"position\":2,\"name\":\"Tous Les Produits\",\"item\":\"https:\\\/\\\/vitablanca.ma\\\/tous-les-produits\\\/\"},{\"@type\":\"ListItem\",\"position\":3,\"name\":\"Esthederm Esthe-White Mousse Nettoyante \u00c9claircissante Jeunesse Anti-Taches 150ml\"}]},{\"@type\":\"WebSite\",\"@id\":\"https:\\\/\\\/vitablanca.ma\\\/#website\",\"url\":\"https:\\\/\\\/vitablanca.ma\\\/\",\"name\":\"VitaBlanca.ma | Compl\u00e9ments alimentaires, sant\u00e9 & beaut\u00e9 au Maroc\",\"description\":\"vendre vitamines et compl\u00e9ments premium des USA &amp; Canada, Nouvelle Z\u00e9lande,Maroc (NOW Foods, Solgar, Manuka). Livraison rapide partout au Maroc.\",\"publisher\":{\"@id\":\"https:\\\/\\\/vitablanca.ma\\\/#organization\"},\"alternateName\":\"VitaBlanca.ma\",\"potentialAction\":[{\"@type\":\"SearchAction\",\"target\":{\"@type\":\"EntryPoint\",\"urlTemplate\":\"https:\\\/\\\/vitablanca.ma\\\/?s={search_term_string}\"},\"query-input\":{\"@type\":\"PropertyValueSpecification\",\"valueRequired\":true,\"valueName\":\"search_term_string\"}}],\"inLanguage\":\"en-US\"},{\"@type\":\"Organization\",\"@id\":\"https:\\\/\\\/vitablanca.ma\\\/#organization\",\"name\":\"VitaBlanca\",\"url\":\"https:\\\/\\\/vitablanca.ma\\\/\",\"logo\":{\"@type\":\"ImageObject\",\"inLanguage\":\"en-US\",\"@id\":\"https:\\\/\\\/vitablanca.ma\\\/#\\\/schema\\\/logo\\\/image\\\/\",\"url\":\"https:\\\/\\\/vitablanca.ma\\\/wp-content\\\/uploads\\\/2025\\\/05\\\/cropped-vitablanca.png\",\"contentUrl\":\"https:\\\/\\\/vitablanca.ma\\\/wp-content\\\/uploads\\\/2025\\\/05\\\/cropped-vitablanca.png\",\"width\":360,\"height\":67,\"caption\":\"VitaBlanca\"},\"image\":{\"@id\":\"https:\\\/\\\/vitablanca.ma\\\/#\\\/schema\\\/logo\\\/image\\\/\"},\"sameAs\":[\"https:\\\/\\\/www.facebook.com\\\/profile.php?id=61576678196717\",\"https:\\\/\\\/www.tiktok.com\\\/@vitablanca.ma\",\"https:\\\/\\\/www.instagram.com\\\/vitablanca.ma\\\/\"]}]}<\/script>\n<!-- \/ Yoast SEO plugin. -->","yoast_head_json":{"title":"Esthederm Esthe-White Youthful Brightening Cleansing Foam Anti-Dark Spots 150ml - Morocco Price","description":"Esthederm Esthe-White Youthful Brightening Cleansing Foam Anti-Dark Spots 150ml","robots":{"index":"index","follow":"follow","max-snippet":"max-snippet:-1","max-image-preview":"max-image-preview:large","max-video-preview":"max-video-preview:-1"},"canonical":"https:\/\/vitablanca.ma\/en\/product\/esthederm-esthe-white-mousse-nettoyante-eclaircissante-jeunesse-anti-taches-150ml\/","og_locale":"en_US","og_type":"article","og_title":"Esthederm Esthe-White Mousse Nettoyante \u00c9claircissante Jeunesse Anti-Taches 150ml - Maroc Prix","og_description":"Esthederm Esthe-White Mousse Nettoyante \u00c9claircissante Jeunesse Anti-Taches 150ml","og_url":"https:\/\/vitablanca.ma\/en\/product\/esthederm-esthe-white-mousse-nettoyante-eclaircissante-jeunesse-anti-taches-150ml\/","og_site_name":"Vitablanca.ma &ndash; Sant&eacute;, vitalit&eacute; et bien-&ecirc;tre pour tous les Marocains","article_publisher":"https:\/\/www.facebook.com\/profile.php?id=61576678196717","article_modified_time":"2025-09-16T17:56:52+00:00","og_image":[{"width":1000,"height":1000,"url":"https:\/\/vitablanca.ma\/wp-content\/uploads\/2025\/06\/Esthederm-Esthe-White-Mousse-Nettoyante-Eclaircissante-Jeunesse-Anti-Taches-150ml-nova-prapharmacie-maroc.jpg","type":"image\/jpeg"}],"twitter_card":"summary_large_image","twitter_misc":{"Est. reading time":"1 minute"},"schema":{"@context":"https:\/\/schema.org","@graph":[{"@type":["WebPage","ItemPage"],"@id":"https:\/\/vitablanca.ma\/produit\/esthederm-esthe-white-mousse-nettoyante-eclaircissante-jeunesse-anti-taches-150ml\/","url":"https:\/\/vitablanca.ma\/produit\/esthederm-esthe-white-mousse-nettoyante-eclaircissante-jeunesse-anti-taches-150ml\/","name":"Esthederm Esthe-White Youthful Brightening Cleansing Foam Anti-Dark Spots 150ml - Morocco Price","isPartOf":{"@id":"https:\/\/vitablanca.ma\/#website"},"primaryImageOfPage":{"@id":"https:\/\/vitablanca.ma\/produit\/esthederm-esthe-white-mousse-nettoyante-eclaircissante-jeunesse-anti-taches-150ml\/#primaryimage"},"image":{"@id":"https:\/\/vitablanca.ma\/produit\/esthederm-esthe-white-mousse-nettoyante-eclaircissante-jeunesse-anti-taches-150ml\/#primaryimage"},"thumbnailUrl":"https:\/\/vitablanca.ma\/wp-content\/uploads\/2025\/06\/Esthederm-Esthe-White-Mousse-Nettoyante-Eclaircissante-Jeunesse-Anti-Taches-150ml-nova-prapharmacie-maroc.jpg","datePublished":"2025-06-10T17:16:58+00:00","dateModified":"2025-09-16T17:56:52+00:00","description":"Esthederm Esthe-White Youthful Brightening Cleansing Foam Anti-Dark Spots 150ml","breadcrumb":{"@id":"https:\/\/vitablanca.ma\/produit\/esthederm-esthe-white-mousse-nettoyante-eclaircissante-jeunesse-anti-taches-150ml\/#breadcrumb"},"inLanguage":"en-US","potentialAction":[{"@type":"ReadAction","target":["https:\/\/vitablanca.ma\/produit\/esthederm-esthe-white-mousse-nettoyante-eclaircissante-jeunesse-anti-taches-150ml\/"]}]},{"@type":"ImageObject","inLanguage":"en-US","@id":"https:\/\/vitablanca.ma\/produit\/esthederm-esthe-white-mousse-nettoyante-eclaircissante-jeunesse-anti-taches-150ml\/#primaryimage","url":"https:\/\/vitablanca.ma\/wp-content\/uploads\/2025\/06\/Esthederm-Esthe-White-Mousse-Nettoyante-Eclaircissante-Jeunesse-Anti-Taches-150ml-nova-prapharmacie-maroc.jpg","contentUrl":"https:\/\/vitablanca.ma\/wp-content\/uploads\/2025\/06\/Esthederm-Esthe-White-Mousse-Nettoyante-Eclaircissante-Jeunesse-Anti-Taches-150ml-nova-prapharmacie-maroc.jpg","width":1000,"height":1000},{"@type":"BreadcrumbList","@id":"https:\/\/vitablanca.ma\/produit\/esthederm-esthe-white-mousse-nettoyante-eclaircissante-jeunesse-anti-taches-150ml\/#breadcrumb","itemListElement":[{"@type":"ListItem","position":1,"name":"Home","item":"https:\/\/vitablanca.ma\/"},{"@type":"ListItem","position":2,"name":"Tous Les Produits","item":"https:\/\/vitablanca.ma\/tous-les-produits\/"},{"@type":"ListItem","position":3,"name":"Esthederm Esthe-White Mousse Nettoyante \u00c9claircissante Jeunesse Anti-Taches 150ml"}]},{"@type":"WebSite","@id":"https:\/\/vitablanca.ma\/#website","url":"https:\/\/vitablanca.ma\/","name":"VitaBlanca.ma | Food supplements, health &amp; beauty in Morocco","description":"sell premium vitamins and supplements from USA &amp; Canada, New Zealand, Morocco (NOW Foods, Solgar, Manuka). Fast delivery anywhere in Morocco.","publisher":{"@id":"https:\/\/vitablanca.ma\/#organization"},"alternateName":"VitaBlanca.ma","potentialAction":[{"@type":"SearchAction","target":{"@type":"EntryPoint","urlTemplate":"https:\/\/vitablanca.ma\/?s={search_term_string}"},"query-input":{"@type":"PropertyValueSpecification","valueRequired":true,"valueName":"search_term_string"}}],"inLanguage":"en-US"},{"@type":"Organization","@id":"https:\/\/vitablanca.ma\/#organization","name":"VitaBlanca","url":"https:\/\/vitablanca.ma\/","logo":{"@type":"ImageObject","inLanguage":"en-US","@id":"https:\/\/vitablanca.ma\/#\/schema\/logo\/image\/","url":"https:\/\/vitablanca.ma\/wp-content\/uploads\/2025\/05\/cropped-vitablanca.png","contentUrl":"https:\/\/vitablanca.ma\/wp-content\/uploads\/2025\/05\/cropped-vitablanca.png","width":360,"height":67,"caption":"VitaBlanca"},"image":{"@id":"https:\/\/vitablanca.ma\/#\/schema\/logo\/image\/"},"sameAs":["https:\/\/www.facebook.com\/profile.php?id=61576678196717","https:\/\/www.tiktok.com\/@vitablanca.ma","https:\/\/www.instagram.com\/vitablanca.ma\/"]}]}},"jetpack_sharing_enabled":true,"_links":{"self":[{"href":"https:\/\/vitablanca.ma\/en\/wp-json\/wp\/v2\/product\/18152","targetHints":{"allow":["GET"]}}],"collection":[{"href":"https:\/\/vitablanca.ma\/en\/wp-json\/wp\/v2\/product"}],"about":[{"href":"https:\/\/vitablanca.ma\/en\/wp-json\/wp\/v2\/types\/product"}],"wp:featuredmedia":[{"embeddable":true,"href":"https:\/\/vitablanca.ma\/en\/wp-json\/wp\/v2\/media\/18151"}],"wp:attachment":[{"href":"https:\/\/vitablanca.ma\/en\/wp-json\/wp\/v2\/media?parent=18152"}],"wp:term":[{"taxonomy":"product_brand","embeddable":true,"href":"https:\/\/vitablanca.ma\/en\/wp-json\/wp\/v2\/product_brand?post=18152"},{"taxonomy":"product_cat","embeddable":true,"href":"https:\/\/vitablanca.ma\/en\/wp-json\/wp\/v2\/product_cat?post=18152"},{"taxonomy":"product_tag","embeddable":true,"href":"https:\/\/vitablanca.ma\/en\/wp-json\/wp\/v2\/product_tag?post=18152"}],"curies":[{"name":"wp","href":"https:\/\/api.w.org\/{rel}","templated":true}]}}