{"id":18146,"date":"2025-06-10T17:16:54","date_gmt":"2025-06-10T17:16:54","guid":{"rendered":"https:\/\/vitablanca.ma\/product\/esthederm-esthe-white-system-serum-anti-taches-eclaircissant-jeunesse-30ml\/"},"modified":"2025-06-10T17:16:54","modified_gmt":"2025-06-10T17:16:54","slug":"esthederm-esthe-white-system-serum-anti-taches-eclaircissant-jeunesse-30ml","status":"publish","type":"product","link":"https:\/\/vitablanca.ma\/en\/product\/esthederm-esthe-white-system-serum-anti-taches-eclaircissant-jeunesse-30ml\/","title":{"rendered":"Esthederm Esthe-White System Youthful Brightening Anti-Dark Spot Serum 30ml"},"content":{"rendered":"<h2>Esthederm Esthe-White System Youthful Brightening Anti-Dark Spot Serum\u00a0<span data-mce-fragment=\"1\">clarity and radiance of the complexion.<\/span><br \/>\n<\/h2>\n<h3>ACTIONS<\/h3>\n<ul>\n<li>Helps correct dark spots thanks to HYPOPIGMENTALINE technology which acts at all levels of the pigmentation process for a global response on the uniformity, clarity and radiance of the complexion.<\/li>\n<li>Restaure la transparence par l\u2019action de l\u2019EPS marin, une mol\u00e9cule pure et naturelle, qui agit comme un flouteur biologique. Il estompe progressivement les irr\u00e9gularit\u00e9s qui alt\u00e8rent la luminosit\u00e9 du teint et lisse durablement le grain de peau.<\/li>\n<li>Unifie le teint gr\u00e2ce \u00e0 la carnosine, puissant actif antioxydant et anti-glycation*, qui pr\u00e9vient le jaunissement du teint qui appara\u00eet avec le temps et la surexposition au soleil. (*Glycation : processus d\u2019acc\u00e9l\u00e9ration du vieillissement qui favorise le jaunissement du teint et l\u2019apparition pr\u00e9coce des rides par rigidification des fibres de collag\u00e8ne et d\u2019\u00e9lastine).\u00a0<\/li>\n<li>PATENTS: HYPOPIGMENTALINE TECHNOLOGY, TIME CONTROL SYSTEM, CELLULAR WATER.<\/li>\n<\/ul>\n<h3>Use<\/h3>\n<div class=\"product-detail-container\">\n<div id=\"pills-tabContent\" class=\"tab-content border-0\">\n<div aria-labelledby=\"pills-advice-tab\" role=\"tabpanel\" id=\"pills-advice\" class=\"tab-pane fade active show\">\n<div class=\"container\">\n<p>Apply ESTHE-WHITE Youth Brightening Anti-Dark Spot Serum morning and\/or evening to clean, dry skin on the face and neck. The serum can be used alone or in combination with other ESTHE-WHITE products for optimal brightening effectiveness.<\/p>\n<\/div>\n<\/div>\n<\/div>\n<\/div>","protected":false},"excerpt":{"rendered":"<p>Esthederm Esthe-White System S\u00e9rum Anti-Taches \u00c9claircissant Jeunesse\u00a0clart\u00e9 et l\u2019\u00e9clat du teint. ACTIONS Aide \u00e0 corriger les taches brunes gr\u00e2ce \u00e0 la technologie HYPOPIGMENTALINE qui agit \u00e0 tous les niveaux du processus de pigmentation pour une r\u00e9ponse globale sur l\u2019uniformit\u00e9, la clart\u00e9 et l\u2019\u00e9clat du teint. Restaure la transparence par l\u2019action de l\u2019EPS marin, une mol\u00e9cule [&hellip;]<\/p>\n","protected":false},"featured_media":18145,"template":"","meta":{"om_disable_all_campaigns":false},"product_brand":[],"product_cat":[15],"product_tag":[],"class_list":{"0":"post-18146","1":"product","2":"type-product","3":"status-publish","4":"has-post-thumbnail","6":"product_cat-beaute-sante-complements-alimentaires-soins-et-bien-etre-au-meilleur-prix","8":"first","9":"instock","10":"sale","11":"taxable","12":"shipping-taxable","13":"purchasable","14":"product-type-simple"},"yoast_head":"<!-- This site is optimized with the Yoast SEO plugin v27.5 - https:\/\/yoast.com\/product\/yoast-seo-wordpress\/ -->\n<title>Esthederm Esthe-White System S\u00e9rum Anti-Taches \u00c9claircissant Jeunesse 30ml - Maroc Prix<\/title>\n<meta name=\"description\" content=\"Esthederm Esthe-White System S\u00e9rum Anti-Taches \u00c9claircissant Jeunesse 30ml\" \/>\n<meta name=\"robots\" content=\"index, follow, max-snippet:-1, max-image-preview:large, max-video-preview:-1\" \/>\n<link rel=\"canonical\" href=\"https:\/\/vitablanca.ma\/en\/product\/esthederm-esthe-white-system-serum-anti-taches-eclaircissant-jeunesse-30ml\/\" \/>\n<meta property=\"og:locale\" content=\"en_US\" \/>\n<meta property=\"og:type\" content=\"article\" \/>\n<meta property=\"og:title\" content=\"Esthederm Esthe-White System S\u00e9rum Anti-Taches \u00c9claircissant Jeunesse 30ml - Maroc Prix\" \/>\n<meta property=\"og:description\" content=\"Esthederm Esthe-White System S\u00e9rum Anti-Taches \u00c9claircissant Jeunesse 30ml\" \/>\n<meta property=\"og:url\" content=\"https:\/\/vitablanca.ma\/en\/product\/esthederm-esthe-white-system-serum-anti-taches-eclaircissant-jeunesse-30ml\/\" \/>\n<meta property=\"og:site_name\" content=\"Vitablanca.ma &ndash; Sant&eacute;, vitalit&eacute; et bien-&ecirc;tre pour tous les Marocains\" \/>\n<meta property=\"article:publisher\" content=\"https:\/\/www.facebook.com\/profile.php?id=61576678196717\" \/>\n<meta property=\"og:image\" content=\"https:\/\/vitablanca.ma\/wp-content\/uploads\/2025\/06\/Esthederm-Esthe-White-System-Serum-Anti-Taches-Eclaircissant-Jeunesse-30ml-nova-prapharmacie-maroc.jpg\" \/>\n\t<meta property=\"og:image:width\" content=\"1000\" \/>\n\t<meta property=\"og:image:height\" content=\"1000\" \/>\n\t<meta property=\"og:image:type\" content=\"image\/jpeg\" \/>\n<meta name=\"twitter:card\" content=\"summary_large_image\" \/>\n<meta name=\"twitter:label1\" content=\"Est. reading time\" \/>\n\t<meta name=\"twitter:data1\" content=\"1 minute\" \/>\n<script type=\"application\/ld+json\" class=\"yoast-schema-graph\">{\"@context\":\"https:\\\/\\\/schema.org\",\"@graph\":[{\"@type\":[\"WebPage\",\"ItemPage\"],\"@id\":\"https:\\\/\\\/vitablanca.ma\\\/produit\\\/esthederm-esthe-white-system-serum-anti-taches-eclaircissant-jeunesse-30ml\\\/\",\"url\":\"https:\\\/\\\/vitablanca.ma\\\/produit\\\/esthederm-esthe-white-system-serum-anti-taches-eclaircissant-jeunesse-30ml\\\/\",\"name\":\"Esthederm Esthe-White System S\u00e9rum Anti-Taches \u00c9claircissant Jeunesse 30ml - Maroc Prix\",\"isPartOf\":{\"@id\":\"https:\\\/\\\/vitablanca.ma\\\/#website\"},\"primaryImageOfPage\":{\"@id\":\"https:\\\/\\\/vitablanca.ma\\\/produit\\\/esthederm-esthe-white-system-serum-anti-taches-eclaircissant-jeunesse-30ml\\\/#primaryimage\"},\"image\":{\"@id\":\"https:\\\/\\\/vitablanca.ma\\\/produit\\\/esthederm-esthe-white-system-serum-anti-taches-eclaircissant-jeunesse-30ml\\\/#primaryimage\"},\"thumbnailUrl\":\"https:\\\/\\\/vitablanca.ma\\\/wp-content\\\/uploads\\\/2025\\\/06\\\/Esthederm-Esthe-White-System-Serum-Anti-Taches-Eclaircissant-Jeunesse-30ml-nova-prapharmacie-maroc.jpg\",\"datePublished\":\"2025-06-10T17:16:54+00:00\",\"description\":\"Esthederm Esthe-White System S\u00e9rum Anti-Taches \u00c9claircissant Jeunesse 30ml\",\"breadcrumb\":{\"@id\":\"https:\\\/\\\/vitablanca.ma\\\/produit\\\/esthederm-esthe-white-system-serum-anti-taches-eclaircissant-jeunesse-30ml\\\/#breadcrumb\"},\"inLanguage\":\"en-US\",\"potentialAction\":[{\"@type\":\"ReadAction\",\"target\":[\"https:\\\/\\\/vitablanca.ma\\\/produit\\\/esthederm-esthe-white-system-serum-anti-taches-eclaircissant-jeunesse-30ml\\\/\"]}]},{\"@type\":\"ImageObject\",\"inLanguage\":\"en-US\",\"@id\":\"https:\\\/\\\/vitablanca.ma\\\/produit\\\/esthederm-esthe-white-system-serum-anti-taches-eclaircissant-jeunesse-30ml\\\/#primaryimage\",\"url\":\"https:\\\/\\\/vitablanca.ma\\\/wp-content\\\/uploads\\\/2025\\\/06\\\/Esthederm-Esthe-White-System-Serum-Anti-Taches-Eclaircissant-Jeunesse-30ml-nova-prapharmacie-maroc.jpg\",\"contentUrl\":\"https:\\\/\\\/vitablanca.ma\\\/wp-content\\\/uploads\\\/2025\\\/06\\\/Esthederm-Esthe-White-System-Serum-Anti-Taches-Eclaircissant-Jeunesse-30ml-nova-prapharmacie-maroc.jpg\",\"width\":1000,\"height\":1000},{\"@type\":\"BreadcrumbList\",\"@id\":\"https:\\\/\\\/vitablanca.ma\\\/produit\\\/esthederm-esthe-white-system-serum-anti-taches-eclaircissant-jeunesse-30ml\\\/#breadcrumb\",\"itemListElement\":[{\"@type\":\"ListItem\",\"position\":1,\"name\":\"Home\",\"item\":\"https:\\\/\\\/vitablanca.ma\\\/\"},{\"@type\":\"ListItem\",\"position\":2,\"name\":\"Tous Les Produits\",\"item\":\"https:\\\/\\\/vitablanca.ma\\\/tous-les-produits\\\/\"},{\"@type\":\"ListItem\",\"position\":3,\"name\":\"Esthederm Esthe-White System S\u00e9rum Anti-Taches \u00c9claircissant Jeunesse 30ml\"}]},{\"@type\":\"WebSite\",\"@id\":\"https:\\\/\\\/vitablanca.ma\\\/#website\",\"url\":\"https:\\\/\\\/vitablanca.ma\\\/\",\"name\":\"VitaBlanca.ma | Compl\u00e9ments alimentaires, sant\u00e9 & beaut\u00e9 au Maroc\",\"description\":\"vendre vitamines et compl\u00e9ments premium des USA &amp; Canada, Nouvelle Z\u00e9lande,Maroc (NOW Foods, Solgar, Manuka). Livraison rapide partout au Maroc.\",\"publisher\":{\"@id\":\"https:\\\/\\\/vitablanca.ma\\\/#organization\"},\"alternateName\":\"VitaBlanca.ma\",\"potentialAction\":[{\"@type\":\"SearchAction\",\"target\":{\"@type\":\"EntryPoint\",\"urlTemplate\":\"https:\\\/\\\/vitablanca.ma\\\/?s={search_term_string}\"},\"query-input\":{\"@type\":\"PropertyValueSpecification\",\"valueRequired\":true,\"valueName\":\"search_term_string\"}}],\"inLanguage\":\"en-US\"},{\"@type\":\"Organization\",\"@id\":\"https:\\\/\\\/vitablanca.ma\\\/#organization\",\"name\":\"VitaBlanca\",\"url\":\"https:\\\/\\\/vitablanca.ma\\\/\",\"logo\":{\"@type\":\"ImageObject\",\"inLanguage\":\"en-US\",\"@id\":\"https:\\\/\\\/vitablanca.ma\\\/#\\\/schema\\\/logo\\\/image\\\/\",\"url\":\"https:\\\/\\\/vitablanca.ma\\\/wp-content\\\/uploads\\\/2025\\\/05\\\/cropped-vitablanca.png\",\"contentUrl\":\"https:\\\/\\\/vitablanca.ma\\\/wp-content\\\/uploads\\\/2025\\\/05\\\/cropped-vitablanca.png\",\"width\":360,\"height\":67,\"caption\":\"VitaBlanca\"},\"image\":{\"@id\":\"https:\\\/\\\/vitablanca.ma\\\/#\\\/schema\\\/logo\\\/image\\\/\"},\"sameAs\":[\"https:\\\/\\\/www.facebook.com\\\/profile.php?id=61576678196717\",\"https:\\\/\\\/www.tiktok.com\\\/@vitablanca.ma\",\"https:\\\/\\\/www.instagram.com\\\/vitablanca.ma\\\/\"]}]}<\/script>\n<!-- \/ Yoast SEO plugin. -->","yoast_head_json":{"title":"Esthederm Esthe-White System Youthful Brightening Anti-Dark Spot Serum 30ml - Morocco Price","description":"Esthederm Esthe-White System Youthful Brightening Anti-Dark Spot Serum 30ml","robots":{"index":"index","follow":"follow","max-snippet":"max-snippet:-1","max-image-preview":"max-image-preview:large","max-video-preview":"max-video-preview:-1"},"canonical":"https:\/\/vitablanca.ma\/en\/product\/esthederm-esthe-white-system-serum-anti-taches-eclaircissant-jeunesse-30ml\/","og_locale":"en_US","og_type":"article","og_title":"Esthederm Esthe-White System S\u00e9rum Anti-Taches \u00c9claircissant Jeunesse 30ml - Maroc Prix","og_description":"Esthederm Esthe-White System S\u00e9rum Anti-Taches \u00c9claircissant Jeunesse 30ml","og_url":"https:\/\/vitablanca.ma\/en\/product\/esthederm-esthe-white-system-serum-anti-taches-eclaircissant-jeunesse-30ml\/","og_site_name":"Vitablanca.ma &ndash; Sant&eacute;, vitalit&eacute; et bien-&ecirc;tre pour tous les Marocains","article_publisher":"https:\/\/www.facebook.com\/profile.php?id=61576678196717","og_image":[{"width":1000,"height":1000,"url":"https:\/\/vitablanca.ma\/wp-content\/uploads\/2025\/06\/Esthederm-Esthe-White-System-Serum-Anti-Taches-Eclaircissant-Jeunesse-30ml-nova-prapharmacie-maroc.jpg","type":"image\/jpeg"}],"twitter_card":"summary_large_image","twitter_misc":{"Est. reading time":"1 minute"},"schema":{"@context":"https:\/\/schema.org","@graph":[{"@type":["WebPage","ItemPage"],"@id":"https:\/\/vitablanca.ma\/produit\/esthederm-esthe-white-system-serum-anti-taches-eclaircissant-jeunesse-30ml\/","url":"https:\/\/vitablanca.ma\/produit\/esthederm-esthe-white-system-serum-anti-taches-eclaircissant-jeunesse-30ml\/","name":"Esthederm Esthe-White System Youthful Brightening Anti-Dark Spot Serum 30ml - Morocco Price","isPartOf":{"@id":"https:\/\/vitablanca.ma\/#website"},"primaryImageOfPage":{"@id":"https:\/\/vitablanca.ma\/produit\/esthederm-esthe-white-system-serum-anti-taches-eclaircissant-jeunesse-30ml\/#primaryimage"},"image":{"@id":"https:\/\/vitablanca.ma\/produit\/esthederm-esthe-white-system-serum-anti-taches-eclaircissant-jeunesse-30ml\/#primaryimage"},"thumbnailUrl":"https:\/\/vitablanca.ma\/wp-content\/uploads\/2025\/06\/Esthederm-Esthe-White-System-Serum-Anti-Taches-Eclaircissant-Jeunesse-30ml-nova-prapharmacie-maroc.jpg","datePublished":"2025-06-10T17:16:54+00:00","description":"Esthederm Esthe-White System Youthful Brightening Anti-Dark Spot Serum 30ml","breadcrumb":{"@id":"https:\/\/vitablanca.ma\/produit\/esthederm-esthe-white-system-serum-anti-taches-eclaircissant-jeunesse-30ml\/#breadcrumb"},"inLanguage":"en-US","potentialAction":[{"@type":"ReadAction","target":["https:\/\/vitablanca.ma\/produit\/esthederm-esthe-white-system-serum-anti-taches-eclaircissant-jeunesse-30ml\/"]}]},{"@type":"ImageObject","inLanguage":"en-US","@id":"https:\/\/vitablanca.ma\/produit\/esthederm-esthe-white-system-serum-anti-taches-eclaircissant-jeunesse-30ml\/#primaryimage","url":"https:\/\/vitablanca.ma\/wp-content\/uploads\/2025\/06\/Esthederm-Esthe-White-System-Serum-Anti-Taches-Eclaircissant-Jeunesse-30ml-nova-prapharmacie-maroc.jpg","contentUrl":"https:\/\/vitablanca.ma\/wp-content\/uploads\/2025\/06\/Esthederm-Esthe-White-System-Serum-Anti-Taches-Eclaircissant-Jeunesse-30ml-nova-prapharmacie-maroc.jpg","width":1000,"height":1000},{"@type":"BreadcrumbList","@id":"https:\/\/vitablanca.ma\/produit\/esthederm-esthe-white-system-serum-anti-taches-eclaircissant-jeunesse-30ml\/#breadcrumb","itemListElement":[{"@type":"ListItem","position":1,"name":"Home","item":"https:\/\/vitablanca.ma\/"},{"@type":"ListItem","position":2,"name":"Tous Les Produits","item":"https:\/\/vitablanca.ma\/tous-les-produits\/"},{"@type":"ListItem","position":3,"name":"Esthederm Esthe-White System S\u00e9rum Anti-Taches \u00c9claircissant Jeunesse 30ml"}]},{"@type":"WebSite","@id":"https:\/\/vitablanca.ma\/#website","url":"https:\/\/vitablanca.ma\/","name":"VitaBlanca.ma | Food supplements, health &amp; beauty in Morocco","description":"sell premium vitamins and supplements from USA &amp; Canada, New Zealand, Morocco (NOW Foods, Solgar, Manuka). Fast delivery anywhere in Morocco.","publisher":{"@id":"https:\/\/vitablanca.ma\/#organization"},"alternateName":"VitaBlanca.ma","potentialAction":[{"@type":"SearchAction","target":{"@type":"EntryPoint","urlTemplate":"https:\/\/vitablanca.ma\/?s={search_term_string}"},"query-input":{"@type":"PropertyValueSpecification","valueRequired":true,"valueName":"search_term_string"}}],"inLanguage":"en-US"},{"@type":"Organization","@id":"https:\/\/vitablanca.ma\/#organization","name":"VitaBlanca","url":"https:\/\/vitablanca.ma\/","logo":{"@type":"ImageObject","inLanguage":"en-US","@id":"https:\/\/vitablanca.ma\/#\/schema\/logo\/image\/","url":"https:\/\/vitablanca.ma\/wp-content\/uploads\/2025\/05\/cropped-vitablanca.png","contentUrl":"https:\/\/vitablanca.ma\/wp-content\/uploads\/2025\/05\/cropped-vitablanca.png","width":360,"height":67,"caption":"VitaBlanca"},"image":{"@id":"https:\/\/vitablanca.ma\/#\/schema\/logo\/image\/"},"sameAs":["https:\/\/www.facebook.com\/profile.php?id=61576678196717","https:\/\/www.tiktok.com\/@vitablanca.ma","https:\/\/www.instagram.com\/vitablanca.ma\/"]}]}},"jetpack_sharing_enabled":true,"_links":{"self":[{"href":"https:\/\/vitablanca.ma\/en\/wp-json\/wp\/v2\/product\/18146","targetHints":{"allow":["GET"]}}],"collection":[{"href":"https:\/\/vitablanca.ma\/en\/wp-json\/wp\/v2\/product"}],"about":[{"href":"https:\/\/vitablanca.ma\/en\/wp-json\/wp\/v2\/types\/product"}],"wp:featuredmedia":[{"embeddable":true,"href":"https:\/\/vitablanca.ma\/en\/wp-json\/wp\/v2\/media\/18145"}],"wp:attachment":[{"href":"https:\/\/vitablanca.ma\/en\/wp-json\/wp\/v2\/media?parent=18146"}],"wp:term":[{"taxonomy":"product_brand","embeddable":true,"href":"https:\/\/vitablanca.ma\/en\/wp-json\/wp\/v2\/product_brand?post=18146"},{"taxonomy":"product_cat","embeddable":true,"href":"https:\/\/vitablanca.ma\/en\/wp-json\/wp\/v2\/product_cat?post=18146"},{"taxonomy":"product_tag","embeddable":true,"href":"https:\/\/vitablanca.ma\/en\/wp-json\/wp\/v2\/product_tag?post=18146"}],"curies":[{"name":"wp","href":"https:\/\/api.w.org\/{rel}","templated":true}]}}