{"id":18139,"date":"2025-06-10T17:16:46","date_gmt":"2025-06-10T17:16:46","guid":{"rendered":"https:\/\/vitablanca.ma\/product\/esthederm-intensive-aha-peel-serum-doux-30ml\/"},"modified":"2025-09-16T17:56:52","modified_gmt":"2025-09-16T17:56:52","slug":"esthederm-intensive-aha-peel-serum-doux-30ml","status":"publish","type":"product","link":"https:\/\/vitablanca.ma\/en\/product\/esthederm-intensive-aha-peel-serum-doux-30ml\/","title":{"rendered":"Esthederm Intensive AHA Peel Gentle Serum 30ml"},"content":{"rendered":"<h2>Esthederm Intensive AHA Peel Gentle Serum <span>refines skin texture by tightening enlarged pores.<\/span><br \/>\n<\/h2>\n<h3>ACTIONS<\/h3>\n<ul>\n<li>Smoothes and refines skin texture by tightening enlarged pores.<\/li>\n<li>Blurs surface and pigmentation irregularities.<\/li>\n<li>Restaure l\u2019\u00e9clat de la peau en favorisant l\u2019\u00e9limination des cellules mortes et l\u2019acc\u00e9l\u00e9ration du renouvellement \u00e9pidermique.<\/li>\n<li>PATENT: CELLULAR WATER.<\/li>\n<\/ul>\n<h3>Use<\/h3>\n<div class=\"product-detail-container\">\n<div class=\"tab-content border-0\" id=\"pills-tabContent\">\n<div class=\"tab-pane fade active show\" id=\"pills-advice\" role=\"tabpanel\" aria-labelledby=\"pills-advice-tab\">\n<div class=\"container\">\n<p>Utilisez le s\u00e9rum doux INTENSIVE AHA PEEL sur le visage et cou. Il s\u2019utilise le soir, seul ou sous une cr\u00e8me de la gamme INTENSIVE. Existe en version AHA PEEL concentr\u00e9. La ligne de soin INTENSIVE s\u2019utilise en alternance avec les soins habituels pour des cures cibl\u00e9es.<\/p>\n<p style=\"text-align: center\">D\u00e9couvrez Esthederm Intensive AHA Peel S\u00e9rum Doux, un produit soigneusement s\u00e9lectionn\u00e9 pour r\u00e9pondre \u00e0 vos besoins sp\u00e9cifiques, et vivez une exp\u00e9rience d\u2019achat exceptionnelle sur notre site,\u00a0<strong>Vita Blanca Parapharmacie Maroc<\/strong><\/p>\n<\/div>\n<\/div>\n<\/div>\n<\/div>","protected":false},"excerpt":{"rendered":"<p>Esthederm Intensive AHA Peel S\u00e9rum Doux affine le grain de peau en resserrant les pores dilat\u00e9s. ACTIONS Lisse et affine le grain de peau en resserrant les pores dilat\u00e9s. Estompe les irr\u00e9gularit\u00e9s de surface et de pigmentation. Restaure l\u2019\u00e9clat de la peau en favorisant l\u2019\u00e9limination des cellules mortes et l\u2019acc\u00e9l\u00e9ration du renouvellement \u00e9pidermique. BREVET : [&hellip;]<\/p>\n","protected":false},"featured_media":18137,"template":"","meta":{"om_disable_all_campaigns":false},"product_brand":[],"product_cat":[15],"product_tag":[],"class_list":{"0":"post-18139","1":"product","2":"type-product","3":"status-publish","4":"has-post-thumbnail","6":"product_cat-beaute-sante-complements-alimentaires-soins-et-bien-etre-au-meilleur-prix","8":"first","9":"instock","10":"sale","11":"taxable","12":"shipping-taxable","13":"purchasable","14":"product-type-simple"},"yoast_head":"<!-- This site is optimized with the Yoast SEO plugin v27.5 - https:\/\/yoast.com\/product\/yoast-seo-wordpress\/ -->\n<title>Esthederm Intensive AHA Peel S\u00e9rum Doux 30ml - Maroc Prix<\/title>\n<meta name=\"description\" content=\"Esthederm Intensive AHA Peel S\u00e9rum Doux 30ml\" \/>\n<meta name=\"robots\" content=\"index, follow, max-snippet:-1, max-image-preview:large, max-video-preview:-1\" \/>\n<link rel=\"canonical\" href=\"https:\/\/vitablanca.ma\/en\/product\/esthederm-intensive-aha-peel-serum-doux-30ml\/\" \/>\n<meta property=\"og:locale\" content=\"en_US\" \/>\n<meta property=\"og:type\" content=\"article\" \/>\n<meta property=\"og:title\" content=\"Esthederm Intensive AHA Peel S\u00e9rum Doux 30ml - Maroc Prix\" \/>\n<meta property=\"og:description\" content=\"Esthederm Intensive AHA Peel S\u00e9rum Doux 30ml\" \/>\n<meta property=\"og:url\" content=\"https:\/\/vitablanca.ma\/en\/product\/esthederm-intensive-aha-peel-serum-doux-30ml\/\" \/>\n<meta property=\"og:site_name\" content=\"Vitablanca.ma &ndash; Sant&eacute;, vitalit&eacute; et bien-&ecirc;tre pour tous les Marocains\" \/>\n<meta property=\"article:publisher\" content=\"https:\/\/www.facebook.com\/profile.php?id=61576678196717\" \/>\n<meta property=\"article:modified_time\" content=\"2025-09-16T17:56:52+00:00\" \/>\n<meta property=\"og:image\" content=\"https:\/\/vitablanca.ma\/wp-content\/uploads\/2025\/06\/Esthederm-Intensive-AHA-Peel-Serum-Doux-30ml-nova-prapharmacie-maroc.jpg\" \/>\n\t<meta property=\"og:image:width\" content=\"1000\" \/>\n\t<meta property=\"og:image:height\" content=\"1000\" \/>\n\t<meta property=\"og:image:type\" content=\"image\/jpeg\" \/>\n<meta name=\"twitter:card\" content=\"summary_large_image\" \/>\n<meta name=\"twitter:label1\" content=\"Est. reading time\" \/>\n\t<meta name=\"twitter:data1\" content=\"1 minute\" \/>\n<script type=\"application\/ld+json\" class=\"yoast-schema-graph\">{\"@context\":\"https:\\\/\\\/schema.org\",\"@graph\":[{\"@type\":[\"WebPage\",\"ItemPage\"],\"@id\":\"https:\\\/\\\/vitablanca.ma\\\/produit\\\/esthederm-intensive-aha-peel-serum-doux-30ml\\\/\",\"url\":\"https:\\\/\\\/vitablanca.ma\\\/produit\\\/esthederm-intensive-aha-peel-serum-doux-30ml\\\/\",\"name\":\"Esthederm Intensive AHA Peel S\u00e9rum Doux 30ml - Maroc Prix\",\"isPartOf\":{\"@id\":\"https:\\\/\\\/vitablanca.ma\\\/#website\"},\"primaryImageOfPage\":{\"@id\":\"https:\\\/\\\/vitablanca.ma\\\/produit\\\/esthederm-intensive-aha-peel-serum-doux-30ml\\\/#primaryimage\"},\"image\":{\"@id\":\"https:\\\/\\\/vitablanca.ma\\\/produit\\\/esthederm-intensive-aha-peel-serum-doux-30ml\\\/#primaryimage\"},\"thumbnailUrl\":\"https:\\\/\\\/vitablanca.ma\\\/wp-content\\\/uploads\\\/2025\\\/06\\\/Esthederm-Intensive-AHA-Peel-Serum-Doux-30ml-nova-prapharmacie-maroc.jpg\",\"datePublished\":\"2025-06-10T17:16:46+00:00\",\"dateModified\":\"2025-09-16T17:56:52+00:00\",\"description\":\"Esthederm Intensive AHA Peel S\u00e9rum Doux 30ml\",\"breadcrumb\":{\"@id\":\"https:\\\/\\\/vitablanca.ma\\\/produit\\\/esthederm-intensive-aha-peel-serum-doux-30ml\\\/#breadcrumb\"},\"inLanguage\":\"en-US\",\"potentialAction\":[{\"@type\":\"ReadAction\",\"target\":[\"https:\\\/\\\/vitablanca.ma\\\/produit\\\/esthederm-intensive-aha-peel-serum-doux-30ml\\\/\"]}]},{\"@type\":\"ImageObject\",\"inLanguage\":\"en-US\",\"@id\":\"https:\\\/\\\/vitablanca.ma\\\/produit\\\/esthederm-intensive-aha-peel-serum-doux-30ml\\\/#primaryimage\",\"url\":\"https:\\\/\\\/vitablanca.ma\\\/wp-content\\\/uploads\\\/2025\\\/06\\\/Esthederm-Intensive-AHA-Peel-Serum-Doux-30ml-nova-prapharmacie-maroc.jpg\",\"contentUrl\":\"https:\\\/\\\/vitablanca.ma\\\/wp-content\\\/uploads\\\/2025\\\/06\\\/Esthederm-Intensive-AHA-Peel-Serum-Doux-30ml-nova-prapharmacie-maroc.jpg\",\"width\":1000,\"height\":1000},{\"@type\":\"BreadcrumbList\",\"@id\":\"https:\\\/\\\/vitablanca.ma\\\/produit\\\/esthederm-intensive-aha-peel-serum-doux-30ml\\\/#breadcrumb\",\"itemListElement\":[{\"@type\":\"ListItem\",\"position\":1,\"name\":\"Home\",\"item\":\"https:\\\/\\\/vitablanca.ma\\\/\"},{\"@type\":\"ListItem\",\"position\":2,\"name\":\"Tous Les Produits\",\"item\":\"https:\\\/\\\/vitablanca.ma\\\/tous-les-produits\\\/\"},{\"@type\":\"ListItem\",\"position\":3,\"name\":\"Esthederm Intensive AHA Peel S\u00e9rum Doux 30ml\"}]},{\"@type\":\"WebSite\",\"@id\":\"https:\\\/\\\/vitablanca.ma\\\/#website\",\"url\":\"https:\\\/\\\/vitablanca.ma\\\/\",\"name\":\"VitaBlanca.ma | Compl\u00e9ments alimentaires, sant\u00e9 & beaut\u00e9 au Maroc\",\"description\":\"vendre vitamines et compl\u00e9ments premium des USA &amp; Canada, Nouvelle Z\u00e9lande,Maroc (NOW Foods, Solgar, Manuka). Livraison rapide partout au Maroc.\",\"publisher\":{\"@id\":\"https:\\\/\\\/vitablanca.ma\\\/#organization\"},\"alternateName\":\"VitaBlanca.ma\",\"potentialAction\":[{\"@type\":\"SearchAction\",\"target\":{\"@type\":\"EntryPoint\",\"urlTemplate\":\"https:\\\/\\\/vitablanca.ma\\\/?s={search_term_string}\"},\"query-input\":{\"@type\":\"PropertyValueSpecification\",\"valueRequired\":true,\"valueName\":\"search_term_string\"}}],\"inLanguage\":\"en-US\"},{\"@type\":\"Organization\",\"@id\":\"https:\\\/\\\/vitablanca.ma\\\/#organization\",\"name\":\"VitaBlanca\",\"url\":\"https:\\\/\\\/vitablanca.ma\\\/\",\"logo\":{\"@type\":\"ImageObject\",\"inLanguage\":\"en-US\",\"@id\":\"https:\\\/\\\/vitablanca.ma\\\/#\\\/schema\\\/logo\\\/image\\\/\",\"url\":\"https:\\\/\\\/vitablanca.ma\\\/wp-content\\\/uploads\\\/2025\\\/05\\\/cropped-vitablanca.png\",\"contentUrl\":\"https:\\\/\\\/vitablanca.ma\\\/wp-content\\\/uploads\\\/2025\\\/05\\\/cropped-vitablanca.png\",\"width\":360,\"height\":67,\"caption\":\"VitaBlanca\"},\"image\":{\"@id\":\"https:\\\/\\\/vitablanca.ma\\\/#\\\/schema\\\/logo\\\/image\\\/\"},\"sameAs\":[\"https:\\\/\\\/www.facebook.com\\\/profile.php?id=61576678196717\",\"https:\\\/\\\/www.tiktok.com\\\/@vitablanca.ma\",\"https:\\\/\\\/www.instagram.com\\\/vitablanca.ma\\\/\"]}]}<\/script>\n<!-- \/ Yoast SEO plugin. -->","yoast_head_json":{"title":"Esthederm Intensive AHA Peel Gentle Serum 30ml - Morocco Price","description":"Esthederm Intensive AHA Peel Gentle Serum 30ml","robots":{"index":"index","follow":"follow","max-snippet":"max-snippet:-1","max-image-preview":"max-image-preview:large","max-video-preview":"max-video-preview:-1"},"canonical":"https:\/\/vitablanca.ma\/en\/product\/esthederm-intensive-aha-peel-serum-doux-30ml\/","og_locale":"en_US","og_type":"article","og_title":"Esthederm Intensive AHA Peel S\u00e9rum Doux 30ml - Maroc Prix","og_description":"Esthederm Intensive AHA Peel S\u00e9rum Doux 30ml","og_url":"https:\/\/vitablanca.ma\/en\/product\/esthederm-intensive-aha-peel-serum-doux-30ml\/","og_site_name":"Vitablanca.ma &ndash; Sant&eacute;, vitalit&eacute; et bien-&ecirc;tre pour tous les Marocains","article_publisher":"https:\/\/www.facebook.com\/profile.php?id=61576678196717","article_modified_time":"2025-09-16T17:56:52+00:00","og_image":[{"width":1000,"height":1000,"url":"https:\/\/vitablanca.ma\/wp-content\/uploads\/2025\/06\/Esthederm-Intensive-AHA-Peel-Serum-Doux-30ml-nova-prapharmacie-maroc.jpg","type":"image\/jpeg"}],"twitter_card":"summary_large_image","twitter_misc":{"Est. reading time":"1 minute"},"schema":{"@context":"https:\/\/schema.org","@graph":[{"@type":["WebPage","ItemPage"],"@id":"https:\/\/vitablanca.ma\/produit\/esthederm-intensive-aha-peel-serum-doux-30ml\/","url":"https:\/\/vitablanca.ma\/produit\/esthederm-intensive-aha-peel-serum-doux-30ml\/","name":"Esthederm Intensive AHA Peel Gentle Serum 30ml - Morocco Price","isPartOf":{"@id":"https:\/\/vitablanca.ma\/#website"},"primaryImageOfPage":{"@id":"https:\/\/vitablanca.ma\/produit\/esthederm-intensive-aha-peel-serum-doux-30ml\/#primaryimage"},"image":{"@id":"https:\/\/vitablanca.ma\/produit\/esthederm-intensive-aha-peel-serum-doux-30ml\/#primaryimage"},"thumbnailUrl":"https:\/\/vitablanca.ma\/wp-content\/uploads\/2025\/06\/Esthederm-Intensive-AHA-Peel-Serum-Doux-30ml-nova-prapharmacie-maroc.jpg","datePublished":"2025-06-10T17:16:46+00:00","dateModified":"2025-09-16T17:56:52+00:00","description":"Esthederm Intensive AHA Peel Gentle Serum 30ml","breadcrumb":{"@id":"https:\/\/vitablanca.ma\/produit\/esthederm-intensive-aha-peel-serum-doux-30ml\/#breadcrumb"},"inLanguage":"en-US","potentialAction":[{"@type":"ReadAction","target":["https:\/\/vitablanca.ma\/produit\/esthederm-intensive-aha-peel-serum-doux-30ml\/"]}]},{"@type":"ImageObject","inLanguage":"en-US","@id":"https:\/\/vitablanca.ma\/produit\/esthederm-intensive-aha-peel-serum-doux-30ml\/#primaryimage","url":"https:\/\/vitablanca.ma\/wp-content\/uploads\/2025\/06\/Esthederm-Intensive-AHA-Peel-Serum-Doux-30ml-nova-prapharmacie-maroc.jpg","contentUrl":"https:\/\/vitablanca.ma\/wp-content\/uploads\/2025\/06\/Esthederm-Intensive-AHA-Peel-Serum-Doux-30ml-nova-prapharmacie-maroc.jpg","width":1000,"height":1000},{"@type":"BreadcrumbList","@id":"https:\/\/vitablanca.ma\/produit\/esthederm-intensive-aha-peel-serum-doux-30ml\/#breadcrumb","itemListElement":[{"@type":"ListItem","position":1,"name":"Home","item":"https:\/\/vitablanca.ma\/"},{"@type":"ListItem","position":2,"name":"Tous Les Produits","item":"https:\/\/vitablanca.ma\/tous-les-produits\/"},{"@type":"ListItem","position":3,"name":"Esthederm Intensive AHA Peel S\u00e9rum Doux 30ml"}]},{"@type":"WebSite","@id":"https:\/\/vitablanca.ma\/#website","url":"https:\/\/vitablanca.ma\/","name":"VitaBlanca.ma | Food supplements, health &amp; beauty in Morocco","description":"sell premium vitamins and supplements from USA &amp; Canada, New Zealand, Morocco (NOW Foods, Solgar, Manuka). Fast delivery anywhere in Morocco.","publisher":{"@id":"https:\/\/vitablanca.ma\/#organization"},"alternateName":"VitaBlanca.ma","potentialAction":[{"@type":"SearchAction","target":{"@type":"EntryPoint","urlTemplate":"https:\/\/vitablanca.ma\/?s={search_term_string}"},"query-input":{"@type":"PropertyValueSpecification","valueRequired":true,"valueName":"search_term_string"}}],"inLanguage":"en-US"},{"@type":"Organization","@id":"https:\/\/vitablanca.ma\/#organization","name":"VitaBlanca","url":"https:\/\/vitablanca.ma\/","logo":{"@type":"ImageObject","inLanguage":"en-US","@id":"https:\/\/vitablanca.ma\/#\/schema\/logo\/image\/","url":"https:\/\/vitablanca.ma\/wp-content\/uploads\/2025\/05\/cropped-vitablanca.png","contentUrl":"https:\/\/vitablanca.ma\/wp-content\/uploads\/2025\/05\/cropped-vitablanca.png","width":360,"height":67,"caption":"VitaBlanca"},"image":{"@id":"https:\/\/vitablanca.ma\/#\/schema\/logo\/image\/"},"sameAs":["https:\/\/www.facebook.com\/profile.php?id=61576678196717","https:\/\/www.tiktok.com\/@vitablanca.ma","https:\/\/www.instagram.com\/vitablanca.ma\/"]}]}},"jetpack_sharing_enabled":true,"_links":{"self":[{"href":"https:\/\/vitablanca.ma\/en\/wp-json\/wp\/v2\/product\/18139","targetHints":{"allow":["GET"]}}],"collection":[{"href":"https:\/\/vitablanca.ma\/en\/wp-json\/wp\/v2\/product"}],"about":[{"href":"https:\/\/vitablanca.ma\/en\/wp-json\/wp\/v2\/types\/product"}],"wp:featuredmedia":[{"embeddable":true,"href":"https:\/\/vitablanca.ma\/en\/wp-json\/wp\/v2\/media\/18137"}],"wp:attachment":[{"href":"https:\/\/vitablanca.ma\/en\/wp-json\/wp\/v2\/media?parent=18139"}],"wp:term":[{"taxonomy":"product_brand","embeddable":true,"href":"https:\/\/vitablanca.ma\/en\/wp-json\/wp\/v2\/product_brand?post=18139"},{"taxonomy":"product_cat","embeddable":true,"href":"https:\/\/vitablanca.ma\/en\/wp-json\/wp\/v2\/product_cat?post=18139"},{"taxonomy":"product_tag","embeddable":true,"href":"https:\/\/vitablanca.ma\/en\/wp-json\/wp\/v2\/product_tag?post=18139"}],"curies":[{"name":"wp","href":"https:\/\/api.w.org\/{rel}","templated":true}]}}