{"id":18134,"date":"2025-06-10T17:16:40","date_gmt":"2025-06-10T17:16:40","guid":{"rendered":"https:\/\/vitablanca.ma\/product\/esthederm-intensive-hyaluronic-masque-deshydratation-intense-75ml\/"},"modified":"2025-06-10T17:16:40","modified_gmt":"2025-06-10T17:16:40","slug":"esthederm-intensive-hyaluronic-masque-deshydratation-intense-75ml","status":"publish","type":"product","link":"https:\/\/vitablanca.ma\/en\/product\/esthederm-intensive-hyaluronic-masque-deshydratation-intense-75ml\/","title":{"rendered":"Esthederm Intensive Hyaluronic Intense Dehydration Mask 75ml"},"content":{"rendered":"<h2>Esthederm Intensive Hyaluronic Intense Dehydration Mask\u00a0<span data-mce-fragment=\"1\">apporte instantan\u00e9ment le confort et l\u2019hydratation dont la peau<\/span><br \/>\n<\/h2>\n<div class=\"product attribute overview\">Quand la peau tiraille, est inconfortable, plus terne, c\u2019est souvent parce qu\u2019elle est en manque d\u2019hydratation. Le masque INTENSIVE HYALURONIC est un v\u00e9ritable bain de soin repulpant : il apporte instantan\u00e9ment le confort et l\u2019hydratation dont la peau a besoin, en une application.<\/div>\n<h3>ACTIONS<\/h3>\n<ul>\n<li>Hydrate intens\u00e9ment gr\u00e2ce \u00e0 l\u2019association de l\u2019acide hyaluronique de haut poids mol\u00e9culaire et d\u2019une forme encapsul\u00e9e qui maintient la teneur en eau de l\u2019\u00e9piderme pour freiner la d\u00e9shydratation.<\/li>\n<li>Smoothes fine lines and smoothes the d\u00e9collet\u00e9 thanks to medium molecular weight hyaluronic acid which compensates for water loss and increases skin elasticity.<\/li>\n<li>Reduces feelings of tightness.<\/li>\n<li>PATENTS: HYALURONIC, CELLULAR WATER.<\/li>\n<\/ul>\n<h3>Use<\/h3>\n<p>Appliquez le masque INTENSIVE HYALURONIC en couche \u00e9paisse sur le visage, le cou et le d\u00e9collet\u00e9. Laissez poser 15 \u00e0 20 minutes, puis rincez ou essuyez \u00e0 l\u2019aide d\u2019un mouchoir en papier. Renouvelez l\u2019application deux \u00e0 trois fois par semaine.<\/p>","protected":false},"excerpt":{"rendered":"<p>Esthederm Intensive Hyaluronic Masque D\u00e9shydratation Intense\u00a0apporte instantan\u00e9ment le confort et l\u2019hydratation dont la peau Quand la peau tiraille, est inconfortable, plus terne, c\u2019est souvent parce qu\u2019elle est en manque d\u2019hydratation. Le masque INTENSIVE HYALURONIC est un v\u00e9ritable bain de soin repulpant : il apporte instantan\u00e9ment le confort et l\u2019hydratation dont la peau a besoin, en [&hellip;]<\/p>\n","protected":false},"featured_media":18133,"template":"","meta":{"om_disable_all_campaigns":false},"product_brand":[],"product_cat":[15],"product_tag":[],"class_list":{"0":"post-18134","1":"product","2":"type-product","3":"status-publish","4":"has-post-thumbnail","6":"product_cat-beaute-sante-complements-alimentaires-soins-et-bien-etre-au-meilleur-prix","8":"first","9":"instock","10":"sale","11":"taxable","12":"shipping-taxable","13":"purchasable","14":"product-type-simple"},"yoast_head":"<!-- This site is optimized with the Yoast SEO plugin v27.5 - https:\/\/yoast.com\/product\/yoast-seo-wordpress\/ -->\n<title>Esthederm Intensive Hyaluronic Masque D\u00e9shydratation Intense 75ml - Maroc Prix<\/title>\n<meta name=\"description\" content=\"Esthederm Intensive Hyaluronic Masque D\u00e9shydratation Intense 75ml\" \/>\n<meta name=\"robots\" content=\"index, follow, max-snippet:-1, max-image-preview:large, max-video-preview:-1\" \/>\n<link rel=\"canonical\" href=\"https:\/\/vitablanca.ma\/en\/product\/esthederm-intensive-hyaluronic-masque-deshydratation-intense-75ml\/\" \/>\n<meta property=\"og:locale\" content=\"en_US\" \/>\n<meta property=\"og:type\" content=\"article\" \/>\n<meta property=\"og:title\" content=\"Esthederm Intensive Hyaluronic Masque D\u00e9shydratation Intense 75ml - Maroc Prix\" \/>\n<meta property=\"og:description\" content=\"Esthederm Intensive Hyaluronic Masque D\u00e9shydratation Intense 75ml\" \/>\n<meta property=\"og:url\" content=\"https:\/\/vitablanca.ma\/en\/product\/esthederm-intensive-hyaluronic-masque-deshydratation-intense-75ml\/\" \/>\n<meta property=\"og:site_name\" content=\"Vitablanca.ma &ndash; Sant&eacute;, vitalit&eacute; et bien-&ecirc;tre pour tous les Marocains\" \/>\n<meta property=\"article:publisher\" content=\"https:\/\/www.facebook.com\/profile.php?id=61576678196717\" \/>\n<meta property=\"og:image\" content=\"https:\/\/vitablanca.ma\/wp-content\/uploads\/2025\/06\/Esthederm-Intensive-Hyaluronic-Masque-Deshydratation-Intense-75ml-nova-prapharmacie-maroc.jpg\" \/>\n\t<meta property=\"og:image:width\" content=\"1000\" \/>\n\t<meta property=\"og:image:height\" content=\"1000\" \/>\n\t<meta property=\"og:image:type\" content=\"image\/jpeg\" \/>\n<meta name=\"twitter:card\" content=\"summary_large_image\" \/>\n<meta name=\"twitter:label1\" content=\"Est. reading time\" \/>\n\t<meta name=\"twitter:data1\" content=\"1 minute\" \/>\n<script type=\"application\/ld+json\" class=\"yoast-schema-graph\">{\"@context\":\"https:\\\/\\\/schema.org\",\"@graph\":[{\"@type\":[\"WebPage\",\"ItemPage\"],\"@id\":\"https:\\\/\\\/vitablanca.ma\\\/produit\\\/esthederm-intensive-hyaluronic-masque-deshydratation-intense-75ml\\\/\",\"url\":\"https:\\\/\\\/vitablanca.ma\\\/produit\\\/esthederm-intensive-hyaluronic-masque-deshydratation-intense-75ml\\\/\",\"name\":\"Esthederm Intensive Hyaluronic Masque D\u00e9shydratation Intense 75ml - Maroc Prix\",\"isPartOf\":{\"@id\":\"https:\\\/\\\/vitablanca.ma\\\/#website\"},\"primaryImageOfPage\":{\"@id\":\"https:\\\/\\\/vitablanca.ma\\\/produit\\\/esthederm-intensive-hyaluronic-masque-deshydratation-intense-75ml\\\/#primaryimage\"},\"image\":{\"@id\":\"https:\\\/\\\/vitablanca.ma\\\/produit\\\/esthederm-intensive-hyaluronic-masque-deshydratation-intense-75ml\\\/#primaryimage\"},\"thumbnailUrl\":\"https:\\\/\\\/vitablanca.ma\\\/wp-content\\\/uploads\\\/2025\\\/06\\\/Esthederm-Intensive-Hyaluronic-Masque-Deshydratation-Intense-75ml-nova-prapharmacie-maroc.jpg\",\"datePublished\":\"2025-06-10T17:16:40+00:00\",\"description\":\"Esthederm Intensive Hyaluronic Masque D\u00e9shydratation Intense 75ml\",\"breadcrumb\":{\"@id\":\"https:\\\/\\\/vitablanca.ma\\\/produit\\\/esthederm-intensive-hyaluronic-masque-deshydratation-intense-75ml\\\/#breadcrumb\"},\"inLanguage\":\"en-US\",\"potentialAction\":[{\"@type\":\"ReadAction\",\"target\":[\"https:\\\/\\\/vitablanca.ma\\\/produit\\\/esthederm-intensive-hyaluronic-masque-deshydratation-intense-75ml\\\/\"]}]},{\"@type\":\"ImageObject\",\"inLanguage\":\"en-US\",\"@id\":\"https:\\\/\\\/vitablanca.ma\\\/produit\\\/esthederm-intensive-hyaluronic-masque-deshydratation-intense-75ml\\\/#primaryimage\",\"url\":\"https:\\\/\\\/vitablanca.ma\\\/wp-content\\\/uploads\\\/2025\\\/06\\\/Esthederm-Intensive-Hyaluronic-Masque-Deshydratation-Intense-75ml-nova-prapharmacie-maroc.jpg\",\"contentUrl\":\"https:\\\/\\\/vitablanca.ma\\\/wp-content\\\/uploads\\\/2025\\\/06\\\/Esthederm-Intensive-Hyaluronic-Masque-Deshydratation-Intense-75ml-nova-prapharmacie-maroc.jpg\",\"width\":1000,\"height\":1000},{\"@type\":\"BreadcrumbList\",\"@id\":\"https:\\\/\\\/vitablanca.ma\\\/produit\\\/esthederm-intensive-hyaluronic-masque-deshydratation-intense-75ml\\\/#breadcrumb\",\"itemListElement\":[{\"@type\":\"ListItem\",\"position\":1,\"name\":\"Home\",\"item\":\"https:\\\/\\\/vitablanca.ma\\\/\"},{\"@type\":\"ListItem\",\"position\":2,\"name\":\"Tous Les Produits\",\"item\":\"https:\\\/\\\/vitablanca.ma\\\/tous-les-produits\\\/\"},{\"@type\":\"ListItem\",\"position\":3,\"name\":\"Esthederm Intensive Hyaluronic Masque D\u00e9shydratation Intense 75ml\"}]},{\"@type\":\"WebSite\",\"@id\":\"https:\\\/\\\/vitablanca.ma\\\/#website\",\"url\":\"https:\\\/\\\/vitablanca.ma\\\/\",\"name\":\"VitaBlanca.ma | Compl\u00e9ments alimentaires, sant\u00e9 & beaut\u00e9 au Maroc\",\"description\":\"vendre vitamines et compl\u00e9ments premium des USA &amp; Canada, Nouvelle Z\u00e9lande,Maroc (NOW Foods, Solgar, Manuka). Livraison rapide partout au Maroc.\",\"publisher\":{\"@id\":\"https:\\\/\\\/vitablanca.ma\\\/#organization\"},\"alternateName\":\"VitaBlanca.ma\",\"potentialAction\":[{\"@type\":\"SearchAction\",\"target\":{\"@type\":\"EntryPoint\",\"urlTemplate\":\"https:\\\/\\\/vitablanca.ma\\\/?s={search_term_string}\"},\"query-input\":{\"@type\":\"PropertyValueSpecification\",\"valueRequired\":true,\"valueName\":\"search_term_string\"}}],\"inLanguage\":\"en-US\"},{\"@type\":\"Organization\",\"@id\":\"https:\\\/\\\/vitablanca.ma\\\/#organization\",\"name\":\"VitaBlanca\",\"url\":\"https:\\\/\\\/vitablanca.ma\\\/\",\"logo\":{\"@type\":\"ImageObject\",\"inLanguage\":\"en-US\",\"@id\":\"https:\\\/\\\/vitablanca.ma\\\/#\\\/schema\\\/logo\\\/image\\\/\",\"url\":\"https:\\\/\\\/vitablanca.ma\\\/wp-content\\\/uploads\\\/2025\\\/05\\\/cropped-vitablanca.png\",\"contentUrl\":\"https:\\\/\\\/vitablanca.ma\\\/wp-content\\\/uploads\\\/2025\\\/05\\\/cropped-vitablanca.png\",\"width\":360,\"height\":67,\"caption\":\"VitaBlanca\"},\"image\":{\"@id\":\"https:\\\/\\\/vitablanca.ma\\\/#\\\/schema\\\/logo\\\/image\\\/\"},\"sameAs\":[\"https:\\\/\\\/www.facebook.com\\\/profile.php?id=61576678196717\",\"https:\\\/\\\/www.tiktok.com\\\/@vitablanca.ma\",\"https:\\\/\\\/www.instagram.com\\\/vitablanca.ma\\\/\"]}]}<\/script>\n<!-- \/ Yoast SEO plugin. -->","yoast_head_json":{"title":"Esthederm Intensive Hyaluronic Intense Dehydration Mask 75ml - Morocco Price","description":"Esthederm Intensive Hyaluronic Intense Dehydration Mask 75ml","robots":{"index":"index","follow":"follow","max-snippet":"max-snippet:-1","max-image-preview":"max-image-preview:large","max-video-preview":"max-video-preview:-1"},"canonical":"https:\/\/vitablanca.ma\/en\/product\/esthederm-intensive-hyaluronic-masque-deshydratation-intense-75ml\/","og_locale":"en_US","og_type":"article","og_title":"Esthederm Intensive Hyaluronic Masque D\u00e9shydratation Intense 75ml - Maroc Prix","og_description":"Esthederm Intensive Hyaluronic Masque D\u00e9shydratation Intense 75ml","og_url":"https:\/\/vitablanca.ma\/en\/product\/esthederm-intensive-hyaluronic-masque-deshydratation-intense-75ml\/","og_site_name":"Vitablanca.ma &ndash; Sant&eacute;, vitalit&eacute; et bien-&ecirc;tre pour tous les Marocains","article_publisher":"https:\/\/www.facebook.com\/profile.php?id=61576678196717","og_image":[{"width":1000,"height":1000,"url":"https:\/\/vitablanca.ma\/wp-content\/uploads\/2025\/06\/Esthederm-Intensive-Hyaluronic-Masque-Deshydratation-Intense-75ml-nova-prapharmacie-maroc.jpg","type":"image\/jpeg"}],"twitter_card":"summary_large_image","twitter_misc":{"Est. reading time":"1 minute"},"schema":{"@context":"https:\/\/schema.org","@graph":[{"@type":["WebPage","ItemPage"],"@id":"https:\/\/vitablanca.ma\/produit\/esthederm-intensive-hyaluronic-masque-deshydratation-intense-75ml\/","url":"https:\/\/vitablanca.ma\/produit\/esthederm-intensive-hyaluronic-masque-deshydratation-intense-75ml\/","name":"Esthederm Intensive Hyaluronic Intense Dehydration Mask 75ml - Morocco Price","isPartOf":{"@id":"https:\/\/vitablanca.ma\/#website"},"primaryImageOfPage":{"@id":"https:\/\/vitablanca.ma\/produit\/esthederm-intensive-hyaluronic-masque-deshydratation-intense-75ml\/#primaryimage"},"image":{"@id":"https:\/\/vitablanca.ma\/produit\/esthederm-intensive-hyaluronic-masque-deshydratation-intense-75ml\/#primaryimage"},"thumbnailUrl":"https:\/\/vitablanca.ma\/wp-content\/uploads\/2025\/06\/Esthederm-Intensive-Hyaluronic-Masque-Deshydratation-Intense-75ml-nova-prapharmacie-maroc.jpg","datePublished":"2025-06-10T17:16:40+00:00","description":"Esthederm Intensive Hyaluronic Intense Dehydration Mask 75ml","breadcrumb":{"@id":"https:\/\/vitablanca.ma\/produit\/esthederm-intensive-hyaluronic-masque-deshydratation-intense-75ml\/#breadcrumb"},"inLanguage":"en-US","potentialAction":[{"@type":"ReadAction","target":["https:\/\/vitablanca.ma\/produit\/esthederm-intensive-hyaluronic-masque-deshydratation-intense-75ml\/"]}]},{"@type":"ImageObject","inLanguage":"en-US","@id":"https:\/\/vitablanca.ma\/produit\/esthederm-intensive-hyaluronic-masque-deshydratation-intense-75ml\/#primaryimage","url":"https:\/\/vitablanca.ma\/wp-content\/uploads\/2025\/06\/Esthederm-Intensive-Hyaluronic-Masque-Deshydratation-Intense-75ml-nova-prapharmacie-maroc.jpg","contentUrl":"https:\/\/vitablanca.ma\/wp-content\/uploads\/2025\/06\/Esthederm-Intensive-Hyaluronic-Masque-Deshydratation-Intense-75ml-nova-prapharmacie-maroc.jpg","width":1000,"height":1000},{"@type":"BreadcrumbList","@id":"https:\/\/vitablanca.ma\/produit\/esthederm-intensive-hyaluronic-masque-deshydratation-intense-75ml\/#breadcrumb","itemListElement":[{"@type":"ListItem","position":1,"name":"Home","item":"https:\/\/vitablanca.ma\/"},{"@type":"ListItem","position":2,"name":"Tous Les Produits","item":"https:\/\/vitablanca.ma\/tous-les-produits\/"},{"@type":"ListItem","position":3,"name":"Esthederm Intensive Hyaluronic Masque D\u00e9shydratation Intense 75ml"}]},{"@type":"WebSite","@id":"https:\/\/vitablanca.ma\/#website","url":"https:\/\/vitablanca.ma\/","name":"VitaBlanca.ma | Food supplements, health &amp; beauty in Morocco","description":"sell premium vitamins and supplements from USA &amp; Canada, New Zealand, Morocco (NOW Foods, Solgar, Manuka). Fast delivery anywhere in Morocco.","publisher":{"@id":"https:\/\/vitablanca.ma\/#organization"},"alternateName":"VitaBlanca.ma","potentialAction":[{"@type":"SearchAction","target":{"@type":"EntryPoint","urlTemplate":"https:\/\/vitablanca.ma\/?s={search_term_string}"},"query-input":{"@type":"PropertyValueSpecification","valueRequired":true,"valueName":"search_term_string"}}],"inLanguage":"en-US"},{"@type":"Organization","@id":"https:\/\/vitablanca.ma\/#organization","name":"VitaBlanca","url":"https:\/\/vitablanca.ma\/","logo":{"@type":"ImageObject","inLanguage":"en-US","@id":"https:\/\/vitablanca.ma\/#\/schema\/logo\/image\/","url":"https:\/\/vitablanca.ma\/wp-content\/uploads\/2025\/05\/cropped-vitablanca.png","contentUrl":"https:\/\/vitablanca.ma\/wp-content\/uploads\/2025\/05\/cropped-vitablanca.png","width":360,"height":67,"caption":"VitaBlanca"},"image":{"@id":"https:\/\/vitablanca.ma\/#\/schema\/logo\/image\/"},"sameAs":["https:\/\/www.facebook.com\/profile.php?id=61576678196717","https:\/\/www.tiktok.com\/@vitablanca.ma","https:\/\/www.instagram.com\/vitablanca.ma\/"]}]}},"jetpack_sharing_enabled":true,"_links":{"self":[{"href":"https:\/\/vitablanca.ma\/en\/wp-json\/wp\/v2\/product\/18134","targetHints":{"allow":["GET"]}}],"collection":[{"href":"https:\/\/vitablanca.ma\/en\/wp-json\/wp\/v2\/product"}],"about":[{"href":"https:\/\/vitablanca.ma\/en\/wp-json\/wp\/v2\/types\/product"}],"wp:featuredmedia":[{"embeddable":true,"href":"https:\/\/vitablanca.ma\/en\/wp-json\/wp\/v2\/media\/18133"}],"wp:attachment":[{"href":"https:\/\/vitablanca.ma\/en\/wp-json\/wp\/v2\/media?parent=18134"}],"wp:term":[{"taxonomy":"product_brand","embeddable":true,"href":"https:\/\/vitablanca.ma\/en\/wp-json\/wp\/v2\/product_brand?post=18134"},{"taxonomy":"product_cat","embeddable":true,"href":"https:\/\/vitablanca.ma\/en\/wp-json\/wp\/v2\/product_cat?post=18134"},{"taxonomy":"product_tag","embeddable":true,"href":"https:\/\/vitablanca.ma\/en\/wp-json\/wp\/v2\/product_tag?post=18134"}],"curies":[{"name":"wp","href":"https:\/\/api.w.org\/{rel}","templated":true}]}}