{"id":18130,"date":"2025-06-10T17:16:34","date_gmt":"2025-06-10T17:16:34","guid":{"rendered":"https:\/\/vitablanca.ma\/product\/esthederm-intensive-hyaluronic-serum-intensive-rides-et-ridules-30ml\/"},"modified":"2025-06-10T17:16:34","modified_gmt":"2025-06-10T17:16:34","slug":"esthederm-intensive-hyaluronic-serum-intensive-rides-et-ridules-30ml","status":"publish","type":"product","link":"https:\/\/vitablanca.ma\/en\/product\/esthederm-intensive-hyaluronic-serum-intensive-rides-et-ridules-30ml\/","title":{"rendered":"Esthederm Intensive Hyaluronic Serum Intensive Wrinkles and Fine Lines 30ml"},"content":{"rendered":"<h2>Esthederm Intensive Hyaluronic Serum Intensive Wrinkles and Fine Lines\u00a0<span data-mce-fragment=\"1\">surface and deeper.<\/span><br \/>\n<\/h2>\n<h3>Action<\/h3>\n<p>Fills in fine lines and wrinkles by rehydrating the surface layers of the skin.<span>\u00a0<\/span>Instantly plumps the skin on the surface and deeper down.<\/p>\n<h3>Use<\/h3>\n<p><span>Apply morning and\/or evening to the face, neck and d\u00e9collet\u00e9 under the Intensive Hyaluronic Cream.<span>\u00a0<\/span><\/span><span>Utilis\u00e9e seule, cette cr\u00e8me est id\u00e9ale pour les hommes, les peaux grasses et l\u2019\u00e9t\u00e9.<span>\u00a0<\/span><\/span><span>Use as an intensive 2-month course of treatment for best results.<\/span><\/p>\n<div class=\"product-reassur\">\n<div class=\"product-reassur-block reassur-trouver\"><\/div>\n<\/div>","protected":false},"excerpt":{"rendered":"<p>Esthederm Intensive Hyaluronic S\u00e9rum Intensive Rides Et Ridules\u00a0surface et plus en profondeur. Action Comble les rides et ridules en r\u00e9hydratant les couches superficielles de la peau.\u00a0Repulpe instantan\u00e9ment la peau en surface et plus en profondeur. Utilisation Appliquer matin et\/ou soir sur le visage, le cou et le d\u00e9collet\u00e9 sous la Cr\u00e8me Hyaluronique Intensif.\u00a0Utilis\u00e9e seule, cette [&hellip;]<\/p>\n","protected":false},"featured_media":18129,"template":"","meta":{"om_disable_all_campaigns":false},"product_brand":[],"product_cat":[15],"product_tag":[],"class_list":{"0":"post-18130","1":"product","2":"type-product","3":"status-publish","4":"has-post-thumbnail","6":"product_cat-beaute-sante-complements-alimentaires-soins-et-bien-etre-au-meilleur-prix","8":"first","9":"instock","10":"sale","11":"taxable","12":"shipping-taxable","13":"purchasable","14":"product-type-simple"},"yoast_head":"<!-- This site is optimized with the Yoast SEO plugin v27.5 - https:\/\/yoast.com\/product\/yoast-seo-wordpress\/ -->\n<title>Esthederm Intensive Hyaluronic S\u00e9rum Intensive Rides Et Ridules 30ml - Maroc Prix<\/title>\n<meta name=\"description\" content=\"Esthederm Intensive Hyaluronic S\u00e9rum Intensive Rides Et Ridules 30ml\" \/>\n<meta name=\"robots\" content=\"index, follow, max-snippet:-1, max-image-preview:large, max-video-preview:-1\" \/>\n<link rel=\"canonical\" href=\"https:\/\/vitablanca.ma\/en\/product\/esthederm-intensive-hyaluronic-serum-intensive-rides-et-ridules-30ml\/\" \/>\n<meta property=\"og:locale\" content=\"en_US\" \/>\n<meta property=\"og:type\" content=\"article\" \/>\n<meta property=\"og:title\" content=\"Esthederm Intensive Hyaluronic S\u00e9rum Intensive Rides Et Ridules 30ml - Maroc Prix\" \/>\n<meta property=\"og:description\" content=\"Esthederm Intensive Hyaluronic S\u00e9rum Intensive Rides Et Ridules 30ml\" \/>\n<meta property=\"og:url\" content=\"https:\/\/vitablanca.ma\/en\/product\/esthederm-intensive-hyaluronic-serum-intensive-rides-et-ridules-30ml\/\" \/>\n<meta property=\"og:site_name\" content=\"Vitablanca.ma &ndash; Sant&eacute;, vitalit&eacute; et bien-&ecirc;tre pour tous les Marocains\" \/>\n<meta property=\"article:publisher\" content=\"https:\/\/www.facebook.com\/profile.php?id=61576678196717\" \/>\n<meta property=\"og:image\" content=\"https:\/\/vitablanca.ma\/wp-content\/uploads\/2025\/06\/Esthederm-Intensive-Hyaluronic-Serum-Intensive-Rides-Et-Ridules-30ml-nova-prapharmacie-maroc.jpg\" \/>\n\t<meta property=\"og:image:width\" content=\"1000\" \/>\n\t<meta property=\"og:image:height\" content=\"1000\" \/>\n\t<meta property=\"og:image:type\" content=\"image\/jpeg\" \/>\n<meta name=\"twitter:card\" content=\"summary_large_image\" \/>\n<script type=\"application\/ld+json\" class=\"yoast-schema-graph\">{\"@context\":\"https:\\\/\\\/schema.org\",\"@graph\":[{\"@type\":[\"WebPage\",\"ItemPage\"],\"@id\":\"https:\\\/\\\/vitablanca.ma\\\/produit\\\/esthederm-intensive-hyaluronic-serum-intensive-rides-et-ridules-30ml\\\/\",\"url\":\"https:\\\/\\\/vitablanca.ma\\\/produit\\\/esthederm-intensive-hyaluronic-serum-intensive-rides-et-ridules-30ml\\\/\",\"name\":\"Esthederm Intensive Hyaluronic S\u00e9rum Intensive Rides Et Ridules 30ml - Maroc Prix\",\"isPartOf\":{\"@id\":\"https:\\\/\\\/vitablanca.ma\\\/#website\"},\"primaryImageOfPage\":{\"@id\":\"https:\\\/\\\/vitablanca.ma\\\/produit\\\/esthederm-intensive-hyaluronic-serum-intensive-rides-et-ridules-30ml\\\/#primaryimage\"},\"image\":{\"@id\":\"https:\\\/\\\/vitablanca.ma\\\/produit\\\/esthederm-intensive-hyaluronic-serum-intensive-rides-et-ridules-30ml\\\/#primaryimage\"},\"thumbnailUrl\":\"https:\\\/\\\/vitablanca.ma\\\/wp-content\\\/uploads\\\/2025\\\/06\\\/Esthederm-Intensive-Hyaluronic-Serum-Intensive-Rides-Et-Ridules-30ml-nova-prapharmacie-maroc.jpg\",\"datePublished\":\"2025-06-10T17:16:34+00:00\",\"description\":\"Esthederm Intensive Hyaluronic S\u00e9rum Intensive Rides Et Ridules 30ml\",\"breadcrumb\":{\"@id\":\"https:\\\/\\\/vitablanca.ma\\\/produit\\\/esthederm-intensive-hyaluronic-serum-intensive-rides-et-ridules-30ml\\\/#breadcrumb\"},\"inLanguage\":\"en-US\",\"potentialAction\":[{\"@type\":\"ReadAction\",\"target\":[\"https:\\\/\\\/vitablanca.ma\\\/produit\\\/esthederm-intensive-hyaluronic-serum-intensive-rides-et-ridules-30ml\\\/\"]}]},{\"@type\":\"ImageObject\",\"inLanguage\":\"en-US\",\"@id\":\"https:\\\/\\\/vitablanca.ma\\\/produit\\\/esthederm-intensive-hyaluronic-serum-intensive-rides-et-ridules-30ml\\\/#primaryimage\",\"url\":\"https:\\\/\\\/vitablanca.ma\\\/wp-content\\\/uploads\\\/2025\\\/06\\\/Esthederm-Intensive-Hyaluronic-Serum-Intensive-Rides-Et-Ridules-30ml-nova-prapharmacie-maroc.jpg\",\"contentUrl\":\"https:\\\/\\\/vitablanca.ma\\\/wp-content\\\/uploads\\\/2025\\\/06\\\/Esthederm-Intensive-Hyaluronic-Serum-Intensive-Rides-Et-Ridules-30ml-nova-prapharmacie-maroc.jpg\",\"width\":1000,\"height\":1000},{\"@type\":\"BreadcrumbList\",\"@id\":\"https:\\\/\\\/vitablanca.ma\\\/produit\\\/esthederm-intensive-hyaluronic-serum-intensive-rides-et-ridules-30ml\\\/#breadcrumb\",\"itemListElement\":[{\"@type\":\"ListItem\",\"position\":1,\"name\":\"Home\",\"item\":\"https:\\\/\\\/vitablanca.ma\\\/\"},{\"@type\":\"ListItem\",\"position\":2,\"name\":\"Tous Les Produits\",\"item\":\"https:\\\/\\\/vitablanca.ma\\\/tous-les-produits\\\/\"},{\"@type\":\"ListItem\",\"position\":3,\"name\":\"Esthederm Intensive Hyaluronic S\u00e9rum Intensive Rides Et Ridules 30ml\"}]},{\"@type\":\"WebSite\",\"@id\":\"https:\\\/\\\/vitablanca.ma\\\/#website\",\"url\":\"https:\\\/\\\/vitablanca.ma\\\/\",\"name\":\"VitaBlanca.ma | Compl\u00e9ments alimentaires, sant\u00e9 & beaut\u00e9 au Maroc\",\"description\":\"vendre vitamines et compl\u00e9ments premium des USA &amp; Canada, Nouvelle Z\u00e9lande,Maroc (NOW Foods, Solgar, Manuka). Livraison rapide partout au Maroc.\",\"publisher\":{\"@id\":\"https:\\\/\\\/vitablanca.ma\\\/#organization\"},\"alternateName\":\"VitaBlanca.ma\",\"potentialAction\":[{\"@type\":\"SearchAction\",\"target\":{\"@type\":\"EntryPoint\",\"urlTemplate\":\"https:\\\/\\\/vitablanca.ma\\\/?s={search_term_string}\"},\"query-input\":{\"@type\":\"PropertyValueSpecification\",\"valueRequired\":true,\"valueName\":\"search_term_string\"}}],\"inLanguage\":\"en-US\"},{\"@type\":\"Organization\",\"@id\":\"https:\\\/\\\/vitablanca.ma\\\/#organization\",\"name\":\"VitaBlanca\",\"url\":\"https:\\\/\\\/vitablanca.ma\\\/\",\"logo\":{\"@type\":\"ImageObject\",\"inLanguage\":\"en-US\",\"@id\":\"https:\\\/\\\/vitablanca.ma\\\/#\\\/schema\\\/logo\\\/image\\\/\",\"url\":\"https:\\\/\\\/vitablanca.ma\\\/wp-content\\\/uploads\\\/2025\\\/05\\\/cropped-vitablanca.png\",\"contentUrl\":\"https:\\\/\\\/vitablanca.ma\\\/wp-content\\\/uploads\\\/2025\\\/05\\\/cropped-vitablanca.png\",\"width\":360,\"height\":67,\"caption\":\"VitaBlanca\"},\"image\":{\"@id\":\"https:\\\/\\\/vitablanca.ma\\\/#\\\/schema\\\/logo\\\/image\\\/\"},\"sameAs\":[\"https:\\\/\\\/www.facebook.com\\\/profile.php?id=61576678196717\",\"https:\\\/\\\/www.tiktok.com\\\/@vitablanca.ma\",\"https:\\\/\\\/www.instagram.com\\\/vitablanca.ma\\\/\"]}]}<\/script>\n<!-- \/ Yoast SEO plugin. -->","yoast_head_json":{"title":"Esthederm Intensive Hyaluronic Serum Intensive Wrinkles and Fine Lines 30ml - Morocco Price","description":"Esthederm Intensive Hyaluronic Serum Intensive Wrinkles and Fine Lines 30ml","robots":{"index":"index","follow":"follow","max-snippet":"max-snippet:-1","max-image-preview":"max-image-preview:large","max-video-preview":"max-video-preview:-1"},"canonical":"https:\/\/vitablanca.ma\/en\/product\/esthederm-intensive-hyaluronic-serum-intensive-rides-et-ridules-30ml\/","og_locale":"en_US","og_type":"article","og_title":"Esthederm Intensive Hyaluronic S\u00e9rum Intensive Rides Et Ridules 30ml - Maroc Prix","og_description":"Esthederm Intensive Hyaluronic S\u00e9rum Intensive Rides Et Ridules 30ml","og_url":"https:\/\/vitablanca.ma\/en\/product\/esthederm-intensive-hyaluronic-serum-intensive-rides-et-ridules-30ml\/","og_site_name":"Vitablanca.ma &ndash; Sant&eacute;, vitalit&eacute; et bien-&ecirc;tre pour tous les Marocains","article_publisher":"https:\/\/www.facebook.com\/profile.php?id=61576678196717","og_image":[{"width":1000,"height":1000,"url":"https:\/\/vitablanca.ma\/wp-content\/uploads\/2025\/06\/Esthederm-Intensive-Hyaluronic-Serum-Intensive-Rides-Et-Ridules-30ml-nova-prapharmacie-maroc.jpg","type":"image\/jpeg"}],"twitter_card":"summary_large_image","schema":{"@context":"https:\/\/schema.org","@graph":[{"@type":["WebPage","ItemPage"],"@id":"https:\/\/vitablanca.ma\/produit\/esthederm-intensive-hyaluronic-serum-intensive-rides-et-ridules-30ml\/","url":"https:\/\/vitablanca.ma\/produit\/esthederm-intensive-hyaluronic-serum-intensive-rides-et-ridules-30ml\/","name":"Esthederm Intensive Hyaluronic Serum Intensive Wrinkles and Fine Lines 30ml - Morocco Price","isPartOf":{"@id":"https:\/\/vitablanca.ma\/#website"},"primaryImageOfPage":{"@id":"https:\/\/vitablanca.ma\/produit\/esthederm-intensive-hyaluronic-serum-intensive-rides-et-ridules-30ml\/#primaryimage"},"image":{"@id":"https:\/\/vitablanca.ma\/produit\/esthederm-intensive-hyaluronic-serum-intensive-rides-et-ridules-30ml\/#primaryimage"},"thumbnailUrl":"https:\/\/vitablanca.ma\/wp-content\/uploads\/2025\/06\/Esthederm-Intensive-Hyaluronic-Serum-Intensive-Rides-Et-Ridules-30ml-nova-prapharmacie-maroc.jpg","datePublished":"2025-06-10T17:16:34+00:00","description":"Esthederm Intensive Hyaluronic Serum Intensive Wrinkles and Fine Lines 30ml","breadcrumb":{"@id":"https:\/\/vitablanca.ma\/produit\/esthederm-intensive-hyaluronic-serum-intensive-rides-et-ridules-30ml\/#breadcrumb"},"inLanguage":"en-US","potentialAction":[{"@type":"ReadAction","target":["https:\/\/vitablanca.ma\/produit\/esthederm-intensive-hyaluronic-serum-intensive-rides-et-ridules-30ml\/"]}]},{"@type":"ImageObject","inLanguage":"en-US","@id":"https:\/\/vitablanca.ma\/produit\/esthederm-intensive-hyaluronic-serum-intensive-rides-et-ridules-30ml\/#primaryimage","url":"https:\/\/vitablanca.ma\/wp-content\/uploads\/2025\/06\/Esthederm-Intensive-Hyaluronic-Serum-Intensive-Rides-Et-Ridules-30ml-nova-prapharmacie-maroc.jpg","contentUrl":"https:\/\/vitablanca.ma\/wp-content\/uploads\/2025\/06\/Esthederm-Intensive-Hyaluronic-Serum-Intensive-Rides-Et-Ridules-30ml-nova-prapharmacie-maroc.jpg","width":1000,"height":1000},{"@type":"BreadcrumbList","@id":"https:\/\/vitablanca.ma\/produit\/esthederm-intensive-hyaluronic-serum-intensive-rides-et-ridules-30ml\/#breadcrumb","itemListElement":[{"@type":"ListItem","position":1,"name":"Home","item":"https:\/\/vitablanca.ma\/"},{"@type":"ListItem","position":2,"name":"Tous Les Produits","item":"https:\/\/vitablanca.ma\/tous-les-produits\/"},{"@type":"ListItem","position":3,"name":"Esthederm Intensive Hyaluronic S\u00e9rum Intensive Rides Et Ridules 30ml"}]},{"@type":"WebSite","@id":"https:\/\/vitablanca.ma\/#website","url":"https:\/\/vitablanca.ma\/","name":"VitaBlanca.ma | Food supplements, health &amp; beauty in Morocco","description":"sell premium vitamins and supplements from USA &amp; Canada, New Zealand, Morocco (NOW Foods, Solgar, Manuka). Fast delivery anywhere in Morocco.","publisher":{"@id":"https:\/\/vitablanca.ma\/#organization"},"alternateName":"VitaBlanca.ma","potentialAction":[{"@type":"SearchAction","target":{"@type":"EntryPoint","urlTemplate":"https:\/\/vitablanca.ma\/?s={search_term_string}"},"query-input":{"@type":"PropertyValueSpecification","valueRequired":true,"valueName":"search_term_string"}}],"inLanguage":"en-US"},{"@type":"Organization","@id":"https:\/\/vitablanca.ma\/#organization","name":"VitaBlanca","url":"https:\/\/vitablanca.ma\/","logo":{"@type":"ImageObject","inLanguage":"en-US","@id":"https:\/\/vitablanca.ma\/#\/schema\/logo\/image\/","url":"https:\/\/vitablanca.ma\/wp-content\/uploads\/2025\/05\/cropped-vitablanca.png","contentUrl":"https:\/\/vitablanca.ma\/wp-content\/uploads\/2025\/05\/cropped-vitablanca.png","width":360,"height":67,"caption":"VitaBlanca"},"image":{"@id":"https:\/\/vitablanca.ma\/#\/schema\/logo\/image\/"},"sameAs":["https:\/\/www.facebook.com\/profile.php?id=61576678196717","https:\/\/www.tiktok.com\/@vitablanca.ma","https:\/\/www.instagram.com\/vitablanca.ma\/"]}]}},"jetpack_sharing_enabled":true,"_links":{"self":[{"href":"https:\/\/vitablanca.ma\/en\/wp-json\/wp\/v2\/product\/18130","targetHints":{"allow":["GET"]}}],"collection":[{"href":"https:\/\/vitablanca.ma\/en\/wp-json\/wp\/v2\/product"}],"about":[{"href":"https:\/\/vitablanca.ma\/en\/wp-json\/wp\/v2\/types\/product"}],"wp:featuredmedia":[{"embeddable":true,"href":"https:\/\/vitablanca.ma\/en\/wp-json\/wp\/v2\/media\/18129"}],"wp:attachment":[{"href":"https:\/\/vitablanca.ma\/en\/wp-json\/wp\/v2\/media?parent=18130"}],"wp:term":[{"taxonomy":"product_brand","embeddable":true,"href":"https:\/\/vitablanca.ma\/en\/wp-json\/wp\/v2\/product_brand?post=18130"},{"taxonomy":"product_cat","embeddable":true,"href":"https:\/\/vitablanca.ma\/en\/wp-json\/wp\/v2\/product_cat?post=18130"},{"taxonomy":"product_tag","embeddable":true,"href":"https:\/\/vitablanca.ma\/en\/wp-json\/wp\/v2\/product_tag?post=18130"}],"curies":[{"name":"wp","href":"https:\/\/api.w.org\/{rel}","templated":true}]}}