{"id":18110,"date":"2025-06-10T17:16:12","date_gmt":"2025-06-10T17:16:12","guid":{"rendered":"https:\/\/vitablanca.ma\/product\/farmatint-coloration-aloe-vera-150ml\/"},"modified":"2025-06-10T17:16:13","modified_gmt":"2025-06-10T17:16:13","slug":"farmatint-coloration-aloe-vera-150ml","status":"publish","type":"product","link":"https:\/\/vitablanca.ma\/en\/product\/farmatint-coloration-aloe-vera-150ml\/","title":{"rendered":"Farmatint Aloe Vera Coloring 150ml"},"content":{"rendered":"<h2>Farmatint Aloe Vera Coloring<span data-mce-fragment=\"1\">\u00a0helps protect and nourish the skin through transcutaneous penetration<\/span><br \/>\n<\/h2>\n<p>Farmatint couvre les cheveux blancs naturellement d\u00e8s la premi\u00e8re application tout en respectant leur texture. Farmatint est une coloration sans ammoniaque, \u00e0 l\u2019alo\u00e8s vera, \u00e0 la vitamine E, au panth\u00e9nol et aux extraits v\u00e9g\u00e9taux. La solution d\u2019alo\u00e8s vera, enti\u00e8rement naturelle, permet de prot\u00e9ger et de nourrir la peau par p\u00e9n\u00e9tration transcutan\u00e9e, gr\u00e2ce \u00e0 sa haute teneur nutritive en enzymes et min\u00e9raux. Par ailleurs, les extraits v\u00e9g\u00e9taux associ\u00e9s \u00e0 la vitamine E et au panth\u00e9nol, favorisent la sant\u00e9 et l\u2019\u00e9clat des cheveux en restituant l\u2019hydratation et la composition prot\u00e9ique naturelle des cheveux. Le r\u00e9sultat de ces actions combin\u00e9es est une coloration aux nuances tr\u00e8s naturelles sans que la peau ne subisse ni rougeurs et\/ou prurit durant ou apr\u00e8s la coloration. De plus, les cheveux gagnent en souplesse, en douceur et en volume, propri\u00e9t\u00e9s d\u2019une chevelure saine et belle.<\/p>\n<ul>\n<li>Nourishes and restructures hair.<\/li>\n<li>Tints hair and covers gray hair.<\/li>\n<li>\u00c0 l\u2019alo\u00e8s vera et aux extraits v\u00e9g\u00e9taux.<\/li>\n<li>Ammonia free.<\/li>\n<\/ul>","protected":false},"excerpt":{"rendered":"<p>Farmatint Coloration Aloe Vera\u00a0permet de prot\u00e9ger et de nourrir la peau par p\u00e9n\u00e9tration transcutan\u00e9e Farmatint couvre les cheveux blancs naturellement d\u00e8s la premi\u00e8re application tout en respectant leur texture. Farmatint est une coloration sans ammoniaque, \u00e0 l\u2019alo\u00e8s vera, \u00e0 la vitamine E, au panth\u00e9nol et aux extraits v\u00e9g\u00e9taux. La solution d\u2019alo\u00e8s vera, enti\u00e8rement naturelle, permet [&hellip;]<\/p>\n","protected":false},"featured_media":18106,"template":"","meta":{"om_disable_all_campaigns":false},"product_brand":[],"product_cat":[15],"product_tag":[],"class_list":{"0":"post-18110","1":"product","2":"type-product","3":"status-publish","4":"has-post-thumbnail","6":"product_cat-beaute-sante-complements-alimentaires-soins-et-bien-etre-au-meilleur-prix","8":"first","9":"instock","10":"sale","11":"taxable","12":"shipping-taxable","13":"purchasable","14":"product-type-variable"},"yoast_head":"<!-- This site is optimized with the Yoast SEO plugin v27.6 - https:\/\/yoast.com\/product\/yoast-seo-wordpress\/ -->\n<title>Farmatint Coloration Aloe Vera 150ml - Maroc Prix<\/title>\n<meta name=\"description\" content=\"Farmatint Coloration Aloe Vera 150ml\" \/>\n<meta name=\"robots\" content=\"index, follow, max-snippet:-1, max-image-preview:large, max-video-preview:-1\" \/>\n<link rel=\"canonical\" href=\"https:\/\/vitablanca.ma\/en\/product\/farmatint-coloration-aloe-vera-150ml\/\" \/>\n<meta property=\"og:locale\" content=\"en_US\" \/>\n<meta property=\"og:type\" content=\"article\" \/>\n<meta property=\"og:title\" content=\"Farmatint Coloration Aloe Vera 150ml - Maroc Prix\" \/>\n<meta property=\"og:description\" content=\"Farmatint Coloration Aloe Vera 150ml\" \/>\n<meta property=\"og:url\" content=\"https:\/\/vitablanca.ma\/en\/product\/farmatint-coloration-aloe-vera-150ml\/\" \/>\n<meta property=\"og:site_name\" content=\"Vitablanca.ma &ndash; Sant&eacute;, vitalit&eacute; et bien-&ecirc;tre pour tous les Marocains\" \/>\n<meta property=\"article:publisher\" content=\"https:\/\/www.facebook.com\/profile.php?id=61576678196717\" \/>\n<meta property=\"article:modified_time\" content=\"2025-06-10T17:16:13+00:00\" \/>\n<meta property=\"og:image\" content=\"https:\/\/vitablanca.ma\/wp-content\/uploads\/2025\/06\/Farmatint-Coloration-Aloe-Vera-nova-parapharmacie-maroc.jpg\" \/>\n\t<meta property=\"og:image:width\" content=\"1000\" \/>\n\t<meta property=\"og:image:height\" content=\"1000\" \/>\n\t<meta property=\"og:image:type\" content=\"image\/jpeg\" \/>\n<meta name=\"twitter:card\" content=\"summary_large_image\" \/>\n<meta name=\"twitter:label1\" content=\"Est. reading time\" \/>\n\t<meta name=\"twitter:data1\" content=\"1 minute\" \/>\n<script type=\"application\/ld+json\" class=\"yoast-schema-graph\">{\"@context\":\"https:\\\/\\\/schema.org\",\"@graph\":[{\"@type\":[\"WebPage\",\"ItemPage\"],\"@id\":\"https:\\\/\\\/vitablanca.ma\\\/produit\\\/farmatint-coloration-aloe-vera-150ml\\\/\",\"url\":\"https:\\\/\\\/vitablanca.ma\\\/produit\\\/farmatint-coloration-aloe-vera-150ml\\\/\",\"name\":\"Farmatint Coloration Aloe Vera 150ml - Maroc Prix\",\"isPartOf\":{\"@id\":\"https:\\\/\\\/vitablanca.ma\\\/#website\"},\"primaryImageOfPage\":{\"@id\":\"https:\\\/\\\/vitablanca.ma\\\/produit\\\/farmatint-coloration-aloe-vera-150ml\\\/#primaryimage\"},\"image\":{\"@id\":\"https:\\\/\\\/vitablanca.ma\\\/produit\\\/farmatint-coloration-aloe-vera-150ml\\\/#primaryimage\"},\"thumbnailUrl\":\"https:\\\/\\\/vitablanca.ma\\\/wp-content\\\/uploads\\\/2025\\\/06\\\/Farmatint-Coloration-Aloe-Vera-nova-parapharmacie-maroc.jpg\",\"datePublished\":\"2025-06-10T17:16:12+00:00\",\"dateModified\":\"2025-06-10T17:16:13+00:00\",\"description\":\"Farmatint Coloration Aloe Vera 150ml\",\"breadcrumb\":{\"@id\":\"https:\\\/\\\/vitablanca.ma\\\/produit\\\/farmatint-coloration-aloe-vera-150ml\\\/#breadcrumb\"},\"inLanguage\":\"en-US\",\"potentialAction\":[{\"@type\":\"ReadAction\",\"target\":[\"https:\\\/\\\/vitablanca.ma\\\/produit\\\/farmatint-coloration-aloe-vera-150ml\\\/\"]}]},{\"@type\":\"ImageObject\",\"inLanguage\":\"en-US\",\"@id\":\"https:\\\/\\\/vitablanca.ma\\\/produit\\\/farmatint-coloration-aloe-vera-150ml\\\/#primaryimage\",\"url\":\"https:\\\/\\\/vitablanca.ma\\\/wp-content\\\/uploads\\\/2025\\\/06\\\/Farmatint-Coloration-Aloe-Vera-nova-parapharmacie-maroc.jpg\",\"contentUrl\":\"https:\\\/\\\/vitablanca.ma\\\/wp-content\\\/uploads\\\/2025\\\/06\\\/Farmatint-Coloration-Aloe-Vera-nova-parapharmacie-maroc.jpg\",\"width\":1000,\"height\":1000},{\"@type\":\"BreadcrumbList\",\"@id\":\"https:\\\/\\\/vitablanca.ma\\\/produit\\\/farmatint-coloration-aloe-vera-150ml\\\/#breadcrumb\",\"itemListElement\":[{\"@type\":\"ListItem\",\"position\":1,\"name\":\"Home\",\"item\":\"https:\\\/\\\/vitablanca.ma\\\/\"},{\"@type\":\"ListItem\",\"position\":2,\"name\":\"Tous Les Produits\",\"item\":\"https:\\\/\\\/vitablanca.ma\\\/tous-les-produits\\\/\"},{\"@type\":\"ListItem\",\"position\":3,\"name\":\"Farmatint Coloration Aloe Vera 150ml\"}]},{\"@type\":\"WebSite\",\"@id\":\"https:\\\/\\\/vitablanca.ma\\\/#website\",\"url\":\"https:\\\/\\\/vitablanca.ma\\\/\",\"name\":\"VitaBlanca.ma | Compl\u00e9ments alimentaires, sant\u00e9 & beaut\u00e9 au Maroc\",\"description\":\"vendre vitamines et compl\u00e9ments premium des USA &amp; Canada, Nouvelle Z\u00e9lande,Maroc (NOW Foods, Solgar, Manuka). Livraison rapide partout au Maroc.\",\"publisher\":{\"@id\":\"https:\\\/\\\/vitablanca.ma\\\/#organization\"},\"alternateName\":\"VitaBlanca.ma\",\"potentialAction\":[{\"@type\":\"SearchAction\",\"target\":{\"@type\":\"EntryPoint\",\"urlTemplate\":\"https:\\\/\\\/vitablanca.ma\\\/?s={search_term_string}\"},\"query-input\":{\"@type\":\"PropertyValueSpecification\",\"valueRequired\":true,\"valueName\":\"search_term_string\"}}],\"inLanguage\":\"en-US\"},{\"@type\":\"Organization\",\"@id\":\"https:\\\/\\\/vitablanca.ma\\\/#organization\",\"name\":\"VitaBlanca\",\"url\":\"https:\\\/\\\/vitablanca.ma\\\/\",\"logo\":{\"@type\":\"ImageObject\",\"inLanguage\":\"en-US\",\"@id\":\"https:\\\/\\\/vitablanca.ma\\\/#\\\/schema\\\/logo\\\/image\\\/\",\"url\":\"https:\\\/\\\/vitablanca.ma\\\/wp-content\\\/uploads\\\/2025\\\/05\\\/cropped-vitablanca.png\",\"contentUrl\":\"https:\\\/\\\/vitablanca.ma\\\/wp-content\\\/uploads\\\/2025\\\/05\\\/cropped-vitablanca.png\",\"width\":360,\"height\":67,\"caption\":\"VitaBlanca\"},\"image\":{\"@id\":\"https:\\\/\\\/vitablanca.ma\\\/#\\\/schema\\\/logo\\\/image\\\/\"},\"sameAs\":[\"https:\\\/\\\/www.facebook.com\\\/profile.php?id=61576678196717\",\"https:\\\/\\\/www.tiktok.com\\\/@vitablanca.ma\",\"https:\\\/\\\/www.instagram.com\\\/vitablanca.ma\\\/\"]}]}<\/script>\n<!-- \/ Yoast SEO plugin. -->","yoast_head_json":{"title":"Farmatint Aloe Vera Coloring 150ml - Morocco Price","description":"Farmatint Aloe Vera Coloring 150ml","robots":{"index":"index","follow":"follow","max-snippet":"max-snippet:-1","max-image-preview":"max-image-preview:large","max-video-preview":"max-video-preview:-1"},"canonical":"https:\/\/vitablanca.ma\/en\/product\/farmatint-coloration-aloe-vera-150ml\/","og_locale":"en_US","og_type":"article","og_title":"Farmatint Coloration Aloe Vera 150ml - Maroc Prix","og_description":"Farmatint Coloration Aloe Vera 150ml","og_url":"https:\/\/vitablanca.ma\/en\/product\/farmatint-coloration-aloe-vera-150ml\/","og_site_name":"Vitablanca.ma &ndash; Sant&eacute;, vitalit&eacute; et bien-&ecirc;tre pour tous les Marocains","article_publisher":"https:\/\/www.facebook.com\/profile.php?id=61576678196717","article_modified_time":"2025-06-10T17:16:13+00:00","og_image":[{"width":1000,"height":1000,"url":"https:\/\/vitablanca.ma\/wp-content\/uploads\/2025\/06\/Farmatint-Coloration-Aloe-Vera-nova-parapharmacie-maroc.jpg","type":"image\/jpeg"}],"twitter_card":"summary_large_image","twitter_misc":{"Est. reading time":"1 minute"},"schema":{"@context":"https:\/\/schema.org","@graph":[{"@type":["WebPage","ItemPage"],"@id":"https:\/\/vitablanca.ma\/produit\/farmatint-coloration-aloe-vera-150ml\/","url":"https:\/\/vitablanca.ma\/produit\/farmatint-coloration-aloe-vera-150ml\/","name":"Farmatint Aloe Vera Coloring 150ml - Morocco Price","isPartOf":{"@id":"https:\/\/vitablanca.ma\/#website"},"primaryImageOfPage":{"@id":"https:\/\/vitablanca.ma\/produit\/farmatint-coloration-aloe-vera-150ml\/#primaryimage"},"image":{"@id":"https:\/\/vitablanca.ma\/produit\/farmatint-coloration-aloe-vera-150ml\/#primaryimage"},"thumbnailUrl":"https:\/\/vitablanca.ma\/wp-content\/uploads\/2025\/06\/Farmatint-Coloration-Aloe-Vera-nova-parapharmacie-maroc.jpg","datePublished":"2025-06-10T17:16:12+00:00","dateModified":"2025-06-10T17:16:13+00:00","description":"Farmatint Aloe Vera Coloring 150ml","breadcrumb":{"@id":"https:\/\/vitablanca.ma\/produit\/farmatint-coloration-aloe-vera-150ml\/#breadcrumb"},"inLanguage":"en-US","potentialAction":[{"@type":"ReadAction","target":["https:\/\/vitablanca.ma\/produit\/farmatint-coloration-aloe-vera-150ml\/"]}]},{"@type":"ImageObject","inLanguage":"en-US","@id":"https:\/\/vitablanca.ma\/produit\/farmatint-coloration-aloe-vera-150ml\/#primaryimage","url":"https:\/\/vitablanca.ma\/wp-content\/uploads\/2025\/06\/Farmatint-Coloration-Aloe-Vera-nova-parapharmacie-maroc.jpg","contentUrl":"https:\/\/vitablanca.ma\/wp-content\/uploads\/2025\/06\/Farmatint-Coloration-Aloe-Vera-nova-parapharmacie-maroc.jpg","width":1000,"height":1000},{"@type":"BreadcrumbList","@id":"https:\/\/vitablanca.ma\/produit\/farmatint-coloration-aloe-vera-150ml\/#breadcrumb","itemListElement":[{"@type":"ListItem","position":1,"name":"Home","item":"https:\/\/vitablanca.ma\/"},{"@type":"ListItem","position":2,"name":"Tous Les Produits","item":"https:\/\/vitablanca.ma\/tous-les-produits\/"},{"@type":"ListItem","position":3,"name":"Farmatint Coloration Aloe Vera 150ml"}]},{"@type":"WebSite","@id":"https:\/\/vitablanca.ma\/#website","url":"https:\/\/vitablanca.ma\/","name":"VitaBlanca.ma | Food supplements, health &amp; beauty in Morocco","description":"sell premium vitamins and supplements from USA &amp; Canada, New Zealand, Morocco (NOW Foods, Solgar, Manuka). Fast delivery anywhere in Morocco.","publisher":{"@id":"https:\/\/vitablanca.ma\/#organization"},"alternateName":"VitaBlanca.ma","potentialAction":[{"@type":"SearchAction","target":{"@type":"EntryPoint","urlTemplate":"https:\/\/vitablanca.ma\/?s={search_term_string}"},"query-input":{"@type":"PropertyValueSpecification","valueRequired":true,"valueName":"search_term_string"}}],"inLanguage":"en-US"},{"@type":"Organization","@id":"https:\/\/vitablanca.ma\/#organization","name":"VitaBlanca","url":"https:\/\/vitablanca.ma\/","logo":{"@type":"ImageObject","inLanguage":"en-US","@id":"https:\/\/vitablanca.ma\/#\/schema\/logo\/image\/","url":"https:\/\/vitablanca.ma\/wp-content\/uploads\/2025\/05\/cropped-vitablanca.png","contentUrl":"https:\/\/vitablanca.ma\/wp-content\/uploads\/2025\/05\/cropped-vitablanca.png","width":360,"height":67,"caption":"VitaBlanca"},"image":{"@id":"https:\/\/vitablanca.ma\/#\/schema\/logo\/image\/"},"sameAs":["https:\/\/www.facebook.com\/profile.php?id=61576678196717","https:\/\/www.tiktok.com\/@vitablanca.ma","https:\/\/www.instagram.com\/vitablanca.ma\/"]}]}},"jetpack_sharing_enabled":true,"_links":{"self":[{"href":"https:\/\/vitablanca.ma\/en\/wp-json\/wp\/v2\/product\/18110","targetHints":{"allow":["GET"]}}],"collection":[{"href":"https:\/\/vitablanca.ma\/en\/wp-json\/wp\/v2\/product"}],"about":[{"href":"https:\/\/vitablanca.ma\/en\/wp-json\/wp\/v2\/types\/product"}],"wp:featuredmedia":[{"embeddable":true,"href":"https:\/\/vitablanca.ma\/en\/wp-json\/wp\/v2\/media\/18106"}],"wp:attachment":[{"href":"https:\/\/vitablanca.ma\/en\/wp-json\/wp\/v2\/media?parent=18110"}],"wp:term":[{"taxonomy":"product_brand","embeddable":true,"href":"https:\/\/vitablanca.ma\/en\/wp-json\/wp\/v2\/product_brand?post=18110"},{"taxonomy":"product_cat","embeddable":true,"href":"https:\/\/vitablanca.ma\/en\/wp-json\/wp\/v2\/product_cat?post=18110"},{"taxonomy":"product_tag","embeddable":true,"href":"https:\/\/vitablanca.ma\/en\/wp-json\/wp\/v2\/product_tag?post=18110"}],"curies":[{"name":"wp","href":"https:\/\/api.w.org\/{rel}","templated":true}]}}