{"id":17974,"date":"2025-06-10T17:12:44","date_gmt":"2025-06-10T17:12:44","guid":{"rendered":"https:\/\/vitablanca.ma\/product\/eptaderm-spot-lait-depigmentant-intensif-100ml\/"},"modified":"2025-06-10T17:12:44","modified_gmt":"2025-06-10T17:12:44","slug":"eptaderm-spot-lait-depigmentant-intensif-100ml","status":"publish","type":"product","link":"https:\/\/vitablanca.ma\/en\/product\/eptaderm-spot-lait-depigmentant-intensif-100ml\/","title":{"rendered":"Eptaderm Spot Intensive Depigmenting Milk 100ml"},"content":{"rendered":"<h2>Eptaderm Spot Intensive Depigmenting Milk\u00a0 <span data-mce-fragment=\"1\">reduces existing brown spots<\/span><br \/>\n<\/h2>\n<div class=\"container\">\n<div class=\"row products_list\">\n<div class=\"col-xs-12\">\n<div class=\"inside-content-area\">\n<section class=\"content-area\" id=\"primary\"><main class=\"site-main\" id=\"main\"><\/p>\n<div class=\"post-6148 product type-product status-publish has-post-thumbnail product_cat-epta-spot entry first outofstock shipping-taxable product-type-simple\" id=\"product-6148\">\n<div class=\"summary col-xs-12 col-sm-9 col-md-9\">\n<div class=\"woocommerce-tabs wc-tabs-wrapper\">\n<div class=\"tab-content col-sm-12\">\n<div aria-labelledby=\"tab-title-description\" role=\"tabpanel\" id=\"tab-description\" class=\"woocommerce-Tabs-panel woocommerce-Tabs-panel--description panel entry-content wc-tab tab-pane\">\n<p>EPTA SPOT Intensive Milk is a cosmetic treatment for hyperpigmentation of the body&#039;s skin that reduces existing dark spots and prevents the formation of new ones. Thanks to its comprehensive and innovative formula, the skin will appear brighter and more even.<\/p>\n<h3>Use<\/h3>\n<div class=\"container\">\n<div class=\"row products_list\">\n<div class=\"col-xs-12\">\n<div class=\"inside-content-area\">\n<section class=\"content-area\" id=\"primary\"><main class=\"site-main\" id=\"main\"><\/p>\n<div class=\"post-6148 product type-product status-publish has-post-thumbnail product_cat-epta-spot entry first outofstock shipping-taxable product-type-simple\" id=\"product-6148\">\n<div class=\"summary col-xs-12 col-sm-9 col-md-9\">\n<div class=\"woocommerce-tabs wc-tabs-wrapper\">\n<div class=\"tab-content col-sm-12\">\n<div aria-labelledby=\"tab-title-how_to_apply\" role=\"tabpanel\" id=\"tab-how_to_apply\" class=\"woocommerce-Tabs-panel woocommerce-Tabs-panel--how_to_apply panel entry-content wc-tab tab-pane\">\n<p>Apply EPTA SPOT Intensive Milk regularly once a day to the affected areas for a period of 8-12 weeks. Massage gently to allow it to penetrate. In case of contact with eyes, rinse thoroughly with water.<\/p>\n<\/div>\n<\/div>\n<\/div>\n<\/div>\n<\/div>\n<p><\/main><\/section>\n<\/div>\n<\/div>\n<\/div>\n<\/div>\n<\/div>\n<\/div>\n<\/div>\n<\/div>\n<\/div>\n<p><\/main><\/section>\n<\/div>\n<\/div>\n<\/div>\n<\/div>","protected":false},"excerpt":{"rendered":"<p>Eptaderm Spot Lait D\u00e9pigmentant Intensif\u00a0 r\u00e9duit les taches brunes d\u00e9j\u00e0 install\u00e9es EPTA SPOT Lait intensif est un traitement cosm\u00e9tique des hyperpigmentations cutan\u00e9es du corps qui r\u00e9duit les taches brunes d\u00e9j\u00e0 install\u00e9es et pr\u00e9vient la formation de nouvelles hyperchromies. Gr\u00e2ce \u00e0 sa formule compl\u00e8te et innovante la peau para\u00eetra plus lumineuse et plus uniforme. Utiisation appliquer [&hellip;]<\/p>\n","protected":false},"featured_media":17973,"template":"","meta":{"om_disable_all_campaigns":false},"product_brand":[],"product_cat":[15],"product_tag":[],"class_list":{"0":"post-17974","1":"product","2":"type-product","3":"status-publish","4":"has-post-thumbnail","6":"product_cat-beaute-sante-complements-alimentaires-soins-et-bien-etre-au-meilleur-prix","8":"first","9":"instock","10":"sale","11":"taxable","12":"shipping-taxable","13":"purchasable","14":"product-type-simple"},"yoast_head":"<!-- This site is optimized with the Yoast SEO plugin v27.5 - https:\/\/yoast.com\/product\/yoast-seo-wordpress\/ -->\n<title>Eptaderm Spot Lait D\u00e9pigmentant Intensif 100ml - Maroc Prix<\/title>\n<meta name=\"description\" content=\"Eptaderm Spot Lait D\u00e9pigmentant Intensif 100ml\" \/>\n<meta name=\"robots\" content=\"index, follow, max-snippet:-1, max-image-preview:large, max-video-preview:-1\" \/>\n<link rel=\"canonical\" href=\"https:\/\/vitablanca.ma\/en\/product\/eptaderm-spot-lait-depigmentant-intensif-100ml\/\" \/>\n<meta property=\"og:locale\" content=\"en_US\" \/>\n<meta property=\"og:type\" content=\"article\" \/>\n<meta property=\"og:title\" content=\"Eptaderm Spot Lait D\u00e9pigmentant Intensif 100ml - Maroc Prix\" \/>\n<meta property=\"og:description\" content=\"Eptaderm Spot Lait D\u00e9pigmentant Intensif 100ml\" \/>\n<meta property=\"og:url\" content=\"https:\/\/vitablanca.ma\/en\/product\/eptaderm-spot-lait-depigmentant-intensif-100ml\/\" \/>\n<meta property=\"og:site_name\" content=\"Vitablanca.ma &ndash; Sant&eacute;, vitalit&eacute; et bien-&ecirc;tre pour tous les Marocains\" \/>\n<meta property=\"article:publisher\" content=\"https:\/\/www.facebook.com\/profile.php?id=61576678196717\" \/>\n<meta property=\"og:image\" content=\"https:\/\/vitablanca.ma\/wp-content\/uploads\/2025\/06\/Eptaderm-Spot-Lait-Depigmentant-Intensif-100ml-nova-parapharmacie-maroc.jpg\" \/>\n\t<meta property=\"og:image:width\" content=\"1000\" \/>\n\t<meta property=\"og:image:height\" content=\"1000\" \/>\n\t<meta property=\"og:image:type\" content=\"image\/jpeg\" \/>\n<meta name=\"twitter:card\" content=\"summary_large_image\" \/>\n<meta name=\"twitter:label1\" content=\"Est. reading time\" \/>\n\t<meta name=\"twitter:data1\" content=\"1 minute\" \/>\n<script type=\"application\/ld+json\" class=\"yoast-schema-graph\">{\"@context\":\"https:\\\/\\\/schema.org\",\"@graph\":[{\"@type\":[\"WebPage\",\"ItemPage\"],\"@id\":\"https:\\\/\\\/vitablanca.ma\\\/produit\\\/eptaderm-spot-lait-depigmentant-intensif-100ml\\\/\",\"url\":\"https:\\\/\\\/vitablanca.ma\\\/produit\\\/eptaderm-spot-lait-depigmentant-intensif-100ml\\\/\",\"name\":\"Eptaderm Spot Lait D\u00e9pigmentant Intensif 100ml - Maroc Prix\",\"isPartOf\":{\"@id\":\"https:\\\/\\\/vitablanca.ma\\\/#website\"},\"primaryImageOfPage\":{\"@id\":\"https:\\\/\\\/vitablanca.ma\\\/produit\\\/eptaderm-spot-lait-depigmentant-intensif-100ml\\\/#primaryimage\"},\"image\":{\"@id\":\"https:\\\/\\\/vitablanca.ma\\\/produit\\\/eptaderm-spot-lait-depigmentant-intensif-100ml\\\/#primaryimage\"},\"thumbnailUrl\":\"https:\\\/\\\/vitablanca.ma\\\/wp-content\\\/uploads\\\/2025\\\/06\\\/Eptaderm-Spot-Lait-Depigmentant-Intensif-100ml-nova-parapharmacie-maroc.jpg\",\"datePublished\":\"2025-06-10T17:12:44+00:00\",\"description\":\"Eptaderm Spot Lait D\u00e9pigmentant Intensif 100ml\",\"breadcrumb\":{\"@id\":\"https:\\\/\\\/vitablanca.ma\\\/produit\\\/eptaderm-spot-lait-depigmentant-intensif-100ml\\\/#breadcrumb\"},\"inLanguage\":\"en-US\",\"potentialAction\":[{\"@type\":\"ReadAction\",\"target\":[\"https:\\\/\\\/vitablanca.ma\\\/produit\\\/eptaderm-spot-lait-depigmentant-intensif-100ml\\\/\"]}]},{\"@type\":\"ImageObject\",\"inLanguage\":\"en-US\",\"@id\":\"https:\\\/\\\/vitablanca.ma\\\/produit\\\/eptaderm-spot-lait-depigmentant-intensif-100ml\\\/#primaryimage\",\"url\":\"https:\\\/\\\/vitablanca.ma\\\/wp-content\\\/uploads\\\/2025\\\/06\\\/Eptaderm-Spot-Lait-Depigmentant-Intensif-100ml-nova-parapharmacie-maroc.jpg\",\"contentUrl\":\"https:\\\/\\\/vitablanca.ma\\\/wp-content\\\/uploads\\\/2025\\\/06\\\/Eptaderm-Spot-Lait-Depigmentant-Intensif-100ml-nova-parapharmacie-maroc.jpg\",\"width\":1000,\"height\":1000},{\"@type\":\"BreadcrumbList\",\"@id\":\"https:\\\/\\\/vitablanca.ma\\\/produit\\\/eptaderm-spot-lait-depigmentant-intensif-100ml\\\/#breadcrumb\",\"itemListElement\":[{\"@type\":\"ListItem\",\"position\":1,\"name\":\"Home\",\"item\":\"https:\\\/\\\/vitablanca.ma\\\/\"},{\"@type\":\"ListItem\",\"position\":2,\"name\":\"Tous Les Produits\",\"item\":\"https:\\\/\\\/vitablanca.ma\\\/tous-les-produits\\\/\"},{\"@type\":\"ListItem\",\"position\":3,\"name\":\"Eptaderm Spot Lait D\u00e9pigmentant Intensif 100ml\"}]},{\"@type\":\"WebSite\",\"@id\":\"https:\\\/\\\/vitablanca.ma\\\/#website\",\"url\":\"https:\\\/\\\/vitablanca.ma\\\/\",\"name\":\"VitaBlanca.ma | Compl\u00e9ments alimentaires, sant\u00e9 & beaut\u00e9 au Maroc\",\"description\":\"vendre vitamines et compl\u00e9ments premium des USA &amp; Canada, Nouvelle Z\u00e9lande,Maroc (NOW Foods, Solgar, Manuka). Livraison rapide partout au Maroc.\",\"publisher\":{\"@id\":\"https:\\\/\\\/vitablanca.ma\\\/#organization\"},\"alternateName\":\"VitaBlanca.ma\",\"potentialAction\":[{\"@type\":\"SearchAction\",\"target\":{\"@type\":\"EntryPoint\",\"urlTemplate\":\"https:\\\/\\\/vitablanca.ma\\\/?s={search_term_string}\"},\"query-input\":{\"@type\":\"PropertyValueSpecification\",\"valueRequired\":true,\"valueName\":\"search_term_string\"}}],\"inLanguage\":\"en-US\"},{\"@type\":\"Organization\",\"@id\":\"https:\\\/\\\/vitablanca.ma\\\/#organization\",\"name\":\"VitaBlanca\",\"url\":\"https:\\\/\\\/vitablanca.ma\\\/\",\"logo\":{\"@type\":\"ImageObject\",\"inLanguage\":\"en-US\",\"@id\":\"https:\\\/\\\/vitablanca.ma\\\/#\\\/schema\\\/logo\\\/image\\\/\",\"url\":\"https:\\\/\\\/vitablanca.ma\\\/wp-content\\\/uploads\\\/2025\\\/05\\\/cropped-vitablanca.png\",\"contentUrl\":\"https:\\\/\\\/vitablanca.ma\\\/wp-content\\\/uploads\\\/2025\\\/05\\\/cropped-vitablanca.png\",\"width\":360,\"height\":67,\"caption\":\"VitaBlanca\"},\"image\":{\"@id\":\"https:\\\/\\\/vitablanca.ma\\\/#\\\/schema\\\/logo\\\/image\\\/\"},\"sameAs\":[\"https:\\\/\\\/www.facebook.com\\\/profile.php?id=61576678196717\",\"https:\\\/\\\/www.tiktok.com\\\/@vitablanca.ma\",\"https:\\\/\\\/www.instagram.com\\\/vitablanca.ma\\\/\"]}]}<\/script>\n<!-- \/ Yoast SEO plugin. -->","yoast_head_json":{"title":"Eptaderm Spot Intensive Depigmenting Milk 100ml - Morocco Price","description":"Eptaderm Spot Intensive Depigmenting Milk 100ml","robots":{"index":"index","follow":"follow","max-snippet":"max-snippet:-1","max-image-preview":"max-image-preview:large","max-video-preview":"max-video-preview:-1"},"canonical":"https:\/\/vitablanca.ma\/en\/product\/eptaderm-spot-lait-depigmentant-intensif-100ml\/","og_locale":"en_US","og_type":"article","og_title":"Eptaderm Spot Lait D\u00e9pigmentant Intensif 100ml - Maroc Prix","og_description":"Eptaderm Spot Lait D\u00e9pigmentant Intensif 100ml","og_url":"https:\/\/vitablanca.ma\/en\/product\/eptaderm-spot-lait-depigmentant-intensif-100ml\/","og_site_name":"Vitablanca.ma &ndash; Sant&eacute;, vitalit&eacute; et bien-&ecirc;tre pour tous les Marocains","article_publisher":"https:\/\/www.facebook.com\/profile.php?id=61576678196717","og_image":[{"width":1000,"height":1000,"url":"https:\/\/vitablanca.ma\/wp-content\/uploads\/2025\/06\/Eptaderm-Spot-Lait-Depigmentant-Intensif-100ml-nova-parapharmacie-maroc.jpg","type":"image\/jpeg"}],"twitter_card":"summary_large_image","twitter_misc":{"Est. reading time":"1 minute"},"schema":{"@context":"https:\/\/schema.org","@graph":[{"@type":["WebPage","ItemPage"],"@id":"https:\/\/vitablanca.ma\/produit\/eptaderm-spot-lait-depigmentant-intensif-100ml\/","url":"https:\/\/vitablanca.ma\/produit\/eptaderm-spot-lait-depigmentant-intensif-100ml\/","name":"Eptaderm Spot Intensive Depigmenting Milk 100ml - Morocco Price","isPartOf":{"@id":"https:\/\/vitablanca.ma\/#website"},"primaryImageOfPage":{"@id":"https:\/\/vitablanca.ma\/produit\/eptaderm-spot-lait-depigmentant-intensif-100ml\/#primaryimage"},"image":{"@id":"https:\/\/vitablanca.ma\/produit\/eptaderm-spot-lait-depigmentant-intensif-100ml\/#primaryimage"},"thumbnailUrl":"https:\/\/vitablanca.ma\/wp-content\/uploads\/2025\/06\/Eptaderm-Spot-Lait-Depigmentant-Intensif-100ml-nova-parapharmacie-maroc.jpg","datePublished":"2025-06-10T17:12:44+00:00","description":"Eptaderm Spot Intensive Depigmenting Milk 100ml","breadcrumb":{"@id":"https:\/\/vitablanca.ma\/produit\/eptaderm-spot-lait-depigmentant-intensif-100ml\/#breadcrumb"},"inLanguage":"en-US","potentialAction":[{"@type":"ReadAction","target":["https:\/\/vitablanca.ma\/produit\/eptaderm-spot-lait-depigmentant-intensif-100ml\/"]}]},{"@type":"ImageObject","inLanguage":"en-US","@id":"https:\/\/vitablanca.ma\/produit\/eptaderm-spot-lait-depigmentant-intensif-100ml\/#primaryimage","url":"https:\/\/vitablanca.ma\/wp-content\/uploads\/2025\/06\/Eptaderm-Spot-Lait-Depigmentant-Intensif-100ml-nova-parapharmacie-maroc.jpg","contentUrl":"https:\/\/vitablanca.ma\/wp-content\/uploads\/2025\/06\/Eptaderm-Spot-Lait-Depigmentant-Intensif-100ml-nova-parapharmacie-maroc.jpg","width":1000,"height":1000},{"@type":"BreadcrumbList","@id":"https:\/\/vitablanca.ma\/produit\/eptaderm-spot-lait-depigmentant-intensif-100ml\/#breadcrumb","itemListElement":[{"@type":"ListItem","position":1,"name":"Home","item":"https:\/\/vitablanca.ma\/"},{"@type":"ListItem","position":2,"name":"Tous Les Produits","item":"https:\/\/vitablanca.ma\/tous-les-produits\/"},{"@type":"ListItem","position":3,"name":"Eptaderm Spot Lait D\u00e9pigmentant Intensif 100ml"}]},{"@type":"WebSite","@id":"https:\/\/vitablanca.ma\/#website","url":"https:\/\/vitablanca.ma\/","name":"VitaBlanca.ma | Food supplements, health &amp; beauty in Morocco","description":"sell premium vitamins and supplements from USA &amp; Canada, New Zealand, Morocco (NOW Foods, Solgar, Manuka). Fast delivery anywhere in Morocco.","publisher":{"@id":"https:\/\/vitablanca.ma\/#organization"},"alternateName":"VitaBlanca.ma","potentialAction":[{"@type":"SearchAction","target":{"@type":"EntryPoint","urlTemplate":"https:\/\/vitablanca.ma\/?s={search_term_string}"},"query-input":{"@type":"PropertyValueSpecification","valueRequired":true,"valueName":"search_term_string"}}],"inLanguage":"en-US"},{"@type":"Organization","@id":"https:\/\/vitablanca.ma\/#organization","name":"VitaBlanca","url":"https:\/\/vitablanca.ma\/","logo":{"@type":"ImageObject","inLanguage":"en-US","@id":"https:\/\/vitablanca.ma\/#\/schema\/logo\/image\/","url":"https:\/\/vitablanca.ma\/wp-content\/uploads\/2025\/05\/cropped-vitablanca.png","contentUrl":"https:\/\/vitablanca.ma\/wp-content\/uploads\/2025\/05\/cropped-vitablanca.png","width":360,"height":67,"caption":"VitaBlanca"},"image":{"@id":"https:\/\/vitablanca.ma\/#\/schema\/logo\/image\/"},"sameAs":["https:\/\/www.facebook.com\/profile.php?id=61576678196717","https:\/\/www.tiktok.com\/@vitablanca.ma","https:\/\/www.instagram.com\/vitablanca.ma\/"]}]}},"jetpack_sharing_enabled":true,"_links":{"self":[{"href":"https:\/\/vitablanca.ma\/en\/wp-json\/wp\/v2\/product\/17974","targetHints":{"allow":["GET"]}}],"collection":[{"href":"https:\/\/vitablanca.ma\/en\/wp-json\/wp\/v2\/product"}],"about":[{"href":"https:\/\/vitablanca.ma\/en\/wp-json\/wp\/v2\/types\/product"}],"wp:featuredmedia":[{"embeddable":true,"href":"https:\/\/vitablanca.ma\/en\/wp-json\/wp\/v2\/media\/17973"}],"wp:attachment":[{"href":"https:\/\/vitablanca.ma\/en\/wp-json\/wp\/v2\/media?parent=17974"}],"wp:term":[{"taxonomy":"product_brand","embeddable":true,"href":"https:\/\/vitablanca.ma\/en\/wp-json\/wp\/v2\/product_brand?post=17974"},{"taxonomy":"product_cat","embeddable":true,"href":"https:\/\/vitablanca.ma\/en\/wp-json\/wp\/v2\/product_cat?post=17974"},{"taxonomy":"product_tag","embeddable":true,"href":"https:\/\/vitablanca.ma\/en\/wp-json\/wp\/v2\/product_tag?post=17974"}],"curies":[{"name":"wp","href":"https:\/\/api.w.org\/{rel}","templated":true}]}}