{"id":17972,"date":"2025-06-10T17:12:40","date_gmt":"2025-06-10T17:12:40","guid":{"rendered":"https:\/\/vitablanca.ma\/product\/eptaderm-ds-shampoing-pellicules-150-ml\/"},"modified":"2026-01-21T16:57:56","modified_gmt":"2026-01-21T16:57:56","slug":"eptaderm-ds-shampoing-pellicules-150-ml","status":"publish","type":"product","link":"https:\/\/vitablanca.ma\/en\/product\/eptaderm-ds-shampoing-pellicules-150-ml\/","title":{"rendered":"Eptaderm DS Dandruff Shampoo 150 ml"},"content":{"rendered":"<h2 data-mce-fragment=\"1\">Eptaderm DS Dandruff Shampoo\u00a0<span data-mce-fragment=\"1\">for the cosmetic treatment of sebo-scaly conditions of the scalp<\/span><\/h2>\n<p data-mce-fragment=\"1\">EPTA DS Shampoo has been designed for the cosmetic treatment of sebum-scaly conditions of the scalp. Its comprehensive formula, combining Swiss Glacier Water, Octopirox and other specific active ingredients, normalizes excess sebum, has an anti-scaling effect and soothes redness and irritation of the scalp.<\/p>\n<p><span class=\"product-formula\" data-mce-fragment=\"1\">Formula<\/span><\/p>\n<ul data-mce-fragment=\"1\">\n<li data-mce-fragment=\"1\">Swiss Glacier Water, rich in trace elements to soothe redness and itching;<\/li>\n<li data-mce-fragment=\"1\">OCTOPIROX, with a recognized antimicrobial effect.<\/li>\n<li data-mce-fragment=\"1\">RHAMNOSOFT, to control excessive sebum production, irritation and redness.<\/li>\n<\/ul>\n<h3>Use<\/h3>\n<p>Massage EPTA DS Shampoo into a soft lather. Leave on for three minutes and rinse. In case of contact with eyes, rinse thoroughly with water. It is recommended to use EPTA DS Shampoo every day as an initial cosmetic treatment, as soon as the first signs appear (itching, peeling, etc.). As a maintenance treatment, use EPTA DS Shampoo three times a week.<\/p>","protected":false},"excerpt":{"rendered":"<p>Eptaderm DS shampoing Pellicules\u00a0pour le traitement cosm\u00e9tique des \u00e9tats s\u00e9bo-squameux du cuir EPTA DS Shampooing a \u00e9t\u00e9 \u00e9tudi\u00e9 pour le traitement cosm\u00e9tique des \u00e9tats s\u00e9bo-squameux du cuir chevelu. Sa formule compl\u00e8te, associant Eau des Glaciers Suisses, Octopirox et autres principes actifs sp\u00e9cifiques, normalise I\u2019exc\u00e8s de s\u00e9bum, a un effet anti-desquamation et calme les rougeurs et [&hellip;]<\/p>\n","protected":false},"featured_media":17971,"template":"","meta":{"om_disable_all_campaigns":false},"product_brand":[],"product_cat":[15],"product_tag":[],"class_list":{"0":"post-17972","1":"product","2":"type-product","3":"status-publish","4":"has-post-thumbnail","6":"product_cat-beaute-sante-complements-alimentaires-soins-et-bien-etre-au-meilleur-prix","8":"first","9":"instock","10":"sale","11":"taxable","12":"shipping-taxable","13":"purchasable","14":"product-type-simple"},"yoast_head":"<!-- This site is optimized with the Yoast SEO plugin v27.5 - https:\/\/yoast.com\/product\/yoast-seo-wordpress\/ -->\n<title>Eptaderm DS shampoing Pellicules 150 ml - Maroc Prix<\/title>\n<meta name=\"description\" content=\"Eptaderm DS shampoing Pellicules 150 ml\" \/>\n<meta name=\"robots\" content=\"index, follow, max-snippet:-1, max-image-preview:large, max-video-preview:-1\" \/>\n<link rel=\"canonical\" href=\"https:\/\/vitablanca.ma\/en\/product\/eptaderm-ds-shampoing-pellicules-150-ml\/\" \/>\n<meta property=\"og:locale\" content=\"en_US\" \/>\n<meta property=\"og:type\" content=\"article\" \/>\n<meta property=\"og:title\" content=\"Eptaderm DS shampoing Pellicules 150 ml - Maroc Prix\" \/>\n<meta property=\"og:description\" content=\"Eptaderm DS shampoing Pellicules 150 ml\" \/>\n<meta property=\"og:url\" content=\"https:\/\/vitablanca.ma\/en\/product\/eptaderm-ds-shampoing-pellicules-150-ml\/\" \/>\n<meta property=\"og:site_name\" content=\"Vitablanca.ma &ndash; Sant&eacute;, vitalit&eacute; et bien-&ecirc;tre pour tous les Marocains\" \/>\n<meta property=\"article:publisher\" content=\"https:\/\/www.facebook.com\/profile.php?id=61576678196717\" \/>\n<meta property=\"article:modified_time\" content=\"2026-01-21T16:57:56+00:00\" \/>\n<meta property=\"og:image\" content=\"https:\/\/vitablanca.ma\/wp-content\/uploads\/2025\/06\/Eptaderm-DS-shampoing-Pellicules-150-ml-nova-parapharmacie-maroc.jpg\" \/>\n\t<meta property=\"og:image:width\" content=\"1000\" \/>\n\t<meta property=\"og:image:height\" content=\"1000\" \/>\n\t<meta property=\"og:image:type\" content=\"image\/jpeg\" \/>\n<meta name=\"twitter:card\" content=\"summary_large_image\" \/>\n<meta name=\"twitter:label1\" content=\"Est. reading time\" \/>\n\t<meta name=\"twitter:data1\" content=\"1 minute\" \/>\n<script type=\"application\/ld+json\" class=\"yoast-schema-graph\">{\"@context\":\"https:\\\/\\\/schema.org\",\"@graph\":[{\"@type\":[\"WebPage\",\"ItemPage\"],\"@id\":\"https:\\\/\\\/vitablanca.ma\\\/produit\\\/eptaderm-ds-shampoing-pellicules-150-ml\\\/\",\"url\":\"https:\\\/\\\/vitablanca.ma\\\/produit\\\/eptaderm-ds-shampoing-pellicules-150-ml\\\/\",\"name\":\"Eptaderm DS shampoing Pellicules 150 ml - Maroc Prix\",\"isPartOf\":{\"@id\":\"https:\\\/\\\/vitablanca.ma\\\/#website\"},\"primaryImageOfPage\":{\"@id\":\"https:\\\/\\\/vitablanca.ma\\\/produit\\\/eptaderm-ds-shampoing-pellicules-150-ml\\\/#primaryimage\"},\"image\":{\"@id\":\"https:\\\/\\\/vitablanca.ma\\\/produit\\\/eptaderm-ds-shampoing-pellicules-150-ml\\\/#primaryimage\"},\"thumbnailUrl\":\"https:\\\/\\\/vitablanca.ma\\\/wp-content\\\/uploads\\\/2025\\\/06\\\/Eptaderm-DS-shampoing-Pellicules-150-ml-nova-parapharmacie-maroc.jpg\",\"datePublished\":\"2025-06-10T17:12:40+00:00\",\"dateModified\":\"2026-01-21T16:57:56+00:00\",\"description\":\"Eptaderm DS shampoing Pellicules 150 ml\",\"breadcrumb\":{\"@id\":\"https:\\\/\\\/vitablanca.ma\\\/produit\\\/eptaderm-ds-shampoing-pellicules-150-ml\\\/#breadcrumb\"},\"inLanguage\":\"en-US\",\"potentialAction\":[{\"@type\":\"ReadAction\",\"target\":[\"https:\\\/\\\/vitablanca.ma\\\/produit\\\/eptaderm-ds-shampoing-pellicules-150-ml\\\/\"]}]},{\"@type\":\"ImageObject\",\"inLanguage\":\"en-US\",\"@id\":\"https:\\\/\\\/vitablanca.ma\\\/produit\\\/eptaderm-ds-shampoing-pellicules-150-ml\\\/#primaryimage\",\"url\":\"https:\\\/\\\/vitablanca.ma\\\/wp-content\\\/uploads\\\/2025\\\/06\\\/Eptaderm-DS-shampoing-Pellicules-150-ml-nova-parapharmacie-maroc.jpg\",\"contentUrl\":\"https:\\\/\\\/vitablanca.ma\\\/wp-content\\\/uploads\\\/2025\\\/06\\\/Eptaderm-DS-shampoing-Pellicules-150-ml-nova-parapharmacie-maroc.jpg\",\"width\":1000,\"height\":1000},{\"@type\":\"BreadcrumbList\",\"@id\":\"https:\\\/\\\/vitablanca.ma\\\/produit\\\/eptaderm-ds-shampoing-pellicules-150-ml\\\/#breadcrumb\",\"itemListElement\":[{\"@type\":\"ListItem\",\"position\":1,\"name\":\"Home\",\"item\":\"https:\\\/\\\/vitablanca.ma\\\/\"},{\"@type\":\"ListItem\",\"position\":2,\"name\":\"Tous Les Produits\",\"item\":\"https:\\\/\\\/vitablanca.ma\\\/tous-les-produits\\\/\"},{\"@type\":\"ListItem\",\"position\":3,\"name\":\"Eptaderm DS shampoing Pellicules 150 ml\"}]},{\"@type\":\"WebSite\",\"@id\":\"https:\\\/\\\/vitablanca.ma\\\/#website\",\"url\":\"https:\\\/\\\/vitablanca.ma\\\/\",\"name\":\"VitaBlanca.ma | Compl\u00e9ments alimentaires, sant\u00e9 & beaut\u00e9 au Maroc\",\"description\":\"vendre vitamines et compl\u00e9ments premium des USA &amp; Canada, Nouvelle Z\u00e9lande,Maroc (NOW Foods, Solgar, Manuka). Livraison rapide partout au Maroc.\",\"publisher\":{\"@id\":\"https:\\\/\\\/vitablanca.ma\\\/#organization\"},\"alternateName\":\"VitaBlanca.ma\",\"potentialAction\":[{\"@type\":\"SearchAction\",\"target\":{\"@type\":\"EntryPoint\",\"urlTemplate\":\"https:\\\/\\\/vitablanca.ma\\\/?s={search_term_string}\"},\"query-input\":{\"@type\":\"PropertyValueSpecification\",\"valueRequired\":true,\"valueName\":\"search_term_string\"}}],\"inLanguage\":\"en-US\"},{\"@type\":\"Organization\",\"@id\":\"https:\\\/\\\/vitablanca.ma\\\/#organization\",\"name\":\"VitaBlanca\",\"url\":\"https:\\\/\\\/vitablanca.ma\\\/\",\"logo\":{\"@type\":\"ImageObject\",\"inLanguage\":\"en-US\",\"@id\":\"https:\\\/\\\/vitablanca.ma\\\/#\\\/schema\\\/logo\\\/image\\\/\",\"url\":\"https:\\\/\\\/vitablanca.ma\\\/wp-content\\\/uploads\\\/2025\\\/05\\\/cropped-vitablanca.png\",\"contentUrl\":\"https:\\\/\\\/vitablanca.ma\\\/wp-content\\\/uploads\\\/2025\\\/05\\\/cropped-vitablanca.png\",\"width\":360,\"height\":67,\"caption\":\"VitaBlanca\"},\"image\":{\"@id\":\"https:\\\/\\\/vitablanca.ma\\\/#\\\/schema\\\/logo\\\/image\\\/\"},\"sameAs\":[\"https:\\\/\\\/www.facebook.com\\\/profile.php?id=61576678196717\",\"https:\\\/\\\/www.tiktok.com\\\/@vitablanca.ma\",\"https:\\\/\\\/www.instagram.com\\\/vitablanca.ma\\\/\"]}]}<\/script>\n<!-- \/ Yoast SEO plugin. -->","yoast_head_json":{"title":"Eptaderm DS Dandruff Shampoo 150 ml - Morocco Price","description":"Eptaderm DS Dandruff Shampoo 150 ml","robots":{"index":"index","follow":"follow","max-snippet":"max-snippet:-1","max-image-preview":"max-image-preview:large","max-video-preview":"max-video-preview:-1"},"canonical":"https:\/\/vitablanca.ma\/en\/product\/eptaderm-ds-shampoing-pellicules-150-ml\/","og_locale":"en_US","og_type":"article","og_title":"Eptaderm DS shampoing Pellicules 150 ml - Maroc Prix","og_description":"Eptaderm DS shampoing Pellicules 150 ml","og_url":"https:\/\/vitablanca.ma\/en\/product\/eptaderm-ds-shampoing-pellicules-150-ml\/","og_site_name":"Vitablanca.ma &ndash; Sant&eacute;, vitalit&eacute; et bien-&ecirc;tre pour tous les Marocains","article_publisher":"https:\/\/www.facebook.com\/profile.php?id=61576678196717","article_modified_time":"2026-01-21T16:57:56+00:00","og_image":[{"width":1000,"height":1000,"url":"https:\/\/vitablanca.ma\/wp-content\/uploads\/2025\/06\/Eptaderm-DS-shampoing-Pellicules-150-ml-nova-parapharmacie-maroc.jpg","type":"image\/jpeg"}],"twitter_card":"summary_large_image","twitter_misc":{"Est. reading time":"1 minute"},"schema":{"@context":"https:\/\/schema.org","@graph":[{"@type":["WebPage","ItemPage"],"@id":"https:\/\/vitablanca.ma\/produit\/eptaderm-ds-shampoing-pellicules-150-ml\/","url":"https:\/\/vitablanca.ma\/produit\/eptaderm-ds-shampoing-pellicules-150-ml\/","name":"Eptaderm DS Dandruff Shampoo 150 ml - Morocco Price","isPartOf":{"@id":"https:\/\/vitablanca.ma\/#website"},"primaryImageOfPage":{"@id":"https:\/\/vitablanca.ma\/produit\/eptaderm-ds-shampoing-pellicules-150-ml\/#primaryimage"},"image":{"@id":"https:\/\/vitablanca.ma\/produit\/eptaderm-ds-shampoing-pellicules-150-ml\/#primaryimage"},"thumbnailUrl":"https:\/\/vitablanca.ma\/wp-content\/uploads\/2025\/06\/Eptaderm-DS-shampoing-Pellicules-150-ml-nova-parapharmacie-maroc.jpg","datePublished":"2025-06-10T17:12:40+00:00","dateModified":"2026-01-21T16:57:56+00:00","description":"Eptaderm DS Dandruff Shampoo 150 ml","breadcrumb":{"@id":"https:\/\/vitablanca.ma\/produit\/eptaderm-ds-shampoing-pellicules-150-ml\/#breadcrumb"},"inLanguage":"en-US","potentialAction":[{"@type":"ReadAction","target":["https:\/\/vitablanca.ma\/produit\/eptaderm-ds-shampoing-pellicules-150-ml\/"]}]},{"@type":"ImageObject","inLanguage":"en-US","@id":"https:\/\/vitablanca.ma\/produit\/eptaderm-ds-shampoing-pellicules-150-ml\/#primaryimage","url":"https:\/\/vitablanca.ma\/wp-content\/uploads\/2025\/06\/Eptaderm-DS-shampoing-Pellicules-150-ml-nova-parapharmacie-maroc.jpg","contentUrl":"https:\/\/vitablanca.ma\/wp-content\/uploads\/2025\/06\/Eptaderm-DS-shampoing-Pellicules-150-ml-nova-parapharmacie-maroc.jpg","width":1000,"height":1000},{"@type":"BreadcrumbList","@id":"https:\/\/vitablanca.ma\/produit\/eptaderm-ds-shampoing-pellicules-150-ml\/#breadcrumb","itemListElement":[{"@type":"ListItem","position":1,"name":"Home","item":"https:\/\/vitablanca.ma\/"},{"@type":"ListItem","position":2,"name":"Tous Les Produits","item":"https:\/\/vitablanca.ma\/tous-les-produits\/"},{"@type":"ListItem","position":3,"name":"Eptaderm DS shampoing Pellicules 150 ml"}]},{"@type":"WebSite","@id":"https:\/\/vitablanca.ma\/#website","url":"https:\/\/vitablanca.ma\/","name":"VitaBlanca.ma | Food supplements, health &amp; beauty in Morocco","description":"sell premium vitamins and supplements from USA &amp; Canada, New Zealand, Morocco (NOW Foods, Solgar, Manuka). Fast delivery anywhere in Morocco.","publisher":{"@id":"https:\/\/vitablanca.ma\/#organization"},"alternateName":"VitaBlanca.ma","potentialAction":[{"@type":"SearchAction","target":{"@type":"EntryPoint","urlTemplate":"https:\/\/vitablanca.ma\/?s={search_term_string}"},"query-input":{"@type":"PropertyValueSpecification","valueRequired":true,"valueName":"search_term_string"}}],"inLanguage":"en-US"},{"@type":"Organization","@id":"https:\/\/vitablanca.ma\/#organization","name":"VitaBlanca","url":"https:\/\/vitablanca.ma\/","logo":{"@type":"ImageObject","inLanguage":"en-US","@id":"https:\/\/vitablanca.ma\/#\/schema\/logo\/image\/","url":"https:\/\/vitablanca.ma\/wp-content\/uploads\/2025\/05\/cropped-vitablanca.png","contentUrl":"https:\/\/vitablanca.ma\/wp-content\/uploads\/2025\/05\/cropped-vitablanca.png","width":360,"height":67,"caption":"VitaBlanca"},"image":{"@id":"https:\/\/vitablanca.ma\/#\/schema\/logo\/image\/"},"sameAs":["https:\/\/www.facebook.com\/profile.php?id=61576678196717","https:\/\/www.tiktok.com\/@vitablanca.ma","https:\/\/www.instagram.com\/vitablanca.ma\/"]}]}},"jetpack_sharing_enabled":true,"_links":{"self":[{"href":"https:\/\/vitablanca.ma\/en\/wp-json\/wp\/v2\/product\/17972","targetHints":{"allow":["GET"]}}],"collection":[{"href":"https:\/\/vitablanca.ma\/en\/wp-json\/wp\/v2\/product"}],"about":[{"href":"https:\/\/vitablanca.ma\/en\/wp-json\/wp\/v2\/types\/product"}],"wp:featuredmedia":[{"embeddable":true,"href":"https:\/\/vitablanca.ma\/en\/wp-json\/wp\/v2\/media\/17971"}],"wp:attachment":[{"href":"https:\/\/vitablanca.ma\/en\/wp-json\/wp\/v2\/media?parent=17972"}],"wp:term":[{"taxonomy":"product_brand","embeddable":true,"href":"https:\/\/vitablanca.ma\/en\/wp-json\/wp\/v2\/product_brand?post=17972"},{"taxonomy":"product_cat","embeddable":true,"href":"https:\/\/vitablanca.ma\/en\/wp-json\/wp\/v2\/product_cat?post=17972"},{"taxonomy":"product_tag","embeddable":true,"href":"https:\/\/vitablanca.ma\/en\/wp-json\/wp\/v2\/product_tag?post=17972"}],"curies":[{"name":"wp","href":"https:\/\/api.w.org\/{rel}","templated":true}]}}