{"id":17890,"date":"2025-06-10T17:10:28","date_gmt":"2025-06-10T17:10:28","guid":{"rendered":"https:\/\/vitablanca.ma\/product\/eucerin-hyaluron-filler-volume-lift-soin-contour-des-yeux-15ml\/"},"modified":"2026-01-21T23:25:19","modified_gmt":"2026-01-21T23:25:19","slug":"eucerin-hyaluron-filler-volume-lift-soin-contour-des-yeux-15ml","status":"publish","type":"product","link":"https:\/\/vitablanca.ma\/en\/product\/eucerin-hyaluron-filler-volume-lift-soin-contour-des-yeux-15ml\/","title":{"rendered":"Eucerin HYALURON-FILLER + VOLUME-LIFT Eye Contour Care 15ml"},"content":{"rendered":"<h2>Eucerin HYALURON-FILLER + VOLUME-LIFT Eye Contour Care.<\/h2>\n<p class=\"hdl-3\">Volumizing eye contour treatment with UVA\/UVB protection SPF 15 suitable for all skin types.A volumizing eye contour treatment for all skin types.<\/p>\n<div class=\"text\">\n<p>Contains SPF 15 protection and UVA filters to protect the sensitive eye area.<br \/>Ophthalmologically tested. Suitable for contact lens wearers.<br \/>15ml.<\/p>\n<h2 class=\"uk-accordion-title\">About Anti-Wrinkle Eye Contour Care<\/h2>\n<div class=\"uk-accordion-content\">\n<section class=\"eucerin-cp cp-text right\">\n<div class=\"text\">\n<p>EUCERIN HYALURON-FILLER + VOLUME-LIFT Eye Contour works on the folds and sagging of the skin caused by<span>\u00a0<\/span>loss of skin volume<span>\u00a0<\/span>and provides targeted action on the sensitive eye contour area. With its three complementary active ingredients, this clinically tested treatment helps redefine the eye contour.<\/p>\n<p>Natural active ingredient, the<span>\u00a0<\/span>Magnolol<span>\u00a0<\/span>increases the size and number of cells responsible for skin volume.<br \/>On the other hand, the<span>\u00a0<\/span>Oligo Peptides,<span>\u00a0<\/span>anise extracts, strengthen the collagen network and boost its renewal*.<br \/>Hyaluronic Acid<span>\u00a0<\/span>It also improves the skin&#039;s ability to retain water and smooths fine lines caused by dry skin, which frequently affects the eye area.\u00a0\u00a0\u00a0\u00a0\u00a0 \u00a0<\/p>\n<p>Contains SPF 15 protection and UVA filters to protect skin from photoaging. Ophthalmologically tested, non-comedogenic, and fragrance- and alcohol-free.<\/p>\n<h3 class=\"hdl-3\">Directions for use<\/h3>\n<div class=\"text\">\n<section class=\"eucerin-cp cp-image\"><\/section>\n<ul>\n<li>Pair it with<span>\u00a0<\/span>EUCERIN HYALURON-FILLER + VOLUME-LIFT Day Care for Dry or Damaged Skin<span>\u00a0<\/span>EUCERIN HYALURON-FILLER + VOLUME-LIFT Day Care Normal to Combination or Dry Skin<span>\u00a0<\/span>EUCERIN HYALURON-FILLER + VOLUME-LIFT Night Cream<\/li>\n<li>Apply to the eye area. Gently pat in with your ring finger.<\/li>\n<li>Wait five to ten minutes before applying makeup to allow the treatment time to penetrate the skin.<\/li>\n<\/ul>\n<p>\u00a0<\/p>\n<\/div>\n<\/div>\n<\/section>\n<\/div>\n<\/div>","protected":false},"excerpt":{"rendered":"<p>Eucerin HYALURON-FILLER + VOLUME-LIFT Soin Contour des Yeux. Soin contour des yeux volumisateur avec protection UVA\/UVB SPF\u00a015 adapt\u00e9 \u00e0 tous les types de peau.Un soin contour des yeux volumisateur pour tous types de peaux. Contient une protection SPF\u00a015 et des filtres\u00a0UVA pour prot\u00e9ger la zone sensible du contour de l&rsquo;\u0153il.Test\u00e9 ophtalmologiquement. Convient aux porteurs de [&hellip;]<\/p>\n","protected":false},"featured_media":17883,"template":"","meta":{"om_disable_all_campaigns":false},"product_brand":[5994],"product_cat":[18,15],"product_tag":[],"class_list":{"0":"post-17890","1":"product","2":"type-product","3":"status-publish","4":"has-post-thumbnail","6":"product_brand-eucerin-maroc-prix","7":"product_cat-beaute-sante","8":"product_cat-beaute-sante-complements-alimentaires-soins-et-bien-etre-au-meilleur-prix","10":"first","11":"instock","12":"sale","13":"taxable","14":"shipping-taxable","15":"purchasable","16":"product-type-simple"},"yoast_head":"<!-- This site is optimized with the Yoast SEO plugin v27.3 - https:\/\/yoast.com\/product\/yoast-seo-wordpress\/ -->\n<title>Eucerin HYALURON-FILLER + VOLUME-LIFT Soin Contour des Yeux 15ml - Maroc Prix<\/title>\n<meta name=\"description\" content=\"Eucerin HYALURON-FILLER + VOLUME-LIFT Soin Contour des Yeux 15ml\" \/>\n<meta name=\"robots\" content=\"index, follow, max-snippet:-1, max-image-preview:large, max-video-preview:-1\" \/>\n<link rel=\"canonical\" href=\"https:\/\/vitablanca.ma\/en\/product\/eucerin-hyaluron-filler-volume-lift-soin-contour-des-yeux-15ml\/\" \/>\n<meta property=\"og:locale\" content=\"en_US\" \/>\n<meta property=\"og:type\" content=\"article\" \/>\n<meta property=\"og:title\" content=\"Eucerin HYALURON-FILLER + VOLUME-LIFT Soin Contour des Yeux 15ml - Maroc Prix\" \/>\n<meta property=\"og:description\" content=\"Eucerin HYALURON-FILLER + VOLUME-LIFT Soin Contour des Yeux 15ml\" \/>\n<meta property=\"og:url\" content=\"https:\/\/vitablanca.ma\/en\/product\/eucerin-hyaluron-filler-volume-lift-soin-contour-des-yeux-15ml\/\" \/>\n<meta property=\"og:site_name\" content=\"Vitablanca.ma &ndash; Sant&eacute;, vitalit&eacute; et bien-&ecirc;tre pour tous les Marocains\" \/>\n<meta property=\"article:publisher\" content=\"https:\/\/www.facebook.com\/profile.php?id=61576678196717\" \/>\n<meta property=\"article:modified_time\" content=\"2026-01-21T23:25:19+00:00\" \/>\n<meta property=\"og:image\" content=\"https:\/\/vitablanca.ma\/wp-content\/uploads\/2025\/06\/eucerin-volume-filler-yeux-15-ml-parapharmacie-enligne-prix-maroc1.jpg\" \/>\n\t<meta property=\"og:image:width\" content=\"800\" \/>\n\t<meta property=\"og:image:height\" content=\"800\" \/>\n\t<meta property=\"og:image:type\" content=\"image\/jpeg\" \/>\n<meta name=\"twitter:card\" content=\"summary_large_image\" \/>\n<meta name=\"twitter:label1\" content=\"Est. reading time\" \/>\n\t<meta name=\"twitter:data1\" content=\"1 minute\" \/>\n<script type=\"application\/ld+json\" class=\"yoast-schema-graph\">{\"@context\":\"https:\\\/\\\/schema.org\",\"@graph\":[{\"@type\":[\"WebPage\",\"ItemPage\"],\"@id\":\"https:\\\/\\\/vitablanca.ma\\\/produit\\\/eucerin-hyaluron-filler-volume-lift-soin-contour-des-yeux-15ml\\\/\",\"url\":\"https:\\\/\\\/vitablanca.ma\\\/produit\\\/eucerin-hyaluron-filler-volume-lift-soin-contour-des-yeux-15ml\\\/\",\"name\":\"Eucerin HYALURON-FILLER + VOLUME-LIFT Soin Contour des Yeux 15ml - Maroc Prix\",\"isPartOf\":{\"@id\":\"https:\\\/\\\/vitablanca.ma\\\/#website\"},\"primaryImageOfPage\":{\"@id\":\"https:\\\/\\\/vitablanca.ma\\\/produit\\\/eucerin-hyaluron-filler-volume-lift-soin-contour-des-yeux-15ml\\\/#primaryimage\"},\"image\":{\"@id\":\"https:\\\/\\\/vitablanca.ma\\\/produit\\\/eucerin-hyaluron-filler-volume-lift-soin-contour-des-yeux-15ml\\\/#primaryimage\"},\"thumbnailUrl\":\"https:\\\/\\\/vitablanca.ma\\\/wp-content\\\/uploads\\\/2025\\\/06\\\/eucerin-volume-filler-yeux-15-ml-parapharmacie-enligne-prix-maroc1.jpg\",\"datePublished\":\"2025-06-10T17:10:28+00:00\",\"dateModified\":\"2026-01-21T23:25:19+00:00\",\"description\":\"Eucerin HYALURON-FILLER + VOLUME-LIFT Soin Contour des Yeux 15ml\",\"breadcrumb\":{\"@id\":\"https:\\\/\\\/vitablanca.ma\\\/produit\\\/eucerin-hyaluron-filler-volume-lift-soin-contour-des-yeux-15ml\\\/#breadcrumb\"},\"inLanguage\":\"en-US\",\"potentialAction\":[{\"@type\":\"ReadAction\",\"target\":[\"https:\\\/\\\/vitablanca.ma\\\/produit\\\/eucerin-hyaluron-filler-volume-lift-soin-contour-des-yeux-15ml\\\/\"]}]},{\"@type\":\"ImageObject\",\"inLanguage\":\"en-US\",\"@id\":\"https:\\\/\\\/vitablanca.ma\\\/produit\\\/eucerin-hyaluron-filler-volume-lift-soin-contour-des-yeux-15ml\\\/#primaryimage\",\"url\":\"https:\\\/\\\/vitablanca.ma\\\/wp-content\\\/uploads\\\/2025\\\/06\\\/eucerin-volume-filler-yeux-15-ml-parapharmacie-enligne-prix-maroc1.jpg\",\"contentUrl\":\"https:\\\/\\\/vitablanca.ma\\\/wp-content\\\/uploads\\\/2025\\\/06\\\/eucerin-volume-filler-yeux-15-ml-parapharmacie-enligne-prix-maroc1.jpg\",\"width\":800,\"height\":800},{\"@type\":\"BreadcrumbList\",\"@id\":\"https:\\\/\\\/vitablanca.ma\\\/produit\\\/eucerin-hyaluron-filler-volume-lift-soin-contour-des-yeux-15ml\\\/#breadcrumb\",\"itemListElement\":[{\"@type\":\"ListItem\",\"position\":1,\"name\":\"Home\",\"item\":\"https:\\\/\\\/vitablanca.ma\\\/\"},{\"@type\":\"ListItem\",\"position\":2,\"name\":\"Tous Les Produits\",\"item\":\"https:\\\/\\\/vitablanca.ma\\\/tous-les-produits\\\/\"},{\"@type\":\"ListItem\",\"position\":3,\"name\":\"Eucerin HYALURON-FILLER + VOLUME-LIFT Soin Contour des Yeux 15ml\"}]},{\"@type\":\"WebSite\",\"@id\":\"https:\\\/\\\/vitablanca.ma\\\/#website\",\"url\":\"https:\\\/\\\/vitablanca.ma\\\/\",\"name\":\"VitaBlanca.ma | Compl\u00e9ments alimentaires, sant\u00e9 & beaut\u00e9 au Maroc\",\"description\":\"vendre vitamines et compl\u00e9ments premium des USA &amp; Canada, Nouvelle Z\u00e9lande,Maroc (NOW Foods, Solgar, Manuka). Livraison rapide partout au Maroc.\",\"publisher\":{\"@id\":\"https:\\\/\\\/vitablanca.ma\\\/#organization\"},\"alternateName\":\"VitaBlanca.ma\",\"potentialAction\":[{\"@type\":\"SearchAction\",\"target\":{\"@type\":\"EntryPoint\",\"urlTemplate\":\"https:\\\/\\\/vitablanca.ma\\\/?s={search_term_string}\"},\"query-input\":{\"@type\":\"PropertyValueSpecification\",\"valueRequired\":true,\"valueName\":\"search_term_string\"}}],\"inLanguage\":\"en-US\"},{\"@type\":\"Organization\",\"@id\":\"https:\\\/\\\/vitablanca.ma\\\/#organization\",\"name\":\"VitaBlanca\",\"url\":\"https:\\\/\\\/vitablanca.ma\\\/\",\"logo\":{\"@type\":\"ImageObject\",\"inLanguage\":\"en-US\",\"@id\":\"https:\\\/\\\/vitablanca.ma\\\/#\\\/schema\\\/logo\\\/image\\\/\",\"url\":\"https:\\\/\\\/vitablanca.ma\\\/wp-content\\\/uploads\\\/2025\\\/05\\\/cropped-vitablanca.png\",\"contentUrl\":\"https:\\\/\\\/vitablanca.ma\\\/wp-content\\\/uploads\\\/2025\\\/05\\\/cropped-vitablanca.png\",\"width\":360,\"height\":67,\"caption\":\"VitaBlanca\"},\"image\":{\"@id\":\"https:\\\/\\\/vitablanca.ma\\\/#\\\/schema\\\/logo\\\/image\\\/\"},\"sameAs\":[\"https:\\\/\\\/www.facebook.com\\\/profile.php?id=61576678196717\",\"https:\\\/\\\/www.tiktok.com\\\/@vitablanca.ma\",\"https:\\\/\\\/www.instagram.com\\\/vitablanca.ma\\\/\"]}]}<\/script>\n<!-- \/ Yoast SEO plugin. -->","yoast_head_json":{"title":"Eucerin HYALURON-FILLER + VOLUME-LIFT Eye Contour Care 15ml - Morocco Price","description":"Eucerin HYALURON-FILLER + VOLUME-LIFT Eye Contour Care 15ml","robots":{"index":"index","follow":"follow","max-snippet":"max-snippet:-1","max-image-preview":"max-image-preview:large","max-video-preview":"max-video-preview:-1"},"canonical":"https:\/\/vitablanca.ma\/en\/product\/eucerin-hyaluron-filler-volume-lift-soin-contour-des-yeux-15ml\/","og_locale":"en_US","og_type":"article","og_title":"Eucerin HYALURON-FILLER + VOLUME-LIFT Soin Contour des Yeux 15ml - Maroc Prix","og_description":"Eucerin HYALURON-FILLER + VOLUME-LIFT Soin Contour des Yeux 15ml","og_url":"https:\/\/vitablanca.ma\/en\/product\/eucerin-hyaluron-filler-volume-lift-soin-contour-des-yeux-15ml\/","og_site_name":"Vitablanca.ma &ndash; Sant&eacute;, vitalit&eacute; et bien-&ecirc;tre pour tous les Marocains","article_publisher":"https:\/\/www.facebook.com\/profile.php?id=61576678196717","article_modified_time":"2026-01-21T23:25:19+00:00","og_image":[{"width":800,"height":800,"url":"https:\/\/vitablanca.ma\/wp-content\/uploads\/2025\/06\/eucerin-volume-filler-yeux-15-ml-parapharmacie-enligne-prix-maroc1.jpg","type":"image\/jpeg"}],"twitter_card":"summary_large_image","twitter_misc":{"Est. reading time":"1 minute"},"schema":{"@context":"https:\/\/schema.org","@graph":[{"@type":["WebPage","ItemPage"],"@id":"https:\/\/vitablanca.ma\/produit\/eucerin-hyaluron-filler-volume-lift-soin-contour-des-yeux-15ml\/","url":"https:\/\/vitablanca.ma\/produit\/eucerin-hyaluron-filler-volume-lift-soin-contour-des-yeux-15ml\/","name":"Eucerin HYALURON-FILLER + VOLUME-LIFT Eye Contour Care 15ml - Morocco Price","isPartOf":{"@id":"https:\/\/vitablanca.ma\/#website"},"primaryImageOfPage":{"@id":"https:\/\/vitablanca.ma\/produit\/eucerin-hyaluron-filler-volume-lift-soin-contour-des-yeux-15ml\/#primaryimage"},"image":{"@id":"https:\/\/vitablanca.ma\/produit\/eucerin-hyaluron-filler-volume-lift-soin-contour-des-yeux-15ml\/#primaryimage"},"thumbnailUrl":"https:\/\/vitablanca.ma\/wp-content\/uploads\/2025\/06\/eucerin-volume-filler-yeux-15-ml-parapharmacie-enligne-prix-maroc1.jpg","datePublished":"2025-06-10T17:10:28+00:00","dateModified":"2026-01-21T23:25:19+00:00","description":"Eucerin HYALURON-FILLER + VOLUME-LIFT Eye Contour Care 15ml","breadcrumb":{"@id":"https:\/\/vitablanca.ma\/produit\/eucerin-hyaluron-filler-volume-lift-soin-contour-des-yeux-15ml\/#breadcrumb"},"inLanguage":"en-US","potentialAction":[{"@type":"ReadAction","target":["https:\/\/vitablanca.ma\/produit\/eucerin-hyaluron-filler-volume-lift-soin-contour-des-yeux-15ml\/"]}]},{"@type":"ImageObject","inLanguage":"en-US","@id":"https:\/\/vitablanca.ma\/produit\/eucerin-hyaluron-filler-volume-lift-soin-contour-des-yeux-15ml\/#primaryimage","url":"https:\/\/vitablanca.ma\/wp-content\/uploads\/2025\/06\/eucerin-volume-filler-yeux-15-ml-parapharmacie-enligne-prix-maroc1.jpg","contentUrl":"https:\/\/vitablanca.ma\/wp-content\/uploads\/2025\/06\/eucerin-volume-filler-yeux-15-ml-parapharmacie-enligne-prix-maroc1.jpg","width":800,"height":800},{"@type":"BreadcrumbList","@id":"https:\/\/vitablanca.ma\/produit\/eucerin-hyaluron-filler-volume-lift-soin-contour-des-yeux-15ml\/#breadcrumb","itemListElement":[{"@type":"ListItem","position":1,"name":"Home","item":"https:\/\/vitablanca.ma\/"},{"@type":"ListItem","position":2,"name":"Tous Les Produits","item":"https:\/\/vitablanca.ma\/tous-les-produits\/"},{"@type":"ListItem","position":3,"name":"Eucerin HYALURON-FILLER + VOLUME-LIFT Soin Contour des Yeux 15ml"}]},{"@type":"WebSite","@id":"https:\/\/vitablanca.ma\/#website","url":"https:\/\/vitablanca.ma\/","name":"VitaBlanca.ma | Food supplements, health &amp; beauty in Morocco","description":"sell premium vitamins and supplements from USA &amp; Canada, New Zealand, Morocco (NOW Foods, Solgar, Manuka). Fast delivery anywhere in Morocco.","publisher":{"@id":"https:\/\/vitablanca.ma\/#organization"},"alternateName":"VitaBlanca.ma","potentialAction":[{"@type":"SearchAction","target":{"@type":"EntryPoint","urlTemplate":"https:\/\/vitablanca.ma\/?s={search_term_string}"},"query-input":{"@type":"PropertyValueSpecification","valueRequired":true,"valueName":"search_term_string"}}],"inLanguage":"en-US"},{"@type":"Organization","@id":"https:\/\/vitablanca.ma\/#organization","name":"VitaBlanca","url":"https:\/\/vitablanca.ma\/","logo":{"@type":"ImageObject","inLanguage":"en-US","@id":"https:\/\/vitablanca.ma\/#\/schema\/logo\/image\/","url":"https:\/\/vitablanca.ma\/wp-content\/uploads\/2025\/05\/cropped-vitablanca.png","contentUrl":"https:\/\/vitablanca.ma\/wp-content\/uploads\/2025\/05\/cropped-vitablanca.png","width":360,"height":67,"caption":"VitaBlanca"},"image":{"@id":"https:\/\/vitablanca.ma\/#\/schema\/logo\/image\/"},"sameAs":["https:\/\/www.facebook.com\/profile.php?id=61576678196717","https:\/\/www.tiktok.com\/@vitablanca.ma","https:\/\/www.instagram.com\/vitablanca.ma\/"]}]}},"jetpack_sharing_enabled":true,"_links":{"self":[{"href":"https:\/\/vitablanca.ma\/en\/wp-json\/wp\/v2\/product\/17890","targetHints":{"allow":["GET"]}}],"collection":[{"href":"https:\/\/vitablanca.ma\/en\/wp-json\/wp\/v2\/product"}],"about":[{"href":"https:\/\/vitablanca.ma\/en\/wp-json\/wp\/v2\/types\/product"}],"wp:featuredmedia":[{"embeddable":true,"href":"https:\/\/vitablanca.ma\/en\/wp-json\/wp\/v2\/media\/17883"}],"wp:attachment":[{"href":"https:\/\/vitablanca.ma\/en\/wp-json\/wp\/v2\/media?parent=17890"}],"wp:term":[{"taxonomy":"product_brand","embeddable":true,"href":"https:\/\/vitablanca.ma\/en\/wp-json\/wp\/v2\/product_brand?post=17890"},{"taxonomy":"product_cat","embeddable":true,"href":"https:\/\/vitablanca.ma\/en\/wp-json\/wp\/v2\/product_cat?post=17890"},{"taxonomy":"product_tag","embeddable":true,"href":"https:\/\/vitablanca.ma\/en\/wp-json\/wp\/v2\/product_tag?post=17890"}],"curies":[{"name":"wp","href":"https:\/\/api.w.org\/{rel}","templated":true}]}}