{"id":17884,"date":"2025-06-10T17:10:22","date_gmt":"2025-06-10T17:10:22","guid":{"rendered":"https:\/\/vitablanca.ma\/product\/elgydium-clinic-recharge-brossettes-interdentaires-2-7-3-5-mm\/"},"modified":"2026-01-21T18:04:55","modified_gmt":"2026-01-21T18:04:55","slug":"elgydium-clinic-recharge-brossettes-interdentaires-2-7-3-5-mm","status":"publish","type":"product","link":"https:\/\/vitablanca.ma\/en\/product\/elgydium-clinic-recharge-brossettes-interdentaires-2-7-3-5-mm\/","title":{"rendered":"ELGYDIUM Clinic Interdental Brush Refill 2.7-3.5 mm"},"content":{"rendered":"<div data-mce-fragment=\"1\" class=\"main-container\">\n<div data-mce-fragment=\"1\" class=\"desc\">\n<div data-mce-fragment=\"1\" class=\"field field-name-field-oralcare-prod-description field-type-text-with-summary field-label-hidden\">\n<div data-mce-fragment=\"1\" class=\"field-items\">\n<div data-mce-fragment=\"1\" class=\"field-item even\">\n<h2 data-mce-fragment=\"1\">ELGYDIUM Clinic Interdental Brush Refill <span data-mce-fragment=\"1\">Flexible and durable stem<\/span><br \/>\n<\/h2>\n<p data-mce-fragment=\"1\">ELGYDIUM CLINIC INTERDENTAL BRUSHES refills fit both ELGYDIUM CLINIC TRIO COMPACT and ELGYDIUM CLINIC FLEX handles. They are available in 6 sizes. Each one has a specific color, strand size (from 0.38 to 0.80 mm) and brush head size (from 1.9 to 8 mm) to adapt to the size of each person&#039;s interdental spaces.<\/p>\n<\/div>\n<\/div>\n<\/div>\n<\/div>\n<\/div>\n<h3>HOW TO USE IT<\/h3>\n<div class=\"collapsible\">\n<div class=\"field field-name-field-oralcare-prod-use field-type-text-with-summary field-label-hidden\">\n<div class=\"field-items\">\n<div class=\"field-item even\">\n<p>Moisten the brush and gently insert it, holding it slightly tilted forward.<\/p>\n<p>Make a small circular motion to facilitate insertion.<\/p>\n<p>Perform a back and forth motion.<\/p>\n<p>Rinse well after use.<\/p>\n<\/div>\n<\/div>\n<\/div>\n<\/div>\n<h3>THE DENTAL SURGEON&#039;S OPINION<\/h3>\n<div class=\"collapsible\">\n<div class=\"field field-name-field-oralcare-prod-pro field-type-text-with-summary field-label-hidden\">\n<div class=\"field-items\">\n<div class=\"field-item even\">\n<p>Interdental brushes, or dental floss, are essential for daily use to remove food debris stuck between teeth and prevent plaque from forming in these spaces.<\/p>\n<p>This interdental hygiene is particularly important for people who have exposed dental necks, implants, or orthodontic appliances.<\/p>\n<\/div>\n<\/div>\n<\/div>\n<\/div>","protected":false},"excerpt":{"rendered":"<p>ELGYDIUM Clinic Recharge Brossettes Interdentaires Tige flexible et r\u00e9sistante Les recharges ELGYDIUM CLINIC BROSSETTES INTERDENTAIRES s&rsquo;adaptent \u00e0 la fois sur les manches ELGYDIUM CLINIC TRIO COMPACT ou ELGYDIUM CLINIC FLEX. Elles existent en 6 tailles. \u00c0 chacune correspond une couleur, et une taille de toron (de 0,38 \u00e0 0,80 mm) et de brossette (de 1,9 [&hellip;]<\/p>\n","protected":false},"featured_media":17880,"template":"","meta":{"om_disable_all_campaigns":false},"product_brand":[5989],"product_cat":[18,15],"product_tag":[],"class_list":{"0":"post-17884","1":"product","2":"type-product","3":"status-publish","4":"has-post-thumbnail","6":"product_brand-elgydium-original-maroc-au-meilleur-prix","7":"product_cat-beaute-sante","8":"product_cat-beaute-sante-complements-alimentaires-soins-et-bien-etre-au-meilleur-prix","10":"first","11":"instock","12":"sale","13":"taxable","14":"shipping-taxable","15":"purchasable","16":"product-type-simple"},"yoast_head":"<!-- This site is optimized with the Yoast SEO plugin v27.3 - https:\/\/yoast.com\/product\/yoast-seo-wordpress\/ -->\n<title>ELGYDIUM Clinic Recharge Brossettes Interdentaires 2.7-3.5 mm - Maroc Prix<\/title>\n<meta name=\"description\" content=\"ELGYDIUM Clinic Recharge Brossettes Interdentaires 2.7-3.5 mm\" \/>\n<meta name=\"robots\" content=\"index, follow, max-snippet:-1, max-image-preview:large, max-video-preview:-1\" \/>\n<link rel=\"canonical\" href=\"https:\/\/vitablanca.ma\/en\/product\/elgydium-clinic-recharge-brossettes-interdentaires-2-7-3-5-mm\/\" \/>\n<meta property=\"og:locale\" content=\"en_US\" \/>\n<meta property=\"og:type\" content=\"article\" \/>\n<meta property=\"og:title\" content=\"ELGYDIUM Clinic Recharge Brossettes Interdentaires 2.7-3.5 mm - Maroc Prix\" \/>\n<meta property=\"og:description\" content=\"ELGYDIUM Clinic Recharge Brossettes Interdentaires 2.7-3.5 mm\" \/>\n<meta property=\"og:url\" content=\"https:\/\/vitablanca.ma\/en\/product\/elgydium-clinic-recharge-brossettes-interdentaires-2-7-3-5-mm\/\" \/>\n<meta property=\"og:site_name\" content=\"Vitablanca.ma &ndash; Sant&eacute;, vitalit&eacute; et bien-&ecirc;tre pour tous les Marocains\" \/>\n<meta property=\"article:publisher\" content=\"https:\/\/www.facebook.com\/profile.php?id=61576678196717\" \/>\n<meta property=\"article:modified_time\" content=\"2026-01-21T18:04:55+00:00\" \/>\n<meta property=\"og:image\" content=\"https:\/\/vitablanca.ma\/wp-content\/uploads\/2025\/06\/ELGYDIUM-Clinic-Recharge-Brossettes-Interdentaires-2.7-3.5-mm-nova-parapharmacie-maroc.png\" \/>\n\t<meta property=\"og:image:width\" content=\"1000\" \/>\n\t<meta property=\"og:image:height\" content=\"1000\" \/>\n\t<meta property=\"og:image:type\" content=\"image\/png\" \/>\n<meta name=\"twitter:card\" content=\"summary_large_image\" \/>\n<meta name=\"twitter:label1\" content=\"Est. reading time\" \/>\n\t<meta name=\"twitter:data1\" content=\"1 minute\" \/>\n<script type=\"application\/ld+json\" class=\"yoast-schema-graph\">{\"@context\":\"https:\\\/\\\/schema.org\",\"@graph\":[{\"@type\":[\"WebPage\",\"ItemPage\"],\"@id\":\"https:\\\/\\\/vitablanca.ma\\\/produit\\\/elgydium-clinic-recharge-brossettes-interdentaires-2-7-3-5-mm\\\/\",\"url\":\"https:\\\/\\\/vitablanca.ma\\\/produit\\\/elgydium-clinic-recharge-brossettes-interdentaires-2-7-3-5-mm\\\/\",\"name\":\"ELGYDIUM Clinic Recharge Brossettes Interdentaires 2.7-3.5 mm - Maroc Prix\",\"isPartOf\":{\"@id\":\"https:\\\/\\\/vitablanca.ma\\\/#website\"},\"primaryImageOfPage\":{\"@id\":\"https:\\\/\\\/vitablanca.ma\\\/produit\\\/elgydium-clinic-recharge-brossettes-interdentaires-2-7-3-5-mm\\\/#primaryimage\"},\"image\":{\"@id\":\"https:\\\/\\\/vitablanca.ma\\\/produit\\\/elgydium-clinic-recharge-brossettes-interdentaires-2-7-3-5-mm\\\/#primaryimage\"},\"thumbnailUrl\":\"https:\\\/\\\/vitablanca.ma\\\/wp-content\\\/uploads\\\/2025\\\/06\\\/ELGYDIUM-Clinic-Recharge-Brossettes-Interdentaires-2.7-3.5-mm-nova-parapharmacie-maroc.png\",\"datePublished\":\"2025-06-10T17:10:22+00:00\",\"dateModified\":\"2026-01-21T18:04:55+00:00\",\"description\":\"ELGYDIUM Clinic Recharge Brossettes Interdentaires 2.7-3.5 mm\",\"breadcrumb\":{\"@id\":\"https:\\\/\\\/vitablanca.ma\\\/produit\\\/elgydium-clinic-recharge-brossettes-interdentaires-2-7-3-5-mm\\\/#breadcrumb\"},\"inLanguage\":\"en-US\",\"potentialAction\":[{\"@type\":\"ReadAction\",\"target\":[\"https:\\\/\\\/vitablanca.ma\\\/produit\\\/elgydium-clinic-recharge-brossettes-interdentaires-2-7-3-5-mm\\\/\"]}]},{\"@type\":\"ImageObject\",\"inLanguage\":\"en-US\",\"@id\":\"https:\\\/\\\/vitablanca.ma\\\/produit\\\/elgydium-clinic-recharge-brossettes-interdentaires-2-7-3-5-mm\\\/#primaryimage\",\"url\":\"https:\\\/\\\/vitablanca.ma\\\/wp-content\\\/uploads\\\/2025\\\/06\\\/ELGYDIUM-Clinic-Recharge-Brossettes-Interdentaires-2.7-3.5-mm-nova-parapharmacie-maroc.png\",\"contentUrl\":\"https:\\\/\\\/vitablanca.ma\\\/wp-content\\\/uploads\\\/2025\\\/06\\\/ELGYDIUM-Clinic-Recharge-Brossettes-Interdentaires-2.7-3.5-mm-nova-parapharmacie-maroc.png\",\"width\":1000,\"height\":1000},{\"@type\":\"BreadcrumbList\",\"@id\":\"https:\\\/\\\/vitablanca.ma\\\/produit\\\/elgydium-clinic-recharge-brossettes-interdentaires-2-7-3-5-mm\\\/#breadcrumb\",\"itemListElement\":[{\"@type\":\"ListItem\",\"position\":1,\"name\":\"Home\",\"item\":\"https:\\\/\\\/vitablanca.ma\\\/\"},{\"@type\":\"ListItem\",\"position\":2,\"name\":\"Tous Les Produits\",\"item\":\"https:\\\/\\\/vitablanca.ma\\\/tous-les-produits\\\/\"},{\"@type\":\"ListItem\",\"position\":3,\"name\":\"ELGYDIUM Clinic Recharge Brossettes Interdentaires 2.7-3.5 mm\"}]},{\"@type\":\"WebSite\",\"@id\":\"https:\\\/\\\/vitablanca.ma\\\/#website\",\"url\":\"https:\\\/\\\/vitablanca.ma\\\/\",\"name\":\"VitaBlanca.ma | Compl\u00e9ments alimentaires, sant\u00e9 & beaut\u00e9 au Maroc\",\"description\":\"vendre vitamines et compl\u00e9ments premium des USA &amp; Canada, Nouvelle Z\u00e9lande,Maroc (NOW Foods, Solgar, Manuka). Livraison rapide partout au Maroc.\",\"publisher\":{\"@id\":\"https:\\\/\\\/vitablanca.ma\\\/#organization\"},\"alternateName\":\"VitaBlanca.ma\",\"potentialAction\":[{\"@type\":\"SearchAction\",\"target\":{\"@type\":\"EntryPoint\",\"urlTemplate\":\"https:\\\/\\\/vitablanca.ma\\\/?s={search_term_string}\"},\"query-input\":{\"@type\":\"PropertyValueSpecification\",\"valueRequired\":true,\"valueName\":\"search_term_string\"}}],\"inLanguage\":\"en-US\"},{\"@type\":\"Organization\",\"@id\":\"https:\\\/\\\/vitablanca.ma\\\/#organization\",\"name\":\"VitaBlanca\",\"url\":\"https:\\\/\\\/vitablanca.ma\\\/\",\"logo\":{\"@type\":\"ImageObject\",\"inLanguage\":\"en-US\",\"@id\":\"https:\\\/\\\/vitablanca.ma\\\/#\\\/schema\\\/logo\\\/image\\\/\",\"url\":\"https:\\\/\\\/vitablanca.ma\\\/wp-content\\\/uploads\\\/2025\\\/05\\\/cropped-vitablanca.png\",\"contentUrl\":\"https:\\\/\\\/vitablanca.ma\\\/wp-content\\\/uploads\\\/2025\\\/05\\\/cropped-vitablanca.png\",\"width\":360,\"height\":67,\"caption\":\"VitaBlanca\"},\"image\":{\"@id\":\"https:\\\/\\\/vitablanca.ma\\\/#\\\/schema\\\/logo\\\/image\\\/\"},\"sameAs\":[\"https:\\\/\\\/www.facebook.com\\\/profile.php?id=61576678196717\",\"https:\\\/\\\/www.tiktok.com\\\/@vitablanca.ma\",\"https:\\\/\\\/www.instagram.com\\\/vitablanca.ma\\\/\"]}]}<\/script>\n<!-- \/ Yoast SEO plugin. -->","yoast_head_json":{"title":"ELGYDIUM Clinic Interdental Brush Refill 2.7-3.5 mm - Morocco Price","description":"ELGYDIUM Clinic Interdental Brush Refill 2.7-3.5 mm","robots":{"index":"index","follow":"follow","max-snippet":"max-snippet:-1","max-image-preview":"max-image-preview:large","max-video-preview":"max-video-preview:-1"},"canonical":"https:\/\/vitablanca.ma\/en\/product\/elgydium-clinic-recharge-brossettes-interdentaires-2-7-3-5-mm\/","og_locale":"en_US","og_type":"article","og_title":"ELGYDIUM Clinic Recharge Brossettes Interdentaires 2.7-3.5 mm - Maroc Prix","og_description":"ELGYDIUM Clinic Recharge Brossettes Interdentaires 2.7-3.5 mm","og_url":"https:\/\/vitablanca.ma\/en\/product\/elgydium-clinic-recharge-brossettes-interdentaires-2-7-3-5-mm\/","og_site_name":"Vitablanca.ma &ndash; Sant&eacute;, vitalit&eacute; et bien-&ecirc;tre pour tous les Marocains","article_publisher":"https:\/\/www.facebook.com\/profile.php?id=61576678196717","article_modified_time":"2026-01-21T18:04:55+00:00","og_image":[{"width":1000,"height":1000,"url":"https:\/\/vitablanca.ma\/wp-content\/uploads\/2025\/06\/ELGYDIUM-Clinic-Recharge-Brossettes-Interdentaires-2.7-3.5-mm-nova-parapharmacie-maroc.png","type":"image\/png"}],"twitter_card":"summary_large_image","twitter_misc":{"Est. reading time":"1 minute"},"schema":{"@context":"https:\/\/schema.org","@graph":[{"@type":["WebPage","ItemPage"],"@id":"https:\/\/vitablanca.ma\/produit\/elgydium-clinic-recharge-brossettes-interdentaires-2-7-3-5-mm\/","url":"https:\/\/vitablanca.ma\/produit\/elgydium-clinic-recharge-brossettes-interdentaires-2-7-3-5-mm\/","name":"ELGYDIUM Clinic Interdental Brush Refill 2.7-3.5 mm - Morocco Price","isPartOf":{"@id":"https:\/\/vitablanca.ma\/#website"},"primaryImageOfPage":{"@id":"https:\/\/vitablanca.ma\/produit\/elgydium-clinic-recharge-brossettes-interdentaires-2-7-3-5-mm\/#primaryimage"},"image":{"@id":"https:\/\/vitablanca.ma\/produit\/elgydium-clinic-recharge-brossettes-interdentaires-2-7-3-5-mm\/#primaryimage"},"thumbnailUrl":"https:\/\/vitablanca.ma\/wp-content\/uploads\/2025\/06\/ELGYDIUM-Clinic-Recharge-Brossettes-Interdentaires-2.7-3.5-mm-nova-parapharmacie-maroc.png","datePublished":"2025-06-10T17:10:22+00:00","dateModified":"2026-01-21T18:04:55+00:00","description":"ELGYDIUM Clinic Interdental Brush Refill 2.7-3.5 mm","breadcrumb":{"@id":"https:\/\/vitablanca.ma\/produit\/elgydium-clinic-recharge-brossettes-interdentaires-2-7-3-5-mm\/#breadcrumb"},"inLanguage":"en-US","potentialAction":[{"@type":"ReadAction","target":["https:\/\/vitablanca.ma\/produit\/elgydium-clinic-recharge-brossettes-interdentaires-2-7-3-5-mm\/"]}]},{"@type":"ImageObject","inLanguage":"en-US","@id":"https:\/\/vitablanca.ma\/produit\/elgydium-clinic-recharge-brossettes-interdentaires-2-7-3-5-mm\/#primaryimage","url":"https:\/\/vitablanca.ma\/wp-content\/uploads\/2025\/06\/ELGYDIUM-Clinic-Recharge-Brossettes-Interdentaires-2.7-3.5-mm-nova-parapharmacie-maroc.png","contentUrl":"https:\/\/vitablanca.ma\/wp-content\/uploads\/2025\/06\/ELGYDIUM-Clinic-Recharge-Brossettes-Interdentaires-2.7-3.5-mm-nova-parapharmacie-maroc.png","width":1000,"height":1000},{"@type":"BreadcrumbList","@id":"https:\/\/vitablanca.ma\/produit\/elgydium-clinic-recharge-brossettes-interdentaires-2-7-3-5-mm\/#breadcrumb","itemListElement":[{"@type":"ListItem","position":1,"name":"Home","item":"https:\/\/vitablanca.ma\/"},{"@type":"ListItem","position":2,"name":"Tous Les Produits","item":"https:\/\/vitablanca.ma\/tous-les-produits\/"},{"@type":"ListItem","position":3,"name":"ELGYDIUM Clinic Recharge Brossettes Interdentaires 2.7-3.5 mm"}]},{"@type":"WebSite","@id":"https:\/\/vitablanca.ma\/#website","url":"https:\/\/vitablanca.ma\/","name":"VitaBlanca.ma | Food supplements, health &amp; beauty in Morocco","description":"sell premium vitamins and supplements from USA &amp; Canada, New Zealand, Morocco (NOW Foods, Solgar, Manuka). Fast delivery anywhere in Morocco.","publisher":{"@id":"https:\/\/vitablanca.ma\/#organization"},"alternateName":"VitaBlanca.ma","potentialAction":[{"@type":"SearchAction","target":{"@type":"EntryPoint","urlTemplate":"https:\/\/vitablanca.ma\/?s={search_term_string}"},"query-input":{"@type":"PropertyValueSpecification","valueRequired":true,"valueName":"search_term_string"}}],"inLanguage":"en-US"},{"@type":"Organization","@id":"https:\/\/vitablanca.ma\/#organization","name":"VitaBlanca","url":"https:\/\/vitablanca.ma\/","logo":{"@type":"ImageObject","inLanguage":"en-US","@id":"https:\/\/vitablanca.ma\/#\/schema\/logo\/image\/","url":"https:\/\/vitablanca.ma\/wp-content\/uploads\/2025\/05\/cropped-vitablanca.png","contentUrl":"https:\/\/vitablanca.ma\/wp-content\/uploads\/2025\/05\/cropped-vitablanca.png","width":360,"height":67,"caption":"VitaBlanca"},"image":{"@id":"https:\/\/vitablanca.ma\/#\/schema\/logo\/image\/"},"sameAs":["https:\/\/www.facebook.com\/profile.php?id=61576678196717","https:\/\/www.tiktok.com\/@vitablanca.ma","https:\/\/www.instagram.com\/vitablanca.ma\/"]}]}},"jetpack_sharing_enabled":true,"_links":{"self":[{"href":"https:\/\/vitablanca.ma\/en\/wp-json\/wp\/v2\/product\/17884","targetHints":{"allow":["GET"]}}],"collection":[{"href":"https:\/\/vitablanca.ma\/en\/wp-json\/wp\/v2\/product"}],"about":[{"href":"https:\/\/vitablanca.ma\/en\/wp-json\/wp\/v2\/types\/product"}],"wp:featuredmedia":[{"embeddable":true,"href":"https:\/\/vitablanca.ma\/en\/wp-json\/wp\/v2\/media\/17880"}],"wp:attachment":[{"href":"https:\/\/vitablanca.ma\/en\/wp-json\/wp\/v2\/media?parent=17884"}],"wp:term":[{"taxonomy":"product_brand","embeddable":true,"href":"https:\/\/vitablanca.ma\/en\/wp-json\/wp\/v2\/product_brand?post=17884"},{"taxonomy":"product_cat","embeddable":true,"href":"https:\/\/vitablanca.ma\/en\/wp-json\/wp\/v2\/product_cat?post=17884"},{"taxonomy":"product_tag","embeddable":true,"href":"https:\/\/vitablanca.ma\/en\/wp-json\/wp\/v2\/product_tag?post=17884"}],"curies":[{"name":"wp","href":"https:\/\/api.w.org\/{rel}","templated":true}]}}