{"id":17882,"date":"2025-06-10T17:10:16","date_gmt":"2025-06-10T17:10:16","guid":{"rendered":"https:\/\/vitablanca.ma\/product\/eucerin-hyaluron-filler-volume-lift-soin-de-jour-peau-normale-a-mixte-50ml\/"},"modified":"2026-01-21T23:25:19","modified_gmt":"2026-01-21T23:25:19","slug":"eucerin-hyaluron-filler-volume-lift-soin-de-jour-peau-normale-a-mixte-50ml","status":"publish","type":"product","link":"https:\/\/vitablanca.ma\/en\/product\/eucerin-hyaluron-filler-volume-lift-soin-de-jour-peau-normale-a-mixte-50ml\/","title":{"rendered":"Eucerin HYALURON-FILLER + VOLUME-LIFT Day Cream Normal to Combination Skin 50ml"},"content":{"rendered":"<h2>Eucerin HYALURON-FILLER + VOLUME-LIFT Day Care for Normal to Combination Skin.<\/h2>\n<p class=\"hdl-3\">Volumizing day cream for normal to combination skin with UVA\/UVB protection SPF 15<\/p>\n<div class=\"text\">\n<p>Volumizing day care for normal to combination skin.<br \/>Contains SPF15 sun protection and UVA filters to protect skin from photoaging.<br \/>50ml.<\/p>\n<h2 class=\"uk-accordion-title\">About Day care for normal and combination skin<\/h2>\n<div class=\"uk-accordion-content\">\n<section class=\"eucerin-cp cp-text right\">\n<div class=\"text\">\n<p>EUCERIN HYALURON-FILLER + VOLUME-LIFT Day Care for Normal to Combination Skin contains three active ingredients specially recognized for their actions against<span>\u00a0<\/span>loss of volume, and sagging skin.<\/p>\n<p>Active ingredient derived from nature, the<span>\u00a0<\/span>Magnolol<span>\u00a0<\/span>increases the size and number of cells responsible for skin volume. On the other hand,<span>\u00a0<\/span>Oligo Peptides,<span>\u00a0<\/span>anise extract, strengthen the collagen fiber network and boost its renewal.*<span>\u00a0<\/span>Hyaluronic Acid also improves the skin&#039;s ability to retain water to plump the skin&#039;s surface and reduce wrinkles.<\/p>\n<h3 class=\"hdl-3\">Directions for use<\/h3>\n<div class=\"text\">\n<section class=\"eucerin-cp cp-image\"><\/section>\n<ul>\n<li>Apply to well-cleansed skin.<\/li>\n<li>Apply to face, neck and d\u00e9collet\u00e9.<\/li>\n<li>Massage in using firm movements and moving upwards towards the top of the face until the product is absorbed.<\/li>\n<li>Then apply<span>\u00a0<\/span>EUCERIN HYALURON-FILLER + VOLUME-LIFT Eye Contour Care Wait five to ten minutes before applying makeup to allow the treatment time to absorb into the skin.<\/li>\n<\/ul>\n<\/div>\n<\/div>\n<\/section>\n<\/div>\n<\/div>","protected":false},"excerpt":{"rendered":"<p>Eucerin HYALURON-FILLER + VOLUME-LIFT Soin de Jour Peau Normale \u00e0 Mixte. Soin de jour volumisateur pour peaux normales \u00e0 mixte avec protection UVA\/UVB SPF\u00a015 Soin de jour volumisateur pour peaux normales \u00e0 mixtes.Contient une protection solaire SPF15 et des filtres UVA pour prot\u00e9ger la peau du photovieillissement.50ml. \u00c0 propos de Soin de jour peau normale [&hellip;]<\/p>\n","protected":false},"featured_media":17876,"template":"","meta":{"om_disable_all_campaigns":false},"product_brand":[5994],"product_cat":[18,15],"product_tag":[],"class_list":{"0":"post-17882","1":"product","2":"type-product","3":"status-publish","4":"has-post-thumbnail","6":"product_brand-eucerin-maroc-prix","7":"product_cat-beaute-sante","8":"product_cat-beaute-sante-complements-alimentaires-soins-et-bien-etre-au-meilleur-prix","10":"first","11":"instock","12":"sale","13":"taxable","14":"shipping-taxable","15":"purchasable","16":"product-type-simple"},"yoast_head":"<!-- This site is optimized with the Yoast SEO plugin v27.3 - https:\/\/yoast.com\/product\/yoast-seo-wordpress\/ -->\n<title>Eucerin HYALURON-FILLER + VOLUME-LIFT Soin de Jour Peau Normale \u00e0 Mixte 50ml - Maroc Prix<\/title>\n<meta name=\"description\" content=\"Eucerin HYALURON-FILLER + VOLUME-LIFT Soin de Jour Peau Normale \u00e0 Mixte 50ml\" \/>\n<meta name=\"robots\" content=\"index, follow, max-snippet:-1, max-image-preview:large, max-video-preview:-1\" \/>\n<link rel=\"canonical\" href=\"https:\/\/vitablanca.ma\/en\/product\/eucerin-hyaluron-filler-volume-lift-soin-de-jour-peau-normale-a-mixte-50ml\/\" \/>\n<meta property=\"og:locale\" content=\"en_US\" \/>\n<meta property=\"og:type\" content=\"article\" \/>\n<meta property=\"og:title\" content=\"Eucerin HYALURON-FILLER + VOLUME-LIFT Soin de Jour Peau Normale \u00e0 Mixte 50ml - Maroc Prix\" \/>\n<meta property=\"og:description\" content=\"Eucerin HYALURON-FILLER + VOLUME-LIFT Soin de Jour Peau Normale \u00e0 Mixte 50ml\" \/>\n<meta property=\"og:url\" content=\"https:\/\/vitablanca.ma\/en\/product\/eucerin-hyaluron-filler-volume-lift-soin-de-jour-peau-normale-a-mixte-50ml\/\" \/>\n<meta property=\"og:site_name\" content=\"Vitablanca.ma &ndash; Sant&eacute;, vitalit&eacute; et bien-&ecirc;tre pour tous les Marocains\" \/>\n<meta property=\"article:publisher\" content=\"https:\/\/www.facebook.com\/profile.php?id=61576678196717\" \/>\n<meta property=\"article:modified_time\" content=\"2026-01-21T23:25:19+00:00\" \/>\n<meta property=\"og:image\" content=\"https:\/\/vitablanca.ma\/wp-content\/uploads\/2025\/06\/Eucerin-HYALURON-FILLER-_-VOLUME-LIFT-Soin-de-Jour-Peau-Normale-a-Mixte-50ml-nova-parapharmacie-casablanca.jpg\" \/>\n\t<meta property=\"og:image:width\" content=\"1000\" \/>\n\t<meta property=\"og:image:height\" content=\"1000\" \/>\n\t<meta property=\"og:image:type\" content=\"image\/jpeg\" \/>\n<meta name=\"twitter:card\" content=\"summary_large_image\" \/>\n<meta name=\"twitter:label1\" content=\"Est. reading time\" \/>\n\t<meta name=\"twitter:data1\" content=\"1 minute\" \/>\n<script type=\"application\/ld+json\" class=\"yoast-schema-graph\">{\"@context\":\"https:\\\/\\\/schema.org\",\"@graph\":[{\"@type\":[\"WebPage\",\"ItemPage\"],\"@id\":\"https:\\\/\\\/vitablanca.ma\\\/produit\\\/eucerin-hyaluron-filler-volume-lift-soin-de-jour-peau-normale-a-mixte-50ml\\\/\",\"url\":\"https:\\\/\\\/vitablanca.ma\\\/produit\\\/eucerin-hyaluron-filler-volume-lift-soin-de-jour-peau-normale-a-mixte-50ml\\\/\",\"name\":\"Eucerin HYALURON-FILLER + VOLUME-LIFT Soin de Jour Peau Normale \u00e0 Mixte 50ml - Maroc Prix\",\"isPartOf\":{\"@id\":\"https:\\\/\\\/vitablanca.ma\\\/#website\"},\"primaryImageOfPage\":{\"@id\":\"https:\\\/\\\/vitablanca.ma\\\/produit\\\/eucerin-hyaluron-filler-volume-lift-soin-de-jour-peau-normale-a-mixte-50ml\\\/#primaryimage\"},\"image\":{\"@id\":\"https:\\\/\\\/vitablanca.ma\\\/produit\\\/eucerin-hyaluron-filler-volume-lift-soin-de-jour-peau-normale-a-mixte-50ml\\\/#primaryimage\"},\"thumbnailUrl\":\"https:\\\/\\\/vitablanca.ma\\\/wp-content\\\/uploads\\\/2025\\\/06\\\/Eucerin-HYALURON-FILLER-_-VOLUME-LIFT-Soin-de-Jour-Peau-Normale-a-Mixte-50ml-nova-parapharmacie-casablanca.jpg\",\"datePublished\":\"2025-06-10T17:10:16+00:00\",\"dateModified\":\"2026-01-21T23:25:19+00:00\",\"description\":\"Eucerin HYALURON-FILLER + VOLUME-LIFT Soin de Jour Peau Normale \u00e0 Mixte 50ml\",\"breadcrumb\":{\"@id\":\"https:\\\/\\\/vitablanca.ma\\\/produit\\\/eucerin-hyaluron-filler-volume-lift-soin-de-jour-peau-normale-a-mixte-50ml\\\/#breadcrumb\"},\"inLanguage\":\"en-US\",\"potentialAction\":[{\"@type\":\"ReadAction\",\"target\":[\"https:\\\/\\\/vitablanca.ma\\\/produit\\\/eucerin-hyaluron-filler-volume-lift-soin-de-jour-peau-normale-a-mixte-50ml\\\/\"]}]},{\"@type\":\"ImageObject\",\"inLanguage\":\"en-US\",\"@id\":\"https:\\\/\\\/vitablanca.ma\\\/produit\\\/eucerin-hyaluron-filler-volume-lift-soin-de-jour-peau-normale-a-mixte-50ml\\\/#primaryimage\",\"url\":\"https:\\\/\\\/vitablanca.ma\\\/wp-content\\\/uploads\\\/2025\\\/06\\\/Eucerin-HYALURON-FILLER-_-VOLUME-LIFT-Soin-de-Jour-Peau-Normale-a-Mixte-50ml-nova-parapharmacie-casablanca.jpg\",\"contentUrl\":\"https:\\\/\\\/vitablanca.ma\\\/wp-content\\\/uploads\\\/2025\\\/06\\\/Eucerin-HYALURON-FILLER-_-VOLUME-LIFT-Soin-de-Jour-Peau-Normale-a-Mixte-50ml-nova-parapharmacie-casablanca.jpg\",\"width\":1000,\"height\":1000},{\"@type\":\"BreadcrumbList\",\"@id\":\"https:\\\/\\\/vitablanca.ma\\\/produit\\\/eucerin-hyaluron-filler-volume-lift-soin-de-jour-peau-normale-a-mixte-50ml\\\/#breadcrumb\",\"itemListElement\":[{\"@type\":\"ListItem\",\"position\":1,\"name\":\"Home\",\"item\":\"https:\\\/\\\/vitablanca.ma\\\/\"},{\"@type\":\"ListItem\",\"position\":2,\"name\":\"Tous Les Produits\",\"item\":\"https:\\\/\\\/vitablanca.ma\\\/tous-les-produits\\\/\"},{\"@type\":\"ListItem\",\"position\":3,\"name\":\"Eucerin HYALURON-FILLER + VOLUME-LIFT Soin de Jour Peau Normale \u00e0 Mixte 50ml\"}]},{\"@type\":\"WebSite\",\"@id\":\"https:\\\/\\\/vitablanca.ma\\\/#website\",\"url\":\"https:\\\/\\\/vitablanca.ma\\\/\",\"name\":\"VitaBlanca.ma | Compl\u00e9ments alimentaires, sant\u00e9 & beaut\u00e9 au Maroc\",\"description\":\"vendre vitamines et compl\u00e9ments premium des USA &amp; Canada, Nouvelle Z\u00e9lande,Maroc (NOW Foods, Solgar, Manuka). Livraison rapide partout au Maroc.\",\"publisher\":{\"@id\":\"https:\\\/\\\/vitablanca.ma\\\/#organization\"},\"alternateName\":\"VitaBlanca.ma\",\"potentialAction\":[{\"@type\":\"SearchAction\",\"target\":{\"@type\":\"EntryPoint\",\"urlTemplate\":\"https:\\\/\\\/vitablanca.ma\\\/?s={search_term_string}\"},\"query-input\":{\"@type\":\"PropertyValueSpecification\",\"valueRequired\":true,\"valueName\":\"search_term_string\"}}],\"inLanguage\":\"en-US\"},{\"@type\":\"Organization\",\"@id\":\"https:\\\/\\\/vitablanca.ma\\\/#organization\",\"name\":\"VitaBlanca\",\"url\":\"https:\\\/\\\/vitablanca.ma\\\/\",\"logo\":{\"@type\":\"ImageObject\",\"inLanguage\":\"en-US\",\"@id\":\"https:\\\/\\\/vitablanca.ma\\\/#\\\/schema\\\/logo\\\/image\\\/\",\"url\":\"https:\\\/\\\/vitablanca.ma\\\/wp-content\\\/uploads\\\/2025\\\/05\\\/cropped-vitablanca.png\",\"contentUrl\":\"https:\\\/\\\/vitablanca.ma\\\/wp-content\\\/uploads\\\/2025\\\/05\\\/cropped-vitablanca.png\",\"width\":360,\"height\":67,\"caption\":\"VitaBlanca\"},\"image\":{\"@id\":\"https:\\\/\\\/vitablanca.ma\\\/#\\\/schema\\\/logo\\\/image\\\/\"},\"sameAs\":[\"https:\\\/\\\/www.facebook.com\\\/profile.php?id=61576678196717\",\"https:\\\/\\\/www.tiktok.com\\\/@vitablanca.ma\",\"https:\\\/\\\/www.instagram.com\\\/vitablanca.ma\\\/\"]}]}<\/script>\n<!-- \/ Yoast SEO plugin. -->","yoast_head_json":{"title":"Eucerin HYALURON-FILLER + VOLUME-LIFT Day Cream Normal to Combination Skin 50ml - Morocco Price","description":"Eucerin HYALURON-FILLER + VOLUME-LIFT Day Cream Normal to Combination Skin 50ml","robots":{"index":"index","follow":"follow","max-snippet":"max-snippet:-1","max-image-preview":"max-image-preview:large","max-video-preview":"max-video-preview:-1"},"canonical":"https:\/\/vitablanca.ma\/en\/product\/eucerin-hyaluron-filler-volume-lift-soin-de-jour-peau-normale-a-mixte-50ml\/","og_locale":"en_US","og_type":"article","og_title":"Eucerin HYALURON-FILLER + VOLUME-LIFT Soin de Jour Peau Normale \u00e0 Mixte 50ml - Maroc Prix","og_description":"Eucerin HYALURON-FILLER + VOLUME-LIFT Soin de Jour Peau Normale \u00e0 Mixte 50ml","og_url":"https:\/\/vitablanca.ma\/en\/product\/eucerin-hyaluron-filler-volume-lift-soin-de-jour-peau-normale-a-mixte-50ml\/","og_site_name":"Vitablanca.ma &ndash; Sant&eacute;, vitalit&eacute; et bien-&ecirc;tre pour tous les Marocains","article_publisher":"https:\/\/www.facebook.com\/profile.php?id=61576678196717","article_modified_time":"2026-01-21T23:25:19+00:00","og_image":[{"width":1000,"height":1000,"url":"https:\/\/vitablanca.ma\/wp-content\/uploads\/2025\/06\/Eucerin-HYALURON-FILLER-_-VOLUME-LIFT-Soin-de-Jour-Peau-Normale-a-Mixte-50ml-nova-parapharmacie-casablanca.jpg","type":"image\/jpeg"}],"twitter_card":"summary_large_image","twitter_misc":{"Est. reading time":"1 minute"},"schema":{"@context":"https:\/\/schema.org","@graph":[{"@type":["WebPage","ItemPage"],"@id":"https:\/\/vitablanca.ma\/produit\/eucerin-hyaluron-filler-volume-lift-soin-de-jour-peau-normale-a-mixte-50ml\/","url":"https:\/\/vitablanca.ma\/produit\/eucerin-hyaluron-filler-volume-lift-soin-de-jour-peau-normale-a-mixte-50ml\/","name":"Eucerin HYALURON-FILLER + VOLUME-LIFT Day Cream Normal to Combination Skin 50ml - Morocco Price","isPartOf":{"@id":"https:\/\/vitablanca.ma\/#website"},"primaryImageOfPage":{"@id":"https:\/\/vitablanca.ma\/produit\/eucerin-hyaluron-filler-volume-lift-soin-de-jour-peau-normale-a-mixte-50ml\/#primaryimage"},"image":{"@id":"https:\/\/vitablanca.ma\/produit\/eucerin-hyaluron-filler-volume-lift-soin-de-jour-peau-normale-a-mixte-50ml\/#primaryimage"},"thumbnailUrl":"https:\/\/vitablanca.ma\/wp-content\/uploads\/2025\/06\/Eucerin-HYALURON-FILLER-_-VOLUME-LIFT-Soin-de-Jour-Peau-Normale-a-Mixte-50ml-nova-parapharmacie-casablanca.jpg","datePublished":"2025-06-10T17:10:16+00:00","dateModified":"2026-01-21T23:25:19+00:00","description":"Eucerin HYALURON-FILLER + VOLUME-LIFT Day Cream Normal to Combination Skin 50ml","breadcrumb":{"@id":"https:\/\/vitablanca.ma\/produit\/eucerin-hyaluron-filler-volume-lift-soin-de-jour-peau-normale-a-mixte-50ml\/#breadcrumb"},"inLanguage":"en-US","potentialAction":[{"@type":"ReadAction","target":["https:\/\/vitablanca.ma\/produit\/eucerin-hyaluron-filler-volume-lift-soin-de-jour-peau-normale-a-mixte-50ml\/"]}]},{"@type":"ImageObject","inLanguage":"en-US","@id":"https:\/\/vitablanca.ma\/produit\/eucerin-hyaluron-filler-volume-lift-soin-de-jour-peau-normale-a-mixte-50ml\/#primaryimage","url":"https:\/\/vitablanca.ma\/wp-content\/uploads\/2025\/06\/Eucerin-HYALURON-FILLER-_-VOLUME-LIFT-Soin-de-Jour-Peau-Normale-a-Mixte-50ml-nova-parapharmacie-casablanca.jpg","contentUrl":"https:\/\/vitablanca.ma\/wp-content\/uploads\/2025\/06\/Eucerin-HYALURON-FILLER-_-VOLUME-LIFT-Soin-de-Jour-Peau-Normale-a-Mixte-50ml-nova-parapharmacie-casablanca.jpg","width":1000,"height":1000},{"@type":"BreadcrumbList","@id":"https:\/\/vitablanca.ma\/produit\/eucerin-hyaluron-filler-volume-lift-soin-de-jour-peau-normale-a-mixte-50ml\/#breadcrumb","itemListElement":[{"@type":"ListItem","position":1,"name":"Home","item":"https:\/\/vitablanca.ma\/"},{"@type":"ListItem","position":2,"name":"Tous Les Produits","item":"https:\/\/vitablanca.ma\/tous-les-produits\/"},{"@type":"ListItem","position":3,"name":"Eucerin HYALURON-FILLER + VOLUME-LIFT Soin de Jour Peau Normale \u00e0 Mixte 50ml"}]},{"@type":"WebSite","@id":"https:\/\/vitablanca.ma\/#website","url":"https:\/\/vitablanca.ma\/","name":"VitaBlanca.ma | Food supplements, health &amp; beauty in Morocco","description":"sell premium vitamins and supplements from USA &amp; Canada, New Zealand, Morocco (NOW Foods, Solgar, Manuka). Fast delivery anywhere in Morocco.","publisher":{"@id":"https:\/\/vitablanca.ma\/#organization"},"alternateName":"VitaBlanca.ma","potentialAction":[{"@type":"SearchAction","target":{"@type":"EntryPoint","urlTemplate":"https:\/\/vitablanca.ma\/?s={search_term_string}"},"query-input":{"@type":"PropertyValueSpecification","valueRequired":true,"valueName":"search_term_string"}}],"inLanguage":"en-US"},{"@type":"Organization","@id":"https:\/\/vitablanca.ma\/#organization","name":"VitaBlanca","url":"https:\/\/vitablanca.ma\/","logo":{"@type":"ImageObject","inLanguage":"en-US","@id":"https:\/\/vitablanca.ma\/#\/schema\/logo\/image\/","url":"https:\/\/vitablanca.ma\/wp-content\/uploads\/2025\/05\/cropped-vitablanca.png","contentUrl":"https:\/\/vitablanca.ma\/wp-content\/uploads\/2025\/05\/cropped-vitablanca.png","width":360,"height":67,"caption":"VitaBlanca"},"image":{"@id":"https:\/\/vitablanca.ma\/#\/schema\/logo\/image\/"},"sameAs":["https:\/\/www.facebook.com\/profile.php?id=61576678196717","https:\/\/www.tiktok.com\/@vitablanca.ma","https:\/\/www.instagram.com\/vitablanca.ma\/"]}]}},"jetpack_sharing_enabled":true,"_links":{"self":[{"href":"https:\/\/vitablanca.ma\/en\/wp-json\/wp\/v2\/product\/17882","targetHints":{"allow":["GET"]}}],"collection":[{"href":"https:\/\/vitablanca.ma\/en\/wp-json\/wp\/v2\/product"}],"about":[{"href":"https:\/\/vitablanca.ma\/en\/wp-json\/wp\/v2\/types\/product"}],"wp:featuredmedia":[{"embeddable":true,"href":"https:\/\/vitablanca.ma\/en\/wp-json\/wp\/v2\/media\/17876"}],"wp:attachment":[{"href":"https:\/\/vitablanca.ma\/en\/wp-json\/wp\/v2\/media?parent=17882"}],"wp:term":[{"taxonomy":"product_brand","embeddable":true,"href":"https:\/\/vitablanca.ma\/en\/wp-json\/wp\/v2\/product_brand?post=17882"},{"taxonomy":"product_cat","embeddable":true,"href":"https:\/\/vitablanca.ma\/en\/wp-json\/wp\/v2\/product_cat?post=17882"},{"taxonomy":"product_tag","embeddable":true,"href":"https:\/\/vitablanca.ma\/en\/wp-json\/wp\/v2\/product_tag?post=17882"}],"curies":[{"name":"wp","href":"https:\/\/api.w.org\/{rel}","templated":true}]}}