{"id":17875,"date":"2025-06-10T17:10:05","date_gmt":"2025-06-10T17:10:05","guid":{"rendered":"https:\/\/vitablanca.ma\/product\/eucerin-hyaluron-filler-vitamin-c-booster-8ml\/"},"modified":"2026-01-21T23:25:19","modified_gmt":"2026-01-21T23:25:19","slug":"eucerin-hyaluron-filler-vitamin-c-booster-8ml","status":"publish","type":"product","link":"https:\/\/vitablanca.ma\/en\/product\/eucerin-hyaluron-filler-vitamin-c-booster-8ml\/","title":{"rendered":"Eucerin HYALURON-FILLER Vitamin C booster 8ml"},"content":{"rendered":"<h2>Eucerin HYALURON-FILLER Anti-aging serum containing 10 % of pure, freshly activated vitamin C, suitable for all skin types.<\/h2>\n<p>Its 3x EFFECT formula:<\/p>\n<div data-mce-fragment=\"1\" class=\"text\">\n<p data-mce-fragment=\"1\">1- Plumps<br data-mce-fragment=\"1\">2- Strengthens<br data-mce-fragment=\"1\">3- Brings shine<\/p>\n<p data-mce-fragment=\"1\">An easily absorbed booster treatment that strengthens and smooths the skin while filling in wrinkles. Skin is fresher and more radiant in just seven days.<br data-mce-fragment=\"1\">Discover this booster treatment in two formats: a 10-day treatment (8ml) and a 30-day treatment (3 x 8ml).<\/p>\n<h2 class=\"uk-accordion-title\">About<\/h2>\n<div class=\"uk-accordion-content\">\n<section class=\"eucerin-cp cp-text right\">\n<p class=\"hdl-3\">Vitamin C Booster Serum<\/p>\n<\/section>\n<section class=\"eucerin-cp cp-text right\">\n<div class=\"text\">\n<p>The sun, pollution, tobacco, and other aspects of our lifestyle generate the formation of free radicals. Free radicals cause oxidative stress in the skin, accelerating premature aging.<span>\u00a0<\/span>and dull the skin. EUCERIN HYALURON-FILLER + 3x EFFECT VITAMIN C BOOSTER SERUM, which contains 10 % of pure, freshly activated vitamin C, has been specially formulated to fight free radicals and combat the first signs of aging: it strengthens the skin, fills in wrinkles and gives you a smoother, fresher and more radiant complexion.<\/p>\n<p>Vitamin C is a powerful antioxidant that neutralizes free radicals and strengthens the skin&#039;s defense system. It is also essential for the production of collagen in skin cells, helping to maintain skin structure and delay the signs of aging. The innovative pack ensures that the pure vitamin C is freshly activated upon first use. Simply press and shake to combine the vitamin C powder with the hyaluronic acid serum.<span>\u00a0<\/span>low molecular weight and<span>\u00a0<\/span>Licochalcone A. The formula maintains its maximum effectiveness for 21 days.<\/p>\n<\/div>\n<\/section>\n<section class=\"eucerin-cp cp-text right\">\n<div class=\"text\">\n<p>Hyaluronic Acid<span>\u00a0<\/span>low molecular weight is an effective moisturizer that fills wrinkles in the skin&#039;s (upper) layers of the epidermis. Another proven antioxidant,<span>\u00a0<\/span>Licochalcone A<span>\u00a0<\/span>interacts with vitamin C to neutralize free radicals caused by UV rays and high energy visible light (HEVIS).<\/p>\n<p>Eucerin HYALURON-FILLER + 3x EFFECT VITAMIN C BOOSTER SERUM is suitable for all skin types and has been clinically and dermatologically proven to strengthen skin and fill wrinkles. Skin looks smoother, fresher, and more radiant in just seven days, with results improving day after day.<\/p>\n<p>Apply Eucerin HYALURON-FILLER + 3x EFFECT VITAMIN C BOOSTER SERUM in the morning or evening before your treatment, or mix it with your treatment.\u00a0<br \/>If applying in the morning, also use sunscreen and limit sun exposure while using this product and for one week after the last use.\u00a0<\/p>\n<h3 class=\"hdl-3\">Properties<\/h3>\n<div class=\"text\">\n<ul>\n<li>non-comedogenic<\/li>\n<li>lightly scented<\/li>\n<li>excellent makeup base<\/li>\n<\/ul>\n<h3 data-mce-fragment=\"1\" class=\"hdl-3\">Directions for use<\/h3>\n<div class=\"text\">\n<p>Vitamin C is most effective when freshly activated. Our innovative packaging makes it easy to activate right out of the box.<\/p>\n<\/div>\n<\/div>\n<\/div>\n<\/section>\n<\/div>\n<\/div>","protected":false},"excerpt":{"rendered":"<p>Eucerin HYALURON-FILLER\u00a0 S\u00e9rum anti-\u00e2ge contenant 10 % de vitamine C pure et fra\u00eechement activ\u00e9e, adapt\u00e9 \u00e0 tous les types de peau. Sa formule 3x EFFECT : 1- Repulpe2- Renforce3- Apporte de l&rsquo;\u00e9clat Soin booster qui p\u00e9n\u00e8tre facilement et qui renforce et lisse la peau tout en comblant les rides. La peau est plus fra\u00eeche et [&hellip;]<\/p>\n","protected":false},"featured_media":17873,"template":"","meta":{"om_disable_all_campaigns":false},"product_brand":[5994],"product_cat":[18,15],"product_tag":[],"class_list":{"0":"post-17875","1":"product","2":"type-product","3":"status-publish","4":"has-post-thumbnail","6":"product_brand-eucerin-maroc-prix","7":"product_cat-beaute-sante","8":"product_cat-beaute-sante-complements-alimentaires-soins-et-bien-etre-au-meilleur-prix","10":"first","11":"instock","12":"sale","13":"taxable","14":"shipping-taxable","15":"purchasable","16":"product-type-simple"},"yoast_head":"<!-- This site is optimized with the Yoast SEO plugin v27.3 - https:\/\/yoast.com\/product\/yoast-seo-wordpress\/ -->\n<title>Eucerin HYALURON-FILLER Vitamin C booster 8ml - Maroc Prix<\/title>\n<meta name=\"description\" content=\"Eucerin HYALURON-FILLER Vitamin C booster 8ml\" \/>\n<meta name=\"robots\" content=\"index, follow, max-snippet:-1, max-image-preview:large, max-video-preview:-1\" \/>\n<link rel=\"canonical\" href=\"https:\/\/vitablanca.ma\/en\/product\/eucerin-hyaluron-filler-vitamin-c-booster-8ml\/\" \/>\n<meta property=\"og:locale\" content=\"en_US\" \/>\n<meta property=\"og:type\" content=\"article\" \/>\n<meta property=\"og:title\" content=\"Eucerin HYALURON-FILLER Vitamin C booster 8ml - Maroc Prix\" \/>\n<meta property=\"og:description\" content=\"Eucerin HYALURON-FILLER Vitamin C booster 8ml\" \/>\n<meta property=\"og:url\" content=\"https:\/\/vitablanca.ma\/en\/product\/eucerin-hyaluron-filler-vitamin-c-booster-8ml\/\" \/>\n<meta property=\"og:site_name\" content=\"Vitablanca.ma &ndash; Sant&eacute;, vitalit&eacute; et bien-&ecirc;tre pour tous les Marocains\" \/>\n<meta property=\"article:publisher\" content=\"https:\/\/www.facebook.com\/profile.php?id=61576678196717\" \/>\n<meta property=\"article:modified_time\" content=\"2026-01-21T23:25:19+00:00\" \/>\n<meta property=\"og:image\" content=\"https:\/\/vitablanca.ma\/wp-content\/uploads\/2025\/06\/Eucerin-hyaluron-filler-vitamine-C-booster-3x8ml-Nova-para-Maroc.jpg\" \/>\n\t<meta property=\"og:image:width\" content=\"1000\" \/>\n\t<meta property=\"og:image:height\" content=\"1000\" \/>\n\t<meta property=\"og:image:type\" content=\"image\/jpeg\" \/>\n<meta name=\"twitter:card\" content=\"summary_large_image\" \/>\n<meta name=\"twitter:label1\" content=\"Est. reading time\" \/>\n\t<meta name=\"twitter:data1\" content=\"3 minutes\" \/>\n<script type=\"application\/ld+json\" class=\"yoast-schema-graph\">{\"@context\":\"https:\\\/\\\/schema.org\",\"@graph\":[{\"@type\":[\"WebPage\",\"ItemPage\"],\"@id\":\"https:\\\/\\\/vitablanca.ma\\\/produit\\\/eucerin-hyaluron-filler-vitamin-c-booster-8ml\\\/\",\"url\":\"https:\\\/\\\/vitablanca.ma\\\/produit\\\/eucerin-hyaluron-filler-vitamin-c-booster-8ml\\\/\",\"name\":\"Eucerin HYALURON-FILLER Vitamin C booster 8ml - Maroc Prix\",\"isPartOf\":{\"@id\":\"https:\\\/\\\/vitablanca.ma\\\/#website\"},\"primaryImageOfPage\":{\"@id\":\"https:\\\/\\\/vitablanca.ma\\\/produit\\\/eucerin-hyaluron-filler-vitamin-c-booster-8ml\\\/#primaryimage\"},\"image\":{\"@id\":\"https:\\\/\\\/vitablanca.ma\\\/produit\\\/eucerin-hyaluron-filler-vitamin-c-booster-8ml\\\/#primaryimage\"},\"thumbnailUrl\":\"https:\\\/\\\/vitablanca.ma\\\/wp-content\\\/uploads\\\/2025\\\/06\\\/Eucerin-hyaluron-filler-vitamine-C-booster-3x8ml-Nova-para-Maroc.jpg\",\"datePublished\":\"2025-06-10T17:10:05+00:00\",\"dateModified\":\"2026-01-21T23:25:19+00:00\",\"description\":\"Eucerin HYALURON-FILLER Vitamin C booster 8ml\",\"breadcrumb\":{\"@id\":\"https:\\\/\\\/vitablanca.ma\\\/produit\\\/eucerin-hyaluron-filler-vitamin-c-booster-8ml\\\/#breadcrumb\"},\"inLanguage\":\"en-US\",\"potentialAction\":[{\"@type\":\"ReadAction\",\"target\":[\"https:\\\/\\\/vitablanca.ma\\\/produit\\\/eucerin-hyaluron-filler-vitamin-c-booster-8ml\\\/\"]}]},{\"@type\":\"ImageObject\",\"inLanguage\":\"en-US\",\"@id\":\"https:\\\/\\\/vitablanca.ma\\\/produit\\\/eucerin-hyaluron-filler-vitamin-c-booster-8ml\\\/#primaryimage\",\"url\":\"https:\\\/\\\/vitablanca.ma\\\/wp-content\\\/uploads\\\/2025\\\/06\\\/Eucerin-hyaluron-filler-vitamine-C-booster-3x8ml-Nova-para-Maroc.jpg\",\"contentUrl\":\"https:\\\/\\\/vitablanca.ma\\\/wp-content\\\/uploads\\\/2025\\\/06\\\/Eucerin-hyaluron-filler-vitamine-C-booster-3x8ml-Nova-para-Maroc.jpg\",\"width\":1000,\"height\":1000},{\"@type\":\"BreadcrumbList\",\"@id\":\"https:\\\/\\\/vitablanca.ma\\\/produit\\\/eucerin-hyaluron-filler-vitamin-c-booster-8ml\\\/#breadcrumb\",\"itemListElement\":[{\"@type\":\"ListItem\",\"position\":1,\"name\":\"Home\",\"item\":\"https:\\\/\\\/vitablanca.ma\\\/\"},{\"@type\":\"ListItem\",\"position\":2,\"name\":\"Tous Les Produits\",\"item\":\"https:\\\/\\\/vitablanca.ma\\\/tous-les-produits\\\/\"},{\"@type\":\"ListItem\",\"position\":3,\"name\":\"Eucerin HYALURON-FILLER Vitamin C booster 8ml\"}]},{\"@type\":\"WebSite\",\"@id\":\"https:\\\/\\\/vitablanca.ma\\\/#website\",\"url\":\"https:\\\/\\\/vitablanca.ma\\\/\",\"name\":\"VitaBlanca.ma | Compl\u00e9ments alimentaires, sant\u00e9 & beaut\u00e9 au Maroc\",\"description\":\"vendre vitamines et compl\u00e9ments premium des USA &amp; Canada, Nouvelle Z\u00e9lande,Maroc (NOW Foods, Solgar, Manuka). Livraison rapide partout au Maroc.\",\"publisher\":{\"@id\":\"https:\\\/\\\/vitablanca.ma\\\/#organization\"},\"alternateName\":\"VitaBlanca.ma\",\"potentialAction\":[{\"@type\":\"SearchAction\",\"target\":{\"@type\":\"EntryPoint\",\"urlTemplate\":\"https:\\\/\\\/vitablanca.ma\\\/?s={search_term_string}\"},\"query-input\":{\"@type\":\"PropertyValueSpecification\",\"valueRequired\":true,\"valueName\":\"search_term_string\"}}],\"inLanguage\":\"en-US\"},{\"@type\":\"Organization\",\"@id\":\"https:\\\/\\\/vitablanca.ma\\\/#organization\",\"name\":\"VitaBlanca\",\"url\":\"https:\\\/\\\/vitablanca.ma\\\/\",\"logo\":{\"@type\":\"ImageObject\",\"inLanguage\":\"en-US\",\"@id\":\"https:\\\/\\\/vitablanca.ma\\\/#\\\/schema\\\/logo\\\/image\\\/\",\"url\":\"https:\\\/\\\/vitablanca.ma\\\/wp-content\\\/uploads\\\/2025\\\/05\\\/cropped-vitablanca.png\",\"contentUrl\":\"https:\\\/\\\/vitablanca.ma\\\/wp-content\\\/uploads\\\/2025\\\/05\\\/cropped-vitablanca.png\",\"width\":360,\"height\":67,\"caption\":\"VitaBlanca\"},\"image\":{\"@id\":\"https:\\\/\\\/vitablanca.ma\\\/#\\\/schema\\\/logo\\\/image\\\/\"},\"sameAs\":[\"https:\\\/\\\/www.facebook.com\\\/profile.php?id=61576678196717\",\"https:\\\/\\\/www.tiktok.com\\\/@vitablanca.ma\",\"https:\\\/\\\/www.instagram.com\\\/vitablanca.ma\\\/\"]}]}<\/script>\n<!-- \/ Yoast SEO plugin. -->","yoast_head_json":{"title":"Eucerin HYALURON-FILLER Vitamin C booster 8ml - Morocco Price","description":"Eucerin HYALURON-FILLER Vitamin C booster 8ml","robots":{"index":"index","follow":"follow","max-snippet":"max-snippet:-1","max-image-preview":"max-image-preview:large","max-video-preview":"max-video-preview:-1"},"canonical":"https:\/\/vitablanca.ma\/en\/product\/eucerin-hyaluron-filler-vitamin-c-booster-8ml\/","og_locale":"en_US","og_type":"article","og_title":"Eucerin HYALURON-FILLER Vitamin C booster 8ml - Maroc Prix","og_description":"Eucerin HYALURON-FILLER Vitamin C booster 8ml","og_url":"https:\/\/vitablanca.ma\/en\/product\/eucerin-hyaluron-filler-vitamin-c-booster-8ml\/","og_site_name":"Vitablanca.ma &ndash; Sant&eacute;, vitalit&eacute; et bien-&ecirc;tre pour tous les Marocains","article_publisher":"https:\/\/www.facebook.com\/profile.php?id=61576678196717","article_modified_time":"2026-01-21T23:25:19+00:00","og_image":[{"width":1000,"height":1000,"url":"https:\/\/vitablanca.ma\/wp-content\/uploads\/2025\/06\/Eucerin-hyaluron-filler-vitamine-C-booster-3x8ml-Nova-para-Maroc.jpg","type":"image\/jpeg"}],"twitter_card":"summary_large_image","twitter_misc":{"Est. reading time":"3 minutes"},"schema":{"@context":"https:\/\/schema.org","@graph":[{"@type":["WebPage","ItemPage"],"@id":"https:\/\/vitablanca.ma\/produit\/eucerin-hyaluron-filler-vitamin-c-booster-8ml\/","url":"https:\/\/vitablanca.ma\/produit\/eucerin-hyaluron-filler-vitamin-c-booster-8ml\/","name":"Eucerin HYALURON-FILLER Vitamin C booster 8ml - Morocco Price","isPartOf":{"@id":"https:\/\/vitablanca.ma\/#website"},"primaryImageOfPage":{"@id":"https:\/\/vitablanca.ma\/produit\/eucerin-hyaluron-filler-vitamin-c-booster-8ml\/#primaryimage"},"image":{"@id":"https:\/\/vitablanca.ma\/produit\/eucerin-hyaluron-filler-vitamin-c-booster-8ml\/#primaryimage"},"thumbnailUrl":"https:\/\/vitablanca.ma\/wp-content\/uploads\/2025\/06\/Eucerin-hyaluron-filler-vitamine-C-booster-3x8ml-Nova-para-Maroc.jpg","datePublished":"2025-06-10T17:10:05+00:00","dateModified":"2026-01-21T23:25:19+00:00","description":"Eucerin HYALURON-FILLER Vitamin C booster 8ml","breadcrumb":{"@id":"https:\/\/vitablanca.ma\/produit\/eucerin-hyaluron-filler-vitamin-c-booster-8ml\/#breadcrumb"},"inLanguage":"en-US","potentialAction":[{"@type":"ReadAction","target":["https:\/\/vitablanca.ma\/produit\/eucerin-hyaluron-filler-vitamin-c-booster-8ml\/"]}]},{"@type":"ImageObject","inLanguage":"en-US","@id":"https:\/\/vitablanca.ma\/produit\/eucerin-hyaluron-filler-vitamin-c-booster-8ml\/#primaryimage","url":"https:\/\/vitablanca.ma\/wp-content\/uploads\/2025\/06\/Eucerin-hyaluron-filler-vitamine-C-booster-3x8ml-Nova-para-Maroc.jpg","contentUrl":"https:\/\/vitablanca.ma\/wp-content\/uploads\/2025\/06\/Eucerin-hyaluron-filler-vitamine-C-booster-3x8ml-Nova-para-Maroc.jpg","width":1000,"height":1000},{"@type":"BreadcrumbList","@id":"https:\/\/vitablanca.ma\/produit\/eucerin-hyaluron-filler-vitamin-c-booster-8ml\/#breadcrumb","itemListElement":[{"@type":"ListItem","position":1,"name":"Home","item":"https:\/\/vitablanca.ma\/"},{"@type":"ListItem","position":2,"name":"Tous Les Produits","item":"https:\/\/vitablanca.ma\/tous-les-produits\/"},{"@type":"ListItem","position":3,"name":"Eucerin HYALURON-FILLER Vitamin C booster 8ml"}]},{"@type":"WebSite","@id":"https:\/\/vitablanca.ma\/#website","url":"https:\/\/vitablanca.ma\/","name":"VitaBlanca.ma | Food supplements, health &amp; beauty in Morocco","description":"sell premium vitamins and supplements from USA &amp; Canada, New Zealand, Morocco (NOW Foods, Solgar, Manuka). Fast delivery anywhere in Morocco.","publisher":{"@id":"https:\/\/vitablanca.ma\/#organization"},"alternateName":"VitaBlanca.ma","potentialAction":[{"@type":"SearchAction","target":{"@type":"EntryPoint","urlTemplate":"https:\/\/vitablanca.ma\/?s={search_term_string}"},"query-input":{"@type":"PropertyValueSpecification","valueRequired":true,"valueName":"search_term_string"}}],"inLanguage":"en-US"},{"@type":"Organization","@id":"https:\/\/vitablanca.ma\/#organization","name":"VitaBlanca","url":"https:\/\/vitablanca.ma\/","logo":{"@type":"ImageObject","inLanguage":"en-US","@id":"https:\/\/vitablanca.ma\/#\/schema\/logo\/image\/","url":"https:\/\/vitablanca.ma\/wp-content\/uploads\/2025\/05\/cropped-vitablanca.png","contentUrl":"https:\/\/vitablanca.ma\/wp-content\/uploads\/2025\/05\/cropped-vitablanca.png","width":360,"height":67,"caption":"VitaBlanca"},"image":{"@id":"https:\/\/vitablanca.ma\/#\/schema\/logo\/image\/"},"sameAs":["https:\/\/www.facebook.com\/profile.php?id=61576678196717","https:\/\/www.tiktok.com\/@vitablanca.ma","https:\/\/www.instagram.com\/vitablanca.ma\/"]}]}},"jetpack_sharing_enabled":true,"_links":{"self":[{"href":"https:\/\/vitablanca.ma\/en\/wp-json\/wp\/v2\/product\/17875","targetHints":{"allow":["GET"]}}],"collection":[{"href":"https:\/\/vitablanca.ma\/en\/wp-json\/wp\/v2\/product"}],"about":[{"href":"https:\/\/vitablanca.ma\/en\/wp-json\/wp\/v2\/types\/product"}],"wp:featuredmedia":[{"embeddable":true,"href":"https:\/\/vitablanca.ma\/en\/wp-json\/wp\/v2\/media\/17873"}],"wp:attachment":[{"href":"https:\/\/vitablanca.ma\/en\/wp-json\/wp\/v2\/media?parent=17875"}],"wp:term":[{"taxonomy":"product_brand","embeddable":true,"href":"https:\/\/vitablanca.ma\/en\/wp-json\/wp\/v2\/product_brand?post=17875"},{"taxonomy":"product_cat","embeddable":true,"href":"https:\/\/vitablanca.ma\/en\/wp-json\/wp\/v2\/product_cat?post=17875"},{"taxonomy":"product_tag","embeddable":true,"href":"https:\/\/vitablanca.ma\/en\/wp-json\/wp\/v2\/product_tag?post=17875"}],"curies":[{"name":"wp","href":"https:\/\/api.w.org\/{rel}","templated":true}]}}