{"id":17850,"date":"2025-06-10T17:09:37","date_gmt":"2025-06-10T17:09:37","guid":{"rendered":"https:\/\/vitablanca.ma\/product\/eucerin-atopicontrol-huile-bain-et-douche-400ml\/"},"modified":"2026-01-21T23:25:19","modified_gmt":"2026-01-21T23:25:19","slug":"eucerin-atopicontrol-huile-bain-et-douche-400ml","status":"publish","type":"product","link":"https:\/\/vitablanca.ma\/en\/product\/eucerin-atopicontrol-huile-bain-et-douche-400ml\/","title":{"rendered":"Eucerin AtopiControl Bath and Shower Oil 400ml"},"content":{"rendered":"<h2>Eucerin AtopiControl Bath and Shower Oil\u00a0<span data-mce-fragment=\"1\">Protects the skin barrier against dryness and itching.<\/span><br \/>\n<\/h2>\n<p><span data-mce-fragment=\"1\">A gentle daily cleanser for skin prone to atopic eczema. Enriched with omega-3 and omega-6. Suitable for adults, children, and newborns over 4 weeks old.<br \/><\/span><\/p>\n<h2 class=\"uk-accordion-title\">About Dry Skin Bath Oil<\/h2>\n<div class=\"uk-accordion-content\">\n<section class=\"eucerin-cp cp-text right\">\n<p class=\"hdl-3\">Cleansing treatment for skin prone to atopic eczema<\/p>\n<div class=\"text\">\n<p>Skin prone to atopic eczema<span>\u00a0<\/span>may be dry, prone to scratching and itching. These signs are exacerbated by harsh cleansers.<\/p>\n<p>Eucerin AtopiControl Bath and Shower Oil is soap-free and enriched with a high concentration of omega-3 and omega-6 to gently cleanse and soothe skin prone to atopic eczema. The body wash for dry skin prone to atopic eczema relieves itching and helps preserve the skin&#039;s natural barrier. Even with regular washing, skin is protected against dryness and itching.<\/p>\n<p>The cleansing oil can be used daily during periods of severe dry skin and in between when skin is less sensitive.<\/p>\n<p>EUCERIN AtopiControl Bath and Shower Oil is fragrance-free and suitable for adults, children and newborns.<\/p>\n<h3 class=\"hdl-3\">Properties<\/h3>\n<div class=\"text\">\n<ul>\n<li>baby-friendly<\/li>\n<li>fragrance-free<\/li>\n<\/ul>\n<h3 class=\"hdl-3\">Directions for use<\/h3>\n<div class=\"text\">\n<section class=\"eucerin-cp cp-image\"><\/section>\n<ul>\n<li>Apply EUCERIN AtopiControl Bath and Shower Oil to wet skin<\/li>\n<li>Lather in your hands or apply directly to your body<\/li>\n<li>Massage gently then rinse thoroughly<\/li>\n<li>Dry skin with a towel without rubbing<\/li>\n<li>Avoid contact with eyes<\/li>\n<li>Can be used as a bubble bath for baby baths<\/li>\n<li>For best results, use in combination with other Eucerin AtopiControl products<\/li>\n<\/ul>\n<p>\u00a0<\/p>\n<\/div>\n<\/div>\n<\/div>\n<\/section>\n<\/div>","protected":false},"excerpt":{"rendered":"<p>Eucerin AtopiControl Huile Bain et Douche\u00a0Prot\u00e8ge la barri\u00e8re cutan\u00e9e contre la s\u00e9cheresse et les sensations de d\u00e9mangeaisons. Un nettoyant quotidien doux pour la peau \u00e0 tendance \u00e0 l\u2019ecz\u00e9ma atopique. Enrichies en om\u00e9ga-3 et om\u00e9ga-6. Convient pour les adultes, les enfants et les nouveaux n\u00e9s de plus de 4 semaines. \u00c0 propos de Huile de Bain [&hellip;]<\/p>\n","protected":false},"featured_media":17840,"template":"","meta":{"om_disable_all_campaigns":false},"product_brand":[5994],"product_cat":[18,15],"product_tag":[],"class_list":{"0":"post-17850","1":"product","2":"type-product","3":"status-publish","4":"has-post-thumbnail","6":"product_brand-eucerin-maroc-prix","7":"product_cat-beaute-sante","8":"product_cat-beaute-sante-complements-alimentaires-soins-et-bien-etre-au-meilleur-prix","10":"first","11":"instock","12":"sale","13":"taxable","14":"shipping-taxable","15":"purchasable","16":"product-type-simple"},"yoast_head":"<!-- This site is optimized with the Yoast SEO plugin v27.3 - https:\/\/yoast.com\/product\/yoast-seo-wordpress\/ -->\n<title>Eucerin AtopiControl Huile Bain et Douche 400ml - Maroc Prix<\/title>\n<meta name=\"description\" content=\"Eucerin AtopiControl Huile Bain et Douche 400ml\" \/>\n<meta name=\"robots\" content=\"index, follow, max-snippet:-1, max-image-preview:large, max-video-preview:-1\" \/>\n<link rel=\"canonical\" href=\"https:\/\/vitablanca.ma\/en\/product\/eucerin-atopicontrol-huile-bain-et-douche-400ml\/\" \/>\n<meta property=\"og:locale\" content=\"en_US\" \/>\n<meta property=\"og:type\" content=\"article\" \/>\n<meta property=\"og:title\" content=\"Eucerin AtopiControl Huile Bain et Douche 400ml - Maroc Prix\" \/>\n<meta property=\"og:description\" content=\"Eucerin AtopiControl Huile Bain et Douche 400ml\" \/>\n<meta property=\"og:url\" content=\"https:\/\/vitablanca.ma\/en\/product\/eucerin-atopicontrol-huile-bain-et-douche-400ml\/\" \/>\n<meta property=\"og:site_name\" content=\"Vitablanca.ma &ndash; Sant&eacute;, vitalit&eacute; et bien-&ecirc;tre pour tous les Marocains\" \/>\n<meta property=\"article:publisher\" content=\"https:\/\/www.facebook.com\/profile.php?id=61576678196717\" \/>\n<meta property=\"article:modified_time\" content=\"2026-01-21T23:25:19+00:00\" \/>\n<meta property=\"og:image\" content=\"https:\/\/vitablanca.ma\/wp-content\/uploads\/2025\/06\/eucerin-atopicontrol-lotion-250-ml-parapharmacie-enligne-prix-maroc.jpg\" \/>\n\t<meta property=\"og:image:width\" content=\"800\" \/>\n\t<meta property=\"og:image:height\" content=\"800\" \/>\n\t<meta property=\"og:image:type\" content=\"image\/jpeg\" \/>\n<meta name=\"twitter:card\" content=\"summary_large_image\" \/>\n<meta name=\"twitter:label1\" content=\"Est. reading time\" \/>\n\t<meta name=\"twitter:data1\" content=\"2 minutes\" \/>\n<script type=\"application\/ld+json\" class=\"yoast-schema-graph\">{\"@context\":\"https:\\\/\\\/schema.org\",\"@graph\":[{\"@type\":[\"WebPage\",\"ItemPage\"],\"@id\":\"https:\\\/\\\/vitablanca.ma\\\/produit\\\/eucerin-atopicontrol-huile-bain-et-douche-400ml\\\/\",\"url\":\"https:\\\/\\\/vitablanca.ma\\\/produit\\\/eucerin-atopicontrol-huile-bain-et-douche-400ml\\\/\",\"name\":\"Eucerin AtopiControl Huile Bain et Douche 400ml - Maroc Prix\",\"isPartOf\":{\"@id\":\"https:\\\/\\\/vitablanca.ma\\\/#website\"},\"primaryImageOfPage\":{\"@id\":\"https:\\\/\\\/vitablanca.ma\\\/produit\\\/eucerin-atopicontrol-huile-bain-et-douche-400ml\\\/#primaryimage\"},\"image\":{\"@id\":\"https:\\\/\\\/vitablanca.ma\\\/produit\\\/eucerin-atopicontrol-huile-bain-et-douche-400ml\\\/#primaryimage\"},\"thumbnailUrl\":\"https:\\\/\\\/vitablanca.ma\\\/wp-content\\\/uploads\\\/2025\\\/06\\\/eucerin-atopicontrol-lotion-250-ml-parapharmacie-enligne-prix-maroc.jpg\",\"datePublished\":\"2025-06-10T17:09:37+00:00\",\"dateModified\":\"2026-01-21T23:25:19+00:00\",\"description\":\"Eucerin AtopiControl Huile Bain et Douche 400ml\",\"breadcrumb\":{\"@id\":\"https:\\\/\\\/vitablanca.ma\\\/produit\\\/eucerin-atopicontrol-huile-bain-et-douche-400ml\\\/#breadcrumb\"},\"inLanguage\":\"en-US\",\"potentialAction\":[{\"@type\":\"ReadAction\",\"target\":[\"https:\\\/\\\/vitablanca.ma\\\/produit\\\/eucerin-atopicontrol-huile-bain-et-douche-400ml\\\/\"]}]},{\"@type\":\"ImageObject\",\"inLanguage\":\"en-US\",\"@id\":\"https:\\\/\\\/vitablanca.ma\\\/produit\\\/eucerin-atopicontrol-huile-bain-et-douche-400ml\\\/#primaryimage\",\"url\":\"https:\\\/\\\/vitablanca.ma\\\/wp-content\\\/uploads\\\/2025\\\/06\\\/eucerin-atopicontrol-lotion-250-ml-parapharmacie-enligne-prix-maroc.jpg\",\"contentUrl\":\"https:\\\/\\\/vitablanca.ma\\\/wp-content\\\/uploads\\\/2025\\\/06\\\/eucerin-atopicontrol-lotion-250-ml-parapharmacie-enligne-prix-maroc.jpg\",\"width\":800,\"height\":800},{\"@type\":\"BreadcrumbList\",\"@id\":\"https:\\\/\\\/vitablanca.ma\\\/produit\\\/eucerin-atopicontrol-huile-bain-et-douche-400ml\\\/#breadcrumb\",\"itemListElement\":[{\"@type\":\"ListItem\",\"position\":1,\"name\":\"Home\",\"item\":\"https:\\\/\\\/vitablanca.ma\\\/\"},{\"@type\":\"ListItem\",\"position\":2,\"name\":\"Tous Les Produits\",\"item\":\"https:\\\/\\\/vitablanca.ma\\\/tous-les-produits\\\/\"},{\"@type\":\"ListItem\",\"position\":3,\"name\":\"Eucerin AtopiControl Huile Bain et Douche 400ml\"}]},{\"@type\":\"WebSite\",\"@id\":\"https:\\\/\\\/vitablanca.ma\\\/#website\",\"url\":\"https:\\\/\\\/vitablanca.ma\\\/\",\"name\":\"VitaBlanca.ma | Compl\u00e9ments alimentaires, sant\u00e9 & beaut\u00e9 au Maroc\",\"description\":\"vendre vitamines et compl\u00e9ments premium des USA &amp; Canada, Nouvelle Z\u00e9lande,Maroc (NOW Foods, Solgar, Manuka). Livraison rapide partout au Maroc.\",\"publisher\":{\"@id\":\"https:\\\/\\\/vitablanca.ma\\\/#organization\"},\"alternateName\":\"VitaBlanca.ma\",\"potentialAction\":[{\"@type\":\"SearchAction\",\"target\":{\"@type\":\"EntryPoint\",\"urlTemplate\":\"https:\\\/\\\/vitablanca.ma\\\/?s={search_term_string}\"},\"query-input\":{\"@type\":\"PropertyValueSpecification\",\"valueRequired\":true,\"valueName\":\"search_term_string\"}}],\"inLanguage\":\"en-US\"},{\"@type\":\"Organization\",\"@id\":\"https:\\\/\\\/vitablanca.ma\\\/#organization\",\"name\":\"VitaBlanca\",\"url\":\"https:\\\/\\\/vitablanca.ma\\\/\",\"logo\":{\"@type\":\"ImageObject\",\"inLanguage\":\"en-US\",\"@id\":\"https:\\\/\\\/vitablanca.ma\\\/#\\\/schema\\\/logo\\\/image\\\/\",\"url\":\"https:\\\/\\\/vitablanca.ma\\\/wp-content\\\/uploads\\\/2025\\\/05\\\/cropped-vitablanca.png\",\"contentUrl\":\"https:\\\/\\\/vitablanca.ma\\\/wp-content\\\/uploads\\\/2025\\\/05\\\/cropped-vitablanca.png\",\"width\":360,\"height\":67,\"caption\":\"VitaBlanca\"},\"image\":{\"@id\":\"https:\\\/\\\/vitablanca.ma\\\/#\\\/schema\\\/logo\\\/image\\\/\"},\"sameAs\":[\"https:\\\/\\\/www.facebook.com\\\/profile.php?id=61576678196717\",\"https:\\\/\\\/www.tiktok.com\\\/@vitablanca.ma\",\"https:\\\/\\\/www.instagram.com\\\/vitablanca.ma\\\/\"]}]}<\/script>\n<!-- \/ Yoast SEO plugin. -->","yoast_head_json":{"title":"Eucerin AtopiControl Bath and Shower Oil 400ml - Morocco Price","description":"Eucerin AtopiControl Bath and Shower Oil 400ml","robots":{"index":"index","follow":"follow","max-snippet":"max-snippet:-1","max-image-preview":"max-image-preview:large","max-video-preview":"max-video-preview:-1"},"canonical":"https:\/\/vitablanca.ma\/en\/product\/eucerin-atopicontrol-huile-bain-et-douche-400ml\/","og_locale":"en_US","og_type":"article","og_title":"Eucerin AtopiControl Huile Bain et Douche 400ml - Maroc Prix","og_description":"Eucerin AtopiControl Huile Bain et Douche 400ml","og_url":"https:\/\/vitablanca.ma\/en\/product\/eucerin-atopicontrol-huile-bain-et-douche-400ml\/","og_site_name":"Vitablanca.ma &ndash; Sant&eacute;, vitalit&eacute; et bien-&ecirc;tre pour tous les Marocains","article_publisher":"https:\/\/www.facebook.com\/profile.php?id=61576678196717","article_modified_time":"2026-01-21T23:25:19+00:00","og_image":[{"width":800,"height":800,"url":"https:\/\/vitablanca.ma\/wp-content\/uploads\/2025\/06\/eucerin-atopicontrol-lotion-250-ml-parapharmacie-enligne-prix-maroc.jpg","type":"image\/jpeg"}],"twitter_card":"summary_large_image","twitter_misc":{"Est. reading time":"2 minutes"},"schema":{"@context":"https:\/\/schema.org","@graph":[{"@type":["WebPage","ItemPage"],"@id":"https:\/\/vitablanca.ma\/produit\/eucerin-atopicontrol-huile-bain-et-douche-400ml\/","url":"https:\/\/vitablanca.ma\/produit\/eucerin-atopicontrol-huile-bain-et-douche-400ml\/","name":"Eucerin AtopiControl Bath and Shower Oil 400ml - Morocco Price","isPartOf":{"@id":"https:\/\/vitablanca.ma\/#website"},"primaryImageOfPage":{"@id":"https:\/\/vitablanca.ma\/produit\/eucerin-atopicontrol-huile-bain-et-douche-400ml\/#primaryimage"},"image":{"@id":"https:\/\/vitablanca.ma\/produit\/eucerin-atopicontrol-huile-bain-et-douche-400ml\/#primaryimage"},"thumbnailUrl":"https:\/\/vitablanca.ma\/wp-content\/uploads\/2025\/06\/eucerin-atopicontrol-lotion-250-ml-parapharmacie-enligne-prix-maroc.jpg","datePublished":"2025-06-10T17:09:37+00:00","dateModified":"2026-01-21T23:25:19+00:00","description":"Eucerin AtopiControl Bath and Shower Oil 400ml","breadcrumb":{"@id":"https:\/\/vitablanca.ma\/produit\/eucerin-atopicontrol-huile-bain-et-douche-400ml\/#breadcrumb"},"inLanguage":"en-US","potentialAction":[{"@type":"ReadAction","target":["https:\/\/vitablanca.ma\/produit\/eucerin-atopicontrol-huile-bain-et-douche-400ml\/"]}]},{"@type":"ImageObject","inLanguage":"en-US","@id":"https:\/\/vitablanca.ma\/produit\/eucerin-atopicontrol-huile-bain-et-douche-400ml\/#primaryimage","url":"https:\/\/vitablanca.ma\/wp-content\/uploads\/2025\/06\/eucerin-atopicontrol-lotion-250-ml-parapharmacie-enligne-prix-maroc.jpg","contentUrl":"https:\/\/vitablanca.ma\/wp-content\/uploads\/2025\/06\/eucerin-atopicontrol-lotion-250-ml-parapharmacie-enligne-prix-maroc.jpg","width":800,"height":800},{"@type":"BreadcrumbList","@id":"https:\/\/vitablanca.ma\/produit\/eucerin-atopicontrol-huile-bain-et-douche-400ml\/#breadcrumb","itemListElement":[{"@type":"ListItem","position":1,"name":"Home","item":"https:\/\/vitablanca.ma\/"},{"@type":"ListItem","position":2,"name":"Tous Les Produits","item":"https:\/\/vitablanca.ma\/tous-les-produits\/"},{"@type":"ListItem","position":3,"name":"Eucerin AtopiControl Huile Bain et Douche 400ml"}]},{"@type":"WebSite","@id":"https:\/\/vitablanca.ma\/#website","url":"https:\/\/vitablanca.ma\/","name":"VitaBlanca.ma | Food supplements, health &amp; beauty in Morocco","description":"sell premium vitamins and supplements from USA &amp; Canada, New Zealand, Morocco (NOW Foods, Solgar, Manuka). Fast delivery anywhere in Morocco.","publisher":{"@id":"https:\/\/vitablanca.ma\/#organization"},"alternateName":"VitaBlanca.ma","potentialAction":[{"@type":"SearchAction","target":{"@type":"EntryPoint","urlTemplate":"https:\/\/vitablanca.ma\/?s={search_term_string}"},"query-input":{"@type":"PropertyValueSpecification","valueRequired":true,"valueName":"search_term_string"}}],"inLanguage":"en-US"},{"@type":"Organization","@id":"https:\/\/vitablanca.ma\/#organization","name":"VitaBlanca","url":"https:\/\/vitablanca.ma\/","logo":{"@type":"ImageObject","inLanguage":"en-US","@id":"https:\/\/vitablanca.ma\/#\/schema\/logo\/image\/","url":"https:\/\/vitablanca.ma\/wp-content\/uploads\/2025\/05\/cropped-vitablanca.png","contentUrl":"https:\/\/vitablanca.ma\/wp-content\/uploads\/2025\/05\/cropped-vitablanca.png","width":360,"height":67,"caption":"VitaBlanca"},"image":{"@id":"https:\/\/vitablanca.ma\/#\/schema\/logo\/image\/"},"sameAs":["https:\/\/www.facebook.com\/profile.php?id=61576678196717","https:\/\/www.tiktok.com\/@vitablanca.ma","https:\/\/www.instagram.com\/vitablanca.ma\/"]}]}},"jetpack_sharing_enabled":true,"_links":{"self":[{"href":"https:\/\/vitablanca.ma\/en\/wp-json\/wp\/v2\/product\/17850","targetHints":{"allow":["GET"]}}],"collection":[{"href":"https:\/\/vitablanca.ma\/en\/wp-json\/wp\/v2\/product"}],"about":[{"href":"https:\/\/vitablanca.ma\/en\/wp-json\/wp\/v2\/types\/product"}],"wp:featuredmedia":[{"embeddable":true,"href":"https:\/\/vitablanca.ma\/en\/wp-json\/wp\/v2\/media\/17840"}],"wp:attachment":[{"href":"https:\/\/vitablanca.ma\/en\/wp-json\/wp\/v2\/media?parent=17850"}],"wp:term":[{"taxonomy":"product_brand","embeddable":true,"href":"https:\/\/vitablanca.ma\/en\/wp-json\/wp\/v2\/product_brand?post=17850"},{"taxonomy":"product_cat","embeddable":true,"href":"https:\/\/vitablanca.ma\/en\/wp-json\/wp\/v2\/product_cat?post=17850"},{"taxonomy":"product_tag","embeddable":true,"href":"https:\/\/vitablanca.ma\/en\/wp-json\/wp\/v2\/product_tag?post=17850"}],"curies":[{"name":"wp","href":"https:\/\/api.w.org\/{rel}","templated":true}]}}