{"id":17838,"date":"2025-06-10T17:09:24","date_gmt":"2025-06-10T17:09:24","guid":{"rendered":"https:\/\/vitablanca.ma\/product\/eucerin-hyaluron-filler-serum-booster-dhydratation-30ml\/"},"modified":"2026-01-21T23:25:20","modified_gmt":"2026-01-21T23:25:20","slug":"eucerin-hyaluron-filler-serum-booster-dhydratation-30ml","status":"publish","type":"product","link":"https:\/\/vitablanca.ma\/en\/product\/eucerin-hyaluron-filler-serum-booster-dhydratation-30ml\/","title":{"rendered":"Eucerin Hyaluron-Filler Hydration Booster Serum 30ml"},"content":{"rendered":"<h2>Eucerin Hyaluron-Filler Booster Serum.<\/h2>\n<p class=\"hdl-3\" data-mce-fragment=\"1\">An ultra-light and refreshing hydration booster serum for all skin types with EFFECT:<\/p>\n<div class=\"text\" data-mce-fragment=\"1\">\n<p data-mce-fragment=\"1\">1 Plumps<br data-mce-fragment=\"1\">2 Hydrates<br data-mce-fragment=\"1\">3 Refreshes<br data-mce-fragment=\"1\"><br data-mce-fragment=\"1\">A refreshing, hydrating gel that provides immediate hydration and increases skin moisture for up to 24 hours.1 Visibly plumps fine lines for smooth, healthy-looking skin.<br \/>30ml.<\/p>\n<h3 class=\"uk-accordion-title\">About Hyaluronic Acid Hydration Booster<\/h3>\n<div class=\"uk-accordion-content\">\n<section class=\"eucerin-cp cp-text right\">\n<div class=\"text\">\n<section class=\"eucerin-cp cp-image\"><\/section>\n<p>Give your skin an immediate hydration boost with Eucerin Hyaluron-Filler Hydration Booster Serum.<\/p>\n<p>This ultra-light and refreshing gel provides immediate hydration and increases skin&#039;s moisture levels for up to 24 hours<sup>1<\/sup>. Its formula, which contains only 11 ingredients, combines two types of<span>Hyaluronic Acid<\/span>\u00a0very concentrated and\u00a0<span>Glycerin<\/span>These substances are also naturally produced by the skin to keep it hydrated. In our formula, they act as water-attracting magnets that plump the skin with immediate and intense hydration.<\/p>\n<p>Eucerin Hyaluron-Filler Hydration Booster Serum has been clinically and dermatologically proven to deliver excellent results. 100% of research respondents1 indicated that the product \u201cgives a boost of hydration,\u201d makes skin feel \u201cimmediately hydrated,\u201d and makes it look \u201cvisibly plumper.\u201d\u00a0<sup>2\u00a0<\/sup>&quot;.<\/p>\n<p>The Hydration Booster Serum is suitable for all skin types, including sensitive skin. It absorbs quickly and leaves skin feeling smooth and looking healthy.<\/p>\n<h3 class=\"hdl-3\">Properties<\/h3>\n<div class=\"text\">\n<section class=\"eucerin-cp cp-image lowerThanRatio\"><\/section>\n<ul>\n<li>non-comedogenic<\/li>\n<li>lightly scented<\/li>\n<li>excellent makeup base<\/li>\n<\/ul>\n<h3 class=\"hdl-4\">Directions for use<\/h3>\n<div class=\"text\">\n<section class=\"eucerin-cp cp-image\"><\/section>\n<p>Apply morning and evening as the first step in your daily skincare routine, massaging gently onto thoroughly cleansed skin. Do not use around the eyes.<\/p>\n<\/div>\n<\/div>\n<\/div>\n<\/section>\n<\/div>\n<\/div>","protected":false},"excerpt":{"rendered":"<p>Eucerin Hyaluron-Filler S\u00e9rum Booster. Un s\u00e9rum booster d&rsquo;hydratation ultra-l\u00e9ger et rafra\u00eechissant pour tous types de peaux avec EFFECT : 1 Repulpe2 Hydrate3 Rafra\u00eechitUn gel hydratant et rafra\u00eechissant qui apporte \u00e0 la peau une hydratation imm\u00e9diate et augmente son hydratation jusqu\u2019\u00e0 24h1. Repulpe visiblement les ridules pour une peau lisse et \u00e0 l\u2019apparence saine.30ml. \u00c0 propos [&hellip;]<\/p>\n","protected":false},"featured_media":17826,"template":"","meta":{"om_disable_all_campaigns":false},"product_brand":[5994],"product_cat":[18,15],"product_tag":[],"class_list":{"0":"post-17838","1":"product","2":"type-product","3":"status-publish","4":"has-post-thumbnail","6":"product_brand-eucerin-maroc-prix","7":"product_cat-beaute-sante","8":"product_cat-beaute-sante-complements-alimentaires-soins-et-bien-etre-au-meilleur-prix","10":"first","11":"instock","12":"sale","13":"taxable","14":"shipping-taxable","15":"purchasable","16":"product-type-simple"},"yoast_head":"<!-- This site is optimized with the Yoast SEO plugin v27.3 - https:\/\/yoast.com\/product\/yoast-seo-wordpress\/ -->\n<title>Eucerin HYALURON-FILLER S\u00e9rum Booster D\u2019hydratation 30ml - Maroc Prix<\/title>\n<meta name=\"description\" content=\"Eucerin HYALURON-FILLER S\u00e9rum Booster D\u2019hydratation 30ml\" \/>\n<meta name=\"robots\" content=\"index, follow, max-snippet:-1, max-image-preview:large, max-video-preview:-1\" \/>\n<link rel=\"canonical\" href=\"https:\/\/vitablanca.ma\/en\/product\/eucerin-hyaluron-filler-serum-booster-dhydratation-30ml\/\" \/>\n<meta property=\"og:locale\" content=\"en_US\" \/>\n<meta property=\"og:type\" content=\"article\" \/>\n<meta property=\"og:title\" content=\"Eucerin HYALURON-FILLER S\u00e9rum Booster D\u2019hydratation 30ml - Maroc Prix\" \/>\n<meta property=\"og:description\" content=\"Eucerin HYALURON-FILLER S\u00e9rum Booster D\u2019hydratation 30ml\" \/>\n<meta property=\"og:url\" content=\"https:\/\/vitablanca.ma\/en\/product\/eucerin-hyaluron-filler-serum-booster-dhydratation-30ml\/\" \/>\n<meta property=\"og:site_name\" content=\"Vitablanca.ma &ndash; Sant&eacute;, vitalit&eacute; et bien-&ecirc;tre pour tous les Marocains\" \/>\n<meta property=\"article:publisher\" content=\"https:\/\/www.facebook.com\/profile.php?id=61576678196717\" \/>\n<meta property=\"article:modified_time\" content=\"2026-01-21T23:25:20+00:00\" \/>\n<meta property=\"og:image\" content=\"https:\/\/vitablanca.ma\/wp-content\/uploads\/2025\/06\/eucerin-hyaluron-filler-serum-booster-d-hydratation-30-ml-parapharmacie-enligne-prix-maroc_192bc8ec-4764-4595-b299-30a7c1e10ffa.jpg\" \/>\n\t<meta property=\"og:image:width\" content=\"800\" \/>\n\t<meta property=\"og:image:height\" content=\"800\" \/>\n\t<meta property=\"og:image:type\" content=\"image\/jpeg\" \/>\n<meta name=\"twitter:card\" content=\"summary_large_image\" \/>\n<meta name=\"twitter:label1\" content=\"Est. reading time\" \/>\n\t<meta name=\"twitter:data1\" content=\"2 minutes\" \/>\n<script type=\"application\/ld+json\" class=\"yoast-schema-graph\">{\"@context\":\"https:\\\/\\\/schema.org\",\"@graph\":[{\"@type\":[\"WebPage\",\"ItemPage\"],\"@id\":\"https:\\\/\\\/vitablanca.ma\\\/produit\\\/eucerin-hyaluron-filler-serum-booster-dhydratation-30ml\\\/\",\"url\":\"https:\\\/\\\/vitablanca.ma\\\/produit\\\/eucerin-hyaluron-filler-serum-booster-dhydratation-30ml\\\/\",\"name\":\"Eucerin HYALURON-FILLER S\u00e9rum Booster D\u2019hydratation 30ml - Maroc Prix\",\"isPartOf\":{\"@id\":\"https:\\\/\\\/vitablanca.ma\\\/#website\"},\"primaryImageOfPage\":{\"@id\":\"https:\\\/\\\/vitablanca.ma\\\/produit\\\/eucerin-hyaluron-filler-serum-booster-dhydratation-30ml\\\/#primaryimage\"},\"image\":{\"@id\":\"https:\\\/\\\/vitablanca.ma\\\/produit\\\/eucerin-hyaluron-filler-serum-booster-dhydratation-30ml\\\/#primaryimage\"},\"thumbnailUrl\":\"https:\\\/\\\/vitablanca.ma\\\/wp-content\\\/uploads\\\/2025\\\/06\\\/eucerin-hyaluron-filler-serum-booster-d-hydratation-30-ml-parapharmacie-enligne-prix-maroc_192bc8ec-4764-4595-b299-30a7c1e10ffa.jpg\",\"datePublished\":\"2025-06-10T17:09:24+00:00\",\"dateModified\":\"2026-01-21T23:25:20+00:00\",\"description\":\"Eucerin HYALURON-FILLER S\u00e9rum Booster D\u2019hydratation 30ml\",\"breadcrumb\":{\"@id\":\"https:\\\/\\\/vitablanca.ma\\\/produit\\\/eucerin-hyaluron-filler-serum-booster-dhydratation-30ml\\\/#breadcrumb\"},\"inLanguage\":\"en-US\",\"potentialAction\":[{\"@type\":\"ReadAction\",\"target\":[\"https:\\\/\\\/vitablanca.ma\\\/produit\\\/eucerin-hyaluron-filler-serum-booster-dhydratation-30ml\\\/\"]}]},{\"@type\":\"ImageObject\",\"inLanguage\":\"en-US\",\"@id\":\"https:\\\/\\\/vitablanca.ma\\\/produit\\\/eucerin-hyaluron-filler-serum-booster-dhydratation-30ml\\\/#primaryimage\",\"url\":\"https:\\\/\\\/vitablanca.ma\\\/wp-content\\\/uploads\\\/2025\\\/06\\\/eucerin-hyaluron-filler-serum-booster-d-hydratation-30-ml-parapharmacie-enligne-prix-maroc_192bc8ec-4764-4595-b299-30a7c1e10ffa.jpg\",\"contentUrl\":\"https:\\\/\\\/vitablanca.ma\\\/wp-content\\\/uploads\\\/2025\\\/06\\\/eucerin-hyaluron-filler-serum-booster-d-hydratation-30-ml-parapharmacie-enligne-prix-maroc_192bc8ec-4764-4595-b299-30a7c1e10ffa.jpg\",\"width\":800,\"height\":800},{\"@type\":\"BreadcrumbList\",\"@id\":\"https:\\\/\\\/vitablanca.ma\\\/produit\\\/eucerin-hyaluron-filler-serum-booster-dhydratation-30ml\\\/#breadcrumb\",\"itemListElement\":[{\"@type\":\"ListItem\",\"position\":1,\"name\":\"Home\",\"item\":\"https:\\\/\\\/vitablanca.ma\\\/\"},{\"@type\":\"ListItem\",\"position\":2,\"name\":\"Tous Les Produits\",\"item\":\"https:\\\/\\\/vitablanca.ma\\\/tous-les-produits\\\/\"},{\"@type\":\"ListItem\",\"position\":3,\"name\":\"Eucerin HYALURON-FILLER S\u00e9rum Booster D\u2019hydratation 30ml\"}]},{\"@type\":\"WebSite\",\"@id\":\"https:\\\/\\\/vitablanca.ma\\\/#website\",\"url\":\"https:\\\/\\\/vitablanca.ma\\\/\",\"name\":\"VitaBlanca.ma | Compl\u00e9ments alimentaires, sant\u00e9 & beaut\u00e9 au Maroc\",\"description\":\"vendre vitamines et compl\u00e9ments premium des USA &amp; Canada, Nouvelle Z\u00e9lande,Maroc (NOW Foods, Solgar, Manuka). Livraison rapide partout au Maroc.\",\"publisher\":{\"@id\":\"https:\\\/\\\/vitablanca.ma\\\/#organization\"},\"alternateName\":\"VitaBlanca.ma\",\"potentialAction\":[{\"@type\":\"SearchAction\",\"target\":{\"@type\":\"EntryPoint\",\"urlTemplate\":\"https:\\\/\\\/vitablanca.ma\\\/?s={search_term_string}\"},\"query-input\":{\"@type\":\"PropertyValueSpecification\",\"valueRequired\":true,\"valueName\":\"search_term_string\"}}],\"inLanguage\":\"en-US\"},{\"@type\":\"Organization\",\"@id\":\"https:\\\/\\\/vitablanca.ma\\\/#organization\",\"name\":\"VitaBlanca\",\"url\":\"https:\\\/\\\/vitablanca.ma\\\/\",\"logo\":{\"@type\":\"ImageObject\",\"inLanguage\":\"en-US\",\"@id\":\"https:\\\/\\\/vitablanca.ma\\\/#\\\/schema\\\/logo\\\/image\\\/\",\"url\":\"https:\\\/\\\/vitablanca.ma\\\/wp-content\\\/uploads\\\/2025\\\/05\\\/cropped-vitablanca.png\",\"contentUrl\":\"https:\\\/\\\/vitablanca.ma\\\/wp-content\\\/uploads\\\/2025\\\/05\\\/cropped-vitablanca.png\",\"width\":360,\"height\":67,\"caption\":\"VitaBlanca\"},\"image\":{\"@id\":\"https:\\\/\\\/vitablanca.ma\\\/#\\\/schema\\\/logo\\\/image\\\/\"},\"sameAs\":[\"https:\\\/\\\/www.facebook.com\\\/profile.php?id=61576678196717\",\"https:\\\/\\\/www.tiktok.com\\\/@vitablanca.ma\",\"https:\\\/\\\/www.instagram.com\\\/vitablanca.ma\\\/\"]}]}<\/script>\n<!-- \/ Yoast SEO plugin. -->","yoast_head_json":{"title":"Eucerin HYALURON-FILLER Hydration Booster Serum 30ml - Morocco Price","description":"Eucerin Hyaluron-Filler Hydration Booster Serum 30ml","robots":{"index":"index","follow":"follow","max-snippet":"max-snippet:-1","max-image-preview":"max-image-preview:large","max-video-preview":"max-video-preview:-1"},"canonical":"https:\/\/vitablanca.ma\/en\/product\/eucerin-hyaluron-filler-serum-booster-dhydratation-30ml\/","og_locale":"en_US","og_type":"article","og_title":"Eucerin HYALURON-FILLER S\u00e9rum Booster D\u2019hydratation 30ml - Maroc Prix","og_description":"Eucerin HYALURON-FILLER S\u00e9rum Booster D\u2019hydratation 30ml","og_url":"https:\/\/vitablanca.ma\/en\/product\/eucerin-hyaluron-filler-serum-booster-dhydratation-30ml\/","og_site_name":"Vitablanca.ma &ndash; Sant&eacute;, vitalit&eacute; et bien-&ecirc;tre pour tous les Marocains","article_publisher":"https:\/\/www.facebook.com\/profile.php?id=61576678196717","article_modified_time":"2026-01-21T23:25:20+00:00","og_image":[{"width":800,"height":800,"url":"https:\/\/vitablanca.ma\/wp-content\/uploads\/2025\/06\/eucerin-hyaluron-filler-serum-booster-d-hydratation-30-ml-parapharmacie-enligne-prix-maroc_192bc8ec-4764-4595-b299-30a7c1e10ffa.jpg","type":"image\/jpeg"}],"twitter_card":"summary_large_image","twitter_misc":{"Est. reading time":"2 minutes"},"schema":{"@context":"https:\/\/schema.org","@graph":[{"@type":["WebPage","ItemPage"],"@id":"https:\/\/vitablanca.ma\/produit\/eucerin-hyaluron-filler-serum-booster-dhydratation-30ml\/","url":"https:\/\/vitablanca.ma\/produit\/eucerin-hyaluron-filler-serum-booster-dhydratation-30ml\/","name":"Eucerin HYALURON-FILLER Hydration Booster Serum 30ml - Morocco Price","isPartOf":{"@id":"https:\/\/vitablanca.ma\/#website"},"primaryImageOfPage":{"@id":"https:\/\/vitablanca.ma\/produit\/eucerin-hyaluron-filler-serum-booster-dhydratation-30ml\/#primaryimage"},"image":{"@id":"https:\/\/vitablanca.ma\/produit\/eucerin-hyaluron-filler-serum-booster-dhydratation-30ml\/#primaryimage"},"thumbnailUrl":"https:\/\/vitablanca.ma\/wp-content\/uploads\/2025\/06\/eucerin-hyaluron-filler-serum-booster-d-hydratation-30-ml-parapharmacie-enligne-prix-maroc_192bc8ec-4764-4595-b299-30a7c1e10ffa.jpg","datePublished":"2025-06-10T17:09:24+00:00","dateModified":"2026-01-21T23:25:20+00:00","description":"Eucerin Hyaluron-Filler Hydration Booster Serum 30ml","breadcrumb":{"@id":"https:\/\/vitablanca.ma\/produit\/eucerin-hyaluron-filler-serum-booster-dhydratation-30ml\/#breadcrumb"},"inLanguage":"en-US","potentialAction":[{"@type":"ReadAction","target":["https:\/\/vitablanca.ma\/produit\/eucerin-hyaluron-filler-serum-booster-dhydratation-30ml\/"]}]},{"@type":"ImageObject","inLanguage":"en-US","@id":"https:\/\/vitablanca.ma\/produit\/eucerin-hyaluron-filler-serum-booster-dhydratation-30ml\/#primaryimage","url":"https:\/\/vitablanca.ma\/wp-content\/uploads\/2025\/06\/eucerin-hyaluron-filler-serum-booster-d-hydratation-30-ml-parapharmacie-enligne-prix-maroc_192bc8ec-4764-4595-b299-30a7c1e10ffa.jpg","contentUrl":"https:\/\/vitablanca.ma\/wp-content\/uploads\/2025\/06\/eucerin-hyaluron-filler-serum-booster-d-hydratation-30-ml-parapharmacie-enligne-prix-maroc_192bc8ec-4764-4595-b299-30a7c1e10ffa.jpg","width":800,"height":800},{"@type":"BreadcrumbList","@id":"https:\/\/vitablanca.ma\/produit\/eucerin-hyaluron-filler-serum-booster-dhydratation-30ml\/#breadcrumb","itemListElement":[{"@type":"ListItem","position":1,"name":"Home","item":"https:\/\/vitablanca.ma\/"},{"@type":"ListItem","position":2,"name":"Tous Les Produits","item":"https:\/\/vitablanca.ma\/tous-les-produits\/"},{"@type":"ListItem","position":3,"name":"Eucerin HYALURON-FILLER S\u00e9rum Booster D\u2019hydratation 30ml"}]},{"@type":"WebSite","@id":"https:\/\/vitablanca.ma\/#website","url":"https:\/\/vitablanca.ma\/","name":"VitaBlanca.ma | Food supplements, health &amp; beauty in Morocco","description":"sell premium vitamins and supplements from USA &amp; Canada, New Zealand, Morocco (NOW Foods, Solgar, Manuka). Fast delivery anywhere in Morocco.","publisher":{"@id":"https:\/\/vitablanca.ma\/#organization"},"alternateName":"VitaBlanca.ma","potentialAction":[{"@type":"SearchAction","target":{"@type":"EntryPoint","urlTemplate":"https:\/\/vitablanca.ma\/?s={search_term_string}"},"query-input":{"@type":"PropertyValueSpecification","valueRequired":true,"valueName":"search_term_string"}}],"inLanguage":"en-US"},{"@type":"Organization","@id":"https:\/\/vitablanca.ma\/#organization","name":"VitaBlanca","url":"https:\/\/vitablanca.ma\/","logo":{"@type":"ImageObject","inLanguage":"en-US","@id":"https:\/\/vitablanca.ma\/#\/schema\/logo\/image\/","url":"https:\/\/vitablanca.ma\/wp-content\/uploads\/2025\/05\/cropped-vitablanca.png","contentUrl":"https:\/\/vitablanca.ma\/wp-content\/uploads\/2025\/05\/cropped-vitablanca.png","width":360,"height":67,"caption":"VitaBlanca"},"image":{"@id":"https:\/\/vitablanca.ma\/#\/schema\/logo\/image\/"},"sameAs":["https:\/\/www.facebook.com\/profile.php?id=61576678196717","https:\/\/www.tiktok.com\/@vitablanca.ma","https:\/\/www.instagram.com\/vitablanca.ma\/"]}]}},"jetpack_sharing_enabled":true,"_links":{"self":[{"href":"https:\/\/vitablanca.ma\/en\/wp-json\/wp\/v2\/product\/17838","targetHints":{"allow":["GET"]}}],"collection":[{"href":"https:\/\/vitablanca.ma\/en\/wp-json\/wp\/v2\/product"}],"about":[{"href":"https:\/\/vitablanca.ma\/en\/wp-json\/wp\/v2\/types\/product"}],"wp:featuredmedia":[{"embeddable":true,"href":"https:\/\/vitablanca.ma\/en\/wp-json\/wp\/v2\/media\/17826"}],"wp:attachment":[{"href":"https:\/\/vitablanca.ma\/en\/wp-json\/wp\/v2\/media?parent=17838"}],"wp:term":[{"taxonomy":"product_brand","embeddable":true,"href":"https:\/\/vitablanca.ma\/en\/wp-json\/wp\/v2\/product_brand?post=17838"},{"taxonomy":"product_cat","embeddable":true,"href":"https:\/\/vitablanca.ma\/en\/wp-json\/wp\/v2\/product_cat?post=17838"},{"taxonomy":"product_tag","embeddable":true,"href":"https:\/\/vitablanca.ma\/en\/wp-json\/wp\/v2\/product_tag?post=17838"}],"curies":[{"name":"wp","href":"https:\/\/api.w.org\/{rel}","templated":true}]}}