{"id":17820,"date":"2025-06-10T17:09:04","date_gmt":"2025-06-10T17:09:04","guid":{"rendered":"https:\/\/vitablanca.ma\/product\/eucerin-offre-web-sun-fluide-pigment-control-50-ml-spf-50-format-voyage-et-trousse-offerts\/"},"modified":"2026-03-10T01:45:06","modified_gmt":"2026-03-10T01:45:06","slug":"eucerin-offre-web-sun-fluide-pigment-control-50-ml-spf-50-format-voyage-et-trousse-offerts","status":"publish","type":"product","link":"https:\/\/vitablanca.ma\/en\/product\/eucerin-offre-web-sun-fluide-pigment-control-50-ml-spf-50-format-voyage-et-trousse-offerts\/","title":{"rendered":"EUCERIN WEB OFFER SUN FLUID PIGMENT CONTROL 50 ML SPF 50 + FREE TRAVEL SIZE AND BAG"},"content":{"rendered":"<h2><span>EUCERIN WEB OFFER SUN FLUID PIGMENT CONTROL 50 ML SPF 50<\/span><\/h2>\n<p><strong>+ FREE EUCERIN HYDRO PROTECT TRAVEL SIZE<\/strong><\/p>\n<p><strong>+ FREE EUCERIN KIT<\/strong><\/p>\n<p>SUN PIGMENT CONTROL Fluid SPF 50+ is a very high sun protection product for the face for daily use. Over time, this sunscreen helps prevent and reduce sun-induced hyperpigmentation and prevents its recurrence. Thanks to its formula enriched with Thiamidol and UVA\/UVB filters, the skin is effectively protected.<\/p>\n<p><strong>COMPOSITIONS &amp; INGREDIENTS:<\/strong><\/p>\n<p>The list of ingredients may be subject to variations, we advise you to always check the list on the product purchased.<\/p>\n<p>INCI Ingredients: Aqua, Alcohol Denat., Butyl Methoxydibenzoylmethane, Ethylhexyl Salicylate, Butylene Glycol Dicaprylate\/Dicaprate, Ethylhexyl Triazone, Bis-Ethylhexyloxyphenol Methoxyphenyl Triazine, Homosalate, Octocrylene, C12-15 Alkyl Benzoate, Cetearyl Alcohol, Phenylbenzimidazole Sulfonic Acid, Tapioca Starch, Isobutylamido Thiazolyl Resorcinol, Glycyrrhetinic Acid, Glycyrrhiza Inflata Root Extract, Glycerin, Tocopherol, Glucosylrutin, Isoquercitrin, Chondrus Crispus Extract, Xanthan Gum, Sodium Stearoyl Glutamate, Glyceryl Stearate, Carbomer, Acrylates\/C10-30 Alkyl Acrylate Crosspolymer, Sodium Chloride, Dimethicone, Trisodium EDTA, Sodium Hydroxide, Phenoxyethanol, Parfum.<\/p>\n<p><strong>DIRECTIONS FOR USE:<\/strong><\/p>\n<p>Apply this sunscreen before and during sun exposure, especially after swimming, toweling, or sweating. Apply this cream gel generously and evenly to all parts of the body exposed to the sun. Apply products with Thiamidol a maximum of 4 times a day.\u00a0<\/p>\n<p><strong>How to limit hyperpigmentation and spots on the skin?<\/strong><\/p>\n<p>Hyperpigmentation, which is characterized by dark spots, especially on the face, can affect your appearance and self-confidence. These skin problems are often caused by excessive sun exposure, aging, acne, hormonal changes, or skin damage. Fortunately, there are ways to limit hyperpigmentation and spots on the skin. The first way to limit hyperpigmentation and spots on the skin is to protect your skin from the sun. Using a broad-spectrum sunscreen with an SPF of 30 or higher can help prevent damage from UV rays. In addition, it is recommended to wear protective clothing such as hats and long-sleeved T-shirts when exposed to the sun for extended periods. Then, you can use skin care products containing active ingredients to lighten the skin and reduce hyperpigmentation. Ingredients such as vitamin C, kojic acid, glycolic acid, and salicylic acid can help loosen the skin and reduce the appearance of dark spots. Eucerin Pigment Control Fluid is a good solution for limiting hyperpigmentation and spots on the skin. This product contains thioctic acid, glycyrrhetinic acid, hyaluronic acid, and vitamin E. These ingredients work together to reduce the appearance of dark spots, even out skin tone, and moisturize the skin. Plus, Eucerin Pigment Control Fluid is easy to use. Simply apply a small amount to your face and neck twice a day, morning and night, avoiding the eye area. Results can be seen as early as four weeks of regular use.<\/p>","protected":false},"excerpt":{"rendered":"<p>EUCERIN OFFRE WEB SUN FLUIDE PIGMENT CONTROL 50 ML SPF 50 + EUCERIN HYDRO PROTECT FORMAT VOYAGE OFFERT + TROUSSE EUCERIN OFFERTE SUN PIGMENT CONTROL Fluid SPF 50+ est une tr\u00e8s haute protection solaire pour le visage \u00e0 utiliser quotidiennement. Au fil du temps, cette protection solaire aide \u00e0 pr\u00e9venir et r\u00e9duire l&rsquo;hyperpigmentation induite par [&hellip;]<\/p>\n","protected":false},"featured_media":17819,"template":"","meta":{"om_disable_all_campaigns":false},"product_brand":[5994],"product_cat":[18,15],"product_tag":[],"class_list":{"0":"post-17820","1":"product","2":"type-product","3":"status-publish","4":"has-post-thumbnail","6":"product_brand-eucerin-maroc-prix","7":"product_cat-beaute-sante","8":"product_cat-beaute-sante-complements-alimentaires-soins-et-bien-etre-au-meilleur-prix","10":"first","11":"outofstock","12":"sale","13":"taxable","14":"shipping-taxable","15":"purchasable","16":"product-type-simple"},"yoast_head":"<!-- This site is optimized with the Yoast SEO plugin v27.3 - https:\/\/yoast.com\/product\/yoast-seo-wordpress\/ -->\n<title>EUCERIN OFFRE WEB SUN FLUIDE PIGMENT CONTROL 50 ML SPF 50 + FORMAT VOYAGE ET TROUSSE OFFERTS - Maroc Prix<\/title>\n<meta name=\"description\" content=\"EUCERIN OFFRE WEB SUN FLUIDE PIGMENT CONTROL 50 ML SPF 50 + FORMAT VOYAGE ET TROUSSE OFFERTS\" \/>\n<meta name=\"robots\" content=\"index, follow, max-snippet:-1, max-image-preview:large, max-video-preview:-1\" \/>\n<link rel=\"canonical\" href=\"https:\/\/vitablanca.ma\/en\/product\/eucerin-offre-web-sun-fluide-pigment-control-50-ml-spf-50-format-voyage-et-trousse-offerts\/\" \/>\n<meta property=\"og:locale\" content=\"en_US\" \/>\n<meta property=\"og:type\" content=\"article\" \/>\n<meta property=\"og:title\" content=\"EUCERIN OFFRE WEB SUN FLUIDE PIGMENT CONTROL 50 ML SPF 50 + FORMAT VOYAGE ET TROUSSE OFFERTS - Maroc Prix\" \/>\n<meta property=\"og:description\" content=\"EUCERIN OFFRE WEB SUN FLUIDE PIGMENT CONTROL 50 ML SPF 50 + FORMAT VOYAGE ET TROUSSE OFFERTS\" \/>\n<meta property=\"og:url\" content=\"https:\/\/vitablanca.ma\/en\/product\/eucerin-offre-web-sun-fluide-pigment-control-50-ml-spf-50-format-voyage-et-trousse-offerts\/\" \/>\n<meta property=\"og:site_name\" content=\"Vitablanca.ma &ndash; Sant&eacute;, vitalit&eacute; et bien-&ecirc;tre pour tous les Marocains\" \/>\n<meta property=\"article:publisher\" content=\"https:\/\/www.facebook.com\/profile.php?id=61576678196717\" \/>\n<meta property=\"article:modified_time\" content=\"2026-03-10T01:45:06+00:00\" \/>\n<meta property=\"og:image\" content=\"https:\/\/vitablanca.ma\/wp-content\/uploads\/2025\/06\/eucerin-offre-sun-protection-pigment-control-fluid-protection-spf-5050-ml-Nova-para-prix-Maroc.jpg\" \/>\n\t<meta property=\"og:image:width\" content=\"800\" \/>\n\t<meta property=\"og:image:height\" content=\"800\" \/>\n\t<meta property=\"og:image:type\" content=\"image\/jpeg\" \/>\n<meta name=\"twitter:card\" content=\"summary_large_image\" \/>\n<meta name=\"twitter:label1\" content=\"Est. reading time\" \/>\n\t<meta name=\"twitter:data1\" content=\"3 minutes\" \/>\n<script type=\"application\/ld+json\" class=\"yoast-schema-graph\">{\"@context\":\"https:\\\/\\\/schema.org\",\"@graph\":[{\"@type\":[\"WebPage\",\"ItemPage\"],\"@id\":\"https:\\\/\\\/vitablanca.ma\\\/produit\\\/eucerin-offre-web-sun-fluide-pigment-control-50-ml-spf-50-format-voyage-et-trousse-offerts\\\/\",\"url\":\"https:\\\/\\\/vitablanca.ma\\\/produit\\\/eucerin-offre-web-sun-fluide-pigment-control-50-ml-spf-50-format-voyage-et-trousse-offerts\\\/\",\"name\":\"EUCERIN OFFRE WEB SUN FLUIDE PIGMENT CONTROL 50 ML SPF 50 + FORMAT VOYAGE ET TROUSSE OFFERTS - Maroc Prix\",\"isPartOf\":{\"@id\":\"https:\\\/\\\/vitablanca.ma\\\/#website\"},\"primaryImageOfPage\":{\"@id\":\"https:\\\/\\\/vitablanca.ma\\\/produit\\\/eucerin-offre-web-sun-fluide-pigment-control-50-ml-spf-50-format-voyage-et-trousse-offerts\\\/#primaryimage\"},\"image\":{\"@id\":\"https:\\\/\\\/vitablanca.ma\\\/produit\\\/eucerin-offre-web-sun-fluide-pigment-control-50-ml-spf-50-format-voyage-et-trousse-offerts\\\/#primaryimage\"},\"thumbnailUrl\":\"https:\\\/\\\/vitablanca.ma\\\/wp-content\\\/uploads\\\/2025\\\/06\\\/eucerin-offre-sun-protection-pigment-control-fluid-protection-spf-5050-ml-Nova-para-prix-Maroc.jpg\",\"datePublished\":\"2025-06-10T17:09:04+00:00\",\"dateModified\":\"2026-03-10T01:45:06+00:00\",\"description\":\"EUCERIN OFFRE WEB SUN FLUIDE PIGMENT CONTROL 50 ML SPF 50 + FORMAT VOYAGE ET TROUSSE OFFERTS\",\"breadcrumb\":{\"@id\":\"https:\\\/\\\/vitablanca.ma\\\/produit\\\/eucerin-offre-web-sun-fluide-pigment-control-50-ml-spf-50-format-voyage-et-trousse-offerts\\\/#breadcrumb\"},\"inLanguage\":\"en-US\",\"potentialAction\":[{\"@type\":\"ReadAction\",\"target\":[\"https:\\\/\\\/vitablanca.ma\\\/produit\\\/eucerin-offre-web-sun-fluide-pigment-control-50-ml-spf-50-format-voyage-et-trousse-offerts\\\/\"]}]},{\"@type\":\"ImageObject\",\"inLanguage\":\"en-US\",\"@id\":\"https:\\\/\\\/vitablanca.ma\\\/produit\\\/eucerin-offre-web-sun-fluide-pigment-control-50-ml-spf-50-format-voyage-et-trousse-offerts\\\/#primaryimage\",\"url\":\"https:\\\/\\\/vitablanca.ma\\\/wp-content\\\/uploads\\\/2025\\\/06\\\/eucerin-offre-sun-protection-pigment-control-fluid-protection-spf-5050-ml-Nova-para-prix-Maroc.jpg\",\"contentUrl\":\"https:\\\/\\\/vitablanca.ma\\\/wp-content\\\/uploads\\\/2025\\\/06\\\/eucerin-offre-sun-protection-pigment-control-fluid-protection-spf-5050-ml-Nova-para-prix-Maroc.jpg\",\"width\":800,\"height\":800},{\"@type\":\"BreadcrumbList\",\"@id\":\"https:\\\/\\\/vitablanca.ma\\\/produit\\\/eucerin-offre-web-sun-fluide-pigment-control-50-ml-spf-50-format-voyage-et-trousse-offerts\\\/#breadcrumb\",\"itemListElement\":[{\"@type\":\"ListItem\",\"position\":1,\"name\":\"Home\",\"item\":\"https:\\\/\\\/vitablanca.ma\\\/\"},{\"@type\":\"ListItem\",\"position\":2,\"name\":\"Tous Les Produits\",\"item\":\"https:\\\/\\\/vitablanca.ma\\\/tous-les-produits\\\/\"},{\"@type\":\"ListItem\",\"position\":3,\"name\":\"EUCERIN OFFRE WEB SUN FLUIDE PIGMENT CONTROL 50 ML SPF 50 + FORMAT VOYAGE ET TROUSSE OFFERTS\"}]},{\"@type\":\"WebSite\",\"@id\":\"https:\\\/\\\/vitablanca.ma\\\/#website\",\"url\":\"https:\\\/\\\/vitablanca.ma\\\/\",\"name\":\"VitaBlanca.ma | Compl\u00e9ments alimentaires, sant\u00e9 & beaut\u00e9 au Maroc\",\"description\":\"vendre vitamines et compl\u00e9ments premium des USA &amp; Canada, Nouvelle Z\u00e9lande,Maroc (NOW Foods, Solgar, Manuka). Livraison rapide partout au Maroc.\",\"publisher\":{\"@id\":\"https:\\\/\\\/vitablanca.ma\\\/#organization\"},\"alternateName\":\"VitaBlanca.ma\",\"potentialAction\":[{\"@type\":\"SearchAction\",\"target\":{\"@type\":\"EntryPoint\",\"urlTemplate\":\"https:\\\/\\\/vitablanca.ma\\\/?s={search_term_string}\"},\"query-input\":{\"@type\":\"PropertyValueSpecification\",\"valueRequired\":true,\"valueName\":\"search_term_string\"}}],\"inLanguage\":\"en-US\"},{\"@type\":\"Organization\",\"@id\":\"https:\\\/\\\/vitablanca.ma\\\/#organization\",\"name\":\"VitaBlanca\",\"url\":\"https:\\\/\\\/vitablanca.ma\\\/\",\"logo\":{\"@type\":\"ImageObject\",\"inLanguage\":\"en-US\",\"@id\":\"https:\\\/\\\/vitablanca.ma\\\/#\\\/schema\\\/logo\\\/image\\\/\",\"url\":\"https:\\\/\\\/vitablanca.ma\\\/wp-content\\\/uploads\\\/2025\\\/05\\\/cropped-vitablanca.png\",\"contentUrl\":\"https:\\\/\\\/vitablanca.ma\\\/wp-content\\\/uploads\\\/2025\\\/05\\\/cropped-vitablanca.png\",\"width\":360,\"height\":67,\"caption\":\"VitaBlanca\"},\"image\":{\"@id\":\"https:\\\/\\\/vitablanca.ma\\\/#\\\/schema\\\/logo\\\/image\\\/\"},\"sameAs\":[\"https:\\\/\\\/www.facebook.com\\\/profile.php?id=61576678196717\",\"https:\\\/\\\/www.tiktok.com\\\/@vitablanca.ma\",\"https:\\\/\\\/www.instagram.com\\\/vitablanca.ma\\\/\"]}]}<\/script>\n<!-- \/ Yoast SEO plugin. -->","yoast_head_json":{"title":"EUCERIN WEB OFFER SUN FLUID PIGMENT CONTROL 50 ML SPF 50 + FREE TRAVEL SIZE AND BAG - Morocco Price","description":"EUCERIN WEB OFFER SUN FLUID PIGMENT CONTROL 50 ML SPF 50 + FREE TRAVEL SIZE AND BAG","robots":{"index":"index","follow":"follow","max-snippet":"max-snippet:-1","max-image-preview":"max-image-preview:large","max-video-preview":"max-video-preview:-1"},"canonical":"https:\/\/vitablanca.ma\/en\/product\/eucerin-offre-web-sun-fluide-pigment-control-50-ml-spf-50-format-voyage-et-trousse-offerts\/","og_locale":"en_US","og_type":"article","og_title":"EUCERIN OFFRE WEB SUN FLUIDE PIGMENT CONTROL 50 ML SPF 50 + FORMAT VOYAGE ET TROUSSE OFFERTS - Maroc Prix","og_description":"EUCERIN OFFRE WEB SUN FLUIDE PIGMENT CONTROL 50 ML SPF 50 + FORMAT VOYAGE ET TROUSSE OFFERTS","og_url":"https:\/\/vitablanca.ma\/en\/product\/eucerin-offre-web-sun-fluide-pigment-control-50-ml-spf-50-format-voyage-et-trousse-offerts\/","og_site_name":"Vitablanca.ma &ndash; Sant&eacute;, vitalit&eacute; et bien-&ecirc;tre pour tous les Marocains","article_publisher":"https:\/\/www.facebook.com\/profile.php?id=61576678196717","article_modified_time":"2026-03-10T01:45:06+00:00","og_image":[{"width":800,"height":800,"url":"https:\/\/vitablanca.ma\/wp-content\/uploads\/2025\/06\/eucerin-offre-sun-protection-pigment-control-fluid-protection-spf-5050-ml-Nova-para-prix-Maroc.jpg","type":"image\/jpeg"}],"twitter_card":"summary_large_image","twitter_misc":{"Est. reading time":"3 minutes"},"schema":{"@context":"https:\/\/schema.org","@graph":[{"@type":["WebPage","ItemPage"],"@id":"https:\/\/vitablanca.ma\/produit\/eucerin-offre-web-sun-fluide-pigment-control-50-ml-spf-50-format-voyage-et-trousse-offerts\/","url":"https:\/\/vitablanca.ma\/produit\/eucerin-offre-web-sun-fluide-pigment-control-50-ml-spf-50-format-voyage-et-trousse-offerts\/","name":"EUCERIN WEB OFFER SUN FLUID PIGMENT CONTROL 50 ML SPF 50 + FREE TRAVEL SIZE AND BAG - Morocco Price","isPartOf":{"@id":"https:\/\/vitablanca.ma\/#website"},"primaryImageOfPage":{"@id":"https:\/\/vitablanca.ma\/produit\/eucerin-offre-web-sun-fluide-pigment-control-50-ml-spf-50-format-voyage-et-trousse-offerts\/#primaryimage"},"image":{"@id":"https:\/\/vitablanca.ma\/produit\/eucerin-offre-web-sun-fluide-pigment-control-50-ml-spf-50-format-voyage-et-trousse-offerts\/#primaryimage"},"thumbnailUrl":"https:\/\/vitablanca.ma\/wp-content\/uploads\/2025\/06\/eucerin-offre-sun-protection-pigment-control-fluid-protection-spf-5050-ml-Nova-para-prix-Maroc.jpg","datePublished":"2025-06-10T17:09:04+00:00","dateModified":"2026-03-10T01:45:06+00:00","description":"EUCERIN WEB OFFER SUN FLUID PIGMENT CONTROL 50 ML SPF 50 + FREE TRAVEL SIZE AND BAG","breadcrumb":{"@id":"https:\/\/vitablanca.ma\/produit\/eucerin-offre-web-sun-fluide-pigment-control-50-ml-spf-50-format-voyage-et-trousse-offerts\/#breadcrumb"},"inLanguage":"en-US","potentialAction":[{"@type":"ReadAction","target":["https:\/\/vitablanca.ma\/produit\/eucerin-offre-web-sun-fluide-pigment-control-50-ml-spf-50-format-voyage-et-trousse-offerts\/"]}]},{"@type":"ImageObject","inLanguage":"en-US","@id":"https:\/\/vitablanca.ma\/produit\/eucerin-offre-web-sun-fluide-pigment-control-50-ml-spf-50-format-voyage-et-trousse-offerts\/#primaryimage","url":"https:\/\/vitablanca.ma\/wp-content\/uploads\/2025\/06\/eucerin-offre-sun-protection-pigment-control-fluid-protection-spf-5050-ml-Nova-para-prix-Maroc.jpg","contentUrl":"https:\/\/vitablanca.ma\/wp-content\/uploads\/2025\/06\/eucerin-offre-sun-protection-pigment-control-fluid-protection-spf-5050-ml-Nova-para-prix-Maroc.jpg","width":800,"height":800},{"@type":"BreadcrumbList","@id":"https:\/\/vitablanca.ma\/produit\/eucerin-offre-web-sun-fluide-pigment-control-50-ml-spf-50-format-voyage-et-trousse-offerts\/#breadcrumb","itemListElement":[{"@type":"ListItem","position":1,"name":"Home","item":"https:\/\/vitablanca.ma\/"},{"@type":"ListItem","position":2,"name":"Tous Les Produits","item":"https:\/\/vitablanca.ma\/tous-les-produits\/"},{"@type":"ListItem","position":3,"name":"EUCERIN OFFRE WEB SUN FLUIDE PIGMENT CONTROL 50 ML SPF 50 + FORMAT VOYAGE ET TROUSSE OFFERTS"}]},{"@type":"WebSite","@id":"https:\/\/vitablanca.ma\/#website","url":"https:\/\/vitablanca.ma\/","name":"VitaBlanca.ma | Food supplements, health &amp; beauty in Morocco","description":"sell premium vitamins and supplements from USA &amp; Canada, New Zealand, Morocco (NOW Foods, Solgar, Manuka). Fast delivery anywhere in Morocco.","publisher":{"@id":"https:\/\/vitablanca.ma\/#organization"},"alternateName":"VitaBlanca.ma","potentialAction":[{"@type":"SearchAction","target":{"@type":"EntryPoint","urlTemplate":"https:\/\/vitablanca.ma\/?s={search_term_string}"},"query-input":{"@type":"PropertyValueSpecification","valueRequired":true,"valueName":"search_term_string"}}],"inLanguage":"en-US"},{"@type":"Organization","@id":"https:\/\/vitablanca.ma\/#organization","name":"VitaBlanca","url":"https:\/\/vitablanca.ma\/","logo":{"@type":"ImageObject","inLanguage":"en-US","@id":"https:\/\/vitablanca.ma\/#\/schema\/logo\/image\/","url":"https:\/\/vitablanca.ma\/wp-content\/uploads\/2025\/05\/cropped-vitablanca.png","contentUrl":"https:\/\/vitablanca.ma\/wp-content\/uploads\/2025\/05\/cropped-vitablanca.png","width":360,"height":67,"caption":"VitaBlanca"},"image":{"@id":"https:\/\/vitablanca.ma\/#\/schema\/logo\/image\/"},"sameAs":["https:\/\/www.facebook.com\/profile.php?id=61576678196717","https:\/\/www.tiktok.com\/@vitablanca.ma","https:\/\/www.instagram.com\/vitablanca.ma\/"]}]}},"jetpack_sharing_enabled":true,"_links":{"self":[{"href":"https:\/\/vitablanca.ma\/en\/wp-json\/wp\/v2\/product\/17820","targetHints":{"allow":["GET"]}}],"collection":[{"href":"https:\/\/vitablanca.ma\/en\/wp-json\/wp\/v2\/product"}],"about":[{"href":"https:\/\/vitablanca.ma\/en\/wp-json\/wp\/v2\/types\/product"}],"wp:featuredmedia":[{"embeddable":true,"href":"https:\/\/vitablanca.ma\/en\/wp-json\/wp\/v2\/media\/17819"}],"wp:attachment":[{"href":"https:\/\/vitablanca.ma\/en\/wp-json\/wp\/v2\/media?parent=17820"}],"wp:term":[{"taxonomy":"product_brand","embeddable":true,"href":"https:\/\/vitablanca.ma\/en\/wp-json\/wp\/v2\/product_brand?post=17820"},{"taxonomy":"product_cat","embeddable":true,"href":"https:\/\/vitablanca.ma\/en\/wp-json\/wp\/v2\/product_cat?post=17820"},{"taxonomy":"product_tag","embeddable":true,"href":"https:\/\/vitablanca.ma\/en\/wp-json\/wp\/v2\/product_tag?post=17820"}],"curies":[{"name":"wp","href":"https:\/\/api.w.org\/{rel}","templated":true}]}}