{"id":17816,"date":"2025-06-10T17:08:59","date_gmt":"2025-06-10T17:08:59","guid":{"rendered":"https:\/\/vitablanca.ma\/product\/eucerin-hyaluron-filler-effect-serum-vitamine-c-booster\/"},"modified":"2026-01-21T23:25:20","modified_gmt":"2026-01-21T23:25:20","slug":"eucerin-hyaluron-filler-effect-serum-vitamine-c-booster","status":"publish","type":"product","link":"https:\/\/vitablanca.ma\/en\/product\/eucerin-hyaluron-filler-effect-serum-vitamine-c-booster\/","title":{"rendered":"Eucerin HYALURON-FILLER Effect Vitamin C Booster Serum"},"content":{"rendered":"<h2 data-mce-fragment=\"1\">Eucerin HYALURON-FILLER Effect Serum Vitamin C Anti-aging booster containing 10 % of pure, freshly activated vitamin C, suitable for all skin types.<\/h2>\n<p data-mce-fragment=\"1\">Its EFFECT formula:<\/p>\n<div class=\"text\" data-mce-fragment=\"1\">\n<p data-mce-fragment=\"1\">1- Plumps<br data-mce-fragment=\"1\">2- Strengthens<br data-mce-fragment=\"1\">3- Brings shine<\/p>\n<p data-mce-fragment=\"1\">An easily absorbed booster treatment that strengthens and smooths the skin while filling in wrinkles. Skin is fresher and more radiant in just seven days.<br data-mce-fragment=\"1\">Discover this booster treatment in two formats: a 10-day treatment (8ml) and a 30-day treatment.<\/p>\n<h2 class=\"uk-accordion-title\" data-mce-fragment=\"1\" data-mce-href=\"#\">About<\/h2>\n<div class=\"uk-accordion-content\" data-mce-fragment=\"1\">\n<section class=\"eucerin-cp cp-text right\" data-mce-fragment=\"1\">\n<p class=\"hdl-3\" data-mce-fragment=\"1\">Vitamin C Booster Serum<\/p>\n<\/section>\n<section class=\"eucerin-cp cp-text right\" data-mce-fragment=\"1\">\n<div class=\"text\" data-mce-fragment=\"1\">\n<p data-mce-fragment=\"1\">The sun, pollution, tobacco, and other aspects of our lifestyle generate the formation of free radicals. Free radicals cause oxidative stress in the skin, accelerating premature aging.<span data-mce-fragment=\"1\">\u00a0<\/span>and dull the skin. EUCERIN HYALURON-FILLER EFFECT VITAMIN C BOOSTER SERUM, which contains 10 % of pure, freshly activated vitamin C, has been specially formulated to fight free radicals and combat the first signs of aging: it strengthens the skin, fills in wrinkles and gives you a smoother, fresher and more radiant complexion.<br data-mce-fragment=\"1\"><br data-mce-fragment=\"1\">Vitamin C is a powerful antioxidant that neutralizes free radicals and strengthens the skin&#039;s defense system. It is also essential for the production of collagen in skin cells, helping to maintain skin structure and delay the signs of aging. The innovative pack ensures that the pure vitamin C is freshly activated upon first use. Simply press and shake to combine the vitamin C powder with the hyaluronic acid serum.<span data-mce-fragment=\"1\">\u00a0<\/span>low molecular weight and<span data-mce-fragment=\"1\">\u00a0<\/span>Licochalcone A. The formula maintains its maximum effectiveness for 21 days.<br data-mce-fragment=\"1\"><\/p>\n<\/div>\n<\/section>\n<section class=\"eucerin-cp cp-text right\" data-mce-fragment=\"1\">\n<div class=\"text\" data-mce-fragment=\"1\">\n<p data-mce-fragment=\"1\">Hyaluronic Acid<span data-mce-fragment=\"1\">\u00a0<\/span>low molecular weight is an effective moisturizer that fills wrinkles in the skin&#039;s (upper) layers of the epidermis. Another proven antioxidant,<span data-mce-fragment=\"1\">\u00a0<\/span>Licochalcone A<span data-mce-fragment=\"1\">\u00a0<\/span>interacts with vitamin C to neutralize free radicals caused by UV rays and high energy visible light (HEVIS).<br data-mce-fragment=\"1\"><br data-mce-fragment=\"1\">Eucerin Hyaluron-Filler Effect Vitamin C Booster Serum is suitable for all skin types and has been clinically and dermatologically proven to strengthen skin and fill wrinkles. Skin looks smoother, fresher, and more radiant in just seven days, with results improving day after day.<\/p>\n<p data-mce-fragment=\"1\">Apply Eucerin HYALURON-FILLER EFFECT VITAMIN C BOOSTER SERUM in the morning or evening before your treatment, or mix it with your treatment.\u00a0<br data-mce-fragment=\"1\">If applying in the morning, also use sunscreen and limit sun exposure while using this product and for one week after the last use.\u00a0<\/p>\n<h3 class=\"hdl-3\" data-mce-fragment=\"1\">Properties<\/h3>\n<div class=\"text\" data-mce-fragment=\"1\">\n<ul data-mce-fragment=\"1\">\n<li data-mce-fragment=\"1\">non-comedogenic<\/li>\n<li data-mce-fragment=\"1\">lightly scented<\/li>\n<li data-mce-fragment=\"1\">excellent makeup base<\/li>\n<\/ul>\n<h3 class=\"hdl-3\" data-mce-fragment=\"1\">Directions for use<\/h3>\n<div class=\"text\" data-mce-fragment=\"1\">\n<p data-mce-fragment=\"1\">Vitamin C is most effective when freshly activated. Our innovative packaging makes it easy to activate right out of the box.<\/p>\n<\/div>\n<\/div>\n<\/div>\n<\/section>\n<\/div>\n<\/div>","protected":false},"excerpt":{"rendered":"<p>Eucerin HYALURON-FILLER Effect S\u00e9rum Vitamine C Booster anti-\u00e2ge contenant 10 % de vitamine C pure et fra\u00eechement activ\u00e9e, adapt\u00e9 \u00e0 tous les types de peau. Sa formule EFFECT : 1- Repulpe2- Renforce3- Apporte de l&rsquo;\u00e9clat Soin booster qui p\u00e9n\u00e8tre facilement et qui renforce et lisse la peau tout en comblant les rides. La peau est [&hellip;]<\/p>\n","protected":false},"featured_media":17813,"template":"","meta":{"om_disable_all_campaigns":false},"product_brand":[5994],"product_cat":[18,15],"product_tag":[],"class_list":{"0":"post-17816","1":"product","2":"type-product","3":"status-publish","4":"has-post-thumbnail","6":"product_brand-eucerin-maroc-prix","7":"product_cat-beaute-sante","8":"product_cat-beaute-sante-complements-alimentaires-soins-et-bien-etre-au-meilleur-prix","10":"first","11":"instock","12":"sale","13":"taxable","14":"shipping-taxable","15":"purchasable","16":"product-type-simple"},"yoast_head":"<!-- This site is optimized with the Yoast SEO plugin v27.3 - https:\/\/yoast.com\/product\/yoast-seo-wordpress\/ -->\n<title>Eucerin HYALURON-FILLER Effect S\u00e9rum Vitamine C Booster - Maroc Prix<\/title>\n<meta name=\"description\" content=\"Eucerin HYALURON-FILLER Effect S\u00e9rum Vitamine C Booster\" \/>\n<meta name=\"robots\" content=\"index, follow, max-snippet:-1, max-image-preview:large, max-video-preview:-1\" \/>\n<link rel=\"canonical\" href=\"https:\/\/vitablanca.ma\/en\/product\/eucerin-hyaluron-filler-effect-serum-vitamine-c-booster\/\" \/>\n<meta property=\"og:locale\" content=\"en_US\" \/>\n<meta property=\"og:type\" content=\"article\" \/>\n<meta property=\"og:title\" content=\"Eucerin HYALURON-FILLER Effect S\u00e9rum Vitamine C Booster - Maroc Prix\" \/>\n<meta property=\"og:description\" content=\"Eucerin HYALURON-FILLER Effect S\u00e9rum Vitamine C Booster\" \/>\n<meta property=\"og:url\" content=\"https:\/\/vitablanca.ma\/en\/product\/eucerin-hyaluron-filler-effect-serum-vitamine-c-booster\/\" \/>\n<meta property=\"og:site_name\" content=\"Vitablanca.ma &ndash; Sant&eacute;, vitalit&eacute; et bien-&ecirc;tre pour tous les Marocains\" \/>\n<meta property=\"article:publisher\" content=\"https:\/\/www.facebook.com\/profile.php?id=61576678196717\" \/>\n<meta property=\"article:modified_time\" content=\"2026-01-21T23:25:20+00:00\" \/>\n<meta property=\"og:image\" content=\"https:\/\/vitablanca.ma\/wp-content\/uploads\/2025\/06\/Eucerin-HYALURON-FILLER-Effect-Serum-Vitamine-C-Booster-nova-parapharmacie-casablanca.jpg\" \/>\n\t<meta property=\"og:image:width\" content=\"1000\" \/>\n\t<meta property=\"og:image:height\" content=\"1000\" \/>\n\t<meta property=\"og:image:type\" content=\"image\/jpeg\" \/>\n<meta name=\"twitter:card\" content=\"summary_large_image\" \/>\n<meta name=\"twitter:label1\" content=\"Est. reading time\" \/>\n\t<meta name=\"twitter:data1\" content=\"3 minutes\" \/>\n<script type=\"application\/ld+json\" class=\"yoast-schema-graph\">{\"@context\":\"https:\\\/\\\/schema.org\",\"@graph\":[{\"@type\":[\"WebPage\",\"ItemPage\"],\"@id\":\"https:\\\/\\\/vitablanca.ma\\\/produit\\\/eucerin-hyaluron-filler-effect-serum-vitamine-c-booster\\\/\",\"url\":\"https:\\\/\\\/vitablanca.ma\\\/produit\\\/eucerin-hyaluron-filler-effect-serum-vitamine-c-booster\\\/\",\"name\":\"Eucerin HYALURON-FILLER Effect S\u00e9rum Vitamine C Booster - Maroc Prix\",\"isPartOf\":{\"@id\":\"https:\\\/\\\/vitablanca.ma\\\/#website\"},\"primaryImageOfPage\":{\"@id\":\"https:\\\/\\\/vitablanca.ma\\\/produit\\\/eucerin-hyaluron-filler-effect-serum-vitamine-c-booster\\\/#primaryimage\"},\"image\":{\"@id\":\"https:\\\/\\\/vitablanca.ma\\\/produit\\\/eucerin-hyaluron-filler-effect-serum-vitamine-c-booster\\\/#primaryimage\"},\"thumbnailUrl\":\"https:\\\/\\\/vitablanca.ma\\\/wp-content\\\/uploads\\\/2025\\\/06\\\/Eucerin-HYALURON-FILLER-Effect-Serum-Vitamine-C-Booster-nova-parapharmacie-casablanca.jpg\",\"datePublished\":\"2025-06-10T17:08:59+00:00\",\"dateModified\":\"2026-01-21T23:25:20+00:00\",\"description\":\"Eucerin HYALURON-FILLER Effect S\u00e9rum Vitamine C Booster\",\"breadcrumb\":{\"@id\":\"https:\\\/\\\/vitablanca.ma\\\/produit\\\/eucerin-hyaluron-filler-effect-serum-vitamine-c-booster\\\/#breadcrumb\"},\"inLanguage\":\"en-US\",\"potentialAction\":[{\"@type\":\"ReadAction\",\"target\":[\"https:\\\/\\\/vitablanca.ma\\\/produit\\\/eucerin-hyaluron-filler-effect-serum-vitamine-c-booster\\\/\"]}]},{\"@type\":\"ImageObject\",\"inLanguage\":\"en-US\",\"@id\":\"https:\\\/\\\/vitablanca.ma\\\/produit\\\/eucerin-hyaluron-filler-effect-serum-vitamine-c-booster\\\/#primaryimage\",\"url\":\"https:\\\/\\\/vitablanca.ma\\\/wp-content\\\/uploads\\\/2025\\\/06\\\/Eucerin-HYALURON-FILLER-Effect-Serum-Vitamine-C-Booster-nova-parapharmacie-casablanca.jpg\",\"contentUrl\":\"https:\\\/\\\/vitablanca.ma\\\/wp-content\\\/uploads\\\/2025\\\/06\\\/Eucerin-HYALURON-FILLER-Effect-Serum-Vitamine-C-Booster-nova-parapharmacie-casablanca.jpg\",\"width\":1000,\"height\":1000},{\"@type\":\"BreadcrumbList\",\"@id\":\"https:\\\/\\\/vitablanca.ma\\\/produit\\\/eucerin-hyaluron-filler-effect-serum-vitamine-c-booster\\\/#breadcrumb\",\"itemListElement\":[{\"@type\":\"ListItem\",\"position\":1,\"name\":\"Home\",\"item\":\"https:\\\/\\\/vitablanca.ma\\\/\"},{\"@type\":\"ListItem\",\"position\":2,\"name\":\"Tous Les Produits\",\"item\":\"https:\\\/\\\/vitablanca.ma\\\/tous-les-produits\\\/\"},{\"@type\":\"ListItem\",\"position\":3,\"name\":\"Eucerin HYALURON-FILLER Effect S\u00e9rum Vitamine C Booster\"}]},{\"@type\":\"WebSite\",\"@id\":\"https:\\\/\\\/vitablanca.ma\\\/#website\",\"url\":\"https:\\\/\\\/vitablanca.ma\\\/\",\"name\":\"VitaBlanca.ma | Compl\u00e9ments alimentaires, sant\u00e9 & beaut\u00e9 au Maroc\",\"description\":\"vendre vitamines et compl\u00e9ments premium des USA &amp; Canada, Nouvelle Z\u00e9lande,Maroc (NOW Foods, Solgar, Manuka). Livraison rapide partout au Maroc.\",\"publisher\":{\"@id\":\"https:\\\/\\\/vitablanca.ma\\\/#organization\"},\"alternateName\":\"VitaBlanca.ma\",\"potentialAction\":[{\"@type\":\"SearchAction\",\"target\":{\"@type\":\"EntryPoint\",\"urlTemplate\":\"https:\\\/\\\/vitablanca.ma\\\/?s={search_term_string}\"},\"query-input\":{\"@type\":\"PropertyValueSpecification\",\"valueRequired\":true,\"valueName\":\"search_term_string\"}}],\"inLanguage\":\"en-US\"},{\"@type\":\"Organization\",\"@id\":\"https:\\\/\\\/vitablanca.ma\\\/#organization\",\"name\":\"VitaBlanca\",\"url\":\"https:\\\/\\\/vitablanca.ma\\\/\",\"logo\":{\"@type\":\"ImageObject\",\"inLanguage\":\"en-US\",\"@id\":\"https:\\\/\\\/vitablanca.ma\\\/#\\\/schema\\\/logo\\\/image\\\/\",\"url\":\"https:\\\/\\\/vitablanca.ma\\\/wp-content\\\/uploads\\\/2025\\\/05\\\/cropped-vitablanca.png\",\"contentUrl\":\"https:\\\/\\\/vitablanca.ma\\\/wp-content\\\/uploads\\\/2025\\\/05\\\/cropped-vitablanca.png\",\"width\":360,\"height\":67,\"caption\":\"VitaBlanca\"},\"image\":{\"@id\":\"https:\\\/\\\/vitablanca.ma\\\/#\\\/schema\\\/logo\\\/image\\\/\"},\"sameAs\":[\"https:\\\/\\\/www.facebook.com\\\/profile.php?id=61576678196717\",\"https:\\\/\\\/www.tiktok.com\\\/@vitablanca.ma\",\"https:\\\/\\\/www.instagram.com\\\/vitablanca.ma\\\/\"]}]}<\/script>\n<!-- \/ Yoast SEO plugin. -->","yoast_head_json":{"title":"Eucerin HYALURON-FILLER Effect Serum Vitamin C Booster - Morocco Price","description":"Eucerin HYALURON-FILLER Effect Vitamin C Booster Serum","robots":{"index":"index","follow":"follow","max-snippet":"max-snippet:-1","max-image-preview":"max-image-preview:large","max-video-preview":"max-video-preview:-1"},"canonical":"https:\/\/vitablanca.ma\/en\/product\/eucerin-hyaluron-filler-effect-serum-vitamine-c-booster\/","og_locale":"en_US","og_type":"article","og_title":"Eucerin HYALURON-FILLER Effect S\u00e9rum Vitamine C Booster - Maroc Prix","og_description":"Eucerin HYALURON-FILLER Effect S\u00e9rum Vitamine C Booster","og_url":"https:\/\/vitablanca.ma\/en\/product\/eucerin-hyaluron-filler-effect-serum-vitamine-c-booster\/","og_site_name":"Vitablanca.ma &ndash; Sant&eacute;, vitalit&eacute; et bien-&ecirc;tre pour tous les Marocains","article_publisher":"https:\/\/www.facebook.com\/profile.php?id=61576678196717","article_modified_time":"2026-01-21T23:25:20+00:00","og_image":[{"width":1000,"height":1000,"url":"https:\/\/vitablanca.ma\/wp-content\/uploads\/2025\/06\/Eucerin-HYALURON-FILLER-Effect-Serum-Vitamine-C-Booster-nova-parapharmacie-casablanca.jpg","type":"image\/jpeg"}],"twitter_card":"summary_large_image","twitter_misc":{"Est. reading time":"3 minutes"},"schema":{"@context":"https:\/\/schema.org","@graph":[{"@type":["WebPage","ItemPage"],"@id":"https:\/\/vitablanca.ma\/produit\/eucerin-hyaluron-filler-effect-serum-vitamine-c-booster\/","url":"https:\/\/vitablanca.ma\/produit\/eucerin-hyaluron-filler-effect-serum-vitamine-c-booster\/","name":"Eucerin HYALURON-FILLER Effect Serum Vitamin C Booster - Morocco Price","isPartOf":{"@id":"https:\/\/vitablanca.ma\/#website"},"primaryImageOfPage":{"@id":"https:\/\/vitablanca.ma\/produit\/eucerin-hyaluron-filler-effect-serum-vitamine-c-booster\/#primaryimage"},"image":{"@id":"https:\/\/vitablanca.ma\/produit\/eucerin-hyaluron-filler-effect-serum-vitamine-c-booster\/#primaryimage"},"thumbnailUrl":"https:\/\/vitablanca.ma\/wp-content\/uploads\/2025\/06\/Eucerin-HYALURON-FILLER-Effect-Serum-Vitamine-C-Booster-nova-parapharmacie-casablanca.jpg","datePublished":"2025-06-10T17:08:59+00:00","dateModified":"2026-01-21T23:25:20+00:00","description":"Eucerin HYALURON-FILLER Effect Vitamin C Booster Serum","breadcrumb":{"@id":"https:\/\/vitablanca.ma\/produit\/eucerin-hyaluron-filler-effect-serum-vitamine-c-booster\/#breadcrumb"},"inLanguage":"en-US","potentialAction":[{"@type":"ReadAction","target":["https:\/\/vitablanca.ma\/produit\/eucerin-hyaluron-filler-effect-serum-vitamine-c-booster\/"]}]},{"@type":"ImageObject","inLanguage":"en-US","@id":"https:\/\/vitablanca.ma\/produit\/eucerin-hyaluron-filler-effect-serum-vitamine-c-booster\/#primaryimage","url":"https:\/\/vitablanca.ma\/wp-content\/uploads\/2025\/06\/Eucerin-HYALURON-FILLER-Effect-Serum-Vitamine-C-Booster-nova-parapharmacie-casablanca.jpg","contentUrl":"https:\/\/vitablanca.ma\/wp-content\/uploads\/2025\/06\/Eucerin-HYALURON-FILLER-Effect-Serum-Vitamine-C-Booster-nova-parapharmacie-casablanca.jpg","width":1000,"height":1000},{"@type":"BreadcrumbList","@id":"https:\/\/vitablanca.ma\/produit\/eucerin-hyaluron-filler-effect-serum-vitamine-c-booster\/#breadcrumb","itemListElement":[{"@type":"ListItem","position":1,"name":"Home","item":"https:\/\/vitablanca.ma\/"},{"@type":"ListItem","position":2,"name":"Tous Les Produits","item":"https:\/\/vitablanca.ma\/tous-les-produits\/"},{"@type":"ListItem","position":3,"name":"Eucerin HYALURON-FILLER Effect S\u00e9rum Vitamine C Booster"}]},{"@type":"WebSite","@id":"https:\/\/vitablanca.ma\/#website","url":"https:\/\/vitablanca.ma\/","name":"VitaBlanca.ma | Food supplements, health &amp; beauty in Morocco","description":"sell premium vitamins and supplements from USA &amp; Canada, New Zealand, Morocco (NOW Foods, Solgar, Manuka). Fast delivery anywhere in Morocco.","publisher":{"@id":"https:\/\/vitablanca.ma\/#organization"},"alternateName":"VitaBlanca.ma","potentialAction":[{"@type":"SearchAction","target":{"@type":"EntryPoint","urlTemplate":"https:\/\/vitablanca.ma\/?s={search_term_string}"},"query-input":{"@type":"PropertyValueSpecification","valueRequired":true,"valueName":"search_term_string"}}],"inLanguage":"en-US"},{"@type":"Organization","@id":"https:\/\/vitablanca.ma\/#organization","name":"VitaBlanca","url":"https:\/\/vitablanca.ma\/","logo":{"@type":"ImageObject","inLanguage":"en-US","@id":"https:\/\/vitablanca.ma\/#\/schema\/logo\/image\/","url":"https:\/\/vitablanca.ma\/wp-content\/uploads\/2025\/05\/cropped-vitablanca.png","contentUrl":"https:\/\/vitablanca.ma\/wp-content\/uploads\/2025\/05\/cropped-vitablanca.png","width":360,"height":67,"caption":"VitaBlanca"},"image":{"@id":"https:\/\/vitablanca.ma\/#\/schema\/logo\/image\/"},"sameAs":["https:\/\/www.facebook.com\/profile.php?id=61576678196717","https:\/\/www.tiktok.com\/@vitablanca.ma","https:\/\/www.instagram.com\/vitablanca.ma\/"]}]}},"jetpack_sharing_enabled":true,"_links":{"self":[{"href":"https:\/\/vitablanca.ma\/en\/wp-json\/wp\/v2\/product\/17816","targetHints":{"allow":["GET"]}}],"collection":[{"href":"https:\/\/vitablanca.ma\/en\/wp-json\/wp\/v2\/product"}],"about":[{"href":"https:\/\/vitablanca.ma\/en\/wp-json\/wp\/v2\/types\/product"}],"wp:featuredmedia":[{"embeddable":true,"href":"https:\/\/vitablanca.ma\/en\/wp-json\/wp\/v2\/media\/17813"}],"wp:attachment":[{"href":"https:\/\/vitablanca.ma\/en\/wp-json\/wp\/v2\/media?parent=17816"}],"wp:term":[{"taxonomy":"product_brand","embeddable":true,"href":"https:\/\/vitablanca.ma\/en\/wp-json\/wp\/v2\/product_brand?post=17816"},{"taxonomy":"product_cat","embeddable":true,"href":"https:\/\/vitablanca.ma\/en\/wp-json\/wp\/v2\/product_cat?post=17816"},{"taxonomy":"product_tag","embeddable":true,"href":"https:\/\/vitablanca.ma\/en\/wp-json\/wp\/v2\/product_tag?post=17816"}],"curies":[{"name":"wp","href":"https:\/\/api.w.org\/{rel}","templated":true}]}}